{"id":17961,"date":"2023-11-02T09:52:49","date_gmt":"2023-11-02T08:52:49","guid":{"rendered":"https:\/\/9staedte.de\/goslar-miejsce-swiatowego-dziedzictwa-w-gorach-harz\/"},"modified":"2024-05-08T11:04:07","modified_gmt":"2024-05-08T09:04:07","slug":"goslar-miejsce-swiatowego-dziedzictwa-w-gorach-harz","status":"publish","type":"page","link":"https:\/\/9staedte.de\/pl\/goslar-miejsce-swiatowego-dziedzictwa-w-gorach-harz\/","title":{"rendered":"Goslar &#8211; miejsce \u015bwiatowego dziedzictwa w g\u00f3rach Harz"},"content":{"rendered":"\n<h2 class=\"wp-block-heading\">Cesarskie miasto Goslar w g\u00f3rach Harz<\/h2>\n\n\n\n<p>Goslar mo\u017ce ju\u017c pochwali\u0107 si\u0119 1100-letni\u0105 histori\u0105 miasta i zaprasza swoich go\u015bci w podr\u00f3\u017c w czasie alejkami starego miasta, kt\u00f3re od 1992 roku wraz z kopalni\u0105 rudy Rammelsberg<br>znajduje si\u0119 na li\u015bcie \u015bwiatowego dziedzictwa UNESCO. Ponad 1500 dom\u00f3w z muru pruskiego, zabytkowy ratusz z Centrum Informacji \u015awiatowego Dziedzictwa oraz t\u0119tni\u0105ca \u017cyciem scena kawiarni i restauracji zach\u0119caj\u0105 do spacer\u00f3w i odpoczynku. Z g\u00f3rami Harz tu\u017c za progiem, mi\u0142o\u015bnicy przyrody i pieszych w\u0119dr\u00f3wek r\u00f3wnie\u017c znajd\u0105 tu co\u015b dla siebie! Zim\u0105 jarmark bo\u017conarodzeniowy i las bo\u017conarodzeniowy na historycznym tle s\u0105 absolutn\u0105 atrakcj\u0105 i co roku tworz\u0105 \u015bwi\u0105teczn\u0105 atmosfer\u0119.<\/p>\n\n\n\n<p><a href=\"https:\/\/www.meingoslar.de\/\">www.meingoslar.de<\/a><\/p>\n\n\n\n\n<div class=\"banner-wrapper\">\n  <div class=\"banner-inner \">\n      <div class=\"img-container\">\n      <div class=\"img-wrapper\">\n        <img decoding=\"async\" src=\"https:\/\/9staedte.de\/wp-content\/smush-webp\/2023\/02\/Schuhhof-Haeuserfassade_GOSLAR-marketing-gmbh_Fotograf-Stefan-Schiefer.jpg.webp\" alt=\"Na zdj\u0119ciu wida\u0107 Schuhhof w mie\u015bcie Goslar. Wiele starych dom\u00f3w szachulcowych stoi obok siebie. Domy s\u0105 kolorowe i pi\u0119knie zdobione. Przed nimi ludzie siedz\u0105 w kawiarni. Pij\u0105 co\u015b i ciesz\u0105 si\u0119 s\u0142o\u0144cem. To s\u0142oneczny dzie\u0144 i spokojna atmosfera.\" \/>\n                  <div class=\"thumbnail-label\">\n            <span>Schuhhof H\u00e4userfassade_GOSLAR marketing gmbh_Fotograf Stefan Schiefer<\/span>\n          <\/div>\n              <\/div>\n    <\/div>\n        <div class=\"text-container\">\n      <div class=\"content\">\n        <p><strong>Specjalne wskaz\u00f3wki:<\/strong><\/p>\n<ul>\n<li>Odkryj zabytkowy ratusz podczas specjalnych wycieczek z przewodnikiem<\/li>\n<li>&#8222;Na wy\u017cyny&#8221;: podziwiaj widok z wie\u017cy ko\u015bcio\u0142a Marktkirche<\/li>\n<li>Poznaj historie czarownic, str\u00f3\u017c\u00f3w nocnych, kat\u00f3w i innych podczas wycieczek kostiumowych<\/li>\n<li>Spr\u00f3bowa\u0107 specja\u0142\u00f3w w destylarni klasztornej W\u00f6ltingerode podczas &#8222;Wielkiej wycieczki po klasztorze&#8221;<\/li>\n<li>Pos\u0142uchaj Goslar: Poznaj miasto z audioprzewodnikiem<\/li>\n<li>Bezp\u0142atna interaktywna wystawa w Centrum Informacji o \u015awiatowym Dziedzictwie w zabytkowym ratuszu<\/li>\n<li>Staw Herzberg: pop\u0142ywaj i zrelaksuj si\u0119 w miejscu wpisanym na List\u0119 \u015awiatowego Dziedzictwa UNESCO<\/li>\n<\/ul>\n      <\/div>\n    <\/div>\n    <\/div>\n<\/div>\n\n\n\n\n<div style=\"height:30px\" aria-hidden=\"true\" class=\"wp-block-spacer\"><\/div>\n\n\n\n<div class=\"wp-block-columns is-layout-flex wp-container-core-columns-is-layout-9d6595d7 wp-block-columns-is-layout-flex\">\n<div class=\"wp-block-column is-layout-flow wp-block-column-is-layout-flow\" style=\"flex-basis:66.66%\">\n <div class=\"brlbs-cmpnt-container brlbs-cmpnt-content-blocker brlbs-cmpnt-with-individual-styles\" data-borlabs-cookie-content-blocker-id=\"google-maps\" data-borlabs-cookie-content=\"PGlmcmFtZSBzcmM9Imh0dHBzOi8vd3d3Lmdvb2dsZS5jb20vbWFwcy9kL2VtYmVkP21pZD0xN012TmwzeVo3Q2kya1UtSGw0MVQzRXJjQm1RVzhsVSZhbXA7ZWhiYz0yRTMxMkYiIHdpZHRoPSIxMDAlIiBoZWlnaHQ9IjQ1MCI+PC9pZnJhbWU+\"><div class=\"brlbs-cmpnt-cb-preset-b brlbs-cmpnt-cb-google-maps\"> <div class=\"brlbs-cmpnt-cb-thumbnail\" style=\"background-image: url('https:\/\/9staedte.de\/wp-content\/uploads\/borlabs-cookie\/1\/brlbs-cb-google-maps-main.png')\"><\/div> <div class=\"brlbs-cmpnt-cb-main\"> <div class=\"brlbs-cmpnt-cb-content\"> <p class=\"brlbs-cmpnt-cb-description\">Aktualnie wy\u015bwietlana jest tre\u015b\u0107 zast\u0119pcza z <strong>Google Maps<\/strong>. Aby uzyska\u0107 dost\u0119p do rzeczywistej tre\u015bci, kliknij poni\u017cszy przycisk. Pami\u0119taj, \u017ce spowoduje to udost\u0119pnienie danych zewn\u0119trznym operatorom.<\/p> <a class=\"brlbs-cmpnt-cb-provider-toggle\" href=\"#\" data-borlabs-cookie-show-provider-information role=\"button\">Wi\u0119cej informacji<\/a> <\/div> <div class=\"brlbs-cmpnt-cb-buttons\"> <a class=\"brlbs-cmpnt-cb-btn\" href=\"#\" data-borlabs-cookie-unblock role=\"button\">Odblokuj tre\u015b\u0107<\/a> <a class=\"brlbs-cmpnt-cb-btn\" href=\"#\" data-borlabs-cookie-accept-service role=\"button\" style=\"display: inherit\">Zaakceptuj wymagan\u0105 us\u0142ug\u0119 i odblokuj tre\u015b\u0107<\/a> <\/div> <\/div> <\/div><\/div>\n<\/div>\n\n\n\n<div class=\"wp-block-column is-layout-flow wp-block-column-is-layout-flow\" style=\"flex-basis:33.33%\">\n<p><strong>Interesuj\u0105ce miejsca:<\/strong><\/p>\n\n\n\n<ul class=\"map-legend main-legend wp-block-list\">\n<li>Muzeum Sztuki Nowoczesnej M\u00f6nchehaus  <\/li>\n\n\n\n<li>Rynek (z ko\u015bcio\u0142em rynkowym, ratuszem i dzwonkami)  <\/li>\n\n\n\n<li>Dom \u015bw.  <\/li>\n\n\n\n<li>Muzeum \u015bredniowieczne w Zwingerze  <\/li>\n\n\n\n<li>Wa\u0142 Muzealny z Muzeum Goslar i Muzeum Figurek Pewter<\/li>\n\n\n\n<li>Rzemie\u015blnicy w Wielkim \u015awi\u0119tym Krzy\u017cu  <\/li>\n\n\n\n<li>Pa\u0142ac Cesarski z kaplic\u0105 \u015bw. Ulryka  <\/li>\n\n\n\n<li>Wpisany na List\u0119 \u015bwiatowego dziedzictwa UNESCO Rammelsberg (muzeum i kopalnia dla zwiedzaj\u0105cych)<\/li>\n\n\n\n<li>Ko\u015bci\u00f3\u0142 klepkowy w dzielnicy Hahnenklee<\/li>\n<\/ul>\n<\/div>\n<\/div>\n\n\n\n<div style=\"height:60px\" aria-hidden=\"true\" class=\"wp-block-spacer\"><\/div>\n\n\n\n<div class=\"content-grid\">\n\n\n  \n  <div class=\"grid\">\n                        \n                    \n          <div class=\"featured-themen-single\">\n            <div class=\"featured-themen-single-inner\" style=\"background-image: url('https:\/\/9staedte.de\/wp-content\/smush-webp\/2023\/02\/04-Stadtfuehrung-Altstadt-Fotograf-Stefan-Schiefer-Quelle-GOSLAR-marketing-gmbh.jpg.webp')\">\n              \n              <a href=\"https:\/\/9staedte.de\/pl\/goslar-miejsce-swiatowego-dziedzictwa-w-gorach-harz\/wycieczki-z-przewodnikiem-po-goslar\/\">\n                <span>Wycieczki z przewodnikiem po Goslar<\/span>\n              <\/a>\n            <\/div>\n          <\/div>\n    \n          \n                  \n                    \n          <div class=\"featured-themen-single\">\n            <div class=\"featured-themen-single-inner\" style=\"background-image: url('https:\/\/9staedte.de\/wp-content\/smush-webp\/2023\/02\/Goslar-Abendstimmung_GOSLAR-marketing-gmbh_MichaelAbid-1.jpg.webp')\">\n              \n              <a href=\"https:\/\/9staedte.de\/pl\/goslar-miejsce-swiatowego-dziedzictwa-w-gorach-harz\/zakwaterowanie-w-goslar\/\">\n                <span>Zakwaterowanie w Goslar<\/span>\n              <\/a>\n            <\/div>\n          <\/div>\n    \n          \n                  \n                    \n          <div class=\"featured-themen-single\">\n            <div class=\"featured-themen-single-inner\" style=\"background-image: url('https:\/\/9staedte.de\/wp-content\/smush-webp\/2023\/02\/Konzert-Neuwerksgarten_GOSLAR-marketing-gmbh_Fotograf-Stefan-Schiefer-1.jpg.webp')\">\n              \n              <a href=\"https:\/\/9staedte.de\/pl\/goslar-miejsce-swiatowego-dziedzictwa-w-gorach-harz\/wydarzenia-w-goslar\/\">\n                <span>Wydarzenia w Goslar<\/span>\n              <\/a>\n            <\/div>\n          <\/div>\n    \n          \n                  \n                    \n          <div class=\"featured-themen-single\">\n            <div class=\"featured-themen-single-inner\" style=\"background-image: url('https:\/\/9staedte.de\/wp-content\/smush-webp\/2025\/02\/Goslar-Christmas-Market-Blue-hour-c-GOSLAR-marketing-Michael-Abid.jpg.webp')\">\n              \n              <a href=\"https:\/\/9staedte.de\/pl\/goslar-miejsce-swiatowego-dziedzictwa-w-gorach-harz\/jarmark-bozonarodzeniowy-w-goslar\/\">\n                <span>Jarmark bo\u017conarodzeniowy w Goslar<\/span>\n              <\/a>\n            <\/div>\n          <\/div>\n    \n          \n                  \n                    \n          <div class=\"featured-themen-single\">\n            <div class=\"featured-themen-single-inner\" style=\"background-image: url('https:\/\/9staedte.de\/wp-content\/smush-webp\/2022\/03\/Museum-Goslar-c-GOSLAR-marketing-gmbh-Stefan-Schiefer-1.jpg.webp')\">\n              \n              <a href=\"https:\/\/9staedte.de\/pl\/goslar-miejsce-swiatowego-dziedzictwa-w-gorach-harz\/muzea-i-wystawy-w-goslar\/\">\n                <span>Muzea i wystawy w Goslar<\/span>\n              <\/a>\n            <\/div>\n          <\/div>\n    \n          \n                          \n        <\/div>\n<\/div>","protected":false},"excerpt":{"rendered":"<p>Cesarskie miasto Goslar w g\u00f3rach Harz Goslar mo\u017ce ju\u017c pochwali\u0107 si\u0119 1100-letni\u0105 histori\u0105 miasta i zaprasza swoich go\u015bci w podr\u00f3\u017c w czasie alejkami starego miasta, kt\u00f3re od 1992 roku wraz z kopalni\u0105 rudy Rammelsbergznajduje si\u0119 na li\u015bcie \u015bwiatowego dziedzictwa UNESCO. Ponad 1500 dom\u00f3w z muru pruskiego, zabytkowy ratusz z Centrum Informacji \u015awiatowego Dziedzictwa oraz t\u0119tni\u0105ca [&hellip;]<\/p>\n","protected":false},"author":1,"featured_media":19431,"parent":0,"menu_order":0,"comment_status":"closed","ping_status":"closed","template":"pagetemplates\/template-stadtseite.php","meta":{"_acf_changed":false,"footnotes":""},"categories":[],"tags":[],"ncap_cities_tax":[445],"class_list":["post-17961","page","type-page","status-publish","has-post-thumbnail","hentry","ncap_cities_tax-goslar-pl"],"acf":[],"yoast_head":"<!-- This site is optimized with the Yoast SEO plugin v26.8 - https:\/\/yoast.com\/product\/yoast-seo-wordpress\/ -->\n<title>Goslar - miejsce \u015bwiatowego dziedzictwa w g\u00f3rach Harz - 9 St\u00e4dte in Niedersachsen<\/title>\n<meta name=\"description\" content=\"Goslar mo\u017ce pochwali\u0107 si\u0119 ponad 1100-letni\u0105 histori\u0105 miasta i zaprasza odwiedzaj\u0105cych w podr\u00f3\u017c w czasie po zau\u0142kach starego miasta.\" \/>\n<meta name=\"robots\" content=\"index, follow, max-snippet:-1, max-image-preview:large, max-video-preview:-1\" \/>\n<link rel=\"canonical\" href=\"https:\/\/9staedte.de\/pl\/goslar-miejsce-swiatowego-dziedzictwa-w-gorach-harz\/\" \/>\n<meta property=\"og:locale\" content=\"pl_PL\" \/>\n<meta property=\"og:type\" content=\"article\" \/>\n<meta property=\"og:title\" content=\"Goslar - miejsce \u015bwiatowego dziedzictwa w g\u00f3rach Harz - 9 St\u00e4dte in Niedersachsen\" \/>\n<meta property=\"og:description\" content=\"Goslar mo\u017ce pochwali\u0107 si\u0119 ponad 1100-letni\u0105 histori\u0105 miasta i zaprasza odwiedzaj\u0105cych w podr\u00f3\u017c w czasie po zau\u0142kach starego miasta.\" \/>\n<meta property=\"og:url\" content=\"https:\/\/9staedte.de\/pl\/goslar-miejsce-swiatowego-dziedzictwa-w-gorach-harz\/\" \/>\n<meta property=\"og:site_name\" content=\"9 St\u00e4dte in Niedersachsen\" \/>\n<meta property=\"article:modified_time\" content=\"2024-05-08T09:04:07+00:00\" \/>\n<meta property=\"og:image\" content=\"https:\/\/9staedte.de\/wp-content\/uploads\/2023\/02\/Blick-ueber-Goslar_GOSLAR-marketing-gmbh_filmpunktton.jpg\" \/>\n\t<meta property=\"og:image:width\" content=\"1020\" \/>\n\t<meta property=\"og:image:height\" content=\"560\" \/>\n\t<meta property=\"og:image:type\" content=\"image\/jpeg\" \/>\n<meta name=\"twitter:card\" content=\"summary_large_image\" \/>\n<meta name=\"twitter:label1\" content=\"Szacowany czas czytania\" \/>\n\t<meta name=\"twitter:data1\" content=\"2 minuty\" \/>\n<script type=\"application\/ld+json\" class=\"yoast-schema-graph\">{\"@context\":\"https:\/\/schema.org\",\"@graph\":[{\"@type\":\"WebPage\",\"@id\":\"https:\/\/9staedte.de\/pl\/goslar-miejsce-swiatowego-dziedzictwa-w-gorach-harz\/\",\"url\":\"https:\/\/9staedte.de\/pl\/goslar-miejsce-swiatowego-dziedzictwa-w-gorach-harz\/\",\"name\":\"Goslar - miejsce \u015bwiatowego dziedzictwa w g\u00f3rach Harz - 9 St\u00e4dte in Niedersachsen\",\"isPartOf\":{\"@id\":\"https:\/\/9staedte.de\/pl\/#website\"},\"primaryImageOfPage\":{\"@id\":\"https:\/\/9staedte.de\/pl\/goslar-miejsce-swiatowego-dziedzictwa-w-gorach-harz\/#primaryimage\"},\"image\":{\"@id\":\"https:\/\/9staedte.de\/pl\/goslar-miejsce-swiatowego-dziedzictwa-w-gorach-harz\/#primaryimage\"},\"thumbnailUrl\":\"https:\/\/9staedte.de\/wp-content\/uploads\/2023\/07\/Blick-ueber-Goslar_GOSLAR-marketing-gmbh_filmpunktton.jpg\",\"datePublished\":\"2023-11-02T08:52:49+00:00\",\"dateModified\":\"2024-05-08T09:04:07+00:00\",\"description\":\"Goslar mo\u017ce pochwali\u0107 si\u0119 ponad 1100-letni\u0105 histori\u0105 miasta i zaprasza odwiedzaj\u0105cych w podr\u00f3\u017c w czasie po zau\u0142kach starego miasta.\",\"breadcrumb\":{\"@id\":\"https:\/\/9staedte.de\/pl\/goslar-miejsce-swiatowego-dziedzictwa-w-gorach-harz\/#breadcrumb\"},\"inLanguage\":\"pl-PL\",\"potentialAction\":[{\"@type\":\"ReadAction\",\"target\":[\"https:\/\/9staedte.de\/pl\/goslar-miejsce-swiatowego-dziedzictwa-w-gorach-harz\/\"]}]},{\"@type\":\"ImageObject\",\"inLanguage\":\"pl-PL\",\"@id\":\"https:\/\/9staedte.de\/pl\/goslar-miejsce-swiatowego-dziedzictwa-w-gorach-harz\/#primaryimage\",\"url\":\"https:\/\/9staedte.de\/wp-content\/uploads\/2023\/07\/Blick-ueber-Goslar_GOSLAR-marketing-gmbh_filmpunktton.jpg\",\"contentUrl\":\"https:\/\/9staedte.de\/wp-content\/uploads\/2023\/07\/Blick-ueber-Goslar_GOSLAR-marketing-gmbh_filmpunktton.jpg\",\"width\":2500,\"height\":1662,\"caption\":\"Blick \u00fcber Goslar c)GOSLAR marketing gmbh filmpunktton\"},{\"@type\":\"BreadcrumbList\",\"@id\":\"https:\/\/9staedte.de\/pl\/goslar-miejsce-swiatowego-dziedzictwa-w-gorach-harz\/#breadcrumb\",\"itemListElement\":[{\"@type\":\"ListItem\",\"position\":1,\"name\":\"Startseite\",\"item\":\"https:\/\/9staedte.de\/pl\/\"},{\"@type\":\"ListItem\",\"position\":2,\"name\":\"Goslar &#8211; miejsce \u015bwiatowego dziedzictwa w g\u00f3rach Harz\"}]},{\"@type\":\"WebSite\",\"@id\":\"https:\/\/9staedte.de\/pl\/#website\",\"url\":\"https:\/\/9staedte.de\/pl\/\",\"name\":\"9 St\u00e4dte in Niedersachsen\",\"description\":\"\",\"publisher\":{\"@id\":\"https:\/\/9staedte.de\/pl\/#organization\"},\"potentialAction\":[{\"@type\":\"SearchAction\",\"target\":{\"@type\":\"EntryPoint\",\"urlTemplate\":\"https:\/\/9staedte.de\/pl\/?s={search_term_string}\"},\"query-input\":{\"@type\":\"PropertyValueSpecification\",\"valueRequired\":true,\"valueName\":\"search_term_string\"}}],\"inLanguage\":\"pl-PL\"},{\"@type\":\"Organization\",\"@id\":\"https:\/\/9staedte.de\/pl\/#organization\",\"name\":\"9 St\u00e4dte in Niedersachsen\",\"url\":\"https:\/\/9staedte.de\/pl\/\",\"logo\":{\"@type\":\"ImageObject\",\"inLanguage\":\"pl-PL\",\"@id\":\"https:\/\/9staedte.de\/pl\/#\/schema\/logo\/image\/\",\"url\":\"https:\/\/9staedte.de\/wp-content\/uploads\/2025\/01\/9-neg-deutsch-2-1.png\",\"contentUrl\":\"https:\/\/9staedte.de\/wp-content\/uploads\/2025\/01\/9-neg-deutsch-2-1.png\",\"width\":190,\"height\":114,\"caption\":\"9 St\u00e4dte in Niedersachsen\"},\"image\":{\"@id\":\"https:\/\/9staedte.de\/pl\/#\/schema\/logo\/image\/\"}}]}<\/script>\n<!-- \/ Yoast SEO plugin. -->","yoast_head_json":{"title":"Goslar - miejsce \u015bwiatowego dziedzictwa w g\u00f3rach Harz - 9 St\u00e4dte in Niedersachsen","description":"Goslar mo\u017ce pochwali\u0107 si\u0119 ponad 1100-letni\u0105 histori\u0105 miasta i zaprasza odwiedzaj\u0105cych w podr\u00f3\u017c w czasie po zau\u0142kach starego miasta.","robots":{"index":"index","follow":"follow","max-snippet":"max-snippet:-1","max-image-preview":"max-image-preview:large","max-video-preview":"max-video-preview:-1"},"canonical":"https:\/\/9staedte.de\/pl\/goslar-miejsce-swiatowego-dziedzictwa-w-gorach-harz\/","og_locale":"pl_PL","og_type":"article","og_title":"Goslar - miejsce \u015bwiatowego dziedzictwa w g\u00f3rach Harz - 9 St\u00e4dte in Niedersachsen","og_description":"Goslar mo\u017ce pochwali\u0107 si\u0119 ponad 1100-letni\u0105 histori\u0105 miasta i zaprasza odwiedzaj\u0105cych w podr\u00f3\u017c w czasie po zau\u0142kach starego miasta.","og_url":"https:\/\/9staedte.de\/pl\/goslar-miejsce-swiatowego-dziedzictwa-w-gorach-harz\/","og_site_name":"9 St\u00e4dte in Niedersachsen","article_modified_time":"2024-05-08T09:04:07+00:00","og_image":[{"width":1020,"height":560,"url":"https:\/\/9staedte.de\/wp-content\/uploads\/2023\/02\/Blick-ueber-Goslar_GOSLAR-marketing-gmbh_filmpunktton.jpg","type":"image\/jpeg"}],"twitter_card":"summary_large_image","twitter_misc":{"Szacowany czas czytania":"2 minuty"},"schema":{"@context":"https:\/\/schema.org","@graph":[{"@type":"WebPage","@id":"https:\/\/9staedte.de\/pl\/goslar-miejsce-swiatowego-dziedzictwa-w-gorach-harz\/","url":"https:\/\/9staedte.de\/pl\/goslar-miejsce-swiatowego-dziedzictwa-w-gorach-harz\/","name":"Goslar - miejsce \u015bwiatowego dziedzictwa w g\u00f3rach Harz - 9 St\u00e4dte in Niedersachsen","isPartOf":{"@id":"https:\/\/9staedte.de\/pl\/#website"},"primaryImageOfPage":{"@id":"https:\/\/9staedte.de\/pl\/goslar-miejsce-swiatowego-dziedzictwa-w-gorach-harz\/#primaryimage"},"image":{"@id":"https:\/\/9staedte.de\/pl\/goslar-miejsce-swiatowego-dziedzictwa-w-gorach-harz\/#primaryimage"},"thumbnailUrl":"https:\/\/9staedte.de\/wp-content\/uploads\/2023\/07\/Blick-ueber-Goslar_GOSLAR-marketing-gmbh_filmpunktton.jpg","datePublished":"2023-11-02T08:52:49+00:00","dateModified":"2024-05-08T09:04:07+00:00","description":"Goslar mo\u017ce pochwali\u0107 si\u0119 ponad 1100-letni\u0105 histori\u0105 miasta i zaprasza odwiedzaj\u0105cych w podr\u00f3\u017c w czasie po zau\u0142kach starego miasta.","breadcrumb":{"@id":"https:\/\/9staedte.de\/pl\/goslar-miejsce-swiatowego-dziedzictwa-w-gorach-harz\/#breadcrumb"},"inLanguage":"pl-PL","potentialAction":[{"@type":"ReadAction","target":["https:\/\/9staedte.de\/pl\/goslar-miejsce-swiatowego-dziedzictwa-w-gorach-harz\/"]}]},{"@type":"ImageObject","inLanguage":"pl-PL","@id":"https:\/\/9staedte.de\/pl\/goslar-miejsce-swiatowego-dziedzictwa-w-gorach-harz\/#primaryimage","url":"https:\/\/9staedte.de\/wp-content\/uploads\/2023\/07\/Blick-ueber-Goslar_GOSLAR-marketing-gmbh_filmpunktton.jpg","contentUrl":"https:\/\/9staedte.de\/wp-content\/uploads\/2023\/07\/Blick-ueber-Goslar_GOSLAR-marketing-gmbh_filmpunktton.jpg","width":2500,"height":1662,"caption":"Blick \u00fcber Goslar c)GOSLAR marketing gmbh filmpunktton"},{"@type":"BreadcrumbList","@id":"https:\/\/9staedte.de\/pl\/goslar-miejsce-swiatowego-dziedzictwa-w-gorach-harz\/#breadcrumb","itemListElement":[{"@type":"ListItem","position":1,"name":"Startseite","item":"https:\/\/9staedte.de\/pl\/"},{"@type":"ListItem","position":2,"name":"Goslar &#8211; miejsce \u015bwiatowego dziedzictwa w g\u00f3rach Harz"}]},{"@type":"WebSite","@id":"https:\/\/9staedte.de\/pl\/#website","url":"https:\/\/9staedte.de\/pl\/","name":"9 St\u00e4dte in Niedersachsen","description":"","publisher":{"@id":"https:\/\/9staedte.de\/pl\/#organization"},"potentialAction":[{"@type":"SearchAction","target":{"@type":"EntryPoint","urlTemplate":"https:\/\/9staedte.de\/pl\/?s={search_term_string}"},"query-input":{"@type":"PropertyValueSpecification","valueRequired":true,"valueName":"search_term_string"}}],"inLanguage":"pl-PL"},{"@type":"Organization","@id":"https:\/\/9staedte.de\/pl\/#organization","name":"9 St\u00e4dte in Niedersachsen","url":"https:\/\/9staedte.de\/pl\/","logo":{"@type":"ImageObject","inLanguage":"pl-PL","@id":"https:\/\/9staedte.de\/pl\/#\/schema\/logo\/image\/","url":"https:\/\/9staedte.de\/wp-content\/uploads\/2025\/01\/9-neg-deutsch-2-1.png","contentUrl":"https:\/\/9staedte.de\/wp-content\/uploads\/2025\/01\/9-neg-deutsch-2-1.png","width":190,"height":114,"caption":"9 St\u00e4dte in Niedersachsen"},"image":{"@id":"https:\/\/9staedte.de\/pl\/#\/schema\/logo\/image\/"}}]}},"_links":{"self":[{"href":"https:\/\/9staedte.de\/pl\/wp-json\/wp\/v2\/pages\/17961","targetHints":{"allow":["GET"]}}],"collection":[{"href":"https:\/\/9staedte.de\/pl\/wp-json\/wp\/v2\/pages"}],"about":[{"href":"https:\/\/9staedte.de\/pl\/wp-json\/wp\/v2\/types\/page"}],"author":[{"embeddable":true,"href":"https:\/\/9staedte.de\/pl\/wp-json\/wp\/v2\/users\/1"}],"replies":[{"embeddable":true,"href":"https:\/\/9staedte.de\/pl\/wp-json\/wp\/v2\/comments?post=17961"}],"version-history":[{"count":4,"href":"https:\/\/9staedte.de\/pl\/wp-json\/wp\/v2\/pages\/17961\/revisions"}],"predecessor-version":[{"id":22225,"href":"https:\/\/9staedte.de\/pl\/wp-json\/wp\/v2\/pages\/17961\/revisions\/22225"}],"wp:featuredmedia":[{"embeddable":true,"href":"https:\/\/9staedte.de\/pl\/wp-json\/wp\/v2\/media\/19431"}],"wp:attachment":[{"href":"https:\/\/9staedte.de\/pl\/wp-json\/wp\/v2\/media?parent=17961"}],"wp:term":[{"taxonomy":"category","embeddable":true,"href":"https:\/\/9staedte.de\/pl\/wp-json\/wp\/v2\/categories?post=17961"},{"taxonomy":"post_tag","embeddable":true,"href":"https:\/\/9staedte.de\/pl\/wp-json\/wp\/v2\/tags?post=17961"},{"taxonomy":"ncap_cities_tax","embeddable":true,"href":"https:\/\/9staedte.de\/pl\/wp-json\/wp\/v2\/ncap_cities_tax?post=17961"}],"curies":[{"name":"wp","href":"https:\/\/api.w.org\/{rel}","templated":true}]}}