{"id":17931,"date":"2023-11-02T09:52:47","date_gmt":"2023-11-02T08:52:47","guid":{"rendered":"https:\/\/9staedte.de\/autostadt-w-wolfsburgu\/"},"modified":"2023-11-02T09:52:47","modified_gmt":"2023-11-02T08:52:47","slug":"autostadt-w-wolfsburgu","status":"publish","type":"page","link":"https:\/\/9staedte.de\/pl\/autostadt-w-wolfsburgu\/","title":{"rendered":"Autostadt w Wolfsburgu"},"content":{"rendered":"\n<h2 class=\"wp-block-heading\">Podr\u00f3\u017c do \u015bwiata mobilno\u015bci<\/h2>\n\n\n\n<p>Podr\u00f3\u017c w czasie od historii do przysz\u0142o\u015bci mobilno\u015bci, du\u017cy rodzinny \u015bwiat i niezwyk\u0142e wystawy: W Autostadt w Wolfsburgu jedno do\u015bwiadczenie nast\u0119puje po drugim. Opr\u00f3cz muzeum motoryzacji ZeitHaus, motoryzacyjny park tematyczny oferuje interaktywne wystawy, mo\u017cliwo\u015bci edukacyjne dla wszystkich grup wiekowych, zr\u00f3\u017cnicowany program wydarze\u0144 i kultury, a tak\u017ce zr\u00f3\u017cnicowan\u0105 koncepcj\u0119 kulinarn\u0105 na ponad 28 hektarach parku i laguny. W centrum parku marki Grupy Volkswagen prezentuj\u0105 si\u0119 we w\u0142asnych pawilonach.<\/p>\n\n\n\n<p><a href=\"http:\/\/www.autostadt.de\">www.autostadt.de<\/a><\/p>\n\n\n\n\n<div class=\"banner-wrapper\">\n  <div class=\"banner-inner \">\n      <div class=\"img-container\">\n      <div class=\"img-wrapper\">\n        <img decoding=\"async\" src=\"https:\/\/9staedte.de\/wp-content\/smush-webp\/2023\/07\/Autostadt-Uebersicht-c-Autostadt-GmbH-Klaus-Bossemeyer-1-scaled.jpg.webp\" alt=\"Na zdj\u0119ciu wida\u0107 Autostadt w Wolfsburgu wieczorem. Z przodu znajduje si\u0119 du\u017ce jezioro. Nowoczesne budynki stoj\u0105 przy wodzie. Wszystko jest jasno o\u015bwietlone. Wida\u0107 \u015bcie\u017cki, drzewa i \u015bwiat\u0142a. Na niebie \u015bwieci ksi\u0119\u017cyc. Panuje spokojna i pi\u0119kna atmosfera.\" \/>\n                  <div class=\"thumbnail-label\">\n            <span>Autostadt \u00dcbersicht c) Autostadt GmbH Klaus Bossemeyer<\/span>\n          <\/div>\n              <\/div>\n    <\/div>\n        <div class=\"text-container\">\n      <div class=\"content\">\n        <p><strong>9 besondere Tipps<\/strong><\/p>\n<ul>\n<li>Automobilmuseum ZeitHaus mit historischen Meilensteinen von mehr als 60 Herstellern<\/li>\n<li>Wahrzeichen der Autostadt und schnellstes automatisches Parksystem der Welt: die gl\u00e4sernen Autot\u00fcrme<\/li>\n<li>F\u00fchrungen in 13 verschiedenen Sprachen (nach Verf\u00fcgbarkeit)<\/li>\n<li>kostenlose Probefahrten mit Elektrofahrzeugen des Volkswagen Konzerns<\/li>\n<li>Fahrspa\u00df pur auf dem Gel\u00e4ndeParcours, bei Fahrtrainings oder am professionellen Renn-Simulator<\/li>\n<li>Familienangebote zum Staunen, Spielen, Entspannen und Entdecken<\/li>\n<li>Bildungsprogramm rund um die Themen Digitalisierung, Mobilit\u00e4t und Nachhaltigkeit<\/li>\n<li>kulinarische Vielfalt mit Leckereien aus hauseigenen Manufakturen in verschiedenen Restaurants und Caf\u00e9s<\/li>\n<li>einzigartige saisonale Inszenierungen<\/li>\n<\/ul>\n      <\/div>\n    <\/div>\n    <\/div>\n<\/div>\n\n\n\n\n<h3 class=\"wp-block-heading\">Lato w Autostadt<\/h3>\n\n\n\n<p>Tego lata liczne oferty Autostadt w Wolfsburgu po raz kolejny zapewni\u0105 wakacyjny nastr\u00f3j nad kana\u0142em Mittelland. Opr\u00f3cz ch\u0142odnych napoj\u00f3w w klubie pla\u017cowym Cool Summer Island i r\u00f3\u017cnorodnych letnich przysmak\u00f3w w restauracjach i kawiarniach, mo\u017cna spodziewa\u0107 si\u0119 wielu atrakcji dla ca\u0142ej rodziny, na przyk\u0142ad na niezwyk\u0142ych instalacjach wspinaczkowych lub gigantycznej zje\u017cd\u017calni. Oczywi\u015bcie mobilno\u015b\u0107 r\u00f3wnie\u017c nie jest zaniedbywana: wyp\u0142y\u0144 w rejs \u0142odzi\u0105 elektryczn\u0105, podr\u00f3\u017cuj w przysz\u0142o\u015b\u0107 mobilno\u015bci na interaktywnych wystawach lub do\u015bwiadcz wra\u017ce\u0144 z jazdy mobilno\u015bci\u0105 elektryczn\u0105 podczas jazdy pr\u00f3bnej.  <\/p>\n\n\n\n<h3 class=\"wp-block-heading\">Zima w Autostadt<\/h3>\n\n\n\n<p>Kiedy dni staj\u0105 si\u0119 kr\u00f3tsze, dla wielu zaczyna si\u0119 najlepszy okres w roku &#8211; a w zimowym \u015bwiecie Autostadt mo\u017cna naprawd\u0119 cieszy\u0107 si\u0119 tym czasem: z \u015bwi\u0105tecznie udekorowanym parkiem, ogromnym lodowiskiem, obfitym zimowym jarmarkiem i wieloma innymi atrakcjami. Do\u015bwiadcz akcji na \u015bniegu i lodzie lub sp\u0119d\u017a kontemplacyjne chwile z przyjaci\u00f3\u0142mi lub rodzin\u0105 przy delikatnym blasku \u015bwiate\u0142 i zapachu cynamonu, go\u017adzik\u00f3w i pomara\u0144czy.<\/p>\n\n\n\n<div style=\"height:30px\" aria-hidden=\"true\" class=\"wp-block-spacer\"><\/div>\n\n\n\n<div class=\"content-grid\">\n\n\n  \n  <div class=\"grid\">\n                        \n                    \n          <div class=\"featured-themen-single\">\n            <div class=\"featured-themen-single-inner\" style=\"background-image: url('https:\/\/9staedte.de\/wp-content\/smush-webp\/2022\/03\/Autostadt-Uebersicht-c-Autostadt-GmbH-Klaus-Bosselmann-scaled.jpg.webp')\">\n              \n              <a href=\"https:\/\/9staedte.de\/pl\/zarezerwuj-wydarzenie-w-autostadt\/\">\n                <span>Zarezerwuj wydarzenie w Autostadt<\/span>\n              <\/a>\n            <\/div>\n          <\/div>\n    \n          \n                  \n                    \n          <div class=\"featured-themen-single\">\n            <div class=\"featured-themen-single-inner\" style=\"background-image: url('https:\/\/9staedte.de\/wp-content\/smush-webp\/2023\/01\/Zeit-Haus-c-Autostadt-GmbH-Nele-Martensen.jpg.webp')\">\n              \n              <a href=\"https:\/\/9staedte.de\/pl\/autostadt-w-wolfsburgu\/muzea-i-wystawy-w-autostadt\/\">\n                <span>Muzea i wystawy w Autostadt<\/span>\n              <\/a>\n            <\/div>\n          <\/div>\n    \n          \n                  \n                    \n          <div class=\"featured-themen-single\">\n            <div class=\"featured-themen-single-inner\" style=\"background-image: url('https:\/\/9staedte.de\/wp-content\/smush-webp\/2023\/01\/Autostadt-Uebersicht-c-Autostadt-GmbH-Nils-Hendrick-Mueller.jpg.webp')\">\n              \n              <a href=\"https:\/\/9staedte.de\/pl\/autostadt-w-wolfsburgu\/wrazenia-z-autostadt\/\">\n                <span>Wra\u017cenia z Autostadt<\/span>\n              <\/a>\n            <\/div>\n          <\/div>\n    \n          \n                          \n        <\/div>\n<\/div>\n\n\n<div class=\"wp-block-group\"><div class=\"wp-block-group__inner-container is-layout-constrained wp-block-group-is-layout-constrained\">\n<div style=\"height:32px\" aria-hidden=\"true\" class=\"wp-block-spacer\"><\/div>\n\n\n\n<h2 class=\"wp-block-heading\"><strong>Autostadt w Wolfsburgu<\/strong><\/h2>\n\n\n\n <div class=\"brlbs-cmpnt-container brlbs-cmpnt-content-blocker brlbs-cmpnt-with-individual-styles\" data-borlabs-cookie-content-blocker-id=\"google-maps\" data-borlabs-cookie-content=\"PGlmcmFtZSBzcmM9Imh0dHBzOi8vd3d3Lmdvb2dsZS5jb20vbWFwcy9lbWJlZD9wYj0hMW0xOCExbTEyITFtMyExZDI0MzIuNTY1NjUwODU2MTM4NyEyZDEwLjc5MTYzMDM3NzMyNTQ1NCEzZDUyLjQzMjY2NzM3MjAzODUzITJtMyExZjAhMmYwITNmMCEzbTIhMWkxMDI0ITJpNzY4ITRmMTMuMSEzbTMhMW0yITFzMHg0N2FmOTNiN2I4OWJmYWNmJTNBMHg0ZGNkZjA3ZjRkMjM3ZmY4ITJzQXV0b3N0YWR0ITVlMCEzbTIhMXNkZSEyc2RlITR2MTY5MjE3NTAyMDMwNCE1bTIhMXNkZSEyc2RlIiB3aWR0aD0iNjAwIiBoZWlnaHQ9IjQ1MCIgc3R5bGU9ImJvcmRlcjowOyIgYWxsb3dmdWxsc2NyZWVuPSIiIGxvYWRpbmc9ImxhenkiIHJlZmVycmVycG9saWN5PSJuby1yZWZlcnJlci13aGVuLWRvd25ncmFkZSI+PC9pZnJhbWU+\"><div class=\"brlbs-cmpnt-cb-preset-b brlbs-cmpnt-cb-google-maps\"> <div class=\"brlbs-cmpnt-cb-thumbnail\" style=\"background-image: url('https:\/\/9staedte.de\/wp-content\/uploads\/borlabs-cookie\/1\/brlbs-cb-google-maps-main.png')\"><\/div> <div class=\"brlbs-cmpnt-cb-main\"> <div class=\"brlbs-cmpnt-cb-content\"> <p class=\"brlbs-cmpnt-cb-description\">Aktualnie wy\u015bwietlana jest tre\u015b\u0107 zast\u0119pcza z <strong>Google Maps<\/strong>. Aby uzyska\u0107 dost\u0119p do rzeczywistej tre\u015bci, kliknij poni\u017cszy przycisk. Pami\u0119taj, \u017ce spowoduje to udost\u0119pnienie danych zewn\u0119trznym operatorom.<\/p> <a class=\"brlbs-cmpnt-cb-provider-toggle\" href=\"#\" data-borlabs-cookie-show-provider-information role=\"button\">Wi\u0119cej informacji<\/a> <\/div> <div class=\"brlbs-cmpnt-cb-buttons\"> <a class=\"brlbs-cmpnt-cb-btn\" href=\"#\" data-borlabs-cookie-unblock role=\"button\">Odblokuj tre\u015b\u0107<\/a> <a class=\"brlbs-cmpnt-cb-btn\" href=\"#\" data-borlabs-cookie-accept-service role=\"button\" style=\"display: inherit\">Zaakceptuj wymagan\u0105 us\u0142ug\u0119 i odblokuj tre\u015b\u0107<\/a> <\/div> <\/div> <\/div><\/div>\n\n\n\n<div style=\"height:34px\" aria-hidden=\"true\" class=\"wp-block-spacer\"><\/div>\n<\/div><\/div>\n","protected":false},"excerpt":{"rendered":"<p>Podr\u00f3\u017c do \u015bwiata mobilno\u015bci Podr\u00f3\u017c w czasie od historii do przysz\u0142o\u015bci mobilno\u015bci, du\u017cy rodzinny \u015bwiat i niezwyk\u0142e wystawy: W Autostadt w Wolfsburgu jedno do\u015bwiadczenie nast\u0119puje po drugim. Opr\u00f3cz muzeum motoryzacji ZeitHaus, motoryzacyjny park tematyczny oferuje interaktywne wystawy, mo\u017cliwo\u015bci edukacyjne dla wszystkich grup wiekowych, zr\u00f3\u017cnicowany program wydarze\u0144 i kultury, a tak\u017ce zr\u00f3\u017cnicowan\u0105 koncepcj\u0119 kulinarn\u0105 na ponad [&hellip;]<\/p>\n","protected":false},"author":1,"featured_media":16680,"parent":0,"menu_order":0,"comment_status":"closed","ping_status":"closed","template":"pagetemplates\/template-stadtseite.php","meta":{"_acf_changed":false,"footnotes":""},"categories":[],"tags":[],"ncap_cities_tax":[486],"class_list":["post-17931","page","type-page","status-publish","has-post-thumbnail","hentry","ncap_cities_tax-autostadt-pl"],"acf":[],"yoast_head":"<!-- This site is optimized with the Yoast SEO plugin v26.8 - https:\/\/yoast.com\/product\/yoast-seo-wordpress\/ -->\n<title>Autostadt w Wolfsburgu - 9 St\u00e4dte in Niedersachsen<\/title>\n<meta name=\"description\" content=\"Autostadt w Wolfsburgu: podr\u00f3\u017c w czasie od historii do przysz\u0142o\u015bci mobilno\u015bci, du\u017cy rodzinny \u015bwiat i niezwyk\u0142e wystawy.\" \/>\n<meta name=\"robots\" content=\"index, follow, max-snippet:-1, max-image-preview:large, max-video-preview:-1\" \/>\n<link rel=\"canonical\" href=\"https:\/\/9staedte.de\/pl\/autostadt-w-wolfsburgu\/\" \/>\n<meta property=\"og:locale\" content=\"pl_PL\" \/>\n<meta property=\"og:type\" content=\"article\" \/>\n<meta property=\"og:title\" content=\"Autostadt w Wolfsburgu - 9 St\u00e4dte in Niedersachsen\" \/>\n<meta property=\"og:description\" content=\"Autostadt w Wolfsburgu: podr\u00f3\u017c w czasie od historii do przysz\u0142o\u015bci mobilno\u015bci, du\u017cy rodzinny \u015bwiat i niezwyk\u0142e wystawy.\" \/>\n<meta property=\"og:url\" content=\"https:\/\/9staedte.de\/pl\/autostadt-w-wolfsburgu\/\" \/>\n<meta property=\"og:site_name\" content=\"9 St\u00e4dte in Niedersachsen\" \/>\n<meta property=\"og:image\" content=\"https:\/\/9staedte.de\/wp-content\/uploads\/2023\/01\/Autostadt-Uebersicht-c-Autostadt-GmbH-Nils-Hendrick-Mueller.jpg\" \/>\n\t<meta property=\"og:image:width\" content=\"1020\" \/>\n\t<meta property=\"og:image:height\" content=\"560\" \/>\n\t<meta property=\"og:image:type\" content=\"image\/jpeg\" \/>\n<meta name=\"twitter:card\" content=\"summary_large_image\" \/>\n<meta name=\"twitter:label1\" content=\"Szacowany czas czytania\" \/>\n\t<meta name=\"twitter:data1\" content=\"1 minuta\" \/>\n<script type=\"application\/ld+json\" class=\"yoast-schema-graph\">{\"@context\":\"https:\/\/schema.org\",\"@graph\":[{\"@type\":\"WebPage\",\"@id\":\"https:\/\/9staedte.de\/pl\/autostadt-w-wolfsburgu\/\",\"url\":\"https:\/\/9staedte.de\/pl\/autostadt-w-wolfsburgu\/\",\"name\":\"Autostadt w Wolfsburgu - 9 St\u00e4dte in Niedersachsen\",\"isPartOf\":{\"@id\":\"https:\/\/9staedte.de\/pl\/#website\"},\"primaryImageOfPage\":{\"@id\":\"https:\/\/9staedte.de\/pl\/autostadt-w-wolfsburgu\/#primaryimage\"},\"image\":{\"@id\":\"https:\/\/9staedte.de\/pl\/autostadt-w-wolfsburgu\/#primaryimage\"},\"thumbnailUrl\":\"https:\/\/9staedte.de\/wp-content\/uploads\/2022\/03\/Autostadt-Uebersicht-c-Autostadt-GmbH-Klaus-Bosselmann-scaled.jpg\",\"datePublished\":\"2023-11-02T08:52:47+00:00\",\"description\":\"Autostadt w Wolfsburgu: podr\u00f3\u017c w czasie od historii do przysz\u0142o\u015bci mobilno\u015bci, du\u017cy rodzinny \u015bwiat i niezwyk\u0142e wystawy.\",\"breadcrumb\":{\"@id\":\"https:\/\/9staedte.de\/pl\/autostadt-w-wolfsburgu\/#breadcrumb\"},\"inLanguage\":\"pl-PL\",\"potentialAction\":[{\"@type\":\"ReadAction\",\"target\":[\"https:\/\/9staedte.de\/pl\/autostadt-w-wolfsburgu\/\"]}]},{\"@type\":\"ImageObject\",\"inLanguage\":\"pl-PL\",\"@id\":\"https:\/\/9staedte.de\/pl\/autostadt-w-wolfsburgu\/#primaryimage\",\"url\":\"https:\/\/9staedte.de\/wp-content\/uploads\/2022\/03\/Autostadt-Uebersicht-c-Autostadt-GmbH-Klaus-Bosselmann-scaled.jpg\",\"contentUrl\":\"https:\/\/9staedte.de\/wp-content\/uploads\/2022\/03\/Autostadt-Uebersicht-c-Autostadt-GmbH-Klaus-Bosselmann-scaled.jpg\",\"width\":2560,\"height\":1920,\"caption\":\"Autostadt \u00dcbersicht bei Nacht c) Autostadt GmbH _ Klauss Bossemeyer\"},{\"@type\":\"BreadcrumbList\",\"@id\":\"https:\/\/9staedte.de\/pl\/autostadt-w-wolfsburgu\/#breadcrumb\",\"itemListElement\":[{\"@type\":\"ListItem\",\"position\":1,\"name\":\"Startseite\",\"item\":\"https:\/\/9staedte.de\/pl\/\"},{\"@type\":\"ListItem\",\"position\":2,\"name\":\"Autostadt w Wolfsburgu\"}]},{\"@type\":\"WebSite\",\"@id\":\"https:\/\/9staedte.de\/pl\/#website\",\"url\":\"https:\/\/9staedte.de\/pl\/\",\"name\":\"9 St\u00e4dte in Niedersachsen\",\"description\":\"\",\"publisher\":{\"@id\":\"https:\/\/9staedte.de\/pl\/#organization\"},\"potentialAction\":[{\"@type\":\"SearchAction\",\"target\":{\"@type\":\"EntryPoint\",\"urlTemplate\":\"https:\/\/9staedte.de\/pl\/?s={search_term_string}\"},\"query-input\":{\"@type\":\"PropertyValueSpecification\",\"valueRequired\":true,\"valueName\":\"search_term_string\"}}],\"inLanguage\":\"pl-PL\"},{\"@type\":\"Organization\",\"@id\":\"https:\/\/9staedte.de\/pl\/#organization\",\"name\":\"9 St\u00e4dte in Niedersachsen\",\"url\":\"https:\/\/9staedte.de\/pl\/\",\"logo\":{\"@type\":\"ImageObject\",\"inLanguage\":\"pl-PL\",\"@id\":\"https:\/\/9staedte.de\/pl\/#\/schema\/logo\/image\/\",\"url\":\"https:\/\/9staedte.de\/wp-content\/uploads\/2025\/01\/9-neg-deutsch-2-1.png\",\"contentUrl\":\"https:\/\/9staedte.de\/wp-content\/uploads\/2025\/01\/9-neg-deutsch-2-1.png\",\"width\":190,\"height\":114,\"caption\":\"9 St\u00e4dte in Niedersachsen\"},\"image\":{\"@id\":\"https:\/\/9staedte.de\/pl\/#\/schema\/logo\/image\/\"}}]}<\/script>\n<!-- \/ Yoast SEO plugin. -->","yoast_head_json":{"title":"Autostadt w Wolfsburgu - 9 St\u00e4dte in Niedersachsen","description":"Autostadt w Wolfsburgu: podr\u00f3\u017c w czasie od historii do przysz\u0142o\u015bci mobilno\u015bci, du\u017cy rodzinny \u015bwiat i niezwyk\u0142e wystawy.","robots":{"index":"index","follow":"follow","max-snippet":"max-snippet:-1","max-image-preview":"max-image-preview:large","max-video-preview":"max-video-preview:-1"},"canonical":"https:\/\/9staedte.de\/pl\/autostadt-w-wolfsburgu\/","og_locale":"pl_PL","og_type":"article","og_title":"Autostadt w Wolfsburgu - 9 St\u00e4dte in Niedersachsen","og_description":"Autostadt w Wolfsburgu: podr\u00f3\u017c w czasie od historii do przysz\u0142o\u015bci mobilno\u015bci, du\u017cy rodzinny \u015bwiat i niezwyk\u0142e wystawy.","og_url":"https:\/\/9staedte.de\/pl\/autostadt-w-wolfsburgu\/","og_site_name":"9 St\u00e4dte in Niedersachsen","og_image":[{"width":1020,"height":560,"url":"https:\/\/9staedte.de\/wp-content\/uploads\/2023\/01\/Autostadt-Uebersicht-c-Autostadt-GmbH-Nils-Hendrick-Mueller.jpg","type":"image\/jpeg"}],"twitter_card":"summary_large_image","twitter_misc":{"Szacowany czas czytania":"1 minuta"},"schema":{"@context":"https:\/\/schema.org","@graph":[{"@type":"WebPage","@id":"https:\/\/9staedte.de\/pl\/autostadt-w-wolfsburgu\/","url":"https:\/\/9staedte.de\/pl\/autostadt-w-wolfsburgu\/","name":"Autostadt w Wolfsburgu - 9 St\u00e4dte in Niedersachsen","isPartOf":{"@id":"https:\/\/9staedte.de\/pl\/#website"},"primaryImageOfPage":{"@id":"https:\/\/9staedte.de\/pl\/autostadt-w-wolfsburgu\/#primaryimage"},"image":{"@id":"https:\/\/9staedte.de\/pl\/autostadt-w-wolfsburgu\/#primaryimage"},"thumbnailUrl":"https:\/\/9staedte.de\/wp-content\/uploads\/2022\/03\/Autostadt-Uebersicht-c-Autostadt-GmbH-Klaus-Bosselmann-scaled.jpg","datePublished":"2023-11-02T08:52:47+00:00","description":"Autostadt w Wolfsburgu: podr\u00f3\u017c w czasie od historii do przysz\u0142o\u015bci mobilno\u015bci, du\u017cy rodzinny \u015bwiat i niezwyk\u0142e wystawy.","breadcrumb":{"@id":"https:\/\/9staedte.de\/pl\/autostadt-w-wolfsburgu\/#breadcrumb"},"inLanguage":"pl-PL","potentialAction":[{"@type":"ReadAction","target":["https:\/\/9staedte.de\/pl\/autostadt-w-wolfsburgu\/"]}]},{"@type":"ImageObject","inLanguage":"pl-PL","@id":"https:\/\/9staedte.de\/pl\/autostadt-w-wolfsburgu\/#primaryimage","url":"https:\/\/9staedte.de\/wp-content\/uploads\/2022\/03\/Autostadt-Uebersicht-c-Autostadt-GmbH-Klaus-Bosselmann-scaled.jpg","contentUrl":"https:\/\/9staedte.de\/wp-content\/uploads\/2022\/03\/Autostadt-Uebersicht-c-Autostadt-GmbH-Klaus-Bosselmann-scaled.jpg","width":2560,"height":1920,"caption":"Autostadt \u00dcbersicht bei Nacht c) Autostadt GmbH _ Klauss Bossemeyer"},{"@type":"BreadcrumbList","@id":"https:\/\/9staedte.de\/pl\/autostadt-w-wolfsburgu\/#breadcrumb","itemListElement":[{"@type":"ListItem","position":1,"name":"Startseite","item":"https:\/\/9staedte.de\/pl\/"},{"@type":"ListItem","position":2,"name":"Autostadt w Wolfsburgu"}]},{"@type":"WebSite","@id":"https:\/\/9staedte.de\/pl\/#website","url":"https:\/\/9staedte.de\/pl\/","name":"9 St\u00e4dte in Niedersachsen","description":"","publisher":{"@id":"https:\/\/9staedte.de\/pl\/#organization"},"potentialAction":[{"@type":"SearchAction","target":{"@type":"EntryPoint","urlTemplate":"https:\/\/9staedte.de\/pl\/?s={search_term_string}"},"query-input":{"@type":"PropertyValueSpecification","valueRequired":true,"valueName":"search_term_string"}}],"inLanguage":"pl-PL"},{"@type":"Organization","@id":"https:\/\/9staedte.de\/pl\/#organization","name":"9 St\u00e4dte in Niedersachsen","url":"https:\/\/9staedte.de\/pl\/","logo":{"@type":"ImageObject","inLanguage":"pl-PL","@id":"https:\/\/9staedte.de\/pl\/#\/schema\/logo\/image\/","url":"https:\/\/9staedte.de\/wp-content\/uploads\/2025\/01\/9-neg-deutsch-2-1.png","contentUrl":"https:\/\/9staedte.de\/wp-content\/uploads\/2025\/01\/9-neg-deutsch-2-1.png","width":190,"height":114,"caption":"9 St\u00e4dte in Niedersachsen"},"image":{"@id":"https:\/\/9staedte.de\/pl\/#\/schema\/logo\/image\/"}}]}},"_links":{"self":[{"href":"https:\/\/9staedte.de\/pl\/wp-json\/wp\/v2\/pages\/17931","targetHints":{"allow":["GET"]}}],"collection":[{"href":"https:\/\/9staedte.de\/pl\/wp-json\/wp\/v2\/pages"}],"about":[{"href":"https:\/\/9staedte.de\/pl\/wp-json\/wp\/v2\/types\/page"}],"author":[{"embeddable":true,"href":"https:\/\/9staedte.de\/pl\/wp-json\/wp\/v2\/users\/1"}],"replies":[{"embeddable":true,"href":"https:\/\/9staedte.de\/pl\/wp-json\/wp\/v2\/comments?post=17931"}],"version-history":[{"count":0,"href":"https:\/\/9staedte.de\/pl\/wp-json\/wp\/v2\/pages\/17931\/revisions"}],"wp:featuredmedia":[{"embeddable":true,"href":"https:\/\/9staedte.de\/pl\/wp-json\/wp\/v2\/media\/16680"}],"wp:attachment":[{"href":"https:\/\/9staedte.de\/pl\/wp-json\/wp\/v2\/media?parent=17931"}],"wp:term":[{"taxonomy":"category","embeddable":true,"href":"https:\/\/9staedte.de\/pl\/wp-json\/wp\/v2\/categories?post=17931"},{"taxonomy":"post_tag","embeddable":true,"href":"https:\/\/9staedte.de\/pl\/wp-json\/wp\/v2\/tags?post=17931"},{"taxonomy":"ncap_cities_tax","embeddable":true,"href":"https:\/\/9staedte.de\/pl\/wp-json\/wp\/v2\/ncap_cities_tax?post=17931"}],"curies":[{"name":"wp","href":"https:\/\/api.w.org\/{rel}","templated":true}]}}