{"id":17929,"date":"2023-11-02T09:52:47","date_gmt":"2023-11-02T08:52:47","guid":{"rendered":"https:\/\/9staedte.de\/hildesheim-miasto-wpisane-na-liste-swiatowego-dziedzictwa-unesco\/"},"modified":"2025-05-09T10:04:03","modified_gmt":"2025-05-09T08:04:03","slug":"hildesheim-miasto-wpisane-na-liste-swiatowego-dziedzictwa-unesco","status":"publish","type":"page","link":"https:\/\/9staedte.de\/pl\/hildesheim-miasto-wpisane-na-liste-swiatowego-dziedzictwa-unesco\/","title":{"rendered":"Hildesheim &#8211; miasto wpisane na list\u0119 \u015bwiatowego dziedzictwa UNESCO"},"content":{"rendered":"\n<h2 class=\"wp-block-heading\">Miasto z muru pruskiego pe\u0142ne kultury i historii<\/h2>\n\n\n\n<p>\u015awiatowe dziedzictwo UNESCO i zabytkowe domy z muru pruskiego &#8211; zabytki Hildesheim pokazuj\u0105 r\u00f3\u017cnorodno\u015b\u0107 miasta i zapraszaj\u0105 do jego odkrywania. Kilka ulic od zabytkowego rynku warto spojrze\u0107 na miasto z najwy\u017cszej wie\u017cy ko\u015bcielnej w Dolnej Saksonii. Niedaleko katedry w Hildesheim znajduje si\u0119 wspania\u0142a dzielnica z muru pruskiego, kt\u00f3ra zach\u0119ca do spacer\u00f3w starymi uliczkami. Szeroka gama wydarze\u0144 czeka na Ciebie przez ca\u0142y rok, imprezy na \u015bwie\u017cym powietrzu zachwycaj\u0105 w miesi\u0105cach letnich, a zim\u0105 jarmark bo\u017conarodzeniowy w Hildesheim czeka na Ciebie w \u015bwi\u0105tecznie udekorowanej scenerii!<\/p>\n\n\n\n\n<div class=\"banner-wrapper\">\n  <div class=\"banner-inner \">\n      <div class=\"img-container\">\n      <div class=\"img-wrapper\">\n        <img decoding=\"async\" src=\"https:\/\/9staedte.de\/wp-content\/smush-webp\/2023\/02\/St-Michaelis-Dagmar-Schwelle.jpg.webp\" alt=\"Osoba jedzie na rowerze przed ko\u015bcio\u0142em \u015bw. Micha\u0142a w Hildesheimie. S\u0142o\u0144ce \u015bwieci przez drzewa i tworzy ciep\u0142e \u015bwiat\u0142o.\" \/>\n                  <div class=\"thumbnail-label\">\n            <span>St Michaelis Dagmar Schwelle<\/span>\n          <\/div>\n              <\/div>\n    <\/div>\n        <div class=\"text-container\">\n      <div class=\"content\">\n        <p><strong>Specjalne wskaz\u00f3wki:<\/strong><\/p>\n<ul>\n<li>Od kwietnia do pa\u017adziernika: codzienne publiczne zwiedzanie miasta \u201ePoznaj Hildesheim\u201d<\/li>\n<li>Poznaj kultur\u0119 kulinarn\u0105 Hildesheim dzi\u0119ki naszemu formatowi &#8222;Kulinarna podr\u00f3\u017c w czasie: Tak jada si\u0119 w Hildesheim&#8221;<\/li>\n<li>Indywidualne odkrywanie miasta na trasie okr\u0119\u017cnej &#8222;Hildesheim Rose Route&#8221;<\/li>\n<li>Hildesheim dla Twoich uszu: Odkryj nasze nowe s\u0142uchowisko za pomoc\u0105 smartfona w aplikacji Lauschtour<\/li>\n<\/ul>\n      <\/div>\n    <\/div>\n    <\/div>\n<\/div>\n\n\n\n\n<div style=\"height:30px\" aria-hidden=\"true\" class=\"wp-block-spacer\"><\/div>\n\n\n\n<div class=\"wp-block-columns is-layout-flex wp-container-core-columns-is-layout-9d6595d7 wp-block-columns-is-layout-flex\">\n<div class=\"wp-block-column is-layout-flow wp-block-column-is-layout-flow\" style=\"flex-basis:66.66%\">\n <div class=\"brlbs-cmpnt-container brlbs-cmpnt-content-blocker brlbs-cmpnt-with-individual-styles\" data-borlabs-cookie-content-blocker-id=\"google-maps\" data-borlabs-cookie-content=\"PGlmcmFtZSBzcmM9Imh0dHBzOi8vd3d3Lmdvb2dsZS5jb20vbWFwcy9kL2VtYmVkP21pZD0xMzNFaDlZbWVWVHEtNGpBM3NkMzA0R29kaFJwa0d1OCZhbXA7ZWhiYz0yRTMxMkYiIHdpZHRoPSIxMDAlIiBoZWlnaHQ9IjEwMCUiPjwvaWZyYW1lPg==\"><div class=\"brlbs-cmpnt-cb-preset-b brlbs-cmpnt-cb-google-maps\"> <div class=\"brlbs-cmpnt-cb-thumbnail\" style=\"background-image: url('https:\/\/9staedte.de\/wp-content\/uploads\/borlabs-cookie\/1\/brlbs-cb-google-maps-main.png')\"><\/div> <div class=\"brlbs-cmpnt-cb-main\"> <div class=\"brlbs-cmpnt-cb-content\"> <p class=\"brlbs-cmpnt-cb-description\">Aktualnie wy\u015bwietlana jest tre\u015b\u0107 zast\u0119pcza z <strong>Google Maps<\/strong>. Aby uzyska\u0107 dost\u0119p do rzeczywistej tre\u015bci, kliknij poni\u017cszy przycisk. Pami\u0119taj, \u017ce spowoduje to udost\u0119pnienie danych zewn\u0119trznym operatorom.<\/p> <a class=\"brlbs-cmpnt-cb-provider-toggle\" href=\"#\" data-borlabs-cookie-show-provider-information role=\"button\">Wi\u0119cej informacji<\/a> <\/div> <div class=\"brlbs-cmpnt-cb-buttons\"> <a class=\"brlbs-cmpnt-cb-btn\" href=\"#\" data-borlabs-cookie-unblock role=\"button\">Odblokuj tre\u015b\u0107<\/a> <a class=\"brlbs-cmpnt-cb-btn\" href=\"#\" data-borlabs-cookie-accept-service role=\"button\" style=\"display: inherit\">Zaakceptuj wymagan\u0105 us\u0142ug\u0119 i odblokuj tre\u015b\u0107<\/a> <\/div> <\/div> <\/div><\/div>\n<\/div>\n\n\n\n<div class=\"wp-block-column is-layout-flow wp-block-column-is-layout-flow\" style=\"flex-basis:33.33%\">\n<p><strong>Interesuj\u0105ce miejsca:<\/strong><\/p>\n\n\n\n<ul class=\"wp-block-list map-legend main-legend\">\n<li>Zabytkowy rynek i Dom Bonifratr\u00f3w<\/li>\n\n\n\n<li>Ciekawy dom z muru pruskiego &#8222;bochenek cukru wywr\u00f3cony na lew\u0105 stron\u0119<\/li>\n\n\n\n<li>Najwy\u017csza wie\u017ca ko\u015bcielna w Dolnej Saksonii: St. Andreas (mo\u017cliwe wej\u015bcie)<\/li>\n\n\n\n<li>Historyczne stare miasto z wa\u017cnymi budynkami z muru pruskiego  <\/li>\n\n\n\n<li>St. Godehard  <\/li>\n\n\n\n<li>\u015awiatowe dziedzictwo UNESCO: Katedra i Muzeum Katedralne  <\/li>\n\n\n\n<li>Kolekcja staro\u017cytnego Egiptu w Roemer- und Pelizaeus-Museum<\/li>\n\n\n\n<li>Magdalenengarten, barokowy ogr\u00f3d klasztorny<\/li>\n\n\n\n<li>Miejsce \u015bwiatowego dziedzictwa UNESCO: St. Michaelis<\/li>\n<\/ul>\n<\/div>\n<\/div>\n\n\n\n<div style=\"height:60px\" aria-hidden=\"true\" class=\"wp-block-spacer\"><\/div>\n\n\n\n<div class=\"content-grid\">\n\n\n  \n  <div class=\"grid\">\n                        \n                    \n          <div class=\"featured-themen-single\">\n            <div class=\"featured-themen-single-inner\" style=\"background-image: url('https:\/\/9staedte.de\/wp-content\/smush-webp\/2023\/02\/Citybeach-in-Hildesheim-\u00a9-Hildesheim-Marketing-GmbH-Foto-Dagmar-Schwelle.jpg.webp')\">\n              \n              <a href=\"https:\/\/9staedte.de\/pl\/hildesheim-miasto-wpisane-na-liste-swiatowego-dziedzictwa-unesco\/wydarzenia-w-hildesheim\/\">\n                <span>Wydarzenia w Hildesheim<\/span>\n              <\/a>\n            <\/div>\n          <\/div>\n    \n          \n                  \n                    \n          <div class=\"featured-themen-single\">\n            <div class=\"featured-themen-single-inner\" style=\"background-image: url('https:\/\/9staedte.de\/wp-content\/smush-webp\/2022\/06\/Stadtfuehrung-\u00a9-Hildesheim-Marketing-GmbH.jpg.webp')\">\n              \n              <a href=\"https:\/\/9staedte.de\/pl\/hildesheim-miasto-wpisane-na-liste-swiatowego-dziedzictwa-unesco\/wycieczki-po-miescie-w-hildesheim\/\">\n                <span>Wycieczki po mie\u015bcie w Hildesheim<\/span>\n              <\/a>\n            <\/div>\n          <\/div>\n    \n          \n                  \n                    \n          <div class=\"featured-themen-single\">\n            <div class=\"featured-themen-single-inner\" style=\"background-image: url('https:\/\/9staedte.de\/wp-content\/smush-webp\/2024\/09\/Weihnachtsmarkt-Hildesheim-c-Hildesheim-Marketing-Foto-Lars-Griebner-CC-BY.jpg.webp')\">\n              \n              <a href=\"https:\/\/9staedte.de\/pl\/hildesheim-miasto-wpisane-na-liste-swiatowego-dziedzictwa-unesco\/jarmark-bozonarodzeniowy-w-hildesheim\/\">\n                <span>Jarmark bo\u017conarodzeniowy w Hildesheim<\/span>\n              <\/a>\n            <\/div>\n          <\/div>\n    \n          \n                  \n                    \n          <div class=\"featured-themen-single\">\n            <div class=\"featured-themen-single-inner\" style=\"background-image: url('https:\/\/9staedte.de\/wp-content\/smush-webp\/2023\/02\/UNESCO-Welterbe-Dom-Foto-Max-Wiesenbach-CCBY.jpg.webp')\">\n              \n              <a href=\"https:\/\/9staedte.de\/pl\/hildesheim-miasto-wpisane-na-liste-swiatowego-dziedzictwa-unesco\/muzea-i-wystawy-w-hildesheim\/\">\n                <span>Muzea i wystawy w Hildesheim<\/span>\n              <\/a>\n            <\/div>\n          <\/div>\n    \n          \n                  \n                    \n          <div class=\"featured-themen-single\">\n            <div class=\"featured-themen-single-inner\" style=\"background-image: url('https:\/\/9staedte.de\/wp-content\/smush-webp\/2023\/07\/Hildesheimer-Marktplatz_Foto-Max-Wiesenbach-1-1.jpg.webp')\">\n              \n              <a href=\"https:\/\/9staedte.de\/pl\/hildesheim-miasto-wpisane-na-liste-swiatowego-dziedzictwa-unesco\/wrazenia-z-hildesheim\/\">\n                <span>Wra\u017cenia z Hildesheim<\/span>\n              <\/a>\n            <\/div>\n          <\/div>\n    \n          \n                          \n        <\/div>\n<\/div>","protected":false},"excerpt":{"rendered":"<p>Miasto z muru pruskiego pe\u0142ne kultury i historii \u015awiatowe dziedzictwo UNESCO i zabytkowe domy z muru pruskiego &#8211; zabytki Hildesheim pokazuj\u0105 r\u00f3\u017cnorodno\u015b\u0107 miasta i zapraszaj\u0105 do jego odkrywania. Kilka ulic od zabytkowego rynku warto spojrze\u0107 na miasto z najwy\u017cszej wie\u017cy ko\u015bcielnej w Dolnej Saksonii. Niedaleko katedry w Hildesheim znajduje si\u0119 wspania\u0142a dzielnica z muru pruskiego, [&hellip;]<\/p>\n","protected":false},"author":1,"featured_media":17865,"parent":0,"menu_order":0,"comment_status":"closed","ping_status":"closed","template":"pagetemplates\/template-stadtseite.php","meta":{"_acf_changed":false,"footnotes":""},"categories":[],"tags":[],"ncap_cities_tax":[465],"class_list":["post-17929","page","type-page","status-publish","has-post-thumbnail","hentry","ncap_cities_tax-hildesheim-pl"],"acf":[],"yoast_head":"<!-- This site is optimized with the Yoast SEO plugin v27.4 - https:\/\/yoast.com\/product\/yoast-seo-wordpress\/ -->\n<title>Hildesheim - miasto wpisane na list\u0119 \u015bwiatowego dziedzictwa UNESCO - 9 St\u00e4dte in Niedersachsen<\/title>\n<meta name=\"description\" content=\"\u015awiatowe dziedzictwo UNESCO, skarby kultury, zabytkowe domy z muru pruskiego - zabytki Hildesheim zapraszaj\u0105 do ich odkrycia.\" \/>\n<meta name=\"robots\" content=\"index, follow, max-snippet:-1, max-image-preview:large, max-video-preview:-1\" \/>\n<link rel=\"canonical\" href=\"https:\/\/9staedte.de\/pl\/hildesheim-miasto-wpisane-na-liste-swiatowego-dziedzictwa-unesco\/\" \/>\n<meta property=\"og:locale\" content=\"pl_PL\" \/>\n<meta property=\"og:type\" content=\"article\" \/>\n<meta property=\"og:title\" content=\"Hildesheim - miasto wpisane na list\u0119 \u015bwiatowego dziedzictwa UNESCO - 9 St\u00e4dte in Niedersachsen\" \/>\n<meta property=\"og:description\" content=\"\u015awiatowe dziedzictwo UNESCO, skarby kultury, zabytkowe domy z muru pruskiego - zabytki Hildesheim zapraszaj\u0105 do ich odkrycia.\" \/>\n<meta property=\"og:url\" content=\"https:\/\/9staedte.de\/pl\/hildesheim-miasto-wpisane-na-liste-swiatowego-dziedzictwa-unesco\/\" \/>\n<meta property=\"og:site_name\" content=\"9 St\u00e4dte in Niedersachsen\" \/>\n<meta property=\"article:modified_time\" content=\"2025-05-09T08:04:03+00:00\" \/>\n<meta property=\"og:image\" content=\"https:\/\/9staedte.de\/wp-content\/uploads\/2024\/06\/Hildesheim-Mariendom_Foto-Max-Wiesenbach-CC-BY-min.jpg\" \/>\n\t<meta property=\"og:image:width\" content=\"1019\" \/>\n\t<meta property=\"og:image:height\" content=\"559\" \/>\n\t<meta property=\"og:image:type\" content=\"image\/jpeg\" \/>\n<meta name=\"twitter:card\" content=\"summary_large_image\" \/>\n<meta name=\"twitter:label1\" content=\"Szacowany czas czytania\" \/>\n\t<meta name=\"twitter:data1\" content=\"2 minuty\" \/>\n<script type=\"application\/ld+json\" class=\"yoast-schema-graph\">{\"@context\":\"https:\\\/\\\/schema.org\",\"@graph\":[{\"@type\":\"WebPage\",\"@id\":\"https:\\\/\\\/9staedte.de\\\/pl\\\/hildesheim-miasto-wpisane-na-liste-swiatowego-dziedzictwa-unesco\\\/\",\"url\":\"https:\\\/\\\/9staedte.de\\\/pl\\\/hildesheim-miasto-wpisane-na-liste-swiatowego-dziedzictwa-unesco\\\/\",\"name\":\"Hildesheim - miasto wpisane na list\u0119 \u015bwiatowego dziedzictwa UNESCO - 9 St\u00e4dte in Niedersachsen\",\"isPartOf\":{\"@id\":\"https:\\\/\\\/9staedte.de\\\/pl\\\/#website\"},\"primaryImageOfPage\":{\"@id\":\"https:\\\/\\\/9staedte.de\\\/pl\\\/hildesheim-miasto-wpisane-na-liste-swiatowego-dziedzictwa-unesco\\\/#primaryimage\"},\"image\":{\"@id\":\"https:\\\/\\\/9staedte.de\\\/pl\\\/hildesheim-miasto-wpisane-na-liste-swiatowego-dziedzictwa-unesco\\\/#primaryimage\"},\"thumbnailUrl\":\"https:\\\/\\\/9staedte.de\\\/wp-content\\\/uploads\\\/2023\\\/07\\\/Hildesheim-Historic-Marketplace-with-Knochenhaueramtshaus-\u00a9-Hildesheim-Marketing-GmbH-Foto-Dagmar-Schwelle-1.jpg\",\"datePublished\":\"2023-11-02T08:52:47+00:00\",\"dateModified\":\"2025-05-09T08:04:03+00:00\",\"description\":\"\u015awiatowe dziedzictwo UNESCO, skarby kultury, zabytkowe domy z muru pruskiego - zabytki Hildesheim zapraszaj\u0105 do ich odkrycia.\",\"breadcrumb\":{\"@id\":\"https:\\\/\\\/9staedte.de\\\/pl\\\/hildesheim-miasto-wpisane-na-liste-swiatowego-dziedzictwa-unesco\\\/#breadcrumb\"},\"inLanguage\":\"pl-PL\",\"potentialAction\":[{\"@type\":\"ReadAction\",\"target\":[\"https:\\\/\\\/9staedte.de\\\/pl\\\/hildesheim-miasto-wpisane-na-liste-swiatowego-dziedzictwa-unesco\\\/\"]}]},{\"@type\":\"ImageObject\",\"inLanguage\":\"pl-PL\",\"@id\":\"https:\\\/\\\/9staedte.de\\\/pl\\\/hildesheim-miasto-wpisane-na-liste-swiatowego-dziedzictwa-unesco\\\/#primaryimage\",\"url\":\"https:\\\/\\\/9staedte.de\\\/wp-content\\\/uploads\\\/2023\\\/07\\\/Hildesheim-Historic-Marketplace-with-Knochenhaueramtshaus-\u00a9-Hildesheim-Marketing-GmbH-Foto-Dagmar-Schwelle-1.jpg\",\"contentUrl\":\"https:\\\/\\\/9staedte.de\\\/wp-content\\\/uploads\\\/2023\\\/07\\\/Hildesheim-Historic-Marketplace-with-Knochenhaueramtshaus-\u00a9-Hildesheim-Marketing-GmbH-Foto-Dagmar-Schwelle-1.jpg\",\"width\":1020,\"height\":561,\"caption\":\"Hildesheim Historic Marketplace with Knochenhaueramtshaus \u00a9 Hildesheim Marketing GmbH, Foto Dagmar Schwelle\"},{\"@type\":\"BreadcrumbList\",\"@id\":\"https:\\\/\\\/9staedte.de\\\/pl\\\/hildesheim-miasto-wpisane-na-liste-swiatowego-dziedzictwa-unesco\\\/#breadcrumb\",\"itemListElement\":[{\"@type\":\"ListItem\",\"position\":1,\"name\":\"Startseite\",\"item\":\"https:\\\/\\\/9staedte.de\\\/pl\\\/\"},{\"@type\":\"ListItem\",\"position\":2,\"name\":\"Hildesheim &#8211; miasto wpisane na list\u0119 \u015bwiatowego dziedzictwa UNESCO\"}]},{\"@type\":\"WebSite\",\"@id\":\"https:\\\/\\\/9staedte.de\\\/pl\\\/#website\",\"url\":\"https:\\\/\\\/9staedte.de\\\/pl\\\/\",\"name\":\"9 St\u00e4dte in Niedersachsen\",\"description\":\"\",\"publisher\":{\"@id\":\"https:\\\/\\\/9staedte.de\\\/pl\\\/#organization\"},\"potentialAction\":[{\"@type\":\"SearchAction\",\"target\":{\"@type\":\"EntryPoint\",\"urlTemplate\":\"https:\\\/\\\/9staedte.de\\\/pl\\\/?s={search_term_string}\"},\"query-input\":{\"@type\":\"PropertyValueSpecification\",\"valueRequired\":true,\"valueName\":\"search_term_string\"}}],\"inLanguage\":\"pl-PL\"},{\"@type\":\"Organization\",\"@id\":\"https:\\\/\\\/9staedte.de\\\/pl\\\/#organization\",\"name\":\"9 St\u00e4dte in Niedersachsen\",\"url\":\"https:\\\/\\\/9staedte.de\\\/pl\\\/\",\"logo\":{\"@type\":\"ImageObject\",\"inLanguage\":\"pl-PL\",\"@id\":\"https:\\\/\\\/9staedte.de\\\/pl\\\/#\\\/schema\\\/logo\\\/image\\\/\",\"url\":\"https:\\\/\\\/9staedte.de\\\/wp-content\\\/uploads\\\/2025\\\/01\\\/9-neg-deutsch-2-1.png\",\"contentUrl\":\"https:\\\/\\\/9staedte.de\\\/wp-content\\\/uploads\\\/2025\\\/01\\\/9-neg-deutsch-2-1.png\",\"width\":190,\"height\":114,\"caption\":\"9 St\u00e4dte in Niedersachsen\"},\"image\":{\"@id\":\"https:\\\/\\\/9staedte.de\\\/pl\\\/#\\\/schema\\\/logo\\\/image\\\/\"}}]}<\/script>\n<!-- \/ Yoast SEO plugin. -->","yoast_head_json":{"title":"Hildesheim - miasto wpisane na list\u0119 \u015bwiatowego dziedzictwa UNESCO - 9 St\u00e4dte in Niedersachsen","description":"\u015awiatowe dziedzictwo UNESCO, skarby kultury, zabytkowe domy z muru pruskiego - zabytki Hildesheim zapraszaj\u0105 do ich odkrycia.","robots":{"index":"index","follow":"follow","max-snippet":"max-snippet:-1","max-image-preview":"max-image-preview:large","max-video-preview":"max-video-preview:-1"},"canonical":"https:\/\/9staedte.de\/pl\/hildesheim-miasto-wpisane-na-liste-swiatowego-dziedzictwa-unesco\/","og_locale":"pl_PL","og_type":"article","og_title":"Hildesheim - miasto wpisane na list\u0119 \u015bwiatowego dziedzictwa UNESCO - 9 St\u00e4dte in Niedersachsen","og_description":"\u015awiatowe dziedzictwo UNESCO, skarby kultury, zabytkowe domy z muru pruskiego - zabytki Hildesheim zapraszaj\u0105 do ich odkrycia.","og_url":"https:\/\/9staedte.de\/pl\/hildesheim-miasto-wpisane-na-liste-swiatowego-dziedzictwa-unesco\/","og_site_name":"9 St\u00e4dte in Niedersachsen","article_modified_time":"2025-05-09T08:04:03+00:00","og_image":[{"width":1019,"height":559,"url":"https:\/\/9staedte.de\/wp-content\/uploads\/2024\/06\/Hildesheim-Mariendom_Foto-Max-Wiesenbach-CC-BY-min.jpg","type":"image\/jpeg"}],"twitter_card":"summary_large_image","twitter_misc":{"Szacowany czas czytania":"2 minuty"},"schema":{"@context":"https:\/\/schema.org","@graph":[{"@type":"WebPage","@id":"https:\/\/9staedte.de\/pl\/hildesheim-miasto-wpisane-na-liste-swiatowego-dziedzictwa-unesco\/","url":"https:\/\/9staedte.de\/pl\/hildesheim-miasto-wpisane-na-liste-swiatowego-dziedzictwa-unesco\/","name":"Hildesheim - miasto wpisane na list\u0119 \u015bwiatowego dziedzictwa UNESCO - 9 St\u00e4dte in Niedersachsen","isPartOf":{"@id":"https:\/\/9staedte.de\/pl\/#website"},"primaryImageOfPage":{"@id":"https:\/\/9staedte.de\/pl\/hildesheim-miasto-wpisane-na-liste-swiatowego-dziedzictwa-unesco\/#primaryimage"},"image":{"@id":"https:\/\/9staedte.de\/pl\/hildesheim-miasto-wpisane-na-liste-swiatowego-dziedzictwa-unesco\/#primaryimage"},"thumbnailUrl":"https:\/\/9staedte.de\/wp-content\/uploads\/2023\/07\/Hildesheim-Historic-Marketplace-with-Knochenhaueramtshaus-\u00a9-Hildesheim-Marketing-GmbH-Foto-Dagmar-Schwelle-1.jpg","datePublished":"2023-11-02T08:52:47+00:00","dateModified":"2025-05-09T08:04:03+00:00","description":"\u015awiatowe dziedzictwo UNESCO, skarby kultury, zabytkowe domy z muru pruskiego - zabytki Hildesheim zapraszaj\u0105 do ich odkrycia.","breadcrumb":{"@id":"https:\/\/9staedte.de\/pl\/hildesheim-miasto-wpisane-na-liste-swiatowego-dziedzictwa-unesco\/#breadcrumb"},"inLanguage":"pl-PL","potentialAction":[{"@type":"ReadAction","target":["https:\/\/9staedte.de\/pl\/hildesheim-miasto-wpisane-na-liste-swiatowego-dziedzictwa-unesco\/"]}]},{"@type":"ImageObject","inLanguage":"pl-PL","@id":"https:\/\/9staedte.de\/pl\/hildesheim-miasto-wpisane-na-liste-swiatowego-dziedzictwa-unesco\/#primaryimage","url":"https:\/\/9staedte.de\/wp-content\/uploads\/2023\/07\/Hildesheim-Historic-Marketplace-with-Knochenhaueramtshaus-\u00a9-Hildesheim-Marketing-GmbH-Foto-Dagmar-Schwelle-1.jpg","contentUrl":"https:\/\/9staedte.de\/wp-content\/uploads\/2023\/07\/Hildesheim-Historic-Marketplace-with-Knochenhaueramtshaus-\u00a9-Hildesheim-Marketing-GmbH-Foto-Dagmar-Schwelle-1.jpg","width":1020,"height":561,"caption":"Hildesheim Historic Marketplace with Knochenhaueramtshaus \u00a9 Hildesheim Marketing GmbH, Foto Dagmar Schwelle"},{"@type":"BreadcrumbList","@id":"https:\/\/9staedte.de\/pl\/hildesheim-miasto-wpisane-na-liste-swiatowego-dziedzictwa-unesco\/#breadcrumb","itemListElement":[{"@type":"ListItem","position":1,"name":"Startseite","item":"https:\/\/9staedte.de\/pl\/"},{"@type":"ListItem","position":2,"name":"Hildesheim &#8211; miasto wpisane na list\u0119 \u015bwiatowego dziedzictwa UNESCO"}]},{"@type":"WebSite","@id":"https:\/\/9staedte.de\/pl\/#website","url":"https:\/\/9staedte.de\/pl\/","name":"9 St\u00e4dte in Niedersachsen","description":"","publisher":{"@id":"https:\/\/9staedte.de\/pl\/#organization"},"potentialAction":[{"@type":"SearchAction","target":{"@type":"EntryPoint","urlTemplate":"https:\/\/9staedte.de\/pl\/?s={search_term_string}"},"query-input":{"@type":"PropertyValueSpecification","valueRequired":true,"valueName":"search_term_string"}}],"inLanguage":"pl-PL"},{"@type":"Organization","@id":"https:\/\/9staedte.de\/pl\/#organization","name":"9 St\u00e4dte in Niedersachsen","url":"https:\/\/9staedte.de\/pl\/","logo":{"@type":"ImageObject","inLanguage":"pl-PL","@id":"https:\/\/9staedte.de\/pl\/#\/schema\/logo\/image\/","url":"https:\/\/9staedte.de\/wp-content\/uploads\/2025\/01\/9-neg-deutsch-2-1.png","contentUrl":"https:\/\/9staedte.de\/wp-content\/uploads\/2025\/01\/9-neg-deutsch-2-1.png","width":190,"height":114,"caption":"9 St\u00e4dte in Niedersachsen"},"image":{"@id":"https:\/\/9staedte.de\/pl\/#\/schema\/logo\/image\/"}}]}},"_links":{"self":[{"href":"https:\/\/9staedte.de\/pl\/wp-json\/wp\/v2\/pages\/17929","targetHints":{"allow":["GET"]}}],"collection":[{"href":"https:\/\/9staedte.de\/pl\/wp-json\/wp\/v2\/pages"}],"about":[{"href":"https:\/\/9staedte.de\/pl\/wp-json\/wp\/v2\/types\/page"}],"author":[{"embeddable":true,"href":"https:\/\/9staedte.de\/pl\/wp-json\/wp\/v2\/users\/1"}],"replies":[{"embeddable":true,"href":"https:\/\/9staedte.de\/pl\/wp-json\/wp\/v2\/comments?post=17929"}],"version-history":[{"count":3,"href":"https:\/\/9staedte.de\/pl\/wp-json\/wp\/v2\/pages\/17929\/revisions"}],"predecessor-version":[{"id":25540,"href":"https:\/\/9staedte.de\/pl\/wp-json\/wp\/v2\/pages\/17929\/revisions\/25540"}],"wp:featuredmedia":[{"embeddable":true,"href":"https:\/\/9staedte.de\/pl\/wp-json\/wp\/v2\/media\/17865"}],"wp:attachment":[{"href":"https:\/\/9staedte.de\/pl\/wp-json\/wp\/v2\/media?parent=17929"}],"wp:term":[{"taxonomy":"category","embeddable":true,"href":"https:\/\/9staedte.de\/pl\/wp-json\/wp\/v2\/categories?post=17929"},{"taxonomy":"post_tag","embeddable":true,"href":"https:\/\/9staedte.de\/pl\/wp-json\/wp\/v2\/tags?post=17929"},{"taxonomy":"ncap_cities_tax","embeddable":true,"href":"https:\/\/9staedte.de\/pl\/wp-json\/wp\/v2\/ncap_cities_tax?post=17929"}],"curies":[{"name":"wp","href":"https:\/\/api.w.org\/{rel}","templated":true}]}}