{"id":17928,"date":"2023-11-02T09:52:47","date_gmt":"2023-11-02T08:52:47","guid":{"rendered":"https:\/\/9staedte.de\/hamelin-legendarne-miasto-pied-piper\/"},"modified":"2025-02-18T16:31:14","modified_gmt":"2025-02-18T15:31:14","slug":"hamelin-legendarne-miasto-pied-piper","status":"publish","type":"page","link":"https:\/\/9staedte.de\/pl\/hamelin-legendarne-miasto-pied-piper\/","title":{"rendered":"Hameln &#8211; legendarne miasto Pied Piper"},"content":{"rendered":"\n<h2 class=\"wp-block-heading\">W samym \u015brodku Weserbergland<\/h2>\n\n\n\n<p>Po lewej i prawej stronie Wezery, mi\u0119dzy wzg\u00f3rzami Weserbergland, le\u017cy Hameln. Bezpo\u015brednio na niemieckim Szlaku Bajek, mroczny go\u015b\u0107 jest tu jak w domu &#8211; Pied Piper. Poznaj jego magi\u0119, ale tak\u017ce niezr\u00f3wnane stare miasto Hameln z imponuj\u0105cymi budynkami z piaskowca i muru pruskiego z XVIII wieku. Hameln \u017cyje zgodnie ze swoim \u015bwiatowym wizerunkiem kulturalnym w krajobrazie miasta oraz podczas wielu wydarze\u0144 i ofert. Pod koniec roku zapraszamy na jarmark bo\u017conarodzeniowy i MusicalWinter. Pi\u0119kny Weserbergland oferuje imponuj\u0105ce<br>T\u0142o dla wielu aktywno\u015bci na wodzie i na l\u0105dzie.<\/p>\n\n\n\n<p><a href=\"http:\/\/www.hameln.de\/\">www.hameln.de<\/a><\/p>\n\n\n\n\n<div class=\"banner-wrapper\">\n  <div class=\"banner-inner \">\n      <div class=\"img-container\">\n      <div class=\"img-wrapper\">\n        <img decoding=\"async\" src=\"https:\/\/9staedte.de\/wp-content\/smush-webp\/2023\/01\/Hameln-Flotte-Weser-c-HMT-1.jpg.webp\" alt=\"Na zdj\u0119ciu wida\u0107 dwie osoby nad rzek\u0105 Wezer\u0105 w Hameln. Robi\u0105 sobie selfie telefonem. W tle przep\u0142ywa du\u017cy bia\u0142y statek wycieczkowy. Na statku widnieje napis \u201eHameln\u201d. \u015awieci s\u0142o\u0144ce, pogoda jest \u0142adna. Atmosfera jest radosna.\" \/>\n                  <div class=\"thumbnail-label\">\n            <span>Hameln Flotte Weser c) HMT<\/span>\n          <\/div>\n              <\/div>\n    <\/div>\n        <div class=\"text-container\">\n      <div class=\"content\">\n        <p><strong>Specjalne wskaz\u00f3wki:<\/strong><\/p>\n<ul>\n<li>Spektakl plenerowy Pied Piper i musical Pied Piper &#8222;RATS&#8221;, oba bezp\u0142atne dla zwiedzaj\u0105cych, na \u015bwie\u017cym powietrzu w centrum starego miasta.<\/li>\n<li>Wycieczki z przewodnikiem, r\u00f3wnie\u017c z Pied Piper<\/li>\n<li>Jarmark bo\u017conarodzeniowy<\/li>\n<li>Musical Winter Hameln<\/li>\n<li>Przedstawienie kukie\u0142kowe Pied Piper w Domu Weselnym<\/li>\n<li>Muzeum Hameln z mechanicznym teatrem Pied Piper<\/li>\n<li>Rejs statkiem po Wezerze<\/li>\n<li>D\u0142ugodystansowa \u015bcie\u017cka rowerowa Weser<\/li>\n<\/ul>\n      <\/div>\n    <\/div>\n    <\/div>\n<\/div>\n\n\n\n\n<div style=\"height:30px\" aria-hidden=\"true\" class=\"wp-block-spacer\"><\/div>\n\n\n\n<div class=\"wp-block-columns is-layout-flex wp-container-core-columns-is-layout-9d6595d7 wp-block-columns-is-layout-flex\">\n<div class=\"wp-block-column is-layout-flow wp-block-column-is-layout-flow\" style=\"flex-basis:66.66%\">\n <div class=\"brlbs-cmpnt-container brlbs-cmpnt-content-blocker brlbs-cmpnt-with-individual-styles\" data-borlabs-cookie-content-blocker-id=\"google-maps\" data-borlabs-cookie-content=\"PGlmcmFtZSBzcmM9Imh0dHBzOi8vd3d3Lmdvb2dsZS5jb20vbWFwcy9kL2VtYmVkP21pZD0xbTBINGV1ejdYTGo4ZU1pb0ZobVFhWmRsWGxwLUV6TSZhbXA7ZWhiYz0yRTMxMkYiIHdpZHRoPSIxMDAlIiBoZWlnaHQ9IjQ1MCI+PC9pZnJhbWU+\"><div class=\"brlbs-cmpnt-cb-preset-b brlbs-cmpnt-cb-google-maps\"> <div class=\"brlbs-cmpnt-cb-thumbnail\" style=\"background-image: url('https:\/\/9staedte.de\/wp-content\/uploads\/borlabs-cookie\/1\/brlbs-cb-google-maps-main.png')\"><\/div> <div class=\"brlbs-cmpnt-cb-main\"> <div class=\"brlbs-cmpnt-cb-content\"> <p class=\"brlbs-cmpnt-cb-description\">Aktualnie wy\u015bwietlana jest tre\u015b\u0107 zast\u0119pcza z <strong>Google Maps<\/strong>. Aby uzyska\u0107 dost\u0119p do rzeczywistej tre\u015bci, kliknij poni\u017cszy przycisk. Pami\u0119taj, \u017ce spowoduje to udost\u0119pnienie danych zewn\u0119trznym operatorom.<\/p> <a class=\"brlbs-cmpnt-cb-provider-toggle\" href=\"#\" data-borlabs-cookie-show-provider-information role=\"button\">Wi\u0119cej informacji<\/a> <\/div> <div class=\"brlbs-cmpnt-cb-buttons\"> <a class=\"brlbs-cmpnt-cb-btn\" href=\"#\" data-borlabs-cookie-unblock role=\"button\">Odblokuj tre\u015b\u0107<\/a> <a class=\"brlbs-cmpnt-cb-btn\" href=\"#\" data-borlabs-cookie-accept-service role=\"button\" style=\"display: inherit\">Zaakceptuj wymagan\u0105 us\u0142ug\u0119 i odblokuj tre\u015b\u0107<\/a> <\/div> <\/div> <\/div><\/div>\n<\/div>\n\n\n\n<div class=\"wp-block-column is-layout-flow wp-block-column-is-layout-flow\" style=\"flex-basis:33.33%\">\n<p><strong>Interesuj\u0105ce miejsca:<\/strong><\/p>\n\n\n\n<ul class=\"wp-block-list map-legend main-legend\">\n<li>Centrum i teatr Weserbergland  <\/li>\n\n\n\n<li>Informacje turystyczne<\/li>\n\n\n\n<li>Pied Piper House  <\/li>\n\n\n\n<li>Muzeum w Leist- i Stiftsherrenhaus<\/li>\n\n\n\n<li>Dom weselny  <\/li>\n\n\n\n<li>St. Boniface Minster<\/li>\n\n\n\n<li>Pied Piper Hall<\/li>\n\n\n\n<li>Jetty  <\/li>\n\n\n\n<li>Lokalna g\u00f3ra Hameln &#8222;Kl\u00fct<\/li>\n<\/ul>\n<\/div>\n<\/div>\n\n\n\n<div style=\"height:60px\" aria-hidden=\"true\" class=\"wp-block-spacer\"><\/div>\n\n\n\n<div class=\"content-grid\">\n\n\n  \n  <div class=\"grid\">\n                        \n                    \n          <div class=\"featured-themen-single\">\n            <div class=\"featured-themen-single-inner\" style=\"background-image: url('https:\/\/9staedte.de\/wp-content\/smush-webp\/2023\/07\/Hameln-Stadtfuehrung-c-Hameln-Marketing-und-Tourismus-GmbH.jpg.webp')\">\n              \n              <a href=\"https:\/\/9staedte.de\/pl\/hamelin-legendarne-miasto-pied-piper\/wycieczki-po-miescie-w-hameln\/\">\n                <span>Wycieczki po mie\u015bcie w Hameln<\/span>\n              <\/a>\n            <\/div>\n          <\/div>\n    \n          \n                  \n                    \n          <div class=\"featured-themen-single\">\n            <div class=\"featured-themen-single-inner\" style=\"background-image: url('https:\/\/9staedte.de\/wp-content\/smush-webp\/2023\/02\/Hameln-Christmas-Market-n-c-Hameln-Marketing-und-Tourismus-GmbH-1.jpg.webp')\">\n              \n              <a href=\"https:\/\/9staedte.de\/pl\/hamelin-legendarne-miasto-pied-piper\/jarmark-bozonarodzeniowy-w-hamelin\/\">\n                <span>Jarmark bo\u017conarodzeniowy w Hamelin<\/span>\n              <\/a>\n            <\/div>\n          <\/div>\n    \n          \n                  \n                    \n          <div class=\"featured-themen-single\">\n            <div class=\"featured-themen-single-inner\" style=\"background-image: url('https:\/\/9staedte.de\/wp-content\/smush-webp\/2023\/01\/Hameln-Osterstrasse-c-HMT-1.jpg.webp')\">\n              \n              <a href=\"https:\/\/9staedte.de\/pl\/hamelin-legendarne-miasto-pied-piper\/zakwaterowanie-w-hamelin\/\">\n                <span>Zakwaterowanie w Hameln<\/span>\n              <\/a>\n            <\/div>\n          <\/div>\n    \n          \n                  \n                    \n          <div class=\"featured-themen-single\">\n            <div class=\"featured-themen-single-inner\" style=\"background-image: url('https:\/\/9staedte.de\/wp-content\/smush-webp\/2023\/01\/Rattenfaenger-vor-dem-Museum-Hameln-c-HMT.jpg.webp')\">\n              \n              <a href=\"https:\/\/9staedte.de\/pl\/hamelin-legendarne-miasto-pied-piper\/muzea-i-wystawy-w-hamelin\/\">\n                <span>Muzea i wystawy w Hameln<\/span>\n              <\/a>\n            <\/div>\n          <\/div>\n    \n          \n                  \n                    \n          <div class=\"featured-themen-single\">\n            <div class=\"featured-themen-single-inner\" style=\"background-image: url('https:\/\/9staedte.de\/wp-content\/smush-webp\/2023\/07\/Hameln-town-model-c-Hameln-Tourismus-und-Marketing-GmbH-Sabrina-Stoeckli.jpg.webp')\">\n              \n              <a href=\"https:\/\/9staedte.de\/pl\/hamelin-legendarne-miasto-pied-piper\/wrazenia-z-hamelin\/\">\n                <span>Wra\u017cenia z Hamelin<\/span>\n              <\/a>\n            <\/div>\n          <\/div>\n    \n          \n                          \n        <\/div>\n<\/div>","protected":false},"excerpt":{"rendered":"<p>W samym \u015brodku Weserbergland Po lewej i prawej stronie Wezery, mi\u0119dzy wzg\u00f3rzami Weserbergland, le\u017cy Hameln. Bezpo\u015brednio na niemieckim Szlaku Bajek, mroczny go\u015b\u0107 jest tu jak w domu &#8211; Pied Piper. Poznaj jego magi\u0119, ale tak\u017ce niezr\u00f3wnane stare miasto Hameln z imponuj\u0105cymi budynkami z piaskowca i muru pruskiego z XVIII wieku. Hameln \u017cyje zgodnie ze swoim [&hellip;]<\/p>\n","protected":false},"author":1,"featured_media":19458,"parent":0,"menu_order":0,"comment_status":"closed","ping_status":"closed","template":"pagetemplates\/template-stadtseite.php","meta":{"_acf_changed":false,"footnotes":""},"categories":[],"tags":[],"ncap_cities_tax":[450],"class_list":["post-17928","page","type-page","status-publish","has-post-thumbnail","hentry","ncap_cities_tax-hameln-pl"],"acf":[],"yoast_head":"<!-- This site is optimized with the Yoast SEO plugin v26.8 - https:\/\/yoast.com\/product\/yoast-seo-wordpress\/ -->\n<title>Hameln - legendarne miasto Pied Piper - 9 St\u00e4dte in Niedersachsen<\/title>\n<meta name=\"description\" content=\"Hamelin, legendarne miasto Pied Piper, znajduje si\u0119 w Weserbergland. Stare miasto zachwyca budynkami w stylu renesansu wezerskiego.\" \/>\n<meta name=\"robots\" content=\"index, follow, max-snippet:-1, max-image-preview:large, max-video-preview:-1\" \/>\n<link rel=\"canonical\" href=\"https:\/\/9staedte.de\/pl\/hamelin-legendarne-miasto-pied-piper\/\" \/>\n<meta property=\"og:locale\" content=\"pl_PL\" \/>\n<meta property=\"og:type\" content=\"article\" \/>\n<meta property=\"og:title\" content=\"Hameln - legendarne miasto Pied Piper - 9 St\u00e4dte in Niedersachsen\" \/>\n<meta property=\"og:description\" content=\"Hamelin, legendarne miasto Pied Piper, znajduje si\u0119 w Weserbergland. Stare miasto zachwyca budynkami w stylu renesansu wezerskiego.\" \/>\n<meta property=\"og:url\" content=\"https:\/\/9staedte.de\/pl\/hamelin-legendarne-miasto-pied-piper\/\" \/>\n<meta property=\"og:site_name\" content=\"9 St\u00e4dte in Niedersachsen\" \/>\n<meta property=\"article:modified_time\" content=\"2025-02-18T15:31:14+00:00\" \/>\n<meta property=\"og:image\" content=\"https:\/\/9staedte.de\/wp-content\/uploads\/2022\/03\/Rattenfaenger-im-Winter-c-Hameln-Marketing-und-Tourismus-GmbH1.jpg\" \/>\n\t<meta property=\"og:image:width\" content=\"2000\" \/>\n\t<meta property=\"og:image:height\" content=\"1333\" \/>\n\t<meta property=\"og:image:type\" content=\"image\/jpeg\" \/>\n<meta name=\"twitter:card\" content=\"summary_large_image\" \/>\n<meta name=\"twitter:label1\" content=\"Szacowany czas czytania\" \/>\n\t<meta name=\"twitter:data1\" content=\"1 minuta\" \/>\n<script type=\"application\/ld+json\" class=\"yoast-schema-graph\">{\"@context\":\"https:\/\/schema.org\",\"@graph\":[{\"@type\":\"WebPage\",\"@id\":\"https:\/\/9staedte.de\/pl\/hamelin-legendarne-miasto-pied-piper\/\",\"url\":\"https:\/\/9staedte.de\/pl\/hamelin-legendarne-miasto-pied-piper\/\",\"name\":\"Hameln - legendarne miasto Pied Piper - 9 St\u00e4dte in Niedersachsen\",\"isPartOf\":{\"@id\":\"https:\/\/9staedte.de\/pl\/#website\"},\"primaryImageOfPage\":{\"@id\":\"https:\/\/9staedte.de\/pl\/hamelin-legendarne-miasto-pied-piper\/#primaryimage\"},\"image\":{\"@id\":\"https:\/\/9staedte.de\/pl\/hamelin-legendarne-miasto-pied-piper\/#primaryimage\"},\"thumbnailUrl\":\"https:\/\/9staedte.de\/wp-content\/uploads\/2023\/07\/Rattenfaenger-Fuehrung-c-Hameln-Marketing-und-Tourismus-GmbhG-scaled.jpg\",\"datePublished\":\"2023-11-02T08:52:47+00:00\",\"dateModified\":\"2025-02-18T15:31:14+00:00\",\"description\":\"Hamelin, legendarne miasto Pied Piper, znajduje si\u0119 w Weserbergland. Stare miasto zachwyca budynkami w stylu renesansu wezerskiego.\",\"breadcrumb\":{\"@id\":\"https:\/\/9staedte.de\/pl\/hamelin-legendarne-miasto-pied-piper\/#breadcrumb\"},\"inLanguage\":\"pl-PL\",\"potentialAction\":[{\"@type\":\"ReadAction\",\"target\":[\"https:\/\/9staedte.de\/pl\/hamelin-legendarne-miasto-pied-piper\/\"]}]},{\"@type\":\"ImageObject\",\"inLanguage\":\"pl-PL\",\"@id\":\"https:\/\/9staedte.de\/pl\/hamelin-legendarne-miasto-pied-piper\/#primaryimage\",\"url\":\"https:\/\/9staedte.de\/wp-content\/uploads\/2023\/07\/Rattenfaenger-Fuehrung-c-Hameln-Marketing-und-Tourismus-GmbhG-scaled.jpg\",\"contentUrl\":\"https:\/\/9staedte.de\/wp-content\/uploads\/2023\/07\/Rattenfaenger-Fuehrung-c-Hameln-Marketing-und-Tourismus-GmbhG-scaled.jpg\",\"width\":2560,\"height\":1385,\"caption\":\"Rattenf\u00e4nger-F\u00fchrung c) Hameln Marketing und Tourismus GmbH\"},{\"@type\":\"BreadcrumbList\",\"@id\":\"https:\/\/9staedte.de\/pl\/hamelin-legendarne-miasto-pied-piper\/#breadcrumb\",\"itemListElement\":[{\"@type\":\"ListItem\",\"position\":1,\"name\":\"Startseite\",\"item\":\"https:\/\/9staedte.de\/pl\/\"},{\"@type\":\"ListItem\",\"position\":2,\"name\":\"Hameln &#8211; legendarne miasto Pied Piper\"}]},{\"@type\":\"WebSite\",\"@id\":\"https:\/\/9staedte.de\/pl\/#website\",\"url\":\"https:\/\/9staedte.de\/pl\/\",\"name\":\"9 St\u00e4dte in Niedersachsen\",\"description\":\"\",\"publisher\":{\"@id\":\"https:\/\/9staedte.de\/pl\/#organization\"},\"potentialAction\":[{\"@type\":\"SearchAction\",\"target\":{\"@type\":\"EntryPoint\",\"urlTemplate\":\"https:\/\/9staedte.de\/pl\/?s={search_term_string}\"},\"query-input\":{\"@type\":\"PropertyValueSpecification\",\"valueRequired\":true,\"valueName\":\"search_term_string\"}}],\"inLanguage\":\"pl-PL\"},{\"@type\":\"Organization\",\"@id\":\"https:\/\/9staedte.de\/pl\/#organization\",\"name\":\"9 St\u00e4dte in Niedersachsen\",\"url\":\"https:\/\/9staedte.de\/pl\/\",\"logo\":{\"@type\":\"ImageObject\",\"inLanguage\":\"pl-PL\",\"@id\":\"https:\/\/9staedte.de\/pl\/#\/schema\/logo\/image\/\",\"url\":\"https:\/\/9staedte.de\/wp-content\/uploads\/2025\/01\/9-neg-deutsch-2-1.png\",\"contentUrl\":\"https:\/\/9staedte.de\/wp-content\/uploads\/2025\/01\/9-neg-deutsch-2-1.png\",\"width\":190,\"height\":114,\"caption\":\"9 St\u00e4dte in Niedersachsen\"},\"image\":{\"@id\":\"https:\/\/9staedte.de\/pl\/#\/schema\/logo\/image\/\"}}]}<\/script>\n<!-- \/ Yoast SEO plugin. -->","yoast_head_json":{"title":"Hameln - legendarne miasto Pied Piper - 9 St\u00e4dte in Niedersachsen","description":"Hamelin, legendarne miasto Pied Piper, znajduje si\u0119 w Weserbergland. Stare miasto zachwyca budynkami w stylu renesansu wezerskiego.","robots":{"index":"index","follow":"follow","max-snippet":"max-snippet:-1","max-image-preview":"max-image-preview:large","max-video-preview":"max-video-preview:-1"},"canonical":"https:\/\/9staedte.de\/pl\/hamelin-legendarne-miasto-pied-piper\/","og_locale":"pl_PL","og_type":"article","og_title":"Hameln - legendarne miasto Pied Piper - 9 St\u00e4dte in Niedersachsen","og_description":"Hamelin, legendarne miasto Pied Piper, znajduje si\u0119 w Weserbergland. Stare miasto zachwyca budynkami w stylu renesansu wezerskiego.","og_url":"https:\/\/9staedte.de\/pl\/hamelin-legendarne-miasto-pied-piper\/","og_site_name":"9 St\u00e4dte in Niedersachsen","article_modified_time":"2025-02-18T15:31:14+00:00","og_image":[{"width":2000,"height":1333,"url":"https:\/\/9staedte.de\/wp-content\/uploads\/2022\/03\/Rattenfaenger-im-Winter-c-Hameln-Marketing-und-Tourismus-GmbH1.jpg","type":"image\/jpeg"}],"twitter_card":"summary_large_image","twitter_misc":{"Szacowany czas czytania":"1 minuta"},"schema":{"@context":"https:\/\/schema.org","@graph":[{"@type":"WebPage","@id":"https:\/\/9staedte.de\/pl\/hamelin-legendarne-miasto-pied-piper\/","url":"https:\/\/9staedte.de\/pl\/hamelin-legendarne-miasto-pied-piper\/","name":"Hameln - legendarne miasto Pied Piper - 9 St\u00e4dte in Niedersachsen","isPartOf":{"@id":"https:\/\/9staedte.de\/pl\/#website"},"primaryImageOfPage":{"@id":"https:\/\/9staedte.de\/pl\/hamelin-legendarne-miasto-pied-piper\/#primaryimage"},"image":{"@id":"https:\/\/9staedte.de\/pl\/hamelin-legendarne-miasto-pied-piper\/#primaryimage"},"thumbnailUrl":"https:\/\/9staedte.de\/wp-content\/uploads\/2023\/07\/Rattenfaenger-Fuehrung-c-Hameln-Marketing-und-Tourismus-GmbhG-scaled.jpg","datePublished":"2023-11-02T08:52:47+00:00","dateModified":"2025-02-18T15:31:14+00:00","description":"Hamelin, legendarne miasto Pied Piper, znajduje si\u0119 w Weserbergland. Stare miasto zachwyca budynkami w stylu renesansu wezerskiego.","breadcrumb":{"@id":"https:\/\/9staedte.de\/pl\/hamelin-legendarne-miasto-pied-piper\/#breadcrumb"},"inLanguage":"pl-PL","potentialAction":[{"@type":"ReadAction","target":["https:\/\/9staedte.de\/pl\/hamelin-legendarne-miasto-pied-piper\/"]}]},{"@type":"ImageObject","inLanguage":"pl-PL","@id":"https:\/\/9staedte.de\/pl\/hamelin-legendarne-miasto-pied-piper\/#primaryimage","url":"https:\/\/9staedte.de\/wp-content\/uploads\/2023\/07\/Rattenfaenger-Fuehrung-c-Hameln-Marketing-und-Tourismus-GmbhG-scaled.jpg","contentUrl":"https:\/\/9staedte.de\/wp-content\/uploads\/2023\/07\/Rattenfaenger-Fuehrung-c-Hameln-Marketing-und-Tourismus-GmbhG-scaled.jpg","width":2560,"height":1385,"caption":"Rattenf\u00e4nger-F\u00fchrung c) Hameln Marketing und Tourismus GmbH"},{"@type":"BreadcrumbList","@id":"https:\/\/9staedte.de\/pl\/hamelin-legendarne-miasto-pied-piper\/#breadcrumb","itemListElement":[{"@type":"ListItem","position":1,"name":"Startseite","item":"https:\/\/9staedte.de\/pl\/"},{"@type":"ListItem","position":2,"name":"Hameln &#8211; legendarne miasto Pied Piper"}]},{"@type":"WebSite","@id":"https:\/\/9staedte.de\/pl\/#website","url":"https:\/\/9staedte.de\/pl\/","name":"9 St\u00e4dte in Niedersachsen","description":"","publisher":{"@id":"https:\/\/9staedte.de\/pl\/#organization"},"potentialAction":[{"@type":"SearchAction","target":{"@type":"EntryPoint","urlTemplate":"https:\/\/9staedte.de\/pl\/?s={search_term_string}"},"query-input":{"@type":"PropertyValueSpecification","valueRequired":true,"valueName":"search_term_string"}}],"inLanguage":"pl-PL"},{"@type":"Organization","@id":"https:\/\/9staedte.de\/pl\/#organization","name":"9 St\u00e4dte in Niedersachsen","url":"https:\/\/9staedte.de\/pl\/","logo":{"@type":"ImageObject","inLanguage":"pl-PL","@id":"https:\/\/9staedte.de\/pl\/#\/schema\/logo\/image\/","url":"https:\/\/9staedte.de\/wp-content\/uploads\/2025\/01\/9-neg-deutsch-2-1.png","contentUrl":"https:\/\/9staedte.de\/wp-content\/uploads\/2025\/01\/9-neg-deutsch-2-1.png","width":190,"height":114,"caption":"9 St\u00e4dte in Niedersachsen"},"image":{"@id":"https:\/\/9staedte.de\/pl\/#\/schema\/logo\/image\/"}}]}},"_links":{"self":[{"href":"https:\/\/9staedte.de\/pl\/wp-json\/wp\/v2\/pages\/17928","targetHints":{"allow":["GET"]}}],"collection":[{"href":"https:\/\/9staedte.de\/pl\/wp-json\/wp\/v2\/pages"}],"about":[{"href":"https:\/\/9staedte.de\/pl\/wp-json\/wp\/v2\/types\/page"}],"author":[{"embeddable":true,"href":"https:\/\/9staedte.de\/pl\/wp-json\/wp\/v2\/users\/1"}],"replies":[{"embeddable":true,"href":"https:\/\/9staedte.de\/pl\/wp-json\/wp\/v2\/comments?post=17928"}],"version-history":[{"count":4,"href":"https:\/\/9staedte.de\/pl\/wp-json\/wp\/v2\/pages\/17928\/revisions"}],"predecessor-version":[{"id":24832,"href":"https:\/\/9staedte.de\/pl\/wp-json\/wp\/v2\/pages\/17928\/revisions\/24832"}],"wp:featuredmedia":[{"embeddable":true,"href":"https:\/\/9staedte.de\/pl\/wp-json\/wp\/v2\/media\/19458"}],"wp:attachment":[{"href":"https:\/\/9staedte.de\/pl\/wp-json\/wp\/v2\/media?parent=17928"}],"wp:term":[{"taxonomy":"category","embeddable":true,"href":"https:\/\/9staedte.de\/pl\/wp-json\/wp\/v2\/categories?post=17928"},{"taxonomy":"post_tag","embeddable":true,"href":"https:\/\/9staedte.de\/pl\/wp-json\/wp\/v2\/tags?post=17928"},{"taxonomy":"ncap_cities_tax","embeddable":true,"href":"https:\/\/9staedte.de\/pl\/wp-json\/wp\/v2\/ncap_cities_tax?post=17928"}],"curies":[{"name":"wp","href":"https:\/\/api.w.org\/{rel}","templated":true}]}}