{"id":17906,"date":"2023-11-02T09:52:02","date_gmt":"2023-11-02T08:52:02","guid":{"rendered":"https:\/\/9staedte.de\/lotnisko-w-hanowerze-brama-do-9-miast\/"},"modified":"2023-11-02T09:52:02","modified_gmt":"2023-11-02T08:52:02","slug":"lotnisko-w-hanowerze-brama-do-9-miast","status":"publish","type":"page","link":"https:\/\/9staedte.de\/pl\/lotnisko-w-hanowerze-brama-do-9-miast\/","title":{"rendered":"Lotnisko w Hanowerze: brama do 9 miast"},"content":{"rendered":"\n<h2 class=\"wp-block-heading\">Port lotniczy Hanower &#8211; partner 9 miast w Dolnej Saksonii<\/h2>\n\n\n\n<p>Port lotniczy Hanower jest centralnym lotniskiem w p\u00f3\u0142nocnych Niemczech i bram\u0105 do &#8222;9 miast Dolnej Saksonii&#8221;.<\/p>\n\n\n\n<p>Lotnisko w Hanowerze jest dos\u0142ownie pierwszym adresem dla wielu odwiedzaj\u0105cych 9 miast Dolnej Saksonii. Dzi\u0119ki w\u0142asnemu po\u0142\u0105czeniu z wa\u017cnymi g\u0142\u00f3wnymi osiami komunikacyjnymi A2 i A7, lotnisko w Hanowerze jest optymalnym punktem wyj\u015bcia do dalszej podr\u00f3\u017cy. Linia S-Bahn S5 &#8222;Hannover Airport Line&#8221; prowadzi r\u00f3wnie\u017c bezpo\u015brednio z terminalu C do g\u0142\u00f3wnego dworca kolejowego stolicy kraju zwi\u0105zkowego Hanoweru, a tym samym do rozleg\u0142ych po\u0142\u0105cze\u0144 kolejowych. Wszystkie 9 miast jest zatem \u0142atwo dost\u0119pnych poci\u0105giem z lotniska w ci\u0105gu 30 do 110 minut.<\/p>\n\n\n\n<p><a href=\"http:\/\/www.hannover-airport.de\/\" target=\"_blank\" rel=\"noreferrer noopener\">hannover-airport.de<\/a><\/p>\n\n\n\n\n<div class=\"banner-wrapper\">\n  <div class=\"banner-inner \">\n      <div class=\"img-container\">\n      <div class=\"img-wrapper\">\n        <img decoding=\"async\" src=\"https:\/\/9staedte.de\/wp-content\/smush-webp\/2023\/08\/131014_mkp_haj_989.jpg.webp\" alt=\"\" \/>\n                  <div class=\"thumbnail-label\">\n            <span>Reisendes P\u00e4rchen im Wartebereich c) Hannover Airport Kruzszewski<\/span>\n          <\/div>\n              <\/div>\n    <\/div>\n        <div class=\"text-container\">\n      <div class=\"content\">\n        <p><strong>Besondere Tipps<\/strong><\/p>\n<ul>\n<li>Nur 150 Meter vom Eingang bis zum Boarding \u2013 Einfach fliegen<\/li>\n<li>Direkter S-Bahn-Anschluss von Terminal C zum Hauptbahnhof<\/li>\n<li>Flughafenf\u00fchrungen<\/li>\n<li>Diverse Veranstaltungsm\u00f6glichkeiten \u2013 z.B. Tagungen inklusive Flughafenflair!<\/li>\n<li>Erlebniswelt mit Dauerausstellung \u201eWelt der Luftfahrt\u201c, Kid\u2018s Airport, Flugsimulatoren und 360\u00b0-Aussichtsterrasse mit Blick aus Vorfeld<\/li>\n<li>Action, Fitness und Entspannung mit VR-Xperiences<\/li>\n<li>Fliegen wie ein Vogel \u2013 mit dem VR-Simulator Birdly<\/li>\n<\/ul>\n      <\/div>\n    <\/div>\n    <\/div>\n<\/div>\n\n\n\n\n<h2 class=\"wp-block-heading\"><strong>Lotnisko Hanower (HAJ)<\/strong><\/h2>\n\n\n\n <div class=\"brlbs-cmpnt-container brlbs-cmpnt-content-blocker brlbs-cmpnt-with-individual-styles\" data-borlabs-cookie-content-blocker-id=\"google-maps\" data-borlabs-cookie-content=\"PGlmcmFtZSBzcmM9Imh0dHBzOi8vd3d3Lmdvb2dsZS5jb20vbWFwcy9lbWJlZD9wYj0hMW0xOCExbTEyITFtMyExZDI0MzEuMDAyMzM1OTAzNzI5NSEyZDkuNjk1NTMzNDcwMDg4MDU1ITNkNTIuNDYwOTg1MTMzMDUxOTM1ITJtMyExZjAhMmYwITNmMCEzbTIhMWkxMDI0ITJpNzY4ITRmMTMuMSEzbTMhMW0yITFzMHg0N2IwNzIxNzUwOTA1NmIxJTNBMHhlNDQzNGI4NDRjNzNkMGU1ITJzRmx1Z2hhZmVuJTIwSGFubm92ZXIlMjAoSEFKKSE1ZTAhM20yITFzZGUhMnNkZSE0djE2OTIxNzQ2MDE1MzQhNW0yITFzZGUhMnNkZSIgd2lkdGg9IjYwMCIgaGVpZ2h0PSI0NTAiIHN0eWxlPSJib3JkZXI6MDsiIGFsbG93ZnVsbHNjcmVlbj0iIiBsb2FkaW5nPSJsYXp5IiByZWZlcnJlcnBvbGljeT0ibm8tcmVmZXJyZXItd2hlbi1kb3duZ3JhZGUiPjwvaWZyYW1lPg==\"><div class=\"brlbs-cmpnt-cb-preset-b brlbs-cmpnt-cb-google-maps\"> <div class=\"brlbs-cmpnt-cb-thumbnail\" style=\"background-image: url('https:\/\/9staedte.de\/wp-content\/uploads\/borlabs-cookie\/1\/brlbs-cb-google-maps-main.png')\"><\/div> <div class=\"brlbs-cmpnt-cb-main\"> <div class=\"brlbs-cmpnt-cb-content\"> <p class=\"brlbs-cmpnt-cb-description\">Aktualnie wy\u015bwietlana jest tre\u015b\u0107 zast\u0119pcza z <strong>Google Maps<\/strong>. Aby uzyska\u0107 dost\u0119p do rzeczywistej tre\u015bci, kliknij poni\u017cszy przycisk. Pami\u0119taj, \u017ce spowoduje to udost\u0119pnienie danych zewn\u0119trznym operatorom.<\/p> <a class=\"brlbs-cmpnt-cb-provider-toggle\" href=\"#\" data-borlabs-cookie-show-provider-information role=\"button\">Wi\u0119cej informacji<\/a> <\/div> <div class=\"brlbs-cmpnt-cb-buttons\"> <a class=\"brlbs-cmpnt-cb-btn\" href=\"#\" data-borlabs-cookie-unblock role=\"button\">Odblokuj tre\u015b\u0107<\/a> <a class=\"brlbs-cmpnt-cb-btn\" href=\"#\" data-borlabs-cookie-accept-service role=\"button\" style=\"display: inherit\">Zaakceptuj wymagan\u0105 us\u0142ug\u0119 i odblokuj tre\u015b\u0107<\/a> <\/div> <\/div> <\/div><\/div>\n\n\n\n<div style=\"height:38px\" aria-hidden=\"true\" class=\"wp-block-spacer\"><\/div>\n","protected":false},"excerpt":{"rendered":"<p>Port lotniczy Hanower &#8211; partner 9 miast w Dolnej Saksonii Port lotniczy Hanower jest centralnym lotniskiem w p\u00f3\u0142nocnych Niemczech i bram\u0105 do &#8222;9 miast Dolnej Saksonii&#8221;. Lotnisko w Hanowerze jest dos\u0142ownie pierwszym adresem dla wielu odwiedzaj\u0105cych 9 miast Dolnej Saksonii. Dzi\u0119ki w\u0142asnemu po\u0142\u0105czeniu z wa\u017cnymi g\u0142\u00f3wnymi osiami komunikacyjnymi A2 i A7, lotnisko w Hanowerze jest [&hellip;]<\/p>\n","protected":false},"author":1,"featured_media":17908,"parent":0,"menu_order":0,"comment_status":"closed","ping_status":"closed","template":"","meta":{"_acf_changed":false,"footnotes":""},"categories":[],"tags":[],"ncap_cities_tax":[],"class_list":["post-17906","page","type-page","status-publish","has-post-thumbnail","hentry"],"acf":[],"yoast_head":"<!-- This site is optimized with the Yoast SEO plugin v27.4 - https:\/\/yoast.com\/product\/yoast-seo-wordpress\/ -->\n<title>Lotnisko w Hanowerze: brama do 9 miast - 9 St\u00e4dte in Niedersachsen<\/title>\n<meta name=\"description\" content=\"Lotnisko w Hanowerze: dzi\u0119ki blisko\u015bci autostrad A7 i A2 oraz po\u0142\u0105czenia S-Bahn (kolej podmiejska), lotnisko jest idealnym punktem wyj\u015bcia do dalszej podr\u00f3\u017cy. do 9 miast\" \/>\n<meta name=\"robots\" content=\"index, follow, max-snippet:-1, max-image-preview:large, max-video-preview:-1\" \/>\n<link rel=\"canonical\" href=\"https:\/\/9staedte.de\/pl\/lotnisko-w-hanowerze-brama-do-9-miast\/\" \/>\n<meta property=\"og:locale\" content=\"pl_PL\" \/>\n<meta property=\"og:type\" content=\"article\" \/>\n<meta property=\"og:title\" content=\"Lotnisko w Hanowerze: brama do 9 miast - 9 St\u00e4dte in Niedersachsen\" \/>\n<meta property=\"og:description\" content=\"Lotnisko w Hanowerze: dzi\u0119ki blisko\u015bci autostrad A7 i A2 oraz po\u0142\u0105czenia S-Bahn (kolej podmiejska), lotnisko jest idealnym punktem wyj\u015bcia do dalszej podr\u00f3\u017cy. do 9 miast\" \/>\n<meta property=\"og:url\" content=\"https:\/\/9staedte.de\/pl\/lotnisko-w-hanowerze-brama-do-9-miast\/\" \/>\n<meta property=\"og:site_name\" content=\"9 St\u00e4dte in Niedersachsen\" \/>\n<meta property=\"og:image\" content=\"https:\/\/9staedte.de\/wp-content\/uploads\/2023\/08\/Hannover-Airport-c-Michael-Thomas.jpg\" \/>\n\t<meta property=\"og:image:width\" content=\"1020\" \/>\n\t<meta property=\"og:image:height\" content=\"560\" \/>\n\t<meta property=\"og:image:type\" content=\"image\/jpeg\" \/>\n<meta name=\"twitter:card\" content=\"summary_large_image\" \/>\n<meta name=\"twitter:label1\" content=\"Szacowany czas czytania\" \/>\n\t<meta name=\"twitter:data1\" content=\"1 minuta\" \/>\n<script type=\"application\/ld+json\" class=\"yoast-schema-graph\">{\"@context\":\"https:\\\/\\\/schema.org\",\"@graph\":[{\"@type\":\"WebPage\",\"@id\":\"https:\\\/\\\/9staedte.de\\\/pl\\\/lotnisko-w-hanowerze-brama-do-9-miast\\\/\",\"url\":\"https:\\\/\\\/9staedte.de\\\/pl\\\/lotnisko-w-hanowerze-brama-do-9-miast\\\/\",\"name\":\"Lotnisko w Hanowerze: brama do 9 miast - 9 St\u00e4dte in Niedersachsen\",\"isPartOf\":{\"@id\":\"https:\\\/\\\/9staedte.de\\\/pl\\\/#website\"},\"primaryImageOfPage\":{\"@id\":\"https:\\\/\\\/9staedte.de\\\/pl\\\/lotnisko-w-hanowerze-brama-do-9-miast\\\/#primaryimage\"},\"image\":{\"@id\":\"https:\\\/\\\/9staedte.de\\\/pl\\\/lotnisko-w-hanowerze-brama-do-9-miast\\\/#primaryimage\"},\"thumbnailUrl\":\"https:\\\/\\\/9staedte.de\\\/wp-content\\\/uploads\\\/2023\\\/08\\\/Hannover-Airport-c-Michael-Thomas.jpg\",\"datePublished\":\"2023-11-02T08:52:02+00:00\",\"description\":\"Lotnisko w Hanowerze: dzi\u0119ki blisko\u015bci autostrad A7 i A2 oraz po\u0142\u0105czenia S-Bahn (kolej podmiejska), lotnisko jest idealnym punktem wyj\u015bcia do dalszej podr\u00f3\u017cy. do 9 miast\",\"breadcrumb\":{\"@id\":\"https:\\\/\\\/9staedte.de\\\/pl\\\/lotnisko-w-hanowerze-brama-do-9-miast\\\/#breadcrumb\"},\"inLanguage\":\"pl-PL\",\"potentialAction\":[{\"@type\":\"ReadAction\",\"target\":[\"https:\\\/\\\/9staedte.de\\\/pl\\\/lotnisko-w-hanowerze-brama-do-9-miast\\\/\"]}]},{\"@type\":\"ImageObject\",\"inLanguage\":\"pl-PL\",\"@id\":\"https:\\\/\\\/9staedte.de\\\/pl\\\/lotnisko-w-hanowerze-brama-do-9-miast\\\/#primaryimage\",\"url\":\"https:\\\/\\\/9staedte.de\\\/wp-content\\\/uploads\\\/2023\\\/08\\\/Hannover-Airport-c-Michael-Thomas.jpg\",\"contentUrl\":\"https:\\\/\\\/9staedte.de\\\/wp-content\\\/uploads\\\/2023\\\/08\\\/Hannover-Airport-c-Michael-Thomas.jpg\",\"width\":1020,\"height\":560,\"caption\":\"Hannover Airport Luftbild Foto: Michael Thomas\"},{\"@type\":\"BreadcrumbList\",\"@id\":\"https:\\\/\\\/9staedte.de\\\/pl\\\/lotnisko-w-hanowerze-brama-do-9-miast\\\/#breadcrumb\",\"itemListElement\":[{\"@type\":\"ListItem\",\"position\":1,\"name\":\"Startseite\",\"item\":\"https:\\\/\\\/9staedte.de\\\/pl\\\/\"},{\"@type\":\"ListItem\",\"position\":2,\"name\":\"Lotnisko w Hanowerze: brama do 9 miast\"}]},{\"@type\":\"WebSite\",\"@id\":\"https:\\\/\\\/9staedte.de\\\/pl\\\/#website\",\"url\":\"https:\\\/\\\/9staedte.de\\\/pl\\\/\",\"name\":\"9 St\u00e4dte in Niedersachsen\",\"description\":\"\",\"publisher\":{\"@id\":\"https:\\\/\\\/9staedte.de\\\/pl\\\/#organization\"},\"potentialAction\":[{\"@type\":\"SearchAction\",\"target\":{\"@type\":\"EntryPoint\",\"urlTemplate\":\"https:\\\/\\\/9staedte.de\\\/pl\\\/?s={search_term_string}\"},\"query-input\":{\"@type\":\"PropertyValueSpecification\",\"valueRequired\":true,\"valueName\":\"search_term_string\"}}],\"inLanguage\":\"pl-PL\"},{\"@type\":\"Organization\",\"@id\":\"https:\\\/\\\/9staedte.de\\\/pl\\\/#organization\",\"name\":\"9 St\u00e4dte in Niedersachsen\",\"url\":\"https:\\\/\\\/9staedte.de\\\/pl\\\/\",\"logo\":{\"@type\":\"ImageObject\",\"inLanguage\":\"pl-PL\",\"@id\":\"https:\\\/\\\/9staedte.de\\\/pl\\\/#\\\/schema\\\/logo\\\/image\\\/\",\"url\":\"https:\\\/\\\/9staedte.de\\\/wp-content\\\/uploads\\\/2025\\\/01\\\/9-neg-deutsch-2-1.png\",\"contentUrl\":\"https:\\\/\\\/9staedte.de\\\/wp-content\\\/uploads\\\/2025\\\/01\\\/9-neg-deutsch-2-1.png\",\"width\":190,\"height\":114,\"caption\":\"9 St\u00e4dte in Niedersachsen\"},\"image\":{\"@id\":\"https:\\\/\\\/9staedte.de\\\/pl\\\/#\\\/schema\\\/logo\\\/image\\\/\"}}]}<\/script>\n<!-- \/ Yoast SEO plugin. -->","yoast_head_json":{"title":"Lotnisko w Hanowerze: brama do 9 miast - 9 St\u00e4dte in Niedersachsen","description":"Lotnisko w Hanowerze: dzi\u0119ki blisko\u015bci autostrad A7 i A2 oraz po\u0142\u0105czenia S-Bahn (kolej podmiejska), lotnisko jest idealnym punktem wyj\u015bcia do dalszej podr\u00f3\u017cy. do 9 miast","robots":{"index":"index","follow":"follow","max-snippet":"max-snippet:-1","max-image-preview":"max-image-preview:large","max-video-preview":"max-video-preview:-1"},"canonical":"https:\/\/9staedte.de\/pl\/lotnisko-w-hanowerze-brama-do-9-miast\/","og_locale":"pl_PL","og_type":"article","og_title":"Lotnisko w Hanowerze: brama do 9 miast - 9 St\u00e4dte in Niedersachsen","og_description":"Lotnisko w Hanowerze: dzi\u0119ki blisko\u015bci autostrad A7 i A2 oraz po\u0142\u0105czenia S-Bahn (kolej podmiejska), lotnisko jest idealnym punktem wyj\u015bcia do dalszej podr\u00f3\u017cy. do 9 miast","og_url":"https:\/\/9staedte.de\/pl\/lotnisko-w-hanowerze-brama-do-9-miast\/","og_site_name":"9 St\u00e4dte in Niedersachsen","og_image":[{"width":1020,"height":560,"url":"https:\/\/9staedte.de\/wp-content\/uploads\/2023\/08\/Hannover-Airport-c-Michael-Thomas.jpg","type":"image\/jpeg"}],"twitter_card":"summary_large_image","twitter_misc":{"Szacowany czas czytania":"1 minuta"},"schema":{"@context":"https:\/\/schema.org","@graph":[{"@type":"WebPage","@id":"https:\/\/9staedte.de\/pl\/lotnisko-w-hanowerze-brama-do-9-miast\/","url":"https:\/\/9staedte.de\/pl\/lotnisko-w-hanowerze-brama-do-9-miast\/","name":"Lotnisko w Hanowerze: brama do 9 miast - 9 St\u00e4dte in Niedersachsen","isPartOf":{"@id":"https:\/\/9staedte.de\/pl\/#website"},"primaryImageOfPage":{"@id":"https:\/\/9staedte.de\/pl\/lotnisko-w-hanowerze-brama-do-9-miast\/#primaryimage"},"image":{"@id":"https:\/\/9staedte.de\/pl\/lotnisko-w-hanowerze-brama-do-9-miast\/#primaryimage"},"thumbnailUrl":"https:\/\/9staedte.de\/wp-content\/uploads\/2023\/08\/Hannover-Airport-c-Michael-Thomas.jpg","datePublished":"2023-11-02T08:52:02+00:00","description":"Lotnisko w Hanowerze: dzi\u0119ki blisko\u015bci autostrad A7 i A2 oraz po\u0142\u0105czenia S-Bahn (kolej podmiejska), lotnisko jest idealnym punktem wyj\u015bcia do dalszej podr\u00f3\u017cy. do 9 miast","breadcrumb":{"@id":"https:\/\/9staedte.de\/pl\/lotnisko-w-hanowerze-brama-do-9-miast\/#breadcrumb"},"inLanguage":"pl-PL","potentialAction":[{"@type":"ReadAction","target":["https:\/\/9staedte.de\/pl\/lotnisko-w-hanowerze-brama-do-9-miast\/"]}]},{"@type":"ImageObject","inLanguage":"pl-PL","@id":"https:\/\/9staedte.de\/pl\/lotnisko-w-hanowerze-brama-do-9-miast\/#primaryimage","url":"https:\/\/9staedte.de\/wp-content\/uploads\/2023\/08\/Hannover-Airport-c-Michael-Thomas.jpg","contentUrl":"https:\/\/9staedte.de\/wp-content\/uploads\/2023\/08\/Hannover-Airport-c-Michael-Thomas.jpg","width":1020,"height":560,"caption":"Hannover Airport Luftbild Foto: Michael Thomas"},{"@type":"BreadcrumbList","@id":"https:\/\/9staedte.de\/pl\/lotnisko-w-hanowerze-brama-do-9-miast\/#breadcrumb","itemListElement":[{"@type":"ListItem","position":1,"name":"Startseite","item":"https:\/\/9staedte.de\/pl\/"},{"@type":"ListItem","position":2,"name":"Lotnisko w Hanowerze: brama do 9 miast"}]},{"@type":"WebSite","@id":"https:\/\/9staedte.de\/pl\/#website","url":"https:\/\/9staedte.de\/pl\/","name":"9 St\u00e4dte in Niedersachsen","description":"","publisher":{"@id":"https:\/\/9staedte.de\/pl\/#organization"},"potentialAction":[{"@type":"SearchAction","target":{"@type":"EntryPoint","urlTemplate":"https:\/\/9staedte.de\/pl\/?s={search_term_string}"},"query-input":{"@type":"PropertyValueSpecification","valueRequired":true,"valueName":"search_term_string"}}],"inLanguage":"pl-PL"},{"@type":"Organization","@id":"https:\/\/9staedte.de\/pl\/#organization","name":"9 St\u00e4dte in Niedersachsen","url":"https:\/\/9staedte.de\/pl\/","logo":{"@type":"ImageObject","inLanguage":"pl-PL","@id":"https:\/\/9staedte.de\/pl\/#\/schema\/logo\/image\/","url":"https:\/\/9staedte.de\/wp-content\/uploads\/2025\/01\/9-neg-deutsch-2-1.png","contentUrl":"https:\/\/9staedte.de\/wp-content\/uploads\/2025\/01\/9-neg-deutsch-2-1.png","width":190,"height":114,"caption":"9 St\u00e4dte in Niedersachsen"},"image":{"@id":"https:\/\/9staedte.de\/pl\/#\/schema\/logo\/image\/"}}]}},"_links":{"self":[{"href":"https:\/\/9staedte.de\/pl\/wp-json\/wp\/v2\/pages\/17906","targetHints":{"allow":["GET"]}}],"collection":[{"href":"https:\/\/9staedte.de\/pl\/wp-json\/wp\/v2\/pages"}],"about":[{"href":"https:\/\/9staedte.de\/pl\/wp-json\/wp\/v2\/types\/page"}],"author":[{"embeddable":true,"href":"https:\/\/9staedte.de\/pl\/wp-json\/wp\/v2\/users\/1"}],"replies":[{"embeddable":true,"href":"https:\/\/9staedte.de\/pl\/wp-json\/wp\/v2\/comments?post=17906"}],"version-history":[{"count":0,"href":"https:\/\/9staedte.de\/pl\/wp-json\/wp\/v2\/pages\/17906\/revisions"}],"wp:featuredmedia":[{"embeddable":true,"href":"https:\/\/9staedte.de\/pl\/wp-json\/wp\/v2\/media\/17908"}],"wp:attachment":[{"href":"https:\/\/9staedte.de\/pl\/wp-json\/wp\/v2\/media?parent=17906"}],"wp:term":[{"taxonomy":"category","embeddable":true,"href":"https:\/\/9staedte.de\/pl\/wp-json\/wp\/v2\/categories?post=17906"},{"taxonomy":"post_tag","embeddable":true,"href":"https:\/\/9staedte.de\/pl\/wp-json\/wp\/v2\/tags?post=17906"},{"taxonomy":"ncap_cities_tax","embeddable":true,"href":"https:\/\/9staedte.de\/pl\/wp-json\/wp\/v2\/ncap_cities_tax?post=17906"}],"curies":[{"name":"wp","href":"https:\/\/api.w.org\/{rel}","templated":true}]}}