{"id":17879,"date":"2023-11-02T09:51:31","date_gmt":"2023-11-02T08:51:31","guid":{"rendered":"https:\/\/9staedte.de\/jarmarki-bozonarodzeniowe-w-9-miastach\/"},"modified":"2025-11-13T14:48:18","modified_gmt":"2025-11-13T13:48:18","slug":"jarmarki-bozonarodzeniowe-w-9-miastach","status":"publish","type":"page","link":"https:\/\/9staedte.de\/pl\/jarmarki-bozonarodzeniowe-w-9-miastach\/","title":{"rendered":"Jarmarki bo\u017conarodzeniowe w 9 miastach Dolnej Saksonii"},"content":{"rendered":"\n<h2 class=\"wp-block-heading\">Gdzie jarmarki bo\u017conarodzeniowe zachwycaj\u0105&#8230;<\/h2>\n\n<p><strong>Tradycyjny \u015bwi\u0105teczny nastr\u00f3j w jednym z najpi\u0119kniejszych region\u00f3w jarmark\u00f3w bo\u017conarodzeniowych w Niemczech<\/strong><\/p>\n\n<p>Jarmarki bo\u017conarodzeniowe w 9 miastach Dolnej Saksonii b\u0142yszcz\u0105 na tle historycznych krajobraz\u00f3w: \u015bwi\u0105tecznie udekorowane place, tradycyjne oferty i nastrojowe \u015bwi\u0105teczne zakupy sprawiaj\u0105, \u017ce ka\u017cda wizyta jest wyj\u0105tkowa. Autostadt r\u00f3wnie\u017c l\u015bni jak zimowa kraina czar\u00f3w.   <br\/>Dzi\u0119ki niewielkim odleg\u0142o\u015bciom, miasta mo\u017cna wspaniale odkry\u0107 podczas przed\u015bwi\u0105tecznej wycieczki objazdowej.<br\/><\/p>\n\n<p><\/p>\n","protected":false},"excerpt":{"rendered":"<p>Gdzie jarmarki bo\u017conarodzeniowe zachwycaj\u0105&#8230; Tradycyjny \u015bwi\u0105teczny nastr\u00f3j w jednym z najpi\u0119kniejszych region\u00f3w jarmark\u00f3w bo\u017conarodzeniowych w Niemczech Jarmarki bo\u017conarodzeniowe w 9 miastach Dolnej Saksonii b\u0142yszcz\u0105 na tle historycznych krajobraz\u00f3w: \u015bwi\u0105tecznie udekorowane place, tradycyjne oferty i nastrojowe \u015bwi\u0105teczne zakupy sprawiaj\u0105, \u017ce ka\u017cda wizyta jest wyj\u0105tkowa. Autostadt r\u00f3wnie\u017c l\u015bni jak zimowa kraina czar\u00f3w. Dzi\u0119ki niewielkim odleg\u0142o\u015bciom, miasta mo\u017cna [&hellip;]<\/p>\n","protected":false},"author":1,"featured_media":26987,"parent":0,"menu_order":0,"comment_status":"closed","ping_status":"closed","template":"pagetemplates\/template-thema.php","meta":{"_acf_changed":false,"footnotes":""},"categories":[],"tags":[],"ncap_cities_tax":[],"class_list":["post-17879","page","type-page","status-publish","has-post-thumbnail","hentry"],"acf":[],"yoast_head":"<!-- This site is optimized with the Yoast SEO plugin v27.4 - https:\/\/yoast.com\/product\/yoast-seo-wordpress\/ -->\n<title>Jarmarki bo\u017conarodzeniowe w 9 miastach Dolnej Saksonii - 9 St\u00e4dte in Niedersachsen<\/title>\n<meta name=\"description\" content=\"Najpi\u0119kniejsze jarmarki bo\u017conarodzeniowe w Dolnej Saksonii b\u0142yszcz\u0105 na tle czaruj\u0105cych historycznych scenerii w 9 miastach Dolnej Saksonii.\" \/>\n<meta name=\"robots\" content=\"index, follow, max-snippet:-1, max-image-preview:large, max-video-preview:-1\" \/>\n<link rel=\"canonical\" href=\"https:\/\/9staedte.de\/pl\/jarmarki-bozonarodzeniowe-w-9-miastach\/\" \/>\n<meta property=\"og:locale\" content=\"pl_PL\" \/>\n<meta property=\"og:type\" content=\"article\" \/>\n<meta property=\"og:title\" content=\"Jarmarki bo\u017conarodzeniowe w 9 miastach Dolnej Saksonii - 9 St\u00e4dte in Niedersachsen\" \/>\n<meta property=\"og:description\" content=\"Najpi\u0119kniejsze jarmarki bo\u017conarodzeniowe w Dolnej Saksonii b\u0142yszcz\u0105 na tle czaruj\u0105cych historycznych scenerii w 9 miastach Dolnej Saksonii.\" \/>\n<meta property=\"og:url\" content=\"https:\/\/9staedte.de\/pl\/jarmarki-bozonarodzeniowe-w-9-miastach\/\" \/>\n<meta property=\"og:site_name\" content=\"9 St\u00e4dte in Niedersachsen\" \/>\n<meta property=\"article:modified_time\" content=\"2025-11-13T13:48:18+00:00\" \/>\n<meta property=\"og:image\" content=\"https:\/\/9staedte.de\/wp-content\/uploads\/2025\/09\/Goslar_Weihnachtswald_GOSLAR_marketing_gmbh_Michael_Abid.jpg\" \/>\n\t<meta property=\"og:image:width\" content=\"1020\" \/>\n\t<meta property=\"og:image:height\" content=\"560\" \/>\n\t<meta property=\"og:image:type\" content=\"image\/jpeg\" \/>\n<meta name=\"twitter:card\" content=\"summary_large_image\" \/>\n<meta name=\"twitter:label1\" content=\"Szacowany czas czytania\" \/>\n\t<meta name=\"twitter:data1\" content=\"1 minuta\" \/>\n<script type=\"application\/ld+json\" class=\"yoast-schema-graph\">{\"@context\":\"https:\\\/\\\/schema.org\",\"@graph\":[{\"@type\":\"WebPage\",\"@id\":\"https:\\\/\\\/9staedte.de\\\/pl\\\/jarmarki-bozonarodzeniowe-w-9-miastach\\\/\",\"url\":\"https:\\\/\\\/9staedte.de\\\/pl\\\/jarmarki-bozonarodzeniowe-w-9-miastach\\\/\",\"name\":\"Jarmarki bo\u017conarodzeniowe w 9 miastach Dolnej Saksonii - 9 St\u00e4dte in Niedersachsen\",\"isPartOf\":{\"@id\":\"https:\\\/\\\/9staedte.de\\\/pl\\\/#website\"},\"primaryImageOfPage\":{\"@id\":\"https:\\\/\\\/9staedte.de\\\/pl\\\/jarmarki-bozonarodzeniowe-w-9-miastach\\\/#primaryimage\"},\"image\":{\"@id\":\"https:\\\/\\\/9staedte.de\\\/pl\\\/jarmarki-bozonarodzeniowe-w-9-miastach\\\/#primaryimage\"},\"thumbnailUrl\":\"https:\\\/\\\/9staedte.de\\\/wp-content\\\/uploads\\\/2025\\\/09\\\/Goslar_Weihnachtswald_GOSLAR_marketing_gmbh_Michael_Abid.jpg\",\"datePublished\":\"2023-11-02T08:51:31+00:00\",\"dateModified\":\"2025-11-13T13:48:18+00:00\",\"description\":\"Najpi\u0119kniejsze jarmarki bo\u017conarodzeniowe w Dolnej Saksonii b\u0142yszcz\u0105 na tle czaruj\u0105cych historycznych scenerii w 9 miastach Dolnej Saksonii.\",\"breadcrumb\":{\"@id\":\"https:\\\/\\\/9staedte.de\\\/pl\\\/jarmarki-bozonarodzeniowe-w-9-miastach\\\/#breadcrumb\"},\"inLanguage\":\"pl-PL\",\"potentialAction\":[{\"@type\":\"ReadAction\",\"target\":[\"https:\\\/\\\/9staedte.de\\\/pl\\\/jarmarki-bozonarodzeniowe-w-9-miastach\\\/\"]}]},{\"@type\":\"ImageObject\",\"inLanguage\":\"pl-PL\",\"@id\":\"https:\\\/\\\/9staedte.de\\\/pl\\\/jarmarki-bozonarodzeniowe-w-9-miastach\\\/#primaryimage\",\"url\":\"https:\\\/\\\/9staedte.de\\\/wp-content\\\/uploads\\\/2025\\\/09\\\/Goslar_Weihnachtswald_GOSLAR_marketing_gmbh_Michael_Abid.jpg\",\"contentUrl\":\"https:\\\/\\\/9staedte.de\\\/wp-content\\\/uploads\\\/2025\\\/09\\\/Goslar_Weihnachtswald_GOSLAR_marketing_gmbh_Michael_Abid.jpg\",\"width\":1020,\"height\":560,\"caption\":\"Goslar Weihnachtswald c) GOSLAR marketing gmbh Michael_Abid\"},{\"@type\":\"BreadcrumbList\",\"@id\":\"https:\\\/\\\/9staedte.de\\\/pl\\\/jarmarki-bozonarodzeniowe-w-9-miastach\\\/#breadcrumb\",\"itemListElement\":[{\"@type\":\"ListItem\",\"position\":1,\"name\":\"Startseite\",\"item\":\"https:\\\/\\\/9staedte.de\\\/pl\\\/\"},{\"@type\":\"ListItem\",\"position\":2,\"name\":\"Jarmarki bo\u017conarodzeniowe w 9 miastach Dolnej Saksonii\"}]},{\"@type\":\"WebSite\",\"@id\":\"https:\\\/\\\/9staedte.de\\\/pl\\\/#website\",\"url\":\"https:\\\/\\\/9staedte.de\\\/pl\\\/\",\"name\":\"9 St\u00e4dte in Niedersachsen\",\"description\":\"\",\"publisher\":{\"@id\":\"https:\\\/\\\/9staedte.de\\\/pl\\\/#organization\"},\"potentialAction\":[{\"@type\":\"SearchAction\",\"target\":{\"@type\":\"EntryPoint\",\"urlTemplate\":\"https:\\\/\\\/9staedte.de\\\/pl\\\/?s={search_term_string}\"},\"query-input\":{\"@type\":\"PropertyValueSpecification\",\"valueRequired\":true,\"valueName\":\"search_term_string\"}}],\"inLanguage\":\"pl-PL\"},{\"@type\":\"Organization\",\"@id\":\"https:\\\/\\\/9staedte.de\\\/pl\\\/#organization\",\"name\":\"9 St\u00e4dte in Niedersachsen\",\"url\":\"https:\\\/\\\/9staedte.de\\\/pl\\\/\",\"logo\":{\"@type\":\"ImageObject\",\"inLanguage\":\"pl-PL\",\"@id\":\"https:\\\/\\\/9staedte.de\\\/pl\\\/#\\\/schema\\\/logo\\\/image\\\/\",\"url\":\"https:\\\/\\\/9staedte.de\\\/wp-content\\\/uploads\\\/2025\\\/01\\\/9-neg-deutsch-2-1.png\",\"contentUrl\":\"https:\\\/\\\/9staedte.de\\\/wp-content\\\/uploads\\\/2025\\\/01\\\/9-neg-deutsch-2-1.png\",\"width\":190,\"height\":114,\"caption\":\"9 St\u00e4dte in Niedersachsen\"},\"image\":{\"@id\":\"https:\\\/\\\/9staedte.de\\\/pl\\\/#\\\/schema\\\/logo\\\/image\\\/\"}}]}<\/script>\n<!-- \/ Yoast SEO plugin. -->","yoast_head_json":{"title":"Jarmarki bo\u017conarodzeniowe w 9 miastach Dolnej Saksonii - 9 St\u00e4dte in Niedersachsen","description":"Najpi\u0119kniejsze jarmarki bo\u017conarodzeniowe w Dolnej Saksonii b\u0142yszcz\u0105 na tle czaruj\u0105cych historycznych scenerii w 9 miastach Dolnej Saksonii.","robots":{"index":"index","follow":"follow","max-snippet":"max-snippet:-1","max-image-preview":"max-image-preview:large","max-video-preview":"max-video-preview:-1"},"canonical":"https:\/\/9staedte.de\/pl\/jarmarki-bozonarodzeniowe-w-9-miastach\/","og_locale":"pl_PL","og_type":"article","og_title":"Jarmarki bo\u017conarodzeniowe w 9 miastach Dolnej Saksonii - 9 St\u00e4dte in Niedersachsen","og_description":"Najpi\u0119kniejsze jarmarki bo\u017conarodzeniowe w Dolnej Saksonii b\u0142yszcz\u0105 na tle czaruj\u0105cych historycznych scenerii w 9 miastach Dolnej Saksonii.","og_url":"https:\/\/9staedte.de\/pl\/jarmarki-bozonarodzeniowe-w-9-miastach\/","og_site_name":"9 St\u00e4dte in Niedersachsen","article_modified_time":"2025-11-13T13:48:18+00:00","og_image":[{"width":1020,"height":560,"url":"https:\/\/9staedte.de\/wp-content\/uploads\/2025\/09\/Goslar_Weihnachtswald_GOSLAR_marketing_gmbh_Michael_Abid.jpg","type":"image\/jpeg"}],"twitter_card":"summary_large_image","twitter_misc":{"Szacowany czas czytania":"1 minuta"},"schema":{"@context":"https:\/\/schema.org","@graph":[{"@type":"WebPage","@id":"https:\/\/9staedte.de\/pl\/jarmarki-bozonarodzeniowe-w-9-miastach\/","url":"https:\/\/9staedte.de\/pl\/jarmarki-bozonarodzeniowe-w-9-miastach\/","name":"Jarmarki bo\u017conarodzeniowe w 9 miastach Dolnej Saksonii - 9 St\u00e4dte in Niedersachsen","isPartOf":{"@id":"https:\/\/9staedte.de\/pl\/#website"},"primaryImageOfPage":{"@id":"https:\/\/9staedte.de\/pl\/jarmarki-bozonarodzeniowe-w-9-miastach\/#primaryimage"},"image":{"@id":"https:\/\/9staedte.de\/pl\/jarmarki-bozonarodzeniowe-w-9-miastach\/#primaryimage"},"thumbnailUrl":"https:\/\/9staedte.de\/wp-content\/uploads\/2025\/09\/Goslar_Weihnachtswald_GOSLAR_marketing_gmbh_Michael_Abid.jpg","datePublished":"2023-11-02T08:51:31+00:00","dateModified":"2025-11-13T13:48:18+00:00","description":"Najpi\u0119kniejsze jarmarki bo\u017conarodzeniowe w Dolnej Saksonii b\u0142yszcz\u0105 na tle czaruj\u0105cych historycznych scenerii w 9 miastach Dolnej Saksonii.","breadcrumb":{"@id":"https:\/\/9staedte.de\/pl\/jarmarki-bozonarodzeniowe-w-9-miastach\/#breadcrumb"},"inLanguage":"pl-PL","potentialAction":[{"@type":"ReadAction","target":["https:\/\/9staedte.de\/pl\/jarmarki-bozonarodzeniowe-w-9-miastach\/"]}]},{"@type":"ImageObject","inLanguage":"pl-PL","@id":"https:\/\/9staedte.de\/pl\/jarmarki-bozonarodzeniowe-w-9-miastach\/#primaryimage","url":"https:\/\/9staedte.de\/wp-content\/uploads\/2025\/09\/Goslar_Weihnachtswald_GOSLAR_marketing_gmbh_Michael_Abid.jpg","contentUrl":"https:\/\/9staedte.de\/wp-content\/uploads\/2025\/09\/Goslar_Weihnachtswald_GOSLAR_marketing_gmbh_Michael_Abid.jpg","width":1020,"height":560,"caption":"Goslar Weihnachtswald c) GOSLAR marketing gmbh Michael_Abid"},{"@type":"BreadcrumbList","@id":"https:\/\/9staedte.de\/pl\/jarmarki-bozonarodzeniowe-w-9-miastach\/#breadcrumb","itemListElement":[{"@type":"ListItem","position":1,"name":"Startseite","item":"https:\/\/9staedte.de\/pl\/"},{"@type":"ListItem","position":2,"name":"Jarmarki bo\u017conarodzeniowe w 9 miastach Dolnej Saksonii"}]},{"@type":"WebSite","@id":"https:\/\/9staedte.de\/pl\/#website","url":"https:\/\/9staedte.de\/pl\/","name":"9 St\u00e4dte in Niedersachsen","description":"","publisher":{"@id":"https:\/\/9staedte.de\/pl\/#organization"},"potentialAction":[{"@type":"SearchAction","target":{"@type":"EntryPoint","urlTemplate":"https:\/\/9staedte.de\/pl\/?s={search_term_string}"},"query-input":{"@type":"PropertyValueSpecification","valueRequired":true,"valueName":"search_term_string"}}],"inLanguage":"pl-PL"},{"@type":"Organization","@id":"https:\/\/9staedte.de\/pl\/#organization","name":"9 St\u00e4dte in Niedersachsen","url":"https:\/\/9staedte.de\/pl\/","logo":{"@type":"ImageObject","inLanguage":"pl-PL","@id":"https:\/\/9staedte.de\/pl\/#\/schema\/logo\/image\/","url":"https:\/\/9staedte.de\/wp-content\/uploads\/2025\/01\/9-neg-deutsch-2-1.png","contentUrl":"https:\/\/9staedte.de\/wp-content\/uploads\/2025\/01\/9-neg-deutsch-2-1.png","width":190,"height":114,"caption":"9 St\u00e4dte in Niedersachsen"},"image":{"@id":"https:\/\/9staedte.de\/pl\/#\/schema\/logo\/image\/"}}]}},"_links":{"self":[{"href":"https:\/\/9staedte.de\/pl\/wp-json\/wp\/v2\/pages\/17879","targetHints":{"allow":["GET"]}}],"collection":[{"href":"https:\/\/9staedte.de\/pl\/wp-json\/wp\/v2\/pages"}],"about":[{"href":"https:\/\/9staedte.de\/pl\/wp-json\/wp\/v2\/types\/page"}],"author":[{"embeddable":true,"href":"https:\/\/9staedte.de\/pl\/wp-json\/wp\/v2\/users\/1"}],"replies":[{"embeddable":true,"href":"https:\/\/9staedte.de\/pl\/wp-json\/wp\/v2\/comments?post=17879"}],"version-history":[{"count":6,"href":"https:\/\/9staedte.de\/pl\/wp-json\/wp\/v2\/pages\/17879\/revisions"}],"predecessor-version":[{"id":27513,"href":"https:\/\/9staedte.de\/pl\/wp-json\/wp\/v2\/pages\/17879\/revisions\/27513"}],"wp:featuredmedia":[{"embeddable":true,"href":"https:\/\/9staedte.de\/pl\/wp-json\/wp\/v2\/media\/26987"}],"wp:attachment":[{"href":"https:\/\/9staedte.de\/pl\/wp-json\/wp\/v2\/media?parent=17879"}],"wp:term":[{"taxonomy":"category","embeddable":true,"href":"https:\/\/9staedte.de\/pl\/wp-json\/wp\/v2\/categories?post=17879"},{"taxonomy":"post_tag","embeddable":true,"href":"https:\/\/9staedte.de\/pl\/wp-json\/wp\/v2\/tags?post=17879"},{"taxonomy":"ncap_cities_tax","embeddable":true,"href":"https:\/\/9staedte.de\/pl\/wp-json\/wp\/v2\/ncap_cities_tax?post=17879"}],"curies":[{"name":"wp","href":"https:\/\/api.w.org\/{rel}","templated":true}]}}