{"id":17833,"date":"2023-11-02T09:50:43","date_gmt":"2023-11-02T08:50:43","guid":{"rendered":"https:\/\/9staedte.de\/brunszwik-miasto-lwa\/wrazenia-z-braunschweig\/"},"modified":"2023-11-02T17:14:41","modified_gmt":"2023-11-02T16:14:41","slug":"wrazenia-z-braunschweig","status":"publish","type":"page","link":"https:\/\/9staedte.de\/pl\/brunszwik-miasto-lwa\/wrazenia-z-braunschweig\/","title":{"rendered":"Wra\u017cenia z Braunschweig"},"content":{"rendered":"\n<h2 class=\"wp-block-heading\">T\u0119tni\u0105ce \u017cyciem miasto z histori\u0105<\/h2>\n\n\n\n<h3 class=\"wp-block-heading\">Przegl\u0105d<\/h3>\n","protected":false},"excerpt":{"rendered":"<p>T\u0119tni\u0105ce \u017cyciem miasto z histori\u0105 Przegl\u0105d<\/p>\n","protected":false},"author":1,"featured_media":15929,"parent":17616,"menu_order":0,"comment_status":"closed","ping_status":"closed","template":"pagetemplates\/template-stadtimpressionen.php","meta":{"_acf_changed":false,"footnotes":""},"categories":[],"tags":[],"ncap_cities_tax":[424,563],"class_list":["post-17833","page","type-page","status-publish","has-post-thumbnail","hentry","ncap_cities_tax-braunschweig-pl","ncap_cities_tax-impressionen-braunschweig-pl"],"acf":[],"yoast_head":"<!-- This site is optimized with the Yoast SEO plugin v26.8 - https:\/\/yoast.com\/product\/yoast-seo-wordpress\/ -->\n<title>Wra\u017cenia z Braunschweig - 9 St\u00e4dte in Niedersachsen<\/title>\n<meta name=\"robots\" content=\"index, follow, max-snippet:-1, max-image-preview:large, max-video-preview:-1\" \/>\n<link rel=\"canonical\" href=\"https:\/\/9staedte.de\/pl\/brunszwik-miasto-lwa\/wrazenia-z-braunschweig\/\" \/>\n<meta property=\"og:locale\" content=\"pl_PL\" \/>\n<meta property=\"og:type\" content=\"article\" \/>\n<meta property=\"og:title\" content=\"Wra\u017cenia z Braunschweig - 9 St\u00e4dte in Niedersachsen\" \/>\n<meta property=\"og:description\" content=\"T\u0119tni\u0105ce \u017cyciem miasto z histori\u0105 Przegl\u0105d\" \/>\n<meta property=\"og:url\" content=\"https:\/\/9staedte.de\/pl\/brunszwik-miasto-lwa\/wrazenia-z-braunschweig\/\" \/>\n<meta property=\"og:site_name\" content=\"9 St\u00e4dte in Niedersachsen\" \/>\n<meta property=\"article:modified_time\" content=\"2023-11-02T16:14:41+00:00\" \/>\n<meta property=\"og:image\" content=\"https:\/\/9staedte.de\/wp-content\/uploads\/2022\/02\/Braunschweig-Burgplatz-c-Braunschweig-Stadtmarketing-_Steffen-und-Bach.jpg\" \/>\n\t<meta property=\"og:image:width\" content=\"900\" \/>\n\t<meta property=\"og:image:height\" content=\"365\" \/>\n\t<meta property=\"og:image:type\" content=\"image\/jpeg\" \/>\n<meta name=\"twitter:card\" content=\"summary_large_image\" \/>\n<meta name=\"twitter:label1\" content=\"Szacowany czas czytania\" \/>\n\t<meta name=\"twitter:data1\" content=\"1 minuta\" \/>\n<script type=\"application\/ld+json\" class=\"yoast-schema-graph\">{\"@context\":\"https:\/\/schema.org\",\"@graph\":[{\"@type\":\"WebPage\",\"@id\":\"https:\/\/9staedte.de\/pl\/brunszwik-miasto-lwa\/wrazenia-z-braunschweig\/\",\"url\":\"https:\/\/9staedte.de\/pl\/brunszwik-miasto-lwa\/wrazenia-z-braunschweig\/\",\"name\":\"Wra\u017cenia z Braunschweig - 9 St\u00e4dte in Niedersachsen\",\"isPartOf\":{\"@id\":\"https:\/\/9staedte.de\/pl\/#website\"},\"primaryImageOfPage\":{\"@id\":\"https:\/\/9staedte.de\/pl\/brunszwik-miasto-lwa\/wrazenia-z-braunschweig\/#primaryimage\"},\"image\":{\"@id\":\"https:\/\/9staedte.de\/pl\/brunszwik-miasto-lwa\/wrazenia-z-braunschweig\/#primaryimage\"},\"thumbnailUrl\":\"https:\/\/9staedte.de\/wp-content\/uploads\/2022\/02\/Braunschweig-Burgplatz-c-Braunschweig-Stadtmarketing-_Steffen-und-Bach.jpg\",\"datePublished\":\"2023-11-02T08:50:43+00:00\",\"dateModified\":\"2023-11-02T16:14:41+00:00\",\"breadcrumb\":{\"@id\":\"https:\/\/9staedte.de\/pl\/brunszwik-miasto-lwa\/wrazenia-z-braunschweig\/#breadcrumb\"},\"inLanguage\":\"pl-PL\",\"potentialAction\":[{\"@type\":\"ReadAction\",\"target\":[\"https:\/\/9staedte.de\/pl\/brunszwik-miasto-lwa\/wrazenia-z-braunschweig\/\"]}]},{\"@type\":\"ImageObject\",\"inLanguage\":\"pl-PL\",\"@id\":\"https:\/\/9staedte.de\/pl\/brunszwik-miasto-lwa\/wrazenia-z-braunschweig\/#primaryimage\",\"url\":\"https:\/\/9staedte.de\/wp-content\/uploads\/2022\/02\/Braunschweig-Burgplatz-c-Braunschweig-Stadtmarketing-_Steffen-und-Bach.jpg\",\"contentUrl\":\"https:\/\/9staedte.de\/wp-content\/uploads\/2022\/02\/Braunschweig-Burgplatz-c-Braunschweig-Stadtmarketing-_Steffen-und-Bach.jpg\",\"width\":900,\"height\":365,\"caption\":\"Braunschweig-Burgplatz-c-Braunschweig-Stadtmarketing-_Steffen-und-Bach\"},{\"@type\":\"BreadcrumbList\",\"@id\":\"https:\/\/9staedte.de\/pl\/brunszwik-miasto-lwa\/wrazenia-z-braunschweig\/#breadcrumb\",\"itemListElement\":[{\"@type\":\"ListItem\",\"position\":1,\"name\":\"Startseite\",\"item\":\"https:\/\/9staedte.de\/pl\/\"},{\"@type\":\"ListItem\",\"position\":2,\"name\":\"Brunszwik &#8211; City of Lions\",\"item\":\"https:\/\/9staedte.de\/pl\/brunszwik-miasto-lwa\/\"},{\"@type\":\"ListItem\",\"position\":3,\"name\":\"Wra\u017cenia z Braunschweig\"}]},{\"@type\":\"WebSite\",\"@id\":\"https:\/\/9staedte.de\/pl\/#website\",\"url\":\"https:\/\/9staedte.de\/pl\/\",\"name\":\"9 St\u00e4dte in Niedersachsen\",\"description\":\"\",\"publisher\":{\"@id\":\"https:\/\/9staedte.de\/pl\/#organization\"},\"potentialAction\":[{\"@type\":\"SearchAction\",\"target\":{\"@type\":\"EntryPoint\",\"urlTemplate\":\"https:\/\/9staedte.de\/pl\/?s={search_term_string}\"},\"query-input\":{\"@type\":\"PropertyValueSpecification\",\"valueRequired\":true,\"valueName\":\"search_term_string\"}}],\"inLanguage\":\"pl-PL\"},{\"@type\":\"Organization\",\"@id\":\"https:\/\/9staedte.de\/pl\/#organization\",\"name\":\"9 St\u00e4dte in Niedersachsen\",\"url\":\"https:\/\/9staedte.de\/pl\/\",\"logo\":{\"@type\":\"ImageObject\",\"inLanguage\":\"pl-PL\",\"@id\":\"https:\/\/9staedte.de\/pl\/#\/schema\/logo\/image\/\",\"url\":\"https:\/\/9staedte.de\/wp-content\/uploads\/2025\/01\/9-neg-deutsch-2-1.png\",\"contentUrl\":\"https:\/\/9staedte.de\/wp-content\/uploads\/2025\/01\/9-neg-deutsch-2-1.png\",\"width\":190,\"height\":114,\"caption\":\"9 St\u00e4dte in Niedersachsen\"},\"image\":{\"@id\":\"https:\/\/9staedte.de\/pl\/#\/schema\/logo\/image\/\"}}]}<\/script>\n<!-- \/ Yoast SEO plugin. -->","yoast_head_json":{"title":"Wra\u017cenia z Braunschweig - 9 St\u00e4dte in Niedersachsen","robots":{"index":"index","follow":"follow","max-snippet":"max-snippet:-1","max-image-preview":"max-image-preview:large","max-video-preview":"max-video-preview:-1"},"canonical":"https:\/\/9staedte.de\/pl\/brunszwik-miasto-lwa\/wrazenia-z-braunschweig\/","og_locale":"pl_PL","og_type":"article","og_title":"Wra\u017cenia z Braunschweig - 9 St\u00e4dte in Niedersachsen","og_description":"T\u0119tni\u0105ce \u017cyciem miasto z histori\u0105 Przegl\u0105d","og_url":"https:\/\/9staedte.de\/pl\/brunszwik-miasto-lwa\/wrazenia-z-braunschweig\/","og_site_name":"9 St\u00e4dte in Niedersachsen","article_modified_time":"2023-11-02T16:14:41+00:00","og_image":[{"width":900,"height":365,"url":"https:\/\/9staedte.de\/wp-content\/uploads\/2022\/02\/Braunschweig-Burgplatz-c-Braunschweig-Stadtmarketing-_Steffen-und-Bach.jpg","type":"image\/jpeg"}],"twitter_card":"summary_large_image","twitter_misc":{"Szacowany czas czytania":"1 minuta"},"schema":{"@context":"https:\/\/schema.org","@graph":[{"@type":"WebPage","@id":"https:\/\/9staedte.de\/pl\/brunszwik-miasto-lwa\/wrazenia-z-braunschweig\/","url":"https:\/\/9staedte.de\/pl\/brunszwik-miasto-lwa\/wrazenia-z-braunschweig\/","name":"Wra\u017cenia z Braunschweig - 9 St\u00e4dte in Niedersachsen","isPartOf":{"@id":"https:\/\/9staedte.de\/pl\/#website"},"primaryImageOfPage":{"@id":"https:\/\/9staedte.de\/pl\/brunszwik-miasto-lwa\/wrazenia-z-braunschweig\/#primaryimage"},"image":{"@id":"https:\/\/9staedte.de\/pl\/brunszwik-miasto-lwa\/wrazenia-z-braunschweig\/#primaryimage"},"thumbnailUrl":"https:\/\/9staedte.de\/wp-content\/uploads\/2022\/02\/Braunschweig-Burgplatz-c-Braunschweig-Stadtmarketing-_Steffen-und-Bach.jpg","datePublished":"2023-11-02T08:50:43+00:00","dateModified":"2023-11-02T16:14:41+00:00","breadcrumb":{"@id":"https:\/\/9staedte.de\/pl\/brunszwik-miasto-lwa\/wrazenia-z-braunschweig\/#breadcrumb"},"inLanguage":"pl-PL","potentialAction":[{"@type":"ReadAction","target":["https:\/\/9staedte.de\/pl\/brunszwik-miasto-lwa\/wrazenia-z-braunschweig\/"]}]},{"@type":"ImageObject","inLanguage":"pl-PL","@id":"https:\/\/9staedte.de\/pl\/brunszwik-miasto-lwa\/wrazenia-z-braunschweig\/#primaryimage","url":"https:\/\/9staedte.de\/wp-content\/uploads\/2022\/02\/Braunschweig-Burgplatz-c-Braunschweig-Stadtmarketing-_Steffen-und-Bach.jpg","contentUrl":"https:\/\/9staedte.de\/wp-content\/uploads\/2022\/02\/Braunschweig-Burgplatz-c-Braunschweig-Stadtmarketing-_Steffen-und-Bach.jpg","width":900,"height":365,"caption":"Braunschweig-Burgplatz-c-Braunschweig-Stadtmarketing-_Steffen-und-Bach"},{"@type":"BreadcrumbList","@id":"https:\/\/9staedte.de\/pl\/brunszwik-miasto-lwa\/wrazenia-z-braunschweig\/#breadcrumb","itemListElement":[{"@type":"ListItem","position":1,"name":"Startseite","item":"https:\/\/9staedte.de\/pl\/"},{"@type":"ListItem","position":2,"name":"Brunszwik &#8211; City of Lions","item":"https:\/\/9staedte.de\/pl\/brunszwik-miasto-lwa\/"},{"@type":"ListItem","position":3,"name":"Wra\u017cenia z Braunschweig"}]},{"@type":"WebSite","@id":"https:\/\/9staedte.de\/pl\/#website","url":"https:\/\/9staedte.de\/pl\/","name":"9 St\u00e4dte in Niedersachsen","description":"","publisher":{"@id":"https:\/\/9staedte.de\/pl\/#organization"},"potentialAction":[{"@type":"SearchAction","target":{"@type":"EntryPoint","urlTemplate":"https:\/\/9staedte.de\/pl\/?s={search_term_string}"},"query-input":{"@type":"PropertyValueSpecification","valueRequired":true,"valueName":"search_term_string"}}],"inLanguage":"pl-PL"},{"@type":"Organization","@id":"https:\/\/9staedte.de\/pl\/#organization","name":"9 St\u00e4dte in Niedersachsen","url":"https:\/\/9staedte.de\/pl\/","logo":{"@type":"ImageObject","inLanguage":"pl-PL","@id":"https:\/\/9staedte.de\/pl\/#\/schema\/logo\/image\/","url":"https:\/\/9staedte.de\/wp-content\/uploads\/2025\/01\/9-neg-deutsch-2-1.png","contentUrl":"https:\/\/9staedte.de\/wp-content\/uploads\/2025\/01\/9-neg-deutsch-2-1.png","width":190,"height":114,"caption":"9 St\u00e4dte in Niedersachsen"},"image":{"@id":"https:\/\/9staedte.de\/pl\/#\/schema\/logo\/image\/"}}]}},"_links":{"self":[{"href":"https:\/\/9staedte.de\/pl\/wp-json\/wp\/v2\/pages\/17833","targetHints":{"allow":["GET"]}}],"collection":[{"href":"https:\/\/9staedte.de\/pl\/wp-json\/wp\/v2\/pages"}],"about":[{"href":"https:\/\/9staedte.de\/pl\/wp-json\/wp\/v2\/types\/page"}],"author":[{"embeddable":true,"href":"https:\/\/9staedte.de\/pl\/wp-json\/wp\/v2\/users\/1"}],"replies":[{"embeddable":true,"href":"https:\/\/9staedte.de\/pl\/wp-json\/wp\/v2\/comments?post=17833"}],"version-history":[{"count":1,"href":"https:\/\/9staedte.de\/pl\/wp-json\/wp\/v2\/pages\/17833\/revisions"}],"predecessor-version":[{"id":19687,"href":"https:\/\/9staedte.de\/pl\/wp-json\/wp\/v2\/pages\/17833\/revisions\/19687"}],"up":[{"embeddable":true,"href":"https:\/\/9staedte.de\/pl\/wp-json\/wp\/v2\/pages\/17616"}],"wp:featuredmedia":[{"embeddable":true,"href":"https:\/\/9staedte.de\/pl\/wp-json\/wp\/v2\/media\/15929"}],"wp:attachment":[{"href":"https:\/\/9staedte.de\/pl\/wp-json\/wp\/v2\/media?parent=17833"}],"wp:term":[{"taxonomy":"category","embeddable":true,"href":"https:\/\/9staedte.de\/pl\/wp-json\/wp\/v2\/categories?post=17833"},{"taxonomy":"post_tag","embeddable":true,"href":"https:\/\/9staedte.de\/pl\/wp-json\/wp\/v2\/tags?post=17833"},{"taxonomy":"ncap_cities_tax","embeddable":true,"href":"https:\/\/9staedte.de\/pl\/wp-json\/wp\/v2\/ncap_cities_tax?post=17833"}],"curies":[{"name":"wp","href":"https:\/\/api.w.org\/{rel}","templated":true}]}}