{"id":17805,"date":"2023-11-02T09:50:35","date_gmt":"2023-11-02T08:50:35","guid":{"rendered":"https:\/\/9staedte.de\/muzea-i-wystawy-w-einbeck\/"},"modified":"2025-10-13T13:43:49","modified_gmt":"2025-10-13T11:43:49","slug":"muzea-i-wystawy-w-einbeck","status":"publish","type":"page","link":"https:\/\/9staedte.de\/pl\/einbeck-klasyczne-samochody-domy-z-muru-pruskiego-piwo\/muzea-i-wystawy-w-einbeck\/","title":{"rendered":"Muzea i wystawy w Einbeck"},"content":{"rendered":"\n<h2 class=\"wp-block-heading\">PS.SPEICHER Einbeck<\/h2>\n\n\n\n<p>1200 zabytkowych motocykli, 630 samochod\u00f3w osobowych, ma\u0142ych samochod\u00f3w i mikrosamochod\u00f3w, 200 ci\u0119\u017car\u00f3wek i autobus\u00f3w, kolekcja pojazd\u00f3w elektrycznych i kolejny z Lanz Bulldog\u00f3w. Ten skoncentrowany \u0142adunek mobilno\u015bci mo\u017cna znale\u017a\u0107 tutaj w Einbeck &#8211; w PS.SPEICHER i jego kolekcjach. W sze\u015b\u0107u lokalizacjach w mie\u015bcie mo\u017cna odkry\u0107 ponad 2500 klasycznych samochod\u00f3w na \u0142\u0105cznej powierzchni 22 000 m\u00b2. Jest to najwi\u0119ksza publicznie dost\u0119pna kolekcja klasycznych samochod\u00f3w tego typu w Europie!<\/p>\n\n\n\n<div class=\"wp-block-columns is-layout-flex wp-container-core-columns-is-layout-9d6595d7 wp-block-columns-is-layout-flex\">\n<div class=\"wp-block-column is-layout-flow wp-block-column-is-layout-flow\" style=\"flex-basis:40%\">\n<h4 class=\"wp-block-heading\">Godziny otwarcia:<\/h4>\n\n\n\n<p>Letnie godziny otwarcia (kwiecie\u0144 &#8211; pa\u017adziernik):<br>Wtorek &#8211; niedziela 10:00 &#8211; 18:00<br>Otwarte w \u015bwi\u0119ta pa\u0144stwowe.<\/p>\n\n\n\n<p>Zimowe godziny otwarcia (listopad &#8211; pa\u017adziernik):<br>Wtorek &#8211; pi\u0105tek 11:00-17:00<br>Sobota i niedziela 10-18 godz.<br>Otwarte w \u015bwi\u0119ta pa\u0144stwowe.<\/p>\n\n\n\n<p>Kontakt:<br>Tiedexer Tor 3, 37574 Einbeck<br>Tel.: +49 55 61 \/ 92 32 00<br>Mail: <a href=\"mailto:entdeckung@ps-speicher.de\">entdeckung@ps-speicher.de<\/a><\/p>\n\n\n\n<p><a href=\"https:\/\/www.ps-speicher.de\/\">Wi\u0119cej informacji<\/a><\/p>\n<\/div>\n\n\n\n<div class=\"wp-block-column is-vertically-aligned-top is-layout-flow wp-block-column-is-layout-flow\" style=\"flex-basis:70%\">\n <div class=\"brlbs-cmpnt-container brlbs-cmpnt-content-blocker brlbs-cmpnt-with-individual-styles\" data-borlabs-cookie-content-blocker-id=\"google-maps\" data-borlabs-cookie-content=\"PGlmcmFtZSBzcmM9Imh0dHBzOi8vd3d3Lmdvb2dsZS5jb20vbWFwcy9lbWJlZD9wYj0hMW0xOCExbTEyITFtMyExZDI0NjYuMjcxNzY2NjE3MjI4ITJkOS44NTcxMTU5NzcxNzE4OCEzZDUxLjgxOTQ2NTc4Nzg1NzM3ITJtMyExZjAhMmYwITNmMCEzbTIhMWkxMDI0ITJpNzY4ITRmMTMuMSEzbTMhMW0yITFzMHg0N2JhY2U1OGEyM2UzNDRiJTNBMHgzYzk2YWIzZjIwNjk5YTMyITJzUFMuU1BFSUNIRVIhNWUwITNtMiExc2RlITJzZGUhNHYxNjkyMDk5ODEwNzM3ITVtMiExc2RlITJzZGUiIHdpZHRoPSI2MDAiIGhlaWdodD0iNDUwIiBzdHlsZT0iYm9yZGVyOjA7IiBhbGxvd2Z1bGxzY3JlZW49IiIgbG9hZGluZz0ibGF6eSIgcmVmZXJyZXJwb2xpY3k9Im5vLXJlZmVycmVyLXdoZW4tZG93bmdyYWRlIj48L2lmcmFtZT4=\"><div class=\"brlbs-cmpnt-cb-preset-b brlbs-cmpnt-cb-google-maps\"> <div class=\"brlbs-cmpnt-cb-thumbnail\" style=\"background-image: url('https:\/\/9staedte.de\/wp-content\/uploads\/borlabs-cookie\/1\/brlbs-cb-google-maps-main.png')\"><\/div> <div class=\"brlbs-cmpnt-cb-main\"> <div class=\"brlbs-cmpnt-cb-content\"> <p class=\"brlbs-cmpnt-cb-description\">Aktualnie wy\u015bwietlana jest tre\u015b\u0107 zast\u0119pcza z <strong>Google Maps<\/strong>. Aby uzyska\u0107 dost\u0119p do rzeczywistej tre\u015bci, kliknij poni\u017cszy przycisk. Pami\u0119taj, \u017ce spowoduje to udost\u0119pnienie danych zewn\u0119trznym operatorom.<\/p> <a class=\"brlbs-cmpnt-cb-provider-toggle\" href=\"#\" data-borlabs-cookie-show-provider-information role=\"button\">Wi\u0119cej informacji<\/a> <\/div> <div class=\"brlbs-cmpnt-cb-buttons\"> <a class=\"brlbs-cmpnt-cb-btn\" href=\"#\" data-borlabs-cookie-unblock role=\"button\">Odblokuj tre\u015b\u0107<\/a> <a class=\"brlbs-cmpnt-cb-btn\" href=\"#\" data-borlabs-cookie-accept-service role=\"button\" style=\"display: inherit\">Zaakceptuj wymagan\u0105 us\u0142ug\u0119 i odblokuj tre\u015b\u0107<\/a> <\/div> <\/div> <\/div><\/div>\n<\/div>\n<\/div>\n\n\n\n<h2 class=\"wp-block-heading\">StadtMuseum i RadHaus<\/h2>\n\n\n\n<p>Zanurz si\u0119 w ponad 800-letniej historii Einbeck w StadtMuseum. <br>Ponadto jedna z najnowocze\u015bniejszych wystaw rowerowych w Niemczech w RadHaus Meilenseine pokazuje rozw\u00f3j rower\u00f3w.<\/p>\n\n\n\n<div class=\"wp-block-columns is-layout-flex wp-container-core-columns-is-layout-9d6595d7 wp-block-columns-is-layout-flex\">\n<div class=\"wp-block-column is-layout-flow wp-block-column-is-layout-flow\" style=\"flex-basis:33.33%\">\n<p><strong>StadtMuseum z RadHaus<\/strong><br>Auf dem Steinwege 11 \/ 13<br>37574 Einbeck<br>Niemcy<\/p>\n\n\n\n<p><strong>Godziny otwarcia:<\/strong><br>Od wtorku do niedzieli: czynne od 11:00 do 16:00 lub po wcze\u015bniejszym um\u00f3wieniu.<br>Poniedzia\u0142ki: dzie\u0144 wolny<\/p>\n\n\n\n<p>Telefon: <a href=\"tel:+495561916504\">+49 55 61 \/ 916 &#8211; 504<\/a><br>Faks: +49 55 61 \/ 916 &#8211; 500 &#8211; 504<br>E-mail: <a>museum@einbeck.de<\/a><br>Strona internetowa: <a href=\"http:\/\/www.stadtmuseum-einbeck.de\/\" target=\"_blank\" rel=\"noreferrer noopener\">www.stadtmuseum-einbeck.de<\/a><\/p>\n\n\n\n<p><\/p>\n<\/div>\n\n\n\n<div class=\"wp-block-column is-layout-flow wp-block-column-is-layout-flow\" style=\"flex-basis:66.66%\">\n <div class=\"brlbs-cmpnt-container brlbs-cmpnt-content-blocker brlbs-cmpnt-with-individual-styles\" data-borlabs-cookie-content-blocker-id=\"google-maps\" data-borlabs-cookie-content=\"PGlmcmFtZSBzcmM9Imh0dHBzOi8vd3d3Lmdvb2dsZS5jb20vbWFwcy9lbWJlZD9wYj0hMW0xOCExbTEyITFtMyExZDI0NjYuMjI5MzcxNzA2ODIzITJkOS44NjQxMjA5NzY5MTQ0NzMhM2Q1MS44MjAyNDAyODc4MDEwMyEybTMhMWYwITJmMCEzZjAhM20yITFpMTAyNCEyaTc2OCE0ZjEzLjEhM20zITFtMiExczB4NDdiYWNlZjU3OTg1ZGY4MyUzQTB4OTg1ZGE4M2MxYjdmNmEzNiEyc1N0YWR0bXVzZXVtJTIwRWluYmVjayE1ZTAhM20yITFzZGUhMnNkZSE0djE3MjAwMTk0NTc2NDkhNW0yITFzZGUhMnNkZSIgd2lkdGg9IjYwMCIgaGVpZ2h0PSI0NTAiIHN0eWxlPSJib3JkZXI6MDsiIGFsbG93ZnVsbHNjcmVlbj0iIiBsb2FkaW5nPSJsYXp5IiByZWZlcnJlcnBvbGljeT0ibm8tcmVmZXJyZXItd2hlbi1kb3duZ3JhZGUiPjwvaWZyYW1lPg==\"><div class=\"brlbs-cmpnt-cb-preset-b brlbs-cmpnt-cb-google-maps\"> <div class=\"brlbs-cmpnt-cb-thumbnail\" style=\"background-image: url('https:\/\/9staedte.de\/wp-content\/uploads\/borlabs-cookie\/1\/brlbs-cb-google-maps-main.png')\"><\/div> <div class=\"brlbs-cmpnt-cb-main\"> <div class=\"brlbs-cmpnt-cb-content\"> <p class=\"brlbs-cmpnt-cb-description\">Aktualnie wy\u015bwietlana jest tre\u015b\u0107 zast\u0119pcza z <strong>Google Maps<\/strong>. Aby uzyska\u0107 dost\u0119p do rzeczywistej tre\u015bci, kliknij poni\u017cszy przycisk. Pami\u0119taj, \u017ce spowoduje to udost\u0119pnienie danych zewn\u0119trznym operatorom.<\/p> <a class=\"brlbs-cmpnt-cb-provider-toggle\" href=\"#\" data-borlabs-cookie-show-provider-information role=\"button\">Wi\u0119cej informacji<\/a> <\/div> <div class=\"brlbs-cmpnt-cb-buttons\"> <a class=\"brlbs-cmpnt-cb-btn\" href=\"#\" data-borlabs-cookie-unblock role=\"button\">Odblokuj tre\u015b\u0107<\/a> <a class=\"brlbs-cmpnt-cb-btn\" href=\"#\" data-borlabs-cookie-accept-service role=\"button\" style=\"display: inherit\">Zaakceptuj wymagan\u0105 us\u0142ug\u0119 i odblokuj tre\u015b\u0107<\/a> <\/div> <\/div> <\/div><\/div>\n<\/div>\n<\/div>\n\n\n\n<div class=\"wp-block-columns is-layout-flex wp-container-core-columns-is-layout-9d6595d7 wp-block-columns-is-layout-flex\">\n<div class=\"wp-block-column is-layout-flow wp-block-column-is-layout-flow\"><\/div>\n\n\n\n<div class=\"wp-block-column is-layout-flow wp-block-column-is-layout-flow\"><\/div>\n<\/div>\n\n\n\n<div class=\"wp-block-columns is-layout-flex wp-container-core-columns-is-layout-9d6595d7 wp-block-columns-is-layout-flex\">\n<div class=\"wp-block-column is-layout-flow wp-block-column-is-layout-flow\" style=\"flex-basis:33.33%\">\n<div class=\"wp-block-columns is-layout-flex wp-container-core-columns-is-layout-9d6595d7 wp-block-columns-is-layout-flex\">\n<div class=\"wp-block-column is-layout-flow wp-block-column-is-layout-flow\"><\/div>\n\n\n\n<div class=\"wp-block-column is-layout-flow wp-block-column-is-layout-flow\">\n<p><\/p>\n<\/div>\n<\/div>\n<\/div>\n\n\n\n<div class=\"wp-block-column is-layout-flow wp-block-column-is-layout-flow\" style=\"flex-basis:66.66%\"><\/div>\n<\/div>\n\n\n\n<div class=\"wp-block-columns is-layout-flex wp-container-core-columns-is-layout-9d6595d7 wp-block-columns-is-layout-flex\"><\/div>\n","protected":false},"excerpt":{"rendered":"<p>PS.SPEICHER Einbeck 1200 zabytkowych motocykli, 630 samochod\u00f3w osobowych, ma\u0142ych samochod\u00f3w i mikrosamochod\u00f3w, 200 ci\u0119\u017car\u00f3wek i autobus\u00f3w, kolekcja pojazd\u00f3w elektrycznych i kolejny z Lanz Bulldog\u00f3w. Ten skoncentrowany \u0142adunek mobilno\u015bci mo\u017cna znale\u017a\u0107 tutaj w Einbeck &#8211; w PS.SPEICHER i jego kolekcjach. W sze\u015b\u0107u lokalizacjach w mie\u015bcie mo\u017cna odkry\u0107 ponad 2500 klasycznych samochod\u00f3w na \u0142\u0105cznej powierzchni 22 000 [&hellip;]<\/p>\n","protected":false},"author":1,"featured_media":17811,"parent":18058,"menu_order":0,"comment_status":"closed","ping_status":"closed","template":"pagetemplates\/template-stadtthema.php","meta":{"_acf_changed":false,"footnotes":""},"categories":[],"tags":[],"ncap_cities_tax":[479,690],"class_list":["post-17805","page","type-page","status-publish","has-post-thumbnail","hentry","ncap_cities_tax-einbeck-pl","ncap_cities_tax-museen-einbeck-pl"],"acf":[],"yoast_head":"<!-- This site is optimized with the Yoast SEO plugin v27.4 - https:\/\/yoast.com\/product\/yoast-seo-wordpress\/ -->\n<title>Muzea i wystawy w Einbeck - 9 St\u00e4dte in Niedersachsen<\/title>\n<meta name=\"robots\" content=\"index, follow, max-snippet:-1, max-image-preview:large, max-video-preview:-1\" \/>\n<link rel=\"canonical\" href=\"https:\/\/9staedte.de\/pl\/einbeck-klasyczne-samochody-domy-z-muru-pruskiego-piwo\/muzea-i-wystawy-w-einbeck\/\" \/>\n<meta property=\"og:locale\" content=\"pl_PL\" \/>\n<meta property=\"og:type\" content=\"article\" \/>\n<meta property=\"og:title\" content=\"Muzea i wystawy w Einbeck - 9 St\u00e4dte in Niedersachsen\" \/>\n<meta property=\"og:description\" content=\"PS.SPEICHER Einbeck 1200 zabytkowych motocykli, 630 samochod\u00f3w osobowych, ma\u0142ych samochod\u00f3w i mikrosamochod\u00f3w, 200 ci\u0119\u017car\u00f3wek i autobus\u00f3w, kolekcja pojazd\u00f3w elektrycznych i kolejny z Lanz Bulldog\u00f3w. Ten skoncentrowany \u0142adunek mobilno\u015bci mo\u017cna znale\u017a\u0107 tutaj w Einbeck &#8211; w PS.SPEICHER i jego kolekcjach. W sze\u015b\u0107u lokalizacjach w mie\u015bcie mo\u017cna odkry\u0107 ponad 2500 klasycznych samochod\u00f3w na \u0142\u0105cznej powierzchni 22 000 [&hellip;]\" \/>\n<meta property=\"og:url\" content=\"https:\/\/9staedte.de\/pl\/einbeck-klasyczne-samochody-domy-z-muru-pruskiego-piwo\/muzea-i-wystawy-w-einbeck\/\" \/>\n<meta property=\"og:site_name\" content=\"9 St\u00e4dte in Niedersachsen\" \/>\n<meta property=\"article:modified_time\" content=\"2025-10-13T11:43:49+00:00\" \/>\n<meta property=\"og:image\" content=\"https:\/\/9staedte.de\/wp-content\/uploads\/2023\/02\/Einbeck-PS.Speicher-Aussenansicht-cc0.jpg\" \/>\n\t<meta property=\"og:image:width\" content=\"1020\" \/>\n\t<meta property=\"og:image:height\" content=\"560\" \/>\n\t<meta property=\"og:image:type\" content=\"image\/jpeg\" \/>\n<meta name=\"twitter:card\" content=\"summary_large_image\" \/>\n<meta name=\"twitter:label1\" content=\"Szacowany czas czytania\" \/>\n\t<meta name=\"twitter:data1\" content=\"2 minuty\" \/>\n<script type=\"application\/ld+json\" class=\"yoast-schema-graph\">{\"@context\":\"https:\\\/\\\/schema.org\",\"@graph\":[{\"@type\":\"WebPage\",\"@id\":\"https:\\\/\\\/9staedte.de\\\/pl\\\/einbeck-klasyczne-samochody-domy-z-muru-pruskiego-piwo\\\/muzea-i-wystawy-w-einbeck\\\/\",\"url\":\"https:\\\/\\\/9staedte.de\\\/pl\\\/einbeck-klasyczne-samochody-domy-z-muru-pruskiego-piwo\\\/muzea-i-wystawy-w-einbeck\\\/\",\"name\":\"Muzea i wystawy w Einbeck - 9 St\u00e4dte in Niedersachsen\",\"isPartOf\":{\"@id\":\"https:\\\/\\\/9staedte.de\\\/pl\\\/#website\"},\"primaryImageOfPage\":{\"@id\":\"https:\\\/\\\/9staedte.de\\\/pl\\\/einbeck-klasyczne-samochody-domy-z-muru-pruskiego-piwo\\\/muzea-i-wystawy-w-einbeck\\\/#primaryimage\"},\"image\":{\"@id\":\"https:\\\/\\\/9staedte.de\\\/pl\\\/einbeck-klasyczne-samochody-domy-z-muru-pruskiego-piwo\\\/muzea-i-wystawy-w-einbeck\\\/#primaryimage\"},\"thumbnailUrl\":\"https:\\\/\\\/9staedte.de\\\/wp-content\\\/uploads\\\/2023\\\/02\\\/Einbeck-PS.Speicher-Aussenansicht-cc0.jpg\",\"datePublished\":\"2023-11-02T08:50:35+00:00\",\"dateModified\":\"2025-10-13T11:43:49+00:00\",\"breadcrumb\":{\"@id\":\"https:\\\/\\\/9staedte.de\\\/pl\\\/einbeck-klasyczne-samochody-domy-z-muru-pruskiego-piwo\\\/muzea-i-wystawy-w-einbeck\\\/#breadcrumb\"},\"inLanguage\":\"pl-PL\",\"potentialAction\":[{\"@type\":\"ReadAction\",\"target\":[\"https:\\\/\\\/9staedte.de\\\/pl\\\/einbeck-klasyczne-samochody-domy-z-muru-pruskiego-piwo\\\/muzea-i-wystawy-w-einbeck\\\/\"]}]},{\"@type\":\"ImageObject\",\"inLanguage\":\"pl-PL\",\"@id\":\"https:\\\/\\\/9staedte.de\\\/pl\\\/einbeck-klasyczne-samochody-domy-z-muru-pruskiego-piwo\\\/muzea-i-wystawy-w-einbeck\\\/#primaryimage\",\"url\":\"https:\\\/\\\/9staedte.de\\\/wp-content\\\/uploads\\\/2023\\\/02\\\/Einbeck-PS.Speicher-Aussenansicht-cc0.jpg\",\"contentUrl\":\"https:\\\/\\\/9staedte.de\\\/wp-content\\\/uploads\\\/2023\\\/02\\\/Einbeck-PS.Speicher-Aussenansicht-cc0.jpg\",\"width\":1020,\"height\":560,\"caption\":\"Einbeck PS.Speicher Au\u00dfenansicht cc0\"},{\"@type\":\"BreadcrumbList\",\"@id\":\"https:\\\/\\\/9staedte.de\\\/pl\\\/einbeck-klasyczne-samochody-domy-z-muru-pruskiego-piwo\\\/muzea-i-wystawy-w-einbeck\\\/#breadcrumb\",\"itemListElement\":[{\"@type\":\"ListItem\",\"position\":1,\"name\":\"Startseite\",\"item\":\"https:\\\/\\\/9staedte.de\\\/pl\\\/\"},{\"@type\":\"ListItem\",\"position\":2,\"name\":\"Einbeck &#8211; klasyczne samochody, domy z muru pruskiego, piwo\",\"item\":\"https:\\\/\\\/9staedte.de\\\/pl\\\/einbeck-klasyczne-samochody-domy-z-muru-pruskiego-piwo\\\/\"},{\"@type\":\"ListItem\",\"position\":3,\"name\":\"Muzea i wystawy w Einbeck\"}]},{\"@type\":\"WebSite\",\"@id\":\"https:\\\/\\\/9staedte.de\\\/pl\\\/#website\",\"url\":\"https:\\\/\\\/9staedte.de\\\/pl\\\/\",\"name\":\"9 St\u00e4dte in Niedersachsen\",\"description\":\"\",\"publisher\":{\"@id\":\"https:\\\/\\\/9staedte.de\\\/pl\\\/#organization\"},\"potentialAction\":[{\"@type\":\"SearchAction\",\"target\":{\"@type\":\"EntryPoint\",\"urlTemplate\":\"https:\\\/\\\/9staedte.de\\\/pl\\\/?s={search_term_string}\"},\"query-input\":{\"@type\":\"PropertyValueSpecification\",\"valueRequired\":true,\"valueName\":\"search_term_string\"}}],\"inLanguage\":\"pl-PL\"},{\"@type\":\"Organization\",\"@id\":\"https:\\\/\\\/9staedte.de\\\/pl\\\/#organization\",\"name\":\"9 St\u00e4dte in Niedersachsen\",\"url\":\"https:\\\/\\\/9staedte.de\\\/pl\\\/\",\"logo\":{\"@type\":\"ImageObject\",\"inLanguage\":\"pl-PL\",\"@id\":\"https:\\\/\\\/9staedte.de\\\/pl\\\/#\\\/schema\\\/logo\\\/image\\\/\",\"url\":\"https:\\\/\\\/9staedte.de\\\/wp-content\\\/uploads\\\/2025\\\/01\\\/9-neg-deutsch-2-1.png\",\"contentUrl\":\"https:\\\/\\\/9staedte.de\\\/wp-content\\\/uploads\\\/2025\\\/01\\\/9-neg-deutsch-2-1.png\",\"width\":190,\"height\":114,\"caption\":\"9 St\u00e4dte in Niedersachsen\"},\"image\":{\"@id\":\"https:\\\/\\\/9staedte.de\\\/pl\\\/#\\\/schema\\\/logo\\\/image\\\/\"}}]}<\/script>\n<!-- \/ Yoast SEO plugin. -->","yoast_head_json":{"title":"Muzea i wystawy w Einbeck - 9 St\u00e4dte in Niedersachsen","robots":{"index":"index","follow":"follow","max-snippet":"max-snippet:-1","max-image-preview":"max-image-preview:large","max-video-preview":"max-video-preview:-1"},"canonical":"https:\/\/9staedte.de\/pl\/einbeck-klasyczne-samochody-domy-z-muru-pruskiego-piwo\/muzea-i-wystawy-w-einbeck\/","og_locale":"pl_PL","og_type":"article","og_title":"Muzea i wystawy w Einbeck - 9 St\u00e4dte in Niedersachsen","og_description":"PS.SPEICHER Einbeck 1200 zabytkowych motocykli, 630 samochod\u00f3w osobowych, ma\u0142ych samochod\u00f3w i mikrosamochod\u00f3w, 200 ci\u0119\u017car\u00f3wek i autobus\u00f3w, kolekcja pojazd\u00f3w elektrycznych i kolejny z Lanz Bulldog\u00f3w. Ten skoncentrowany \u0142adunek mobilno\u015bci mo\u017cna znale\u017a\u0107 tutaj w Einbeck &#8211; w PS.SPEICHER i jego kolekcjach. W sze\u015b\u0107u lokalizacjach w mie\u015bcie mo\u017cna odkry\u0107 ponad 2500 klasycznych samochod\u00f3w na \u0142\u0105cznej powierzchni 22 000 [&hellip;]","og_url":"https:\/\/9staedte.de\/pl\/einbeck-klasyczne-samochody-domy-z-muru-pruskiego-piwo\/muzea-i-wystawy-w-einbeck\/","og_site_name":"9 St\u00e4dte in Niedersachsen","article_modified_time":"2025-10-13T11:43:49+00:00","og_image":[{"width":1020,"height":560,"url":"https:\/\/9staedte.de\/wp-content\/uploads\/2023\/02\/Einbeck-PS.Speicher-Aussenansicht-cc0.jpg","type":"image\/jpeg"}],"twitter_card":"summary_large_image","twitter_misc":{"Szacowany czas czytania":"2 minuty"},"schema":{"@context":"https:\/\/schema.org","@graph":[{"@type":"WebPage","@id":"https:\/\/9staedte.de\/pl\/einbeck-klasyczne-samochody-domy-z-muru-pruskiego-piwo\/muzea-i-wystawy-w-einbeck\/","url":"https:\/\/9staedte.de\/pl\/einbeck-klasyczne-samochody-domy-z-muru-pruskiego-piwo\/muzea-i-wystawy-w-einbeck\/","name":"Muzea i wystawy w Einbeck - 9 St\u00e4dte in Niedersachsen","isPartOf":{"@id":"https:\/\/9staedte.de\/pl\/#website"},"primaryImageOfPage":{"@id":"https:\/\/9staedte.de\/pl\/einbeck-klasyczne-samochody-domy-z-muru-pruskiego-piwo\/muzea-i-wystawy-w-einbeck\/#primaryimage"},"image":{"@id":"https:\/\/9staedte.de\/pl\/einbeck-klasyczne-samochody-domy-z-muru-pruskiego-piwo\/muzea-i-wystawy-w-einbeck\/#primaryimage"},"thumbnailUrl":"https:\/\/9staedte.de\/wp-content\/uploads\/2023\/02\/Einbeck-PS.Speicher-Aussenansicht-cc0.jpg","datePublished":"2023-11-02T08:50:35+00:00","dateModified":"2025-10-13T11:43:49+00:00","breadcrumb":{"@id":"https:\/\/9staedte.de\/pl\/einbeck-klasyczne-samochody-domy-z-muru-pruskiego-piwo\/muzea-i-wystawy-w-einbeck\/#breadcrumb"},"inLanguage":"pl-PL","potentialAction":[{"@type":"ReadAction","target":["https:\/\/9staedte.de\/pl\/einbeck-klasyczne-samochody-domy-z-muru-pruskiego-piwo\/muzea-i-wystawy-w-einbeck\/"]}]},{"@type":"ImageObject","inLanguage":"pl-PL","@id":"https:\/\/9staedte.de\/pl\/einbeck-klasyczne-samochody-domy-z-muru-pruskiego-piwo\/muzea-i-wystawy-w-einbeck\/#primaryimage","url":"https:\/\/9staedte.de\/wp-content\/uploads\/2023\/02\/Einbeck-PS.Speicher-Aussenansicht-cc0.jpg","contentUrl":"https:\/\/9staedte.de\/wp-content\/uploads\/2023\/02\/Einbeck-PS.Speicher-Aussenansicht-cc0.jpg","width":1020,"height":560,"caption":"Einbeck PS.Speicher Au\u00dfenansicht cc0"},{"@type":"BreadcrumbList","@id":"https:\/\/9staedte.de\/pl\/einbeck-klasyczne-samochody-domy-z-muru-pruskiego-piwo\/muzea-i-wystawy-w-einbeck\/#breadcrumb","itemListElement":[{"@type":"ListItem","position":1,"name":"Startseite","item":"https:\/\/9staedte.de\/pl\/"},{"@type":"ListItem","position":2,"name":"Einbeck &#8211; klasyczne samochody, domy z muru pruskiego, piwo","item":"https:\/\/9staedte.de\/pl\/einbeck-klasyczne-samochody-domy-z-muru-pruskiego-piwo\/"},{"@type":"ListItem","position":3,"name":"Muzea i wystawy w Einbeck"}]},{"@type":"WebSite","@id":"https:\/\/9staedte.de\/pl\/#website","url":"https:\/\/9staedte.de\/pl\/","name":"9 St\u00e4dte in Niedersachsen","description":"","publisher":{"@id":"https:\/\/9staedte.de\/pl\/#organization"},"potentialAction":[{"@type":"SearchAction","target":{"@type":"EntryPoint","urlTemplate":"https:\/\/9staedte.de\/pl\/?s={search_term_string}"},"query-input":{"@type":"PropertyValueSpecification","valueRequired":true,"valueName":"search_term_string"}}],"inLanguage":"pl-PL"},{"@type":"Organization","@id":"https:\/\/9staedte.de\/pl\/#organization","name":"9 St\u00e4dte in Niedersachsen","url":"https:\/\/9staedte.de\/pl\/","logo":{"@type":"ImageObject","inLanguage":"pl-PL","@id":"https:\/\/9staedte.de\/pl\/#\/schema\/logo\/image\/","url":"https:\/\/9staedte.de\/wp-content\/uploads\/2025\/01\/9-neg-deutsch-2-1.png","contentUrl":"https:\/\/9staedte.de\/wp-content\/uploads\/2025\/01\/9-neg-deutsch-2-1.png","width":190,"height":114,"caption":"9 St\u00e4dte in Niedersachsen"},"image":{"@id":"https:\/\/9staedte.de\/pl\/#\/schema\/logo\/image\/"}}]}},"_links":{"self":[{"href":"https:\/\/9staedte.de\/pl\/wp-json\/wp\/v2\/pages\/17805","targetHints":{"allow":["GET"]}}],"collection":[{"href":"https:\/\/9staedte.de\/pl\/wp-json\/wp\/v2\/pages"}],"about":[{"href":"https:\/\/9staedte.de\/pl\/wp-json\/wp\/v2\/types\/page"}],"author":[{"embeddable":true,"href":"https:\/\/9staedte.de\/pl\/wp-json\/wp\/v2\/users\/1"}],"replies":[{"embeddable":true,"href":"https:\/\/9staedte.de\/pl\/wp-json\/wp\/v2\/comments?post=17805"}],"version-history":[{"count":4,"href":"https:\/\/9staedte.de\/pl\/wp-json\/wp\/v2\/pages\/17805\/revisions"}],"predecessor-version":[{"id":27141,"href":"https:\/\/9staedte.de\/pl\/wp-json\/wp\/v2\/pages\/17805\/revisions\/27141"}],"up":[{"embeddable":true,"href":"https:\/\/9staedte.de\/pl\/wp-json\/wp\/v2\/pages\/18058"}],"wp:featuredmedia":[{"embeddable":true,"href":"https:\/\/9staedte.de\/pl\/wp-json\/wp\/v2\/media\/17811"}],"wp:attachment":[{"href":"https:\/\/9staedte.de\/pl\/wp-json\/wp\/v2\/media?parent=17805"}],"wp:term":[{"taxonomy":"category","embeddable":true,"href":"https:\/\/9staedte.de\/pl\/wp-json\/wp\/v2\/categories?post=17805"},{"taxonomy":"post_tag","embeddable":true,"href":"https:\/\/9staedte.de\/pl\/wp-json\/wp\/v2\/tags?post=17805"},{"taxonomy":"ncap_cities_tax","embeddable":true,"href":"https:\/\/9staedte.de\/pl\/wp-json\/wp\/v2\/ncap_cities_tax?post=17805"}],"curies":[{"name":"wp","href":"https:\/\/api.w.org\/{rel}","templated":true}]}}