{"id":17798,"date":"2023-11-02T09:50:34","date_gmt":"2023-11-02T08:50:34","guid":{"rendered":"https:\/\/9staedte.de\/muzea-i-wystawy-w-celle\/"},"modified":"2025-05-08T15:00:18","modified_gmt":"2025-05-08T13:00:18","slug":"muzea-i-wystawy-w-celle","status":"publish","type":"page","link":"https:\/\/9staedte.de\/pl\/celle-urocze-miasteczko-mieszkalne\/muzea-i-wystawy-w-celle\/","title":{"rendered":"Muzea i wystawy w Celle"},"content":{"rendered":"\r\n\r\n    <div class=\"filter-posts\">\r\n            <div  id=\"filterContent\">\r\n                                                        \n<div class=\"contentKachel filtr-item\" data-category=\"celle-pl\">\n    <a href=\"https:\/\/9staedte.de\/pl\/24-godzinne-muzeum-sztuki-celle\/\">\n        <div class=\"contentKachel-inner\">\n                            <div class=\"contentKachel-thumbnail\">\n                    <img loading=\"lazy\" decoding=\"async\" width=\"300\" height=\"165\" src=\"https:\/\/9staedte.de\/wp-content\/smush-webp\/2022\/03\/Celle_24-Stunden-Kunstmuseum-c-Celle-Tourismus-300x165.jpg.webp\" class=\"objectfitcover withfilters wp-post-image\" alt=\"Na zdj\u0119ciu wida\u0107 nowoczesny budynek. Fasada \u015bwieci na pomara\u0144czowo. Budynek jest jasno o\u015bwietlony w nocy. To jest ca\u0142odobowe muzeum sztuki w Celle.\" srcset=\"https:\/\/9staedte.de\/wp-content\/smush-webp\/2022\/03\/Celle_24-Stunden-Kunstmuseum-c-Celle-Tourismus-300x165.jpg.webp 300w, https:\/\/9staedte.de\/wp-content\/smush-webp\/2022\/03\/Celle_24-Stunden-Kunstmuseum-c-Celle-Tourismus-768x422.jpg.webp 768w, https:\/\/9staedte.de\/wp-content\/smush-webp\/2022\/03\/Celle_24-Stunden-Kunstmuseum-c-Celle-Tourismus.jpg.webp 1019w\" sizes=\"auto, (max-width: 300px) 100vw, 300px\" \/>                    <img loading=\"lazy\" decoding=\"async\" width=\"300\" height=\"165\" src=\"https:\/\/9staedte.de\/wp-content\/smush-webp\/2022\/03\/Celle_24-Stunden-Kunstmuseum-c-Celle-Tourismus-300x165.jpg.webp\" class=\"objectfitcontain wp-post-image\" alt=\"Na zdj\u0119ciu wida\u0107 nowoczesny budynek. Fasada \u015bwieci na pomara\u0144czowo. Budynek jest jasno o\u015bwietlony w nocy. To jest ca\u0142odobowe muzeum sztuki w Celle.\" srcset=\"https:\/\/9staedte.de\/wp-content\/smush-webp\/2022\/03\/Celle_24-Stunden-Kunstmuseum-c-Celle-Tourismus-300x165.jpg.webp 300w, https:\/\/9staedte.de\/wp-content\/smush-webp\/2022\/03\/Celle_24-Stunden-Kunstmuseum-c-Celle-Tourismus-768x422.jpg.webp 768w, https:\/\/9staedte.de\/wp-content\/smush-webp\/2022\/03\/Celle_24-Stunden-Kunstmuseum-c-Celle-Tourismus.jpg.webp 1019w\" sizes=\"auto, (max-width: 300px) 100vw, 300px\" \/>                        <div class=\"thumbnail-label\">\n    <span>Celle_24-Stunden-Kunstmuseum c) Celle Tourismus<\/span>\n    <\/div>\n                <\/div>\n                        <div class=\"contentKachel-content\">\n                                    <div class=\"city-tag bg-celle\">\n                        Celle                    <\/div>\n                \n                <div class=\"title\">\n\n                    24-godzinne Muzeum Sztuki Celle                    \n                <\/div>\n\n                            <\/div>\n\n        <\/div>\n    <\/a>\n<\/div>                                                        \n<div class=\"contentKachel filtr-item\" data-category=\"celle-pl\">\n    <a href=\"https:\/\/9staedte.de\/pl\/muzeum-bomann-celle\/\">\n        <div class=\"contentKachel-inner\">\n                            <div class=\"contentKachel-thumbnail\">\n                    <img loading=\"lazy\" decoding=\"async\" width=\"300\" height=\"165\" src=\"https:\/\/9staedte.de\/wp-content\/smush-webp\/2022\/03\/Bomann-Museum-Celle-c-Bomann-Museum-300x165.jpg.webp\" class=\"objectfitcover withfilters wp-post-image\" alt=\"Zdj\u0119cie przedstawia wystaw\u0119 w Muzeum Bomanna w Celle. Wida\u0107 stare urz\u0105dzenia gospodarstwa domowego. Na \u015brodku stoi stara pralka. Obok s\u0105 inne urz\u0105dzenia do prania i czyszczenia. Na \u015bcianie widnieje napis starym pismem: \u201eNa chwa\u0142\u0119 i pomoc gospodyni domowej\u201d. Urz\u0105dzenia s\u0105 wykonane z metalu i drewna. Pokazuj\u0105, jak kiedy\u015b robiono pranie.\" srcset=\"https:\/\/9staedte.de\/wp-content\/smush-webp\/2022\/03\/Bomann-Museum-Celle-c-Bomann-Museum-300x165.jpg.webp 300w, https:\/\/9staedte.de\/wp-content\/smush-webp\/2022\/03\/Bomann-Museum-Celle-c-Bomann-Museum-768x422.jpg.webp 768w, https:\/\/9staedte.de\/wp-content\/smush-webp\/2022\/03\/Bomann-Museum-Celle-c-Bomann-Museum.jpg.webp 1020w\" sizes=\"auto, (max-width: 300px) 100vw, 300px\" \/>                    <img loading=\"lazy\" decoding=\"async\" width=\"300\" height=\"165\" src=\"https:\/\/9staedte.de\/wp-content\/smush-webp\/2022\/03\/Bomann-Museum-Celle-c-Bomann-Museum-300x165.jpg.webp\" class=\"objectfitcontain wp-post-image\" alt=\"Zdj\u0119cie przedstawia wystaw\u0119 w Muzeum Bomanna w Celle. Wida\u0107 stare urz\u0105dzenia gospodarstwa domowego. Na \u015brodku stoi stara pralka. Obok s\u0105 inne urz\u0105dzenia do prania i czyszczenia. Na \u015bcianie widnieje napis starym pismem: \u201eNa chwa\u0142\u0119 i pomoc gospodyni domowej\u201d. Urz\u0105dzenia s\u0105 wykonane z metalu i drewna. Pokazuj\u0105, jak kiedy\u015b robiono pranie.\" srcset=\"https:\/\/9staedte.de\/wp-content\/smush-webp\/2022\/03\/Bomann-Museum-Celle-c-Bomann-Museum-300x165.jpg.webp 300w, https:\/\/9staedte.de\/wp-content\/smush-webp\/2022\/03\/Bomann-Museum-Celle-c-Bomann-Museum-768x422.jpg.webp 768w, https:\/\/9staedte.de\/wp-content\/smush-webp\/2022\/03\/Bomann-Museum-Celle-c-Bomann-Museum.jpg.webp 1020w\" sizes=\"auto, (max-width: 300px) 100vw, 300px\" \/>                        <div class=\"thumbnail-label\">\n    <span>Bomann-Museum Celle c) Bomann Museum<\/span>\n    <\/div>\n                <\/div>\n                        <div class=\"contentKachel-content\">\n                                    <div class=\"city-tag bg-celle\">\n                        Celle                    <\/div>\n                \n                <div class=\"title\">\n\n                    Muzeum Bomann Celle                    \n                <\/div>\n\n                            <\/div>\n\n        <\/div>\n    <\/a>\n<\/div>                                                        \n<div class=\"contentKachel filtr-item\" data-category=\"celle-pl\">\n    <a href=\"https:\/\/9staedte.de\/pl\/muzeum-otto-haeslera-celle\/\">\n        <div class=\"contentKachel-inner\">\n                            <div class=\"contentKachel-thumbnail\">\n                    <img loading=\"lazy\" decoding=\"async\" width=\"300\" height=\"165\" src=\"https:\/\/9staedte.de\/wp-content\/smush-webp\/2022\/03\/Celle-Bauhaus-c-Stadt-Celle-300x165.jpg.webp\" class=\"objectfitcover withfilters wp-post-image\" alt=\"Na zdj\u0119ciu wida\u0107 kolorowe domy. Domy s\u0105 czerwone, niebieskie i bia\u0142e. Maj\u0105 prosty kszta\u0142t. Okna s\u0105 proste. To przyk\u0142ad Bauhausu. Domy s\u0105 w Celle.\" srcset=\"https:\/\/9staedte.de\/wp-content\/smush-webp\/2022\/03\/Celle-Bauhaus-c-Stadt-Celle-300x165.jpg.webp 300w, https:\/\/9staedte.de\/wp-content\/smush-webp\/2022\/03\/Celle-Bauhaus-c-Stadt-Celle-768x422.jpg.webp 768w, https:\/\/9staedte.de\/wp-content\/smush-webp\/2022\/03\/Celle-Bauhaus-c-Stadt-Celle.jpg.webp 1020w\" sizes=\"auto, (max-width: 300px) 100vw, 300px\" \/>                    <img loading=\"lazy\" decoding=\"async\" width=\"300\" height=\"165\" src=\"https:\/\/9staedte.de\/wp-content\/smush-webp\/2022\/03\/Celle-Bauhaus-c-Stadt-Celle-300x165.jpg.webp\" class=\"objectfitcontain wp-post-image\" alt=\"Na zdj\u0119ciu wida\u0107 kolorowe domy. Domy s\u0105 czerwone, niebieskie i bia\u0142e. Maj\u0105 prosty kszta\u0142t. Okna s\u0105 proste. To przyk\u0142ad Bauhausu. Domy s\u0105 w Celle.\" srcset=\"https:\/\/9staedte.de\/wp-content\/smush-webp\/2022\/03\/Celle-Bauhaus-c-Stadt-Celle-300x165.jpg.webp 300w, https:\/\/9staedte.de\/wp-content\/smush-webp\/2022\/03\/Celle-Bauhaus-c-Stadt-Celle-768x422.jpg.webp 768w, https:\/\/9staedte.de\/wp-content\/smush-webp\/2022\/03\/Celle-Bauhaus-c-Stadt-Celle.jpg.webp 1020w\" sizes=\"auto, (max-width: 300px) 100vw, 300px\" \/>                        <div class=\"thumbnail-label\">\n    <span>Celle Bauhaus c) Stadt Celle<\/span>\n    <\/div>\n                <\/div>\n                        <div class=\"contentKachel-content\">\n                                    <div class=\"city-tag bg-celle\">\n                        Celle                    <\/div>\n                \n                <div class=\"title\">\n\n                    muzeum otto haeslera celle                    \n                <\/div>\n\n                            <\/div>\n\n        <\/div>\n    <\/a>\n<\/div>                                                        \n<div class=\"contentKachel filtr-item\" data-category=\"celle-pl\">\n    <a href=\"https:\/\/9staedte.de\/pl\/muzeum-rezydencji-w-zamku-celle\/\">\n        <div class=\"contentKachel-inner\">\n                            <div class=\"contentKachel-thumbnail\">\n                    <img loading=\"lazy\" decoding=\"async\" width=\"300\" height=\"164\" src=\"https:\/\/9staedte.de\/wp-content\/smush-webp\/2022\/03\/celle-schloss-paradezimmer-c-Celle-Tourismus-300x164.jpg.webp\" class=\"objectfitcover withfilters wp-post-image\" alt=\"\" srcset=\"https:\/\/9staedte.de\/wp-content\/smush-webp\/2022\/03\/celle-schloss-paradezimmer-c-Celle-Tourismus-300x164.jpg.webp 300w, https:\/\/9staedte.de\/wp-content\/smush-webp\/2022\/03\/celle-schloss-paradezimmer-c-Celle-Tourismus-768x421.jpg.webp 768w, https:\/\/9staedte.de\/wp-content\/smush-webp\/2022\/03\/celle-schloss-paradezimmer-c-Celle-Tourismus.jpg.webp 1020w\" sizes=\"auto, (max-width: 300px) 100vw, 300px\" \/>                    <img loading=\"lazy\" decoding=\"async\" width=\"300\" height=\"164\" src=\"https:\/\/9staedte.de\/wp-content\/smush-webp\/2022\/03\/celle-schloss-paradezimmer-c-Celle-Tourismus-300x164.jpg.webp\" class=\"objectfitcontain wp-post-image\" alt=\"\" srcset=\"https:\/\/9staedte.de\/wp-content\/smush-webp\/2022\/03\/celle-schloss-paradezimmer-c-Celle-Tourismus-300x164.jpg.webp 300w, https:\/\/9staedte.de\/wp-content\/smush-webp\/2022\/03\/celle-schloss-paradezimmer-c-Celle-Tourismus-768x421.jpg.webp 768w, https:\/\/9staedte.de\/wp-content\/smush-webp\/2022\/03\/celle-schloss-paradezimmer-c-Celle-Tourismus.jpg.webp 1020w\" sizes=\"auto, (max-width: 300px) 100vw, 300px\" \/>                                            <\/div>\n                        <div class=\"contentKachel-content\">\n                                    <div class=\"city-tag bg-celle\">\n                        Celle                    <\/div>\n                \n                <div class=\"title\">\n\n                    Muzeum rezydencji w zamku Celle                    \n                <\/div>\n\n                            <\/div>\n\n        <\/div>\n    <\/a>\n<\/div>                                            <\/div>\r\n    <\/div>\r\n\n\n\n<div style=\"height:40px\" aria-hidden=\"true\" class=\"wp-block-spacer\"><\/div>\n\n\n\n<div class=\"wp-block-columns is-layout-flex wp-container-core-columns-is-layout-9d6595d7 wp-block-columns-is-layout-flex\">\n<div class=\"wp-block-column is-layout-flow wp-block-column-is-layout-flow\" style=\"flex-basis:66.66%\">\n <div class=\"brlbs-cmpnt-container brlbs-cmpnt-content-blocker brlbs-cmpnt-with-individual-styles\" data-borlabs-cookie-content-blocker-id=\"google-maps\" data-borlabs-cookie-content=\"PGlmcmFtZSBzcmM9Imh0dHBzOi8vd3d3Lmdvb2dsZS5jb20vbWFwcy9kL2VtYmVkP21pZD0xOWNkUUt5N3hQcnRpLVJLSjV5S1RLN0liS1cwUENhWSZhbXA7ZWhiYz0yRTMxMkYiIHdpZHRoPSI2NDAiIGhlaWdodD0iNDgwIj48L2lmcmFtZT4=\"><div class=\"brlbs-cmpnt-cb-preset-b brlbs-cmpnt-cb-google-maps\"> <div class=\"brlbs-cmpnt-cb-thumbnail\" style=\"background-image: url('https:\/\/9staedte.de\/wp-content\/uploads\/borlabs-cookie\/1\/brlbs-cb-google-maps-main.png')\"><\/div> <div class=\"brlbs-cmpnt-cb-main\"> <div class=\"brlbs-cmpnt-cb-content\"> <p class=\"brlbs-cmpnt-cb-description\">Aktualnie wy\u015bwietlana jest tre\u015b\u0107 zast\u0119pcza z <strong>Google Maps<\/strong>. Aby uzyska\u0107 dost\u0119p do rzeczywistej tre\u015bci, kliknij poni\u017cszy przycisk. Pami\u0119taj, \u017ce spowoduje to udost\u0119pnienie danych zewn\u0119trznym operatorom.<\/p> <a class=\"brlbs-cmpnt-cb-provider-toggle\" href=\"#\" data-borlabs-cookie-show-provider-information role=\"button\">Wi\u0119cej informacji<\/a> <\/div> <div class=\"brlbs-cmpnt-cb-buttons\"> <a class=\"brlbs-cmpnt-cb-btn\" href=\"#\" data-borlabs-cookie-unblock role=\"button\">Odblokuj tre\u015b\u0107<\/a> <a class=\"brlbs-cmpnt-cb-btn\" href=\"#\" data-borlabs-cookie-accept-service role=\"button\" style=\"display: inherit\">Zaakceptuj wymagan\u0105 us\u0142ug\u0119 i odblokuj tre\u015b\u0107<\/a> <\/div> <\/div> <\/div><\/div>\n<\/div>\n\n\n\n<div class=\"wp-block-column is-layout-flow wp-block-column-is-layout-flow\" style=\"flex-basis:33.33%\">\n<h4 class=\"wp-block-heading\"><strong>Muzea w Celle<\/strong><\/h4>\n\n\n\n<ul class=\"map-legend main-legend wp-block-list\">\n<li>Muzeum rezydencji w zamku Celle<\/li>\n\n\n\n<li>24-godzinne Muzeum Sztuki Celle<\/li>\n\n\n\n<li>Muzeum Bomann Celle<\/li>\n\n\n\n<li>muzeum otto haeslera Celle<\/li>\n<\/ul>\n<\/div>\n<\/div>\n","protected":false},"excerpt":{"rendered":"<p>Aktualnie wy\u015bwietlana jest tre\u015b\u0107 zast\u0119pcza z Google Maps. Aby uzyska\u0107 dost\u0119p do rzeczywistej tre\u015bci, kliknij poni\u017cszy przycisk. Pami\u0119taj, \u017ce spowoduje to udost\u0119pnienie danych zewn\u0119trznym operatorom. Wi\u0119cej informacji Odblokuj tre\u015b\u0107 Zaakceptuj wymagan\u0105 us\u0142ug\u0119 i odblokuj tre\u015b\u0107 Muzea w Celle<\/p>\n","protected":false},"author":1,"featured_media":17802,"parent":18081,"menu_order":0,"comment_status":"closed","ping_status":"closed","template":"pagetemplates\/template-stadtthema.php","meta":{"_acf_changed":false,"footnotes":""},"categories":[],"tags":[],"ncap_cities_tax":[430,641],"class_list":["post-17798","page","type-page","status-publish","has-post-thumbnail","hentry","ncap_cities_tax-celle-pl","ncap_cities_tax-museen-celle-pl"],"acf":[],"yoast_head":"<!-- This site is optimized with the Yoast SEO plugin v26.8 - https:\/\/yoast.com\/product\/yoast-seo-wordpress\/ -->\n<title>Muzea i wystawy w Celle - 9 St\u00e4dte in Niedersachsen<\/title>\n<meta name=\"robots\" content=\"index, follow, max-snippet:-1, max-image-preview:large, max-video-preview:-1\" \/>\n<link rel=\"canonical\" href=\"https:\/\/9staedte.de\/pl\/celle-urocze-miasteczko-mieszkalne\/muzea-i-wystawy-w-celle\/\" \/>\n<meta property=\"og:locale\" content=\"pl_PL\" \/>\n<meta property=\"og:type\" content=\"article\" \/>\n<meta property=\"og:title\" content=\"Muzea i wystawy w Celle - 9 St\u00e4dte in Niedersachsen\" \/>\n<meta property=\"og:description\" content=\"Aktualnie wy\u015bwietlana jest tre\u015b\u0107 zast\u0119pcza z Google Maps. Aby uzyska\u0107 dost\u0119p do rzeczywistej tre\u015bci, kliknij poni\u017cszy przycisk. Pami\u0119taj, \u017ce spowoduje to udost\u0119pnienie danych zewn\u0119trznym operatorom. Wi\u0119cej informacji Odblokuj tre\u015b\u0107 Zaakceptuj wymagan\u0105 us\u0142ug\u0119 i odblokuj tre\u015b\u0107 Muzea w Celle\" \/>\n<meta property=\"og:url\" content=\"https:\/\/9staedte.de\/pl\/celle-urocze-miasteczko-mieszkalne\/muzea-i-wystawy-w-celle\/\" \/>\n<meta property=\"og:site_name\" content=\"9 St\u00e4dte in Niedersachsen\" \/>\n<meta property=\"article:modified_time\" content=\"2025-05-08T13:00:18+00:00\" \/>\n<meta property=\"og:image\" content=\"https:\/\/9staedte.de\/wp-content\/uploads\/2023\/02\/celle-bomann-museum-c-Celle-Tourismus.jpg\" \/>\n\t<meta property=\"og:image:width\" content=\"1020\" \/>\n\t<meta property=\"og:image:height\" content=\"560\" \/>\n\t<meta property=\"og:image:type\" content=\"image\/jpeg\" \/>\n<meta name=\"twitter:card\" content=\"summary_large_image\" \/>\n<meta name=\"twitter:label1\" content=\"Szacowany czas czytania\" \/>\n\t<meta name=\"twitter:data1\" content=\"1 minuta\" \/>\n<script type=\"application\/ld+json\" class=\"yoast-schema-graph\">{\"@context\":\"https:\/\/schema.org\",\"@graph\":[{\"@type\":\"WebPage\",\"@id\":\"https:\/\/9staedte.de\/pl\/celle-urocze-miasteczko-mieszkalne\/muzea-i-wystawy-w-celle\/\",\"url\":\"https:\/\/9staedte.de\/pl\/celle-urocze-miasteczko-mieszkalne\/muzea-i-wystawy-w-celle\/\",\"name\":\"Muzea i wystawy w Celle - 9 St\u00e4dte in Niedersachsen\",\"isPartOf\":{\"@id\":\"https:\/\/9staedte.de\/pl\/#website\"},\"primaryImageOfPage\":{\"@id\":\"https:\/\/9staedte.de\/pl\/celle-urocze-miasteczko-mieszkalne\/muzea-i-wystawy-w-celle\/#primaryimage\"},\"image\":{\"@id\":\"https:\/\/9staedte.de\/pl\/celle-urocze-miasteczko-mieszkalne\/muzea-i-wystawy-w-celle\/#primaryimage\"},\"thumbnailUrl\":\"https:\/\/9staedte.de\/wp-content\/uploads\/2023\/02\/celle-bomann-museum-c-Celle-Tourismus.jpg\",\"datePublished\":\"2023-11-02T08:50:34+00:00\",\"dateModified\":\"2025-05-08T13:00:18+00:00\",\"breadcrumb\":{\"@id\":\"https:\/\/9staedte.de\/pl\/celle-urocze-miasteczko-mieszkalne\/muzea-i-wystawy-w-celle\/#breadcrumb\"},\"inLanguage\":\"pl-PL\",\"potentialAction\":[{\"@type\":\"ReadAction\",\"target\":[\"https:\/\/9staedte.de\/pl\/celle-urocze-miasteczko-mieszkalne\/muzea-i-wystawy-w-celle\/\"]}]},{\"@type\":\"ImageObject\",\"inLanguage\":\"pl-PL\",\"@id\":\"https:\/\/9staedte.de\/pl\/celle-urocze-miasteczko-mieszkalne\/muzea-i-wystawy-w-celle\/#primaryimage\",\"url\":\"https:\/\/9staedte.de\/wp-content\/uploads\/2023\/02\/celle-bomann-museum-c-Celle-Tourismus.jpg\",\"contentUrl\":\"https:\/\/9staedte.de\/wp-content\/uploads\/2023\/02\/celle-bomann-museum-c-Celle-Tourismus.jpg\",\"width\":1020,\"height\":560,\"caption\":\"Celle-bomann-museum-c) Celle Tourismus\"},{\"@type\":\"BreadcrumbList\",\"@id\":\"https:\/\/9staedte.de\/pl\/celle-urocze-miasteczko-mieszkalne\/muzea-i-wystawy-w-celle\/#breadcrumb\",\"itemListElement\":[{\"@type\":\"ListItem\",\"position\":1,\"name\":\"Startseite\",\"item\":\"https:\/\/9staedte.de\/pl\/\"},{\"@type\":\"ListItem\",\"position\":2,\"name\":\"Celle &#8211; Urocze miasteczko mieszkalne\",\"item\":\"https:\/\/9staedte.de\/pl\/celle-urocze-miasteczko-mieszkalne\/\"},{\"@type\":\"ListItem\",\"position\":3,\"name\":\"Muzea i wystawy w Celle\"}]},{\"@type\":\"WebSite\",\"@id\":\"https:\/\/9staedte.de\/pl\/#website\",\"url\":\"https:\/\/9staedte.de\/pl\/\",\"name\":\"9 St\u00e4dte in Niedersachsen\",\"description\":\"\",\"publisher\":{\"@id\":\"https:\/\/9staedte.de\/pl\/#organization\"},\"potentialAction\":[{\"@type\":\"SearchAction\",\"target\":{\"@type\":\"EntryPoint\",\"urlTemplate\":\"https:\/\/9staedte.de\/pl\/?s={search_term_string}\"},\"query-input\":{\"@type\":\"PropertyValueSpecification\",\"valueRequired\":true,\"valueName\":\"search_term_string\"}}],\"inLanguage\":\"pl-PL\"},{\"@type\":\"Organization\",\"@id\":\"https:\/\/9staedte.de\/pl\/#organization\",\"name\":\"9 St\u00e4dte in Niedersachsen\",\"url\":\"https:\/\/9staedte.de\/pl\/\",\"logo\":{\"@type\":\"ImageObject\",\"inLanguage\":\"pl-PL\",\"@id\":\"https:\/\/9staedte.de\/pl\/#\/schema\/logo\/image\/\",\"url\":\"https:\/\/9staedte.de\/wp-content\/uploads\/2025\/01\/9-neg-deutsch-2-1.png\",\"contentUrl\":\"https:\/\/9staedte.de\/wp-content\/uploads\/2025\/01\/9-neg-deutsch-2-1.png\",\"width\":190,\"height\":114,\"caption\":\"9 St\u00e4dte in Niedersachsen\"},\"image\":{\"@id\":\"https:\/\/9staedte.de\/pl\/#\/schema\/logo\/image\/\"}}]}<\/script>\n<!-- \/ Yoast SEO plugin. -->","yoast_head_json":{"title":"Muzea i wystawy w Celle - 9 St\u00e4dte in Niedersachsen","robots":{"index":"index","follow":"follow","max-snippet":"max-snippet:-1","max-image-preview":"max-image-preview:large","max-video-preview":"max-video-preview:-1"},"canonical":"https:\/\/9staedte.de\/pl\/celle-urocze-miasteczko-mieszkalne\/muzea-i-wystawy-w-celle\/","og_locale":"pl_PL","og_type":"article","og_title":"Muzea i wystawy w Celle - 9 St\u00e4dte in Niedersachsen","og_description":"Aktualnie wy\u015bwietlana jest tre\u015b\u0107 zast\u0119pcza z Google Maps. Aby uzyska\u0107 dost\u0119p do rzeczywistej tre\u015bci, kliknij poni\u017cszy przycisk. Pami\u0119taj, \u017ce spowoduje to udost\u0119pnienie danych zewn\u0119trznym operatorom. Wi\u0119cej informacji Odblokuj tre\u015b\u0107 Zaakceptuj wymagan\u0105 us\u0142ug\u0119 i odblokuj tre\u015b\u0107 Muzea w Celle","og_url":"https:\/\/9staedte.de\/pl\/celle-urocze-miasteczko-mieszkalne\/muzea-i-wystawy-w-celle\/","og_site_name":"9 St\u00e4dte in Niedersachsen","article_modified_time":"2025-05-08T13:00:18+00:00","og_image":[{"width":1020,"height":560,"url":"https:\/\/9staedte.de\/wp-content\/uploads\/2023\/02\/celle-bomann-museum-c-Celle-Tourismus.jpg","type":"image\/jpeg"}],"twitter_card":"summary_large_image","twitter_misc":{"Szacowany czas czytania":"1 minuta"},"schema":{"@context":"https:\/\/schema.org","@graph":[{"@type":"WebPage","@id":"https:\/\/9staedte.de\/pl\/celle-urocze-miasteczko-mieszkalne\/muzea-i-wystawy-w-celle\/","url":"https:\/\/9staedte.de\/pl\/celle-urocze-miasteczko-mieszkalne\/muzea-i-wystawy-w-celle\/","name":"Muzea i wystawy w Celle - 9 St\u00e4dte in Niedersachsen","isPartOf":{"@id":"https:\/\/9staedte.de\/pl\/#website"},"primaryImageOfPage":{"@id":"https:\/\/9staedte.de\/pl\/celle-urocze-miasteczko-mieszkalne\/muzea-i-wystawy-w-celle\/#primaryimage"},"image":{"@id":"https:\/\/9staedte.de\/pl\/celle-urocze-miasteczko-mieszkalne\/muzea-i-wystawy-w-celle\/#primaryimage"},"thumbnailUrl":"https:\/\/9staedte.de\/wp-content\/uploads\/2023\/02\/celle-bomann-museum-c-Celle-Tourismus.jpg","datePublished":"2023-11-02T08:50:34+00:00","dateModified":"2025-05-08T13:00:18+00:00","breadcrumb":{"@id":"https:\/\/9staedte.de\/pl\/celle-urocze-miasteczko-mieszkalne\/muzea-i-wystawy-w-celle\/#breadcrumb"},"inLanguage":"pl-PL","potentialAction":[{"@type":"ReadAction","target":["https:\/\/9staedte.de\/pl\/celle-urocze-miasteczko-mieszkalne\/muzea-i-wystawy-w-celle\/"]}]},{"@type":"ImageObject","inLanguage":"pl-PL","@id":"https:\/\/9staedte.de\/pl\/celle-urocze-miasteczko-mieszkalne\/muzea-i-wystawy-w-celle\/#primaryimage","url":"https:\/\/9staedte.de\/wp-content\/uploads\/2023\/02\/celle-bomann-museum-c-Celle-Tourismus.jpg","contentUrl":"https:\/\/9staedte.de\/wp-content\/uploads\/2023\/02\/celle-bomann-museum-c-Celle-Tourismus.jpg","width":1020,"height":560,"caption":"Celle-bomann-museum-c) Celle Tourismus"},{"@type":"BreadcrumbList","@id":"https:\/\/9staedte.de\/pl\/celle-urocze-miasteczko-mieszkalne\/muzea-i-wystawy-w-celle\/#breadcrumb","itemListElement":[{"@type":"ListItem","position":1,"name":"Startseite","item":"https:\/\/9staedte.de\/pl\/"},{"@type":"ListItem","position":2,"name":"Celle &#8211; Urocze miasteczko mieszkalne","item":"https:\/\/9staedte.de\/pl\/celle-urocze-miasteczko-mieszkalne\/"},{"@type":"ListItem","position":3,"name":"Muzea i wystawy w Celle"}]},{"@type":"WebSite","@id":"https:\/\/9staedte.de\/pl\/#website","url":"https:\/\/9staedte.de\/pl\/","name":"9 St\u00e4dte in Niedersachsen","description":"","publisher":{"@id":"https:\/\/9staedte.de\/pl\/#organization"},"potentialAction":[{"@type":"SearchAction","target":{"@type":"EntryPoint","urlTemplate":"https:\/\/9staedte.de\/pl\/?s={search_term_string}"},"query-input":{"@type":"PropertyValueSpecification","valueRequired":true,"valueName":"search_term_string"}}],"inLanguage":"pl-PL"},{"@type":"Organization","@id":"https:\/\/9staedte.de\/pl\/#organization","name":"9 St\u00e4dte in Niedersachsen","url":"https:\/\/9staedte.de\/pl\/","logo":{"@type":"ImageObject","inLanguage":"pl-PL","@id":"https:\/\/9staedte.de\/pl\/#\/schema\/logo\/image\/","url":"https:\/\/9staedte.de\/wp-content\/uploads\/2025\/01\/9-neg-deutsch-2-1.png","contentUrl":"https:\/\/9staedte.de\/wp-content\/uploads\/2025\/01\/9-neg-deutsch-2-1.png","width":190,"height":114,"caption":"9 St\u00e4dte in Niedersachsen"},"image":{"@id":"https:\/\/9staedte.de\/pl\/#\/schema\/logo\/image\/"}}]}},"_links":{"self":[{"href":"https:\/\/9staedte.de\/pl\/wp-json\/wp\/v2\/pages\/17798","targetHints":{"allow":["GET"]}}],"collection":[{"href":"https:\/\/9staedte.de\/pl\/wp-json\/wp\/v2\/pages"}],"about":[{"href":"https:\/\/9staedte.de\/pl\/wp-json\/wp\/v2\/types\/page"}],"author":[{"embeddable":true,"href":"https:\/\/9staedte.de\/pl\/wp-json\/wp\/v2\/users\/1"}],"replies":[{"embeddable":true,"href":"https:\/\/9staedte.de\/pl\/wp-json\/wp\/v2\/comments?post=17798"}],"version-history":[{"count":2,"href":"https:\/\/9staedte.de\/pl\/wp-json\/wp\/v2\/pages\/17798\/revisions"}],"predecessor-version":[{"id":25404,"href":"https:\/\/9staedte.de\/pl\/wp-json\/wp\/v2\/pages\/17798\/revisions\/25404"}],"up":[{"embeddable":true,"href":"https:\/\/9staedte.de\/pl\/wp-json\/wp\/v2\/pages\/18081"}],"wp:featuredmedia":[{"embeddable":true,"href":"https:\/\/9staedte.de\/pl\/wp-json\/wp\/v2\/media\/17802"}],"wp:attachment":[{"href":"https:\/\/9staedte.de\/pl\/wp-json\/wp\/v2\/media?parent=17798"}],"wp:term":[{"taxonomy":"category","embeddable":true,"href":"https:\/\/9staedte.de\/pl\/wp-json\/wp\/v2\/categories?post=17798"},{"taxonomy":"post_tag","embeddable":true,"href":"https:\/\/9staedte.de\/pl\/wp-json\/wp\/v2\/tags?post=17798"},{"taxonomy":"ncap_cities_tax","embeddable":true,"href":"https:\/\/9staedte.de\/pl\/wp-json\/wp\/v2\/ncap_cities_tax?post=17798"}],"curies":[{"name":"wp","href":"https:\/\/api.w.org\/{rel}","templated":true}]}}