{"id":17762,"date":"2023-11-02T09:50:31","date_gmt":"2023-11-02T08:50:31","guid":{"rendered":"https:\/\/9staedte.de\/muzea-i-wystawy-w-autostadt\/"},"modified":"2023-11-02T09:50:31","modified_gmt":"2023-11-02T08:50:31","slug":"muzea-i-wystawy-w-autostadt","status":"publish","type":"page","link":"https:\/\/9staedte.de\/pl\/autostadt-w-wolfsburgu\/muzea-i-wystawy-w-autostadt\/","title":{"rendered":"Muzea i wystawy w Autostadt"},"content":{"rendered":"\n<h2 class=\"wp-block-heading\">Kamie\u0144 milowy motoryzacji w Time House<\/h2>\n\n\n\n<p>Jedn\u0105 z najpopularniejszych atrakcji w Autostadt jest ZeitHaus. Muzeum samochod\u00f3w r\u00f3\u017cnych marek prezentuje modele ponad 60 r\u00f3\u017cnych producent\u00f3w. Odkryj pere\u0142ki z ponad 130-letniej historii motoryzacji i powspominaj na widok Bulli, Beetle i Co.<\/p>\n\n\n\n<p>Opr\u00f3cz muzeum motoryzacji ZeitHaus, motoryzacyjny park tematyczny oferuje interaktywne wystawy i mo\u017cliwo\u015bci edukacyjne dla wszystkich grup wiekowych.<br><br><a href=\"http:\/\/www.autostadt.de\" target=\"_blank\" rel=\"noreferrer noopener\">www.autostadt.de<\/a><\/p>\n\n\n\n <div class=\"brlbs-cmpnt-container brlbs-cmpnt-content-blocker brlbs-cmpnt-with-individual-styles\" data-borlabs-cookie-content-blocker-id=\"google-maps\" data-borlabs-cookie-content=\"PGlmcmFtZSBzcmM9Imh0dHBzOi8vd3d3Lmdvb2dsZS5jb20vbWFwcy9lbWJlZD9wYj0hMW0xOCExbTEyITFtMyExZDI0MzIuNjEyNzM4MDE2MjMxNiEyZDEwLjc4ODI3NzQ3NzMyNTQzITNkNTIuNDMxODE0MjcyMDM4MjMhMm0zITFmMCEyZjAhM2YwITNtMiExaTEwMjQhMmk3NjghNGYxMy4xITNtMyExbTIhMXMweDQ3YWY5M2I2ZGRiODA3YzklM0EweDRkMGIzZWVjMTZlNzExYmUhMnNWVyUyMFplaXRIYXVzJTIwTXVzZXVtITVlMCEzbTIhMXNkZSEyc2RlITR2MTY5MjE3NDQyMzk4NSE1bTIhMXNkZSEyc2RlIiB3aWR0aD0iNjAwIiBoZWlnaHQ9IjQ1MCIgc3R5bGU9ImJvcmRlcjowOyIgYWxsb3dmdWxsc2NyZWVuPSIiIGxvYWRpbmc9ImxhenkiIHJlZmVycmVycG9saWN5PSJuby1yZWZlcnJlci13aGVuLWRvd25ncmFkZSI+PC9pZnJhbWU+\"><div class=\"brlbs-cmpnt-cb-preset-b brlbs-cmpnt-cb-google-maps\"> <div class=\"brlbs-cmpnt-cb-thumbnail\" style=\"background-image: url('https:\/\/9staedte.de\/wp-content\/uploads\/borlabs-cookie\/1\/brlbs-cb-google-maps-main.png')\"><\/div> <div class=\"brlbs-cmpnt-cb-main\"> <div class=\"brlbs-cmpnt-cb-content\"> <p class=\"brlbs-cmpnt-cb-description\">Aktualnie wy\u015bwietlana jest tre\u015b\u0107 zast\u0119pcza z <strong>Google Maps<\/strong>. Aby uzyska\u0107 dost\u0119p do rzeczywistej tre\u015bci, kliknij poni\u017cszy przycisk. Pami\u0119taj, \u017ce spowoduje to udost\u0119pnienie danych zewn\u0119trznym operatorom.<\/p> <a class=\"brlbs-cmpnt-cb-provider-toggle\" href=\"#\" data-borlabs-cookie-show-provider-information role=\"button\">Wi\u0119cej informacji<\/a> <\/div> <div class=\"brlbs-cmpnt-cb-buttons\"> <a class=\"brlbs-cmpnt-cb-btn\" href=\"#\" data-borlabs-cookie-unblock role=\"button\">Odblokuj tre\u015b\u0107<\/a> <a class=\"brlbs-cmpnt-cb-btn\" href=\"#\" data-borlabs-cookie-accept-service role=\"button\" style=\"display: inherit\">Zaakceptuj wymagan\u0105 us\u0142ug\u0119 i odblokuj tre\u015b\u0107<\/a> <\/div> <\/div> <\/div><\/div>\n","protected":false},"excerpt":{"rendered":"<p>Kamie\u0144 milowy motoryzacji w Time House Jedn\u0105 z najpopularniejszych atrakcji w Autostadt jest ZeitHaus. Muzeum samochod\u00f3w r\u00f3\u017cnych marek prezentuje modele ponad 60 r\u00f3\u017cnych producent\u00f3w. Odkryj pere\u0142ki z ponad 130-letniej historii motoryzacji i powspominaj na widok Bulli, Beetle i Co. Opr\u00f3cz muzeum motoryzacji ZeitHaus, motoryzacyjny park tematyczny oferuje interaktywne wystawy i mo\u017cliwo\u015bci edukacyjne dla wszystkich grup [&hellip;]<\/p>\n","protected":false},"author":1,"featured_media":17768,"parent":17931,"menu_order":0,"comment_status":"closed","ping_status":"closed","template":"","meta":{"_acf_changed":false,"footnotes":""},"categories":[],"tags":[],"ncap_cities_tax":[486,696],"class_list":["post-17762","page","type-page","status-publish","has-post-thumbnail","hentry","ncap_cities_tax-autostadt-pl","ncap_cities_tax-museen-autostadt-pl"],"acf":[],"yoast_head":"<!-- This site is optimized with the Yoast SEO plugin v27.4 - https:\/\/yoast.com\/product\/yoast-seo-wordpress\/ -->\n<title>Muzea i wystawy w Autostadt - 9 St\u00e4dte in Niedersachsen<\/title>\n<meta name=\"robots\" content=\"index, follow, max-snippet:-1, max-image-preview:large, max-video-preview:-1\" \/>\n<link rel=\"canonical\" href=\"https:\/\/9staedte.de\/pl\/autostadt-w-wolfsburgu\/muzea-i-wystawy-w-autostadt\/\" \/>\n<meta property=\"og:locale\" content=\"pl_PL\" \/>\n<meta property=\"og:type\" content=\"article\" \/>\n<meta property=\"og:title\" content=\"Muzea i wystawy w Autostadt - 9 St\u00e4dte in Niedersachsen\" \/>\n<meta property=\"og:description\" content=\"Kamie\u0144 milowy motoryzacji w Time House Jedn\u0105 z najpopularniejszych atrakcji w Autostadt jest ZeitHaus. Muzeum samochod\u00f3w r\u00f3\u017cnych marek prezentuje modele ponad 60 r\u00f3\u017cnych producent\u00f3w. Odkryj pere\u0142ki z ponad 130-letniej historii motoryzacji i powspominaj na widok Bulli, Beetle i Co. Opr\u00f3cz muzeum motoryzacji ZeitHaus, motoryzacyjny park tematyczny oferuje interaktywne wystawy i mo\u017cliwo\u015bci edukacyjne dla wszystkich grup [&hellip;]\" \/>\n<meta property=\"og:url\" content=\"https:\/\/9staedte.de\/pl\/autostadt-w-wolfsburgu\/muzea-i-wystawy-w-autostadt\/\" \/>\n<meta property=\"og:site_name\" content=\"9 St\u00e4dte in Niedersachsen\" \/>\n<meta property=\"og:image\" content=\"https:\/\/9staedte.de\/wp-content\/uploads\/2023\/01\/Zeit-Haus-c-Autostadt-GmbH-Nele-Martensen.jpg\" \/>\n\t<meta property=\"og:image:width\" content=\"1020\" \/>\n\t<meta property=\"og:image:height\" content=\"560\" \/>\n\t<meta property=\"og:image:type\" content=\"image\/jpeg\" \/>\n<meta name=\"twitter:card\" content=\"summary_large_image\" \/>\n<script type=\"application\/ld+json\" class=\"yoast-schema-graph\">{\"@context\":\"https:\\\/\\\/schema.org\",\"@graph\":[{\"@type\":\"WebPage\",\"@id\":\"https:\\\/\\\/9staedte.de\\\/pl\\\/autostadt-w-wolfsburgu\\\/muzea-i-wystawy-w-autostadt\\\/\",\"url\":\"https:\\\/\\\/9staedte.de\\\/pl\\\/autostadt-w-wolfsburgu\\\/muzea-i-wystawy-w-autostadt\\\/\",\"name\":\"Muzea i wystawy w Autostadt - 9 St\u00e4dte in Niedersachsen\",\"isPartOf\":{\"@id\":\"https:\\\/\\\/9staedte.de\\\/pl\\\/#website\"},\"primaryImageOfPage\":{\"@id\":\"https:\\\/\\\/9staedte.de\\\/pl\\\/autostadt-w-wolfsburgu\\\/muzea-i-wystawy-w-autostadt\\\/#primaryimage\"},\"image\":{\"@id\":\"https:\\\/\\\/9staedte.de\\\/pl\\\/autostadt-w-wolfsburgu\\\/muzea-i-wystawy-w-autostadt\\\/#primaryimage\"},\"thumbnailUrl\":\"https:\\\/\\\/9staedte.de\\\/wp-content\\\/uploads\\\/2023\\\/01\\\/Zeit-Haus-c-Autostadt-GmbH-Nele-Martensen.jpg\",\"datePublished\":\"2023-11-02T08:50:31+00:00\",\"breadcrumb\":{\"@id\":\"https:\\\/\\\/9staedte.de\\\/pl\\\/autostadt-w-wolfsburgu\\\/muzea-i-wystawy-w-autostadt\\\/#breadcrumb\"},\"inLanguage\":\"pl-PL\",\"potentialAction\":[{\"@type\":\"ReadAction\",\"target\":[\"https:\\\/\\\/9staedte.de\\\/pl\\\/autostadt-w-wolfsburgu\\\/muzea-i-wystawy-w-autostadt\\\/\"]}]},{\"@type\":\"ImageObject\",\"inLanguage\":\"pl-PL\",\"@id\":\"https:\\\/\\\/9staedte.de\\\/pl\\\/autostadt-w-wolfsburgu\\\/muzea-i-wystawy-w-autostadt\\\/#primaryimage\",\"url\":\"https:\\\/\\\/9staedte.de\\\/wp-content\\\/uploads\\\/2023\\\/01\\\/Zeit-Haus-c-Autostadt-GmbH-Nele-Martensen.jpg\",\"contentUrl\":\"https:\\\/\\\/9staedte.de\\\/wp-content\\\/uploads\\\/2023\\\/01\\\/Zeit-Haus-c-Autostadt-GmbH-Nele-Martensen.jpg\",\"width\":1020,\"height\":560,\"caption\":\"Zeit Haus c) Autostadt GmbH Nele Martensen\"},{\"@type\":\"BreadcrumbList\",\"@id\":\"https:\\\/\\\/9staedte.de\\\/pl\\\/autostadt-w-wolfsburgu\\\/muzea-i-wystawy-w-autostadt\\\/#breadcrumb\",\"itemListElement\":[{\"@type\":\"ListItem\",\"position\":1,\"name\":\"Startseite\",\"item\":\"https:\\\/\\\/9staedte.de\\\/pl\\\/\"},{\"@type\":\"ListItem\",\"position\":2,\"name\":\"Muzea i wystawy w Autostadt\"}]},{\"@type\":\"WebSite\",\"@id\":\"https:\\\/\\\/9staedte.de\\\/pl\\\/#website\",\"url\":\"https:\\\/\\\/9staedte.de\\\/pl\\\/\",\"name\":\"9 St\u00e4dte in Niedersachsen\",\"description\":\"\",\"publisher\":{\"@id\":\"https:\\\/\\\/9staedte.de\\\/pl\\\/#organization\"},\"potentialAction\":[{\"@type\":\"SearchAction\",\"target\":{\"@type\":\"EntryPoint\",\"urlTemplate\":\"https:\\\/\\\/9staedte.de\\\/pl\\\/?s={search_term_string}\"},\"query-input\":{\"@type\":\"PropertyValueSpecification\",\"valueRequired\":true,\"valueName\":\"search_term_string\"}}],\"inLanguage\":\"pl-PL\"},{\"@type\":\"Organization\",\"@id\":\"https:\\\/\\\/9staedte.de\\\/pl\\\/#organization\",\"name\":\"9 St\u00e4dte in Niedersachsen\",\"url\":\"https:\\\/\\\/9staedte.de\\\/pl\\\/\",\"logo\":{\"@type\":\"ImageObject\",\"inLanguage\":\"pl-PL\",\"@id\":\"https:\\\/\\\/9staedte.de\\\/pl\\\/#\\\/schema\\\/logo\\\/image\\\/\",\"url\":\"https:\\\/\\\/9staedte.de\\\/wp-content\\\/uploads\\\/2025\\\/01\\\/9-neg-deutsch-2-1.png\",\"contentUrl\":\"https:\\\/\\\/9staedte.de\\\/wp-content\\\/uploads\\\/2025\\\/01\\\/9-neg-deutsch-2-1.png\",\"width\":190,\"height\":114,\"caption\":\"9 St\u00e4dte in Niedersachsen\"},\"image\":{\"@id\":\"https:\\\/\\\/9staedte.de\\\/pl\\\/#\\\/schema\\\/logo\\\/image\\\/\"}}]}<\/script>\n<!-- \/ Yoast SEO plugin. -->","yoast_head_json":{"title":"Muzea i wystawy w Autostadt - 9 St\u00e4dte in Niedersachsen","robots":{"index":"index","follow":"follow","max-snippet":"max-snippet:-1","max-image-preview":"max-image-preview:large","max-video-preview":"max-video-preview:-1"},"canonical":"https:\/\/9staedte.de\/pl\/autostadt-w-wolfsburgu\/muzea-i-wystawy-w-autostadt\/","og_locale":"pl_PL","og_type":"article","og_title":"Muzea i wystawy w Autostadt - 9 St\u00e4dte in Niedersachsen","og_description":"Kamie\u0144 milowy motoryzacji w Time House Jedn\u0105 z najpopularniejszych atrakcji w Autostadt jest ZeitHaus. Muzeum samochod\u00f3w r\u00f3\u017cnych marek prezentuje modele ponad 60 r\u00f3\u017cnych producent\u00f3w. Odkryj pere\u0142ki z ponad 130-letniej historii motoryzacji i powspominaj na widok Bulli, Beetle i Co. Opr\u00f3cz muzeum motoryzacji ZeitHaus, motoryzacyjny park tematyczny oferuje interaktywne wystawy i mo\u017cliwo\u015bci edukacyjne dla wszystkich grup [&hellip;]","og_url":"https:\/\/9staedte.de\/pl\/autostadt-w-wolfsburgu\/muzea-i-wystawy-w-autostadt\/","og_site_name":"9 St\u00e4dte in Niedersachsen","og_image":[{"width":1020,"height":560,"url":"https:\/\/9staedte.de\/wp-content\/uploads\/2023\/01\/Zeit-Haus-c-Autostadt-GmbH-Nele-Martensen.jpg","type":"image\/jpeg"}],"twitter_card":"summary_large_image","schema":{"@context":"https:\/\/schema.org","@graph":[{"@type":"WebPage","@id":"https:\/\/9staedte.de\/pl\/autostadt-w-wolfsburgu\/muzea-i-wystawy-w-autostadt\/","url":"https:\/\/9staedte.de\/pl\/autostadt-w-wolfsburgu\/muzea-i-wystawy-w-autostadt\/","name":"Muzea i wystawy w Autostadt - 9 St\u00e4dte in Niedersachsen","isPartOf":{"@id":"https:\/\/9staedte.de\/pl\/#website"},"primaryImageOfPage":{"@id":"https:\/\/9staedte.de\/pl\/autostadt-w-wolfsburgu\/muzea-i-wystawy-w-autostadt\/#primaryimage"},"image":{"@id":"https:\/\/9staedte.de\/pl\/autostadt-w-wolfsburgu\/muzea-i-wystawy-w-autostadt\/#primaryimage"},"thumbnailUrl":"https:\/\/9staedte.de\/wp-content\/uploads\/2023\/01\/Zeit-Haus-c-Autostadt-GmbH-Nele-Martensen.jpg","datePublished":"2023-11-02T08:50:31+00:00","breadcrumb":{"@id":"https:\/\/9staedte.de\/pl\/autostadt-w-wolfsburgu\/muzea-i-wystawy-w-autostadt\/#breadcrumb"},"inLanguage":"pl-PL","potentialAction":[{"@type":"ReadAction","target":["https:\/\/9staedte.de\/pl\/autostadt-w-wolfsburgu\/muzea-i-wystawy-w-autostadt\/"]}]},{"@type":"ImageObject","inLanguage":"pl-PL","@id":"https:\/\/9staedte.de\/pl\/autostadt-w-wolfsburgu\/muzea-i-wystawy-w-autostadt\/#primaryimage","url":"https:\/\/9staedte.de\/wp-content\/uploads\/2023\/01\/Zeit-Haus-c-Autostadt-GmbH-Nele-Martensen.jpg","contentUrl":"https:\/\/9staedte.de\/wp-content\/uploads\/2023\/01\/Zeit-Haus-c-Autostadt-GmbH-Nele-Martensen.jpg","width":1020,"height":560,"caption":"Zeit Haus c) Autostadt GmbH Nele Martensen"},{"@type":"BreadcrumbList","@id":"https:\/\/9staedte.de\/pl\/autostadt-w-wolfsburgu\/muzea-i-wystawy-w-autostadt\/#breadcrumb","itemListElement":[{"@type":"ListItem","position":1,"name":"Startseite","item":"https:\/\/9staedte.de\/pl\/"},{"@type":"ListItem","position":2,"name":"Muzea i wystawy w Autostadt"}]},{"@type":"WebSite","@id":"https:\/\/9staedte.de\/pl\/#website","url":"https:\/\/9staedte.de\/pl\/","name":"9 St\u00e4dte in Niedersachsen","description":"","publisher":{"@id":"https:\/\/9staedte.de\/pl\/#organization"},"potentialAction":[{"@type":"SearchAction","target":{"@type":"EntryPoint","urlTemplate":"https:\/\/9staedte.de\/pl\/?s={search_term_string}"},"query-input":{"@type":"PropertyValueSpecification","valueRequired":true,"valueName":"search_term_string"}}],"inLanguage":"pl-PL"},{"@type":"Organization","@id":"https:\/\/9staedte.de\/pl\/#organization","name":"9 St\u00e4dte in Niedersachsen","url":"https:\/\/9staedte.de\/pl\/","logo":{"@type":"ImageObject","inLanguage":"pl-PL","@id":"https:\/\/9staedte.de\/pl\/#\/schema\/logo\/image\/","url":"https:\/\/9staedte.de\/wp-content\/uploads\/2025\/01\/9-neg-deutsch-2-1.png","contentUrl":"https:\/\/9staedte.de\/wp-content\/uploads\/2025\/01\/9-neg-deutsch-2-1.png","width":190,"height":114,"caption":"9 St\u00e4dte in Niedersachsen"},"image":{"@id":"https:\/\/9staedte.de\/pl\/#\/schema\/logo\/image\/"}}]}},"_links":{"self":[{"href":"https:\/\/9staedte.de\/pl\/wp-json\/wp\/v2\/pages\/17762","targetHints":{"allow":["GET"]}}],"collection":[{"href":"https:\/\/9staedte.de\/pl\/wp-json\/wp\/v2\/pages"}],"about":[{"href":"https:\/\/9staedte.de\/pl\/wp-json\/wp\/v2\/types\/page"}],"author":[{"embeddable":true,"href":"https:\/\/9staedte.de\/pl\/wp-json\/wp\/v2\/users\/1"}],"replies":[{"embeddable":true,"href":"https:\/\/9staedte.de\/pl\/wp-json\/wp\/v2\/comments?post=17762"}],"version-history":[{"count":0,"href":"https:\/\/9staedte.de\/pl\/wp-json\/wp\/v2\/pages\/17762\/revisions"}],"up":[{"embeddable":true,"href":"https:\/\/9staedte.de\/pl\/wp-json\/wp\/v2\/pages\/17931"}],"wp:featuredmedia":[{"embeddable":true,"href":"https:\/\/9staedte.de\/pl\/wp-json\/wp\/v2\/media\/17768"}],"wp:attachment":[{"href":"https:\/\/9staedte.de\/pl\/wp-json\/wp\/v2\/media?parent=17762"}],"wp:term":[{"taxonomy":"category","embeddable":true,"href":"https:\/\/9staedte.de\/pl\/wp-json\/wp\/v2\/categories?post=17762"},{"taxonomy":"post_tag","embeddable":true,"href":"https:\/\/9staedte.de\/pl\/wp-json\/wp\/v2\/tags?post=17762"},{"taxonomy":"ncap_cities_tax","embeddable":true,"href":"https:\/\/9staedte.de\/pl\/wp-json\/wp\/v2\/ncap_cities_tax?post=17762"}],"curies":[{"name":"wp","href":"https:\/\/api.w.org\/{rel}","templated":true}]}}