{"id":17747,"date":"2023-11-02T09:50:30","date_gmt":"2023-11-02T08:50:30","guid":{"rendered":"https:\/\/9staedte.de\/brunszwik-miasto-lwa\/zamki-i-ogrody-w-brunszwiku\/"},"modified":"2023-11-02T17:18:15","modified_gmt":"2023-11-02T16:18:15","slug":"zamki-i-ogrody-w-brunszwiku","status":"publish","type":"page","link":"https:\/\/9staedte.de\/pl\/brunszwik-miasto-lwa\/zamki-i-ogrody-w-brunszwiku\/","title":{"rendered":"Zamki i ogrody w Brunszwiku"},"content":{"rendered":"\r\n\r\n    <div class=\"filter-posts\">\r\n            <div  id=\"filterContent\">\r\n                                                        \n<div class=\"contentKachel filtr-item\" data-category=\"braunschweig-pl\">\n    <a href=\"https:\/\/9staedte.de\/pl\/poznobarokowa-architektura-w-zamku-richmond\/\">\n        <div class=\"contentKachel-inner\">\n                            <div class=\"contentKachel-thumbnail\">\n                    <img loading=\"lazy\" decoding=\"async\" width=\"300\" height=\"165\" src=\"https:\/\/9staedte.de\/wp-content\/smush-webp\/2022\/06\/Braunschweig-Richmond-palace-c-Braunschweig-Stadtmarketing-GmbH-300x165.jpg.webp\" class=\"objectfitcover withfilters wp-post-image\" alt=\"Na zdj\u0119ciu wida\u0107 ma\u0142y pa\u0142ac. Pa\u0142ac ma okr\u0105g\u0142y kszta\u0142t i du\u017ce okna. Z przodu kwitnie wiele czerwonych kwiat\u00f3w. Za pa\u0142acem rosn\u0105 du\u017ce drzewa. Niebo jest niebieskie z kilkoma chmurami.\" srcset=\"https:\/\/9staedte.de\/wp-content\/smush-webp\/2022\/06\/Braunschweig-Richmond-palace-c-Braunschweig-Stadtmarketing-GmbH-300x165.jpg.webp 300w, https:\/\/9staedte.de\/wp-content\/smush-webp\/2022\/06\/Braunschweig-Richmond-palace-c-Braunschweig-Stadtmarketing-GmbH-768x422.jpg.webp 768w, https:\/\/9staedte.de\/wp-content\/smush-webp\/2022\/06\/Braunschweig-Richmond-palace-c-Braunschweig-Stadtmarketing-GmbH.jpg.webp 1020w\" sizes=\"auto, (max-width: 300px) 100vw, 300px\" \/>                    <img loading=\"lazy\" decoding=\"async\" width=\"300\" height=\"165\" src=\"https:\/\/9staedte.de\/wp-content\/smush-webp\/2022\/06\/Braunschweig-Richmond-palace-c-Braunschweig-Stadtmarketing-GmbH-300x165.jpg.webp\" class=\"objectfitcontain wp-post-image\" alt=\"Na zdj\u0119ciu wida\u0107 ma\u0142y pa\u0142ac. Pa\u0142ac ma okr\u0105g\u0142y kszta\u0142t i du\u017ce okna. Z przodu kwitnie wiele czerwonych kwiat\u00f3w. Za pa\u0142acem rosn\u0105 du\u017ce drzewa. Niebo jest niebieskie z kilkoma chmurami.\" srcset=\"https:\/\/9staedte.de\/wp-content\/smush-webp\/2022\/06\/Braunschweig-Richmond-palace-c-Braunschweig-Stadtmarketing-GmbH-300x165.jpg.webp 300w, https:\/\/9staedte.de\/wp-content\/smush-webp\/2022\/06\/Braunschweig-Richmond-palace-c-Braunschweig-Stadtmarketing-GmbH-768x422.jpg.webp 768w, https:\/\/9staedte.de\/wp-content\/smush-webp\/2022\/06\/Braunschweig-Richmond-palace-c-Braunschweig-Stadtmarketing-GmbH.jpg.webp 1020w\" sizes=\"auto, (max-width: 300px) 100vw, 300px\" \/>                        <div class=\"thumbnail-label\">\n    <span>Braunschweig Richmond palace c) Braunschweig Stadtmarketing GmbH<\/span>\n    <\/div>\n                <\/div>\n                        <div class=\"contentKachel-content\">\n                                    <div class=\"city-tag bg-braunschweig\">\n                        Braunschweig                    <\/div>\n                \n                <div class=\"title\">\n\n                    P\u00f3\u017anobarokowa architektura w zamku Richmond                    \n                <\/div>\n\n                            <\/div>\n\n        <\/div>\n    <\/a>\n<\/div>                                                        \n<div class=\"contentKachel filtr-item\" data-category=\"braunschweig-pl\">\n    <a href=\"https:\/\/9staedte.de\/pl\/palac-rezydencyjny-z-kwadryga-i-muzeum-palacowym-w-brunszwiku\/\">\n        <div class=\"contentKachel-inner\">\n                            <div class=\"contentKachel-thumbnail\">\n                    <img loading=\"lazy\" decoding=\"async\" width=\"300\" height=\"164\" src=\"https:\/\/9staedte.de\/wp-content\/smush-webp\/2022\/03\/Braunschweig-Schloss-c-Braunschweig-Stadtmarketing-Christian-Bierwagen-1-300x164.jpg.webp\" class=\"objectfitcover withfilters wp-post-image\" alt=\"\" srcset=\"https:\/\/9staedte.de\/wp-content\/smush-webp\/2022\/03\/Braunschweig-Schloss-c-Braunschweig-Stadtmarketing-Christian-Bierwagen-1-300x164.jpg.webp 300w, https:\/\/9staedte.de\/wp-content\/smush-webp\/2022\/03\/Braunschweig-Schloss-c-Braunschweig-Stadtmarketing-Christian-Bierwagen-1-768x419.jpg.webp 768w, https:\/\/9staedte.de\/wp-content\/smush-webp\/2022\/03\/Braunschweig-Schloss-c-Braunschweig-Stadtmarketing-Christian-Bierwagen-1.jpg.webp 1020w\" sizes=\"auto, (max-width: 300px) 100vw, 300px\" \/>                    <img loading=\"lazy\" decoding=\"async\" width=\"300\" height=\"164\" src=\"https:\/\/9staedte.de\/wp-content\/smush-webp\/2022\/03\/Braunschweig-Schloss-c-Braunschweig-Stadtmarketing-Christian-Bierwagen-1-300x164.jpg.webp\" class=\"objectfitcontain wp-post-image\" alt=\"\" srcset=\"https:\/\/9staedte.de\/wp-content\/smush-webp\/2022\/03\/Braunschweig-Schloss-c-Braunschweig-Stadtmarketing-Christian-Bierwagen-1-300x164.jpg.webp 300w, https:\/\/9staedte.de\/wp-content\/smush-webp\/2022\/03\/Braunschweig-Schloss-c-Braunschweig-Stadtmarketing-Christian-Bierwagen-1-768x419.jpg.webp 768w, https:\/\/9staedte.de\/wp-content\/smush-webp\/2022\/03\/Braunschweig-Schloss-c-Braunschweig-Stadtmarketing-Christian-Bierwagen-1.jpg.webp 1020w\" sizes=\"auto, (max-width: 300px) 100vw, 300px\" \/>                        <div class=\"thumbnail-label\">\n    <span>Braunschweig Schloss c) Braunschweig Stadtmarketing Christian Bierwagen<\/span>\n    <\/div>\n                <\/div>\n                        <div class=\"contentKachel-content\">\n                                    <div class=\"city-tag bg-braunschweig\">\n                        Braunschweig                    <\/div>\n                \n                <div class=\"title\">\n\n                    Pa\u0142ac Rezydencyjny z Kwadryg\u0105 i Muzeum Pa\u0142acowym w Brunszwiku                    \n                <\/div>\n\n                            <\/div>\n\n        <\/div>\n    <\/a>\n<\/div>                                                        \n<div class=\"contentKachel filtr-item\" data-category=\"braunschweig-pl\">\n    <a href=\"https:\/\/9staedte.de\/pl\/zamek-dankwarderode\/\">\n        <div class=\"contentKachel-inner\">\n                            <div class=\"contentKachel-thumbnail\">\n                    <img loading=\"lazy\" decoding=\"async\" width=\"300\" height=\"165\" src=\"https:\/\/9staedte.de\/wp-content\/smush-webp\/2023\/01\/Burgplatz_cc-by-nd-Braunschweig-Stadtmarketing-GmbH-Christian-Bierwagen--300x165.jpg.webp\" class=\"objectfitcover withfilters wp-post-image\" alt=\"Zdj\u0119cie przedstawia plac Burgplatz w Brunszwiku. Na \u015brodku stoi pomnik lwa na wysokim cokole. Po lewej stronie jest stary budynek z \u0142ukami. Po prawej du\u017cy ko\u015bci\u00f3\u0142 z wieloma oknami. W tle wida\u0107 wysok\u0105 wie\u017c\u0119 z zielonym dachem. Ludzie spaceruj\u0105 po placu. Niebo jest jasne z kilkoma chmurami. Atmosfera jest spokojna i mi\u0142a.\" srcset=\"https:\/\/9staedte.de\/wp-content\/smush-webp\/2023\/01\/Burgplatz_cc-by-nd-Braunschweig-Stadtmarketing-GmbH-Christian-Bierwagen--300x165.jpg.webp 300w, https:\/\/9staedte.de\/wp-content\/smush-webp\/2023\/01\/Burgplatz_cc-by-nd-Braunschweig-Stadtmarketing-GmbH-Christian-Bierwagen--768x422.jpg.webp 768w, https:\/\/9staedte.de\/wp-content\/smush-webp\/2023\/01\/Burgplatz_cc-by-nd-Braunschweig-Stadtmarketing-GmbH-Christian-Bierwagen-.jpg.webp 1020w\" sizes=\"auto, (max-width: 300px) 100vw, 300px\" \/>                    <img loading=\"lazy\" decoding=\"async\" width=\"300\" height=\"165\" src=\"https:\/\/9staedte.de\/wp-content\/smush-webp\/2023\/01\/Burgplatz_cc-by-nd-Braunschweig-Stadtmarketing-GmbH-Christian-Bierwagen--300x165.jpg.webp\" class=\"objectfitcontain wp-post-image\" alt=\"Zdj\u0119cie przedstawia plac Burgplatz w Brunszwiku. Na \u015brodku stoi pomnik lwa na wysokim cokole. Po lewej stronie jest stary budynek z \u0142ukami. Po prawej du\u017cy ko\u015bci\u00f3\u0142 z wieloma oknami. W tle wida\u0107 wysok\u0105 wie\u017c\u0119 z zielonym dachem. Ludzie spaceruj\u0105 po placu. Niebo jest jasne z kilkoma chmurami. Atmosfera jest spokojna i mi\u0142a.\" srcset=\"https:\/\/9staedte.de\/wp-content\/smush-webp\/2023\/01\/Burgplatz_cc-by-nd-Braunschweig-Stadtmarketing-GmbH-Christian-Bierwagen--300x165.jpg.webp 300w, https:\/\/9staedte.de\/wp-content\/smush-webp\/2023\/01\/Burgplatz_cc-by-nd-Braunschweig-Stadtmarketing-GmbH-Christian-Bierwagen--768x422.jpg.webp 768w, https:\/\/9staedte.de\/wp-content\/smush-webp\/2023\/01\/Burgplatz_cc-by-nd-Braunschweig-Stadtmarketing-GmbH-Christian-Bierwagen-.jpg.webp 1020w\" sizes=\"auto, (max-width: 300px) 100vw, 300px\" \/>                        <div class=\"thumbnail-label\">\n    <span>Braunschweig Burgplatz c) Braunschweig Stadtmarketing \/ Christian Bierwagen<\/span>\n    <\/div>\n                <\/div>\n                        <div class=\"contentKachel-content\">\n                                    <div class=\"city-tag bg-braunschweig\">\n                        Braunschweig                    <\/div>\n                \n                <div class=\"title\">\n\n                    Zamek Dankwarderode                    \n                <\/div>\n\n                            <\/div>\n\n        <\/div>\n    <\/a>\n<\/div>                                                        \n<div class=\"contentKachel filtr-item\" data-category=\"braunschweig-pl\">\n    <a href=\"https:\/\/9staedte.de\/pl\/parki-i-ogrody-brunszwiku-wokol-rzeki-oker\/\">\n        <div class=\"contentKachel-inner\">\n                            <div class=\"contentKachel-thumbnail\">\n                    <img loading=\"lazy\" decoding=\"async\" width=\"300\" height=\"163\" src=\"https:\/\/9staedte.de\/wp-content\/smush-webp\/2023\/02\/Braunschweig_Buergerpark_Oker_Paddeln_Braunschweig-Stadtmarketing-GmbH_Daniel-Moeller-2-300x163.jpg.webp\" class=\"objectfitcover withfilters wp-post-image\" alt=\"Zdj\u0119cie przedstawia ludzi p\u0142ywaj\u0105cych kajakami po rzece Oker w Brunszwiku. Dwa kajaki p\u0142yn\u0105 po spokojnej rzece. \u0141odzie otoczone s\u0105 bujn\u0105 zieleni\u0105 i drzewami. W tle wida\u0107 ma\u0142y mostek. Jest s\u0142oneczny dzie\u0144.\" srcset=\"https:\/\/9staedte.de\/wp-content\/smush-webp\/2023\/02\/Braunschweig_Buergerpark_Oker_Paddeln_Braunschweig-Stadtmarketing-GmbH_Daniel-Moeller-2-300x163.jpg.webp 300w, https:\/\/9staedte.de\/wp-content\/smush-webp\/2023\/02\/Braunschweig_Buergerpark_Oker_Paddeln_Braunschweig-Stadtmarketing-GmbH_Daniel-Moeller-2-768x416.jpg.webp 768w, https:\/\/9staedte.de\/wp-content\/smush-webp\/2023\/02\/Braunschweig_Buergerpark_Oker_Paddeln_Braunschweig-Stadtmarketing-GmbH_Daniel-Moeller-2.jpg.webp 1020w\" sizes=\"auto, (max-width: 300px) 100vw, 300px\" \/>                    <img loading=\"lazy\" decoding=\"async\" width=\"300\" height=\"163\" src=\"https:\/\/9staedte.de\/wp-content\/smush-webp\/2023\/02\/Braunschweig_Buergerpark_Oker_Paddeln_Braunschweig-Stadtmarketing-GmbH_Daniel-Moeller-2-300x163.jpg.webp\" class=\"objectfitcontain wp-post-image\" alt=\"Zdj\u0119cie przedstawia ludzi p\u0142ywaj\u0105cych kajakami po rzece Oker w Brunszwiku. Dwa kajaki p\u0142yn\u0105 po spokojnej rzece. \u0141odzie otoczone s\u0105 bujn\u0105 zieleni\u0105 i drzewami. W tle wida\u0107 ma\u0142y mostek. Jest s\u0142oneczny dzie\u0144.\" srcset=\"https:\/\/9staedte.de\/wp-content\/smush-webp\/2023\/02\/Braunschweig_Buergerpark_Oker_Paddeln_Braunschweig-Stadtmarketing-GmbH_Daniel-Moeller-2-300x163.jpg.webp 300w, https:\/\/9staedte.de\/wp-content\/smush-webp\/2023\/02\/Braunschweig_Buergerpark_Oker_Paddeln_Braunschweig-Stadtmarketing-GmbH_Daniel-Moeller-2-768x416.jpg.webp 768w, https:\/\/9staedte.de\/wp-content\/smush-webp\/2023\/02\/Braunschweig_Buergerpark_Oker_Paddeln_Braunschweig-Stadtmarketing-GmbH_Daniel-Moeller-2.jpg.webp 1020w\" sizes=\"auto, (max-width: 300px) 100vw, 300px\" \/>                        <div class=\"thumbnail-label\">\n    <span>Braunschweig_B\u00fcrgerpark_Oker_Paddeln_Braunschweig Stadtmarketing GmbH_Daniel M\u00f6ller (2)<\/span>\n    <\/div>\n                <\/div>\n                        <div class=\"contentKachel-content\">\n                                    <div class=\"city-tag bg-braunschweig\">\n                        Braunschweig                    <\/div>\n                \n                <div class=\"title\">\n\n                    Parki i ogrody Brunszwiku wok\u00f3\u0142 rzeki Oker                    \n                <\/div>\n\n                            <\/div>\n\n        <\/div>\n    <\/a>\n<\/div>                                            <\/div>\r\n    <\/div>\r\n","protected":false},"excerpt":{"rendered":"","protected":false},"author":1,"featured_media":17755,"parent":17616,"menu_order":0,"comment_status":"closed","ping_status":"closed","template":"pagetemplates\/template-stadtthema.php","meta":{"_acf_changed":false,"footnotes":""},"categories":[],"tags":[],"ncap_cities_tax":[424,703],"class_list":["post-17747","page","type-page","status-publish","has-post-thumbnail","hentry","ncap_cities_tax-braunschweig-pl","ncap_cities_tax-schlosser-und-garten-braunschweig-pl"],"acf":[],"yoast_head":"<!-- This site is optimized with the Yoast SEO plugin v27.4 - https:\/\/yoast.com\/product\/yoast-seo-wordpress\/ -->\n<title>Zamki i ogrody w Brunszwiku - 9 St\u00e4dte in Niedersachsen<\/title>\n<meta name=\"robots\" content=\"index, follow, max-snippet:-1, max-image-preview:large, max-video-preview:-1\" \/>\n<link rel=\"canonical\" href=\"https:\/\/9staedte.de\/pl\/brunszwik-miasto-lwa\/zamki-i-ogrody-w-brunszwiku\/\" \/>\n<meta property=\"og:locale\" content=\"pl_PL\" \/>\n<meta property=\"og:type\" content=\"article\" \/>\n<meta property=\"og:title\" content=\"Zamki i ogrody w Brunszwiku - 9 St\u00e4dte in Niedersachsen\" \/>\n<meta property=\"og:url\" content=\"https:\/\/9staedte.de\/pl\/brunszwik-miasto-lwa\/zamki-i-ogrody-w-brunszwiku\/\" \/>\n<meta property=\"og:site_name\" content=\"9 St\u00e4dte in Niedersachsen\" \/>\n<meta property=\"article:modified_time\" content=\"2023-11-02T16:18:15+00:00\" \/>\n<meta property=\"og:image\" content=\"https:\/\/9staedte.de\/wp-content\/uploads\/2023\/06\/Braunschweig-Residenzschloss-c-BSM-Christian-Bierwagen-1.jpg\" \/>\n\t<meta property=\"og:image:width\" content=\"1019\" \/>\n\t<meta property=\"og:image:height\" content=\"562\" \/>\n\t<meta property=\"og:image:type\" content=\"image\/jpeg\" \/>\n<meta name=\"twitter:card\" content=\"summary_large_image\" \/>\n<script type=\"application\/ld+json\" class=\"yoast-schema-graph\">{\"@context\":\"https:\\\/\\\/schema.org\",\"@graph\":[{\"@type\":\"WebPage\",\"@id\":\"https:\\\/\\\/9staedte.de\\\/pl\\\/brunszwik-miasto-lwa\\\/zamki-i-ogrody-w-brunszwiku\\\/\",\"url\":\"https:\\\/\\\/9staedte.de\\\/pl\\\/brunszwik-miasto-lwa\\\/zamki-i-ogrody-w-brunszwiku\\\/\",\"name\":\"Zamki i ogrody w Brunszwiku - 9 St\u00e4dte in Niedersachsen\",\"isPartOf\":{\"@id\":\"https:\\\/\\\/9staedte.de\\\/pl\\\/#website\"},\"primaryImageOfPage\":{\"@id\":\"https:\\\/\\\/9staedte.de\\\/pl\\\/brunszwik-miasto-lwa\\\/zamki-i-ogrody-w-brunszwiku\\\/#primaryimage\"},\"image\":{\"@id\":\"https:\\\/\\\/9staedte.de\\\/pl\\\/brunszwik-miasto-lwa\\\/zamki-i-ogrody-w-brunszwiku\\\/#primaryimage\"},\"thumbnailUrl\":\"https:\\\/\\\/9staedte.de\\\/wp-content\\\/uploads\\\/2023\\\/06\\\/Braunschweig-Residenzschloss-c-BSM-Christian-Bierwagen-1.jpg\",\"datePublished\":\"2023-11-02T08:50:30+00:00\",\"dateModified\":\"2023-11-02T16:18:15+00:00\",\"breadcrumb\":{\"@id\":\"https:\\\/\\\/9staedte.de\\\/pl\\\/brunszwik-miasto-lwa\\\/zamki-i-ogrody-w-brunszwiku\\\/#breadcrumb\"},\"inLanguage\":\"pl-PL\",\"potentialAction\":[{\"@type\":\"ReadAction\",\"target\":[\"https:\\\/\\\/9staedte.de\\\/pl\\\/brunszwik-miasto-lwa\\\/zamki-i-ogrody-w-brunszwiku\\\/\"]}]},{\"@type\":\"ImageObject\",\"inLanguage\":\"pl-PL\",\"@id\":\"https:\\\/\\\/9staedte.de\\\/pl\\\/brunszwik-miasto-lwa\\\/zamki-i-ogrody-w-brunszwiku\\\/#primaryimage\",\"url\":\"https:\\\/\\\/9staedte.de\\\/wp-content\\\/uploads\\\/2023\\\/06\\\/Braunschweig-Residenzschloss-c-BSM-Christian-Bierwagen-1.jpg\",\"contentUrl\":\"https:\\\/\\\/9staedte.de\\\/wp-content\\\/uploads\\\/2023\\\/06\\\/Braunschweig-Residenzschloss-c-BSM-Christian-Bierwagen-1.jpg\",\"width\":1019,\"height\":562,\"caption\":\"Braunschweig Residenzschloss c) BSM Christian Bierwagen\"},{\"@type\":\"BreadcrumbList\",\"@id\":\"https:\\\/\\\/9staedte.de\\\/pl\\\/brunszwik-miasto-lwa\\\/zamki-i-ogrody-w-brunszwiku\\\/#breadcrumb\",\"itemListElement\":[{\"@type\":\"ListItem\",\"position\":1,\"name\":\"Startseite\",\"item\":\"https:\\\/\\\/9staedte.de\\\/pl\\\/\"},{\"@type\":\"ListItem\",\"position\":2,\"name\":\"Brunszwik &#8211; City of Lions\",\"item\":\"https:\\\/\\\/9staedte.de\\\/pl\\\/brunszwik-miasto-lwa\\\/\"},{\"@type\":\"ListItem\",\"position\":3,\"name\":\"Zamki i ogrody w Brunszwiku\"}]},{\"@type\":\"WebSite\",\"@id\":\"https:\\\/\\\/9staedte.de\\\/pl\\\/#website\",\"url\":\"https:\\\/\\\/9staedte.de\\\/pl\\\/\",\"name\":\"9 St\u00e4dte in Niedersachsen\",\"description\":\"\",\"publisher\":{\"@id\":\"https:\\\/\\\/9staedte.de\\\/pl\\\/#organization\"},\"potentialAction\":[{\"@type\":\"SearchAction\",\"target\":{\"@type\":\"EntryPoint\",\"urlTemplate\":\"https:\\\/\\\/9staedte.de\\\/pl\\\/?s={search_term_string}\"},\"query-input\":{\"@type\":\"PropertyValueSpecification\",\"valueRequired\":true,\"valueName\":\"search_term_string\"}}],\"inLanguage\":\"pl-PL\"},{\"@type\":\"Organization\",\"@id\":\"https:\\\/\\\/9staedte.de\\\/pl\\\/#organization\",\"name\":\"9 St\u00e4dte in Niedersachsen\",\"url\":\"https:\\\/\\\/9staedte.de\\\/pl\\\/\",\"logo\":{\"@type\":\"ImageObject\",\"inLanguage\":\"pl-PL\",\"@id\":\"https:\\\/\\\/9staedte.de\\\/pl\\\/#\\\/schema\\\/logo\\\/image\\\/\",\"url\":\"https:\\\/\\\/9staedte.de\\\/wp-content\\\/uploads\\\/2025\\\/01\\\/9-neg-deutsch-2-1.png\",\"contentUrl\":\"https:\\\/\\\/9staedte.de\\\/wp-content\\\/uploads\\\/2025\\\/01\\\/9-neg-deutsch-2-1.png\",\"width\":190,\"height\":114,\"caption\":\"9 St\u00e4dte in Niedersachsen\"},\"image\":{\"@id\":\"https:\\\/\\\/9staedte.de\\\/pl\\\/#\\\/schema\\\/logo\\\/image\\\/\"}}]}<\/script>\n<!-- \/ Yoast SEO plugin. -->","yoast_head_json":{"title":"Zamki i ogrody w Brunszwiku - 9 St\u00e4dte in Niedersachsen","robots":{"index":"index","follow":"follow","max-snippet":"max-snippet:-1","max-image-preview":"max-image-preview:large","max-video-preview":"max-video-preview:-1"},"canonical":"https:\/\/9staedte.de\/pl\/brunszwik-miasto-lwa\/zamki-i-ogrody-w-brunszwiku\/","og_locale":"pl_PL","og_type":"article","og_title":"Zamki i ogrody w Brunszwiku - 9 St\u00e4dte in Niedersachsen","og_url":"https:\/\/9staedte.de\/pl\/brunszwik-miasto-lwa\/zamki-i-ogrody-w-brunszwiku\/","og_site_name":"9 St\u00e4dte in Niedersachsen","article_modified_time":"2023-11-02T16:18:15+00:00","og_image":[{"width":1019,"height":562,"url":"https:\/\/9staedte.de\/wp-content\/uploads\/2023\/06\/Braunschweig-Residenzschloss-c-BSM-Christian-Bierwagen-1.jpg","type":"image\/jpeg"}],"twitter_card":"summary_large_image","schema":{"@context":"https:\/\/schema.org","@graph":[{"@type":"WebPage","@id":"https:\/\/9staedte.de\/pl\/brunszwik-miasto-lwa\/zamki-i-ogrody-w-brunszwiku\/","url":"https:\/\/9staedte.de\/pl\/brunszwik-miasto-lwa\/zamki-i-ogrody-w-brunszwiku\/","name":"Zamki i ogrody w Brunszwiku - 9 St\u00e4dte in Niedersachsen","isPartOf":{"@id":"https:\/\/9staedte.de\/pl\/#website"},"primaryImageOfPage":{"@id":"https:\/\/9staedte.de\/pl\/brunszwik-miasto-lwa\/zamki-i-ogrody-w-brunszwiku\/#primaryimage"},"image":{"@id":"https:\/\/9staedte.de\/pl\/brunszwik-miasto-lwa\/zamki-i-ogrody-w-brunszwiku\/#primaryimage"},"thumbnailUrl":"https:\/\/9staedte.de\/wp-content\/uploads\/2023\/06\/Braunschweig-Residenzschloss-c-BSM-Christian-Bierwagen-1.jpg","datePublished":"2023-11-02T08:50:30+00:00","dateModified":"2023-11-02T16:18:15+00:00","breadcrumb":{"@id":"https:\/\/9staedte.de\/pl\/brunszwik-miasto-lwa\/zamki-i-ogrody-w-brunszwiku\/#breadcrumb"},"inLanguage":"pl-PL","potentialAction":[{"@type":"ReadAction","target":["https:\/\/9staedte.de\/pl\/brunszwik-miasto-lwa\/zamki-i-ogrody-w-brunszwiku\/"]}]},{"@type":"ImageObject","inLanguage":"pl-PL","@id":"https:\/\/9staedte.de\/pl\/brunszwik-miasto-lwa\/zamki-i-ogrody-w-brunszwiku\/#primaryimage","url":"https:\/\/9staedte.de\/wp-content\/uploads\/2023\/06\/Braunschweig-Residenzschloss-c-BSM-Christian-Bierwagen-1.jpg","contentUrl":"https:\/\/9staedte.de\/wp-content\/uploads\/2023\/06\/Braunschweig-Residenzschloss-c-BSM-Christian-Bierwagen-1.jpg","width":1019,"height":562,"caption":"Braunschweig Residenzschloss c) BSM Christian Bierwagen"},{"@type":"BreadcrumbList","@id":"https:\/\/9staedte.de\/pl\/brunszwik-miasto-lwa\/zamki-i-ogrody-w-brunszwiku\/#breadcrumb","itemListElement":[{"@type":"ListItem","position":1,"name":"Startseite","item":"https:\/\/9staedte.de\/pl\/"},{"@type":"ListItem","position":2,"name":"Brunszwik &#8211; City of Lions","item":"https:\/\/9staedte.de\/pl\/brunszwik-miasto-lwa\/"},{"@type":"ListItem","position":3,"name":"Zamki i ogrody w Brunszwiku"}]},{"@type":"WebSite","@id":"https:\/\/9staedte.de\/pl\/#website","url":"https:\/\/9staedte.de\/pl\/","name":"9 St\u00e4dte in Niedersachsen","description":"","publisher":{"@id":"https:\/\/9staedte.de\/pl\/#organization"},"potentialAction":[{"@type":"SearchAction","target":{"@type":"EntryPoint","urlTemplate":"https:\/\/9staedte.de\/pl\/?s={search_term_string}"},"query-input":{"@type":"PropertyValueSpecification","valueRequired":true,"valueName":"search_term_string"}}],"inLanguage":"pl-PL"},{"@type":"Organization","@id":"https:\/\/9staedte.de\/pl\/#organization","name":"9 St\u00e4dte in Niedersachsen","url":"https:\/\/9staedte.de\/pl\/","logo":{"@type":"ImageObject","inLanguage":"pl-PL","@id":"https:\/\/9staedte.de\/pl\/#\/schema\/logo\/image\/","url":"https:\/\/9staedte.de\/wp-content\/uploads\/2025\/01\/9-neg-deutsch-2-1.png","contentUrl":"https:\/\/9staedte.de\/wp-content\/uploads\/2025\/01\/9-neg-deutsch-2-1.png","width":190,"height":114,"caption":"9 St\u00e4dte in Niedersachsen"},"image":{"@id":"https:\/\/9staedte.de\/pl\/#\/schema\/logo\/image\/"}}]}},"_links":{"self":[{"href":"https:\/\/9staedte.de\/pl\/wp-json\/wp\/v2\/pages\/17747","targetHints":{"allow":["GET"]}}],"collection":[{"href":"https:\/\/9staedte.de\/pl\/wp-json\/wp\/v2\/pages"}],"about":[{"href":"https:\/\/9staedte.de\/pl\/wp-json\/wp\/v2\/types\/page"}],"author":[{"embeddable":true,"href":"https:\/\/9staedte.de\/pl\/wp-json\/wp\/v2\/users\/1"}],"replies":[{"embeddable":true,"href":"https:\/\/9staedte.de\/pl\/wp-json\/wp\/v2\/comments?post=17747"}],"version-history":[{"count":1,"href":"https:\/\/9staedte.de\/pl\/wp-json\/wp\/v2\/pages\/17747\/revisions"}],"predecessor-version":[{"id":19705,"href":"https:\/\/9staedte.de\/pl\/wp-json\/wp\/v2\/pages\/17747\/revisions\/19705"}],"up":[{"embeddable":true,"href":"https:\/\/9staedte.de\/pl\/wp-json\/wp\/v2\/pages\/17616"}],"wp:featuredmedia":[{"embeddable":true,"href":"https:\/\/9staedte.de\/pl\/wp-json\/wp\/v2\/media\/17755"}],"wp:attachment":[{"href":"https:\/\/9staedte.de\/pl\/wp-json\/wp\/v2\/media?parent=17747"}],"wp:term":[{"taxonomy":"category","embeddable":true,"href":"https:\/\/9staedte.de\/pl\/wp-json\/wp\/v2\/categories?post=17747"},{"taxonomy":"post_tag","embeddable":true,"href":"https:\/\/9staedte.de\/pl\/wp-json\/wp\/v2\/tags?post=17747"},{"taxonomy":"ncap_cities_tax","embeddable":true,"href":"https:\/\/9staedte.de\/pl\/wp-json\/wp\/v2\/ncap_cities_tax?post=17747"}],"curies":[{"name":"wp","href":"https:\/\/api.w.org\/{rel}","templated":true}]}}