{"id":17744,"date":"2023-11-02T09:50:30","date_gmt":"2023-11-02T08:50:30","guid":{"rendered":"https:\/\/9staedte.de\/muzea-i-wystawy-w-hamelin\/"},"modified":"2025-02-18T16:35:20","modified_gmt":"2025-02-18T15:35:20","slug":"muzea-i-wystawy-w-hamelin","status":"publish","type":"page","link":"https:\/\/9staedte.de\/pl\/hamelin-legendarne-miasto-pied-piper\/muzea-i-wystawy-w-hamelin\/","title":{"rendered":"Muzea i wystawy w Hameln"},"content":{"rendered":"\r\n\r\n    <div class=\"filter-posts\">\r\n            <div  id=\"filterContent\">\r\n                                                        \n<div class=\"contentKachel filtr-item\" data-category=\"hameln-pl\">\n    <a href=\"https:\/\/9staedte.de\/pl\/muzeum-historii-motoryzacji-w-hameln\/\">\n        <div class=\"contentKachel-inner\">\n                            <div class=\"contentKachel-thumbnail\">\n                    <img loading=\"lazy\" decoding=\"async\" width=\"300\" height=\"164\" src=\"https:\/\/9staedte.de\/wp-content\/smush-webp\/2023\/06\/Museum-Hamelner-Automobilgeschichte-300x164.jpg.webp\" class=\"objectfitcover withfilters wp-post-image\" alt=\"Na zdj\u0119ciu wida\u0107 stary samoch\u00f3d. Samoch\u00f3d stoi w muzeum w Hameln. Jest bia\u0142y i ma z\u0142ote elementy. Ma du\u017ce, okr\u0105g\u0142e reflektory. Nie ma dachu. Z ty\u0142u s\u0105 tablice informacyjne. To muzeum pokazuje stare samochody z historii. Nazywa si\u0119: Muzeum Historii Motoryzacji w Hameln.\" srcset=\"https:\/\/9staedte.de\/wp-content\/smush-webp\/2023\/06\/Museum-Hamelner-Automobilgeschichte-300x164.jpg.webp 300w, https:\/\/9staedte.de\/wp-content\/smush-webp\/2023\/06\/Museum-Hamelner-Automobilgeschichte-768x420.jpg.webp 768w, https:\/\/9staedte.de\/wp-content\/smush-webp\/2023\/06\/Museum-Hamelner-Automobilgeschichte.jpg.webp 1020w\" sizes=\"auto, (max-width: 300px) 100vw, 300px\" \/>                    <img loading=\"lazy\" decoding=\"async\" width=\"300\" height=\"164\" src=\"https:\/\/9staedte.de\/wp-content\/smush-webp\/2023\/06\/Museum-Hamelner-Automobilgeschichte-300x164.jpg.webp\" class=\"objectfitcontain wp-post-image\" alt=\"Na zdj\u0119ciu wida\u0107 stary samoch\u00f3d. Samoch\u00f3d stoi w muzeum w Hameln. Jest bia\u0142y i ma z\u0142ote elementy. Ma du\u017ce, okr\u0105g\u0142e reflektory. Nie ma dachu. Z ty\u0142u s\u0105 tablice informacyjne. To muzeum pokazuje stare samochody z historii. Nazywa si\u0119: Muzeum Historii Motoryzacji w Hameln.\" srcset=\"https:\/\/9staedte.de\/wp-content\/smush-webp\/2023\/06\/Museum-Hamelner-Automobilgeschichte-300x164.jpg.webp 300w, https:\/\/9staedte.de\/wp-content\/smush-webp\/2023\/06\/Museum-Hamelner-Automobilgeschichte-768x420.jpg.webp 768w, https:\/\/9staedte.de\/wp-content\/smush-webp\/2023\/06\/Museum-Hamelner-Automobilgeschichte.jpg.webp 1020w\" sizes=\"auto, (max-width: 300px) 100vw, 300px\" \/>                        <div class=\"thumbnail-label\">\n    <span>Museum Hamelner Automobilgeschichte<\/span>\n    <\/div>\n                <\/div>\n                        <div class=\"contentKachel-content\">\n                                    <div class=\"city-tag bg-hameln\">\n                        Hameln                    <\/div>\n                \n                <div class=\"title\">\n\n                    Muzeum historii motoryzacji w Hameln                    \n                <\/div>\n\n                            <\/div>\n\n        <\/div>\n    <\/a>\n<\/div>                                                        \n<div class=\"contentKachel filtr-item\" data-category=\"hameln-pl\">\n    <a href=\"https:\/\/9staedte.de\/pl\/muzeum-hamelin-historia-miasta-i-saga-o-pied-piper\/\">\n        <div class=\"contentKachel-inner\">\n                            <div class=\"contentKachel-thumbnail\">\n                    <img loading=\"lazy\" decoding=\"async\" width=\"300\" height=\"165\" src=\"https:\/\/9staedte.de\/wp-content\/smush-webp\/2022\/03\/Rattenfaenger-Theater-im-Museum-Hameln-c-HMT-300x165.jpg.webp\" class=\"objectfitcover withfilters wp-post-image\" alt=\"Na zdj\u0119ciu wida\u0107 przedstawienie teatralne. Scena jest ciemna i tajemnicza. W starej skrzyni stoj\u0105 ma\u0142e metalowe figurki. Wygl\u0105daj\u0105 jak roboty lub szczury. Po lewej stronie stoi stary mikrofon. Z przodu siedz\u0105 widzowie. Patrz\u0105 uwa\u017cnie na scen\u0119. To teatr Szczuro\u0142apa w Hameln. Przedstawienie opowiada s\u0142ynn\u0105 legend\u0119 o Szczuro\u0142apie.\" srcset=\"https:\/\/9staedte.de\/wp-content\/smush-webp\/2022\/03\/Rattenfaenger-Theater-im-Museum-Hameln-c-HMT-300x165.jpg.webp 300w, https:\/\/9staedte.de\/wp-content\/smush-webp\/2022\/03\/Rattenfaenger-Theater-im-Museum-Hameln-c-HMT-768x422.jpg.webp 768w, https:\/\/9staedte.de\/wp-content\/smush-webp\/2022\/03\/Rattenfaenger-Theater-im-Museum-Hameln-c-HMT.jpg.webp 1019w\" sizes=\"auto, (max-width: 300px) 100vw, 300px\" \/>                    <img loading=\"lazy\" decoding=\"async\" width=\"300\" height=\"165\" src=\"https:\/\/9staedte.de\/wp-content\/smush-webp\/2022\/03\/Rattenfaenger-Theater-im-Museum-Hameln-c-HMT-300x165.jpg.webp\" class=\"objectfitcontain wp-post-image\" alt=\"Na zdj\u0119ciu wida\u0107 przedstawienie teatralne. Scena jest ciemna i tajemnicza. W starej skrzyni stoj\u0105 ma\u0142e metalowe figurki. Wygl\u0105daj\u0105 jak roboty lub szczury. Po lewej stronie stoi stary mikrofon. Z przodu siedz\u0105 widzowie. Patrz\u0105 uwa\u017cnie na scen\u0119. To teatr Szczuro\u0142apa w Hameln. Przedstawienie opowiada s\u0142ynn\u0105 legend\u0119 o Szczuro\u0142apie.\" srcset=\"https:\/\/9staedte.de\/wp-content\/smush-webp\/2022\/03\/Rattenfaenger-Theater-im-Museum-Hameln-c-HMT-300x165.jpg.webp 300w, https:\/\/9staedte.de\/wp-content\/smush-webp\/2022\/03\/Rattenfaenger-Theater-im-Museum-Hameln-c-HMT-768x422.jpg.webp 768w, https:\/\/9staedte.de\/wp-content\/smush-webp\/2022\/03\/Rattenfaenger-Theater-im-Museum-Hameln-c-HMT.jpg.webp 1019w\" sizes=\"auto, (max-width: 300px) 100vw, 300px\" \/>                        <div class=\"thumbnail-label\">\n    <span>Rattenf\u00e4nger-Theater im Museum Hameln c) HMT<\/span>\n    <\/div>\n                <\/div>\n                        <div class=\"contentKachel-content\">\n                                    <div class=\"city-tag bg-hameln\">\n                        Hameln                    <\/div>\n                \n                <div class=\"title\">\n\n                    Muzeum Hameln &#8211; historia miasta i saga o Pied Piper                    \n                <\/div>\n\n                            <\/div>\n\n        <\/div>\n    <\/a>\n<\/div>                                            <\/div>\r\n    <\/div>\r\n\n\n\n<div style=\"height:45px\" aria-hidden=\"true\" class=\"wp-block-spacer\"><\/div>\n\n\n\n<div class=\"wp-block-columns is-layout-flex wp-container-core-columns-is-layout-9d6595d7 wp-block-columns-is-layout-flex\">\n<div class=\"wp-block-column is-layout-flow wp-block-column-is-layout-flow\" style=\"flex-basis:66.66%\">\n <div class=\"brlbs-cmpnt-container brlbs-cmpnt-content-blocker brlbs-cmpnt-with-individual-styles\" data-borlabs-cookie-content-blocker-id=\"google-maps\" data-borlabs-cookie-content=\"PGlmcmFtZSBzcmM9Imh0dHBzOi8vd3d3Lmdvb2dsZS5jb20vbWFwcy9kL3UvMS9lbWJlZD9taWQ9MWVORGIza0xEcTNxN0JsRTlSanAydEVqS3JuMnZMdEkmYW1wO2VoYmM9MkUzMTJGIiB3aWR0aD0iNjQwIiBoZWlnaHQ9IjQ4MCI+PC9pZnJhbWU+\"><div class=\"brlbs-cmpnt-cb-preset-b brlbs-cmpnt-cb-google-maps\"> <div class=\"brlbs-cmpnt-cb-thumbnail\" style=\"background-image: url('https:\/\/9staedte.de\/wp-content\/uploads\/borlabs-cookie\/1\/brlbs-cb-google-maps-main.png')\"><\/div> <div class=\"brlbs-cmpnt-cb-main\"> <div class=\"brlbs-cmpnt-cb-content\"> <p class=\"brlbs-cmpnt-cb-description\">Aktualnie wy\u015bwietlana jest tre\u015b\u0107 zast\u0119pcza z <strong>Google Maps<\/strong>. Aby uzyska\u0107 dost\u0119p do rzeczywistej tre\u015bci, kliknij poni\u017cszy przycisk. Pami\u0119taj, \u017ce spowoduje to udost\u0119pnienie danych zewn\u0119trznym operatorom.<\/p> <a class=\"brlbs-cmpnt-cb-provider-toggle\" href=\"#\" data-borlabs-cookie-show-provider-information role=\"button\">Wi\u0119cej informacji<\/a> <\/div> <div class=\"brlbs-cmpnt-cb-buttons\"> <a class=\"brlbs-cmpnt-cb-btn\" href=\"#\" data-borlabs-cookie-unblock role=\"button\">Odblokuj tre\u015b\u0107<\/a> <a class=\"brlbs-cmpnt-cb-btn\" href=\"#\" data-borlabs-cookie-accept-service role=\"button\" style=\"display: inherit\">Zaakceptuj wymagan\u0105 us\u0142ug\u0119 i odblokuj tre\u015b\u0107<\/a> <\/div> <\/div> <\/div><\/div>\n<\/div>\n\n\n\n<div class=\"wp-block-column is-layout-flow wp-block-column-is-layout-flow\" style=\"flex-basis:33.33%\">\n<h4 class=\"wp-block-heading\"><strong>Muzea w Hamelin<\/strong><\/h4>\n\n\n\n<ul class=\"wp-block-list map-legend main-legend\">\n<li>Muzeum Hameln &#8211; historia miasta i saga o Pied Piper<\/li>\n\n\n\n<li>Muzeum historii motoryzacji w Hameln<\/li>\n<\/ul>\n<\/div>\n<\/div>\n","protected":false},"excerpt":{"rendered":"<p>Aktualnie wy\u015bwietlana jest tre\u015b\u0107 zast\u0119pcza z Google Maps. Aby uzyska\u0107 dost\u0119p do rzeczywistej tre\u015bci, kliknij poni\u017cszy przycisk. Pami\u0119taj, \u017ce spowoduje to udost\u0119pnienie danych zewn\u0119trznym operatorom. Wi\u0119cej informacji Odblokuj tre\u015b\u0107 Zaakceptuj wymagan\u0105 us\u0142ug\u0119 i odblokuj tre\u015b\u0107 Muzea w Hamelin<\/p>\n","protected":false},"author":1,"featured_media":17213,"parent":17928,"menu_order":0,"comment_status":"closed","ping_status":"closed","template":"pagetemplates\/template-stadtthema.php","meta":{"_acf_changed":false,"footnotes":""},"categories":[],"tags":[],"ncap_cities_tax":[450,661],"class_list":["post-17744","page","type-page","status-publish","has-post-thumbnail","hentry","ncap_cities_tax-hameln-pl","ncap_cities_tax-museen-hameln-pl"],"acf":[],"yoast_head":"<!-- This site is optimized with the Yoast SEO plugin v27.4 - https:\/\/yoast.com\/product\/yoast-seo-wordpress\/ -->\n<title>Muzea i wystawy w Hameln - 9 St\u00e4dte in Niedersachsen<\/title>\n<meta name=\"robots\" content=\"index, follow, max-snippet:-1, max-image-preview:large, max-video-preview:-1\" \/>\n<link rel=\"canonical\" href=\"https:\/\/9staedte.de\/pl\/hamelin-legendarne-miasto-pied-piper\/muzea-i-wystawy-w-hamelin\/\" \/>\n<meta property=\"og:locale\" content=\"pl_PL\" \/>\n<meta property=\"og:type\" content=\"article\" \/>\n<meta property=\"og:title\" content=\"Muzea i wystawy w Hameln - 9 St\u00e4dte in Niedersachsen\" \/>\n<meta property=\"og:description\" content=\"Aktualnie wy\u015bwietlana jest tre\u015b\u0107 zast\u0119pcza z Google Maps. Aby uzyska\u0107 dost\u0119p do rzeczywistej tre\u015bci, kliknij poni\u017cszy przycisk. Pami\u0119taj, \u017ce spowoduje to udost\u0119pnienie danych zewn\u0119trznym operatorom. Wi\u0119cej informacji Odblokuj tre\u015b\u0107 Zaakceptuj wymagan\u0105 us\u0142ug\u0119 i odblokuj tre\u015b\u0107 Muzea w Hamelin\" \/>\n<meta property=\"og:url\" content=\"https:\/\/9staedte.de\/pl\/hamelin-legendarne-miasto-pied-piper\/muzea-i-wystawy-w-hamelin\/\" \/>\n<meta property=\"og:site_name\" content=\"9 St\u00e4dte in Niedersachsen\" \/>\n<meta property=\"article:modified_time\" content=\"2025-02-18T15:35:20+00:00\" \/>\n<meta property=\"og:image\" content=\"https:\/\/9staedte.de\/wp-content\/uploads\/2023\/01\/Rattenfaenger-vor-dem-Museum-Hameln-c-HMT.jpg\" \/>\n\t<meta property=\"og:image:width\" content=\"1020\" \/>\n\t<meta property=\"og:image:height\" content=\"560\" \/>\n\t<meta property=\"og:image:type\" content=\"image\/jpeg\" \/>\n<meta name=\"twitter:card\" content=\"summary_large_image\" \/>\n<meta name=\"twitter:label1\" content=\"Szacowany czas czytania\" \/>\n\t<meta name=\"twitter:data1\" content=\"1 minuta\" \/>\n<script type=\"application\/ld+json\" class=\"yoast-schema-graph\">{\"@context\":\"https:\\\/\\\/schema.org\",\"@graph\":[{\"@type\":\"WebPage\",\"@id\":\"https:\\\/\\\/9staedte.de\\\/pl\\\/hamelin-legendarne-miasto-pied-piper\\\/muzea-i-wystawy-w-hamelin\\\/\",\"url\":\"https:\\\/\\\/9staedte.de\\\/pl\\\/hamelin-legendarne-miasto-pied-piper\\\/muzea-i-wystawy-w-hamelin\\\/\",\"name\":\"Muzea i wystawy w Hameln - 9 St\u00e4dte in Niedersachsen\",\"isPartOf\":{\"@id\":\"https:\\\/\\\/9staedte.de\\\/pl\\\/#website\"},\"primaryImageOfPage\":{\"@id\":\"https:\\\/\\\/9staedte.de\\\/pl\\\/hamelin-legendarne-miasto-pied-piper\\\/muzea-i-wystawy-w-hamelin\\\/#primaryimage\"},\"image\":{\"@id\":\"https:\\\/\\\/9staedte.de\\\/pl\\\/hamelin-legendarne-miasto-pied-piper\\\/muzea-i-wystawy-w-hamelin\\\/#primaryimage\"},\"thumbnailUrl\":\"https:\\\/\\\/9staedte.de\\\/wp-content\\\/uploads\\\/2023\\\/01\\\/Rattenfaenger-vor-dem-Museum-Hameln-c-HMT.jpg\",\"datePublished\":\"2023-11-02T08:50:30+00:00\",\"dateModified\":\"2025-02-18T15:35:20+00:00\",\"breadcrumb\":{\"@id\":\"https:\\\/\\\/9staedte.de\\\/pl\\\/hamelin-legendarne-miasto-pied-piper\\\/muzea-i-wystawy-w-hamelin\\\/#breadcrumb\"},\"inLanguage\":\"pl-PL\",\"potentialAction\":[{\"@type\":\"ReadAction\",\"target\":[\"https:\\\/\\\/9staedte.de\\\/pl\\\/hamelin-legendarne-miasto-pied-piper\\\/muzea-i-wystawy-w-hamelin\\\/\"]}]},{\"@type\":\"ImageObject\",\"inLanguage\":\"pl-PL\",\"@id\":\"https:\\\/\\\/9staedte.de\\\/pl\\\/hamelin-legendarne-miasto-pied-piper\\\/muzea-i-wystawy-w-hamelin\\\/#primaryimage\",\"url\":\"https:\\\/\\\/9staedte.de\\\/wp-content\\\/uploads\\\/2023\\\/01\\\/Rattenfaenger-vor-dem-Museum-Hameln-c-HMT.jpg\",\"contentUrl\":\"https:\\\/\\\/9staedte.de\\\/wp-content\\\/uploads\\\/2023\\\/01\\\/Rattenfaenger-vor-dem-Museum-Hameln-c-HMT.jpg\",\"width\":1020,\"height\":560,\"caption\":\"Rattenf\u00e4nger vor dem Museum Hameln c) HMT\"},{\"@type\":\"BreadcrumbList\",\"@id\":\"https:\\\/\\\/9staedte.de\\\/pl\\\/hamelin-legendarne-miasto-pied-piper\\\/muzea-i-wystawy-w-hamelin\\\/#breadcrumb\",\"itemListElement\":[{\"@type\":\"ListItem\",\"position\":1,\"name\":\"Startseite\",\"item\":\"https:\\\/\\\/9staedte.de\\\/pl\\\/\"},{\"@type\":\"ListItem\",\"position\":2,\"name\":\"Hameln &#8211; legendarne miasto Pied Piper\",\"item\":\"https:\\\/\\\/9staedte.de\\\/pl\\\/hamelin-legendarne-miasto-pied-piper\\\/\"},{\"@type\":\"ListItem\",\"position\":3,\"name\":\"Muzea i wystawy w Hameln\"}]},{\"@type\":\"WebSite\",\"@id\":\"https:\\\/\\\/9staedte.de\\\/pl\\\/#website\",\"url\":\"https:\\\/\\\/9staedte.de\\\/pl\\\/\",\"name\":\"9 St\u00e4dte in Niedersachsen\",\"description\":\"\",\"publisher\":{\"@id\":\"https:\\\/\\\/9staedte.de\\\/pl\\\/#organization\"},\"potentialAction\":[{\"@type\":\"SearchAction\",\"target\":{\"@type\":\"EntryPoint\",\"urlTemplate\":\"https:\\\/\\\/9staedte.de\\\/pl\\\/?s={search_term_string}\"},\"query-input\":{\"@type\":\"PropertyValueSpecification\",\"valueRequired\":true,\"valueName\":\"search_term_string\"}}],\"inLanguage\":\"pl-PL\"},{\"@type\":\"Organization\",\"@id\":\"https:\\\/\\\/9staedte.de\\\/pl\\\/#organization\",\"name\":\"9 St\u00e4dte in Niedersachsen\",\"url\":\"https:\\\/\\\/9staedte.de\\\/pl\\\/\",\"logo\":{\"@type\":\"ImageObject\",\"inLanguage\":\"pl-PL\",\"@id\":\"https:\\\/\\\/9staedte.de\\\/pl\\\/#\\\/schema\\\/logo\\\/image\\\/\",\"url\":\"https:\\\/\\\/9staedte.de\\\/wp-content\\\/uploads\\\/2025\\\/01\\\/9-neg-deutsch-2-1.png\",\"contentUrl\":\"https:\\\/\\\/9staedte.de\\\/wp-content\\\/uploads\\\/2025\\\/01\\\/9-neg-deutsch-2-1.png\",\"width\":190,\"height\":114,\"caption\":\"9 St\u00e4dte in Niedersachsen\"},\"image\":{\"@id\":\"https:\\\/\\\/9staedte.de\\\/pl\\\/#\\\/schema\\\/logo\\\/image\\\/\"}}]}<\/script>\n<!-- \/ Yoast SEO plugin. -->","yoast_head_json":{"title":"Muzea i wystawy w Hameln - 9 St\u00e4dte in Niedersachsen","robots":{"index":"index","follow":"follow","max-snippet":"max-snippet:-1","max-image-preview":"max-image-preview:large","max-video-preview":"max-video-preview:-1"},"canonical":"https:\/\/9staedte.de\/pl\/hamelin-legendarne-miasto-pied-piper\/muzea-i-wystawy-w-hamelin\/","og_locale":"pl_PL","og_type":"article","og_title":"Muzea i wystawy w Hameln - 9 St\u00e4dte in Niedersachsen","og_description":"Aktualnie wy\u015bwietlana jest tre\u015b\u0107 zast\u0119pcza z Google Maps. Aby uzyska\u0107 dost\u0119p do rzeczywistej tre\u015bci, kliknij poni\u017cszy przycisk. Pami\u0119taj, \u017ce spowoduje to udost\u0119pnienie danych zewn\u0119trznym operatorom. Wi\u0119cej informacji Odblokuj tre\u015b\u0107 Zaakceptuj wymagan\u0105 us\u0142ug\u0119 i odblokuj tre\u015b\u0107 Muzea w Hamelin","og_url":"https:\/\/9staedte.de\/pl\/hamelin-legendarne-miasto-pied-piper\/muzea-i-wystawy-w-hamelin\/","og_site_name":"9 St\u00e4dte in Niedersachsen","article_modified_time":"2025-02-18T15:35:20+00:00","og_image":[{"width":1020,"height":560,"url":"https:\/\/9staedte.de\/wp-content\/uploads\/2023\/01\/Rattenfaenger-vor-dem-Museum-Hameln-c-HMT.jpg","type":"image\/jpeg"}],"twitter_card":"summary_large_image","twitter_misc":{"Szacowany czas czytania":"1 minuta"},"schema":{"@context":"https:\/\/schema.org","@graph":[{"@type":"WebPage","@id":"https:\/\/9staedte.de\/pl\/hamelin-legendarne-miasto-pied-piper\/muzea-i-wystawy-w-hamelin\/","url":"https:\/\/9staedte.de\/pl\/hamelin-legendarne-miasto-pied-piper\/muzea-i-wystawy-w-hamelin\/","name":"Muzea i wystawy w Hameln - 9 St\u00e4dte in Niedersachsen","isPartOf":{"@id":"https:\/\/9staedte.de\/pl\/#website"},"primaryImageOfPage":{"@id":"https:\/\/9staedte.de\/pl\/hamelin-legendarne-miasto-pied-piper\/muzea-i-wystawy-w-hamelin\/#primaryimage"},"image":{"@id":"https:\/\/9staedte.de\/pl\/hamelin-legendarne-miasto-pied-piper\/muzea-i-wystawy-w-hamelin\/#primaryimage"},"thumbnailUrl":"https:\/\/9staedte.de\/wp-content\/uploads\/2023\/01\/Rattenfaenger-vor-dem-Museum-Hameln-c-HMT.jpg","datePublished":"2023-11-02T08:50:30+00:00","dateModified":"2025-02-18T15:35:20+00:00","breadcrumb":{"@id":"https:\/\/9staedte.de\/pl\/hamelin-legendarne-miasto-pied-piper\/muzea-i-wystawy-w-hamelin\/#breadcrumb"},"inLanguage":"pl-PL","potentialAction":[{"@type":"ReadAction","target":["https:\/\/9staedte.de\/pl\/hamelin-legendarne-miasto-pied-piper\/muzea-i-wystawy-w-hamelin\/"]}]},{"@type":"ImageObject","inLanguage":"pl-PL","@id":"https:\/\/9staedte.de\/pl\/hamelin-legendarne-miasto-pied-piper\/muzea-i-wystawy-w-hamelin\/#primaryimage","url":"https:\/\/9staedte.de\/wp-content\/uploads\/2023\/01\/Rattenfaenger-vor-dem-Museum-Hameln-c-HMT.jpg","contentUrl":"https:\/\/9staedte.de\/wp-content\/uploads\/2023\/01\/Rattenfaenger-vor-dem-Museum-Hameln-c-HMT.jpg","width":1020,"height":560,"caption":"Rattenf\u00e4nger vor dem Museum Hameln c) HMT"},{"@type":"BreadcrumbList","@id":"https:\/\/9staedte.de\/pl\/hamelin-legendarne-miasto-pied-piper\/muzea-i-wystawy-w-hamelin\/#breadcrumb","itemListElement":[{"@type":"ListItem","position":1,"name":"Startseite","item":"https:\/\/9staedte.de\/pl\/"},{"@type":"ListItem","position":2,"name":"Hameln &#8211; legendarne miasto Pied Piper","item":"https:\/\/9staedte.de\/pl\/hamelin-legendarne-miasto-pied-piper\/"},{"@type":"ListItem","position":3,"name":"Muzea i wystawy w Hameln"}]},{"@type":"WebSite","@id":"https:\/\/9staedte.de\/pl\/#website","url":"https:\/\/9staedte.de\/pl\/","name":"9 St\u00e4dte in Niedersachsen","description":"","publisher":{"@id":"https:\/\/9staedte.de\/pl\/#organization"},"potentialAction":[{"@type":"SearchAction","target":{"@type":"EntryPoint","urlTemplate":"https:\/\/9staedte.de\/pl\/?s={search_term_string}"},"query-input":{"@type":"PropertyValueSpecification","valueRequired":true,"valueName":"search_term_string"}}],"inLanguage":"pl-PL"},{"@type":"Organization","@id":"https:\/\/9staedte.de\/pl\/#organization","name":"9 St\u00e4dte in Niedersachsen","url":"https:\/\/9staedte.de\/pl\/","logo":{"@type":"ImageObject","inLanguage":"pl-PL","@id":"https:\/\/9staedte.de\/pl\/#\/schema\/logo\/image\/","url":"https:\/\/9staedte.de\/wp-content\/uploads\/2025\/01\/9-neg-deutsch-2-1.png","contentUrl":"https:\/\/9staedte.de\/wp-content\/uploads\/2025\/01\/9-neg-deutsch-2-1.png","width":190,"height":114,"caption":"9 St\u00e4dte in Niedersachsen"},"image":{"@id":"https:\/\/9staedte.de\/pl\/#\/schema\/logo\/image\/"}}]}},"_links":{"self":[{"href":"https:\/\/9staedte.de\/pl\/wp-json\/wp\/v2\/pages\/17744","targetHints":{"allow":["GET"]}}],"collection":[{"href":"https:\/\/9staedte.de\/pl\/wp-json\/wp\/v2\/pages"}],"about":[{"href":"https:\/\/9staedte.de\/pl\/wp-json\/wp\/v2\/types\/page"}],"author":[{"embeddable":true,"href":"https:\/\/9staedte.de\/pl\/wp-json\/wp\/v2\/users\/1"}],"replies":[{"embeddable":true,"href":"https:\/\/9staedte.de\/pl\/wp-json\/wp\/v2\/comments?post=17744"}],"version-history":[{"count":2,"href":"https:\/\/9staedte.de\/pl\/wp-json\/wp\/v2\/pages\/17744\/revisions"}],"predecessor-version":[{"id":24836,"href":"https:\/\/9staedte.de\/pl\/wp-json\/wp\/v2\/pages\/17744\/revisions\/24836"}],"up":[{"embeddable":true,"href":"https:\/\/9staedte.de\/pl\/wp-json\/wp\/v2\/pages\/17928"}],"wp:featuredmedia":[{"embeddable":true,"href":"https:\/\/9staedte.de\/pl\/wp-json\/wp\/v2\/media\/17213"}],"wp:attachment":[{"href":"https:\/\/9staedte.de\/pl\/wp-json\/wp\/v2\/media?parent=17744"}],"wp:term":[{"taxonomy":"category","embeddable":true,"href":"https:\/\/9staedte.de\/pl\/wp-json\/wp\/v2\/categories?post=17744"},{"taxonomy":"post_tag","embeddable":true,"href":"https:\/\/9staedte.de\/pl\/wp-json\/wp\/v2\/tags?post=17744"},{"taxonomy":"ncap_cities_tax","embeddable":true,"href":"https:\/\/9staedte.de\/pl\/wp-json\/wp\/v2\/ncap_cities_tax?post=17744"}],"curies":[{"name":"wp","href":"https:\/\/api.w.org\/{rel}","templated":true}]}}