{"id":17723,"date":"2023-11-02T09:50:28","date_gmt":"2023-11-02T08:50:28","guid":{"rendered":"https:\/\/9staedte.de\/muzea-i-wystawy-w-hildesheim\/"},"modified":"2025-10-16T13:01:54","modified_gmt":"2025-10-16T11:01:54","slug":"muzea-i-wystawy-w-hildesheim","status":"publish","type":"page","link":"https:\/\/9staedte.de\/pl\/hildesheim-miasto-wpisane-na-liste-swiatowego-dziedzictwa-unesco\/muzea-i-wystawy-w-hildesheim\/","title":{"rendered":"Muzea i wystawy w Hildesheim"},"content":{"rendered":"\r\n\r\n    <div class=\"filter-posts\">\r\n            <div  id=\"filterContent\">\r\n                                                        \n<div class=\"contentKachel filtr-item\" data-category=\"hildesheim-pl\">\n    <a href=\"https:\/\/9staedte.de\/pl\/muzeum-katedralne-w-hildesheim\/\">\n        <div class=\"contentKachel-inner\">\n                            <div class=\"contentKachel-thumbnail\">\n                    <img loading=\"lazy\" decoding=\"async\" width=\"300\" height=\"223\" src=\"https:\/\/9staedte.de\/wp-content\/smush-webp\/2022\/03\/Dommuseum_monheim_Gobelinraum-1024x7611-1-300x223.jpg.webp\" class=\"objectfitcover withfilters wp-post-image\" alt=\"Na zdj\u0119ciu jest sala w Muzeum Katedralnym w Hildesheim. Z przodu stoi z\u0142ota figura Marii z Dzieci\u0105tkiem Jezus. Figura si\u0119 b\u0142yszczy i siedzi na tronie. W tle wisz\u0105 du\u017ce, kolorowe gobeliny. Wida\u0107 na nich sceny z lud\u017ami i budynkami. Ta sala nazywa si\u0119: Pok\u00f3j Gobelinowy. Wszystko wygl\u0105da na stare i cenne.\" srcset=\"https:\/\/9staedte.de\/wp-content\/smush-webp\/2022\/03\/Dommuseum_monheim_Gobelinraum-1024x7611-1-300x223.jpg.webp 300w, https:\/\/9staedte.de\/wp-content\/smush-webp\/2022\/03\/Dommuseum_monheim_Gobelinraum-1024x7611-1-768x571.jpg.webp 768w, https:\/\/9staedte.de\/wp-content\/smush-webp\/2022\/03\/Dommuseum_monheim_Gobelinraum-1024x7611-1.jpg.webp 1024w\" sizes=\"auto, (max-width: 300px) 100vw, 300px\" \/>                    <img loading=\"lazy\" decoding=\"async\" width=\"300\" height=\"223\" src=\"https:\/\/9staedte.de\/wp-content\/smush-webp\/2022\/03\/Dommuseum_monheim_Gobelinraum-1024x7611-1-300x223.jpg.webp\" class=\"objectfitcontain wp-post-image\" alt=\"Na zdj\u0119ciu jest sala w Muzeum Katedralnym w Hildesheim. Z przodu stoi z\u0142ota figura Marii z Dzieci\u0105tkiem Jezus. Figura si\u0119 b\u0142yszczy i siedzi na tronie. W tle wisz\u0105 du\u017ce, kolorowe gobeliny. Wida\u0107 na nich sceny z lud\u017ami i budynkami. Ta sala nazywa si\u0119: Pok\u00f3j Gobelinowy. Wszystko wygl\u0105da na stare i cenne.\" srcset=\"https:\/\/9staedte.de\/wp-content\/smush-webp\/2022\/03\/Dommuseum_monheim_Gobelinraum-1024x7611-1-300x223.jpg.webp 300w, https:\/\/9staedte.de\/wp-content\/smush-webp\/2022\/03\/Dommuseum_monheim_Gobelinraum-1024x7611-1-768x571.jpg.webp 768w, https:\/\/9staedte.de\/wp-content\/smush-webp\/2022\/03\/Dommuseum_monheim_Gobelinraum-1024x7611-1.jpg.webp 1024w\" sizes=\"auto, (max-width: 300px) 100vw, 300px\" \/>                        <div class=\"thumbnail-label\">\n    <span>Dommuseum Hildesheim Gobelinraum; Florian Monheim<\/span>\n    <\/div>\n                <\/div>\n                        <div class=\"contentKachel-content\">\n                                    <div class=\"city-tag bg-hildesheim\">\n                        Hildesheim                    <\/div>\n                \n                <div class=\"title\">\n\n                    Muzeum Katedralne w Hildesheim                    \n                <\/div>\n\n                            <\/div>\n\n        <\/div>\n    <\/a>\n<\/div>                                                        \n<div class=\"contentKachel filtr-item\" data-category=\"hildesheim-pl\">\n    <a href=\"https:\/\/9staedte.de\/pl\/muzeum-roemera-i-pelizaeusa-w-hildesheim\/\">\n        <div class=\"contentKachel-inner\">\n                            <div class=\"contentKachel-thumbnail\">\n                    <img loading=\"lazy\" decoding=\"async\" width=\"300\" height=\"169\" src=\"https:\/\/9staedte.de\/wp-content\/smush-webp\/2022\/03\/Aegyptenausstellung_RPM_c-Romer-und-Pelizaeus-Museum-300x169.jpg.webp\" class=\"objectfitcover withfilters wp-post-image\" alt=\"Na zdj\u0119ciu wida\u0107 muzeum z dawnymi kamieniami. Po lewej stronie s\u0105 egipskie rze\u017aby na kamieniu. Po\u015brodku stoi stary sarkofag z twarz\u0105. Po prawej s\u0105 kolejne kamienne fragmenty. \u015aciany \u015bwiec\u0105 na pomara\u0144czowo. To jest Muzeum Roemer i Pelizaeus w Hildesheim.\" srcset=\"https:\/\/9staedte.de\/wp-content\/smush-webp\/2022\/03\/Aegyptenausstellung_RPM_c-Romer-und-Pelizaeus-Museum-300x169.jpg.webp 300w, https:\/\/9staedte.de\/wp-content\/smush-webp\/2022\/03\/Aegyptenausstellung_RPM_c-Romer-und-Pelizaeus-Museum-768x431.jpg.webp 768w, https:\/\/9staedte.de\/wp-content\/smush-webp\/2022\/03\/Aegyptenausstellung_RPM_c-Romer-und-Pelizaeus-Museum.jpg.webp 1020w\" sizes=\"auto, (max-width: 300px) 100vw, 300px\" \/>                    <img loading=\"lazy\" decoding=\"async\" width=\"300\" height=\"169\" src=\"https:\/\/9staedte.de\/wp-content\/smush-webp\/2022\/03\/Aegyptenausstellung_RPM_c-Romer-und-Pelizaeus-Museum-300x169.jpg.webp\" class=\"objectfitcontain wp-post-image\" alt=\"Na zdj\u0119ciu wida\u0107 muzeum z dawnymi kamieniami. Po lewej stronie s\u0105 egipskie rze\u017aby na kamieniu. Po\u015brodku stoi stary sarkofag z twarz\u0105. Po prawej s\u0105 kolejne kamienne fragmenty. \u015aciany \u015bwiec\u0105 na pomara\u0144czowo. To jest Muzeum Roemer i Pelizaeus w Hildesheim.\" srcset=\"https:\/\/9staedte.de\/wp-content\/smush-webp\/2022\/03\/Aegyptenausstellung_RPM_c-Romer-und-Pelizaeus-Museum-300x169.jpg.webp 300w, https:\/\/9staedte.de\/wp-content\/smush-webp\/2022\/03\/Aegyptenausstellung_RPM_c-Romer-und-Pelizaeus-Museum-768x431.jpg.webp 768w, https:\/\/9staedte.de\/wp-content\/smush-webp\/2022\/03\/Aegyptenausstellung_RPM_c-Romer-und-Pelizaeus-Museum.jpg.webp 1020w\" sizes=\"auto, (max-width: 300px) 100vw, 300px\" \/>                        <div class=\"thumbnail-label\">\n    <span>\u00c4gyptenausstellung_RPM_(c) Roemer- und Pelizaeus-Museum<\/span>\n    <\/div>\n                <\/div>\n                        <div class=\"contentKachel-content\">\n                                    <div class=\"city-tag bg-hildesheim\">\n                        Hildesheim                    <\/div>\n                \n                <div class=\"title\">\n\n                    Muzeum Roemera i Pelizaeusa w Hildesheim                    \n                <\/div>\n\n                            <\/div>\n\n        <\/div>\n    <\/a>\n<\/div>                                            <\/div>\r\n    <\/div>\r\n\n\n\n<div style=\"height:46px\" aria-hidden=\"true\" class=\"wp-block-spacer\"><\/div>\n\n\n\n<div class=\"wp-block-columns is-layout-flex wp-container-core-columns-is-layout-9d6595d7 wp-block-columns-is-layout-flex\">\n<div class=\"wp-block-column is-layout-flow wp-block-column-is-layout-flow\" style=\"flex-basis:66.66%\">\n <div class=\"brlbs-cmpnt-container brlbs-cmpnt-content-blocker brlbs-cmpnt-with-individual-styles\" data-borlabs-cookie-content-blocker-id=\"google-maps\" data-borlabs-cookie-content=\"PGlmcmFtZSBzcmM9Imh0dHBzOi8vd3d3Lmdvb2dsZS5kZS9tYXBzL2QvZW1iZWQ\/bWlkPTFHU3NvenhPWnFoWDY4UFdxS2huSmFJUUFSSEpyZ19zJmVoYmM9MkUzMTJGIiB3aWR0aD0iNjQwIiBoZWlnaHQ9IjQ4MCI+PC9pZnJhbWU+\"><div class=\"brlbs-cmpnt-cb-preset-b brlbs-cmpnt-cb-google-maps\"> <div class=\"brlbs-cmpnt-cb-thumbnail\" style=\"background-image: url('https:\/\/9staedte.de\/wp-content\/uploads\/borlabs-cookie\/1\/brlbs-cb-google-maps-main.png')\"><\/div> <div class=\"brlbs-cmpnt-cb-main\"> <div class=\"brlbs-cmpnt-cb-content\"> <p class=\"brlbs-cmpnt-cb-description\">Aktualnie wy\u015bwietlana jest tre\u015b\u0107 zast\u0119pcza z <strong>Google Maps<\/strong>. Aby uzyska\u0107 dost\u0119p do rzeczywistej tre\u015bci, kliknij poni\u017cszy przycisk. Pami\u0119taj, \u017ce spowoduje to udost\u0119pnienie danych zewn\u0119trznym operatorom.<\/p> <a class=\"brlbs-cmpnt-cb-provider-toggle\" href=\"#\" data-borlabs-cookie-show-provider-information role=\"button\">Wi\u0119cej informacji<\/a> <\/div> <div class=\"brlbs-cmpnt-cb-buttons\"> <a class=\"brlbs-cmpnt-cb-btn\" href=\"#\" data-borlabs-cookie-unblock role=\"button\">Odblokuj tre\u015b\u0107<\/a> <a class=\"brlbs-cmpnt-cb-btn\" href=\"#\" data-borlabs-cookie-accept-service role=\"button\" style=\"display: inherit\">Zaakceptuj wymagan\u0105 us\u0142ug\u0119 i odblokuj tre\u015b\u0107<\/a> <\/div> <\/div> <\/div><\/div>\n<\/div>\n\n\n\n<div class=\"wp-block-column is-layout-flow wp-block-column-is-layout-flow\" style=\"flex-basis:33.33%\">\n<h4 class=\"wp-block-heading\"><strong>Muzea w Hildesheim<\/strong><\/h4>\n\n\n\n<ul class=\"wp-block-list map-legend main-legend\">\n<li>Muzeum Roemera i Pelizaeusa w Hildesheim<\/li>\n\n\n\n<li>Muzeum Katedralne w Hildesheim<\/li>\n<\/ul>\n<\/div>\n<\/div>\n","protected":false},"excerpt":{"rendered":"<p>Aktualnie wy\u015bwietlana jest tre\u015b\u0107 zast\u0119pcza z Google Maps. Aby uzyska\u0107 dost\u0119p do rzeczywistej tre\u015bci, kliknij poni\u017cszy przycisk. Pami\u0119taj, \u017ce spowoduje to udost\u0119pnienie danych zewn\u0119trznym operatorom. Wi\u0119cej informacji Odblokuj tre\u015b\u0107 Zaakceptuj wymagan\u0105 us\u0142ug\u0119 i odblokuj tre\u015b\u0107 Muzea w Hildesheim<\/p>\n","protected":false},"author":1,"featured_media":17739,"parent":17929,"menu_order":0,"comment_status":"closed","ping_status":"closed","template":"pagetemplates\/template-stadtthema.php","meta":{"_acf_changed":false,"footnotes":""},"categories":[],"tags":[],"ncap_cities_tax":[465,676],"class_list":["post-17723","page","type-page","status-publish","has-post-thumbnail","hentry","ncap_cities_tax-hildesheim-pl","ncap_cities_tax-museen-hildesheim-pl"],"acf":[],"yoast_head":"<!-- This site is optimized with the Yoast SEO plugin v26.8 - https:\/\/yoast.com\/product\/yoast-seo-wordpress\/ -->\n<title>Muzea i wystawy w Hildesheim - 9 St\u00e4dte in Niedersachsen<\/title>\n<meta name=\"robots\" content=\"index, follow, max-snippet:-1, max-image-preview:large, max-video-preview:-1\" \/>\n<link rel=\"canonical\" href=\"https:\/\/9staedte.de\/pl\/hildesheim-miasto-wpisane-na-liste-swiatowego-dziedzictwa-unesco\/muzea-i-wystawy-w-hildesheim\/\" \/>\n<meta property=\"og:locale\" content=\"pl_PL\" \/>\n<meta property=\"og:type\" content=\"article\" \/>\n<meta property=\"og:title\" content=\"Muzea i wystawy w Hildesheim - 9 St\u00e4dte in Niedersachsen\" \/>\n<meta property=\"og:description\" content=\"Aktualnie wy\u015bwietlana jest tre\u015b\u0107 zast\u0119pcza z Google Maps. Aby uzyska\u0107 dost\u0119p do rzeczywistej tre\u015bci, kliknij poni\u017cszy przycisk. Pami\u0119taj, \u017ce spowoduje to udost\u0119pnienie danych zewn\u0119trznym operatorom. Wi\u0119cej informacji Odblokuj tre\u015b\u0107 Zaakceptuj wymagan\u0105 us\u0142ug\u0119 i odblokuj tre\u015b\u0107 Muzea w Hildesheim\" \/>\n<meta property=\"og:url\" content=\"https:\/\/9staedte.de\/pl\/hildesheim-miasto-wpisane-na-liste-swiatowego-dziedzictwa-unesco\/muzea-i-wystawy-w-hildesheim\/\" \/>\n<meta property=\"og:site_name\" content=\"9 St\u00e4dte in Niedersachsen\" \/>\n<meta property=\"article:modified_time\" content=\"2025-10-16T11:01:54+00:00\" \/>\n<meta property=\"og:image\" content=\"https:\/\/9staedte.de\/wp-content\/uploads\/2023\/02\/UNESCO-Welterbe-Dom-Foto-Max-Wiesenbach-CCBY.jpg\" \/>\n\t<meta property=\"og:image:width\" content=\"1020\" \/>\n\t<meta property=\"og:image:height\" content=\"560\" \/>\n\t<meta property=\"og:image:type\" content=\"image\/jpeg\" \/>\n<meta name=\"twitter:card\" content=\"summary_large_image\" \/>\n<meta name=\"twitter:label1\" content=\"Szacowany czas czytania\" \/>\n\t<meta name=\"twitter:data1\" content=\"1 minuta\" \/>\n<script type=\"application\/ld+json\" class=\"yoast-schema-graph\">{\"@context\":\"https:\/\/schema.org\",\"@graph\":[{\"@type\":\"WebPage\",\"@id\":\"https:\/\/9staedte.de\/pl\/hildesheim-miasto-wpisane-na-liste-swiatowego-dziedzictwa-unesco\/muzea-i-wystawy-w-hildesheim\/\",\"url\":\"https:\/\/9staedte.de\/pl\/hildesheim-miasto-wpisane-na-liste-swiatowego-dziedzictwa-unesco\/muzea-i-wystawy-w-hildesheim\/\",\"name\":\"Muzea i wystawy w Hildesheim - 9 St\u00e4dte in Niedersachsen\",\"isPartOf\":{\"@id\":\"https:\/\/9staedte.de\/pl\/#website\"},\"primaryImageOfPage\":{\"@id\":\"https:\/\/9staedte.de\/pl\/hildesheim-miasto-wpisane-na-liste-swiatowego-dziedzictwa-unesco\/muzea-i-wystawy-w-hildesheim\/#primaryimage\"},\"image\":{\"@id\":\"https:\/\/9staedte.de\/pl\/hildesheim-miasto-wpisane-na-liste-swiatowego-dziedzictwa-unesco\/muzea-i-wystawy-w-hildesheim\/#primaryimage\"},\"thumbnailUrl\":\"https:\/\/9staedte.de\/wp-content\/uploads\/2023\/02\/UNESCO-Welterbe-Dom-Foto-Max-Wiesenbach-CCBY.jpg\",\"datePublished\":\"2023-11-02T08:50:28+00:00\",\"dateModified\":\"2025-10-16T11:01:54+00:00\",\"breadcrumb\":{\"@id\":\"https:\/\/9staedte.de\/pl\/hildesheim-miasto-wpisane-na-liste-swiatowego-dziedzictwa-unesco\/muzea-i-wystawy-w-hildesheim\/#breadcrumb\"},\"inLanguage\":\"pl-PL\",\"potentialAction\":[{\"@type\":\"ReadAction\",\"target\":[\"https:\/\/9staedte.de\/pl\/hildesheim-miasto-wpisane-na-liste-swiatowego-dziedzictwa-unesco\/muzea-i-wystawy-w-hildesheim\/\"]}]},{\"@type\":\"ImageObject\",\"inLanguage\":\"pl-PL\",\"@id\":\"https:\/\/9staedte.de\/pl\/hildesheim-miasto-wpisane-na-liste-swiatowego-dziedzictwa-unesco\/muzea-i-wystawy-w-hildesheim\/#primaryimage\",\"url\":\"https:\/\/9staedte.de\/wp-content\/uploads\/2023\/02\/UNESCO-Welterbe-Dom-Foto-Max-Wiesenbach-CCBY.jpg\",\"contentUrl\":\"https:\/\/9staedte.de\/wp-content\/uploads\/2023\/02\/UNESCO-Welterbe-Dom-Foto-Max-Wiesenbach-CCBY.jpg\",\"width\":1020,\"height\":560,\"caption\":\"UNESCO-Welterbe Dom, Foto Max Wiesenbach (CCBY)\"},{\"@type\":\"BreadcrumbList\",\"@id\":\"https:\/\/9staedte.de\/pl\/hildesheim-miasto-wpisane-na-liste-swiatowego-dziedzictwa-unesco\/muzea-i-wystawy-w-hildesheim\/#breadcrumb\",\"itemListElement\":[{\"@type\":\"ListItem\",\"position\":1,\"name\":\"Startseite\",\"item\":\"https:\/\/9staedte.de\/pl\/\"},{\"@type\":\"ListItem\",\"position\":2,\"name\":\"Hildesheim &#8211; miasto wpisane na list\u0119 \u015bwiatowego dziedzictwa UNESCO\",\"item\":\"https:\/\/9staedte.de\/pl\/hildesheim-miasto-wpisane-na-liste-swiatowego-dziedzictwa-unesco\/\"},{\"@type\":\"ListItem\",\"position\":3,\"name\":\"Muzea i wystawy w Hildesheim\"}]},{\"@type\":\"WebSite\",\"@id\":\"https:\/\/9staedte.de\/pl\/#website\",\"url\":\"https:\/\/9staedte.de\/pl\/\",\"name\":\"9 St\u00e4dte in Niedersachsen\",\"description\":\"\",\"publisher\":{\"@id\":\"https:\/\/9staedte.de\/pl\/#organization\"},\"potentialAction\":[{\"@type\":\"SearchAction\",\"target\":{\"@type\":\"EntryPoint\",\"urlTemplate\":\"https:\/\/9staedte.de\/pl\/?s={search_term_string}\"},\"query-input\":{\"@type\":\"PropertyValueSpecification\",\"valueRequired\":true,\"valueName\":\"search_term_string\"}}],\"inLanguage\":\"pl-PL\"},{\"@type\":\"Organization\",\"@id\":\"https:\/\/9staedte.de\/pl\/#organization\",\"name\":\"9 St\u00e4dte in Niedersachsen\",\"url\":\"https:\/\/9staedte.de\/pl\/\",\"logo\":{\"@type\":\"ImageObject\",\"inLanguage\":\"pl-PL\",\"@id\":\"https:\/\/9staedte.de\/pl\/#\/schema\/logo\/image\/\",\"url\":\"https:\/\/9staedte.de\/wp-content\/uploads\/2025\/01\/9-neg-deutsch-2-1.png\",\"contentUrl\":\"https:\/\/9staedte.de\/wp-content\/uploads\/2025\/01\/9-neg-deutsch-2-1.png\",\"width\":190,\"height\":114,\"caption\":\"9 St\u00e4dte in Niedersachsen\"},\"image\":{\"@id\":\"https:\/\/9staedte.de\/pl\/#\/schema\/logo\/image\/\"}}]}<\/script>\n<!-- \/ Yoast SEO plugin. -->","yoast_head_json":{"title":"Muzea i wystawy w Hildesheim - 9 St\u00e4dte in Niedersachsen","robots":{"index":"index","follow":"follow","max-snippet":"max-snippet:-1","max-image-preview":"max-image-preview:large","max-video-preview":"max-video-preview:-1"},"canonical":"https:\/\/9staedte.de\/pl\/hildesheim-miasto-wpisane-na-liste-swiatowego-dziedzictwa-unesco\/muzea-i-wystawy-w-hildesheim\/","og_locale":"pl_PL","og_type":"article","og_title":"Muzea i wystawy w Hildesheim - 9 St\u00e4dte in Niedersachsen","og_description":"Aktualnie wy\u015bwietlana jest tre\u015b\u0107 zast\u0119pcza z Google Maps. Aby uzyska\u0107 dost\u0119p do rzeczywistej tre\u015bci, kliknij poni\u017cszy przycisk. Pami\u0119taj, \u017ce spowoduje to udost\u0119pnienie danych zewn\u0119trznym operatorom. Wi\u0119cej informacji Odblokuj tre\u015b\u0107 Zaakceptuj wymagan\u0105 us\u0142ug\u0119 i odblokuj tre\u015b\u0107 Muzea w Hildesheim","og_url":"https:\/\/9staedte.de\/pl\/hildesheim-miasto-wpisane-na-liste-swiatowego-dziedzictwa-unesco\/muzea-i-wystawy-w-hildesheim\/","og_site_name":"9 St\u00e4dte in Niedersachsen","article_modified_time":"2025-10-16T11:01:54+00:00","og_image":[{"width":1020,"height":560,"url":"https:\/\/9staedte.de\/wp-content\/uploads\/2023\/02\/UNESCO-Welterbe-Dom-Foto-Max-Wiesenbach-CCBY.jpg","type":"image\/jpeg"}],"twitter_card":"summary_large_image","twitter_misc":{"Szacowany czas czytania":"1 minuta"},"schema":{"@context":"https:\/\/schema.org","@graph":[{"@type":"WebPage","@id":"https:\/\/9staedte.de\/pl\/hildesheim-miasto-wpisane-na-liste-swiatowego-dziedzictwa-unesco\/muzea-i-wystawy-w-hildesheim\/","url":"https:\/\/9staedte.de\/pl\/hildesheim-miasto-wpisane-na-liste-swiatowego-dziedzictwa-unesco\/muzea-i-wystawy-w-hildesheim\/","name":"Muzea i wystawy w Hildesheim - 9 St\u00e4dte in Niedersachsen","isPartOf":{"@id":"https:\/\/9staedte.de\/pl\/#website"},"primaryImageOfPage":{"@id":"https:\/\/9staedte.de\/pl\/hildesheim-miasto-wpisane-na-liste-swiatowego-dziedzictwa-unesco\/muzea-i-wystawy-w-hildesheim\/#primaryimage"},"image":{"@id":"https:\/\/9staedte.de\/pl\/hildesheim-miasto-wpisane-na-liste-swiatowego-dziedzictwa-unesco\/muzea-i-wystawy-w-hildesheim\/#primaryimage"},"thumbnailUrl":"https:\/\/9staedte.de\/wp-content\/uploads\/2023\/02\/UNESCO-Welterbe-Dom-Foto-Max-Wiesenbach-CCBY.jpg","datePublished":"2023-11-02T08:50:28+00:00","dateModified":"2025-10-16T11:01:54+00:00","breadcrumb":{"@id":"https:\/\/9staedte.de\/pl\/hildesheim-miasto-wpisane-na-liste-swiatowego-dziedzictwa-unesco\/muzea-i-wystawy-w-hildesheim\/#breadcrumb"},"inLanguage":"pl-PL","potentialAction":[{"@type":"ReadAction","target":["https:\/\/9staedte.de\/pl\/hildesheim-miasto-wpisane-na-liste-swiatowego-dziedzictwa-unesco\/muzea-i-wystawy-w-hildesheim\/"]}]},{"@type":"ImageObject","inLanguage":"pl-PL","@id":"https:\/\/9staedte.de\/pl\/hildesheim-miasto-wpisane-na-liste-swiatowego-dziedzictwa-unesco\/muzea-i-wystawy-w-hildesheim\/#primaryimage","url":"https:\/\/9staedte.de\/wp-content\/uploads\/2023\/02\/UNESCO-Welterbe-Dom-Foto-Max-Wiesenbach-CCBY.jpg","contentUrl":"https:\/\/9staedte.de\/wp-content\/uploads\/2023\/02\/UNESCO-Welterbe-Dom-Foto-Max-Wiesenbach-CCBY.jpg","width":1020,"height":560,"caption":"UNESCO-Welterbe Dom, Foto Max Wiesenbach (CCBY)"},{"@type":"BreadcrumbList","@id":"https:\/\/9staedte.de\/pl\/hildesheim-miasto-wpisane-na-liste-swiatowego-dziedzictwa-unesco\/muzea-i-wystawy-w-hildesheim\/#breadcrumb","itemListElement":[{"@type":"ListItem","position":1,"name":"Startseite","item":"https:\/\/9staedte.de\/pl\/"},{"@type":"ListItem","position":2,"name":"Hildesheim &#8211; miasto wpisane na list\u0119 \u015bwiatowego dziedzictwa UNESCO","item":"https:\/\/9staedte.de\/pl\/hildesheim-miasto-wpisane-na-liste-swiatowego-dziedzictwa-unesco\/"},{"@type":"ListItem","position":3,"name":"Muzea i wystawy w Hildesheim"}]},{"@type":"WebSite","@id":"https:\/\/9staedte.de\/pl\/#website","url":"https:\/\/9staedte.de\/pl\/","name":"9 St\u00e4dte in Niedersachsen","description":"","publisher":{"@id":"https:\/\/9staedte.de\/pl\/#organization"},"potentialAction":[{"@type":"SearchAction","target":{"@type":"EntryPoint","urlTemplate":"https:\/\/9staedte.de\/pl\/?s={search_term_string}"},"query-input":{"@type":"PropertyValueSpecification","valueRequired":true,"valueName":"search_term_string"}}],"inLanguage":"pl-PL"},{"@type":"Organization","@id":"https:\/\/9staedte.de\/pl\/#organization","name":"9 St\u00e4dte in Niedersachsen","url":"https:\/\/9staedte.de\/pl\/","logo":{"@type":"ImageObject","inLanguage":"pl-PL","@id":"https:\/\/9staedte.de\/pl\/#\/schema\/logo\/image\/","url":"https:\/\/9staedte.de\/wp-content\/uploads\/2025\/01\/9-neg-deutsch-2-1.png","contentUrl":"https:\/\/9staedte.de\/wp-content\/uploads\/2025\/01\/9-neg-deutsch-2-1.png","width":190,"height":114,"caption":"9 St\u00e4dte in Niedersachsen"},"image":{"@id":"https:\/\/9staedte.de\/pl\/#\/schema\/logo\/image\/"}}]}},"_links":{"self":[{"href":"https:\/\/9staedte.de\/pl\/wp-json\/wp\/v2\/pages\/17723","targetHints":{"allow":["GET"]}}],"collection":[{"href":"https:\/\/9staedte.de\/pl\/wp-json\/wp\/v2\/pages"}],"about":[{"href":"https:\/\/9staedte.de\/pl\/wp-json\/wp\/v2\/types\/page"}],"author":[{"embeddable":true,"href":"https:\/\/9staedte.de\/pl\/wp-json\/wp\/v2\/users\/1"}],"replies":[{"embeddable":true,"href":"https:\/\/9staedte.de\/pl\/wp-json\/wp\/v2\/comments?post=17723"}],"version-history":[{"count":4,"href":"https:\/\/9staedte.de\/pl\/wp-json\/wp\/v2\/pages\/17723\/revisions"}],"predecessor-version":[{"id":27311,"href":"https:\/\/9staedte.de\/pl\/wp-json\/wp\/v2\/pages\/17723\/revisions\/27311"}],"up":[{"embeddable":true,"href":"https:\/\/9staedte.de\/pl\/wp-json\/wp\/v2\/pages\/17929"}],"wp:featuredmedia":[{"embeddable":true,"href":"https:\/\/9staedte.de\/pl\/wp-json\/wp\/v2\/media\/17739"}],"wp:attachment":[{"href":"https:\/\/9staedte.de\/pl\/wp-json\/wp\/v2\/media?parent=17723"}],"wp:term":[{"taxonomy":"category","embeddable":true,"href":"https:\/\/9staedte.de\/pl\/wp-json\/wp\/v2\/categories?post=17723"},{"taxonomy":"post_tag","embeddable":true,"href":"https:\/\/9staedte.de\/pl\/wp-json\/wp\/v2\/tags?post=17723"},{"taxonomy":"ncap_cities_tax","embeddable":true,"href":"https:\/\/9staedte.de\/pl\/wp-json\/wp\/v2\/ncap_cities_tax?post=17723"}],"curies":[{"name":"wp","href":"https:\/\/api.w.org\/{rel}","templated":true}]}}