{"id":17698,"date":"2023-11-02T09:49:56","date_gmt":"2023-11-02T08:49:56","guid":{"rendered":"https:\/\/9staedte.de\/zamki-i-ogrody-w-celle\/"},"modified":"2025-05-08T15:04:40","modified_gmt":"2025-05-08T13:04:40","slug":"zamki-i-ogrody-w-celle","status":"publish","type":"page","link":"https:\/\/9staedte.de\/pl\/celle-urocze-miasteczko-mieszkalne\/zamki-i-ogrody-w-celle\/","title":{"rendered":"Zamki i ogrody w Celle"},"content":{"rendered":"\r\n\r\n    <div class=\"filter-posts\">\r\n            <div  id=\"filterContent\">\r\n                                                        \n<div class=\"contentKachel filtr-item\" data-category=\"celle-pl\">\n    <a href=\"https:\/\/9staedte.de\/pl\/francuski-ogrod-celle\/\">\n        <div class=\"contentKachel-inner\">\n                            <div class=\"contentKachel-thumbnail\">\n                    <img loading=\"lazy\" decoding=\"async\" width=\"300\" height=\"173\" src=\"https:\/\/9staedte.de\/wp-content\/smush-webp\/2023\/02\/celle-franzoeischer-garten-fruehling-c-Stadt-Celle-300x173.jpg.webp\" class=\"objectfitcover withfilters wp-post-image\" alt=\"Zdj\u0119cie przedstawia staw w Ogrodzie Francuskim w Celle. Na \u015brodku stawu fontanna tryska wod\u0105 w g\u00f3r\u0119. W strumieniu wody wida\u0107 t\u0119cz\u0119. Po prawej stronie du\u017ce drzewo z d\u0142ugimi ga\u0142\u0119ziami zwisa nad wod\u0105. Wzd\u0142u\u017c \u015bcie\u017cki kwitn\u0105 r\u00f3\u017cowe kwiaty wi\u015bni.\" srcset=\"https:\/\/9staedte.de\/wp-content\/smush-webp\/2023\/02\/celle-franzoeischer-garten-fruehling-c-Stadt-Celle-300x173.jpg.webp 300w, https:\/\/9staedte.de\/wp-content\/smush-webp\/2023\/02\/celle-franzoeischer-garten-fruehling-c-Stadt-Celle-768x442.jpg.webp 768w, https:\/\/9staedte.de\/wp-content\/smush-webp\/2023\/02\/celle-franzoeischer-garten-fruehling-c-Stadt-Celle.jpg.webp 1020w\" sizes=\"auto, (max-width: 300px) 100vw, 300px\" \/>                    <img loading=\"lazy\" decoding=\"async\" width=\"300\" height=\"173\" src=\"https:\/\/9staedte.de\/wp-content\/smush-webp\/2023\/02\/celle-franzoeischer-garten-fruehling-c-Stadt-Celle-300x173.jpg.webp\" class=\"objectfitcontain wp-post-image\" alt=\"Zdj\u0119cie przedstawia staw w Ogrodzie Francuskim w Celle. Na \u015brodku stawu fontanna tryska wod\u0105 w g\u00f3r\u0119. W strumieniu wody wida\u0107 t\u0119cz\u0119. Po prawej stronie du\u017ce drzewo z d\u0142ugimi ga\u0142\u0119ziami zwisa nad wod\u0105. Wzd\u0142u\u017c \u015bcie\u017cki kwitn\u0105 r\u00f3\u017cowe kwiaty wi\u015bni.\" srcset=\"https:\/\/9staedte.de\/wp-content\/smush-webp\/2023\/02\/celle-franzoeischer-garten-fruehling-c-Stadt-Celle-300x173.jpg.webp 300w, https:\/\/9staedte.de\/wp-content\/smush-webp\/2023\/02\/celle-franzoeischer-garten-fruehling-c-Stadt-Celle-768x442.jpg.webp 768w, https:\/\/9staedte.de\/wp-content\/smush-webp\/2023\/02\/celle-franzoeischer-garten-fruehling-c-Stadt-Celle.jpg.webp 1020w\" sizes=\"auto, (max-width: 300px) 100vw, 300px\" \/>                        <div class=\"thumbnail-label\">\n    <span>celle-franzoeischer-garten-fruehling c) Stadt Celle<\/span>\n    <\/div>\n                <\/div>\n                        <div class=\"contentKachel-content\">\n                                    <div class=\"city-tag bg-celle\">\n                        Celle                    <\/div>\n                \n                <div class=\"title\">\n\n                    Francuski ogr\u00f3d Celle                    \n                <\/div>\n\n                            <\/div>\n\n        <\/div>\n    <\/a>\n<\/div>                                                        \n<div class=\"contentKachel filtr-item\" data-category=\"celle-pl\">\n    <a href=\"https:\/\/9staedte.de\/pl\/pozostan-wsrod-kwiatow-i-zieleni-w-stadtpark-celle\/\">\n        <div class=\"contentKachel-inner\">\n                            <div class=\"contentKachel-thumbnail\">\n                    <img decoding=\"async\" src=\"\/wp-content\/themes\/nine-cities\/site\/img\/Placeholder.png\" alt=\"Placeholder\">\n                <\/div>\n                        <div class=\"contentKachel-content\">\n                                    <div class=\"city-tag bg-celle\">\n                        Celle                    <\/div>\n                \n                <div class=\"title\">\n\n                    Pozosta\u0144 w\u015br\u00f3d kwiat\u00f3w i zieleni &#8211; w Stadtpark Celle                    \n                <\/div>\n\n                            <\/div>\n\n        <\/div>\n    <\/a>\n<\/div>                                                        \n<div class=\"contentKachel filtr-item\" data-category=\"celle-pl\">\n    <a href=\"https:\/\/9staedte.de\/pl\/park-palacowy-celle\/\">\n        <div class=\"contentKachel-inner\">\n                            <div class=\"contentKachel-thumbnail\">\n                    <img loading=\"lazy\" decoding=\"async\" width=\"300\" height=\"165\" src=\"https:\/\/9staedte.de\/wp-content\/smush-webp\/2022\/03\/Celler-Schloss-und-Schlosspark-c-Celle-Tourismus-300x165.jpg.webp\" class=\"objectfitcover withfilters wp-post-image\" alt=\"Zdj\u0119cie przedstawia park zamkowy w Celle. W tle znajduje si\u0119 zamek w Celle. To du\u017cy bia\u0142y budynek z wieloma oknami i zielonymi wie\u017cami. Na pierwszym planie znajduje si\u0119 pos\u0105g. Pos\u0105g przedstawia konia i cz\u0142owieka. Niebo jest niebieskie, a s\u0142o\u0144ce \u015bwieci. W parku wida\u0107 wiele drzew i trawnik\u00f3w.\" srcset=\"https:\/\/9staedte.de\/wp-content\/smush-webp\/2022\/03\/Celler-Schloss-und-Schlosspark-c-Celle-Tourismus-300x165.jpg.webp 300w, https:\/\/9staedte.de\/wp-content\/smush-webp\/2022\/03\/Celler-Schloss-und-Schlosspark-c-Celle-Tourismus-768x422.jpg.webp 768w, https:\/\/9staedte.de\/wp-content\/smush-webp\/2022\/03\/Celler-Schloss-und-Schlosspark-c-Celle-Tourismus.jpg.webp 1020w\" sizes=\"auto, (max-width: 300px) 100vw, 300px\" \/>                    <img loading=\"lazy\" decoding=\"async\" width=\"300\" height=\"165\" src=\"https:\/\/9staedte.de\/wp-content\/smush-webp\/2022\/03\/Celler-Schloss-und-Schlosspark-c-Celle-Tourismus-300x165.jpg.webp\" class=\"objectfitcontain wp-post-image\" alt=\"Zdj\u0119cie przedstawia park zamkowy w Celle. W tle znajduje si\u0119 zamek w Celle. To du\u017cy bia\u0142y budynek z wieloma oknami i zielonymi wie\u017cami. Na pierwszym planie znajduje si\u0119 pos\u0105g. Pos\u0105g przedstawia konia i cz\u0142owieka. Niebo jest niebieskie, a s\u0142o\u0144ce \u015bwieci. W parku wida\u0107 wiele drzew i trawnik\u00f3w.\" srcset=\"https:\/\/9staedte.de\/wp-content\/smush-webp\/2022\/03\/Celler-Schloss-und-Schlosspark-c-Celle-Tourismus-300x165.jpg.webp 300w, https:\/\/9staedte.de\/wp-content\/smush-webp\/2022\/03\/Celler-Schloss-und-Schlosspark-c-Celle-Tourismus-768x422.jpg.webp 768w, https:\/\/9staedte.de\/wp-content\/smush-webp\/2022\/03\/Celler-Schloss-und-Schlosspark-c-Celle-Tourismus.jpg.webp 1020w\" sizes=\"auto, (max-width: 300px) 100vw, 300px\" \/>                        <div class=\"thumbnail-label\">\n    <span>Celler Schloss und Schlosspark c) Celle Tourismus<\/span>\n    <\/div>\n                <\/div>\n                        <div class=\"contentKachel-content\">\n                                    <div class=\"city-tag bg-celle\">\n                        Celle                    <\/div>\n                \n                <div class=\"title\">\n\n                    Park pa\u0142acowy Celle                    \n                <\/div>\n\n                            <\/div>\n\n        <\/div>\n    <\/a>\n<\/div>                                                        \n<div class=\"contentKachel filtr-item\" data-category=\"celle-pl\">\n    <a href=\"https:\/\/9staedte.de\/pl\/herzogschloss-celle-najstarszy-budynek-w-miescie\/\">\n        <div class=\"contentKachel-inner\">\n                            <div class=\"contentKachel-thumbnail\">\n                    <img loading=\"lazy\" decoding=\"async\" width=\"300\" height=\"164\" src=\"https:\/\/9staedte.de\/wp-content\/smush-webp\/2022\/03\/Celle_Schloss-c-Martin-Kirchner-300x164.jpg.webp\" class=\"objectfitcover withfilters wp-post-image\" alt=\"Zdj\u0119cie przedstawia zamek w Celle wieczorem. Zamek jest jasno o\u015bwietlony. Ma wiele okien i wie\u017c. Po obu stronach stoj\u0105 latarnie. Niebo jest ciemnoniebieskie. Zamek otaczaj\u0105 drzewa.\" srcset=\"https:\/\/9staedte.de\/wp-content\/smush-webp\/2022\/03\/Celle_Schloss-c-Martin-Kirchner-300x164.jpg.webp 300w, https:\/\/9staedte.de\/wp-content\/smush-webp\/2022\/03\/Celle_Schloss-c-Martin-Kirchner-768x421.jpg.webp 768w, https:\/\/9staedte.de\/wp-content\/smush-webp\/2022\/03\/Celle_Schloss-c-Martin-Kirchner.jpg.webp 1020w\" sizes=\"auto, (max-width: 300px) 100vw, 300px\" \/>                    <img loading=\"lazy\" decoding=\"async\" width=\"300\" height=\"164\" src=\"https:\/\/9staedte.de\/wp-content\/smush-webp\/2022\/03\/Celle_Schloss-c-Martin-Kirchner-300x164.jpg.webp\" class=\"objectfitcontain wp-post-image\" alt=\"Zdj\u0119cie przedstawia zamek w Celle wieczorem. Zamek jest jasno o\u015bwietlony. Ma wiele okien i wie\u017c. Po obu stronach stoj\u0105 latarnie. Niebo jest ciemnoniebieskie. Zamek otaczaj\u0105 drzewa.\" srcset=\"https:\/\/9staedte.de\/wp-content\/smush-webp\/2022\/03\/Celle_Schloss-c-Martin-Kirchner-300x164.jpg.webp 300w, https:\/\/9staedte.de\/wp-content\/smush-webp\/2022\/03\/Celle_Schloss-c-Martin-Kirchner-768x421.jpg.webp 768w, https:\/\/9staedte.de\/wp-content\/smush-webp\/2022\/03\/Celle_Schloss-c-Martin-Kirchner.jpg.webp 1020w\" sizes=\"auto, (max-width: 300px) 100vw, 300px\" \/>                        <div class=\"thumbnail-label\">\n    <span>Celle, Schloss, Schlosspark c) Martin Kirchner<\/span>\n    <\/div>\n                <\/div>\n                        <div class=\"contentKachel-content\">\n                                    <div class=\"city-tag bg-celle\">\n                        Celle                    <\/div>\n                \n                <div class=\"title\">\n\n                    Herzogschloss Celle &#8211; najstarszy budynek w mie\u015bcie                    \n                <\/div>\n\n                            <\/div>\n\n        <\/div>\n    <\/a>\n<\/div>                                                        \n<div class=\"contentKachel filtr-item\" data-category=\"celle-pl\">\n    <a href=\"https:\/\/9staedte.de\/pl\/ogrod-roslin-leczniczych-celle\/\">\n        <div class=\"contentKachel-inner\">\n                            <div class=\"contentKachel-thumbnail\">\n                    <img loading=\"lazy\" decoding=\"async\" width=\"300\" height=\"166\" src=\"https:\/\/9staedte.de\/wp-content\/smush-webp\/2022\/03\/Heilpflanzengarten-Plan-c-Celle-Tourismus-300x166.jpg.webp\" class=\"objectfitcover withfilters wp-post-image\" alt=\"Zdj\u0119cie przedstawia rysunek ogrodu ro\u015blin leczniczych w Celle. Na \u015brodku znajduje si\u0119 okr\u0105g\u0142y plac z fontann\u0105. Wiele \u015bcie\u017cek prowadzi od fontanny do ma\u0142ych grz\u0105dek. Na grz\u0105dkach rosn\u0105 ro\u015bliny lecznicze. W ogrodzie znajduje si\u0119 wiele drzew i krzew\u00f3w. W prawym g\u00f3rnym rogu jest miejsce ze sto\u0142ami i krzes\u0142ami. W lewym dolnym rogu znajduje si\u0119 altanka. Rysunek pokazuje ogr\u00f3d z lotu ptaka.\" srcset=\"https:\/\/9staedte.de\/wp-content\/smush-webp\/2022\/03\/Heilpflanzengarten-Plan-c-Celle-Tourismus-300x166.jpg.webp 300w, https:\/\/9staedte.de\/wp-content\/smush-webp\/2022\/03\/Heilpflanzengarten-Plan-c-Celle-Tourismus-768x426.jpg.webp 768w, https:\/\/9staedte.de\/wp-content\/smush-webp\/2022\/03\/Heilpflanzengarten-Plan-c-Celle-Tourismus.jpg.webp 1020w\" sizes=\"auto, (max-width: 300px) 100vw, 300px\" \/>                    <img loading=\"lazy\" decoding=\"async\" width=\"300\" height=\"166\" src=\"https:\/\/9staedte.de\/wp-content\/smush-webp\/2022\/03\/Heilpflanzengarten-Plan-c-Celle-Tourismus-300x166.jpg.webp\" class=\"objectfitcontain wp-post-image\" alt=\"Zdj\u0119cie przedstawia rysunek ogrodu ro\u015blin leczniczych w Celle. Na \u015brodku znajduje si\u0119 okr\u0105g\u0142y plac z fontann\u0105. Wiele \u015bcie\u017cek prowadzi od fontanny do ma\u0142ych grz\u0105dek. Na grz\u0105dkach rosn\u0105 ro\u015bliny lecznicze. W ogrodzie znajduje si\u0119 wiele drzew i krzew\u00f3w. W prawym g\u00f3rnym rogu jest miejsce ze sto\u0142ami i krzes\u0142ami. W lewym dolnym rogu znajduje si\u0119 altanka. Rysunek pokazuje ogr\u00f3d z lotu ptaka.\" srcset=\"https:\/\/9staedte.de\/wp-content\/smush-webp\/2022\/03\/Heilpflanzengarten-Plan-c-Celle-Tourismus-300x166.jpg.webp 300w, https:\/\/9staedte.de\/wp-content\/smush-webp\/2022\/03\/Heilpflanzengarten-Plan-c-Celle-Tourismus-768x426.jpg.webp 768w, https:\/\/9staedte.de\/wp-content\/smush-webp\/2022\/03\/Heilpflanzengarten-Plan-c-Celle-Tourismus.jpg.webp 1020w\" sizes=\"auto, (max-width: 300px) 100vw, 300px\" \/>                        <div class=\"thumbnail-label\">\n    <span>Heilpflanzengarten Plan c) Celle Tourismus<\/span>\n    <\/div>\n                <\/div>\n                        <div class=\"contentKachel-content\">\n                                    <div class=\"city-tag bg-celle\">\n                        Celle                    <\/div>\n                \n                <div class=\"title\">\n\n                    Ogr\u00f3d ro\u015blin leczniczych Celle                    \n                <\/div>\n\n                            <\/div>\n\n        <\/div>\n    <\/a>\n<\/div>                                            <\/div>\r\n    <\/div>\r\n","protected":false},"excerpt":{"rendered":"","protected":false},"author":1,"featured_media":17699,"parent":18081,"menu_order":0,"comment_status":"closed","ping_status":"closed","template":"pagetemplates\/template-stadtthema.php","meta":{"_acf_changed":false,"footnotes":""},"categories":[],"tags":[],"ncap_cities_tax":[430,709],"class_list":["post-17698","page","type-page","status-publish","has-post-thumbnail","hentry","ncap_cities_tax-celle-pl","ncap_cities_tax-schlosser-und-garten-celle-pl"],"acf":[],"yoast_head":"<!-- This site is optimized with the Yoast SEO plugin v26.8 - https:\/\/yoast.com\/product\/yoast-seo-wordpress\/ -->\n<title>Zamki i ogrody w Celle - 9 St\u00e4dte in Niedersachsen<\/title>\n<meta name=\"robots\" content=\"index, follow, max-snippet:-1, max-image-preview:large, max-video-preview:-1\" \/>\n<link rel=\"canonical\" href=\"https:\/\/9staedte.de\/pl\/celle-urocze-miasteczko-mieszkalne\/zamki-i-ogrody-w-celle\/\" \/>\n<meta property=\"og:locale\" content=\"pl_PL\" \/>\n<meta property=\"og:type\" content=\"article\" \/>\n<meta property=\"og:title\" content=\"Zamki i ogrody w Celle - 9 St\u00e4dte in Niedersachsen\" \/>\n<meta property=\"og:url\" content=\"https:\/\/9staedte.de\/pl\/celle-urocze-miasteczko-mieszkalne\/zamki-i-ogrody-w-celle\/\" \/>\n<meta property=\"og:site_name\" content=\"9 St\u00e4dte in Niedersachsen\" \/>\n<meta property=\"article:modified_time\" content=\"2025-05-08T13:04:40+00:00\" \/>\n<meta property=\"og:image\" content=\"https:\/\/9staedte.de\/wp-content\/uploads\/2023\/06\/Celle-Schloss-c-Celle-Tourismus.jpg\" \/>\n\t<meta property=\"og:image:width\" content=\"1020\" \/>\n\t<meta property=\"og:image:height\" content=\"561\" \/>\n\t<meta property=\"og:image:type\" content=\"image\/jpeg\" \/>\n<meta name=\"twitter:card\" content=\"summary_large_image\" \/>\n<script type=\"application\/ld+json\" class=\"yoast-schema-graph\">{\"@context\":\"https:\/\/schema.org\",\"@graph\":[{\"@type\":\"WebPage\",\"@id\":\"https:\/\/9staedte.de\/pl\/celle-urocze-miasteczko-mieszkalne\/zamki-i-ogrody-w-celle\/\",\"url\":\"https:\/\/9staedte.de\/pl\/celle-urocze-miasteczko-mieszkalne\/zamki-i-ogrody-w-celle\/\",\"name\":\"Zamki i ogrody w Celle - 9 St\u00e4dte in Niedersachsen\",\"isPartOf\":{\"@id\":\"https:\/\/9staedte.de\/pl\/#website\"},\"primaryImageOfPage\":{\"@id\":\"https:\/\/9staedte.de\/pl\/celle-urocze-miasteczko-mieszkalne\/zamki-i-ogrody-w-celle\/#primaryimage\"},\"image\":{\"@id\":\"https:\/\/9staedte.de\/pl\/celle-urocze-miasteczko-mieszkalne\/zamki-i-ogrody-w-celle\/#primaryimage\"},\"thumbnailUrl\":\"https:\/\/9staedte.de\/wp-content\/uploads\/2023\/06\/Celle-Schloss-c-Celle-Tourismus.jpg\",\"datePublished\":\"2023-11-02T08:49:56+00:00\",\"dateModified\":\"2025-05-08T13:04:40+00:00\",\"breadcrumb\":{\"@id\":\"https:\/\/9staedte.de\/pl\/celle-urocze-miasteczko-mieszkalne\/zamki-i-ogrody-w-celle\/#breadcrumb\"},\"inLanguage\":\"pl-PL\",\"potentialAction\":[{\"@type\":\"ReadAction\",\"target\":[\"https:\/\/9staedte.de\/pl\/celle-urocze-miasteczko-mieszkalne\/zamki-i-ogrody-w-celle\/\"]}]},{\"@type\":\"ImageObject\",\"inLanguage\":\"pl-PL\",\"@id\":\"https:\/\/9staedte.de\/pl\/celle-urocze-miasteczko-mieszkalne\/zamki-i-ogrody-w-celle\/#primaryimage\",\"url\":\"https:\/\/9staedte.de\/wp-content\/uploads\/2023\/06\/Celle-Schloss-c-Celle-Tourismus.jpg\",\"contentUrl\":\"https:\/\/9staedte.de\/wp-content\/uploads\/2023\/06\/Celle-Schloss-c-Celle-Tourismus.jpg\",\"width\":1020,\"height\":561,\"caption\":\"Celle Schloss c) Celle Tourismus\"},{\"@type\":\"BreadcrumbList\",\"@id\":\"https:\/\/9staedte.de\/pl\/celle-urocze-miasteczko-mieszkalne\/zamki-i-ogrody-w-celle\/#breadcrumb\",\"itemListElement\":[{\"@type\":\"ListItem\",\"position\":1,\"name\":\"Startseite\",\"item\":\"https:\/\/9staedte.de\/pl\/\"},{\"@type\":\"ListItem\",\"position\":2,\"name\":\"Celle &#8211; Urocze miasteczko mieszkalne\",\"item\":\"https:\/\/9staedte.de\/pl\/celle-urocze-miasteczko-mieszkalne\/\"},{\"@type\":\"ListItem\",\"position\":3,\"name\":\"Zamki i ogrody w Celle\"}]},{\"@type\":\"WebSite\",\"@id\":\"https:\/\/9staedte.de\/pl\/#website\",\"url\":\"https:\/\/9staedte.de\/pl\/\",\"name\":\"9 St\u00e4dte in Niedersachsen\",\"description\":\"\",\"publisher\":{\"@id\":\"https:\/\/9staedte.de\/pl\/#organization\"},\"potentialAction\":[{\"@type\":\"SearchAction\",\"target\":{\"@type\":\"EntryPoint\",\"urlTemplate\":\"https:\/\/9staedte.de\/pl\/?s={search_term_string}\"},\"query-input\":{\"@type\":\"PropertyValueSpecification\",\"valueRequired\":true,\"valueName\":\"search_term_string\"}}],\"inLanguage\":\"pl-PL\"},{\"@type\":\"Organization\",\"@id\":\"https:\/\/9staedte.de\/pl\/#organization\",\"name\":\"9 St\u00e4dte in Niedersachsen\",\"url\":\"https:\/\/9staedte.de\/pl\/\",\"logo\":{\"@type\":\"ImageObject\",\"inLanguage\":\"pl-PL\",\"@id\":\"https:\/\/9staedte.de\/pl\/#\/schema\/logo\/image\/\",\"url\":\"https:\/\/9staedte.de\/wp-content\/uploads\/2025\/01\/9-neg-deutsch-2-1.png\",\"contentUrl\":\"https:\/\/9staedte.de\/wp-content\/uploads\/2025\/01\/9-neg-deutsch-2-1.png\",\"width\":190,\"height\":114,\"caption\":\"9 St\u00e4dte in Niedersachsen\"},\"image\":{\"@id\":\"https:\/\/9staedte.de\/pl\/#\/schema\/logo\/image\/\"}}]}<\/script>\n<!-- \/ Yoast SEO plugin. -->","yoast_head_json":{"title":"Zamki i ogrody w Celle - 9 St\u00e4dte in Niedersachsen","robots":{"index":"index","follow":"follow","max-snippet":"max-snippet:-1","max-image-preview":"max-image-preview:large","max-video-preview":"max-video-preview:-1"},"canonical":"https:\/\/9staedte.de\/pl\/celle-urocze-miasteczko-mieszkalne\/zamki-i-ogrody-w-celle\/","og_locale":"pl_PL","og_type":"article","og_title":"Zamki i ogrody w Celle - 9 St\u00e4dte in Niedersachsen","og_url":"https:\/\/9staedte.de\/pl\/celle-urocze-miasteczko-mieszkalne\/zamki-i-ogrody-w-celle\/","og_site_name":"9 St\u00e4dte in Niedersachsen","article_modified_time":"2025-05-08T13:04:40+00:00","og_image":[{"width":1020,"height":561,"url":"https:\/\/9staedte.de\/wp-content\/uploads\/2023\/06\/Celle-Schloss-c-Celle-Tourismus.jpg","type":"image\/jpeg"}],"twitter_card":"summary_large_image","schema":{"@context":"https:\/\/schema.org","@graph":[{"@type":"WebPage","@id":"https:\/\/9staedte.de\/pl\/celle-urocze-miasteczko-mieszkalne\/zamki-i-ogrody-w-celle\/","url":"https:\/\/9staedte.de\/pl\/celle-urocze-miasteczko-mieszkalne\/zamki-i-ogrody-w-celle\/","name":"Zamki i ogrody w Celle - 9 St\u00e4dte in Niedersachsen","isPartOf":{"@id":"https:\/\/9staedte.de\/pl\/#website"},"primaryImageOfPage":{"@id":"https:\/\/9staedte.de\/pl\/celle-urocze-miasteczko-mieszkalne\/zamki-i-ogrody-w-celle\/#primaryimage"},"image":{"@id":"https:\/\/9staedte.de\/pl\/celle-urocze-miasteczko-mieszkalne\/zamki-i-ogrody-w-celle\/#primaryimage"},"thumbnailUrl":"https:\/\/9staedte.de\/wp-content\/uploads\/2023\/06\/Celle-Schloss-c-Celle-Tourismus.jpg","datePublished":"2023-11-02T08:49:56+00:00","dateModified":"2025-05-08T13:04:40+00:00","breadcrumb":{"@id":"https:\/\/9staedte.de\/pl\/celle-urocze-miasteczko-mieszkalne\/zamki-i-ogrody-w-celle\/#breadcrumb"},"inLanguage":"pl-PL","potentialAction":[{"@type":"ReadAction","target":["https:\/\/9staedte.de\/pl\/celle-urocze-miasteczko-mieszkalne\/zamki-i-ogrody-w-celle\/"]}]},{"@type":"ImageObject","inLanguage":"pl-PL","@id":"https:\/\/9staedte.de\/pl\/celle-urocze-miasteczko-mieszkalne\/zamki-i-ogrody-w-celle\/#primaryimage","url":"https:\/\/9staedte.de\/wp-content\/uploads\/2023\/06\/Celle-Schloss-c-Celle-Tourismus.jpg","contentUrl":"https:\/\/9staedte.de\/wp-content\/uploads\/2023\/06\/Celle-Schloss-c-Celle-Tourismus.jpg","width":1020,"height":561,"caption":"Celle Schloss c) Celle Tourismus"},{"@type":"BreadcrumbList","@id":"https:\/\/9staedte.de\/pl\/celle-urocze-miasteczko-mieszkalne\/zamki-i-ogrody-w-celle\/#breadcrumb","itemListElement":[{"@type":"ListItem","position":1,"name":"Startseite","item":"https:\/\/9staedte.de\/pl\/"},{"@type":"ListItem","position":2,"name":"Celle &#8211; Urocze miasteczko mieszkalne","item":"https:\/\/9staedte.de\/pl\/celle-urocze-miasteczko-mieszkalne\/"},{"@type":"ListItem","position":3,"name":"Zamki i ogrody w Celle"}]},{"@type":"WebSite","@id":"https:\/\/9staedte.de\/pl\/#website","url":"https:\/\/9staedte.de\/pl\/","name":"9 St\u00e4dte in Niedersachsen","description":"","publisher":{"@id":"https:\/\/9staedte.de\/pl\/#organization"},"potentialAction":[{"@type":"SearchAction","target":{"@type":"EntryPoint","urlTemplate":"https:\/\/9staedte.de\/pl\/?s={search_term_string}"},"query-input":{"@type":"PropertyValueSpecification","valueRequired":true,"valueName":"search_term_string"}}],"inLanguage":"pl-PL"},{"@type":"Organization","@id":"https:\/\/9staedte.de\/pl\/#organization","name":"9 St\u00e4dte in Niedersachsen","url":"https:\/\/9staedte.de\/pl\/","logo":{"@type":"ImageObject","inLanguage":"pl-PL","@id":"https:\/\/9staedte.de\/pl\/#\/schema\/logo\/image\/","url":"https:\/\/9staedte.de\/wp-content\/uploads\/2025\/01\/9-neg-deutsch-2-1.png","contentUrl":"https:\/\/9staedte.de\/wp-content\/uploads\/2025\/01\/9-neg-deutsch-2-1.png","width":190,"height":114,"caption":"9 St\u00e4dte in Niedersachsen"},"image":{"@id":"https:\/\/9staedte.de\/pl\/#\/schema\/logo\/image\/"}}]}},"_links":{"self":[{"href":"https:\/\/9staedte.de\/pl\/wp-json\/wp\/v2\/pages\/17698","targetHints":{"allow":["GET"]}}],"collection":[{"href":"https:\/\/9staedte.de\/pl\/wp-json\/wp\/v2\/pages"}],"about":[{"href":"https:\/\/9staedte.de\/pl\/wp-json\/wp\/v2\/types\/page"}],"author":[{"embeddable":true,"href":"https:\/\/9staedte.de\/pl\/wp-json\/wp\/v2\/users\/1"}],"replies":[{"embeddable":true,"href":"https:\/\/9staedte.de\/pl\/wp-json\/wp\/v2\/comments?post=17698"}],"version-history":[{"count":1,"href":"https:\/\/9staedte.de\/pl\/wp-json\/wp\/v2\/pages\/17698\/revisions"}],"predecessor-version":[{"id":19741,"href":"https:\/\/9staedte.de\/pl\/wp-json\/wp\/v2\/pages\/17698\/revisions\/19741"}],"up":[{"embeddable":true,"href":"https:\/\/9staedte.de\/pl\/wp-json\/wp\/v2\/pages\/18081"}],"wp:featuredmedia":[{"embeddable":true,"href":"https:\/\/9staedte.de\/pl\/wp-json\/wp\/v2\/media\/17699"}],"wp:attachment":[{"href":"https:\/\/9staedte.de\/pl\/wp-json\/wp\/v2\/media?parent=17698"}],"wp:term":[{"taxonomy":"category","embeddable":true,"href":"https:\/\/9staedte.de\/pl\/wp-json\/wp\/v2\/categories?post=17698"},{"taxonomy":"post_tag","embeddable":true,"href":"https:\/\/9staedte.de\/pl\/wp-json\/wp\/v2\/tags?post=17698"},{"taxonomy":"ncap_cities_tax","embeddable":true,"href":"https:\/\/9staedte.de\/pl\/wp-json\/wp\/v2\/ncap_cities_tax?post=17698"}],"curies":[{"name":"wp","href":"https:\/\/api.w.org\/{rel}","templated":true}]}}