{"id":17661,"date":"2023-11-02T09:49:50","date_gmt":"2023-11-02T08:49:50","guid":{"rendered":"https:\/\/9staedte.de\/zakupy-i-wypady-na-miasto-w-goslar\/"},"modified":"2024-05-08T15:47:01","modified_gmt":"2024-05-08T13:47:01","slug":"zakupy-i-wypady-na-miasto-w-goslar","status":"publish","type":"page","link":"https:\/\/9staedte.de\/pl\/goslar-miejsce-swiatowego-dziedzictwa-w-gorach-harz\/zakupy-i-wypady-na-miasto-w-goslar\/","title":{"rendered":"Zakupy i wypady na miasto w Goslar"},"content":{"rendered":"\n<h2 class=\"wp-block-heading\">Odwied\u017a Goslar &#8211; miasto zakup\u00f3w w g\u00f3rach Harz<\/h2>\n\n\n\n<p><strong>Miasto handlowe&nbsp;w regionie Harz oferuje wszystko, czego potrzeba do spokojnego spaceru po centrum miasta Goslar&nbsp;.&nbsp;<\/strong><\/p>\n\n\n\n<p>Spaceruj\u0105c po pi\u0119knym centrum miasta Goslar, mo\u017cesz robi\u0107 zakupy do woli w otoczeniu wyj\u0105tkowej architektury. Na jednym kilometrze kwadratowym starego miasta znajduje si\u0119 oko\u0142o stu sklep\u00f3w na bardzo ma\u0142ej przestrzeni. R\u00f3wnie wiele urokliwych restauracji, przytulnych kawiarni i modnych bar\u00f3w oferuje wszystko, co zainspiruje podniebienie i zmys\u0142y.<\/p>\n\n\n\n\n<div class=\"banner-wrapper\">\n  <div class=\"banner-inner \">\n      <div class=\"img-container\">\n      <div class=\"img-wrapper\">\n        <img decoding=\"async\" src=\"https:\/\/9staedte.de\/wp-content\/smush-webp\/2023\/02\/Schuhhof-Haeuserfassade_GOSLAR-marketing-gmbh_Fotograf-Stefan-Schiefer-1.jpg.webp\" alt=\"Na zdj\u0119ciu wida\u0107 Schuhhof w mie\u015bcie Goslar. Wiele starych dom\u00f3w szachulcowych stoi obok siebie. Domy s\u0105 kolorowe i pi\u0119knie zdobione. Przed nimi ludzie siedz\u0105 w kawiarni. Pij\u0105 co\u015b i ciesz\u0105 si\u0119 s\u0142o\u0144cem. To s\u0142oneczny dzie\u0144 i spokojna atmosfera.\" \/>\n                  <div class=\"thumbnail-label\">\n            <span>Schuhhof H\u00e4userfassade_GOSLAR marketing gmbh_Fotograf Stefan Schiefer<\/span>\n          <\/div>\n              <\/div>\n    <\/div>\n        <div class=\"text-container\">\n      <div class=\"content\">\n        <h3>Tipps rund ums Einkaufen und Ausgehen in Goslar<\/h3>\n<ul>\n<li>Moderne Gesch\u00e4fte in historischer Architektur<\/li>\n<li>H\u00f6chste Gastronomiedichte in Niedersachsen<\/li>\n<li>Hervorragendes Kulturangebot<\/li>\n<li>Wochenm\u00e4rkte<\/li>\n<li>Kunsthandwerkermarkt<\/li>\n<li>Einzigartiger Weihnachtsmarkt &amp; Weihnachtswald<\/li>\n<\/ul>\n      <\/div>\n    <\/div>\n    <\/div>\n<\/div>\n\n","protected":false},"excerpt":{"rendered":"<p>Odwied\u017a Goslar &#8211; miasto zakup\u00f3w w g\u00f3rach Harz Miasto handlowe&nbsp;w regionie Harz oferuje wszystko, czego potrzeba do spokojnego spaceru po centrum miasta Goslar&nbsp;.&nbsp; Spaceruj\u0105c po pi\u0119knym centrum miasta Goslar, mo\u017cesz robi\u0107 zakupy do woli w otoczeniu wyj\u0105tkowej architektury. Na jednym kilometrze kwadratowym starego miasta znajduje si\u0119 oko\u0142o stu sklep\u00f3w na bardzo ma\u0142ej przestrzeni. R\u00f3wnie wiele [&hellip;]<\/p>\n","protected":false},"author":1,"featured_media":17669,"parent":17961,"menu_order":0,"comment_status":"closed","ping_status":"closed","template":"pagetemplates\/template-stadtthema.php","meta":{"_acf_changed":false,"footnotes":""},"categories":[],"tags":[],"ncap_cities_tax":[445,781],"class_list":["post-17661","page","type-page","status-publish","has-post-thumbnail","hentry","ncap_cities_tax-goslar-pl","ncap_cities_tax-shopping-und-ausgehen-goslar-pl"],"acf":[],"yoast_head":"<!-- This site is optimized with the Yoast SEO plugin v27.4 - https:\/\/yoast.com\/product\/yoast-seo-wordpress\/ -->\n<title>Zakupy i wypady na miasto w Goslar - 9 St\u00e4dte in Niedersachsen<\/title>\n<meta name=\"robots\" content=\"index, follow, max-snippet:-1, max-image-preview:large, max-video-preview:-1\" \/>\n<link rel=\"canonical\" href=\"https:\/\/9staedte.de\/pl\/goslar-miejsce-swiatowego-dziedzictwa-w-gorach-harz\/zakupy-i-wypady-na-miasto-w-goslar\/\" \/>\n<meta property=\"og:locale\" content=\"pl_PL\" \/>\n<meta property=\"og:type\" content=\"article\" \/>\n<meta property=\"og:title\" content=\"Zakupy i wypady na miasto w Goslar - 9 St\u00e4dte in Niedersachsen\" \/>\n<meta property=\"og:description\" content=\"Odwied\u017a Goslar &#8211; miasto zakup\u00f3w w g\u00f3rach Harz Miasto handlowe&nbsp;w regionie Harz oferuje wszystko, czego potrzeba do spokojnego spaceru po centrum miasta Goslar&nbsp;.&nbsp; Spaceruj\u0105c po pi\u0119knym centrum miasta Goslar, mo\u017cesz robi\u0107 zakupy do woli w otoczeniu wyj\u0105tkowej architektury. Na jednym kilometrze kwadratowym starego miasta znajduje si\u0119 oko\u0142o stu sklep\u00f3w na bardzo ma\u0142ej przestrzeni. R\u00f3wnie wiele [&hellip;]\" \/>\n<meta property=\"og:url\" content=\"https:\/\/9staedte.de\/pl\/goslar-miejsce-swiatowego-dziedzictwa-w-gorach-harz\/zakupy-i-wypady-na-miasto-w-goslar\/\" \/>\n<meta property=\"og:site_name\" content=\"9 St\u00e4dte in Niedersachsen\" \/>\n<meta property=\"article:modified_time\" content=\"2024-05-08T13:47:01+00:00\" \/>\n<meta property=\"og:image\" content=\"https:\/\/9staedte.de\/wp-content\/uploads\/2023\/02\/Belebter-Marktplatz_Quelle-GOSLAR-marketing-gmbh_Fotograf-Stefan-Schiefer.jpg\" \/>\n\t<meta property=\"og:image:width\" content=\"1020\" \/>\n\t<meta property=\"og:image:height\" content=\"560\" \/>\n\t<meta property=\"og:image:type\" content=\"image\/jpeg\" \/>\n<meta name=\"twitter:card\" content=\"summary_large_image\" \/>\n<meta name=\"twitter:label1\" content=\"Szacowany czas czytania\" \/>\n\t<meta name=\"twitter:data1\" content=\"1 minuta\" \/>\n<script type=\"application\/ld+json\" class=\"yoast-schema-graph\">{\"@context\":\"https:\\\/\\\/schema.org\",\"@graph\":[{\"@type\":\"WebPage\",\"@id\":\"https:\\\/\\\/9staedte.de\\\/pl\\\/goslar-miejsce-swiatowego-dziedzictwa-w-gorach-harz\\\/zakupy-i-wypady-na-miasto-w-goslar\\\/\",\"url\":\"https:\\\/\\\/9staedte.de\\\/pl\\\/goslar-miejsce-swiatowego-dziedzictwa-w-gorach-harz\\\/zakupy-i-wypady-na-miasto-w-goslar\\\/\",\"name\":\"Zakupy i wypady na miasto w Goslar - 9 St\u00e4dte in Niedersachsen\",\"isPartOf\":{\"@id\":\"https:\\\/\\\/9staedte.de\\\/pl\\\/#website\"},\"primaryImageOfPage\":{\"@id\":\"https:\\\/\\\/9staedte.de\\\/pl\\\/goslar-miejsce-swiatowego-dziedzictwa-w-gorach-harz\\\/zakupy-i-wypady-na-miasto-w-goslar\\\/#primaryimage\"},\"image\":{\"@id\":\"https:\\\/\\\/9staedte.de\\\/pl\\\/goslar-miejsce-swiatowego-dziedzictwa-w-gorach-harz\\\/zakupy-i-wypady-na-miasto-w-goslar\\\/#primaryimage\"},\"thumbnailUrl\":\"https:\\\/\\\/9staedte.de\\\/wp-content\\\/uploads\\\/2023\\\/02\\\/Belebter-Marktplatz_Quelle-GOSLAR-marketing-gmbh_Fotograf-Stefan-Schiefer.jpg\",\"datePublished\":\"2023-11-02T08:49:50+00:00\",\"dateModified\":\"2024-05-08T13:47:01+00:00\",\"breadcrumb\":{\"@id\":\"https:\\\/\\\/9staedte.de\\\/pl\\\/goslar-miejsce-swiatowego-dziedzictwa-w-gorach-harz\\\/zakupy-i-wypady-na-miasto-w-goslar\\\/#breadcrumb\"},\"inLanguage\":\"pl-PL\",\"potentialAction\":[{\"@type\":\"ReadAction\",\"target\":[\"https:\\\/\\\/9staedte.de\\\/pl\\\/goslar-miejsce-swiatowego-dziedzictwa-w-gorach-harz\\\/zakupy-i-wypady-na-miasto-w-goslar\\\/\"]}]},{\"@type\":\"ImageObject\",\"inLanguage\":\"pl-PL\",\"@id\":\"https:\\\/\\\/9staedte.de\\\/pl\\\/goslar-miejsce-swiatowego-dziedzictwa-w-gorach-harz\\\/zakupy-i-wypady-na-miasto-w-goslar\\\/#primaryimage\",\"url\":\"https:\\\/\\\/9staedte.de\\\/wp-content\\\/uploads\\\/2023\\\/02\\\/Belebter-Marktplatz_Quelle-GOSLAR-marketing-gmbh_Fotograf-Stefan-Schiefer.jpg\",\"contentUrl\":\"https:\\\/\\\/9staedte.de\\\/wp-content\\\/uploads\\\/2023\\\/02\\\/Belebter-Marktplatz_Quelle-GOSLAR-marketing-gmbh_Fotograf-Stefan-Schiefer.jpg\",\"width\":1020,\"height\":560,\"caption\":\"Belebter Marktplatz_Quelle GOSLAR marketing gmbh_Fotograf Stefan Schiefer\"},{\"@type\":\"BreadcrumbList\",\"@id\":\"https:\\\/\\\/9staedte.de\\\/pl\\\/goslar-miejsce-swiatowego-dziedzictwa-w-gorach-harz\\\/zakupy-i-wypady-na-miasto-w-goslar\\\/#breadcrumb\",\"itemListElement\":[{\"@type\":\"ListItem\",\"position\":1,\"name\":\"Startseite\",\"item\":\"https:\\\/\\\/9staedte.de\\\/pl\\\/\"},{\"@type\":\"ListItem\",\"position\":2,\"name\":\"Goslar &#8211; miejsce \u015bwiatowego dziedzictwa w g\u00f3rach Harz\",\"item\":\"https:\\\/\\\/9staedte.de\\\/pl\\\/goslar-miejsce-swiatowego-dziedzictwa-w-gorach-harz\\\/\"},{\"@type\":\"ListItem\",\"position\":3,\"name\":\"Zakupy i wypady na miasto w Goslar\"}]},{\"@type\":\"WebSite\",\"@id\":\"https:\\\/\\\/9staedte.de\\\/pl\\\/#website\",\"url\":\"https:\\\/\\\/9staedte.de\\\/pl\\\/\",\"name\":\"9 St\u00e4dte in Niedersachsen\",\"description\":\"\",\"publisher\":{\"@id\":\"https:\\\/\\\/9staedte.de\\\/pl\\\/#organization\"},\"potentialAction\":[{\"@type\":\"SearchAction\",\"target\":{\"@type\":\"EntryPoint\",\"urlTemplate\":\"https:\\\/\\\/9staedte.de\\\/pl\\\/?s={search_term_string}\"},\"query-input\":{\"@type\":\"PropertyValueSpecification\",\"valueRequired\":true,\"valueName\":\"search_term_string\"}}],\"inLanguage\":\"pl-PL\"},{\"@type\":\"Organization\",\"@id\":\"https:\\\/\\\/9staedte.de\\\/pl\\\/#organization\",\"name\":\"9 St\u00e4dte in Niedersachsen\",\"url\":\"https:\\\/\\\/9staedte.de\\\/pl\\\/\",\"logo\":{\"@type\":\"ImageObject\",\"inLanguage\":\"pl-PL\",\"@id\":\"https:\\\/\\\/9staedte.de\\\/pl\\\/#\\\/schema\\\/logo\\\/image\\\/\",\"url\":\"https:\\\/\\\/9staedte.de\\\/wp-content\\\/uploads\\\/2025\\\/01\\\/9-neg-deutsch-2-1.png\",\"contentUrl\":\"https:\\\/\\\/9staedte.de\\\/wp-content\\\/uploads\\\/2025\\\/01\\\/9-neg-deutsch-2-1.png\",\"width\":190,\"height\":114,\"caption\":\"9 St\u00e4dte in Niedersachsen\"},\"image\":{\"@id\":\"https:\\\/\\\/9staedte.de\\\/pl\\\/#\\\/schema\\\/logo\\\/image\\\/\"}}]}<\/script>\n<!-- \/ Yoast SEO plugin. -->","yoast_head_json":{"title":"Zakupy i wypady na miasto w Goslar - 9 St\u00e4dte in Niedersachsen","robots":{"index":"index","follow":"follow","max-snippet":"max-snippet:-1","max-image-preview":"max-image-preview:large","max-video-preview":"max-video-preview:-1"},"canonical":"https:\/\/9staedte.de\/pl\/goslar-miejsce-swiatowego-dziedzictwa-w-gorach-harz\/zakupy-i-wypady-na-miasto-w-goslar\/","og_locale":"pl_PL","og_type":"article","og_title":"Zakupy i wypady na miasto w Goslar - 9 St\u00e4dte in Niedersachsen","og_description":"Odwied\u017a Goslar &#8211; miasto zakup\u00f3w w g\u00f3rach Harz Miasto handlowe&nbsp;w regionie Harz oferuje wszystko, czego potrzeba do spokojnego spaceru po centrum miasta Goslar&nbsp;.&nbsp; Spaceruj\u0105c po pi\u0119knym centrum miasta Goslar, mo\u017cesz robi\u0107 zakupy do woli w otoczeniu wyj\u0105tkowej architektury. Na jednym kilometrze kwadratowym starego miasta znajduje si\u0119 oko\u0142o stu sklep\u00f3w na bardzo ma\u0142ej przestrzeni. R\u00f3wnie wiele [&hellip;]","og_url":"https:\/\/9staedte.de\/pl\/goslar-miejsce-swiatowego-dziedzictwa-w-gorach-harz\/zakupy-i-wypady-na-miasto-w-goslar\/","og_site_name":"9 St\u00e4dte in Niedersachsen","article_modified_time":"2024-05-08T13:47:01+00:00","og_image":[{"width":1020,"height":560,"url":"https:\/\/9staedte.de\/wp-content\/uploads\/2023\/02\/Belebter-Marktplatz_Quelle-GOSLAR-marketing-gmbh_Fotograf-Stefan-Schiefer.jpg","type":"image\/jpeg"}],"twitter_card":"summary_large_image","twitter_misc":{"Szacowany czas czytania":"1 minuta"},"schema":{"@context":"https:\/\/schema.org","@graph":[{"@type":"WebPage","@id":"https:\/\/9staedte.de\/pl\/goslar-miejsce-swiatowego-dziedzictwa-w-gorach-harz\/zakupy-i-wypady-na-miasto-w-goslar\/","url":"https:\/\/9staedte.de\/pl\/goslar-miejsce-swiatowego-dziedzictwa-w-gorach-harz\/zakupy-i-wypady-na-miasto-w-goslar\/","name":"Zakupy i wypady na miasto w Goslar - 9 St\u00e4dte in Niedersachsen","isPartOf":{"@id":"https:\/\/9staedte.de\/pl\/#website"},"primaryImageOfPage":{"@id":"https:\/\/9staedte.de\/pl\/goslar-miejsce-swiatowego-dziedzictwa-w-gorach-harz\/zakupy-i-wypady-na-miasto-w-goslar\/#primaryimage"},"image":{"@id":"https:\/\/9staedte.de\/pl\/goslar-miejsce-swiatowego-dziedzictwa-w-gorach-harz\/zakupy-i-wypady-na-miasto-w-goslar\/#primaryimage"},"thumbnailUrl":"https:\/\/9staedte.de\/wp-content\/uploads\/2023\/02\/Belebter-Marktplatz_Quelle-GOSLAR-marketing-gmbh_Fotograf-Stefan-Schiefer.jpg","datePublished":"2023-11-02T08:49:50+00:00","dateModified":"2024-05-08T13:47:01+00:00","breadcrumb":{"@id":"https:\/\/9staedte.de\/pl\/goslar-miejsce-swiatowego-dziedzictwa-w-gorach-harz\/zakupy-i-wypady-na-miasto-w-goslar\/#breadcrumb"},"inLanguage":"pl-PL","potentialAction":[{"@type":"ReadAction","target":["https:\/\/9staedte.de\/pl\/goslar-miejsce-swiatowego-dziedzictwa-w-gorach-harz\/zakupy-i-wypady-na-miasto-w-goslar\/"]}]},{"@type":"ImageObject","inLanguage":"pl-PL","@id":"https:\/\/9staedte.de\/pl\/goslar-miejsce-swiatowego-dziedzictwa-w-gorach-harz\/zakupy-i-wypady-na-miasto-w-goslar\/#primaryimage","url":"https:\/\/9staedte.de\/wp-content\/uploads\/2023\/02\/Belebter-Marktplatz_Quelle-GOSLAR-marketing-gmbh_Fotograf-Stefan-Schiefer.jpg","contentUrl":"https:\/\/9staedte.de\/wp-content\/uploads\/2023\/02\/Belebter-Marktplatz_Quelle-GOSLAR-marketing-gmbh_Fotograf-Stefan-Schiefer.jpg","width":1020,"height":560,"caption":"Belebter Marktplatz_Quelle GOSLAR marketing gmbh_Fotograf Stefan Schiefer"},{"@type":"BreadcrumbList","@id":"https:\/\/9staedte.de\/pl\/goslar-miejsce-swiatowego-dziedzictwa-w-gorach-harz\/zakupy-i-wypady-na-miasto-w-goslar\/#breadcrumb","itemListElement":[{"@type":"ListItem","position":1,"name":"Startseite","item":"https:\/\/9staedte.de\/pl\/"},{"@type":"ListItem","position":2,"name":"Goslar &#8211; miejsce \u015bwiatowego dziedzictwa w g\u00f3rach Harz","item":"https:\/\/9staedte.de\/pl\/goslar-miejsce-swiatowego-dziedzictwa-w-gorach-harz\/"},{"@type":"ListItem","position":3,"name":"Zakupy i wypady na miasto w Goslar"}]},{"@type":"WebSite","@id":"https:\/\/9staedte.de\/pl\/#website","url":"https:\/\/9staedte.de\/pl\/","name":"9 St\u00e4dte in Niedersachsen","description":"","publisher":{"@id":"https:\/\/9staedte.de\/pl\/#organization"},"potentialAction":[{"@type":"SearchAction","target":{"@type":"EntryPoint","urlTemplate":"https:\/\/9staedte.de\/pl\/?s={search_term_string}"},"query-input":{"@type":"PropertyValueSpecification","valueRequired":true,"valueName":"search_term_string"}}],"inLanguage":"pl-PL"},{"@type":"Organization","@id":"https:\/\/9staedte.de\/pl\/#organization","name":"9 St\u00e4dte in Niedersachsen","url":"https:\/\/9staedte.de\/pl\/","logo":{"@type":"ImageObject","inLanguage":"pl-PL","@id":"https:\/\/9staedte.de\/pl\/#\/schema\/logo\/image\/","url":"https:\/\/9staedte.de\/wp-content\/uploads\/2025\/01\/9-neg-deutsch-2-1.png","contentUrl":"https:\/\/9staedte.de\/wp-content\/uploads\/2025\/01\/9-neg-deutsch-2-1.png","width":190,"height":114,"caption":"9 St\u00e4dte in Niedersachsen"},"image":{"@id":"https:\/\/9staedte.de\/pl\/#\/schema\/logo\/image\/"}}]}},"_links":{"self":[{"href":"https:\/\/9staedte.de\/pl\/wp-json\/wp\/v2\/pages\/17661","targetHints":{"allow":["GET"]}}],"collection":[{"href":"https:\/\/9staedte.de\/pl\/wp-json\/wp\/v2\/pages"}],"about":[{"href":"https:\/\/9staedte.de\/pl\/wp-json\/wp\/v2\/types\/page"}],"author":[{"embeddable":true,"href":"https:\/\/9staedte.de\/pl\/wp-json\/wp\/v2\/users\/1"}],"replies":[{"embeddable":true,"href":"https:\/\/9staedte.de\/pl\/wp-json\/wp\/v2\/comments?post=17661"}],"version-history":[{"count":2,"href":"https:\/\/9staedte.de\/pl\/wp-json\/wp\/v2\/pages\/17661\/revisions"}],"predecessor-version":[{"id":22295,"href":"https:\/\/9staedte.de\/pl\/wp-json\/wp\/v2\/pages\/17661\/revisions\/22295"}],"up":[{"embeddable":true,"href":"https:\/\/9staedte.de\/pl\/wp-json\/wp\/v2\/pages\/17961"}],"wp:featuredmedia":[{"embeddable":true,"href":"https:\/\/9staedte.de\/pl\/wp-json\/wp\/v2\/media\/17669"}],"wp:attachment":[{"href":"https:\/\/9staedte.de\/pl\/wp-json\/wp\/v2\/media?parent=17661"}],"wp:term":[{"taxonomy":"category","embeddable":true,"href":"https:\/\/9staedte.de\/pl\/wp-json\/wp\/v2\/categories?post=17661"},{"taxonomy":"post_tag","embeddable":true,"href":"https:\/\/9staedte.de\/pl\/wp-json\/wp\/v2\/tags?post=17661"},{"taxonomy":"ncap_cities_tax","embeddable":true,"href":"https:\/\/9staedte.de\/pl\/wp-json\/wp\/v2\/ncap_cities_tax?post=17661"}],"curies":[{"name":"wp","href":"https:\/\/api.w.org\/{rel}","templated":true}]}}