{"id":17660,"date":"2023-11-02T09:49:50","date_gmt":"2023-11-02T08:49:50","guid":{"rendered":"https:\/\/9staedte.de\/zakupy-i-wypady-na-miasto-w-getyndze\/"},"modified":"2025-05-15T17:03:49","modified_gmt":"2025-05-15T15:03:49","slug":"zakupy-i-wypady-na-miasto-w-getyndze","status":"publish","type":"page","link":"https:\/\/9staedte.de\/pl\/getynga-miasto-ktore-tworzy-wiedze\/zakupy-i-wypady-na-miasto-w-getyndze\/","title":{"rendered":"Zakupy i wypady na miasto w Getyndze"},"content":{"rendered":"\n<h2 class=\"wp-block-heading\">Zakupy w Getyndze &#8211; zakupy z klas\u0105<\/h2>\n\n<p>Kupuj i ciesz si\u0119: przez ca\u0142y rok mo\u017cesz cieszy\u0107 si\u0119 odpowiedni\u0105 atmosfer\u0105 dla bezstresowych zakup\u00f3w w Getyndze. Zabytkowe stare miasto ze \u015bredniowiecznym ratuszem, ko\u015bcio\u0142ami, domami z muru pruskiego, pubami i ulicznymi kawiarniami jest zach\u0119caj\u0105cym miejscem do spacer\u00f3w i zwiedzania. Du\u017ce i ma\u0142e sklepy specjalistyczne oferuj\u0105 r\u00f3\u017cnorodno\u015b\u0107 i obs\u0142ug\u0119. Teatry, festiwale, imprezy plenerowe i kina obiecuj\u0105 artystyczn\u0105 przyjemno\u015b\u0107 i relaks na ka\u017cdy gust.   <\/p>\n\n\n<div class=\"banner-wrapper\">\n  <div class=\"banner-inner \">\n      <div class=\"img-container\">\n      <div class=\"img-wrapper\">\n        <img decoding=\"async\" src=\"https:\/\/9staedte.de\/wp-content\/smush-webp\/2023\/02\/aboutcities-goettingen-shopping-woggon7.jpg.webp\" alt=\"Na zdj\u0119ciu wida\u0107 sklep z ubraniami. Wiele kolorowych koszul i bluzek wisi na wieszakach. W tle le\u017c\u0105 posk\u0142adane ubrania. Sklep ma ciep\u0142e o\u015bwietlenie i ceglane \u015bciany.\" \/>\n                  <div class=\"thumbnail-label\">\n            <span>goettingen-shopping-woggon7<\/span>\n          <\/div>\n              <\/div>\n    <\/div>\n        <div class=\"text-container\">\n      <div class=\"content\">\n        <h3>9 wskaz\u00f3wek dotycz\u0105cych zakup\u00f3w i wychodzenia z domu<\/h3>\n<p><strong>Zakupy i wyj\u015bcia w Getyndze &#8211; r\u00f3\u017cnorodno\u015b\u0107 kulturowa i tradycja<\/strong><\/p>\n<ul>\n<li>Specjalne sklepy na starym mie\u015bcie<\/li>\n<li>Tradycyjne i modne restauracje, puby studenckie<\/li>\n<li>Rynki tygodniowe<\/li>\n<li>G\u00e4nselieselfest &#8211; niedziela otwarta dla biznesu<\/li>\n<li>Mi\u0119dzynarodowy Festiwal Handlowc\u00f3w<\/li>\n<li>Festiwal Jazzowy<\/li>\n<li>Literacka jesie\u0144<\/li>\n<li>Noc Kultury<\/li>\n<li>Du\u017cy jarmark bo\u017conarodzeniowy<\/li>\n<\/ul>\n      <\/div>\n    <\/div>\n    <\/div>\n<\/div>\n\n\n<p><a href=\"https:\/\/www.goettingen-tourismus.de\/uebernachten\/pauschalen-angebote\/bummeln-geniessen\/#\/de\/goettingen-tourismus\/default\/detail\/Package\/k_7663\/x\" target=\"_blank\" rel=\"noreferrer noopener\">Wi\u0119cej informacji:<\/a><\/p>\n","protected":false},"excerpt":{"rendered":"<p>Zakupy w Getyndze &#8211; zakupy z klas\u0105 Kupuj i ciesz si\u0119: przez ca\u0142y rok mo\u017cesz cieszy\u0107 si\u0119 odpowiedni\u0105 atmosfer\u0105 dla bezstresowych zakup\u00f3w w Getyndze. Zabytkowe stare miasto ze \u015bredniowiecznym ratuszem, ko\u015bcio\u0142ami, domami z muru pruskiego, pubami i ulicznymi kawiarniami jest zach\u0119caj\u0105cym miejscem do spacer\u00f3w i zwiedzania. Du\u017ce i ma\u0142e sklepy specjalistyczne oferuj\u0105 r\u00f3\u017cnorodno\u015b\u0107 i obs\u0142ug\u0119. [&hellip;]<\/p>\n","protected":false},"author":1,"featured_media":17668,"parent":18011,"menu_order":0,"comment_status":"closed","ping_status":"closed","template":"pagetemplates\/template-stadtthema.php","meta":{"_acf_changed":false,"footnotes":""},"categories":[],"tags":[],"ncap_cities_tax":[436,774],"class_list":["post-17660","page","type-page","status-publish","has-post-thumbnail","hentry","ncap_cities_tax-goettingen-pl","ncap_cities_tax-shopping-und-ausgehen-goettingen-pl"],"acf":[],"yoast_head":"<!-- This site is optimized with the Yoast SEO plugin v27.4 - https:\/\/yoast.com\/product\/yoast-seo-wordpress\/ -->\n<title>Zakupy i wypady na miasto w Getyndze - 9 St\u00e4dte in Niedersachsen<\/title>\n<meta name=\"robots\" content=\"index, follow, max-snippet:-1, max-image-preview:large, max-video-preview:-1\" \/>\n<link rel=\"canonical\" href=\"https:\/\/9staedte.de\/pl\/getynga-miasto-ktore-tworzy-wiedze\/zakupy-i-wypady-na-miasto-w-getyndze\/\" \/>\n<meta property=\"og:locale\" content=\"pl_PL\" \/>\n<meta property=\"og:type\" content=\"article\" \/>\n<meta property=\"og:title\" content=\"Zakupy i wypady na miasto w Getyndze - 9 St\u00e4dte in Niedersachsen\" \/>\n<meta property=\"og:description\" content=\"Zakupy w Getyndze &#8211; zakupy z klas\u0105 Kupuj i ciesz si\u0119: przez ca\u0142y rok mo\u017cesz cieszy\u0107 si\u0119 odpowiedni\u0105 atmosfer\u0105 dla bezstresowych zakup\u00f3w w Getyndze. Zabytkowe stare miasto ze \u015bredniowiecznym ratuszem, ko\u015bcio\u0142ami, domami z muru pruskiego, pubami i ulicznymi kawiarniami jest zach\u0119caj\u0105cym miejscem do spacer\u00f3w i zwiedzania. Du\u017ce i ma\u0142e sklepy specjalistyczne oferuj\u0105 r\u00f3\u017cnorodno\u015b\u0107 i obs\u0142ug\u0119. [&hellip;]\" \/>\n<meta property=\"og:url\" content=\"https:\/\/9staedte.de\/pl\/getynga-miasto-ktore-tworzy-wiedze\/zakupy-i-wypady-na-miasto-w-getyndze\/\" \/>\n<meta property=\"og:site_name\" content=\"9 St\u00e4dte in Niedersachsen\" \/>\n<meta property=\"article:modified_time\" content=\"2025-05-15T15:03:49+00:00\" \/>\n<meta property=\"og:image\" content=\"https:\/\/9staedte.de\/wp-content\/uploads\/2023\/02\/Ausgehen-in-Goettingen-c-Goettingen-Tourismus-Lars-Gerhardts.jpg\" \/>\n\t<meta property=\"og:image:width\" content=\"1020\" \/>\n\t<meta property=\"og:image:height\" content=\"560\" \/>\n\t<meta property=\"og:image:type\" content=\"image\/jpeg\" \/>\n<meta name=\"twitter:card\" content=\"summary_large_image\" \/>\n<meta name=\"twitter:label1\" content=\"Szacowany czas czytania\" \/>\n\t<meta name=\"twitter:data1\" content=\"1 minuta\" \/>\n<script type=\"application\/ld+json\" class=\"yoast-schema-graph\">{\"@context\":\"https:\\\/\\\/schema.org\",\"@graph\":[{\"@type\":\"WebPage\",\"@id\":\"https:\\\/\\\/9staedte.de\\\/pl\\\/getynga-miasto-ktore-tworzy-wiedze\\\/zakupy-i-wypady-na-miasto-w-getyndze\\\/\",\"url\":\"https:\\\/\\\/9staedte.de\\\/pl\\\/getynga-miasto-ktore-tworzy-wiedze\\\/zakupy-i-wypady-na-miasto-w-getyndze\\\/\",\"name\":\"Zakupy i wypady na miasto w Getyndze - 9 St\u00e4dte in Niedersachsen\",\"isPartOf\":{\"@id\":\"https:\\\/\\\/9staedte.de\\\/pl\\\/#website\"},\"primaryImageOfPage\":{\"@id\":\"https:\\\/\\\/9staedte.de\\\/pl\\\/getynga-miasto-ktore-tworzy-wiedze\\\/zakupy-i-wypady-na-miasto-w-getyndze\\\/#primaryimage\"},\"image\":{\"@id\":\"https:\\\/\\\/9staedte.de\\\/pl\\\/getynga-miasto-ktore-tworzy-wiedze\\\/zakupy-i-wypady-na-miasto-w-getyndze\\\/#primaryimage\"},\"thumbnailUrl\":\"https:\\\/\\\/9staedte.de\\\/wp-content\\\/uploads\\\/2023\\\/02\\\/Ausgehen-in-Goettingen-c-Goettingen-Tourismus-Lars-Gerhardts.jpg\",\"datePublished\":\"2023-11-02T08:49:50+00:00\",\"dateModified\":\"2025-05-15T15:03:49+00:00\",\"breadcrumb\":{\"@id\":\"https:\\\/\\\/9staedte.de\\\/pl\\\/getynga-miasto-ktore-tworzy-wiedze\\\/zakupy-i-wypady-na-miasto-w-getyndze\\\/#breadcrumb\"},\"inLanguage\":\"pl-PL\",\"potentialAction\":[{\"@type\":\"ReadAction\",\"target\":[\"https:\\\/\\\/9staedte.de\\\/pl\\\/getynga-miasto-ktore-tworzy-wiedze\\\/zakupy-i-wypady-na-miasto-w-getyndze\\\/\"]}]},{\"@type\":\"ImageObject\",\"inLanguage\":\"pl-PL\",\"@id\":\"https:\\\/\\\/9staedte.de\\\/pl\\\/getynga-miasto-ktore-tworzy-wiedze\\\/zakupy-i-wypady-na-miasto-w-getyndze\\\/#primaryimage\",\"url\":\"https:\\\/\\\/9staedte.de\\\/wp-content\\\/uploads\\\/2023\\\/02\\\/Ausgehen-in-Goettingen-c-Goettingen-Tourismus-Lars-Gerhardts.jpg\",\"contentUrl\":\"https:\\\/\\\/9staedte.de\\\/wp-content\\\/uploads\\\/2023\\\/02\\\/Ausgehen-in-Goettingen-c-Goettingen-Tourismus-Lars-Gerhardts.jpg\",\"width\":1020,\"height\":560,\"caption\":\"Ausgehen in G\u00f6ttingen c) G\u00f6ttingen Tourismus Lars Gerhardts\"},{\"@type\":\"BreadcrumbList\",\"@id\":\"https:\\\/\\\/9staedte.de\\\/pl\\\/getynga-miasto-ktore-tworzy-wiedze\\\/zakupy-i-wypady-na-miasto-w-getyndze\\\/#breadcrumb\",\"itemListElement\":[{\"@type\":\"ListItem\",\"position\":1,\"name\":\"Startseite\",\"item\":\"https:\\\/\\\/9staedte.de\\\/pl\\\/\"},{\"@type\":\"ListItem\",\"position\":2,\"name\":\"Getynga &#8211; miasto, kt\u00f3re tworzy wiedz\u0119\",\"item\":\"https:\\\/\\\/9staedte.de\\\/pl\\\/getynga-miasto-ktore-tworzy-wiedze\\\/\"},{\"@type\":\"ListItem\",\"position\":3,\"name\":\"Zakupy i wypady na miasto w Getyndze\"}]},{\"@type\":\"WebSite\",\"@id\":\"https:\\\/\\\/9staedte.de\\\/pl\\\/#website\",\"url\":\"https:\\\/\\\/9staedte.de\\\/pl\\\/\",\"name\":\"9 St\u00e4dte in Niedersachsen\",\"description\":\"\",\"publisher\":{\"@id\":\"https:\\\/\\\/9staedte.de\\\/pl\\\/#organization\"},\"potentialAction\":[{\"@type\":\"SearchAction\",\"target\":{\"@type\":\"EntryPoint\",\"urlTemplate\":\"https:\\\/\\\/9staedte.de\\\/pl\\\/?s={search_term_string}\"},\"query-input\":{\"@type\":\"PropertyValueSpecification\",\"valueRequired\":true,\"valueName\":\"search_term_string\"}}],\"inLanguage\":\"pl-PL\"},{\"@type\":\"Organization\",\"@id\":\"https:\\\/\\\/9staedte.de\\\/pl\\\/#organization\",\"name\":\"9 St\u00e4dte in Niedersachsen\",\"url\":\"https:\\\/\\\/9staedte.de\\\/pl\\\/\",\"logo\":{\"@type\":\"ImageObject\",\"inLanguage\":\"pl-PL\",\"@id\":\"https:\\\/\\\/9staedte.de\\\/pl\\\/#\\\/schema\\\/logo\\\/image\\\/\",\"url\":\"https:\\\/\\\/9staedte.de\\\/wp-content\\\/uploads\\\/2025\\\/01\\\/9-neg-deutsch-2-1.png\",\"contentUrl\":\"https:\\\/\\\/9staedte.de\\\/wp-content\\\/uploads\\\/2025\\\/01\\\/9-neg-deutsch-2-1.png\",\"width\":190,\"height\":114,\"caption\":\"9 St\u00e4dte in Niedersachsen\"},\"image\":{\"@id\":\"https:\\\/\\\/9staedte.de\\\/pl\\\/#\\\/schema\\\/logo\\\/image\\\/\"}}]}<\/script>\n<!-- \/ Yoast SEO plugin. -->","yoast_head_json":{"title":"Zakupy i wypady na miasto w Getyndze - 9 St\u00e4dte in Niedersachsen","robots":{"index":"index","follow":"follow","max-snippet":"max-snippet:-1","max-image-preview":"max-image-preview:large","max-video-preview":"max-video-preview:-1"},"canonical":"https:\/\/9staedte.de\/pl\/getynga-miasto-ktore-tworzy-wiedze\/zakupy-i-wypady-na-miasto-w-getyndze\/","og_locale":"pl_PL","og_type":"article","og_title":"Zakupy i wypady na miasto w Getyndze - 9 St\u00e4dte in Niedersachsen","og_description":"Zakupy w Getyndze &#8211; zakupy z klas\u0105 Kupuj i ciesz si\u0119: przez ca\u0142y rok mo\u017cesz cieszy\u0107 si\u0119 odpowiedni\u0105 atmosfer\u0105 dla bezstresowych zakup\u00f3w w Getyndze. Zabytkowe stare miasto ze \u015bredniowiecznym ratuszem, ko\u015bcio\u0142ami, domami z muru pruskiego, pubami i ulicznymi kawiarniami jest zach\u0119caj\u0105cym miejscem do spacer\u00f3w i zwiedzania. Du\u017ce i ma\u0142e sklepy specjalistyczne oferuj\u0105 r\u00f3\u017cnorodno\u015b\u0107 i obs\u0142ug\u0119. [&hellip;]","og_url":"https:\/\/9staedte.de\/pl\/getynga-miasto-ktore-tworzy-wiedze\/zakupy-i-wypady-na-miasto-w-getyndze\/","og_site_name":"9 St\u00e4dte in Niedersachsen","article_modified_time":"2025-05-15T15:03:49+00:00","og_image":[{"width":1020,"height":560,"url":"https:\/\/9staedte.de\/wp-content\/uploads\/2023\/02\/Ausgehen-in-Goettingen-c-Goettingen-Tourismus-Lars-Gerhardts.jpg","type":"image\/jpeg"}],"twitter_card":"summary_large_image","twitter_misc":{"Szacowany czas czytania":"1 minuta"},"schema":{"@context":"https:\/\/schema.org","@graph":[{"@type":"WebPage","@id":"https:\/\/9staedte.de\/pl\/getynga-miasto-ktore-tworzy-wiedze\/zakupy-i-wypady-na-miasto-w-getyndze\/","url":"https:\/\/9staedte.de\/pl\/getynga-miasto-ktore-tworzy-wiedze\/zakupy-i-wypady-na-miasto-w-getyndze\/","name":"Zakupy i wypady na miasto w Getyndze - 9 St\u00e4dte in Niedersachsen","isPartOf":{"@id":"https:\/\/9staedte.de\/pl\/#website"},"primaryImageOfPage":{"@id":"https:\/\/9staedte.de\/pl\/getynga-miasto-ktore-tworzy-wiedze\/zakupy-i-wypady-na-miasto-w-getyndze\/#primaryimage"},"image":{"@id":"https:\/\/9staedte.de\/pl\/getynga-miasto-ktore-tworzy-wiedze\/zakupy-i-wypady-na-miasto-w-getyndze\/#primaryimage"},"thumbnailUrl":"https:\/\/9staedte.de\/wp-content\/uploads\/2023\/02\/Ausgehen-in-Goettingen-c-Goettingen-Tourismus-Lars-Gerhardts.jpg","datePublished":"2023-11-02T08:49:50+00:00","dateModified":"2025-05-15T15:03:49+00:00","breadcrumb":{"@id":"https:\/\/9staedte.de\/pl\/getynga-miasto-ktore-tworzy-wiedze\/zakupy-i-wypady-na-miasto-w-getyndze\/#breadcrumb"},"inLanguage":"pl-PL","potentialAction":[{"@type":"ReadAction","target":["https:\/\/9staedte.de\/pl\/getynga-miasto-ktore-tworzy-wiedze\/zakupy-i-wypady-na-miasto-w-getyndze\/"]}]},{"@type":"ImageObject","inLanguage":"pl-PL","@id":"https:\/\/9staedte.de\/pl\/getynga-miasto-ktore-tworzy-wiedze\/zakupy-i-wypady-na-miasto-w-getyndze\/#primaryimage","url":"https:\/\/9staedte.de\/wp-content\/uploads\/2023\/02\/Ausgehen-in-Goettingen-c-Goettingen-Tourismus-Lars-Gerhardts.jpg","contentUrl":"https:\/\/9staedte.de\/wp-content\/uploads\/2023\/02\/Ausgehen-in-Goettingen-c-Goettingen-Tourismus-Lars-Gerhardts.jpg","width":1020,"height":560,"caption":"Ausgehen in G\u00f6ttingen c) G\u00f6ttingen Tourismus Lars Gerhardts"},{"@type":"BreadcrumbList","@id":"https:\/\/9staedte.de\/pl\/getynga-miasto-ktore-tworzy-wiedze\/zakupy-i-wypady-na-miasto-w-getyndze\/#breadcrumb","itemListElement":[{"@type":"ListItem","position":1,"name":"Startseite","item":"https:\/\/9staedte.de\/pl\/"},{"@type":"ListItem","position":2,"name":"Getynga &#8211; miasto, kt\u00f3re tworzy wiedz\u0119","item":"https:\/\/9staedte.de\/pl\/getynga-miasto-ktore-tworzy-wiedze\/"},{"@type":"ListItem","position":3,"name":"Zakupy i wypady na miasto w Getyndze"}]},{"@type":"WebSite","@id":"https:\/\/9staedte.de\/pl\/#website","url":"https:\/\/9staedte.de\/pl\/","name":"9 St\u00e4dte in Niedersachsen","description":"","publisher":{"@id":"https:\/\/9staedte.de\/pl\/#organization"},"potentialAction":[{"@type":"SearchAction","target":{"@type":"EntryPoint","urlTemplate":"https:\/\/9staedte.de\/pl\/?s={search_term_string}"},"query-input":{"@type":"PropertyValueSpecification","valueRequired":true,"valueName":"search_term_string"}}],"inLanguage":"pl-PL"},{"@type":"Organization","@id":"https:\/\/9staedte.de\/pl\/#organization","name":"9 St\u00e4dte in Niedersachsen","url":"https:\/\/9staedte.de\/pl\/","logo":{"@type":"ImageObject","inLanguage":"pl-PL","@id":"https:\/\/9staedte.de\/pl\/#\/schema\/logo\/image\/","url":"https:\/\/9staedte.de\/wp-content\/uploads\/2025\/01\/9-neg-deutsch-2-1.png","contentUrl":"https:\/\/9staedte.de\/wp-content\/uploads\/2025\/01\/9-neg-deutsch-2-1.png","width":190,"height":114,"caption":"9 St\u00e4dte in Niedersachsen"},"image":{"@id":"https:\/\/9staedte.de\/pl\/#\/schema\/logo\/image\/"}}]}},"_links":{"self":[{"href":"https:\/\/9staedte.de\/pl\/wp-json\/wp\/v2\/pages\/17660","targetHints":{"allow":["GET"]}}],"collection":[{"href":"https:\/\/9staedte.de\/pl\/wp-json\/wp\/v2\/pages"}],"about":[{"href":"https:\/\/9staedte.de\/pl\/wp-json\/wp\/v2\/types\/page"}],"author":[{"embeddable":true,"href":"https:\/\/9staedte.de\/pl\/wp-json\/wp\/v2\/users\/1"}],"replies":[{"embeddable":true,"href":"https:\/\/9staedte.de\/pl\/wp-json\/wp\/v2\/comments?post=17660"}],"version-history":[{"count":6,"href":"https:\/\/9staedte.de\/pl\/wp-json\/wp\/v2\/pages\/17660\/revisions"}],"predecessor-version":[{"id":25891,"href":"https:\/\/9staedte.de\/pl\/wp-json\/wp\/v2\/pages\/17660\/revisions\/25891"}],"up":[{"embeddable":true,"href":"https:\/\/9staedte.de\/pl\/wp-json\/wp\/v2\/pages\/18011"}],"wp:featuredmedia":[{"embeddable":true,"href":"https:\/\/9staedte.de\/pl\/wp-json\/wp\/v2\/media\/17668"}],"wp:attachment":[{"href":"https:\/\/9staedte.de\/pl\/wp-json\/wp\/v2\/media?parent=17660"}],"wp:term":[{"taxonomy":"category","embeddable":true,"href":"https:\/\/9staedte.de\/pl\/wp-json\/wp\/v2\/categories?post=17660"},{"taxonomy":"post_tag","embeddable":true,"href":"https:\/\/9staedte.de\/pl\/wp-json\/wp\/v2\/tags?post=17660"},{"taxonomy":"ncap_cities_tax","embeddable":true,"href":"https:\/\/9staedte.de\/pl\/wp-json\/wp\/v2\/ncap_cities_tax?post=17660"}],"curies":[{"name":"wp","href":"https:\/\/api.w.org\/{rel}","templated":true}]}}