{"id":17636,"date":"2023-11-02T09:49:49","date_gmt":"2023-11-02T08:49:49","guid":{"rendered":"https:\/\/9staedte.de\/zakupy-i-wypady-na-miasto-w-einbeck\/"},"modified":"2024-07-03T15:50:38","modified_gmt":"2024-07-03T13:50:38","slug":"zakupy-i-wypady-na-miasto-w-einbeck","status":"publish","type":"page","link":"https:\/\/9staedte.de\/pl\/einbeck-klasyczne-samochody-domy-z-muru-pruskiego-piwo\/zakupy-i-wypady-na-miasto-w-einbeck\/","title":{"rendered":"Zakupy i wypady na miasto w Einbeck"},"content":{"rendered":"\n<h2 class=\"wp-block-heading\">Plan i specjalno\u015bci Einbecker<\/h2>\n\n\n\n<p>Wiele z przysmak\u00f3w Einbeck jest robionych r\u0119cznie. Ponad dziesi\u0119\u0107 odmian musztardy jest produkowanych w m\u0142ynie musztardowym Einbeck przy u\u017cyciu klasycznego procesu mielenia kamienia. Kawa jest r\u0119cznie palona w palarni kawy Einbeck. \u015awie\u017co zmielon\u0105 kaw\u0105 mo\u017cna delektowa\u0107 si\u0119 w palarni kawy bezpo\u015brednio na rynku.<br>Podczas wycieczki na zakupy po starym mie\u015bcie wiele ma\u0142ych sklep\u00f3w oferuje specjalne oferty i mn\u00f3stwo uroku. Koniecznie odwied\u017a Einbecker Blaudruck. W 1638 roku za\u0142o\u017cono warsztat farbiarski. &nbsp;Warsztat i sklep Einbeck Blueprint mieszcz\u0105 si\u0119 w zabytkowym domu z muru pruskiego&nbsp;przy&nbsp;M\u00f6ncheplatz.<br>Restauracje i puby Einbeck oferuj\u0105 ponad 14 r\u00f3\u017cnych rodzaj\u00f3w piwa Einbeck. W roku piwa bock dost\u0119pne s\u0105 oczywi\u015bcie r\u00f3wnie\u017c sezonowe piwa bock i Ainp\u00f6ckisch wed\u0142ug oryginalnej receptury.<\/p>\n\n\n\n<p><\/p>\n\n\n\n\n<div class=\"banner-wrapper\">\n  <div class=\"banner-inner \">\n      <div class=\"img-container\">\n      <div class=\"img-wrapper\">\n        <img decoding=\"async\" src=\"https:\/\/9staedte.de\/wp-content\/smush-webp\/2023\/05\/Senfkoeprner-\u00a9Einbecker-Senfmuehle.jpg.webp\" alt=\"Dwie r\u0119ce trzymaj\u0105 misk\u0119 z wieloma \u017c\u00f3\u0142tymi ziarnami gorczycy. Jedna r\u0119ka wsypuje ziarna do miski. W tle wida\u0107 papierow\u0105 torb\u0119.\" \/>\n                  <div class=\"thumbnail-label\">\n            <span>Senfk\u00f6prner, \u00a9Einbecker Senfm\u00fchle<\/span>\n          <\/div>\n              <\/div>\n    <\/div>\n        <div class=\"text-container\">\n      <div class=\"content\">\n        <p><strong>9 wskaz\u00f3wek:<\/strong><\/p>\n<ul>\n<li>Spr\u00f3buj piwa Einbeck<\/li>\n<li>M\u0142yn musztardowy Einbeck<\/li>\n<li>Einbecker Blaudruck &#8211; tradycyjne rzemios\u0142o od 1638 roku<\/li>\n<li>Dom z muru pruskiego Hooray: sztuka, kreatywne i dziwaczne rzeczy do zrobienia z domami z muru pruskiego<\/li>\n<li>Einbecker Jung: manufaktura przypraw i alkoholi z Einbeck<\/li>\n<li>Cotygodniowy targ na Starym Mie\u015bcie w Einbeck (w ka\u017cd\u0105 \u015brod\u0119 i sobot\u0119)<\/li>\n<li>Zakupy z Einbecker Zehner<\/li>\n<li>Wieczorna wycieczka: jasne piwo i ciemne cienie<\/li>\n<li>Dyplom z piwa Einbeck<\/li>\n<\/ul>\n      <\/div>\n    <\/div>\n    <\/div>\n<\/div>\n\n\n\n\n<p><a href=\"https:\/\/www.einbeck-tourismus.de\/einbecker-koestlichkeiten\">Wi\u0119cej informacji na temat specjalno\u015bci Einbeck:<\/a><\/p>\n","protected":false},"excerpt":{"rendered":"<p>Plan i specjalno\u015bci Einbecker Wiele z przysmak\u00f3w Einbeck jest robionych r\u0119cznie. Ponad dziesi\u0119\u0107 odmian musztardy jest produkowanych w m\u0142ynie musztardowym Einbeck przy u\u017cyciu klasycznego procesu mielenia kamienia. Kawa jest r\u0119cznie palona w palarni kawy Einbeck. \u015awie\u017co zmielon\u0105 kaw\u0105 mo\u017cna delektowa\u0107 si\u0119 w palarni kawy bezpo\u015brednio na rynku.Podczas wycieczki na zakupy po starym mie\u015bcie wiele ma\u0142ych [&hellip;]<\/p>\n","protected":false},"author":1,"featured_media":17646,"parent":18058,"menu_order":0,"comment_status":"closed","ping_status":"closed","template":"pagetemplates\/template-stadtthema.php","meta":{"_acf_changed":false,"footnotes":""},"categories":[],"tags":[],"ncap_cities_tax":[479,815],"class_list":["post-17636","page","type-page","status-publish","has-post-thumbnail","hentry","ncap_cities_tax-einbeck-pl","ncap_cities_tax-shopping-und-ausgehen-einbeck-pl"],"acf":[],"yoast_head":"<!-- This site is optimized with the Yoast SEO plugin v27.4 - https:\/\/yoast.com\/product\/yoast-seo-wordpress\/ -->\n<title>Zakupy i wypady na miasto w Einbeck - 9 St\u00e4dte in Niedersachsen<\/title>\n<meta name=\"robots\" content=\"index, follow, max-snippet:-1, max-image-preview:large, max-video-preview:-1\" \/>\n<link rel=\"canonical\" href=\"https:\/\/9staedte.de\/pl\/einbeck-klasyczne-samochody-domy-z-muru-pruskiego-piwo\/zakupy-i-wypady-na-miasto-w-einbeck\/\" \/>\n<meta property=\"og:locale\" content=\"pl_PL\" \/>\n<meta property=\"og:type\" content=\"article\" \/>\n<meta property=\"og:title\" content=\"Zakupy i wypady na miasto w Einbeck - 9 St\u00e4dte in Niedersachsen\" \/>\n<meta property=\"og:description\" content=\"Plan i specjalno\u015bci Einbecker Wiele z przysmak\u00f3w Einbeck jest robionych r\u0119cznie. Ponad dziesi\u0119\u0107 odmian musztardy jest produkowanych w m\u0142ynie musztardowym Einbeck przy u\u017cyciu klasycznego procesu mielenia kamienia. Kawa jest r\u0119cznie palona w palarni kawy Einbeck. \u015awie\u017co zmielon\u0105 kaw\u0105 mo\u017cna delektowa\u0107 si\u0119 w palarni kawy bezpo\u015brednio na rynku.Podczas wycieczki na zakupy po starym mie\u015bcie wiele ma\u0142ych [&hellip;]\" \/>\n<meta property=\"og:url\" content=\"https:\/\/9staedte.de\/pl\/einbeck-klasyczne-samochody-domy-z-muru-pruskiego-piwo\/zakupy-i-wypady-na-miasto-w-einbeck\/\" \/>\n<meta property=\"og:site_name\" content=\"9 St\u00e4dte in Niedersachsen\" \/>\n<meta property=\"article:modified_time\" content=\"2024-07-03T13:50:38+00:00\" \/>\n<meta property=\"og:image\" content=\"https:\/\/9staedte.de\/wp-content\/uploads\/2023\/07\/Einbecker-Blaudruck-\u00a9mehle-hundertmark-Fotografie-scaled.jpg\" \/>\n\t<meta property=\"og:image:width\" content=\"2560\" \/>\n\t<meta property=\"og:image:height\" content=\"1707\" \/>\n\t<meta property=\"og:image:type\" content=\"image\/jpeg\" \/>\n<meta name=\"twitter:card\" content=\"summary_large_image\" \/>\n<meta name=\"twitter:label1\" content=\"Szacowany czas czytania\" \/>\n\t<meta name=\"twitter:data1\" content=\"1 minuta\" \/>\n<script type=\"application\/ld+json\" class=\"yoast-schema-graph\">{\"@context\":\"https:\\\/\\\/schema.org\",\"@graph\":[{\"@type\":\"WebPage\",\"@id\":\"https:\\\/\\\/9staedte.de\\\/pl\\\/einbeck-klasyczne-samochody-domy-z-muru-pruskiego-piwo\\\/zakupy-i-wypady-na-miasto-w-einbeck\\\/\",\"url\":\"https:\\\/\\\/9staedte.de\\\/pl\\\/einbeck-klasyczne-samochody-domy-z-muru-pruskiego-piwo\\\/zakupy-i-wypady-na-miasto-w-einbeck\\\/\",\"name\":\"Zakupy i wypady na miasto w Einbeck - 9 St\u00e4dte in Niedersachsen\",\"isPartOf\":{\"@id\":\"https:\\\/\\\/9staedte.de\\\/pl\\\/#website\"},\"primaryImageOfPage\":{\"@id\":\"https:\\\/\\\/9staedte.de\\\/pl\\\/einbeck-klasyczne-samochody-domy-z-muru-pruskiego-piwo\\\/zakupy-i-wypady-na-miasto-w-einbeck\\\/#primaryimage\"},\"image\":{\"@id\":\"https:\\\/\\\/9staedte.de\\\/pl\\\/einbeck-klasyczne-samochody-domy-z-muru-pruskiego-piwo\\\/zakupy-i-wypady-na-miasto-w-einbeck\\\/#primaryimage\"},\"thumbnailUrl\":\"https:\\\/\\\/9staedte.de\\\/wp-content\\\/uploads\\\/2023\\\/07\\\/Einbecker-Blaudruck-\u00a9mehle-hundertmark-Fotografie-scaled.jpg\",\"datePublished\":\"2023-11-02T08:49:49+00:00\",\"dateModified\":\"2024-07-03T13:50:38+00:00\",\"breadcrumb\":{\"@id\":\"https:\\\/\\\/9staedte.de\\\/pl\\\/einbeck-klasyczne-samochody-domy-z-muru-pruskiego-piwo\\\/zakupy-i-wypady-na-miasto-w-einbeck\\\/#breadcrumb\"},\"inLanguage\":\"pl-PL\",\"potentialAction\":[{\"@type\":\"ReadAction\",\"target\":[\"https:\\\/\\\/9staedte.de\\\/pl\\\/einbeck-klasyczne-samochody-domy-z-muru-pruskiego-piwo\\\/zakupy-i-wypady-na-miasto-w-einbeck\\\/\"]}]},{\"@type\":\"ImageObject\",\"inLanguage\":\"pl-PL\",\"@id\":\"https:\\\/\\\/9staedte.de\\\/pl\\\/einbeck-klasyczne-samochody-domy-z-muru-pruskiego-piwo\\\/zakupy-i-wypady-na-miasto-w-einbeck\\\/#primaryimage\",\"url\":\"https:\\\/\\\/9staedte.de\\\/wp-content\\\/uploads\\\/2023\\\/07\\\/Einbecker-Blaudruck-\u00a9mehle-hundertmark-Fotografie-scaled.jpg\",\"contentUrl\":\"https:\\\/\\\/9staedte.de\\\/wp-content\\\/uploads\\\/2023\\\/07\\\/Einbecker-Blaudruck-\u00a9mehle-hundertmark-Fotografie-scaled.jpg\",\"width\":2560,\"height\":1707,\"caption\":\"Einbecker Blaudruck Foto: Michaela Hundertmark, Michael Mehle\"},{\"@type\":\"BreadcrumbList\",\"@id\":\"https:\\\/\\\/9staedte.de\\\/pl\\\/einbeck-klasyczne-samochody-domy-z-muru-pruskiego-piwo\\\/zakupy-i-wypady-na-miasto-w-einbeck\\\/#breadcrumb\",\"itemListElement\":[{\"@type\":\"ListItem\",\"position\":1,\"name\":\"Startseite\",\"item\":\"https:\\\/\\\/9staedte.de\\\/pl\\\/\"},{\"@type\":\"ListItem\",\"position\":2,\"name\":\"Einbeck &#8211; klasyczne samochody, domy z muru pruskiego, piwo\",\"item\":\"https:\\\/\\\/9staedte.de\\\/pl\\\/einbeck-klasyczne-samochody-domy-z-muru-pruskiego-piwo\\\/\"},{\"@type\":\"ListItem\",\"position\":3,\"name\":\"Zakupy i wypady na miasto w Einbeck\"}]},{\"@type\":\"WebSite\",\"@id\":\"https:\\\/\\\/9staedte.de\\\/pl\\\/#website\",\"url\":\"https:\\\/\\\/9staedte.de\\\/pl\\\/\",\"name\":\"9 St\u00e4dte in Niedersachsen\",\"description\":\"\",\"publisher\":{\"@id\":\"https:\\\/\\\/9staedte.de\\\/pl\\\/#organization\"},\"potentialAction\":[{\"@type\":\"SearchAction\",\"target\":{\"@type\":\"EntryPoint\",\"urlTemplate\":\"https:\\\/\\\/9staedte.de\\\/pl\\\/?s={search_term_string}\"},\"query-input\":{\"@type\":\"PropertyValueSpecification\",\"valueRequired\":true,\"valueName\":\"search_term_string\"}}],\"inLanguage\":\"pl-PL\"},{\"@type\":\"Organization\",\"@id\":\"https:\\\/\\\/9staedte.de\\\/pl\\\/#organization\",\"name\":\"9 St\u00e4dte in Niedersachsen\",\"url\":\"https:\\\/\\\/9staedte.de\\\/pl\\\/\",\"logo\":{\"@type\":\"ImageObject\",\"inLanguage\":\"pl-PL\",\"@id\":\"https:\\\/\\\/9staedte.de\\\/pl\\\/#\\\/schema\\\/logo\\\/image\\\/\",\"url\":\"https:\\\/\\\/9staedte.de\\\/wp-content\\\/uploads\\\/2025\\\/01\\\/9-neg-deutsch-2-1.png\",\"contentUrl\":\"https:\\\/\\\/9staedte.de\\\/wp-content\\\/uploads\\\/2025\\\/01\\\/9-neg-deutsch-2-1.png\",\"width\":190,\"height\":114,\"caption\":\"9 St\u00e4dte in Niedersachsen\"},\"image\":{\"@id\":\"https:\\\/\\\/9staedte.de\\\/pl\\\/#\\\/schema\\\/logo\\\/image\\\/\"}}]}<\/script>\n<!-- \/ Yoast SEO plugin. -->","yoast_head_json":{"title":"Zakupy i wypady na miasto w Einbeck - 9 St\u00e4dte in Niedersachsen","robots":{"index":"index","follow":"follow","max-snippet":"max-snippet:-1","max-image-preview":"max-image-preview:large","max-video-preview":"max-video-preview:-1"},"canonical":"https:\/\/9staedte.de\/pl\/einbeck-klasyczne-samochody-domy-z-muru-pruskiego-piwo\/zakupy-i-wypady-na-miasto-w-einbeck\/","og_locale":"pl_PL","og_type":"article","og_title":"Zakupy i wypady na miasto w Einbeck - 9 St\u00e4dte in Niedersachsen","og_description":"Plan i specjalno\u015bci Einbecker Wiele z przysmak\u00f3w Einbeck jest robionych r\u0119cznie. Ponad dziesi\u0119\u0107 odmian musztardy jest produkowanych w m\u0142ynie musztardowym Einbeck przy u\u017cyciu klasycznego procesu mielenia kamienia. Kawa jest r\u0119cznie palona w palarni kawy Einbeck. \u015awie\u017co zmielon\u0105 kaw\u0105 mo\u017cna delektowa\u0107 si\u0119 w palarni kawy bezpo\u015brednio na rynku.Podczas wycieczki na zakupy po starym mie\u015bcie wiele ma\u0142ych [&hellip;]","og_url":"https:\/\/9staedte.de\/pl\/einbeck-klasyczne-samochody-domy-z-muru-pruskiego-piwo\/zakupy-i-wypady-na-miasto-w-einbeck\/","og_site_name":"9 St\u00e4dte in Niedersachsen","article_modified_time":"2024-07-03T13:50:38+00:00","og_image":[{"width":2560,"height":1707,"url":"https:\/\/9staedte.de\/wp-content\/uploads\/2023\/07\/Einbecker-Blaudruck-\u00a9mehle-hundertmark-Fotografie-scaled.jpg","type":"image\/jpeg"}],"twitter_card":"summary_large_image","twitter_misc":{"Szacowany czas czytania":"1 minuta"},"schema":{"@context":"https:\/\/schema.org","@graph":[{"@type":"WebPage","@id":"https:\/\/9staedte.de\/pl\/einbeck-klasyczne-samochody-domy-z-muru-pruskiego-piwo\/zakupy-i-wypady-na-miasto-w-einbeck\/","url":"https:\/\/9staedte.de\/pl\/einbeck-klasyczne-samochody-domy-z-muru-pruskiego-piwo\/zakupy-i-wypady-na-miasto-w-einbeck\/","name":"Zakupy i wypady na miasto w Einbeck - 9 St\u00e4dte in Niedersachsen","isPartOf":{"@id":"https:\/\/9staedte.de\/pl\/#website"},"primaryImageOfPage":{"@id":"https:\/\/9staedte.de\/pl\/einbeck-klasyczne-samochody-domy-z-muru-pruskiego-piwo\/zakupy-i-wypady-na-miasto-w-einbeck\/#primaryimage"},"image":{"@id":"https:\/\/9staedte.de\/pl\/einbeck-klasyczne-samochody-domy-z-muru-pruskiego-piwo\/zakupy-i-wypady-na-miasto-w-einbeck\/#primaryimage"},"thumbnailUrl":"https:\/\/9staedte.de\/wp-content\/uploads\/2023\/07\/Einbecker-Blaudruck-\u00a9mehle-hundertmark-Fotografie-scaled.jpg","datePublished":"2023-11-02T08:49:49+00:00","dateModified":"2024-07-03T13:50:38+00:00","breadcrumb":{"@id":"https:\/\/9staedte.de\/pl\/einbeck-klasyczne-samochody-domy-z-muru-pruskiego-piwo\/zakupy-i-wypady-na-miasto-w-einbeck\/#breadcrumb"},"inLanguage":"pl-PL","potentialAction":[{"@type":"ReadAction","target":["https:\/\/9staedte.de\/pl\/einbeck-klasyczne-samochody-domy-z-muru-pruskiego-piwo\/zakupy-i-wypady-na-miasto-w-einbeck\/"]}]},{"@type":"ImageObject","inLanguage":"pl-PL","@id":"https:\/\/9staedte.de\/pl\/einbeck-klasyczne-samochody-domy-z-muru-pruskiego-piwo\/zakupy-i-wypady-na-miasto-w-einbeck\/#primaryimage","url":"https:\/\/9staedte.de\/wp-content\/uploads\/2023\/07\/Einbecker-Blaudruck-\u00a9mehle-hundertmark-Fotografie-scaled.jpg","contentUrl":"https:\/\/9staedte.de\/wp-content\/uploads\/2023\/07\/Einbecker-Blaudruck-\u00a9mehle-hundertmark-Fotografie-scaled.jpg","width":2560,"height":1707,"caption":"Einbecker Blaudruck Foto: Michaela Hundertmark, Michael Mehle"},{"@type":"BreadcrumbList","@id":"https:\/\/9staedte.de\/pl\/einbeck-klasyczne-samochody-domy-z-muru-pruskiego-piwo\/zakupy-i-wypady-na-miasto-w-einbeck\/#breadcrumb","itemListElement":[{"@type":"ListItem","position":1,"name":"Startseite","item":"https:\/\/9staedte.de\/pl\/"},{"@type":"ListItem","position":2,"name":"Einbeck &#8211; klasyczne samochody, domy z muru pruskiego, piwo","item":"https:\/\/9staedte.de\/pl\/einbeck-klasyczne-samochody-domy-z-muru-pruskiego-piwo\/"},{"@type":"ListItem","position":3,"name":"Zakupy i wypady na miasto w Einbeck"}]},{"@type":"WebSite","@id":"https:\/\/9staedte.de\/pl\/#website","url":"https:\/\/9staedte.de\/pl\/","name":"9 St\u00e4dte in Niedersachsen","description":"","publisher":{"@id":"https:\/\/9staedte.de\/pl\/#organization"},"potentialAction":[{"@type":"SearchAction","target":{"@type":"EntryPoint","urlTemplate":"https:\/\/9staedte.de\/pl\/?s={search_term_string}"},"query-input":{"@type":"PropertyValueSpecification","valueRequired":true,"valueName":"search_term_string"}}],"inLanguage":"pl-PL"},{"@type":"Organization","@id":"https:\/\/9staedte.de\/pl\/#organization","name":"9 St\u00e4dte in Niedersachsen","url":"https:\/\/9staedte.de\/pl\/","logo":{"@type":"ImageObject","inLanguage":"pl-PL","@id":"https:\/\/9staedte.de\/pl\/#\/schema\/logo\/image\/","url":"https:\/\/9staedte.de\/wp-content\/uploads\/2025\/01\/9-neg-deutsch-2-1.png","contentUrl":"https:\/\/9staedte.de\/wp-content\/uploads\/2025\/01\/9-neg-deutsch-2-1.png","width":190,"height":114,"caption":"9 St\u00e4dte in Niedersachsen"},"image":{"@id":"https:\/\/9staedte.de\/pl\/#\/schema\/logo\/image\/"}}]}},"_links":{"self":[{"href":"https:\/\/9staedte.de\/pl\/wp-json\/wp\/v2\/pages\/17636","targetHints":{"allow":["GET"]}}],"collection":[{"href":"https:\/\/9staedte.de\/pl\/wp-json\/wp\/v2\/pages"}],"about":[{"href":"https:\/\/9staedte.de\/pl\/wp-json\/wp\/v2\/types\/page"}],"author":[{"embeddable":true,"href":"https:\/\/9staedte.de\/pl\/wp-json\/wp\/v2\/users\/1"}],"replies":[{"embeddable":true,"href":"https:\/\/9staedte.de\/pl\/wp-json\/wp\/v2\/comments?post=17636"}],"version-history":[{"count":3,"href":"https:\/\/9staedte.de\/pl\/wp-json\/wp\/v2\/pages\/17636\/revisions"}],"predecessor-version":[{"id":22801,"href":"https:\/\/9staedte.de\/pl\/wp-json\/wp\/v2\/pages\/17636\/revisions\/22801"}],"up":[{"embeddable":true,"href":"https:\/\/9staedte.de\/pl\/wp-json\/wp\/v2\/pages\/18058"}],"wp:featuredmedia":[{"embeddable":true,"href":"https:\/\/9staedte.de\/pl\/wp-json\/wp\/v2\/media\/17646"}],"wp:attachment":[{"href":"https:\/\/9staedte.de\/pl\/wp-json\/wp\/v2\/media?parent=17636"}],"wp:term":[{"taxonomy":"category","embeddable":true,"href":"https:\/\/9staedte.de\/pl\/wp-json\/wp\/v2\/categories?post=17636"},{"taxonomy":"post_tag","embeddable":true,"href":"https:\/\/9staedte.de\/pl\/wp-json\/wp\/v2\/tags?post=17636"},{"taxonomy":"ncap_cities_tax","embeddable":true,"href":"https:\/\/9staedte.de\/pl\/wp-json\/wp\/v2\/ncap_cities_tax?post=17636"}],"curies":[{"name":"wp","href":"https:\/\/api.w.org\/{rel}","templated":true}]}}