{"id":17628,"date":"2023-11-02T09:49:48","date_gmt":"2023-11-02T08:49:48","guid":{"rendered":"https:\/\/9staedte.de\/zakupy-i-wypady-na-miasto-w-wolfenbuettel\/"},"modified":"2023-11-02T18:21:10","modified_gmt":"2023-11-02T17:21:10","slug":"zakupy-i-wypady-na-miasto-w-wolfenbuettel","status":"publish","type":"page","link":"https:\/\/9staedte.de\/pl\/wolfenbuttel-miasto-lessingow\/zakupy-i-wypady-na-miasto-w-wolfenbuettel\/","title":{"rendered":"Zakupy i wypady na miasto w Wolfenb\u00fcttel"},"content":{"rendered":"\n<h2 class=\"wp-block-heading\">Kupuj regionalnie, ucztuj i ciesz si\u0119 w Wolfenb\u00fcttel<\/h2>\n\n\n\n<p>Miasteczko Lessing Wolfenb\u00fcttel przyci\u0105ga turyst\u00f3w urokliwym deptakiem, kt\u00f3ry latem zdobi\u0105 bogate dekoracje kwiatowe. Szczeg\u00f3ln\u0105 cech\u0105 s\u0105 lokalne sklepy i regionalne produkty, kt\u00f3re zar\u00f3wno odwiedzaj\u0105cy, jak i miejscowi bardzo ceni\u0105 w Wolfenb\u00fcttel. Daj si\u0119 zarazi\u0107 entuzjazmem sprzedawc\u00f3w produkt\u00f3w z naszego regionu podczas spaceru po cotygodniowym targu (w ka\u017cd\u0105 \u015brod\u0119 i sobot\u0119) na historycznym rynku miejskim. Przytulne, ma\u0142e kawiarnie i restauracje zapraszaj\u0105 do spotka\u0144 towarzyskich.<br><a href=\"http:\/\/www.lessingstadt-wolfenbuettel.de\/Tourismus\/Geniessen\">Wi\u0119cej informacji:<\/a><\/p>\n\n\n\n\n<div class=\"banner-wrapper\">\n  <div class=\"banner-inner \">\n      <div class=\"img-container\">\n      <div class=\"img-wrapper\">\n        <img decoding=\"async\" src=\"https:\/\/9staedte.de\/wp-content\/smush-webp\/2023\/03\/Einkaufen-in-Wolfenbuettel-c-Stadt-Wolfenbuettel-Christian-Bierwagen.jpg.webp\" alt=\"Dwie kobiety id\u0105 ulic\u0105 handlow\u0105. U\u015bmiechaj\u0105 si\u0119 i wygl\u0105daj\u0105 na szcz\u0119\u015bliwe. Jedna kobieta niesie torb\u0119 z zakupami. W tle siedz\u0105 ludzie przy kawiarni. Jest s\u0142oneczny dzie\u0144. Na ulicy jest du\u017co kwiat\u00f3w.\" \/>\n                  <div class=\"thumbnail-label\">\n            <span>Einkaufen in Wolfenbuettel c) Stadt Wolfenbuettel Christian Bierwagen<\/span>\n          <\/div>\n              <\/div>\n    <\/div>\n        <div class=\"text-container\">\n      <div class=\"content\">\n        <p><strong>9 Tipps rund ums Einkaufen und Ausgehen in Wolfenb\u00fcttel:<\/strong><\/p>\n<ul>\n<li>Heimische Fachgesch\u00e4fte mit regionalen Produkten<\/li>\n<li>Wochenmarkt auf dem historischen Stadtmarkt (jeden Mittwoch und Samstag)<\/li>\n<li>Erstklassige internationale Restaurants<\/li>\n<li>Gem\u00fctliche Lokale und Caf\u00e9s<\/li>\n<li>Lessingtheater<\/li>\n<li>J\u00e4germeister Shop-in-Shop in der Tourist-Info<\/li>\n<li>Herzog August Bibliothek, Lessinghaus, Welfenschloss<\/li>\n<li>zahlreiche kulturelle Veranstaltungen<\/li>\n<li>Filmpalast, CineStar<\/li>\n<\/ul>\n      <\/div>\n    <\/div>\n    <\/div>\n<\/div>\n\n","protected":false},"excerpt":{"rendered":"<p>Kupuj regionalnie, ucztuj i ciesz si\u0119 w Wolfenb\u00fcttel Miasteczko Lessing Wolfenb\u00fcttel przyci\u0105ga turyst\u00f3w urokliwym deptakiem, kt\u00f3ry latem zdobi\u0105 bogate dekoracje kwiatowe. Szczeg\u00f3ln\u0105 cech\u0105 s\u0105 lokalne sklepy i regionalne produkty, kt\u00f3re zar\u00f3wno odwiedzaj\u0105cy, jak i miejscowi bardzo ceni\u0105 w Wolfenb\u00fcttel. Daj si\u0119 zarazi\u0107 entuzjazmem sprzedawc\u00f3w produkt\u00f3w z naszego regionu podczas spaceru po cotygodniowym targu (w ka\u017cd\u0105 [&hellip;]<\/p>\n","protected":false},"author":1,"featured_media":17635,"parent":17991,"menu_order":0,"comment_status":"closed","ping_status":"closed","template":"pagetemplates\/template-stadtthema.php","meta":{"_acf_changed":false,"footnotes":""},"categories":[],"tags":[],"ncap_cities_tax":[808,473],"class_list":["post-17628","page","type-page","status-publish","has-post-thumbnail","hentry","ncap_cities_tax-shopping-und-ausgehen-wolfenbuettel-pl-wolfenbuettel-pl","ncap_cities_tax-wolfenbuettel-pl"],"acf":[],"yoast_head":"<!-- This site is optimized with the Yoast SEO plugin v26.8 - https:\/\/yoast.com\/product\/yoast-seo-wordpress\/ -->\n<title>Zakupy i wypady na miasto w Wolfenb\u00fcttel - 9 St\u00e4dte in Niedersachsen<\/title>\n<meta name=\"robots\" content=\"index, follow, max-snippet:-1, max-image-preview:large, max-video-preview:-1\" \/>\n<link rel=\"canonical\" href=\"https:\/\/9staedte.de\/pl\/wolfenbuttel-miasto-lessingow\/zakupy-i-wypady-na-miasto-w-wolfenbuettel\/\" \/>\n<meta property=\"og:locale\" content=\"pl_PL\" \/>\n<meta property=\"og:type\" content=\"article\" \/>\n<meta property=\"og:title\" content=\"Zakupy i wypady na miasto w Wolfenb\u00fcttel - 9 St\u00e4dte in Niedersachsen\" \/>\n<meta property=\"og:description\" content=\"Kupuj regionalnie, ucztuj i ciesz si\u0119 w Wolfenb\u00fcttel Miasteczko Lessing Wolfenb\u00fcttel przyci\u0105ga turyst\u00f3w urokliwym deptakiem, kt\u00f3ry latem zdobi\u0105 bogate dekoracje kwiatowe. Szczeg\u00f3ln\u0105 cech\u0105 s\u0105 lokalne sklepy i regionalne produkty, kt\u00f3re zar\u00f3wno odwiedzaj\u0105cy, jak i miejscowi bardzo ceni\u0105 w Wolfenb\u00fcttel. Daj si\u0119 zarazi\u0107 entuzjazmem sprzedawc\u00f3w produkt\u00f3w z naszego regionu podczas spaceru po cotygodniowym targu (w ka\u017cd\u0105 [&hellip;]\" \/>\n<meta property=\"og:url\" content=\"https:\/\/9staedte.de\/pl\/wolfenbuttel-miasto-lessingow\/zakupy-i-wypady-na-miasto-w-wolfenbuettel\/\" \/>\n<meta property=\"og:site_name\" content=\"9 St\u00e4dte in Niedersachsen\" \/>\n<meta property=\"article:modified_time\" content=\"2023-11-02T17:21:10+00:00\" \/>\n<meta property=\"og:image\" content=\"https:\/\/9staedte.de\/wp-content\/uploads\/2023\/03\/Ausgehen-in-Wolfenbuettel-c-Stadt-Wolfenbuettel-Christian-Bierwagen.jpg\" \/>\n\t<meta property=\"og:image:width\" content=\"1020\" \/>\n\t<meta property=\"og:image:height\" content=\"560\" \/>\n\t<meta property=\"og:image:type\" content=\"image\/jpeg\" \/>\n<meta name=\"twitter:card\" content=\"summary_large_image\" \/>\n<meta name=\"twitter:label1\" content=\"Szacowany czas czytania\" \/>\n\t<meta name=\"twitter:data1\" content=\"1 minuta\" \/>\n<script type=\"application\/ld+json\" class=\"yoast-schema-graph\">{\"@context\":\"https:\/\/schema.org\",\"@graph\":[{\"@type\":\"WebPage\",\"@id\":\"https:\/\/9staedte.de\/pl\/wolfenbuttel-miasto-lessingow\/zakupy-i-wypady-na-miasto-w-wolfenbuettel\/\",\"url\":\"https:\/\/9staedte.de\/pl\/wolfenbuttel-miasto-lessingow\/zakupy-i-wypady-na-miasto-w-wolfenbuettel\/\",\"name\":\"Zakupy i wypady na miasto w Wolfenb\u00fcttel - 9 St\u00e4dte in Niedersachsen\",\"isPartOf\":{\"@id\":\"https:\/\/9staedte.de\/pl\/#website\"},\"primaryImageOfPage\":{\"@id\":\"https:\/\/9staedte.de\/pl\/wolfenbuttel-miasto-lessingow\/zakupy-i-wypady-na-miasto-w-wolfenbuettel\/#primaryimage\"},\"image\":{\"@id\":\"https:\/\/9staedte.de\/pl\/wolfenbuttel-miasto-lessingow\/zakupy-i-wypady-na-miasto-w-wolfenbuettel\/#primaryimage\"},\"thumbnailUrl\":\"https:\/\/9staedte.de\/wp-content\/uploads\/2023\/03\/Ausgehen-in-Wolfenbuettel-c-Stadt-Wolfenbuettel-Christian-Bierwagen.jpg\",\"datePublished\":\"2023-11-02T08:49:48+00:00\",\"dateModified\":\"2023-11-02T17:21:10+00:00\",\"breadcrumb\":{\"@id\":\"https:\/\/9staedte.de\/pl\/wolfenbuttel-miasto-lessingow\/zakupy-i-wypady-na-miasto-w-wolfenbuettel\/#breadcrumb\"},\"inLanguage\":\"pl-PL\",\"potentialAction\":[{\"@type\":\"ReadAction\",\"target\":[\"https:\/\/9staedte.de\/pl\/wolfenbuttel-miasto-lessingow\/zakupy-i-wypady-na-miasto-w-wolfenbuettel\/\"]}]},{\"@type\":\"ImageObject\",\"inLanguage\":\"pl-PL\",\"@id\":\"https:\/\/9staedte.de\/pl\/wolfenbuttel-miasto-lessingow\/zakupy-i-wypady-na-miasto-w-wolfenbuettel\/#primaryimage\",\"url\":\"https:\/\/9staedte.de\/wp-content\/uploads\/2023\/03\/Ausgehen-in-Wolfenbuettel-c-Stadt-Wolfenbuettel-Christian-Bierwagen.jpg\",\"contentUrl\":\"https:\/\/9staedte.de\/wp-content\/uploads\/2023\/03\/Ausgehen-in-Wolfenbuettel-c-Stadt-Wolfenbuettel-Christian-Bierwagen.jpg\",\"width\":1020,\"height\":560,\"caption\":\"Ausgehen in Wolfenb\u00fcttel c) Stadt Wolfenb\u00fcttel Christian Bierwagen\"},{\"@type\":\"BreadcrumbList\",\"@id\":\"https:\/\/9staedte.de\/pl\/wolfenbuttel-miasto-lessingow\/zakupy-i-wypady-na-miasto-w-wolfenbuettel\/#breadcrumb\",\"itemListElement\":[{\"@type\":\"ListItem\",\"position\":1,\"name\":\"Startseite\",\"item\":\"https:\/\/9staedte.de\/pl\/\"},{\"@type\":\"ListItem\",\"position\":2,\"name\":\"Wolfenb\u00fcttel &#8211; miasto Lessing\u00f3w\",\"item\":\"https:\/\/9staedte.de\/pl\/wolfenbuttel-miasto-lessingow\/\"},{\"@type\":\"ListItem\",\"position\":3,\"name\":\"Zakupy i wypady na miasto w Wolfenb\u00fcttel\"}]},{\"@type\":\"WebSite\",\"@id\":\"https:\/\/9staedte.de\/pl\/#website\",\"url\":\"https:\/\/9staedte.de\/pl\/\",\"name\":\"9 St\u00e4dte in Niedersachsen\",\"description\":\"\",\"publisher\":{\"@id\":\"https:\/\/9staedte.de\/pl\/#organization\"},\"potentialAction\":[{\"@type\":\"SearchAction\",\"target\":{\"@type\":\"EntryPoint\",\"urlTemplate\":\"https:\/\/9staedte.de\/pl\/?s={search_term_string}\"},\"query-input\":{\"@type\":\"PropertyValueSpecification\",\"valueRequired\":true,\"valueName\":\"search_term_string\"}}],\"inLanguage\":\"pl-PL\"},{\"@type\":\"Organization\",\"@id\":\"https:\/\/9staedte.de\/pl\/#organization\",\"name\":\"9 St\u00e4dte in Niedersachsen\",\"url\":\"https:\/\/9staedte.de\/pl\/\",\"logo\":{\"@type\":\"ImageObject\",\"inLanguage\":\"pl-PL\",\"@id\":\"https:\/\/9staedte.de\/pl\/#\/schema\/logo\/image\/\",\"url\":\"https:\/\/9staedte.de\/wp-content\/uploads\/2025\/01\/9-neg-deutsch-2-1.png\",\"contentUrl\":\"https:\/\/9staedte.de\/wp-content\/uploads\/2025\/01\/9-neg-deutsch-2-1.png\",\"width\":190,\"height\":114,\"caption\":\"9 St\u00e4dte in Niedersachsen\"},\"image\":{\"@id\":\"https:\/\/9staedte.de\/pl\/#\/schema\/logo\/image\/\"}}]}<\/script>\n<!-- \/ Yoast SEO plugin. -->","yoast_head_json":{"title":"Zakupy i wypady na miasto w Wolfenb\u00fcttel - 9 St\u00e4dte in Niedersachsen","robots":{"index":"index","follow":"follow","max-snippet":"max-snippet:-1","max-image-preview":"max-image-preview:large","max-video-preview":"max-video-preview:-1"},"canonical":"https:\/\/9staedte.de\/pl\/wolfenbuttel-miasto-lessingow\/zakupy-i-wypady-na-miasto-w-wolfenbuettel\/","og_locale":"pl_PL","og_type":"article","og_title":"Zakupy i wypady na miasto w Wolfenb\u00fcttel - 9 St\u00e4dte in Niedersachsen","og_description":"Kupuj regionalnie, ucztuj i ciesz si\u0119 w Wolfenb\u00fcttel Miasteczko Lessing Wolfenb\u00fcttel przyci\u0105ga turyst\u00f3w urokliwym deptakiem, kt\u00f3ry latem zdobi\u0105 bogate dekoracje kwiatowe. Szczeg\u00f3ln\u0105 cech\u0105 s\u0105 lokalne sklepy i regionalne produkty, kt\u00f3re zar\u00f3wno odwiedzaj\u0105cy, jak i miejscowi bardzo ceni\u0105 w Wolfenb\u00fcttel. Daj si\u0119 zarazi\u0107 entuzjazmem sprzedawc\u00f3w produkt\u00f3w z naszego regionu podczas spaceru po cotygodniowym targu (w ka\u017cd\u0105 [&hellip;]","og_url":"https:\/\/9staedte.de\/pl\/wolfenbuttel-miasto-lessingow\/zakupy-i-wypady-na-miasto-w-wolfenbuettel\/","og_site_name":"9 St\u00e4dte in Niedersachsen","article_modified_time":"2023-11-02T17:21:10+00:00","og_image":[{"width":1020,"height":560,"url":"https:\/\/9staedte.de\/wp-content\/uploads\/2023\/03\/Ausgehen-in-Wolfenbuettel-c-Stadt-Wolfenbuettel-Christian-Bierwagen.jpg","type":"image\/jpeg"}],"twitter_card":"summary_large_image","twitter_misc":{"Szacowany czas czytania":"1 minuta"},"schema":{"@context":"https:\/\/schema.org","@graph":[{"@type":"WebPage","@id":"https:\/\/9staedte.de\/pl\/wolfenbuttel-miasto-lessingow\/zakupy-i-wypady-na-miasto-w-wolfenbuettel\/","url":"https:\/\/9staedte.de\/pl\/wolfenbuttel-miasto-lessingow\/zakupy-i-wypady-na-miasto-w-wolfenbuettel\/","name":"Zakupy i wypady na miasto w Wolfenb\u00fcttel - 9 St\u00e4dte in Niedersachsen","isPartOf":{"@id":"https:\/\/9staedte.de\/pl\/#website"},"primaryImageOfPage":{"@id":"https:\/\/9staedte.de\/pl\/wolfenbuttel-miasto-lessingow\/zakupy-i-wypady-na-miasto-w-wolfenbuettel\/#primaryimage"},"image":{"@id":"https:\/\/9staedte.de\/pl\/wolfenbuttel-miasto-lessingow\/zakupy-i-wypady-na-miasto-w-wolfenbuettel\/#primaryimage"},"thumbnailUrl":"https:\/\/9staedte.de\/wp-content\/uploads\/2023\/03\/Ausgehen-in-Wolfenbuettel-c-Stadt-Wolfenbuettel-Christian-Bierwagen.jpg","datePublished":"2023-11-02T08:49:48+00:00","dateModified":"2023-11-02T17:21:10+00:00","breadcrumb":{"@id":"https:\/\/9staedte.de\/pl\/wolfenbuttel-miasto-lessingow\/zakupy-i-wypady-na-miasto-w-wolfenbuettel\/#breadcrumb"},"inLanguage":"pl-PL","potentialAction":[{"@type":"ReadAction","target":["https:\/\/9staedte.de\/pl\/wolfenbuttel-miasto-lessingow\/zakupy-i-wypady-na-miasto-w-wolfenbuettel\/"]}]},{"@type":"ImageObject","inLanguage":"pl-PL","@id":"https:\/\/9staedte.de\/pl\/wolfenbuttel-miasto-lessingow\/zakupy-i-wypady-na-miasto-w-wolfenbuettel\/#primaryimage","url":"https:\/\/9staedte.de\/wp-content\/uploads\/2023\/03\/Ausgehen-in-Wolfenbuettel-c-Stadt-Wolfenbuettel-Christian-Bierwagen.jpg","contentUrl":"https:\/\/9staedte.de\/wp-content\/uploads\/2023\/03\/Ausgehen-in-Wolfenbuettel-c-Stadt-Wolfenbuettel-Christian-Bierwagen.jpg","width":1020,"height":560,"caption":"Ausgehen in Wolfenb\u00fcttel c) Stadt Wolfenb\u00fcttel Christian Bierwagen"},{"@type":"BreadcrumbList","@id":"https:\/\/9staedte.de\/pl\/wolfenbuttel-miasto-lessingow\/zakupy-i-wypady-na-miasto-w-wolfenbuettel\/#breadcrumb","itemListElement":[{"@type":"ListItem","position":1,"name":"Startseite","item":"https:\/\/9staedte.de\/pl\/"},{"@type":"ListItem","position":2,"name":"Wolfenb\u00fcttel &#8211; miasto Lessing\u00f3w","item":"https:\/\/9staedte.de\/pl\/wolfenbuttel-miasto-lessingow\/"},{"@type":"ListItem","position":3,"name":"Zakupy i wypady na miasto w Wolfenb\u00fcttel"}]},{"@type":"WebSite","@id":"https:\/\/9staedte.de\/pl\/#website","url":"https:\/\/9staedte.de\/pl\/","name":"9 St\u00e4dte in Niedersachsen","description":"","publisher":{"@id":"https:\/\/9staedte.de\/pl\/#organization"},"potentialAction":[{"@type":"SearchAction","target":{"@type":"EntryPoint","urlTemplate":"https:\/\/9staedte.de\/pl\/?s={search_term_string}"},"query-input":{"@type":"PropertyValueSpecification","valueRequired":true,"valueName":"search_term_string"}}],"inLanguage":"pl-PL"},{"@type":"Organization","@id":"https:\/\/9staedte.de\/pl\/#organization","name":"9 St\u00e4dte in Niedersachsen","url":"https:\/\/9staedte.de\/pl\/","logo":{"@type":"ImageObject","inLanguage":"pl-PL","@id":"https:\/\/9staedte.de\/pl\/#\/schema\/logo\/image\/","url":"https:\/\/9staedte.de\/wp-content\/uploads\/2025\/01\/9-neg-deutsch-2-1.png","contentUrl":"https:\/\/9staedte.de\/wp-content\/uploads\/2025\/01\/9-neg-deutsch-2-1.png","width":190,"height":114,"caption":"9 St\u00e4dte in Niedersachsen"},"image":{"@id":"https:\/\/9staedte.de\/pl\/#\/schema\/logo\/image\/"}}]}},"_links":{"self":[{"href":"https:\/\/9staedte.de\/pl\/wp-json\/wp\/v2\/pages\/17628","targetHints":{"allow":["GET"]}}],"collection":[{"href":"https:\/\/9staedte.de\/pl\/wp-json\/wp\/v2\/pages"}],"about":[{"href":"https:\/\/9staedte.de\/pl\/wp-json\/wp\/v2\/types\/page"}],"author":[{"embeddable":true,"href":"https:\/\/9staedte.de\/pl\/wp-json\/wp\/v2\/users\/1"}],"replies":[{"embeddable":true,"href":"https:\/\/9staedte.de\/pl\/wp-json\/wp\/v2\/comments?post=17628"}],"version-history":[{"count":1,"href":"https:\/\/9staedte.de\/pl\/wp-json\/wp\/v2\/pages\/17628\/revisions"}],"predecessor-version":[{"id":19996,"href":"https:\/\/9staedte.de\/pl\/wp-json\/wp\/v2\/pages\/17628\/revisions\/19996"}],"up":[{"embeddable":true,"href":"https:\/\/9staedte.de\/pl\/wp-json\/wp\/v2\/pages\/17991"}],"wp:featuredmedia":[{"embeddable":true,"href":"https:\/\/9staedte.de\/pl\/wp-json\/wp\/v2\/media\/17635"}],"wp:attachment":[{"href":"https:\/\/9staedte.de\/pl\/wp-json\/wp\/v2\/media?parent=17628"}],"wp:term":[{"taxonomy":"category","embeddable":true,"href":"https:\/\/9staedte.de\/pl\/wp-json\/wp\/v2\/categories?post=17628"},{"taxonomy":"post_tag","embeddable":true,"href":"https:\/\/9staedte.de\/pl\/wp-json\/wp\/v2\/tags?post=17628"},{"taxonomy":"ncap_cities_tax","embeddable":true,"href":"https:\/\/9staedte.de\/pl\/wp-json\/wp\/v2\/ncap_cities_tax?post=17628"}],"curies":[{"name":"wp","href":"https:\/\/api.w.org\/{rel}","templated":true}]}}