{"id":17616,"date":"2023-11-02T09:49:48","date_gmt":"2023-11-02T08:49:48","guid":{"rendered":"https:\/\/9staedte.de\/brunszwik-miasto-lwa\/"},"modified":"2025-07-31T09:39:54","modified_gmt":"2025-07-31T07:39:54","slug":"brunszwik-miasto-lwa","status":"publish","type":"page","link":"https:\/\/9staedte.de\/pl\/brunszwik-miasto-lwa\/","title":{"rendered":"Brunszwik &#8211; City of Lions"},"content":{"rendered":"\n<h2 class=\"wp-block-heading\">T\u0119tni\u0105ce \u017cyciem miasto z histori\u0105<\/h2>\n\n\n\n<p>R\u00f3\u017cnorodne mo\u017cliwo\u015bci du\u017cego miasta z bogat\u0105 histori\u0105 &#8211; w Braunschweig mo\u017cna do\u015bwiadczy\u0107 wiele w niewielkiej odleg\u0142o\u015bci: Najwy\u017cszej klasy do\u015bwiadczenia kulturalne, najwa\u017cniejsze wydarzenia o ka\u017cdej porze roku i r\u00f3\u017cnorodne mo\u017cliwo\u015bci sp\u0119dzania wolnego czasu wype\u0142niaj\u0105 historyczny krajobraz miasta stylem \u017cycia t\u0119tni\u0105cej \u017cyciem metropolii. Na placu Burgplatz wci\u0105\u017c mo\u017cna poczu\u0107 \u015bredniowieczny klimat, w Muzeum Herzoga Antona Ulricha czeka ponad 4000 dzie\u0142 z 3000 lat historii sztuki, a wszechstronne centrum miasta zaprasza na zakupy. Zielone oazy wzd\u0142u\u017c \u015br\u00f3dmiejskiej rzeki Oker oferuj\u0105 relaks.<\/p>\n\n\n\n<p><\/p>\n\n\n\n<p><a href=\"http:\/\/www.braunschweig.de\/tourismus\">www.braunschweig.de\/tourismus<\/a><\/p>\n\n\n\n<p><\/p>\n\n\n\n\n<div class=\"banner-wrapper\">\n  <div class=\"banner-inner \">\n      <div class=\"img-container\">\n      <div class=\"img-wrapper\">\n        <img decoding=\"async\" src=\"https:\/\/9staedte.de\/wp-content\/smush-webp\/2023\/07\/2-Braunschweig-Ressidenschloss-c-Braunschweig-Stadtmarketing-Christian-Bierwagen-1-scaled.jpg.webp\" alt=\"Na zdj\u0119ciu wida\u0107 pa\u0142ac rezydencyjny w Brunszwiku wieczorem. Budynek jest du\u017cy i jasno o\u015bwietlony. Przed nim stoi pomnik je\u017ad\u017aca. Na niebie wida\u0107 niebieskie chmury. Po ulicy jad\u0105 samochody, \u015bwiat\u0142a zostawiaj\u0105 smugi. Atmosfera jest spokojna i uroczysta.\" \/>\n                  <div class=\"thumbnail-label\">\n            <span>Braunschweig Residenzschloss c) Braunschweig Stadtmarketing Christian Bierwagen<\/span>\n          <\/div>\n              <\/div>\n    <\/div>\n        <div class=\"text-container\">\n      <div class=\"content\">\n        <p><strong>Specjalne wskaz\u00f3wki:<\/strong><\/p>\n<ul>\n<li>Odwied\u017a teatr pa\u0144stwowy lub jeden z wielu ma\u0142ych teatr\u00f3w<\/li>\n<li>Ciesz si\u0119 przyrod\u0105 wok\u00f3\u0142 Oker na spacerze<\/li>\n<li>Wycieczka tratw\u0105 lub kajakiem z przewodnikiem w cieplejszych miesi\u0105cach<\/li>\n<li>Odkryj miasto podczas wycieczki z przewodnikiem<\/li>\n<li>Poznaj histori\u0119 i kultur\u0119 z bliska w renomowanych muzeach<\/li>\n<li>Spacer po tradycyjnym jarmarku bo\u017conarodzeniowym w historycznym otoczeniu w okresie adwentu<\/li>\n<\/ul>\n      <\/div>\n    <\/div>\n    <\/div>\n<\/div>\n\n\n\n\n<div style=\"height:30px\" aria-hidden=\"true\" class=\"wp-block-spacer\"><\/div>\n\n\n\n<div class=\"wp-block-columns is-layout-flex wp-container-core-columns-is-layout-9d6595d7 wp-block-columns-is-layout-flex\">\n<div class=\"wp-block-column is-layout-flow wp-block-column-is-layout-flow\" style=\"flex-basis:66.66%\">\n <div class=\"brlbs-cmpnt-container brlbs-cmpnt-content-blocker brlbs-cmpnt-with-individual-styles\" data-borlabs-cookie-content-blocker-id=\"google-maps\" data-borlabs-cookie-content=\"PGlmcmFtZSBzcmM9Imh0dHBzOi8vd3d3Lmdvb2dsZS5jb20vbWFwcy9kL2VtYmVkP21pZD0xVUhGU181Zkw2aUhISy1qbXdmMHhVTkNtQU9XY1lsQSZhbXA7ZWhiYz0yRTMxMkYiIHdpZHRoPSIxMDAlIiBoZWlnaHQ9IjQ1MCI+PC9pZnJhbWU+\"><div class=\"brlbs-cmpnt-cb-preset-b brlbs-cmpnt-cb-google-maps\"> <div class=\"brlbs-cmpnt-cb-thumbnail\" style=\"background-image: url('https:\/\/9staedte.de\/wp-content\/uploads\/borlabs-cookie\/1\/brlbs-cb-google-maps-main.png')\"><\/div> <div class=\"brlbs-cmpnt-cb-main\"> <div class=\"brlbs-cmpnt-cb-content\"> <p class=\"brlbs-cmpnt-cb-description\">Aktualnie wy\u015bwietlana jest tre\u015b\u0107 zast\u0119pcza z <strong>Google Maps<\/strong>. Aby uzyska\u0107 dost\u0119p do rzeczywistej tre\u015bci, kliknij poni\u017cszy przycisk. Pami\u0119taj, \u017ce spowoduje to udost\u0119pnienie danych zewn\u0119trznym operatorom.<\/p> <a class=\"brlbs-cmpnt-cb-provider-toggle\" href=\"#\" data-borlabs-cookie-show-provider-information role=\"button\">Wi\u0119cej informacji<\/a> <\/div> <div class=\"brlbs-cmpnt-cb-buttons\"> <a class=\"brlbs-cmpnt-cb-btn\" href=\"#\" data-borlabs-cookie-unblock role=\"button\">Odblokuj tre\u015b\u0107<\/a> <a class=\"brlbs-cmpnt-cb-btn\" href=\"#\" data-borlabs-cookie-accept-service role=\"button\" style=\"display: inherit\">Zaakceptuj wymagan\u0105 us\u0142ug\u0119 i odblokuj tre\u015b\u0107<\/a> <\/div> <\/div> <\/div><\/div>\n<\/div>\n\n\n\n<div class=\"wp-block-column is-layout-flow wp-block-column-is-layout-flow\">\n<p><strong>Interesuj\u0105ce miejsca:<\/strong><\/p>\n\n\n\n<ul class=\"map-legend main-legend wp-block-list\">\n<li>Plac Zamkowy z Lwem Zamkowym, zamkiem Dankwarderode i katedr\u0105 \u015bw.  <\/li>\n\n\n\n<li class=\"legend\">Pa\u0142ac Rezydencyjny, Kwadryga i Muzeum Pa\u0142acowe  <\/li>\n\n\n\n<li>Muzeum ksi\u0119cia Antona Ulricha <\/li>\n\n\n\n<li>Magniviertel z Muzeum Miejskim &#8211; Haus am L\u00f6wenwall  <\/li>\n\n\n\n<li>Wszechstronne centrum miasta z zach\u0119caj\u0105cymi placami  <\/li>\n\n\n\n<li>Rynek Starego Miasta z Muzeum Miejskim &#8211; Ratusz Staromiejski  <\/li>\n\n\n\n<li>Oker i ogr\u00f3d botaniczny  <\/li>\n\n\n\n<li>Zamek Richmond z angielskim ogrodem krajobrazowym  <\/li>\n\n\n\n<li>Spacer przyrodniczy wok\u00f3\u0142 klasztoru cysters\u00f3w w Riddagshausen<\/li>\n<\/ul>\n<\/div>\n<\/div>\n\n\n\n<div style=\"height:60px\" aria-hidden=\"true\" class=\"wp-block-spacer\"><\/div>\n\n\n\n<div class=\"content-grid\">\n\n\n  \n  <div class=\"grid\">\n                        \n                    \n          <div class=\"featured-themen-single\">\n            <div class=\"featured-themen-single-inner\" style=\"background-image: url('https:\/\/9staedte.de\/wp-content\/smush-webp\/2023\/01\/Burgplatz-bei-Nacht-c-Braunschweig-Stadtmarketing-Steffen-und-Bach.jpg.webp')\">\n              \n              <a href=\"https:\/\/9staedte.de\/pl\/brunszwik-miasto-lwa\/zakwaterowanie-w-brunszwiku\/\">\n                <span>Zakwaterowanie w Brunszwiku<\/span>\n              <\/a>\n            <\/div>\n          <\/div>\n    \n          \n                  \n                    \n          <div class=\"featured-themen-single\">\n            <div class=\"featured-themen-single-inner\" style=\"background-image: url('https:\/\/9staedte.de\/wp-content\/smush-webp\/2024\/04\/Braunschweig-Stadtspaziergang-\u00a9-Braunschweig-Stadtmarketing-GmbH-Moritz-Kuestner.jpg.webp')\">\n              \n              <a href=\"https:\/\/9staedte.de\/pl\/brunszwik-miasto-lwa\/wycieczki-po-miescie-z-przewodnikiem-w-brunszwiku\/\">\n                <span>Wycieczki po mie\u015bcie z przewodnikiem w Brunszwiku<\/span>\n              <\/a>\n            <\/div>\n          <\/div>\n    \n          \n                  \n                    \n          <div class=\"featured-themen-single\">\n            <div class=\"featured-themen-single-inner\" style=\"background-image: url('https:\/\/9staedte.de\/wp-content\/smush-webp\/2023\/10\/Braunschweig-Weihnachtsmarkt-c-Braunschweig-Stadtmarketing-Philipp-Ziebart.jpg.webp')\">\n              \n              <a href=\"https:\/\/9staedte.de\/pl\/brunszwik-miasto-lwa\/jarmark-bozonarodzeniowy-w-brunszwiku\/\">\n                <span>Jarmark bo\u017conarodzeniowy w Brunszwiku<\/span>\n              <\/a>\n            <\/div>\n          <\/div>\n    \n          \n                  \n                    \n          <div class=\"featured-themen-single\">\n            <div class=\"featured-themen-single-inner\" style=\"background-image: url('https:\/\/9staedte.de\/wp-content\/smush-webp\/2022\/03\/Braunschweig_Landesmuseum-c-Braunschweig-Stadtmarketing-GmbH-Gerald-Grote.jpg.webp')\">\n              \n              <a href=\"https:\/\/9staedte.de\/pl\/brunszwik-miasto-lwa\/muzea-i-wystawy-w-brunszwiku\/\">\n                <span>Muzea i wystawy w Brunszwiku<\/span>\n              <\/a>\n            <\/div>\n          <\/div>\n    \n          \n                  \n                    \n          <div class=\"featured-themen-single\">\n            <div class=\"featured-themen-single-inner\" style=\"background-image: url('https:\/\/9staedte.de\/wp-content\/smush-webp\/2022\/02\/Braunschweig-Burgplatz-c-Braunschweig-Stadtmarketing-_Steffen-und-Bach.jpg.webp')\">\n              \n              <a href=\"https:\/\/9staedte.de\/pl\/brunszwik-miasto-lwa\/wrazenia-z-braunschweig\/\">\n                <span>Wra\u017cenia z Braunschweig<\/span>\n              <\/a>\n            <\/div>\n          <\/div>\n    \n          \n                          \n        <\/div>\n<\/div>","protected":false},"excerpt":{"rendered":"<p>T\u0119tni\u0105ce \u017cyciem miasto z histori\u0105 R\u00f3\u017cnorodne mo\u017cliwo\u015bci du\u017cego miasta z bogat\u0105 histori\u0105 &#8211; w Braunschweig mo\u017cna do\u015bwiadczy\u0107 wiele w niewielkiej odleg\u0142o\u015bci: Najwy\u017cszej klasy do\u015bwiadczenia kulturalne, najwa\u017cniejsze wydarzenia o ka\u017cdej porze roku i r\u00f3\u017cnorodne mo\u017cliwo\u015bci sp\u0119dzania wolnego czasu wype\u0142niaj\u0105 historyczny krajobraz miasta stylem \u017cycia t\u0119tni\u0105cej \u017cyciem metropolii. Na placu Burgplatz wci\u0105\u017c mo\u017cna poczu\u0107 \u015bredniowieczny klimat, w [&hellip;]<\/p>\n","protected":false},"author":1,"featured_media":15297,"parent":0,"menu_order":0,"comment_status":"closed","ping_status":"closed","template":"pagetemplates\/template-stadtseite.php","meta":{"_acf_changed":false,"footnotes":""},"categories":[],"tags":[],"ncap_cities_tax":[424],"class_list":["post-17616","page","type-page","status-publish","has-post-thumbnail","hentry","ncap_cities_tax-braunschweig-pl"],"acf":[],"yoast_head":"<!-- This site is optimized with the Yoast SEO plugin v26.8 - https:\/\/yoast.com\/product\/yoast-seo-wordpress\/ -->\n<title>Brunszwik - City of Lions - 9 St\u00e4dte in Niedersachsen<\/title>\n<meta name=\"description\" content=\"Brunszwik - t\u0119tni\u0105ce \u017cyciem miasto z histori\u0105, najwy\u017cszej klasy do\u015bwiadczeniami kulturalnymi i atrakcjami o ka\u017cdej porze roku.\" \/>\n<meta name=\"robots\" content=\"index, follow, max-snippet:-1, max-image-preview:large, max-video-preview:-1\" \/>\n<link rel=\"canonical\" href=\"https:\/\/9staedte.de\/pl\/brunszwik-miasto-lwa\/\" \/>\n<meta property=\"og:locale\" content=\"pl_PL\" \/>\n<meta property=\"og:type\" content=\"article\" \/>\n<meta property=\"og:title\" content=\"Brunszwik - City of Lions - 9 St\u00e4dte in Niedersachsen\" \/>\n<meta property=\"og:description\" content=\"Brunszwik - t\u0119tni\u0105ce \u017cyciem miasto z histori\u0105, najwy\u017cszej klasy do\u015bwiadczeniami kulturalnymi i atrakcjami o ka\u017cdej porze roku.\" \/>\n<meta property=\"og:url\" content=\"https:\/\/9staedte.de\/pl\/brunszwik-miasto-lwa\/\" \/>\n<meta property=\"og:site_name\" content=\"9 St\u00e4dte in Niedersachsen\" \/>\n<meta property=\"article:modified_time\" content=\"2025-07-31T07:39:54+00:00\" \/>\n<meta property=\"og:image\" content=\"https:\/\/9staedte.de\/wp-content\/uploads\/2023\/07\/3-Braunschweig-Altstadtmarkt-c-BSM-Christian-Bierwagen-1.jpg\" \/>\n\t<meta property=\"og:image:width\" content=\"2500\" \/>\n\t<meta property=\"og:image:height\" content=\"1666\" \/>\n\t<meta property=\"og:image:type\" content=\"image\/jpeg\" \/>\n<meta name=\"twitter:card\" content=\"summary_large_image\" \/>\n<meta name=\"twitter:label1\" content=\"Szacowany czas czytania\" \/>\n\t<meta name=\"twitter:data1\" content=\"1 minuta\" \/>\n<script type=\"application\/ld+json\" class=\"yoast-schema-graph\">{\"@context\":\"https:\/\/schema.org\",\"@graph\":[{\"@type\":\"WebPage\",\"@id\":\"https:\/\/9staedte.de\/pl\/brunszwik-miasto-lwa\/\",\"url\":\"https:\/\/9staedte.de\/pl\/brunszwik-miasto-lwa\/\",\"name\":\"Brunszwik - City of Lions - 9 St\u00e4dte in Niedersachsen\",\"isPartOf\":{\"@id\":\"https:\/\/9staedte.de\/pl\/#website\"},\"primaryImageOfPage\":{\"@id\":\"https:\/\/9staedte.de\/pl\/brunszwik-miasto-lwa\/#primaryimage\"},\"image\":{\"@id\":\"https:\/\/9staedte.de\/pl\/brunszwik-miasto-lwa\/#primaryimage\"},\"thumbnailUrl\":\"https:\/\/9staedte.de\/wp-content\/uploads\/2023\/01\/Braunschweig-Oldtown-Market-c-Braunschweig-Stadtmarketing-Christian-Bierwagen-1.jpg\",\"datePublished\":\"2023-11-02T08:49:48+00:00\",\"dateModified\":\"2025-07-31T07:39:54+00:00\",\"description\":\"Brunszwik - t\u0119tni\u0105ce \u017cyciem miasto z histori\u0105, najwy\u017cszej klasy do\u015bwiadczeniami kulturalnymi i atrakcjami o ka\u017cdej porze roku.\",\"breadcrumb\":{\"@id\":\"https:\/\/9staedte.de\/pl\/brunszwik-miasto-lwa\/#breadcrumb\"},\"inLanguage\":\"pl-PL\",\"potentialAction\":[{\"@type\":\"ReadAction\",\"target\":[\"https:\/\/9staedte.de\/pl\/brunszwik-miasto-lwa\/\"]}]},{\"@type\":\"ImageObject\",\"inLanguage\":\"pl-PL\",\"@id\":\"https:\/\/9staedte.de\/pl\/brunszwik-miasto-lwa\/#primaryimage\",\"url\":\"https:\/\/9staedte.de\/wp-content\/uploads\/2023\/01\/Braunschweig-Oldtown-Market-c-Braunschweig-Stadtmarketing-Christian-Bierwagen-1.jpg\",\"contentUrl\":\"https:\/\/9staedte.de\/wp-content\/uploads\/2023\/01\/Braunschweig-Oldtown-Market-c-Braunschweig-Stadtmarketing-Christian-Bierwagen-1.jpg\",\"width\":1020,\"height\":560,\"caption\":\"Braunschweig Oldtown Market c) Braunschweig Stadtmarketing Christian Bierwagen\"},{\"@type\":\"BreadcrumbList\",\"@id\":\"https:\/\/9staedte.de\/pl\/brunszwik-miasto-lwa\/#breadcrumb\",\"itemListElement\":[{\"@type\":\"ListItem\",\"position\":1,\"name\":\"Startseite\",\"item\":\"https:\/\/9staedte.de\/pl\/\"},{\"@type\":\"ListItem\",\"position\":2,\"name\":\"Brunszwik &#8211; City of Lions\"}]},{\"@type\":\"WebSite\",\"@id\":\"https:\/\/9staedte.de\/pl\/#website\",\"url\":\"https:\/\/9staedte.de\/pl\/\",\"name\":\"9 St\u00e4dte in Niedersachsen\",\"description\":\"\",\"publisher\":{\"@id\":\"https:\/\/9staedte.de\/pl\/#organization\"},\"potentialAction\":[{\"@type\":\"SearchAction\",\"target\":{\"@type\":\"EntryPoint\",\"urlTemplate\":\"https:\/\/9staedte.de\/pl\/?s={search_term_string}\"},\"query-input\":{\"@type\":\"PropertyValueSpecification\",\"valueRequired\":true,\"valueName\":\"search_term_string\"}}],\"inLanguage\":\"pl-PL\"},{\"@type\":\"Organization\",\"@id\":\"https:\/\/9staedte.de\/pl\/#organization\",\"name\":\"9 St\u00e4dte in Niedersachsen\",\"url\":\"https:\/\/9staedte.de\/pl\/\",\"logo\":{\"@type\":\"ImageObject\",\"inLanguage\":\"pl-PL\",\"@id\":\"https:\/\/9staedte.de\/pl\/#\/schema\/logo\/image\/\",\"url\":\"https:\/\/9staedte.de\/wp-content\/uploads\/2025\/01\/9-neg-deutsch-2-1.png\",\"contentUrl\":\"https:\/\/9staedte.de\/wp-content\/uploads\/2025\/01\/9-neg-deutsch-2-1.png\",\"width\":190,\"height\":114,\"caption\":\"9 St\u00e4dte in Niedersachsen\"},\"image\":{\"@id\":\"https:\/\/9staedte.de\/pl\/#\/schema\/logo\/image\/\"}}]}<\/script>\n<!-- \/ Yoast SEO plugin. -->","yoast_head_json":{"title":"Brunszwik - City of Lions - 9 St\u00e4dte in Niedersachsen","description":"Brunszwik - t\u0119tni\u0105ce \u017cyciem miasto z histori\u0105, najwy\u017cszej klasy do\u015bwiadczeniami kulturalnymi i atrakcjami o ka\u017cdej porze roku.","robots":{"index":"index","follow":"follow","max-snippet":"max-snippet:-1","max-image-preview":"max-image-preview:large","max-video-preview":"max-video-preview:-1"},"canonical":"https:\/\/9staedte.de\/pl\/brunszwik-miasto-lwa\/","og_locale":"pl_PL","og_type":"article","og_title":"Brunszwik - City of Lions - 9 St\u00e4dte in Niedersachsen","og_description":"Brunszwik - t\u0119tni\u0105ce \u017cyciem miasto z histori\u0105, najwy\u017cszej klasy do\u015bwiadczeniami kulturalnymi i atrakcjami o ka\u017cdej porze roku.","og_url":"https:\/\/9staedte.de\/pl\/brunszwik-miasto-lwa\/","og_site_name":"9 St\u00e4dte in Niedersachsen","article_modified_time":"2025-07-31T07:39:54+00:00","og_image":[{"width":2500,"height":1666,"url":"https:\/\/9staedte.de\/wp-content\/uploads\/2023\/07\/3-Braunschweig-Altstadtmarkt-c-BSM-Christian-Bierwagen-1.jpg","type":"image\/jpeg"}],"twitter_card":"summary_large_image","twitter_misc":{"Szacowany czas czytania":"1 minuta"},"schema":{"@context":"https:\/\/schema.org","@graph":[{"@type":"WebPage","@id":"https:\/\/9staedte.de\/pl\/brunszwik-miasto-lwa\/","url":"https:\/\/9staedte.de\/pl\/brunszwik-miasto-lwa\/","name":"Brunszwik - City of Lions - 9 St\u00e4dte in Niedersachsen","isPartOf":{"@id":"https:\/\/9staedte.de\/pl\/#website"},"primaryImageOfPage":{"@id":"https:\/\/9staedte.de\/pl\/brunszwik-miasto-lwa\/#primaryimage"},"image":{"@id":"https:\/\/9staedte.de\/pl\/brunszwik-miasto-lwa\/#primaryimage"},"thumbnailUrl":"https:\/\/9staedte.de\/wp-content\/uploads\/2023\/01\/Braunschweig-Oldtown-Market-c-Braunschweig-Stadtmarketing-Christian-Bierwagen-1.jpg","datePublished":"2023-11-02T08:49:48+00:00","dateModified":"2025-07-31T07:39:54+00:00","description":"Brunszwik - t\u0119tni\u0105ce \u017cyciem miasto z histori\u0105, najwy\u017cszej klasy do\u015bwiadczeniami kulturalnymi i atrakcjami o ka\u017cdej porze roku.","breadcrumb":{"@id":"https:\/\/9staedte.de\/pl\/brunszwik-miasto-lwa\/#breadcrumb"},"inLanguage":"pl-PL","potentialAction":[{"@type":"ReadAction","target":["https:\/\/9staedte.de\/pl\/brunszwik-miasto-lwa\/"]}]},{"@type":"ImageObject","inLanguage":"pl-PL","@id":"https:\/\/9staedte.de\/pl\/brunszwik-miasto-lwa\/#primaryimage","url":"https:\/\/9staedte.de\/wp-content\/uploads\/2023\/01\/Braunschweig-Oldtown-Market-c-Braunschweig-Stadtmarketing-Christian-Bierwagen-1.jpg","contentUrl":"https:\/\/9staedte.de\/wp-content\/uploads\/2023\/01\/Braunschweig-Oldtown-Market-c-Braunschweig-Stadtmarketing-Christian-Bierwagen-1.jpg","width":1020,"height":560,"caption":"Braunschweig Oldtown Market c) Braunschweig Stadtmarketing Christian Bierwagen"},{"@type":"BreadcrumbList","@id":"https:\/\/9staedte.de\/pl\/brunszwik-miasto-lwa\/#breadcrumb","itemListElement":[{"@type":"ListItem","position":1,"name":"Startseite","item":"https:\/\/9staedte.de\/pl\/"},{"@type":"ListItem","position":2,"name":"Brunszwik &#8211; City of Lions"}]},{"@type":"WebSite","@id":"https:\/\/9staedte.de\/pl\/#website","url":"https:\/\/9staedte.de\/pl\/","name":"9 St\u00e4dte in Niedersachsen","description":"","publisher":{"@id":"https:\/\/9staedte.de\/pl\/#organization"},"potentialAction":[{"@type":"SearchAction","target":{"@type":"EntryPoint","urlTemplate":"https:\/\/9staedte.de\/pl\/?s={search_term_string}"},"query-input":{"@type":"PropertyValueSpecification","valueRequired":true,"valueName":"search_term_string"}}],"inLanguage":"pl-PL"},{"@type":"Organization","@id":"https:\/\/9staedte.de\/pl\/#organization","name":"9 St\u00e4dte in Niedersachsen","url":"https:\/\/9staedte.de\/pl\/","logo":{"@type":"ImageObject","inLanguage":"pl-PL","@id":"https:\/\/9staedte.de\/pl\/#\/schema\/logo\/image\/","url":"https:\/\/9staedte.de\/wp-content\/uploads\/2025\/01\/9-neg-deutsch-2-1.png","contentUrl":"https:\/\/9staedte.de\/wp-content\/uploads\/2025\/01\/9-neg-deutsch-2-1.png","width":190,"height":114,"caption":"9 St\u00e4dte in Niedersachsen"},"image":{"@id":"https:\/\/9staedte.de\/pl\/#\/schema\/logo\/image\/"}}]}},"_links":{"self":[{"href":"https:\/\/9staedte.de\/pl\/wp-json\/wp\/v2\/pages\/17616","targetHints":{"allow":["GET"]}}],"collection":[{"href":"https:\/\/9staedte.de\/pl\/wp-json\/wp\/v2\/pages"}],"about":[{"href":"https:\/\/9staedte.de\/pl\/wp-json\/wp\/v2\/types\/page"}],"author":[{"embeddable":true,"href":"https:\/\/9staedte.de\/pl\/wp-json\/wp\/v2\/users\/1"}],"replies":[{"embeddable":true,"href":"https:\/\/9staedte.de\/pl\/wp-json\/wp\/v2\/comments?post=17616"}],"version-history":[{"count":6,"href":"https:\/\/9staedte.de\/pl\/wp-json\/wp\/v2\/pages\/17616\/revisions"}],"predecessor-version":[{"id":26763,"href":"https:\/\/9staedte.de\/pl\/wp-json\/wp\/v2\/pages\/17616\/revisions\/26763"}],"wp:featuredmedia":[{"embeddable":true,"href":"https:\/\/9staedte.de\/pl\/wp-json\/wp\/v2\/media\/15297"}],"wp:attachment":[{"href":"https:\/\/9staedte.de\/pl\/wp-json\/wp\/v2\/media?parent=17616"}],"wp:term":[{"taxonomy":"category","embeddable":true,"href":"https:\/\/9staedte.de\/pl\/wp-json\/wp\/v2\/categories?post=17616"},{"taxonomy":"post_tag","embeddable":true,"href":"https:\/\/9staedte.de\/pl\/wp-json\/wp\/v2\/tags?post=17616"},{"taxonomy":"ncap_cities_tax","embeddable":true,"href":"https:\/\/9staedte.de\/pl\/wp-json\/wp\/v2\/ncap_cities_tax?post=17616"}],"curies":[{"name":"wp","href":"https:\/\/api.w.org\/{rel}","templated":true}]}}