{"id":17607,"date":"2023-11-02T09:49:47","date_gmt":"2023-11-02T08:49:47","guid":{"rendered":"https:\/\/9staedte.de\/jarmark-bozonarodzeniowy-w-brunszwiku\/"},"modified":"2026-03-23T12:28:20","modified_gmt":"2026-03-23T11:28:20","slug":"jarmark-bozonarodzeniowy-w-brunszwiku","status":"publish","type":"page","link":"https:\/\/9staedte.de\/pl\/brunszwik-miasto-lwa\/jarmark-bozonarodzeniowy-w-brunszwiku\/","title":{"rendered":"Jarmark bo\u017conarodzeniowy w Brunszwiku"},"content":{"rendered":"\n<h2 class=\"wp-block-heading\">Nastrojowy jarmark bo\u017conarodzeniowy w Brunszwiku<\/h2>\n\n<p><strong>Tradycyjny jarmark bo\u017conarodzeniowy z bezp\u0142atnym programem dla dzieci i programem kulturalnym, centrum miasta pe\u0142ne \u015bwi\u0105tecznych atrakcji i mn\u00f3stwo atmosfery: to magia Adwentu w Brunszwiku, Mie\u015bcie Lw\u00f3w.<\/strong><\/p>\n\n<p>Od ko\u0144ca listopada do ko\u0144ca grudnia jarmark bo\u017conarodzeniowy wype\u0142nia historyczny zesp\u00f3\u0142 wok\u00f3\u0142 katedry St. Blasii magi\u0105 \u015bwi\u0105t. Zapomnij o czasie, spaceruj\u0105c wzd\u0142u\u017c 140 pi\u0119knie udekorowanych stragan\u00f3w. Do odkrycia s\u0105 pomys\u0142owo wykonane prezenty oraz regionalne potrawy i napoje, takie jak Braunkohl i grzane wino Mumme. Pos\u0142uchaj \u015bwi\u0105tecznych koncert\u00f3w, podziwiaj z dzie\u0107mi przedstawienia teatralne lub sp\u00f3jrz na morze \u015bwiate\u0142 z wysoko\u015bci 61 metr\u00f3w. Spaceruj po \u015bwi\u0105tecznie udekorowanym centrum miasta, odkryj na nowo histori\u0119 Bo\u017cego Narodzenia w zimowym teatrze i zakr\u0119\u0107 si\u0119 na lodowisku.    <\/p>\n\n<p><a href=\"https:\/\/www.braunschweig.de\/weihnachtsmarkt\/index.php\" target=\"_blank\" rel=\"noreferrer noopener\">Wi\u0119cej informacji<\/a><\/p>\n\n\n<div class=\"banner-wrapper\">\n  <div class=\"banner-inner \">\n      <div class=\"img-container\">\n      <div class=\"img-wrapper\">\n        <img decoding=\"async\" src=\"https:\/\/9staedte.de\/wp-content\/smush-webp\/2023\/10\/Braunschweig-Weihnachtsmarkt-2-c-Braunschweig-Stadtmarketing-Philipp-Ziebart.jpg.webp\" alt=\"Zdj\u0119cie przedstawia jarmark bo\u017conarodzeniowy w Brunszwiku. Wielu ludzi spaceruje mi\u0119dzy straganami. Nad placem wisz\u0105 \u015bwi\u0105teczne \u015bwiate\u0142ka. W tle wida\u0107 ko\u015bci\u00f3\u0142. Atmosfera jest \u015bwi\u0105teczna i radosna.\" \/>\n                  <div class=\"thumbnail-label\">\n            <span>Braunschweig Weihnachtsmarkt 2 c) Braunschweig Stadtmarketing Philipp Ziebart<\/span>\n          <\/div>\n              <\/div>\n    <\/div>\n        <div class=\"text-container\">\n      <div class=\"content\">\n        <p><strong>9 wskaz\u00f3wek dotycz\u0105cych wizyty na jarmarku bo\u017conarodzeniowym w Brunszwiku<\/strong><\/p>\n<p>&#8211; koncerty adwentowe w katedrze \u015bw. Blasiego<br \/>\n&#8211; degustacja Braunschweig Mumme<br \/>\n&#8211; bezp\u0142atny program dla dzieci<br \/>\n&#8211; szopka bo\u017conarodzeniowa z rze\u017abami naturalnej wielko\u015bci<br \/>\n&#8211; zakupy w atrakcyjnym centrum miasta<br \/>\n&#8211; widok z wie\u017cy ratuszowej<br \/>\n&#8211; lodowisko na Kohlmarkt<br \/>\n&#8211; wizyta w Muzeum Herzoga Antona Ulricha<\/p>\n      <\/div>\n    <\/div>\n    <\/div>\n<\/div>\n\n\n<p class=\"h3\"><strong>Jarmark bo\u017conarodzeniowy w Brunszwiku<\/strong><\/p>\n\n <div class=\"brlbs-cmpnt-container brlbs-cmpnt-content-blocker brlbs-cmpnt-with-individual-styles\" data-borlabs-cookie-content-blocker-id=\"google-maps\" data-borlabs-cookie-content=\"PGlmcmFtZSBzcmM9Imh0dHBzOi8vd3d3Lmdvb2dsZS5jb20vbWFwcy9lbWJlZD9wYj0hMW0xOCExbTEyITFtMyExZDg4OC42MTM5MTc0NTEzMDc5ITJkMTAuNTI0Mjg1NTQwMDgyMDgxITNkNTIuMjY0NjU3NzgwMzUwNjc0ITJtMyExZjAhMmYwITNmMCEzbTIhMWkxMDI0ITJpNzY4ITRmMTMuMSEzbTMhMW0yITFzMHg0N2FmZjdlNmUxMjI0ODU5JTNBMHg0MjU4MTliMWRhOTgzOTVhITJzV2VpaG5hY2h0c21hcmt0JTIwQnJhdW5zY2h3ZWlnJTIwYW0lMjBEb21wbGF0eiE1ZTAhM20yITFzZGUhMnNkZSE0djE2OTIxODQ3Nzg0NzchNW0yITFzZGUhMnNkZSIgd2lkdGg9IjYwMCIgaGVpZ2h0PSI0NTAiIHN0eWxlPSJib3JkZXI6MDsiIGFsbG93ZnVsbHNjcmVlbj0iIiBsb2FkaW5nPSJsYXp5IiByZWZlcnJlcnBvbGljeT0ibm8tcmVmZXJyZXItd2hlbi1kb3duZ3JhZGUiPjwvaWZyYW1lPg==\"><div class=\"brlbs-cmpnt-cb-preset-b brlbs-cmpnt-cb-google-maps\"> <div class=\"brlbs-cmpnt-cb-thumbnail\" style=\"background-image: url('https:\/\/9staedte.de\/wp-content\/uploads\/borlabs-cookie\/1\/brlbs-cb-google-maps-main.png')\"><\/div> <div class=\"brlbs-cmpnt-cb-main\"> <div class=\"brlbs-cmpnt-cb-content\"> <p class=\"brlbs-cmpnt-cb-description\">Aktualnie wy\u015bwietlana jest tre\u015b\u0107 zast\u0119pcza z <strong>Google Maps<\/strong>. Aby uzyska\u0107 dost\u0119p do rzeczywistej tre\u015bci, kliknij poni\u017cszy przycisk. Pami\u0119taj, \u017ce spowoduje to udost\u0119pnienie danych zewn\u0119trznym operatorom.<\/p> <a class=\"brlbs-cmpnt-cb-provider-toggle\" href=\"#\" data-borlabs-cookie-show-provider-information role=\"button\">Wi\u0119cej informacji<\/a> <\/div> <div class=\"brlbs-cmpnt-cb-buttons\"> <a class=\"brlbs-cmpnt-cb-btn\" href=\"#\" data-borlabs-cookie-unblock role=\"button\">Odblokuj tre\u015b\u0107<\/a> <a class=\"brlbs-cmpnt-cb-btn\" href=\"#\" data-borlabs-cookie-accept-service role=\"button\" style=\"display: inherit\">Zaakceptuj wymagan\u0105 us\u0142ug\u0119 i odblokuj tre\u015b\u0107<\/a> <\/div> <\/div> <\/div><\/div>\n\n<div style=\"height:35px\" aria-hidden=\"true\" class=\"wp-block-spacer\"><\/div>\n","protected":false},"excerpt":{"rendered":"<p>Nastrojowy jarmark bo\u017conarodzeniowy w Brunszwiku Tradycyjny jarmark bo\u017conarodzeniowy z bezp\u0142atnym programem dla dzieci i programem kulturalnym, centrum miasta pe\u0142ne \u015bwi\u0105tecznych atrakcji i mn\u00f3stwo atmosfery: to magia Adwentu w Brunszwiku, Mie\u015bcie Lw\u00f3w. Od ko\u0144ca listopada do ko\u0144ca grudnia jarmark bo\u017conarodzeniowy wype\u0142nia historyczny zesp\u00f3\u0142 wok\u00f3\u0142 katedry St. Blasii magi\u0105 \u015bwi\u0105t. Zapomnij o czasie, spaceruj\u0105c wzd\u0142u\u017c 140 pi\u0119knie [&hellip;]<\/p>\n","protected":false},"author":1,"featured_media":17625,"parent":17616,"menu_order":0,"comment_status":"closed","ping_status":"closed","template":"pagetemplates\/template-stadtthema.php","meta":{"_acf_changed":false,"footnotes":""},"categories":[],"tags":[],"ncap_cities_tax":[424,493],"class_list":["post-17607","page","type-page","status-publish","has-post-thumbnail","hentry","ncap_cities_tax-braunschweig-pl","ncap_cities_tax-weihnachtsmarkte-braunschweig-pl"],"acf":[],"yoast_head":"<!-- This site is optimized with the Yoast SEO plugin v27.4 - https:\/\/yoast.com\/product\/yoast-seo-wordpress\/ -->\n<title>Jarmark bo\u017conarodzeniowy w Brunszwiku - 9 St\u00e4dte in Niedersachsen<\/title>\n<meta name=\"description\" content=\"Jarmark bo\u017conarodzeniowy w Brunszwiku: nastrojowy blask \u015bwiate\u0142 na historycznym placu Burgplatz wok\u00f3\u0142 katedry \u015bw.\" \/>\n<meta name=\"robots\" content=\"index, follow, max-snippet:-1, max-image-preview:large, max-video-preview:-1\" \/>\n<link rel=\"canonical\" href=\"https:\/\/9staedte.de\/pl\/brunszwik-miasto-lwa\/jarmark-bozonarodzeniowy-w-brunszwiku\/\" \/>\n<meta property=\"og:locale\" content=\"pl_PL\" \/>\n<meta property=\"og:type\" content=\"article\" \/>\n<meta property=\"og:title\" content=\"Jarmark bo\u017conarodzeniowy w Brunszwiku - 9 St\u00e4dte in Niedersachsen\" \/>\n<meta property=\"og:description\" content=\"Jarmark bo\u017conarodzeniowy w Brunszwiku: nastrojowy blask \u015bwiate\u0142 na historycznym placu Burgplatz wok\u00f3\u0142 katedry \u015bw.\" \/>\n<meta property=\"og:url\" content=\"https:\/\/9staedte.de\/pl\/brunszwik-miasto-lwa\/jarmark-bozonarodzeniowy-w-brunszwiku\/\" \/>\n<meta property=\"og:site_name\" content=\"9 St\u00e4dte in Niedersachsen\" \/>\n<meta property=\"article:modified_time\" content=\"2026-03-23T11:28:20+00:00\" \/>\n<meta property=\"og:image\" content=\"https:\/\/9staedte.de\/wp-content\/uploads\/2023\/10\/Braunschweig-Weihnachtsmarkt-c-Braunschweig-Stadtmarketing-Philipp-Ziebart.jpg\" \/>\n\t<meta property=\"og:image:width\" content=\"1020\" \/>\n\t<meta property=\"og:image:height\" content=\"560\" \/>\n\t<meta property=\"og:image:type\" content=\"image\/jpeg\" \/>\n<meta name=\"twitter:card\" content=\"summary_large_image\" \/>\n<meta name=\"twitter:label1\" content=\"Szacowany czas czytania\" \/>\n\t<meta name=\"twitter:data1\" content=\"1 minuta\" \/>\n<script type=\"application\/ld+json\" class=\"yoast-schema-graph\">{\"@context\":\"https:\\\/\\\/schema.org\",\"@graph\":[{\"@type\":\"WebPage\",\"@id\":\"https:\\\/\\\/9staedte.de\\\/pl\\\/brunszwik-miasto-lwa\\\/jarmark-bozonarodzeniowy-w-brunszwiku\\\/\",\"url\":\"https:\\\/\\\/9staedte.de\\\/pl\\\/brunszwik-miasto-lwa\\\/jarmark-bozonarodzeniowy-w-brunszwiku\\\/\",\"name\":\"Jarmark bo\u017conarodzeniowy w Brunszwiku - 9 St\u00e4dte in Niedersachsen\",\"isPartOf\":{\"@id\":\"https:\\\/\\\/9staedte.de\\\/pl\\\/#website\"},\"primaryImageOfPage\":{\"@id\":\"https:\\\/\\\/9staedte.de\\\/pl\\\/brunszwik-miasto-lwa\\\/jarmark-bozonarodzeniowy-w-brunszwiku\\\/#primaryimage\"},\"image\":{\"@id\":\"https:\\\/\\\/9staedte.de\\\/pl\\\/brunszwik-miasto-lwa\\\/jarmark-bozonarodzeniowy-w-brunszwiku\\\/#primaryimage\"},\"thumbnailUrl\":\"https:\\\/\\\/9staedte.de\\\/wp-content\\\/uploads\\\/2023\\\/10\\\/Braunschweig-Weihnachtsmarkt-c-Braunschweig-Stadtmarketing-Philipp-Ziebart.jpg\",\"datePublished\":\"2023-11-02T08:49:47+00:00\",\"dateModified\":\"2026-03-23T11:28:20+00:00\",\"description\":\"Jarmark bo\u017conarodzeniowy w Brunszwiku: nastrojowy blask \u015bwiate\u0142 na historycznym placu Burgplatz wok\u00f3\u0142 katedry \u015bw.\",\"breadcrumb\":{\"@id\":\"https:\\\/\\\/9staedte.de\\\/pl\\\/brunszwik-miasto-lwa\\\/jarmark-bozonarodzeniowy-w-brunszwiku\\\/#breadcrumb\"},\"inLanguage\":\"pl-PL\",\"potentialAction\":[{\"@type\":\"ReadAction\",\"target\":[\"https:\\\/\\\/9staedte.de\\\/pl\\\/brunszwik-miasto-lwa\\\/jarmark-bozonarodzeniowy-w-brunszwiku\\\/\"]}]},{\"@type\":\"ImageObject\",\"inLanguage\":\"pl-PL\",\"@id\":\"https:\\\/\\\/9staedte.de\\\/pl\\\/brunszwik-miasto-lwa\\\/jarmark-bozonarodzeniowy-w-brunszwiku\\\/#primaryimage\",\"url\":\"https:\\\/\\\/9staedte.de\\\/wp-content\\\/uploads\\\/2023\\\/10\\\/Braunschweig-Weihnachtsmarkt-c-Braunschweig-Stadtmarketing-Philipp-Ziebart.jpg\",\"contentUrl\":\"https:\\\/\\\/9staedte.de\\\/wp-content\\\/uploads\\\/2023\\\/10\\\/Braunschweig-Weihnachtsmarkt-c-Braunschweig-Stadtmarketing-Philipp-Ziebart.jpg\",\"width\":1020,\"height\":560,\"caption\":\"Braunschweig Weihnachtsmarkt c) Braunschweig Stadtmarketing Philipp Ziebart\"},{\"@type\":\"BreadcrumbList\",\"@id\":\"https:\\\/\\\/9staedte.de\\\/pl\\\/brunszwik-miasto-lwa\\\/jarmark-bozonarodzeniowy-w-brunszwiku\\\/#breadcrumb\",\"itemListElement\":[{\"@type\":\"ListItem\",\"position\":1,\"name\":\"Startseite\",\"item\":\"https:\\\/\\\/9staedte.de\\\/pl\\\/\"},{\"@type\":\"ListItem\",\"position\":2,\"name\":\"Brunszwik &#8211; City of Lions\",\"item\":\"https:\\\/\\\/9staedte.de\\\/pl\\\/brunszwik-miasto-lwa\\\/\"},{\"@type\":\"ListItem\",\"position\":3,\"name\":\"Jarmark bo\u017conarodzeniowy w Brunszwiku\"}]},{\"@type\":\"WebSite\",\"@id\":\"https:\\\/\\\/9staedte.de\\\/pl\\\/#website\",\"url\":\"https:\\\/\\\/9staedte.de\\\/pl\\\/\",\"name\":\"9 St\u00e4dte in Niedersachsen\",\"description\":\"\",\"publisher\":{\"@id\":\"https:\\\/\\\/9staedte.de\\\/pl\\\/#organization\"},\"potentialAction\":[{\"@type\":\"SearchAction\",\"target\":{\"@type\":\"EntryPoint\",\"urlTemplate\":\"https:\\\/\\\/9staedte.de\\\/pl\\\/?s={search_term_string}\"},\"query-input\":{\"@type\":\"PropertyValueSpecification\",\"valueRequired\":true,\"valueName\":\"search_term_string\"}}],\"inLanguage\":\"pl-PL\"},{\"@type\":\"Organization\",\"@id\":\"https:\\\/\\\/9staedte.de\\\/pl\\\/#organization\",\"name\":\"9 St\u00e4dte in Niedersachsen\",\"url\":\"https:\\\/\\\/9staedte.de\\\/pl\\\/\",\"logo\":{\"@type\":\"ImageObject\",\"inLanguage\":\"pl-PL\",\"@id\":\"https:\\\/\\\/9staedte.de\\\/pl\\\/#\\\/schema\\\/logo\\\/image\\\/\",\"url\":\"https:\\\/\\\/9staedte.de\\\/wp-content\\\/uploads\\\/2025\\\/01\\\/9-neg-deutsch-2-1.png\",\"contentUrl\":\"https:\\\/\\\/9staedte.de\\\/wp-content\\\/uploads\\\/2025\\\/01\\\/9-neg-deutsch-2-1.png\",\"width\":190,\"height\":114,\"caption\":\"9 St\u00e4dte in Niedersachsen\"},\"image\":{\"@id\":\"https:\\\/\\\/9staedte.de\\\/pl\\\/#\\\/schema\\\/logo\\\/image\\\/\"}}]}<\/script>\n<!-- \/ Yoast SEO plugin. -->","yoast_head_json":{"title":"Jarmark bo\u017conarodzeniowy w Brunszwiku - 9 St\u00e4dte in Niedersachsen","description":"Jarmark bo\u017conarodzeniowy w Brunszwiku: nastrojowy blask \u015bwiate\u0142 na historycznym placu Burgplatz wok\u00f3\u0142 katedry \u015bw.","robots":{"index":"index","follow":"follow","max-snippet":"max-snippet:-1","max-image-preview":"max-image-preview:large","max-video-preview":"max-video-preview:-1"},"canonical":"https:\/\/9staedte.de\/pl\/brunszwik-miasto-lwa\/jarmark-bozonarodzeniowy-w-brunszwiku\/","og_locale":"pl_PL","og_type":"article","og_title":"Jarmark bo\u017conarodzeniowy w Brunszwiku - 9 St\u00e4dte in Niedersachsen","og_description":"Jarmark bo\u017conarodzeniowy w Brunszwiku: nastrojowy blask \u015bwiate\u0142 na historycznym placu Burgplatz wok\u00f3\u0142 katedry \u015bw.","og_url":"https:\/\/9staedte.de\/pl\/brunszwik-miasto-lwa\/jarmark-bozonarodzeniowy-w-brunszwiku\/","og_site_name":"9 St\u00e4dte in Niedersachsen","article_modified_time":"2026-03-23T11:28:20+00:00","og_image":[{"width":1020,"height":560,"url":"https:\/\/9staedte.de\/wp-content\/uploads\/2023\/10\/Braunschweig-Weihnachtsmarkt-c-Braunschweig-Stadtmarketing-Philipp-Ziebart.jpg","type":"image\/jpeg"}],"twitter_card":"summary_large_image","twitter_misc":{"Szacowany czas czytania":"1 minuta"},"schema":{"@context":"https:\/\/schema.org","@graph":[{"@type":"WebPage","@id":"https:\/\/9staedte.de\/pl\/brunszwik-miasto-lwa\/jarmark-bozonarodzeniowy-w-brunszwiku\/","url":"https:\/\/9staedte.de\/pl\/brunszwik-miasto-lwa\/jarmark-bozonarodzeniowy-w-brunszwiku\/","name":"Jarmark bo\u017conarodzeniowy w Brunszwiku - 9 St\u00e4dte in Niedersachsen","isPartOf":{"@id":"https:\/\/9staedte.de\/pl\/#website"},"primaryImageOfPage":{"@id":"https:\/\/9staedte.de\/pl\/brunszwik-miasto-lwa\/jarmark-bozonarodzeniowy-w-brunszwiku\/#primaryimage"},"image":{"@id":"https:\/\/9staedte.de\/pl\/brunszwik-miasto-lwa\/jarmark-bozonarodzeniowy-w-brunszwiku\/#primaryimage"},"thumbnailUrl":"https:\/\/9staedte.de\/wp-content\/uploads\/2023\/10\/Braunschweig-Weihnachtsmarkt-c-Braunschweig-Stadtmarketing-Philipp-Ziebart.jpg","datePublished":"2023-11-02T08:49:47+00:00","dateModified":"2026-03-23T11:28:20+00:00","description":"Jarmark bo\u017conarodzeniowy w Brunszwiku: nastrojowy blask \u015bwiate\u0142 na historycznym placu Burgplatz wok\u00f3\u0142 katedry \u015bw.","breadcrumb":{"@id":"https:\/\/9staedte.de\/pl\/brunszwik-miasto-lwa\/jarmark-bozonarodzeniowy-w-brunszwiku\/#breadcrumb"},"inLanguage":"pl-PL","potentialAction":[{"@type":"ReadAction","target":["https:\/\/9staedte.de\/pl\/brunszwik-miasto-lwa\/jarmark-bozonarodzeniowy-w-brunszwiku\/"]}]},{"@type":"ImageObject","inLanguage":"pl-PL","@id":"https:\/\/9staedte.de\/pl\/brunszwik-miasto-lwa\/jarmark-bozonarodzeniowy-w-brunszwiku\/#primaryimage","url":"https:\/\/9staedte.de\/wp-content\/uploads\/2023\/10\/Braunschweig-Weihnachtsmarkt-c-Braunschweig-Stadtmarketing-Philipp-Ziebart.jpg","contentUrl":"https:\/\/9staedte.de\/wp-content\/uploads\/2023\/10\/Braunschweig-Weihnachtsmarkt-c-Braunschweig-Stadtmarketing-Philipp-Ziebart.jpg","width":1020,"height":560,"caption":"Braunschweig Weihnachtsmarkt c) Braunschweig Stadtmarketing Philipp Ziebart"},{"@type":"BreadcrumbList","@id":"https:\/\/9staedte.de\/pl\/brunszwik-miasto-lwa\/jarmark-bozonarodzeniowy-w-brunszwiku\/#breadcrumb","itemListElement":[{"@type":"ListItem","position":1,"name":"Startseite","item":"https:\/\/9staedte.de\/pl\/"},{"@type":"ListItem","position":2,"name":"Brunszwik &#8211; City of Lions","item":"https:\/\/9staedte.de\/pl\/brunszwik-miasto-lwa\/"},{"@type":"ListItem","position":3,"name":"Jarmark bo\u017conarodzeniowy w Brunszwiku"}]},{"@type":"WebSite","@id":"https:\/\/9staedte.de\/pl\/#website","url":"https:\/\/9staedte.de\/pl\/","name":"9 St\u00e4dte in Niedersachsen","description":"","publisher":{"@id":"https:\/\/9staedte.de\/pl\/#organization"},"potentialAction":[{"@type":"SearchAction","target":{"@type":"EntryPoint","urlTemplate":"https:\/\/9staedte.de\/pl\/?s={search_term_string}"},"query-input":{"@type":"PropertyValueSpecification","valueRequired":true,"valueName":"search_term_string"}}],"inLanguage":"pl-PL"},{"@type":"Organization","@id":"https:\/\/9staedte.de\/pl\/#organization","name":"9 St\u00e4dte in Niedersachsen","url":"https:\/\/9staedte.de\/pl\/","logo":{"@type":"ImageObject","inLanguage":"pl-PL","@id":"https:\/\/9staedte.de\/pl\/#\/schema\/logo\/image\/","url":"https:\/\/9staedte.de\/wp-content\/uploads\/2025\/01\/9-neg-deutsch-2-1.png","contentUrl":"https:\/\/9staedte.de\/wp-content\/uploads\/2025\/01\/9-neg-deutsch-2-1.png","width":190,"height":114,"caption":"9 St\u00e4dte in Niedersachsen"},"image":{"@id":"https:\/\/9staedte.de\/pl\/#\/schema\/logo\/image\/"}}]}},"_links":{"self":[{"href":"https:\/\/9staedte.de\/pl\/wp-json\/wp\/v2\/pages\/17607","targetHints":{"allow":["GET"]}}],"collection":[{"href":"https:\/\/9staedte.de\/pl\/wp-json\/wp\/v2\/pages"}],"about":[{"href":"https:\/\/9staedte.de\/pl\/wp-json\/wp\/v2\/types\/page"}],"author":[{"embeddable":true,"href":"https:\/\/9staedte.de\/pl\/wp-json\/wp\/v2\/users\/1"}],"replies":[{"embeddable":true,"href":"https:\/\/9staedte.de\/pl\/wp-json\/wp\/v2\/comments?post=17607"}],"version-history":[{"count":9,"href":"https:\/\/9staedte.de\/pl\/wp-json\/wp\/v2\/pages\/17607\/revisions"}],"predecessor-version":[{"id":27604,"href":"https:\/\/9staedte.de\/pl\/wp-json\/wp\/v2\/pages\/17607\/revisions\/27604"}],"up":[{"embeddable":true,"href":"https:\/\/9staedte.de\/pl\/wp-json\/wp\/v2\/pages\/17616"}],"wp:featuredmedia":[{"embeddable":true,"href":"https:\/\/9staedte.de\/pl\/wp-json\/wp\/v2\/media\/17625"}],"wp:attachment":[{"href":"https:\/\/9staedte.de\/pl\/wp-json\/wp\/v2\/media?parent=17607"}],"wp:term":[{"taxonomy":"category","embeddable":true,"href":"https:\/\/9staedte.de\/pl\/wp-json\/wp\/v2\/categories?post=17607"},{"taxonomy":"post_tag","embeddable":true,"href":"https:\/\/9staedte.de\/pl\/wp-json\/wp\/v2\/tags?post=17607"},{"taxonomy":"ncap_cities_tax","embeddable":true,"href":"https:\/\/9staedte.de\/pl\/wp-json\/wp\/v2\/ncap_cities_tax?post=17607"}],"curies":[{"name":"wp","href":"https:\/\/api.w.org\/{rel}","templated":true}]}}