{"id":17600,"date":"2023-11-02T09:49:47","date_gmt":"2023-11-02T08:49:47","guid":{"rendered":"https:\/\/9staedte.de\/ogrody-w-getyndze\/"},"modified":"2023-11-02T17:44:20","modified_gmt":"2023-11-02T16:44:20","slug":"ogrody-w-getyndze","status":"publish","type":"page","link":"https:\/\/9staedte.de\/pl\/getynga-miasto-ktore-tworzy-wiedze\/ogrody-w-getyndze\/","title":{"rendered":"Ogrody w Getyndze"},"content":{"rendered":"\n<h2 class=\"wp-block-heading\">Stary Ogr\u00f3d Botaniczny w Getyndze &#8211; sielanka w mie\u015bcie<\/h2>\n\n\n\n<p>W centrum miasta, po obu stronach mur\u00f3w obronnych, znajduje si\u0119 Stary Ogr\u00f3d Botaniczny Getyngi, za\u0142o\u017cony w 1736 roku, kt\u00f3ry ze swoimi historycznymi szklarniami, ogrodami botanicznymi i starymi drzewami zaprasza odwiedzaj\u0105cych na spacer z dala od zgie\u0142ku centrum miasta.<\/p>\n\n\n\n<p>Wej\u015bcia: Untere Karsp\u00fcle i Wilhelm-Weber-Stra\u00dfe<\/p>\n\n\n\n<div class=\"wp-block-columns is-layout-flex wp-container-core-columns-is-layout-9d6595d7 wp-block-columns-is-layout-flex\">\n<div class=\"wp-block-column is-layout-flow wp-block-column-is-layout-flow\" style=\"flex-basis:100%\">\n<div class=\"wp-block-group\"><div class=\"wp-block-group__inner-container is-layout-constrained wp-block-group-is-layout-constrained\">\n<div class=\"wp-block-columns is-layout-flex wp-container-core-columns-is-layout-9d6595d7 wp-block-columns-is-layout-flex\">\n<div class=\"wp-block-column is-layout-flow wp-block-column-is-layout-flow\" style=\"flex-basis:50%\">\n<p><strong>Godziny otwarcia:<\/strong><\/p>\n\n\n\n<p>Teren otwarty:<br>marzec-pa\u017adziernik codziennie w godz. 8.00-18.30<br>Listopad-luty codziennie w godz. 8.00-16.00<\/p>\n\n\n\n<p>Szklarnie:<br>codziennie 8.00-15.00<\/p>\n\n\n\n<p>Wycieczki z przewodnikiem po wcze\u015bniejszym um\u00f3wieniu.<\/p>\n\n\n\n<h4 class=\"wp-block-heading\">Kontakt:<\/h4>\n\n\n\n<p>Zlew dolny 1<br>37073 Getynga<br>Tel.: +49 (0) 551\/395755<br>Internet:&nbsp;<a href=\"http:\/\/www.altgart.uni-goettingen.de\/\" target=\"_blank\" rel=\"noreferrer noopener\">www.altgart.uni-goettingen.de<\/a><\/p>\n<\/div>\n\n\n\n<div class=\"wp-block-column is-vertically-aligned-center is-layout-flow wp-block-column-is-layout-flow\" style=\"flex-basis:50%\">\n <div class=\"brlbs-cmpnt-container brlbs-cmpnt-content-blocker brlbs-cmpnt-with-individual-styles\" data-borlabs-cookie-content-blocker-id=\"google-maps\" data-borlabs-cookie-content=\"PGlmcmFtZSBzcmM9Imh0dHBzOi8vd3d3Lmdvb2dsZS5jb20vbWFwcy9lbWJlZD9wYj0hMW0xOCExbTEyITFtMyExZDQ5NjMuNDU5MjcyOTgyNTQ3ITJkOS45MjgzNzIxMzExNTA0NjghM2Q1MS41MzY1MTg1MzcyMjAwNTQhMm0zITFmMCEyZjAhM2YwITNtMiExaTEwMjQhMmk3NjghNGYxMy4xITNtMyExbTIhMXMweDQ3YTRkNGMwM2QyYzk3OTclM0EweDNjYWQ3MTdmZTViZDQ3OTQhMnNBbHRlciUyMEJvdGFuaXNjaGVyJTIwR2FydGVuITVlMCEzbTIhMXNkZSEyc2RlITR2MTY5MjE4ODM5MDI5OCE1bTIhMXNkZSEyc2RlIiB3aWR0aD0iNDAwIiBoZWlnaHQ9IjMwMCIgc3R5bGU9ImJvcmRlcjowOyIgYWxsb3dmdWxsc2NyZWVuPSIiIGxvYWRpbmc9ImxhenkiIHJlZmVycmVycG9saWN5PSJuby1yZWZlcnJlci13aGVuLWRvd25ncmFkZSI+PC9pZnJhbWU+\"><div class=\"brlbs-cmpnt-cb-preset-b brlbs-cmpnt-cb-google-maps\"> <div class=\"brlbs-cmpnt-cb-thumbnail\" style=\"background-image: url('https:\/\/9staedte.de\/wp-content\/uploads\/borlabs-cookie\/1\/brlbs-cb-google-maps-main.png')\"><\/div> <div class=\"brlbs-cmpnt-cb-main\"> <div class=\"brlbs-cmpnt-cb-content\"> <p class=\"brlbs-cmpnt-cb-description\">Aktualnie wy\u015bwietlana jest tre\u015b\u0107 zast\u0119pcza z <strong>Google Maps<\/strong>. Aby uzyska\u0107 dost\u0119p do rzeczywistej tre\u015bci, kliknij poni\u017cszy przycisk. Pami\u0119taj, \u017ce spowoduje to udost\u0119pnienie danych zewn\u0119trznym operatorom.<\/p> <a class=\"brlbs-cmpnt-cb-provider-toggle\" href=\"#\" data-borlabs-cookie-show-provider-information role=\"button\">Wi\u0119cej informacji<\/a> <\/div> <div class=\"brlbs-cmpnt-cb-buttons\"> <a class=\"brlbs-cmpnt-cb-btn\" href=\"#\" data-borlabs-cookie-unblock role=\"button\">Odblokuj tre\u015b\u0107<\/a> <a class=\"brlbs-cmpnt-cb-btn\" href=\"#\" data-borlabs-cookie-accept-service role=\"button\" style=\"display: inherit\">Zaakceptuj wymagan\u0105 us\u0142ug\u0119 i odblokuj tre\u015b\u0107<\/a> <\/div> <\/div> <\/div><\/div>\n<\/div>\n<\/div>\n<\/div><\/div>\n<\/div>\n<\/div>\n","protected":false},"excerpt":{"rendered":"<p>Stary Ogr\u00f3d Botaniczny w Getyndze &#8211; sielanka w mie\u015bcie W centrum miasta, po obu stronach mur\u00f3w obronnych, znajduje si\u0119 Stary Ogr\u00f3d Botaniczny Getyngi, za\u0142o\u017cony w 1736 roku, kt\u00f3ry ze swoimi historycznymi szklarniami, ogrodami botanicznymi i starymi drzewami zaprasza odwiedzaj\u0105cych na spacer z dala od zgie\u0142ku centrum miasta. Wej\u015bcia: Untere Karsp\u00fcle i Wilhelm-Weber-Stra\u00dfe Godziny otwarcia: Teren [&hellip;]<\/p>\n","protected":false},"author":1,"featured_media":17608,"parent":18011,"menu_order":0,"comment_status":"closed","ping_status":"closed","template":"pagetemplates\/template-stadtthema.php","meta":{"_acf_changed":false,"footnotes":""},"categories":[],"tags":[],"ncap_cities_tax":[436,717],"class_list":["post-17600","page","type-page","status-publish","has-post-thumbnail","hentry","ncap_cities_tax-goettingen-pl","ncap_cities_tax-schlosser-und-garten-goettingen-pl"],"acf":[],"yoast_head":"<!-- This site is optimized with the Yoast SEO plugin v27.4 - https:\/\/yoast.com\/product\/yoast-seo-wordpress\/ -->\n<title>Ogrody w Getyndze - 9 St\u00e4dte in Niedersachsen<\/title>\n<meta name=\"robots\" content=\"index, follow, max-snippet:-1, max-image-preview:large, max-video-preview:-1\" \/>\n<link rel=\"canonical\" href=\"https:\/\/9staedte.de\/pl\/getynga-miasto-ktore-tworzy-wiedze\/ogrody-w-getyndze\/\" \/>\n<meta property=\"og:locale\" content=\"pl_PL\" \/>\n<meta property=\"og:type\" content=\"article\" \/>\n<meta property=\"og:title\" content=\"Ogrody w Getyndze - 9 St\u00e4dte in Niedersachsen\" \/>\n<meta property=\"og:description\" content=\"Stary Ogr\u00f3d Botaniczny w Getyndze &#8211; sielanka w mie\u015bcie W centrum miasta, po obu stronach mur\u00f3w obronnych, znajduje si\u0119 Stary Ogr\u00f3d Botaniczny Getyngi, za\u0142o\u017cony w 1736 roku, kt\u00f3ry ze swoimi historycznymi szklarniami, ogrodami botanicznymi i starymi drzewami zaprasza odwiedzaj\u0105cych na spacer z dala od zgie\u0142ku centrum miasta. Wej\u015bcia: Untere Karsp\u00fcle i Wilhelm-Weber-Stra\u00dfe Godziny otwarcia: Teren [&hellip;]\" \/>\n<meta property=\"og:url\" content=\"https:\/\/9staedte.de\/pl\/getynga-miasto-ktore-tworzy-wiedze\/ogrody-w-getyndze\/\" \/>\n<meta property=\"og:site_name\" content=\"9 St\u00e4dte in Niedersachsen\" \/>\n<meta property=\"article:modified_time\" content=\"2023-11-02T16:44:20+00:00\" \/>\n<meta property=\"og:image\" content=\"https:\/\/9staedte.de\/wp-content\/uploads\/2023\/02\/Goettingen_Alter_Bot._GartencChristoph_Mischke-1.jpg\" \/>\n\t<meta property=\"og:image:width\" content=\"1020\" \/>\n\t<meta property=\"og:image:height\" content=\"558\" \/>\n\t<meta property=\"og:image:type\" content=\"image\/jpeg\" \/>\n<meta name=\"twitter:card\" content=\"summary_large_image\" \/>\n<meta name=\"twitter:label1\" content=\"Szacowany czas czytania\" \/>\n\t<meta name=\"twitter:data1\" content=\"1 minuta\" \/>\n<script type=\"application\/ld+json\" class=\"yoast-schema-graph\">{\"@context\":\"https:\\\/\\\/schema.org\",\"@graph\":[{\"@type\":\"WebPage\",\"@id\":\"https:\\\/\\\/9staedte.de\\\/pl\\\/getynga-miasto-ktore-tworzy-wiedze\\\/ogrody-w-getyndze\\\/\",\"url\":\"https:\\\/\\\/9staedte.de\\\/pl\\\/getynga-miasto-ktore-tworzy-wiedze\\\/ogrody-w-getyndze\\\/\",\"name\":\"Ogrody w Getyndze - 9 St\u00e4dte in Niedersachsen\",\"isPartOf\":{\"@id\":\"https:\\\/\\\/9staedte.de\\\/pl\\\/#website\"},\"primaryImageOfPage\":{\"@id\":\"https:\\\/\\\/9staedte.de\\\/pl\\\/getynga-miasto-ktore-tworzy-wiedze\\\/ogrody-w-getyndze\\\/#primaryimage\"},\"image\":{\"@id\":\"https:\\\/\\\/9staedte.de\\\/pl\\\/getynga-miasto-ktore-tworzy-wiedze\\\/ogrody-w-getyndze\\\/#primaryimage\"},\"thumbnailUrl\":\"https:\\\/\\\/9staedte.de\\\/wp-content\\\/uploads\\\/2023\\\/02\\\/Goettingen_Alter_Bot._GartencChristoph_Mischke-1.jpg\",\"datePublished\":\"2023-11-02T08:49:47+00:00\",\"dateModified\":\"2023-11-02T16:44:20+00:00\",\"breadcrumb\":{\"@id\":\"https:\\\/\\\/9staedte.de\\\/pl\\\/getynga-miasto-ktore-tworzy-wiedze\\\/ogrody-w-getyndze\\\/#breadcrumb\"},\"inLanguage\":\"pl-PL\",\"potentialAction\":[{\"@type\":\"ReadAction\",\"target\":[\"https:\\\/\\\/9staedte.de\\\/pl\\\/getynga-miasto-ktore-tworzy-wiedze\\\/ogrody-w-getyndze\\\/\"]}]},{\"@type\":\"ImageObject\",\"inLanguage\":\"pl-PL\",\"@id\":\"https:\\\/\\\/9staedte.de\\\/pl\\\/getynga-miasto-ktore-tworzy-wiedze\\\/ogrody-w-getyndze\\\/#primaryimage\",\"url\":\"https:\\\/\\\/9staedte.de\\\/wp-content\\\/uploads\\\/2023\\\/02\\\/Goettingen_Alter_Bot._GartencChristoph_Mischke-1.jpg\",\"contentUrl\":\"https:\\\/\\\/9staedte.de\\\/wp-content\\\/uploads\\\/2023\\\/02\\\/Goettingen_Alter_Bot._GartencChristoph_Mischke-1.jpg\",\"width\":1020,\"height\":558,\"caption\":\"G\u00f6ttingen_Alter_Bot._Garten(c)Christoph_Mischke\"},{\"@type\":\"BreadcrumbList\",\"@id\":\"https:\\\/\\\/9staedte.de\\\/pl\\\/getynga-miasto-ktore-tworzy-wiedze\\\/ogrody-w-getyndze\\\/#breadcrumb\",\"itemListElement\":[{\"@type\":\"ListItem\",\"position\":1,\"name\":\"Startseite\",\"item\":\"https:\\\/\\\/9staedte.de\\\/pl\\\/\"},{\"@type\":\"ListItem\",\"position\":2,\"name\":\"Getynga &#8211; miasto, kt\u00f3re tworzy wiedz\u0119\",\"item\":\"https:\\\/\\\/9staedte.de\\\/pl\\\/getynga-miasto-ktore-tworzy-wiedze\\\/\"},{\"@type\":\"ListItem\",\"position\":3,\"name\":\"Ogrody w Getyndze\"}]},{\"@type\":\"WebSite\",\"@id\":\"https:\\\/\\\/9staedte.de\\\/pl\\\/#website\",\"url\":\"https:\\\/\\\/9staedte.de\\\/pl\\\/\",\"name\":\"9 St\u00e4dte in Niedersachsen\",\"description\":\"\",\"publisher\":{\"@id\":\"https:\\\/\\\/9staedte.de\\\/pl\\\/#organization\"},\"potentialAction\":[{\"@type\":\"SearchAction\",\"target\":{\"@type\":\"EntryPoint\",\"urlTemplate\":\"https:\\\/\\\/9staedte.de\\\/pl\\\/?s={search_term_string}\"},\"query-input\":{\"@type\":\"PropertyValueSpecification\",\"valueRequired\":true,\"valueName\":\"search_term_string\"}}],\"inLanguage\":\"pl-PL\"},{\"@type\":\"Organization\",\"@id\":\"https:\\\/\\\/9staedte.de\\\/pl\\\/#organization\",\"name\":\"9 St\u00e4dte in Niedersachsen\",\"url\":\"https:\\\/\\\/9staedte.de\\\/pl\\\/\",\"logo\":{\"@type\":\"ImageObject\",\"inLanguage\":\"pl-PL\",\"@id\":\"https:\\\/\\\/9staedte.de\\\/pl\\\/#\\\/schema\\\/logo\\\/image\\\/\",\"url\":\"https:\\\/\\\/9staedte.de\\\/wp-content\\\/uploads\\\/2025\\\/01\\\/9-neg-deutsch-2-1.png\",\"contentUrl\":\"https:\\\/\\\/9staedte.de\\\/wp-content\\\/uploads\\\/2025\\\/01\\\/9-neg-deutsch-2-1.png\",\"width\":190,\"height\":114,\"caption\":\"9 St\u00e4dte in Niedersachsen\"},\"image\":{\"@id\":\"https:\\\/\\\/9staedte.de\\\/pl\\\/#\\\/schema\\\/logo\\\/image\\\/\"}}]}<\/script>\n<!-- \/ Yoast SEO plugin. -->","yoast_head_json":{"title":"Ogrody w Getyndze - 9 St\u00e4dte in Niedersachsen","robots":{"index":"index","follow":"follow","max-snippet":"max-snippet:-1","max-image-preview":"max-image-preview:large","max-video-preview":"max-video-preview:-1"},"canonical":"https:\/\/9staedte.de\/pl\/getynga-miasto-ktore-tworzy-wiedze\/ogrody-w-getyndze\/","og_locale":"pl_PL","og_type":"article","og_title":"Ogrody w Getyndze - 9 St\u00e4dte in Niedersachsen","og_description":"Stary Ogr\u00f3d Botaniczny w Getyndze &#8211; sielanka w mie\u015bcie W centrum miasta, po obu stronach mur\u00f3w obronnych, znajduje si\u0119 Stary Ogr\u00f3d Botaniczny Getyngi, za\u0142o\u017cony w 1736 roku, kt\u00f3ry ze swoimi historycznymi szklarniami, ogrodami botanicznymi i starymi drzewami zaprasza odwiedzaj\u0105cych na spacer z dala od zgie\u0142ku centrum miasta. Wej\u015bcia: Untere Karsp\u00fcle i Wilhelm-Weber-Stra\u00dfe Godziny otwarcia: Teren [&hellip;]","og_url":"https:\/\/9staedte.de\/pl\/getynga-miasto-ktore-tworzy-wiedze\/ogrody-w-getyndze\/","og_site_name":"9 St\u00e4dte in Niedersachsen","article_modified_time":"2023-11-02T16:44:20+00:00","og_image":[{"width":1020,"height":558,"url":"https:\/\/9staedte.de\/wp-content\/uploads\/2023\/02\/Goettingen_Alter_Bot._GartencChristoph_Mischke-1.jpg","type":"image\/jpeg"}],"twitter_card":"summary_large_image","twitter_misc":{"Szacowany czas czytania":"1 minuta"},"schema":{"@context":"https:\/\/schema.org","@graph":[{"@type":"WebPage","@id":"https:\/\/9staedte.de\/pl\/getynga-miasto-ktore-tworzy-wiedze\/ogrody-w-getyndze\/","url":"https:\/\/9staedte.de\/pl\/getynga-miasto-ktore-tworzy-wiedze\/ogrody-w-getyndze\/","name":"Ogrody w Getyndze - 9 St\u00e4dte in Niedersachsen","isPartOf":{"@id":"https:\/\/9staedte.de\/pl\/#website"},"primaryImageOfPage":{"@id":"https:\/\/9staedte.de\/pl\/getynga-miasto-ktore-tworzy-wiedze\/ogrody-w-getyndze\/#primaryimage"},"image":{"@id":"https:\/\/9staedte.de\/pl\/getynga-miasto-ktore-tworzy-wiedze\/ogrody-w-getyndze\/#primaryimage"},"thumbnailUrl":"https:\/\/9staedte.de\/wp-content\/uploads\/2023\/02\/Goettingen_Alter_Bot._GartencChristoph_Mischke-1.jpg","datePublished":"2023-11-02T08:49:47+00:00","dateModified":"2023-11-02T16:44:20+00:00","breadcrumb":{"@id":"https:\/\/9staedte.de\/pl\/getynga-miasto-ktore-tworzy-wiedze\/ogrody-w-getyndze\/#breadcrumb"},"inLanguage":"pl-PL","potentialAction":[{"@type":"ReadAction","target":["https:\/\/9staedte.de\/pl\/getynga-miasto-ktore-tworzy-wiedze\/ogrody-w-getyndze\/"]}]},{"@type":"ImageObject","inLanguage":"pl-PL","@id":"https:\/\/9staedte.de\/pl\/getynga-miasto-ktore-tworzy-wiedze\/ogrody-w-getyndze\/#primaryimage","url":"https:\/\/9staedte.de\/wp-content\/uploads\/2023\/02\/Goettingen_Alter_Bot._GartencChristoph_Mischke-1.jpg","contentUrl":"https:\/\/9staedte.de\/wp-content\/uploads\/2023\/02\/Goettingen_Alter_Bot._GartencChristoph_Mischke-1.jpg","width":1020,"height":558,"caption":"G\u00f6ttingen_Alter_Bot._Garten(c)Christoph_Mischke"},{"@type":"BreadcrumbList","@id":"https:\/\/9staedte.de\/pl\/getynga-miasto-ktore-tworzy-wiedze\/ogrody-w-getyndze\/#breadcrumb","itemListElement":[{"@type":"ListItem","position":1,"name":"Startseite","item":"https:\/\/9staedte.de\/pl\/"},{"@type":"ListItem","position":2,"name":"Getynga &#8211; miasto, kt\u00f3re tworzy wiedz\u0119","item":"https:\/\/9staedte.de\/pl\/getynga-miasto-ktore-tworzy-wiedze\/"},{"@type":"ListItem","position":3,"name":"Ogrody w Getyndze"}]},{"@type":"WebSite","@id":"https:\/\/9staedte.de\/pl\/#website","url":"https:\/\/9staedte.de\/pl\/","name":"9 St\u00e4dte in Niedersachsen","description":"","publisher":{"@id":"https:\/\/9staedte.de\/pl\/#organization"},"potentialAction":[{"@type":"SearchAction","target":{"@type":"EntryPoint","urlTemplate":"https:\/\/9staedte.de\/pl\/?s={search_term_string}"},"query-input":{"@type":"PropertyValueSpecification","valueRequired":true,"valueName":"search_term_string"}}],"inLanguage":"pl-PL"},{"@type":"Organization","@id":"https:\/\/9staedte.de\/pl\/#organization","name":"9 St\u00e4dte in Niedersachsen","url":"https:\/\/9staedte.de\/pl\/","logo":{"@type":"ImageObject","inLanguage":"pl-PL","@id":"https:\/\/9staedte.de\/pl\/#\/schema\/logo\/image\/","url":"https:\/\/9staedte.de\/wp-content\/uploads\/2025\/01\/9-neg-deutsch-2-1.png","contentUrl":"https:\/\/9staedte.de\/wp-content\/uploads\/2025\/01\/9-neg-deutsch-2-1.png","width":190,"height":114,"caption":"9 St\u00e4dte in Niedersachsen"},"image":{"@id":"https:\/\/9staedte.de\/pl\/#\/schema\/logo\/image\/"}}]}},"_links":{"self":[{"href":"https:\/\/9staedte.de\/pl\/wp-json\/wp\/v2\/pages\/17600","targetHints":{"allow":["GET"]}}],"collection":[{"href":"https:\/\/9staedte.de\/pl\/wp-json\/wp\/v2\/pages"}],"about":[{"href":"https:\/\/9staedte.de\/pl\/wp-json\/wp\/v2\/types\/page"}],"author":[{"embeddable":true,"href":"https:\/\/9staedte.de\/pl\/wp-json\/wp\/v2\/users\/1"}],"replies":[{"embeddable":true,"href":"https:\/\/9staedte.de\/pl\/wp-json\/wp\/v2\/comments?post=17600"}],"version-history":[{"count":1,"href":"https:\/\/9staedte.de\/pl\/wp-json\/wp\/v2\/pages\/17600\/revisions"}],"predecessor-version":[{"id":19813,"href":"https:\/\/9staedte.de\/pl\/wp-json\/wp\/v2\/pages\/17600\/revisions\/19813"}],"up":[{"embeddable":true,"href":"https:\/\/9staedte.de\/pl\/wp-json\/wp\/v2\/pages\/18011"}],"wp:featuredmedia":[{"embeddable":true,"href":"https:\/\/9staedte.de\/pl\/wp-json\/wp\/v2\/media\/17608"}],"wp:attachment":[{"href":"https:\/\/9staedte.de\/pl\/wp-json\/wp\/v2\/media?parent=17600"}],"wp:term":[{"taxonomy":"category","embeddable":true,"href":"https:\/\/9staedte.de\/pl\/wp-json\/wp\/v2\/categories?post=17600"},{"taxonomy":"post_tag","embeddable":true,"href":"https:\/\/9staedte.de\/pl\/wp-json\/wp\/v2\/tags?post=17600"},{"taxonomy":"ncap_cities_tax","embeddable":true,"href":"https:\/\/9staedte.de\/pl\/wp-json\/wp\/v2\/ncap_cities_tax?post=17600"}],"curies":[{"name":"wp","href":"https:\/\/api.w.org\/{rel}","templated":true}]}}