{"id":17597,"date":"2023-11-02T09:49:46","date_gmt":"2023-11-02T08:49:46","guid":{"rendered":"https:\/\/9staedte.de\/zakupy-i-wypady-na-miasto-w-braunschweig\/"},"modified":"2024-08-30T09:20:51","modified_gmt":"2024-08-30T07:20:51","slug":"zakupy-i-wypady-na-miasto-w-braunschweig","status":"publish","type":"page","link":"https:\/\/9staedte.de\/pl\/brunszwik-miasto-lwa\/zakupy-i-wypady-na-miasto-w-braunschweig\/","title":{"rendered":"Zakupy i wypady na miasto w Braunschweig"},"content":{"rendered":"\n<h2 class=\"wp-block-heading\">Odkryj metropoli\u0119 zakup\u00f3w w Brunszwiku<\/h2>\n\n<p>Odwied\u017a centrum miasta lub ma\u0142e sklepy i zainspiruj si\u0119 zakupow\u0105 metropoli\u0105 Braunschweig.<\/p>\n\n<p>Rzeka Oker okr\u0105\u017ca ca\u0142e centrum miasta Braunschweig &#8211; z zachodu na wsch\u00f3d dziel\u0105 j\u0105 zaledwie dwa kilometry. Dwa kilometry, kt\u00f3re zach\u0119caj\u0105 do spacer\u00f3w, odpoczynku, przegl\u0105dania lub zakup\u00f3w. Odwiedzaj\u0105cy maj\u0105 tu wolny wyb\u00f3r: Od przytulnych ma\u0142ych sklepik\u00f3w pe\u0142nych uroczych specja\u0142\u00f3w i przedmiot\u00f3w kolekcjonerskich, przez modne sklepy zarz\u0105dzane przez w\u0142a\u015bcicieli z najnowszymi trendami i pomys\u0142ami na styl, po nowoczesne centra handlowe i pasa\u017ce oferuj\u0105ce mi\u0119dzynarodowe marki i wszechstronn\u0105 obs\u0142ug\u0119. A dla tych, kt\u00f3rzy nie chc\u0105 podejmowa\u0107 decyzji, ale chc\u0105 do\u015bwiadczy\u0107 ca\u0142ego spektrum zakup\u00f3w, centrum Braunschweig z niewielkimi odleg\u0142o\u015bciami sprawia, \u017ce jest to \u0142atwe.<\/p>\n\n\n<div class=\"banner-wrapper\">\n  <div class=\"banner-inner \">\n      <div class=\"img-container\">\n      <div class=\"img-wrapper\">\n        <img decoding=\"async\" src=\"https:\/\/9staedte.de\/wp-content\/smush-webp\/2022\/03\/Braunschweig-Magniviertel-c-Braunschweig-Stadtmarketing-Christian-Bierwagen.jpg.webp\" alt=\"Zdj\u0119cie przedstawia dzielnic\u0119 Magniviertel w Brunszwiku. Po prawej stronie s\u0105 \u0142adne, stare domy z wieloma oknami. Na dole znajduje si\u0119 kawiarnia z stolikami i krzes\u0142ami na zewn\u0105trz. Ludzie spaceruj\u0105 po ulicy. Ulica jest wy\u0142o\u017cona ma\u0142ymi kamieniami. Po lewej stronie ro\u015bnie du\u017ce drzewo z zielonymi li\u015b\u0107mi. Atmosfera jest spokojna i przyjazna. Wygl\u0105da na \u0142adny dzie\u0144.\" \/>\n                  <div class=\"thumbnail-label\">\n            <span>Braunschweig Magniviertel c) Braunschweig Stadtmarketing Christian Bierwagen<\/span>\n          <\/div>\n              <\/div>\n    <\/div>\n        <div class=\"text-container\">\n      <div class=\"content\">\n        <h2>9 wskaz\u00f3wek dotycz\u0105cych zakup\u00f3w i wyj\u015b\u0107 w Brunszwiku<\/h2>\n<ul>\n<li><a href=\"https:\/\/www.braunschweig.de\/leben\/innenstadt\/einkaufserlebnis\/index.php\"><a href=\"https:\/\/www.braunschweig.de\/leben\/innenstadt\/einkaufserlebnis\/index.php\">Kupon miejski Braunschweig<\/a><\/a><\/li>\n<li>Strefa dla pieszych z wieloma specjalistycznymi sklepami, sklepami prowadzonymi przez w\u0142a\u015bcicieli i wiod\u0105cymi sieciami handlowymi.<\/li>\n<li>Zakupy w zamku Arkaden<\/li>\n<li>Zakupy i wyj\u015bcia z wyj\u0105tkowym urokiem w \u015bredniowiecznej dzielnicy Magni<\/li>\n<li>Liczne kawiarnie wzd\u0142u\u017c rzeki Oker zapraszaj\u0105 do odpoczynku w centrum miasta<\/li>\n<li>Odpocznij od zgie\u0142ku miejskich zakup\u00f3w w jednym z wielu muze\u00f3w w centrum miasta.<\/li>\n<li>T\u0119tni\u0105ce \u017cyciem puby w dzielnicy uniwersyteckiej<\/li>\n<li>Wybierz spo\u015br\u00f3d wielu wskaz\u00f3wek dotycz\u0105cych wychodzenia z domu: <a href=\"http:\/\/www.braunschweig.de\/veranstaltungen\" target=\"_blank\" rel=\"noopener\">www.braunschweig.de\/veranstaltungen<\/a><\/li>\n<li>Zawsze dobrze poinformowany, nawet podczas podr\u00f3\u017cy, <abbr lang=\"de\" title=\"np.\">na przyk\u0142ad<\/abbr> o wolnych miejscach parkingowych: m.braunschweig.de<\/li>\n<\/ul>\n      <\/div>\n    <\/div>\n    <\/div>\n<\/div>\n\n","protected":false},"excerpt":{"rendered":"<p>Odkryj metropoli\u0119 zakup\u00f3w w Brunszwiku Odwied\u017a centrum miasta lub ma\u0142e sklepy i zainspiruj si\u0119 zakupow\u0105 metropoli\u0105 Braunschweig. Rzeka Oker okr\u0105\u017ca ca\u0142e centrum miasta Braunschweig &#8211; z zachodu na wsch\u00f3d dziel\u0105 j\u0105 zaledwie dwa kilometry. Dwa kilometry, kt\u00f3re zach\u0119caj\u0105 do spacer\u00f3w, odpoczynku, przegl\u0105dania lub zakup\u00f3w. Odwiedzaj\u0105cy maj\u0105 tu wolny wyb\u00f3r: Od przytulnych ma\u0142ych sklepik\u00f3w pe\u0142nych uroczych [&hellip;]<\/p>\n","protected":false},"author":1,"featured_media":16446,"parent":17616,"menu_order":0,"comment_status":"closed","ping_status":"closed","template":"pagetemplates\/template-stadtthema.php","meta":{"_acf_changed":false,"footnotes":""},"categories":[],"tags":[],"ncap_cities_tax":[424,759],"class_list":["post-17597","page","type-page","status-publish","has-post-thumbnail","hentry","ncap_cities_tax-braunschweig-pl","ncap_cities_tax-shopping-und-ausgehen-braunschweig-pl"],"acf":[],"yoast_head":"<!-- This site is optimized with the Yoast SEO plugin v27.4 - https:\/\/yoast.com\/product\/yoast-seo-wordpress\/ -->\n<title>Zakupy i wypady na miasto w Braunschweig - 9 St\u00e4dte in Niedersachsen<\/title>\n<meta name=\"robots\" content=\"index, follow, max-snippet:-1, max-image-preview:large, max-video-preview:-1\" \/>\n<link rel=\"canonical\" href=\"https:\/\/9staedte.de\/pl\/brunszwik-miasto-lwa\/zakupy-i-wypady-na-miasto-w-braunschweig\/\" \/>\n<meta property=\"og:locale\" content=\"pl_PL\" \/>\n<meta property=\"og:type\" content=\"article\" \/>\n<meta property=\"og:title\" content=\"Zakupy i wypady na miasto w Braunschweig - 9 St\u00e4dte in Niedersachsen\" \/>\n<meta property=\"og:description\" content=\"Odkryj metropoli\u0119 zakup\u00f3w w Brunszwiku Odwied\u017a centrum miasta lub ma\u0142e sklepy i zainspiruj si\u0119 zakupow\u0105 metropoli\u0105 Braunschweig. Rzeka Oker okr\u0105\u017ca ca\u0142e centrum miasta Braunschweig &#8211; z zachodu na wsch\u00f3d dziel\u0105 j\u0105 zaledwie dwa kilometry. Dwa kilometry, kt\u00f3re zach\u0119caj\u0105 do spacer\u00f3w, odpoczynku, przegl\u0105dania lub zakup\u00f3w. Odwiedzaj\u0105cy maj\u0105 tu wolny wyb\u00f3r: Od przytulnych ma\u0142ych sklepik\u00f3w pe\u0142nych uroczych [&hellip;]\" \/>\n<meta property=\"og:url\" content=\"https:\/\/9staedte.de\/pl\/brunszwik-miasto-lwa\/zakupy-i-wypady-na-miasto-w-braunschweig\/\" \/>\n<meta property=\"og:site_name\" content=\"9 St\u00e4dte in Niedersachsen\" \/>\n<meta property=\"article:modified_time\" content=\"2024-08-30T07:20:51+00:00\" \/>\n<meta property=\"og:image\" content=\"https:\/\/9staedte.de\/wp-content\/uploads\/2022\/03\/Einkaufsstadt-Braunschweig-c-Braunschweig-Stadtmarketing-Gramann.jpg\" \/>\n\t<meta property=\"og:image:width\" content=\"1021\" \/>\n\t<meta property=\"og:image:height\" content=\"559\" \/>\n\t<meta property=\"og:image:type\" content=\"image\/jpeg\" \/>\n<meta name=\"twitter:card\" content=\"summary_large_image\" \/>\n<meta name=\"twitter:label1\" content=\"Szacowany czas czytania\" \/>\n\t<meta name=\"twitter:data1\" content=\"1 minuta\" \/>\n<script type=\"application\/ld+json\" class=\"yoast-schema-graph\">{\"@context\":\"https:\\\/\\\/schema.org\",\"@graph\":[{\"@type\":\"WebPage\",\"@id\":\"https:\\\/\\\/9staedte.de\\\/pl\\\/brunszwik-miasto-lwa\\\/zakupy-i-wypady-na-miasto-w-braunschweig\\\/\",\"url\":\"https:\\\/\\\/9staedte.de\\\/pl\\\/brunszwik-miasto-lwa\\\/zakupy-i-wypady-na-miasto-w-braunschweig\\\/\",\"name\":\"Zakupy i wypady na miasto w Braunschweig - 9 St\u00e4dte in Niedersachsen\",\"isPartOf\":{\"@id\":\"https:\\\/\\\/9staedte.de\\\/pl\\\/#website\"},\"primaryImageOfPage\":{\"@id\":\"https:\\\/\\\/9staedte.de\\\/pl\\\/brunszwik-miasto-lwa\\\/zakupy-i-wypady-na-miasto-w-braunschweig\\\/#primaryimage\"},\"image\":{\"@id\":\"https:\\\/\\\/9staedte.de\\\/pl\\\/brunszwik-miasto-lwa\\\/zakupy-i-wypady-na-miasto-w-braunschweig\\\/#primaryimage\"},\"thumbnailUrl\":\"https:\\\/\\\/9staedte.de\\\/wp-content\\\/uploads\\\/2022\\\/03\\\/Einkaufsstadt-Braunschweig-c-Braunschweig-Stadtmarketing-Gramann.jpg\",\"datePublished\":\"2023-11-02T08:49:46+00:00\",\"dateModified\":\"2024-08-30T07:20:51+00:00\",\"breadcrumb\":{\"@id\":\"https:\\\/\\\/9staedte.de\\\/pl\\\/brunszwik-miasto-lwa\\\/zakupy-i-wypady-na-miasto-w-braunschweig\\\/#breadcrumb\"},\"inLanguage\":\"pl-PL\",\"potentialAction\":[{\"@type\":\"ReadAction\",\"target\":[\"https:\\\/\\\/9staedte.de\\\/pl\\\/brunszwik-miasto-lwa\\\/zakupy-i-wypady-na-miasto-w-braunschweig\\\/\"]}]},{\"@type\":\"ImageObject\",\"inLanguage\":\"pl-PL\",\"@id\":\"https:\\\/\\\/9staedte.de\\\/pl\\\/brunszwik-miasto-lwa\\\/zakupy-i-wypady-na-miasto-w-braunschweig\\\/#primaryimage\",\"url\":\"https:\\\/\\\/9staedte.de\\\/wp-content\\\/uploads\\\/2022\\\/03\\\/Einkaufsstadt-Braunschweig-c-Braunschweig-Stadtmarketing-Gramann.jpg\",\"contentUrl\":\"https:\\\/\\\/9staedte.de\\\/wp-content\\\/uploads\\\/2022\\\/03\\\/Einkaufsstadt-Braunschweig-c-Braunschweig-Stadtmarketing-Gramann.jpg\",\"width\":1021,\"height\":559,\"caption\":\"Einkaufsstadt Braunschweig c) Braunschweig Stadtmarketing Gramann\"},{\"@type\":\"BreadcrumbList\",\"@id\":\"https:\\\/\\\/9staedte.de\\\/pl\\\/brunszwik-miasto-lwa\\\/zakupy-i-wypady-na-miasto-w-braunschweig\\\/#breadcrumb\",\"itemListElement\":[{\"@type\":\"ListItem\",\"position\":1,\"name\":\"Startseite\",\"item\":\"https:\\\/\\\/9staedte.de\\\/pl\\\/\"},{\"@type\":\"ListItem\",\"position\":2,\"name\":\"Brunszwik &#8211; City of Lions\",\"item\":\"https:\\\/\\\/9staedte.de\\\/pl\\\/brunszwik-miasto-lwa\\\/\"},{\"@type\":\"ListItem\",\"position\":3,\"name\":\"Zakupy i wypady na miasto w Braunschweig\"}]},{\"@type\":\"WebSite\",\"@id\":\"https:\\\/\\\/9staedte.de\\\/pl\\\/#website\",\"url\":\"https:\\\/\\\/9staedte.de\\\/pl\\\/\",\"name\":\"9 St\u00e4dte in Niedersachsen\",\"description\":\"\",\"publisher\":{\"@id\":\"https:\\\/\\\/9staedte.de\\\/pl\\\/#organization\"},\"potentialAction\":[{\"@type\":\"SearchAction\",\"target\":{\"@type\":\"EntryPoint\",\"urlTemplate\":\"https:\\\/\\\/9staedte.de\\\/pl\\\/?s={search_term_string}\"},\"query-input\":{\"@type\":\"PropertyValueSpecification\",\"valueRequired\":true,\"valueName\":\"search_term_string\"}}],\"inLanguage\":\"pl-PL\"},{\"@type\":\"Organization\",\"@id\":\"https:\\\/\\\/9staedte.de\\\/pl\\\/#organization\",\"name\":\"9 St\u00e4dte in Niedersachsen\",\"url\":\"https:\\\/\\\/9staedte.de\\\/pl\\\/\",\"logo\":{\"@type\":\"ImageObject\",\"inLanguage\":\"pl-PL\",\"@id\":\"https:\\\/\\\/9staedte.de\\\/pl\\\/#\\\/schema\\\/logo\\\/image\\\/\",\"url\":\"https:\\\/\\\/9staedte.de\\\/wp-content\\\/uploads\\\/2025\\\/01\\\/9-neg-deutsch-2-1.png\",\"contentUrl\":\"https:\\\/\\\/9staedte.de\\\/wp-content\\\/uploads\\\/2025\\\/01\\\/9-neg-deutsch-2-1.png\",\"width\":190,\"height\":114,\"caption\":\"9 St\u00e4dte in Niedersachsen\"},\"image\":{\"@id\":\"https:\\\/\\\/9staedte.de\\\/pl\\\/#\\\/schema\\\/logo\\\/image\\\/\"}}]}<\/script>\n<!-- \/ Yoast SEO plugin. -->","yoast_head_json":{"title":"Zakupy i wypady na miasto w Braunschweig - 9 St\u00e4dte in Niedersachsen","robots":{"index":"index","follow":"follow","max-snippet":"max-snippet:-1","max-image-preview":"max-image-preview:large","max-video-preview":"max-video-preview:-1"},"canonical":"https:\/\/9staedte.de\/pl\/brunszwik-miasto-lwa\/zakupy-i-wypady-na-miasto-w-braunschweig\/","og_locale":"pl_PL","og_type":"article","og_title":"Zakupy i wypady na miasto w Braunschweig - 9 St\u00e4dte in Niedersachsen","og_description":"Odkryj metropoli\u0119 zakup\u00f3w w Brunszwiku Odwied\u017a centrum miasta lub ma\u0142e sklepy i zainspiruj si\u0119 zakupow\u0105 metropoli\u0105 Braunschweig. Rzeka Oker okr\u0105\u017ca ca\u0142e centrum miasta Braunschweig &#8211; z zachodu na wsch\u00f3d dziel\u0105 j\u0105 zaledwie dwa kilometry. Dwa kilometry, kt\u00f3re zach\u0119caj\u0105 do spacer\u00f3w, odpoczynku, przegl\u0105dania lub zakup\u00f3w. Odwiedzaj\u0105cy maj\u0105 tu wolny wyb\u00f3r: Od przytulnych ma\u0142ych sklepik\u00f3w pe\u0142nych uroczych [&hellip;]","og_url":"https:\/\/9staedte.de\/pl\/brunszwik-miasto-lwa\/zakupy-i-wypady-na-miasto-w-braunschweig\/","og_site_name":"9 St\u00e4dte in Niedersachsen","article_modified_time":"2024-08-30T07:20:51+00:00","og_image":[{"width":1021,"height":559,"url":"https:\/\/9staedte.de\/wp-content\/uploads\/2022\/03\/Einkaufsstadt-Braunschweig-c-Braunschweig-Stadtmarketing-Gramann.jpg","type":"image\/jpeg"}],"twitter_card":"summary_large_image","twitter_misc":{"Szacowany czas czytania":"1 minuta"},"schema":{"@context":"https:\/\/schema.org","@graph":[{"@type":"WebPage","@id":"https:\/\/9staedte.de\/pl\/brunszwik-miasto-lwa\/zakupy-i-wypady-na-miasto-w-braunschweig\/","url":"https:\/\/9staedte.de\/pl\/brunszwik-miasto-lwa\/zakupy-i-wypady-na-miasto-w-braunschweig\/","name":"Zakupy i wypady na miasto w Braunschweig - 9 St\u00e4dte in Niedersachsen","isPartOf":{"@id":"https:\/\/9staedte.de\/pl\/#website"},"primaryImageOfPage":{"@id":"https:\/\/9staedte.de\/pl\/brunszwik-miasto-lwa\/zakupy-i-wypady-na-miasto-w-braunschweig\/#primaryimage"},"image":{"@id":"https:\/\/9staedte.de\/pl\/brunszwik-miasto-lwa\/zakupy-i-wypady-na-miasto-w-braunschweig\/#primaryimage"},"thumbnailUrl":"https:\/\/9staedte.de\/wp-content\/uploads\/2022\/03\/Einkaufsstadt-Braunschweig-c-Braunschweig-Stadtmarketing-Gramann.jpg","datePublished":"2023-11-02T08:49:46+00:00","dateModified":"2024-08-30T07:20:51+00:00","breadcrumb":{"@id":"https:\/\/9staedte.de\/pl\/brunszwik-miasto-lwa\/zakupy-i-wypady-na-miasto-w-braunschweig\/#breadcrumb"},"inLanguage":"pl-PL","potentialAction":[{"@type":"ReadAction","target":["https:\/\/9staedte.de\/pl\/brunszwik-miasto-lwa\/zakupy-i-wypady-na-miasto-w-braunschweig\/"]}]},{"@type":"ImageObject","inLanguage":"pl-PL","@id":"https:\/\/9staedte.de\/pl\/brunszwik-miasto-lwa\/zakupy-i-wypady-na-miasto-w-braunschweig\/#primaryimage","url":"https:\/\/9staedte.de\/wp-content\/uploads\/2022\/03\/Einkaufsstadt-Braunschweig-c-Braunschweig-Stadtmarketing-Gramann.jpg","contentUrl":"https:\/\/9staedte.de\/wp-content\/uploads\/2022\/03\/Einkaufsstadt-Braunschweig-c-Braunschweig-Stadtmarketing-Gramann.jpg","width":1021,"height":559,"caption":"Einkaufsstadt Braunschweig c) Braunschweig Stadtmarketing Gramann"},{"@type":"BreadcrumbList","@id":"https:\/\/9staedte.de\/pl\/brunszwik-miasto-lwa\/zakupy-i-wypady-na-miasto-w-braunschweig\/#breadcrumb","itemListElement":[{"@type":"ListItem","position":1,"name":"Startseite","item":"https:\/\/9staedte.de\/pl\/"},{"@type":"ListItem","position":2,"name":"Brunszwik &#8211; City of Lions","item":"https:\/\/9staedte.de\/pl\/brunszwik-miasto-lwa\/"},{"@type":"ListItem","position":3,"name":"Zakupy i wypady na miasto w Braunschweig"}]},{"@type":"WebSite","@id":"https:\/\/9staedte.de\/pl\/#website","url":"https:\/\/9staedte.de\/pl\/","name":"9 St\u00e4dte in Niedersachsen","description":"","publisher":{"@id":"https:\/\/9staedte.de\/pl\/#organization"},"potentialAction":[{"@type":"SearchAction","target":{"@type":"EntryPoint","urlTemplate":"https:\/\/9staedte.de\/pl\/?s={search_term_string}"},"query-input":{"@type":"PropertyValueSpecification","valueRequired":true,"valueName":"search_term_string"}}],"inLanguage":"pl-PL"},{"@type":"Organization","@id":"https:\/\/9staedte.de\/pl\/#organization","name":"9 St\u00e4dte in Niedersachsen","url":"https:\/\/9staedte.de\/pl\/","logo":{"@type":"ImageObject","inLanguage":"pl-PL","@id":"https:\/\/9staedte.de\/pl\/#\/schema\/logo\/image\/","url":"https:\/\/9staedte.de\/wp-content\/uploads\/2025\/01\/9-neg-deutsch-2-1.png","contentUrl":"https:\/\/9staedte.de\/wp-content\/uploads\/2025\/01\/9-neg-deutsch-2-1.png","width":190,"height":114,"caption":"9 St\u00e4dte in Niedersachsen"},"image":{"@id":"https:\/\/9staedte.de\/pl\/#\/schema\/logo\/image\/"}}]}},"_links":{"self":[{"href":"https:\/\/9staedte.de\/pl\/wp-json\/wp\/v2\/pages\/17597","targetHints":{"allow":["GET"]}}],"collection":[{"href":"https:\/\/9staedte.de\/pl\/wp-json\/wp\/v2\/pages"}],"about":[{"href":"https:\/\/9staedte.de\/pl\/wp-json\/wp\/v2\/types\/page"}],"author":[{"embeddable":true,"href":"https:\/\/9staedte.de\/pl\/wp-json\/wp\/v2\/users\/1"}],"replies":[{"embeddable":true,"href":"https:\/\/9staedte.de\/pl\/wp-json\/wp\/v2\/comments?post=17597"}],"version-history":[{"count":2,"href":"https:\/\/9staedte.de\/pl\/wp-json\/wp\/v2\/pages\/17597\/revisions"}],"predecessor-version":[{"id":23551,"href":"https:\/\/9staedte.de\/pl\/wp-json\/wp\/v2\/pages\/17597\/revisions\/23551"}],"up":[{"embeddable":true,"href":"https:\/\/9staedte.de\/pl\/wp-json\/wp\/v2\/pages\/17616"}],"wp:featuredmedia":[{"embeddable":true,"href":"https:\/\/9staedte.de\/pl\/wp-json\/wp\/v2\/media\/16446"}],"wp:attachment":[{"href":"https:\/\/9staedte.de\/pl\/wp-json\/wp\/v2\/media?parent=17597"}],"wp:term":[{"taxonomy":"category","embeddable":true,"href":"https:\/\/9staedte.de\/pl\/wp-json\/wp\/v2\/categories?post=17597"},{"taxonomy":"post_tag","embeddable":true,"href":"https:\/\/9staedte.de\/pl\/wp-json\/wp\/v2\/tags?post=17597"},{"taxonomy":"ncap_cities_tax","embeddable":true,"href":"https:\/\/9staedte.de\/pl\/wp-json\/wp\/v2\/ncap_cities_tax?post=17597"}],"curies":[{"name":"wp","href":"https:\/\/api.w.org\/{rel}","templated":true}]}}