{"id":17580,"date":"2023-11-02T09:49:45","date_gmt":"2023-11-02T08:49:45","guid":{"rendered":"https:\/\/9staedte.de\/zakupy-i-wypady-na-miasto-w-hildesheim\/"},"modified":"2023-11-02T18:15:11","modified_gmt":"2023-11-02T17:15:11","slug":"zakupy-i-wypady-na-miasto-w-hildesheim","status":"publish","type":"page","link":"https:\/\/9staedte.de\/pl\/hildesheim-miasto-wpisane-na-liste-swiatowego-dziedzictwa-unesco\/zakupy-i-wypady-na-miasto-w-hildesheim\/","title":{"rendered":"Zakupy i wypady na miasto w Hildesheim"},"content":{"rendered":"\n<h3 class=\"wp-block-heading\">Zakupy w Hildesheim &#8211; Ciesz si\u0119 czym\u015b wyj\u0105tkowym<\/h3>\n\n\n\n<p>Ma\u0142e, ale \u0142adne &#8211; mo\u017cliwo\u015bci zakup\u00f3w w Hildesheim oferuj\u0105 kr\u00f3tkie odleg\u0142o\u015bci, ale du\u017cy wyb\u00f3r&nbsp;. Strona&nbsp;jest jeszcze&nbsp;wi\u0119ksza dzi\u0119ki centrum handlowemu &#8222;Arneken-Galerie&#8221;. Niezale\u017cnie od tego, czy s\u0105 to sklepy specjalistyczne prowadzone przez w\u0142a\u015bcicieli, modne i ekskluzywne butiki modowe, znane sklepy sieciowe czy urocze sklepy z pami\u0105tkami &#8211; r\u00f3\u017cnorodno\u015b\u0107 i jako\u015b\u0107 oferty w sze\u015bciu r\u00f3\u017cnych dzielnicach centrum miasta nie pozostawia nic do \u017cyczenia i oferuje co\u015b dla ka\u017cdego. Ka\u017cda dzielnica ma sw\u00f3j urok, a indywidualne i przyjazne porady oraz centralnie zlokalizowane miejsca parkingowe sprawiaj\u0105, \u017ce Hildesheim jest tak atrakcyjne.<br>Liczne uliczne kawiarnie, bary i restauracje s\u0105 polecane na przyjemne przerwy &#8211; na przyk\u0142ad na tle zabytkowego rynku. Wiele instytucji kulturalnych i zabytk\u00f3w zlokalizowanych w centrum miasta oferuje mo\u017cliwo\u015b\u0107 po\u0142\u0105czenia spokojnych zakup\u00f3w z atrakcjami kulturalnymi.<\/p>\n\n\n\n\n<div class=\"banner-wrapper\">\n  <div class=\"banner-inner \">\n      <div class=\"img-container\">\n      <div class=\"img-wrapper\">\n        <img decoding=\"async\" src=\"https:\/\/9staedte.de\/wp-content\/smush-webp\/2023\/03\/Marktplatz-\u00a9-Hildesheim-Marketing-Foto-Bierwagen.jpg.webp\" alt=\"Na zdj\u0119ciu m\u0119\u017cczyzna i kobieta siedz\u0105 w kawiarni na zewn\u0105trz. Pij\u0105 kaw\u0119 i mleko. U\u015bmiechaj\u0105 si\u0119 i rozmawiaj\u0105. \u015awieci s\u0142o\u0144ce. W tle wida\u0107 stare domy na rynku w Hildesheim. Wok\u00f3\u0142 s\u0105 te\u017c inni ludzie.\" \/>\n                  <div class=\"thumbnail-label\">\n            <span>Marktplatz \u00a9 Hildesheim Marketing, Foto Bierwagen<\/span>\n          <\/div>\n              <\/div>\n    <\/div>\n        <div class=\"text-container\">\n      <div class=\"content\">\n        <p><strong>9 Tipps rund ums Einkaufen und Ausgehen in Hildesheim: <\/strong><\/p>\n<ul>\n<li>Theater f\u00fcr Niedersachsen-Schauspiel, Musiktheater, Tanz, Konzerte und Lesungen<\/li>\n<li>Almsstra\u00dfe \u2013 Exklusivit\u00e4t erleben<\/li>\n<li>Hoher Weg \u2013 die reizvolle Mitte<\/li>\n<li>Osterstra\u00dfe und Scheelenstra\u00dfe \u2013 Boutiquen und Spezialgesch\u00e4fte<\/li>\n<li>Schuhstra\u00dfe \u2013 sch\u00f6ner Wohnen und mehr<\/li>\n<li>Andreaspassage \u2013 stilvolles Leben<\/li>\n<li>Bernwardstra\u00dfe \u2013 attraktive Begegnungen<\/li>\n<li>Kulturfabrik\/Veranstaltungszentren<\/li>\n<li>Stadtfeste und verkaufsoffene Sonntage an vielen Wochenenden<\/li>\n<\/ul>\n      <\/div>\n    <\/div>\n    <\/div>\n<\/div>\n\n","protected":false},"excerpt":{"rendered":"<p>Zakupy w Hildesheim &#8211; Ciesz si\u0119 czym\u015b wyj\u0105tkowym Ma\u0142e, ale \u0142adne &#8211; mo\u017cliwo\u015bci zakup\u00f3w w Hildesheim oferuj\u0105 kr\u00f3tkie odleg\u0142o\u015bci, ale du\u017cy wyb\u00f3r&nbsp;. Strona&nbsp;jest jeszcze&nbsp;wi\u0119ksza dzi\u0119ki centrum handlowemu &#8222;Arneken-Galerie&#8221;. Niezale\u017cnie od tego, czy s\u0105 to sklepy specjalistyczne prowadzone przez w\u0142a\u015bcicieli, modne i ekskluzywne butiki modowe, znane sklepy sieciowe czy urocze sklepy z pami\u0105tkami &#8211; r\u00f3\u017cnorodno\u015b\u0107 i [&hellip;]<\/p>\n","protected":false},"author":1,"featured_media":17591,"parent":17929,"menu_order":0,"comment_status":"closed","ping_status":"closed","template":"pagetemplates\/template-stadtthema.php","meta":{"_acf_changed":false,"footnotes":""},"categories":[],"tags":[],"ncap_cities_tax":[465,801],"class_list":["post-17580","page","type-page","status-publish","has-post-thumbnail","hentry","ncap_cities_tax-hildesheim-pl","ncap_cities_tax-shopping-und-ausgehen-hildesheim-pl"],"acf":[],"yoast_head":"<!-- This site is optimized with the Yoast SEO plugin v27.4 - https:\/\/yoast.com\/product\/yoast-seo-wordpress\/ -->\n<title>Zakupy i wypady na miasto w Hildesheim - 9 St\u00e4dte in Niedersachsen<\/title>\n<meta name=\"robots\" content=\"index, follow, max-snippet:-1, max-image-preview:large, max-video-preview:-1\" \/>\n<link rel=\"canonical\" href=\"https:\/\/9staedte.de\/pl\/hildesheim-miasto-wpisane-na-liste-swiatowego-dziedzictwa-unesco\/zakupy-i-wypady-na-miasto-w-hildesheim\/\" \/>\n<meta property=\"og:locale\" content=\"pl_PL\" \/>\n<meta property=\"og:type\" content=\"article\" \/>\n<meta property=\"og:title\" content=\"Zakupy i wypady na miasto w Hildesheim - 9 St\u00e4dte in Niedersachsen\" \/>\n<meta property=\"og:description\" content=\"Zakupy w Hildesheim &#8211; Ciesz si\u0119 czym\u015b wyj\u0105tkowym Ma\u0142e, ale \u0142adne &#8211; mo\u017cliwo\u015bci zakup\u00f3w w Hildesheim oferuj\u0105 kr\u00f3tkie odleg\u0142o\u015bci, ale du\u017cy wyb\u00f3r&nbsp;. Strona&nbsp;jest jeszcze&nbsp;wi\u0119ksza dzi\u0119ki centrum handlowemu &#8222;Arneken-Galerie&#8221;. Niezale\u017cnie od tego, czy s\u0105 to sklepy specjalistyczne prowadzone przez w\u0142a\u015bcicieli, modne i ekskluzywne butiki modowe, znane sklepy sieciowe czy urocze sklepy z pami\u0105tkami &#8211; r\u00f3\u017cnorodno\u015b\u0107 i [&hellip;]\" \/>\n<meta property=\"og:url\" content=\"https:\/\/9staedte.de\/pl\/hildesheim-miasto-wpisane-na-liste-swiatowego-dziedzictwa-unesco\/zakupy-i-wypady-na-miasto-w-hildesheim\/\" \/>\n<meta property=\"og:site_name\" content=\"9 St\u00e4dte in Niedersachsen\" \/>\n<meta property=\"article:modified_time\" content=\"2023-11-02T17:15:11+00:00\" \/>\n<meta property=\"og:image\" content=\"https:\/\/9staedte.de\/wp-content\/uploads\/2023\/03\/Shopping-\u00a9Hildesheim-Marketing-Foto-Bierwagen.jpg\" \/>\n\t<meta property=\"og:image:width\" content=\"1020\" \/>\n\t<meta property=\"og:image:height\" content=\"560\" \/>\n\t<meta property=\"og:image:type\" content=\"image\/jpeg\" \/>\n<meta name=\"twitter:card\" content=\"summary_large_image\" \/>\n<meta name=\"twitter:label1\" content=\"Szacowany czas czytania\" \/>\n\t<meta name=\"twitter:data1\" content=\"1 minuta\" \/>\n<script type=\"application\/ld+json\" class=\"yoast-schema-graph\">{\"@context\":\"https:\\\/\\\/schema.org\",\"@graph\":[{\"@type\":\"WebPage\",\"@id\":\"https:\\\/\\\/9staedte.de\\\/pl\\\/hildesheim-miasto-wpisane-na-liste-swiatowego-dziedzictwa-unesco\\\/zakupy-i-wypady-na-miasto-w-hildesheim\\\/\",\"url\":\"https:\\\/\\\/9staedte.de\\\/pl\\\/hildesheim-miasto-wpisane-na-liste-swiatowego-dziedzictwa-unesco\\\/zakupy-i-wypady-na-miasto-w-hildesheim\\\/\",\"name\":\"Zakupy i wypady na miasto w Hildesheim - 9 St\u00e4dte in Niedersachsen\",\"isPartOf\":{\"@id\":\"https:\\\/\\\/9staedte.de\\\/pl\\\/#website\"},\"primaryImageOfPage\":{\"@id\":\"https:\\\/\\\/9staedte.de\\\/pl\\\/hildesheim-miasto-wpisane-na-liste-swiatowego-dziedzictwa-unesco\\\/zakupy-i-wypady-na-miasto-w-hildesheim\\\/#primaryimage\"},\"image\":{\"@id\":\"https:\\\/\\\/9staedte.de\\\/pl\\\/hildesheim-miasto-wpisane-na-liste-swiatowego-dziedzictwa-unesco\\\/zakupy-i-wypady-na-miasto-w-hildesheim\\\/#primaryimage\"},\"thumbnailUrl\":\"https:\\\/\\\/9staedte.de\\\/wp-content\\\/uploads\\\/2023\\\/03\\\/Shopping-\u00a9Hildesheim-Marketing-Foto-Bierwagen.jpg\",\"datePublished\":\"2023-11-02T08:49:45+00:00\",\"dateModified\":\"2023-11-02T17:15:11+00:00\",\"breadcrumb\":{\"@id\":\"https:\\\/\\\/9staedte.de\\\/pl\\\/hildesheim-miasto-wpisane-na-liste-swiatowego-dziedzictwa-unesco\\\/zakupy-i-wypady-na-miasto-w-hildesheim\\\/#breadcrumb\"},\"inLanguage\":\"pl-PL\",\"potentialAction\":[{\"@type\":\"ReadAction\",\"target\":[\"https:\\\/\\\/9staedte.de\\\/pl\\\/hildesheim-miasto-wpisane-na-liste-swiatowego-dziedzictwa-unesco\\\/zakupy-i-wypady-na-miasto-w-hildesheim\\\/\"]}]},{\"@type\":\"ImageObject\",\"inLanguage\":\"pl-PL\",\"@id\":\"https:\\\/\\\/9staedte.de\\\/pl\\\/hildesheim-miasto-wpisane-na-liste-swiatowego-dziedzictwa-unesco\\\/zakupy-i-wypady-na-miasto-w-hildesheim\\\/#primaryimage\",\"url\":\"https:\\\/\\\/9staedte.de\\\/wp-content\\\/uploads\\\/2023\\\/03\\\/Shopping-\u00a9Hildesheim-Marketing-Foto-Bierwagen.jpg\",\"contentUrl\":\"https:\\\/\\\/9staedte.de\\\/wp-content\\\/uploads\\\/2023\\\/03\\\/Shopping-\u00a9Hildesheim-Marketing-Foto-Bierwagen.jpg\",\"width\":1020,\"height\":560,\"caption\":\"Shopping \u00a9Hildesheim Marketing, Foto Bierwagen\"},{\"@type\":\"BreadcrumbList\",\"@id\":\"https:\\\/\\\/9staedte.de\\\/pl\\\/hildesheim-miasto-wpisane-na-liste-swiatowego-dziedzictwa-unesco\\\/zakupy-i-wypady-na-miasto-w-hildesheim\\\/#breadcrumb\",\"itemListElement\":[{\"@type\":\"ListItem\",\"position\":1,\"name\":\"Startseite\",\"item\":\"https:\\\/\\\/9staedte.de\\\/pl\\\/\"},{\"@type\":\"ListItem\",\"position\":2,\"name\":\"Hildesheim &#8211; miasto wpisane na list\u0119 \u015bwiatowego dziedzictwa UNESCO\",\"item\":\"https:\\\/\\\/9staedte.de\\\/pl\\\/hildesheim-miasto-wpisane-na-liste-swiatowego-dziedzictwa-unesco\\\/\"},{\"@type\":\"ListItem\",\"position\":3,\"name\":\"Zakupy i wypady na miasto w Hildesheim\"}]},{\"@type\":\"WebSite\",\"@id\":\"https:\\\/\\\/9staedte.de\\\/pl\\\/#website\",\"url\":\"https:\\\/\\\/9staedte.de\\\/pl\\\/\",\"name\":\"9 St\u00e4dte in Niedersachsen\",\"description\":\"\",\"publisher\":{\"@id\":\"https:\\\/\\\/9staedte.de\\\/pl\\\/#organization\"},\"potentialAction\":[{\"@type\":\"SearchAction\",\"target\":{\"@type\":\"EntryPoint\",\"urlTemplate\":\"https:\\\/\\\/9staedte.de\\\/pl\\\/?s={search_term_string}\"},\"query-input\":{\"@type\":\"PropertyValueSpecification\",\"valueRequired\":true,\"valueName\":\"search_term_string\"}}],\"inLanguage\":\"pl-PL\"},{\"@type\":\"Organization\",\"@id\":\"https:\\\/\\\/9staedte.de\\\/pl\\\/#organization\",\"name\":\"9 St\u00e4dte in Niedersachsen\",\"url\":\"https:\\\/\\\/9staedte.de\\\/pl\\\/\",\"logo\":{\"@type\":\"ImageObject\",\"inLanguage\":\"pl-PL\",\"@id\":\"https:\\\/\\\/9staedte.de\\\/pl\\\/#\\\/schema\\\/logo\\\/image\\\/\",\"url\":\"https:\\\/\\\/9staedte.de\\\/wp-content\\\/uploads\\\/2025\\\/01\\\/9-neg-deutsch-2-1.png\",\"contentUrl\":\"https:\\\/\\\/9staedte.de\\\/wp-content\\\/uploads\\\/2025\\\/01\\\/9-neg-deutsch-2-1.png\",\"width\":190,\"height\":114,\"caption\":\"9 St\u00e4dte in Niedersachsen\"},\"image\":{\"@id\":\"https:\\\/\\\/9staedte.de\\\/pl\\\/#\\\/schema\\\/logo\\\/image\\\/\"}}]}<\/script>\n<!-- \/ Yoast SEO plugin. -->","yoast_head_json":{"title":"Zakupy i wypady na miasto w Hildesheim - 9 St\u00e4dte in Niedersachsen","robots":{"index":"index","follow":"follow","max-snippet":"max-snippet:-1","max-image-preview":"max-image-preview:large","max-video-preview":"max-video-preview:-1"},"canonical":"https:\/\/9staedte.de\/pl\/hildesheim-miasto-wpisane-na-liste-swiatowego-dziedzictwa-unesco\/zakupy-i-wypady-na-miasto-w-hildesheim\/","og_locale":"pl_PL","og_type":"article","og_title":"Zakupy i wypady na miasto w Hildesheim - 9 St\u00e4dte in Niedersachsen","og_description":"Zakupy w Hildesheim &#8211; Ciesz si\u0119 czym\u015b wyj\u0105tkowym Ma\u0142e, ale \u0142adne &#8211; mo\u017cliwo\u015bci zakup\u00f3w w Hildesheim oferuj\u0105 kr\u00f3tkie odleg\u0142o\u015bci, ale du\u017cy wyb\u00f3r&nbsp;. Strona&nbsp;jest jeszcze&nbsp;wi\u0119ksza dzi\u0119ki centrum handlowemu &#8222;Arneken-Galerie&#8221;. Niezale\u017cnie od tego, czy s\u0105 to sklepy specjalistyczne prowadzone przez w\u0142a\u015bcicieli, modne i ekskluzywne butiki modowe, znane sklepy sieciowe czy urocze sklepy z pami\u0105tkami &#8211; r\u00f3\u017cnorodno\u015b\u0107 i [&hellip;]","og_url":"https:\/\/9staedte.de\/pl\/hildesheim-miasto-wpisane-na-liste-swiatowego-dziedzictwa-unesco\/zakupy-i-wypady-na-miasto-w-hildesheim\/","og_site_name":"9 St\u00e4dte in Niedersachsen","article_modified_time":"2023-11-02T17:15:11+00:00","og_image":[{"width":1020,"height":560,"url":"https:\/\/9staedte.de\/wp-content\/uploads\/2023\/03\/Shopping-\u00a9Hildesheim-Marketing-Foto-Bierwagen.jpg","type":"image\/jpeg"}],"twitter_card":"summary_large_image","twitter_misc":{"Szacowany czas czytania":"1 minuta"},"schema":{"@context":"https:\/\/schema.org","@graph":[{"@type":"WebPage","@id":"https:\/\/9staedte.de\/pl\/hildesheim-miasto-wpisane-na-liste-swiatowego-dziedzictwa-unesco\/zakupy-i-wypady-na-miasto-w-hildesheim\/","url":"https:\/\/9staedte.de\/pl\/hildesheim-miasto-wpisane-na-liste-swiatowego-dziedzictwa-unesco\/zakupy-i-wypady-na-miasto-w-hildesheim\/","name":"Zakupy i wypady na miasto w Hildesheim - 9 St\u00e4dte in Niedersachsen","isPartOf":{"@id":"https:\/\/9staedte.de\/pl\/#website"},"primaryImageOfPage":{"@id":"https:\/\/9staedte.de\/pl\/hildesheim-miasto-wpisane-na-liste-swiatowego-dziedzictwa-unesco\/zakupy-i-wypady-na-miasto-w-hildesheim\/#primaryimage"},"image":{"@id":"https:\/\/9staedte.de\/pl\/hildesheim-miasto-wpisane-na-liste-swiatowego-dziedzictwa-unesco\/zakupy-i-wypady-na-miasto-w-hildesheim\/#primaryimage"},"thumbnailUrl":"https:\/\/9staedte.de\/wp-content\/uploads\/2023\/03\/Shopping-\u00a9Hildesheim-Marketing-Foto-Bierwagen.jpg","datePublished":"2023-11-02T08:49:45+00:00","dateModified":"2023-11-02T17:15:11+00:00","breadcrumb":{"@id":"https:\/\/9staedte.de\/pl\/hildesheim-miasto-wpisane-na-liste-swiatowego-dziedzictwa-unesco\/zakupy-i-wypady-na-miasto-w-hildesheim\/#breadcrumb"},"inLanguage":"pl-PL","potentialAction":[{"@type":"ReadAction","target":["https:\/\/9staedte.de\/pl\/hildesheim-miasto-wpisane-na-liste-swiatowego-dziedzictwa-unesco\/zakupy-i-wypady-na-miasto-w-hildesheim\/"]}]},{"@type":"ImageObject","inLanguage":"pl-PL","@id":"https:\/\/9staedte.de\/pl\/hildesheim-miasto-wpisane-na-liste-swiatowego-dziedzictwa-unesco\/zakupy-i-wypady-na-miasto-w-hildesheim\/#primaryimage","url":"https:\/\/9staedte.de\/wp-content\/uploads\/2023\/03\/Shopping-\u00a9Hildesheim-Marketing-Foto-Bierwagen.jpg","contentUrl":"https:\/\/9staedte.de\/wp-content\/uploads\/2023\/03\/Shopping-\u00a9Hildesheim-Marketing-Foto-Bierwagen.jpg","width":1020,"height":560,"caption":"Shopping \u00a9Hildesheim Marketing, Foto Bierwagen"},{"@type":"BreadcrumbList","@id":"https:\/\/9staedte.de\/pl\/hildesheim-miasto-wpisane-na-liste-swiatowego-dziedzictwa-unesco\/zakupy-i-wypady-na-miasto-w-hildesheim\/#breadcrumb","itemListElement":[{"@type":"ListItem","position":1,"name":"Startseite","item":"https:\/\/9staedte.de\/pl\/"},{"@type":"ListItem","position":2,"name":"Hildesheim &#8211; miasto wpisane na list\u0119 \u015bwiatowego dziedzictwa UNESCO","item":"https:\/\/9staedte.de\/pl\/hildesheim-miasto-wpisane-na-liste-swiatowego-dziedzictwa-unesco\/"},{"@type":"ListItem","position":3,"name":"Zakupy i wypady na miasto w Hildesheim"}]},{"@type":"WebSite","@id":"https:\/\/9staedte.de\/pl\/#website","url":"https:\/\/9staedte.de\/pl\/","name":"9 St\u00e4dte in Niedersachsen","description":"","publisher":{"@id":"https:\/\/9staedte.de\/pl\/#organization"},"potentialAction":[{"@type":"SearchAction","target":{"@type":"EntryPoint","urlTemplate":"https:\/\/9staedte.de\/pl\/?s={search_term_string}"},"query-input":{"@type":"PropertyValueSpecification","valueRequired":true,"valueName":"search_term_string"}}],"inLanguage":"pl-PL"},{"@type":"Organization","@id":"https:\/\/9staedte.de\/pl\/#organization","name":"9 St\u00e4dte in Niedersachsen","url":"https:\/\/9staedte.de\/pl\/","logo":{"@type":"ImageObject","inLanguage":"pl-PL","@id":"https:\/\/9staedte.de\/pl\/#\/schema\/logo\/image\/","url":"https:\/\/9staedte.de\/wp-content\/uploads\/2025\/01\/9-neg-deutsch-2-1.png","contentUrl":"https:\/\/9staedte.de\/wp-content\/uploads\/2025\/01\/9-neg-deutsch-2-1.png","width":190,"height":114,"caption":"9 St\u00e4dte in Niedersachsen"},"image":{"@id":"https:\/\/9staedte.de\/pl\/#\/schema\/logo\/image\/"}}]}},"_links":{"self":[{"href":"https:\/\/9staedte.de\/pl\/wp-json\/wp\/v2\/pages\/17580","targetHints":{"allow":["GET"]}}],"collection":[{"href":"https:\/\/9staedte.de\/pl\/wp-json\/wp\/v2\/pages"}],"about":[{"href":"https:\/\/9staedte.de\/pl\/wp-json\/wp\/v2\/types\/page"}],"author":[{"embeddable":true,"href":"https:\/\/9staedte.de\/pl\/wp-json\/wp\/v2\/users\/1"}],"replies":[{"embeddable":true,"href":"https:\/\/9staedte.de\/pl\/wp-json\/wp\/v2\/comments?post=17580"}],"version-history":[{"count":1,"href":"https:\/\/9staedte.de\/pl\/wp-json\/wp\/v2\/pages\/17580\/revisions"}],"predecessor-version":[{"id":19959,"href":"https:\/\/9staedte.de\/pl\/wp-json\/wp\/v2\/pages\/17580\/revisions\/19959"}],"up":[{"embeddable":true,"href":"https:\/\/9staedte.de\/pl\/wp-json\/wp\/v2\/pages\/17929"}],"wp:featuredmedia":[{"embeddable":true,"href":"https:\/\/9staedte.de\/pl\/wp-json\/wp\/v2\/media\/17591"}],"wp:attachment":[{"href":"https:\/\/9staedte.de\/pl\/wp-json\/wp\/v2\/media?parent=17580"}],"wp:term":[{"taxonomy":"category","embeddable":true,"href":"https:\/\/9staedte.de\/pl\/wp-json\/wp\/v2\/categories?post=17580"},{"taxonomy":"post_tag","embeddable":true,"href":"https:\/\/9staedte.de\/pl\/wp-json\/wp\/v2\/tags?post=17580"},{"taxonomy":"ncap_cities_tax","embeddable":true,"href":"https:\/\/9staedte.de\/pl\/wp-json\/wp\/v2\/ncap_cities_tax?post=17580"}],"curies":[{"name":"wp","href":"https:\/\/api.w.org\/{rel}","templated":true}]}}