{"id":17573,"date":"2023-11-02T09:49:45","date_gmt":"2023-11-02T08:49:45","guid":{"rendered":"https:\/\/9staedte.de\/zakupy-i-wypady-na-miasto-w-hameln\/"},"modified":"2025-08-20T10:16:27","modified_gmt":"2025-08-20T08:16:27","slug":"zakupy-i-wypady-na-miasto-w-hameln","status":"publish","type":"page","link":"https:\/\/9staedte.de\/pl\/hamelin-legendarne-miasto-pied-piper\/zakupy-i-wypady-na-miasto-w-hameln\/","title":{"rendered":"Zakupy i wypady na miasto w Hameln"},"content":{"rendered":"\n<h2 class=\"wp-block-heading\">Zabawa na zakupach w mie\u015bcie Pied Piper w Hamelin<\/h2>\n\n<p>Licz\u0105ce 60 000 mieszka\u0144c\u00f3w miasto jest nie tylko o\u015brodkiem gospodarczym, kulturalnym i turystycznym, ale tak\u017ce centrum handlowym w Weserbergland i oferuje rozrywk\u0119 zakupow\u0105 w mie\u015bcie Pied Piper w Hameln. Por\u00f3wnaj wyj\u0105tkow\u0105 atmosfer\u0119 zakup\u00f3w w historycznym centrum miasta z innymi miastami. Po\u015bwi\u0119\u0107 czas na spokojne zakupy, delektuj si\u0119 przek\u0105skami w kawiarni lub po prostu obserwuj t\u0119tni\u0105cy \u017cyciem zgie\u0142k przed wspania\u0142ymi budynkami z piaskowca i muru pruskiego z XVI-XVIII wieku.<\/p>\n\n\n<div class=\"banner-wrapper\">\n  <div class=\"banner-inner \">\n      <div class=\"img-container\">\n      <div class=\"img-wrapper\">\n        <img decoding=\"async\" src=\"https:\/\/9staedte.de\/wp-content\/smush-webp\/2023\/02\/Altstadt-mit-Flair-c-HMT.jpg.webp\" alt=\"Na zdj\u0119ciu jest kawiarnia na starym mie\u015bcie w Hameln. Trzy m\u0142ode kobiety siedz\u0105 na zewn\u0105trz i si\u0119 \u015bmiej\u0105. Kelnerka przynosi im napoje. W tle wida\u0107 pi\u0119kny stary dom z muru pruskiego. Jest wiele okien i du\u017ce drzwi. \u015awieci s\u0142o\u0144ce, jest ciep\u0142o.\" \/>\n                  <div class=\"thumbnail-label\">\n            <span>Hameln Altstadt mit Flair c) HMT<\/span>\n          <\/div>\n              <\/div>\n    <\/div>\n        <div class=\"text-container\">\n      <div class=\"content\">\n        <h2 class=\"h3\">Porady na temat zakup\u00f3w i wychodzenia z domu w Hameln:<\/h2>\n<h3>Zakupy:<\/h3>\n<ul>\n<li>Stare miasto z rozleg\u0142ym deptakiem i urokliwymi alejkami<\/li>\n<li>Hefehof: Pi\u0119kny, stary budynek przemys\u0142owy z handlem detalicznym i nie tylko.<\/li>\n<li>Galeria miejska<\/li>\n<\/ul>\n<h3>Wyj\u015bcie:<\/h3>\n<ul>\n<li>Wyspa, ogr\u00f3dek piwny na Werder<\/li>\n<li>Touch (bar i koktajle)<\/li>\n<li>Mo&#8217;s (bar koktajlowy)<\/li>\n<li>Maxx Filmtheatre<\/li>\n<li>Brecke (pub i nie tylko)<\/li>\n<\/ul>\n<p><a href=\"https:\/\/www.hameln.de\/\" target=\"_blank\" rel=\"noopener\">Zajrzyj tutaj<\/a><\/p>\n      <\/div>\n    <\/div>\n    <\/div>\n<\/div>\n\n","protected":false},"excerpt":{"rendered":"<p>Zabawa na zakupach w mie\u015bcie Pied Piper w Hamelin Licz\u0105ce 60 000 mieszka\u0144c\u00f3w miasto jest nie tylko o\u015brodkiem gospodarczym, kulturalnym i turystycznym, ale tak\u017ce centrum handlowym w Weserbergland i oferuje rozrywk\u0119 zakupow\u0105 w mie\u015bcie Pied Piper w Hameln. Por\u00f3wnaj wyj\u0105tkow\u0105 atmosfer\u0119 zakup\u00f3w w historycznym centrum miasta z innymi miastami. Po\u015bwi\u0119\u0107 czas na spokojne zakupy, delektuj [&hellip;]<\/p>\n","protected":false},"author":1,"featured_media":17583,"parent":17928,"menu_order":0,"comment_status":"closed","ping_status":"closed","template":"pagetemplates\/template-stadtthema.php","meta":{"_acf_changed":false,"footnotes":""},"categories":[],"tags":[],"ncap_cities_tax":[450,788],"class_list":["post-17573","page","type-page","status-publish","has-post-thumbnail","hentry","ncap_cities_tax-hameln-pl","ncap_cities_tax-shopping-und-ausgehen-hameln-pl"],"acf":[],"yoast_head":"<!-- This site is optimized with the Yoast SEO plugin v26.8 - https:\/\/yoast.com\/product\/yoast-seo-wordpress\/ -->\n<title>Zakupy i wypady na miasto w Hameln - 9 St\u00e4dte in Niedersachsen<\/title>\n<meta name=\"robots\" content=\"index, follow, max-snippet:-1, max-image-preview:large, max-video-preview:-1\" \/>\n<link rel=\"canonical\" href=\"https:\/\/9staedte.de\/pl\/hamelin-legendarne-miasto-pied-piper\/zakupy-i-wypady-na-miasto-w-hameln\/\" \/>\n<meta property=\"og:locale\" content=\"pl_PL\" \/>\n<meta property=\"og:type\" content=\"article\" \/>\n<meta property=\"og:title\" content=\"Zakupy i wypady na miasto w Hameln - 9 St\u00e4dte in Niedersachsen\" \/>\n<meta property=\"og:description\" content=\"Zabawa na zakupach w mie\u015bcie Pied Piper w Hamelin Licz\u0105ce 60 000 mieszka\u0144c\u00f3w miasto jest nie tylko o\u015brodkiem gospodarczym, kulturalnym i turystycznym, ale tak\u017ce centrum handlowym w Weserbergland i oferuje rozrywk\u0119 zakupow\u0105 w mie\u015bcie Pied Piper w Hameln. Por\u00f3wnaj wyj\u0105tkow\u0105 atmosfer\u0119 zakup\u00f3w w historycznym centrum miasta z innymi miastami. Po\u015bwi\u0119\u0107 czas na spokojne zakupy, delektuj [&hellip;]\" \/>\n<meta property=\"og:url\" content=\"https:\/\/9staedte.de\/pl\/hamelin-legendarne-miasto-pied-piper\/zakupy-i-wypady-na-miasto-w-hameln\/\" \/>\n<meta property=\"og:site_name\" content=\"9 St\u00e4dte in Niedersachsen\" \/>\n<meta property=\"article:modified_time\" content=\"2025-08-20T08:16:27+00:00\" \/>\n<meta property=\"og:image\" content=\"https:\/\/9staedte.de\/wp-content\/uploads\/2023\/02\/Einkaufen-in-Hameln-c-HMT-Sabrina-Stoeckli.jpg\" \/>\n\t<meta property=\"og:image:width\" content=\"1020\" \/>\n\t<meta property=\"og:image:height\" content=\"561\" \/>\n\t<meta property=\"og:image:type\" content=\"image\/jpeg\" \/>\n<meta name=\"twitter:card\" content=\"summary_large_image\" \/>\n<meta name=\"twitter:label1\" content=\"Szacowany czas czytania\" \/>\n\t<meta name=\"twitter:data1\" content=\"1 minuta\" \/>\n<script type=\"application\/ld+json\" class=\"yoast-schema-graph\">{\"@context\":\"https:\/\/schema.org\",\"@graph\":[{\"@type\":\"WebPage\",\"@id\":\"https:\/\/9staedte.de\/pl\/hamelin-legendarne-miasto-pied-piper\/zakupy-i-wypady-na-miasto-w-hameln\/\",\"url\":\"https:\/\/9staedte.de\/pl\/hamelin-legendarne-miasto-pied-piper\/zakupy-i-wypady-na-miasto-w-hameln\/\",\"name\":\"Zakupy i wypady na miasto w Hameln - 9 St\u00e4dte in Niedersachsen\",\"isPartOf\":{\"@id\":\"https:\/\/9staedte.de\/pl\/#website\"},\"primaryImageOfPage\":{\"@id\":\"https:\/\/9staedte.de\/pl\/hamelin-legendarne-miasto-pied-piper\/zakupy-i-wypady-na-miasto-w-hameln\/#primaryimage\"},\"image\":{\"@id\":\"https:\/\/9staedte.de\/pl\/hamelin-legendarne-miasto-pied-piper\/zakupy-i-wypady-na-miasto-w-hameln\/#primaryimage\"},\"thumbnailUrl\":\"https:\/\/9staedte.de\/wp-content\/uploads\/2023\/02\/Einkaufen-in-Hameln-c-HMT-Sabrina-Stoeckli.jpg\",\"datePublished\":\"2023-11-02T08:49:45+00:00\",\"dateModified\":\"2025-08-20T08:16:27+00:00\",\"breadcrumb\":{\"@id\":\"https:\/\/9staedte.de\/pl\/hamelin-legendarne-miasto-pied-piper\/zakupy-i-wypady-na-miasto-w-hameln\/#breadcrumb\"},\"inLanguage\":\"pl-PL\",\"potentialAction\":[{\"@type\":\"ReadAction\",\"target\":[\"https:\/\/9staedte.de\/pl\/hamelin-legendarne-miasto-pied-piper\/zakupy-i-wypady-na-miasto-w-hameln\/\"]}]},{\"@type\":\"ImageObject\",\"inLanguage\":\"pl-PL\",\"@id\":\"https:\/\/9staedte.de\/pl\/hamelin-legendarne-miasto-pied-piper\/zakupy-i-wypady-na-miasto-w-hameln\/#primaryimage\",\"url\":\"https:\/\/9staedte.de\/wp-content\/uploads\/2023\/02\/Einkaufen-in-Hameln-c-HMT-Sabrina-Stoeckli.jpg\",\"contentUrl\":\"https:\/\/9staedte.de\/wp-content\/uploads\/2023\/02\/Einkaufen-in-Hameln-c-HMT-Sabrina-Stoeckli.jpg\",\"width\":1020,\"height\":561,\"caption\":\"Einkaufen in Hameln c) HMT Sabrina Stoeckli\"},{\"@type\":\"BreadcrumbList\",\"@id\":\"https:\/\/9staedte.de\/pl\/hamelin-legendarne-miasto-pied-piper\/zakupy-i-wypady-na-miasto-w-hameln\/#breadcrumb\",\"itemListElement\":[{\"@type\":\"ListItem\",\"position\":1,\"name\":\"Startseite\",\"item\":\"https:\/\/9staedte.de\/pl\/\"},{\"@type\":\"ListItem\",\"position\":2,\"name\":\"Hameln &#8211; legendarne miasto Pied Piper\",\"item\":\"https:\/\/9staedte.de\/pl\/hamelin-legendarne-miasto-pied-piper\/\"},{\"@type\":\"ListItem\",\"position\":3,\"name\":\"Zakupy i wypady na miasto w Hameln\"}]},{\"@type\":\"WebSite\",\"@id\":\"https:\/\/9staedte.de\/pl\/#website\",\"url\":\"https:\/\/9staedte.de\/pl\/\",\"name\":\"9 St\u00e4dte in Niedersachsen\",\"description\":\"\",\"publisher\":{\"@id\":\"https:\/\/9staedte.de\/pl\/#organization\"},\"potentialAction\":[{\"@type\":\"SearchAction\",\"target\":{\"@type\":\"EntryPoint\",\"urlTemplate\":\"https:\/\/9staedte.de\/pl\/?s={search_term_string}\"},\"query-input\":{\"@type\":\"PropertyValueSpecification\",\"valueRequired\":true,\"valueName\":\"search_term_string\"}}],\"inLanguage\":\"pl-PL\"},{\"@type\":\"Organization\",\"@id\":\"https:\/\/9staedte.de\/pl\/#organization\",\"name\":\"9 St\u00e4dte in Niedersachsen\",\"url\":\"https:\/\/9staedte.de\/pl\/\",\"logo\":{\"@type\":\"ImageObject\",\"inLanguage\":\"pl-PL\",\"@id\":\"https:\/\/9staedte.de\/pl\/#\/schema\/logo\/image\/\",\"url\":\"https:\/\/9staedte.de\/wp-content\/uploads\/2025\/01\/9-neg-deutsch-2-1.png\",\"contentUrl\":\"https:\/\/9staedte.de\/wp-content\/uploads\/2025\/01\/9-neg-deutsch-2-1.png\",\"width\":190,\"height\":114,\"caption\":\"9 St\u00e4dte in Niedersachsen\"},\"image\":{\"@id\":\"https:\/\/9staedte.de\/pl\/#\/schema\/logo\/image\/\"}}]}<\/script>\n<!-- \/ Yoast SEO plugin. -->","yoast_head_json":{"title":"Zakupy i wypady na miasto w Hameln - 9 St\u00e4dte in Niedersachsen","robots":{"index":"index","follow":"follow","max-snippet":"max-snippet:-1","max-image-preview":"max-image-preview:large","max-video-preview":"max-video-preview:-1"},"canonical":"https:\/\/9staedte.de\/pl\/hamelin-legendarne-miasto-pied-piper\/zakupy-i-wypady-na-miasto-w-hameln\/","og_locale":"pl_PL","og_type":"article","og_title":"Zakupy i wypady na miasto w Hameln - 9 St\u00e4dte in Niedersachsen","og_description":"Zabawa na zakupach w mie\u015bcie Pied Piper w Hamelin Licz\u0105ce 60 000 mieszka\u0144c\u00f3w miasto jest nie tylko o\u015brodkiem gospodarczym, kulturalnym i turystycznym, ale tak\u017ce centrum handlowym w Weserbergland i oferuje rozrywk\u0119 zakupow\u0105 w mie\u015bcie Pied Piper w Hameln. Por\u00f3wnaj wyj\u0105tkow\u0105 atmosfer\u0119 zakup\u00f3w w historycznym centrum miasta z innymi miastami. Po\u015bwi\u0119\u0107 czas na spokojne zakupy, delektuj [&hellip;]","og_url":"https:\/\/9staedte.de\/pl\/hamelin-legendarne-miasto-pied-piper\/zakupy-i-wypady-na-miasto-w-hameln\/","og_site_name":"9 St\u00e4dte in Niedersachsen","article_modified_time":"2025-08-20T08:16:27+00:00","og_image":[{"width":1020,"height":561,"url":"https:\/\/9staedte.de\/wp-content\/uploads\/2023\/02\/Einkaufen-in-Hameln-c-HMT-Sabrina-Stoeckli.jpg","type":"image\/jpeg"}],"twitter_card":"summary_large_image","twitter_misc":{"Szacowany czas czytania":"1 minuta"},"schema":{"@context":"https:\/\/schema.org","@graph":[{"@type":"WebPage","@id":"https:\/\/9staedte.de\/pl\/hamelin-legendarne-miasto-pied-piper\/zakupy-i-wypady-na-miasto-w-hameln\/","url":"https:\/\/9staedte.de\/pl\/hamelin-legendarne-miasto-pied-piper\/zakupy-i-wypady-na-miasto-w-hameln\/","name":"Zakupy i wypady na miasto w Hameln - 9 St\u00e4dte in Niedersachsen","isPartOf":{"@id":"https:\/\/9staedte.de\/pl\/#website"},"primaryImageOfPage":{"@id":"https:\/\/9staedte.de\/pl\/hamelin-legendarne-miasto-pied-piper\/zakupy-i-wypady-na-miasto-w-hameln\/#primaryimage"},"image":{"@id":"https:\/\/9staedte.de\/pl\/hamelin-legendarne-miasto-pied-piper\/zakupy-i-wypady-na-miasto-w-hameln\/#primaryimage"},"thumbnailUrl":"https:\/\/9staedte.de\/wp-content\/uploads\/2023\/02\/Einkaufen-in-Hameln-c-HMT-Sabrina-Stoeckli.jpg","datePublished":"2023-11-02T08:49:45+00:00","dateModified":"2025-08-20T08:16:27+00:00","breadcrumb":{"@id":"https:\/\/9staedte.de\/pl\/hamelin-legendarne-miasto-pied-piper\/zakupy-i-wypady-na-miasto-w-hameln\/#breadcrumb"},"inLanguage":"pl-PL","potentialAction":[{"@type":"ReadAction","target":["https:\/\/9staedte.de\/pl\/hamelin-legendarne-miasto-pied-piper\/zakupy-i-wypady-na-miasto-w-hameln\/"]}]},{"@type":"ImageObject","inLanguage":"pl-PL","@id":"https:\/\/9staedte.de\/pl\/hamelin-legendarne-miasto-pied-piper\/zakupy-i-wypady-na-miasto-w-hameln\/#primaryimage","url":"https:\/\/9staedte.de\/wp-content\/uploads\/2023\/02\/Einkaufen-in-Hameln-c-HMT-Sabrina-Stoeckli.jpg","contentUrl":"https:\/\/9staedte.de\/wp-content\/uploads\/2023\/02\/Einkaufen-in-Hameln-c-HMT-Sabrina-Stoeckli.jpg","width":1020,"height":561,"caption":"Einkaufen in Hameln c) HMT Sabrina Stoeckli"},{"@type":"BreadcrumbList","@id":"https:\/\/9staedte.de\/pl\/hamelin-legendarne-miasto-pied-piper\/zakupy-i-wypady-na-miasto-w-hameln\/#breadcrumb","itemListElement":[{"@type":"ListItem","position":1,"name":"Startseite","item":"https:\/\/9staedte.de\/pl\/"},{"@type":"ListItem","position":2,"name":"Hameln &#8211; legendarne miasto Pied Piper","item":"https:\/\/9staedte.de\/pl\/hamelin-legendarne-miasto-pied-piper\/"},{"@type":"ListItem","position":3,"name":"Zakupy i wypady na miasto w Hameln"}]},{"@type":"WebSite","@id":"https:\/\/9staedte.de\/pl\/#website","url":"https:\/\/9staedte.de\/pl\/","name":"9 St\u00e4dte in Niedersachsen","description":"","publisher":{"@id":"https:\/\/9staedte.de\/pl\/#organization"},"potentialAction":[{"@type":"SearchAction","target":{"@type":"EntryPoint","urlTemplate":"https:\/\/9staedte.de\/pl\/?s={search_term_string}"},"query-input":{"@type":"PropertyValueSpecification","valueRequired":true,"valueName":"search_term_string"}}],"inLanguage":"pl-PL"},{"@type":"Organization","@id":"https:\/\/9staedte.de\/pl\/#organization","name":"9 St\u00e4dte in Niedersachsen","url":"https:\/\/9staedte.de\/pl\/","logo":{"@type":"ImageObject","inLanguage":"pl-PL","@id":"https:\/\/9staedte.de\/pl\/#\/schema\/logo\/image\/","url":"https:\/\/9staedte.de\/wp-content\/uploads\/2025\/01\/9-neg-deutsch-2-1.png","contentUrl":"https:\/\/9staedte.de\/wp-content\/uploads\/2025\/01\/9-neg-deutsch-2-1.png","width":190,"height":114,"caption":"9 St\u00e4dte in Niedersachsen"},"image":{"@id":"https:\/\/9staedte.de\/pl\/#\/schema\/logo\/image\/"}}]}},"_links":{"self":[{"href":"https:\/\/9staedte.de\/pl\/wp-json\/wp\/v2\/pages\/17573","targetHints":{"allow":["GET"]}}],"collection":[{"href":"https:\/\/9staedte.de\/pl\/wp-json\/wp\/v2\/pages"}],"about":[{"href":"https:\/\/9staedte.de\/pl\/wp-json\/wp\/v2\/types\/page"}],"author":[{"embeddable":true,"href":"https:\/\/9staedte.de\/pl\/wp-json\/wp\/v2\/users\/1"}],"replies":[{"embeddable":true,"href":"https:\/\/9staedte.de\/pl\/wp-json\/wp\/v2\/comments?post=17573"}],"version-history":[{"count":3,"href":"https:\/\/9staedte.de\/pl\/wp-json\/wp\/v2\/pages\/17573\/revisions"}],"predecessor-version":[{"id":26779,"href":"https:\/\/9staedte.de\/pl\/wp-json\/wp\/v2\/pages\/17573\/revisions\/26779"}],"up":[{"embeddable":true,"href":"https:\/\/9staedte.de\/pl\/wp-json\/wp\/v2\/pages\/17928"}],"wp:featuredmedia":[{"embeddable":true,"href":"https:\/\/9staedte.de\/pl\/wp-json\/wp\/v2\/media\/17583"}],"wp:attachment":[{"href":"https:\/\/9staedte.de\/pl\/wp-json\/wp\/v2\/media?parent=17573"}],"wp:term":[{"taxonomy":"category","embeddable":true,"href":"https:\/\/9staedte.de\/pl\/wp-json\/wp\/v2\/categories?post=17573"},{"taxonomy":"post_tag","embeddable":true,"href":"https:\/\/9staedte.de\/pl\/wp-json\/wp\/v2\/tags?post=17573"},{"taxonomy":"ncap_cities_tax","embeddable":true,"href":"https:\/\/9staedte.de\/pl\/wp-json\/wp\/v2\/ncap_cities_tax?post=17573"}],"curies":[{"name":"wp","href":"https:\/\/api.w.org\/{rel}","templated":true}]}}