{"id":17565,"date":"2023-11-02T09:49:21","date_gmt":"2023-11-02T08:49:21","guid":{"rendered":"https:\/\/9staedte.de\/imprint-9-miast-w-dolnej-saksonii\/"},"modified":"2023-11-02T09:49:21","modified_gmt":"2023-11-02T08:49:21","slug":"imprint-9-miast-w-dolnej-saksonii","status":"publish","type":"page","link":"https:\/\/9staedte.de\/pl\/imprint-9-miast-w-dolnej-saksonii\/","title":{"rendered":"Imprint &#8211; 9 miast w Dolnej Saksonii"},"content":{"rendered":"\n<p>9 miast +2 w Dolnej Saksonii<br>Hannover Marketing and Tourism GmbH<br>Vahrenwalder Strasse 7<br>30165 Hanower<\/p>\n\n\n\n<p>Tel.: +49 (0) 511\/168-49746<br>Faks:&nbsp; +49 (0) 511\/168-49779<br>E-mail: <a href=\"mailto:9cities@hannover-tourismus.de\" target=\"_blank\" rel=\"noreferrer noopener\">9cities@hannover-tourismus.de<\/a><\/p>\n\n\n\n<p>Hannover Marketing and Tourism GmbH<br>S\u0105d lokalny w Hanowerze: Wydzia\u0142 Rejestru Handlowego. B. nr 59223<br>Siedziba sp\u00f3\u0142ki: Hanower<br>Dyrektor zarz\u0105dzaj\u0105cy: Hans Christian Nolte<br>Numer identyfikacyjny VAT: DE211133985<\/p>\n\n\n\n<p>Odpowiedzialny za tre\u015b\u0107: Petra Sievers<\/p>\n\n\n\n<h3 class=\"wp-block-heading\">Powiadomienie o odpowiedzialno\u015bci<\/h3>\n\n\n\n<p>Nie ponosimy odpowiedzialno\u015bci za tre\u015b\u0107 stron, do kt\u00f3rych prowadz\u0105 linki na naszej stronie internetowej. Zawarto\u015b\u0107 podlega prawom autorskim odpowiednich dostawc\u00f3w. Ich tre\u015b\u0107 nie odzwierciedla naszej opinii, nie mamy wp\u0142ywu na ich tre\u015b\u0107. Prosimy o kontakt z odpowiednim dostawc\u0105. Wyra\u017anie zwracamy uwag\u0119 na fakt, \u017ce nie ponosimy \u017cadnej odpowiedzialno\u015bci za jakiekolwiek szkody, kt\u00f3re mo\u017cna przypisa\u0107 korzystaniu z naszej oferty internetowej. W przypadku uzyskania dost\u0119pu do stron za po\u015brednictwem link\u00f3w z naszej witryny, kt\u00f3re naruszaj\u0105 obowi\u0105zuj\u0105ce prawo, prosimy o niezw\u0142oczne powiadomienie nas o tym. Nast\u0119pnie usuniemy odpowiedni link z naszej oferty. Je\u015bli chcesz usun\u0105\u0107 link do swojej witryny, skontaktuj si\u0119 z webmasterem. Nast\u0119pnie usuniemy link. Nie gwarantujemy dost\u0119pno\u015bci i aktualno\u015bci link\u00f3w wprowadzonych na naszej stronie internetowej ani naszej oferty internetowej.<\/p>\n\n\n\n<h3 class=\"wp-block-heading\">Us\u0142uga analizy<\/h3>\n\n\n\n<p>Nasza strona internetowa korzysta z MATOMO (dawniej Piwik), tak zwanej us\u0142ugi analizy sieci. MATOMO wykorzystuje pliki &#8222;cookies&#8221;, kt\u00f3re s\u0105 plikami tekstowymi umieszczanymi na komputerze u\u017cytkownika w celu umo\u017cliwienia witrynie przeanalizowania sposobu, w jaki u\u017cytkownicy z niej korzystaj\u0105. W tym celu informacje o u\u017cytkowaniu wygenerowane przez plik cookie (w tym skr\u00f3cony adres IP u\u017cytkownika) s\u0105 przesy\u0142ane na nasz serwer i przechowywane do cel\u00f3w analizy u\u017cytkowania, co s\u0142u\u017cy optymalizacji strony internetowej z naszej strony. Podczas tego procesu adres IP u\u017cytkownika jest natychmiast anonimizowany, dzi\u0119ki czemu u\u017cytkownik pozostaje dla nas anonimowy. Informacje generowane przez pliki cookie na temat korzystania z tej witryny przez u\u017cytkownika nie s\u0105 przekazywane stronom trzecim. U\u017cytkownik mo\u017ce odm\u00f3wi\u0107 korzystania z plik\u00f3w cookie, wybieraj\u0105c odpowiednie ustawienia w przegl\u0105darce, jednak nale\u017cy pami\u0119ta\u0107, \u017ce je\u015bli to zrobi, mo\u017ce nie by\u0107 w stanie korzysta\u0107 z pe\u0142nej funkcjonalno\u015bci tej witryny.<\/p>\n\n\n\n<p>Je\u015bli u\u017cytkownik nie wyra\u017ca zgody na przechowywanie i analiz\u0119 tych danych z wizyty, mo\u017ce w dowolnym momencie sprzeciwi\u0107 si\u0119 ich przechowywaniu i wykorzystywaniu, klikaj\u0105c poni\u017cszy link. W takim przypadku w przegl\u0105darce u\u017cytkownika zapisywany jest tzw. plik cookie opt-out, co oznacza, \u017ce MATOMO nie gromadzi \u017cadnych danych sesji. Uwaga: Usuni\u0119cie plik\u00f3w cookie spowoduje r\u00f3wnie\u017c usuni\u0119cie pliku cookie rezygnacji i mo\u017ce wymaga\u0107 jego ponownej aktywacji.<\/p>\n\n\n\n<p>\u0179r\u00f3d\u0142o: datenschutzbeauftragter-info.de<\/p>\n","protected":false},"excerpt":{"rendered":"<p>9 miast +2 w Dolnej SaksoniiHannover Marketing and Tourism GmbHVahrenwalder Strasse 730165 Hanower Tel.: +49 (0) 511\/168-49746Faks:&nbsp; +49 (0) 511\/168-49779E-mail: 9cities@hannover-tourismus.de Hannover Marketing and Tourism GmbHS\u0105d lokalny w Hanowerze: Wydzia\u0142 Rejestru Handlowego. B. nr 59223Siedziba sp\u00f3\u0142ki: HanowerDyrektor zarz\u0105dzaj\u0105cy: Hans Christian NolteNumer identyfikacyjny VAT: DE211133985 Odpowiedzialny za tre\u015b\u0107: Petra Sievers Powiadomienie o odpowiedzialno\u015bci Nie ponosimy odpowiedzialno\u015bci [&hellip;]<\/p>\n","protected":false},"author":1,"featured_media":0,"parent":0,"menu_order":0,"comment_status":"closed","ping_status":"closed","template":"","meta":{"_acf_changed":false,"footnotes":""},"categories":[],"tags":[],"ncap_cities_tax":[],"class_list":["post-17565","page","type-page","status-publish","hentry"],"acf":[],"yoast_head":"<!-- This site is optimized with the Yoast SEO plugin v26.8 - https:\/\/yoast.com\/product\/yoast-seo-wordpress\/ -->\n<title>Imprint - 9 miast w Dolnej Saksonii - 9 St\u00e4dte in Niedersachsen<\/title>\n<meta name=\"robots\" content=\"index, follow, max-snippet:-1, max-image-preview:large, max-video-preview:-1\" \/>\n<link rel=\"canonical\" href=\"https:\/\/9staedte.de\/pl\/imprint-9-miast-w-dolnej-saksonii\/\" \/>\n<meta property=\"og:locale\" content=\"pl_PL\" \/>\n<meta property=\"og:type\" content=\"article\" \/>\n<meta property=\"og:title\" content=\"Imprint - 9 miast w Dolnej Saksonii - 9 St\u00e4dte in Niedersachsen\" \/>\n<meta property=\"og:description\" content=\"9 miast +2 w Dolnej SaksoniiHannover Marketing and Tourism GmbHVahrenwalder Strasse 730165 Hanower Tel.: +49 (0) 511\/168-49746Faks:&nbsp; +49 (0) 511\/168-49779E-mail: 9cities@hannover-tourismus.de Hannover Marketing and Tourism GmbHS\u0105d lokalny w Hanowerze: Wydzia\u0142 Rejestru Handlowego. B. nr 59223Siedziba sp\u00f3\u0142ki: HanowerDyrektor zarz\u0105dzaj\u0105cy: Hans Christian NolteNumer identyfikacyjny VAT: DE211133985 Odpowiedzialny za tre\u015b\u0107: Petra Sievers Powiadomienie o odpowiedzialno\u015bci Nie ponosimy odpowiedzialno\u015bci [&hellip;]\" \/>\n<meta property=\"og:url\" content=\"https:\/\/9staedte.de\/pl\/imprint-9-miast-w-dolnej-saksonii\/\" \/>\n<meta property=\"og:site_name\" content=\"9 St\u00e4dte in Niedersachsen\" \/>\n<meta name=\"twitter:card\" content=\"summary_large_image\" \/>\n<meta name=\"twitter:label1\" content=\"Szacowany czas czytania\" \/>\n\t<meta name=\"twitter:data1\" content=\"2 minuty\" \/>\n<script type=\"application\/ld+json\" class=\"yoast-schema-graph\">{\"@context\":\"https:\/\/schema.org\",\"@graph\":[{\"@type\":\"WebPage\",\"@id\":\"https:\/\/9staedte.de\/pl\/imprint-9-miast-w-dolnej-saksonii\/\",\"url\":\"https:\/\/9staedte.de\/pl\/imprint-9-miast-w-dolnej-saksonii\/\",\"name\":\"Imprint - 9 miast w Dolnej Saksonii - 9 St\u00e4dte in Niedersachsen\",\"isPartOf\":{\"@id\":\"https:\/\/9staedte.de\/pl\/#website\"},\"datePublished\":\"2023-11-02T08:49:21+00:00\",\"breadcrumb\":{\"@id\":\"https:\/\/9staedte.de\/pl\/imprint-9-miast-w-dolnej-saksonii\/#breadcrumb\"},\"inLanguage\":\"pl-PL\",\"potentialAction\":[{\"@type\":\"ReadAction\",\"target\":[\"https:\/\/9staedte.de\/pl\/imprint-9-miast-w-dolnej-saksonii\/\"]}]},{\"@type\":\"BreadcrumbList\",\"@id\":\"https:\/\/9staedte.de\/pl\/imprint-9-miast-w-dolnej-saksonii\/#breadcrumb\",\"itemListElement\":[{\"@type\":\"ListItem\",\"position\":1,\"name\":\"Startseite\",\"item\":\"https:\/\/9staedte.de\/pl\/\"},{\"@type\":\"ListItem\",\"position\":2,\"name\":\"Imprint &#8211; 9 miast w Dolnej Saksonii\"}]},{\"@type\":\"WebSite\",\"@id\":\"https:\/\/9staedte.de\/pl\/#website\",\"url\":\"https:\/\/9staedte.de\/pl\/\",\"name\":\"9 St\u00e4dte in Niedersachsen\",\"description\":\"\",\"publisher\":{\"@id\":\"https:\/\/9staedte.de\/pl\/#organization\"},\"potentialAction\":[{\"@type\":\"SearchAction\",\"target\":{\"@type\":\"EntryPoint\",\"urlTemplate\":\"https:\/\/9staedte.de\/pl\/?s={search_term_string}\"},\"query-input\":{\"@type\":\"PropertyValueSpecification\",\"valueRequired\":true,\"valueName\":\"search_term_string\"}}],\"inLanguage\":\"pl-PL\"},{\"@type\":\"Organization\",\"@id\":\"https:\/\/9staedte.de\/pl\/#organization\",\"name\":\"9 St\u00e4dte in Niedersachsen\",\"url\":\"https:\/\/9staedte.de\/pl\/\",\"logo\":{\"@type\":\"ImageObject\",\"inLanguage\":\"pl-PL\",\"@id\":\"https:\/\/9staedte.de\/pl\/#\/schema\/logo\/image\/\",\"url\":\"https:\/\/9staedte.de\/wp-content\/uploads\/2025\/01\/9-neg-deutsch-2-1.png\",\"contentUrl\":\"https:\/\/9staedte.de\/wp-content\/uploads\/2025\/01\/9-neg-deutsch-2-1.png\",\"width\":190,\"height\":114,\"caption\":\"9 St\u00e4dte in Niedersachsen\"},\"image\":{\"@id\":\"https:\/\/9staedte.de\/pl\/#\/schema\/logo\/image\/\"}}]}<\/script>\n<!-- \/ Yoast SEO plugin. -->","yoast_head_json":{"title":"Imprint - 9 miast w Dolnej Saksonii - 9 St\u00e4dte in Niedersachsen","robots":{"index":"index","follow":"follow","max-snippet":"max-snippet:-1","max-image-preview":"max-image-preview:large","max-video-preview":"max-video-preview:-1"},"canonical":"https:\/\/9staedte.de\/pl\/imprint-9-miast-w-dolnej-saksonii\/","og_locale":"pl_PL","og_type":"article","og_title":"Imprint - 9 miast w Dolnej Saksonii - 9 St\u00e4dte in Niedersachsen","og_description":"9 miast +2 w Dolnej SaksoniiHannover Marketing and Tourism GmbHVahrenwalder Strasse 730165 Hanower Tel.: +49 (0) 511\/168-49746Faks:&nbsp; +49 (0) 511\/168-49779E-mail: 9cities@hannover-tourismus.de Hannover Marketing and Tourism GmbHS\u0105d lokalny w Hanowerze: Wydzia\u0142 Rejestru Handlowego. B. nr 59223Siedziba sp\u00f3\u0142ki: HanowerDyrektor zarz\u0105dzaj\u0105cy: Hans Christian NolteNumer identyfikacyjny VAT: DE211133985 Odpowiedzialny za tre\u015b\u0107: Petra Sievers Powiadomienie o odpowiedzialno\u015bci Nie ponosimy odpowiedzialno\u015bci [&hellip;]","og_url":"https:\/\/9staedte.de\/pl\/imprint-9-miast-w-dolnej-saksonii\/","og_site_name":"9 St\u00e4dte in Niedersachsen","twitter_card":"summary_large_image","twitter_misc":{"Szacowany czas czytania":"2 minuty"},"schema":{"@context":"https:\/\/schema.org","@graph":[{"@type":"WebPage","@id":"https:\/\/9staedte.de\/pl\/imprint-9-miast-w-dolnej-saksonii\/","url":"https:\/\/9staedte.de\/pl\/imprint-9-miast-w-dolnej-saksonii\/","name":"Imprint - 9 miast w Dolnej Saksonii - 9 St\u00e4dte in Niedersachsen","isPartOf":{"@id":"https:\/\/9staedte.de\/pl\/#website"},"datePublished":"2023-11-02T08:49:21+00:00","breadcrumb":{"@id":"https:\/\/9staedte.de\/pl\/imprint-9-miast-w-dolnej-saksonii\/#breadcrumb"},"inLanguage":"pl-PL","potentialAction":[{"@type":"ReadAction","target":["https:\/\/9staedte.de\/pl\/imprint-9-miast-w-dolnej-saksonii\/"]}]},{"@type":"BreadcrumbList","@id":"https:\/\/9staedte.de\/pl\/imprint-9-miast-w-dolnej-saksonii\/#breadcrumb","itemListElement":[{"@type":"ListItem","position":1,"name":"Startseite","item":"https:\/\/9staedte.de\/pl\/"},{"@type":"ListItem","position":2,"name":"Imprint &#8211; 9 miast w Dolnej Saksonii"}]},{"@type":"WebSite","@id":"https:\/\/9staedte.de\/pl\/#website","url":"https:\/\/9staedte.de\/pl\/","name":"9 St\u00e4dte in Niedersachsen","description":"","publisher":{"@id":"https:\/\/9staedte.de\/pl\/#organization"},"potentialAction":[{"@type":"SearchAction","target":{"@type":"EntryPoint","urlTemplate":"https:\/\/9staedte.de\/pl\/?s={search_term_string}"},"query-input":{"@type":"PropertyValueSpecification","valueRequired":true,"valueName":"search_term_string"}}],"inLanguage":"pl-PL"},{"@type":"Organization","@id":"https:\/\/9staedte.de\/pl\/#organization","name":"9 St\u00e4dte in Niedersachsen","url":"https:\/\/9staedte.de\/pl\/","logo":{"@type":"ImageObject","inLanguage":"pl-PL","@id":"https:\/\/9staedte.de\/pl\/#\/schema\/logo\/image\/","url":"https:\/\/9staedte.de\/wp-content\/uploads\/2025\/01\/9-neg-deutsch-2-1.png","contentUrl":"https:\/\/9staedte.de\/wp-content\/uploads\/2025\/01\/9-neg-deutsch-2-1.png","width":190,"height":114,"caption":"9 St\u00e4dte in Niedersachsen"},"image":{"@id":"https:\/\/9staedte.de\/pl\/#\/schema\/logo\/image\/"}}]}},"_links":{"self":[{"href":"https:\/\/9staedte.de\/pl\/wp-json\/wp\/v2\/pages\/17565","targetHints":{"allow":["GET"]}}],"collection":[{"href":"https:\/\/9staedte.de\/pl\/wp-json\/wp\/v2\/pages"}],"about":[{"href":"https:\/\/9staedte.de\/pl\/wp-json\/wp\/v2\/types\/page"}],"author":[{"embeddable":true,"href":"https:\/\/9staedte.de\/pl\/wp-json\/wp\/v2\/users\/1"}],"replies":[{"embeddable":true,"href":"https:\/\/9staedte.de\/pl\/wp-json\/wp\/v2\/comments?post=17565"}],"version-history":[{"count":0,"href":"https:\/\/9staedte.de\/pl\/wp-json\/wp\/v2\/pages\/17565\/revisions"}],"wp:attachment":[{"href":"https:\/\/9staedte.de\/pl\/wp-json\/wp\/v2\/media?parent=17565"}],"wp:term":[{"taxonomy":"category","embeddable":true,"href":"https:\/\/9staedte.de\/pl\/wp-json\/wp\/v2\/categories?post=17565"},{"taxonomy":"post_tag","embeddable":true,"href":"https:\/\/9staedte.de\/pl\/wp-json\/wp\/v2\/tags?post=17565"},{"taxonomy":"ncap_cities_tax","embeddable":true,"href":"https:\/\/9staedte.de\/pl\/wp-json\/wp\/v2\/ncap_cities_tax?post=17565"}],"curies":[{"name":"wp","href":"https:\/\/api.w.org\/{rel}","templated":true}]}}