{"id":17541,"date":"2023-11-02T09:49:16","date_gmt":"2023-11-02T08:49:16","guid":{"rendered":"https:\/\/9staedte.de\/piekne-zdjecia-w-9-odslonach\/"},"modified":"2023-11-02T09:49:16","modified_gmt":"2023-11-02T08:49:16","slug":"piekne-zdjecia-w-9-odslonach","status":"publish","type":"page","link":"https:\/\/9staedte.de\/pl\/piekne-zdjecia-w-9-odslonach\/","title":{"rendered":"Pi\u0119kne zdj\u0119cia w 9 ods\u0142onach"},"content":{"rendered":"\n<p>9 historycznych miast w Nedersaksen to idealne miejsce na weekend&nbsp;z wyj\u0105tkow\u0105 atmosfer\u0105!<\/p>\n\n\n\n<p>Braunschweig, Celle, G\u00f6ttingen, Goslar, Hameln, Hannover, Hildesheim i Wolfenb\u00fcttel oferuj\u0105 bezoekers een zeer gevarieer aanbod met Unescowerelderfgoed, historische wijken met vakwerkhuizen, idyllische marktpleinen, luisterrijke herenhuizen, prachtige sloten, parken en tuinen. W tym miejscu nast\u0119puje prze\u0142om w tradycyjnym wydarzeniu. Nowoczesne winkelgalerijen i historyczne binnensteden nodigen uit to shoppen and relaxen. Na rustykalnych polach, w idyllicznych ogr\u00f3dkach piwnych, a tak\u017ce podczas r\u00f3\u017cnych \u015bwi\u0105t, odbywaj\u0105 si\u0119 wspania\u0142e imprezy i urozmaicone ta\u0144ce.<\/p>\n\n\n\n<p>W Hanowerze znajduje si\u0119 niezwyk\u0142y kompleks Herrenh\u00e4user G\u00e4rten, kt\u00f3ry w zomerze stanowi fantastyczny element wystroju wn\u0119trz, teatru i kleinkunst. Dzi\u0119ki naturalnym terenom w siedmiu niezwyk\u0142ych krainach, Zoo w Hanowerze jest prawdziwym ogrodem zoologicznym. Evenementen zoals de internationale vuurwerkwedstrijd, het kunstfestival Herrenhausen, het Maschseefest of het grootste schuttersfeest ter wereld trekken in de zomer massa&#8217;s bezoekers naar Hannover.<\/p>\n\n\n\n<p>Je\u015bli nie masz ochoty na samoch\u00f3d, wycieczk\u0119 lub podr\u00f3\u017c, hotel jest bardzo wygodny i komfortowy. Zwiedzanie jednego lub wi\u0119kszej liczby historycznych miast mo\u017ce by\u0107 optymalnie po\u0142\u0105czone z wycieczk\u0105 do L\u00fcneburger Heide, Harz lub Weserbergland.<\/p>\n\n\n\n<div style=\"height:60px\" aria-hidden=\"true\" class=\"wp-block-spacer\"><\/div>\n\n\n\n<div class=\"content-grid\">\n\n\n  \n  <div class=\"grid\">\n                        \n                    \n          <div class=\"featured-themen-single\">\n            <div class=\"featured-themen-single-inner\" style=\"background-image: url('https:\/\/9staedte.de\/wp-content\/smush-webp\/2022\/02\/Altstadtmarkt_Quelle_Braunschweig_Stadtmarketing_GmbH_-_Marek_Kruszewski.jpg.webp')\">\n              \n              <a href=\"https:\/\/9staedte.de\/braunschweig-welfen-hanze-knappe-koppen\/\">\n                <span>Braunschweig \u2013 Levendige grote stad met geschiedenis<\/span>\n              <\/a>\n            <\/div>\n          <\/div>\n    \n          \n                  \n                    \n          <div class=\"featured-themen-single\">\n            <div class=\"featured-themen-single-inner\" style=\"background-image: url('https:\/\/9staedte.de\/wp-content\/smush-webp\/2023\/04\/Was-ihr-wollt.jpg.webp')\">\n              \n              <a href=\"https:\/\/9staedte.de\/celle-vorstelijke-residentiestad-met-het-grootste-vakwerkensemble-van-europa\/\">\n                <span>Celle \u2013 Een sympathieke residentiestad met het grootste complex van vakwerkhuizen van Europa<\/span>\n              <\/a>\n            <\/div>\n          <\/div>\n    \n          \n                  \n                    \n          <div class=\"featured-themen-single\">\n            <div class=\"featured-themen-single-inner\" style=\"background-image: url('')\">\n              \n              <a href=\"https:\/\/9staedte.de\/einbeck-oldtimers-vakwerk-en-bier\/\">\n                <span>Einbeck \u2013 Oldtimers, vakwerk en bier<\/span>\n              <\/a>\n            <\/div>\n          <\/div>\n    \n          \n                  \n                    \n          <div class=\"featured-themen-single\">\n            <div class=\"featured-themen-single-inner\" style=\"background-image: url('https:\/\/9staedte.de\/wp-content\/smush-webp\/2023\/04\/Kulturgut_Goettingen_NDR2_Soundcheck_03c-Christoph-Mischke.jpg.webp')\">\n              \n              <a href=\"https:\/\/9staedte.de\/goettingen-stad-die-kennis-bijbrengt\/\">\n                <span>G\u00f6ttingen \u2013 Een stad die kennis bijbrengt<\/span>\n              <\/a>\n            <\/div>\n          <\/div>\n    \n          \n                  \n                    \n          <div class=\"featured-themen-single\">\n            <div class=\"featured-themen-single-inner\" style=\"background-image: url('https:\/\/9staedte.de\/wp-content\/smush-webp\/2023\/04\/Goslar_Walpurgisnacht.jpg.webp')\">\n              \n              <a href=\"https:\/\/9staedte.de\/goslar-ontdek-een-werelderfgoed\/\">\n                <span>Goslar \u2013 Wereldcultuurerfgoed in de Harz<\/span>\n              <\/a>\n            <\/div>\n          <\/div>\n    \n          \n                  \n                    \n          <div class=\"featured-themen-single\">\n            <div class=\"featured-themen-single-inner\" style=\"background-image: url('https:\/\/9staedte.de\/wp-content\/smush-webp\/2023\/04\/Sagenhaftes-Festwochenende-Wilhelm-Robin-Pfeifer.jpg.webp')\">\n              \n              <a href=\"https:\/\/9staedte.de\/hameln-legendarische-rattenvangerstad\/\">\n                <span>Hameln (Hamelen) \u2013 De stad van de rattenvanger<\/span>\n              <\/a>\n            <\/div>\n          <\/div>\n    \n          \n                  \n                    \n          <div class=\"featured-themen-single\">\n            <div class=\"featured-themen-single-inner\" style=\"background-image: url('https:\/\/9staedte.de\/wp-content\/smush-webp\/2023\/04\/Hannover-Herrenhaeuser-Gaerten-im-Herbst-c-Lars-Gerhardts.jpg.webp')\">\n              \n              <a href=\"https:\/\/9staedte.de\/hannovers-mooiste-kanten\/\">\n                <span>Hannover \u2013 Sympathiek en bruisend<\/span>\n              <\/a>\n            <\/div>\n          <\/div>\n    \n          \n                  \n                    \n          <div class=\"featured-themen-single\">\n            <div class=\"featured-themen-single-inner\" style=\"background-image: url('https:\/\/9staedte.de\/wp-content\/smush-webp\/2023\/04\/HildesheimMarktplatz2_Fotograph-Obornik\u00a9Hildesheim-Marketing.jpg.webp')\">\n              \n              <a href=\"https:\/\/9staedte.de\/hildesheim-uniek-unesco-werelderfgoed\/\">\n                <span>Hildesheim \u2013 Vakwerkstad vol cultuur en geschiedenis<\/span>\n              <\/a>\n            <\/div>\n          <\/div>\n    \n          \n                  \n                    \n          <div class=\"featured-themen-single\">\n            <div class=\"featured-themen-single-inner\" style=\"background-image: url('https:\/\/9staedte.de\/wp-content\/smush-webp\/2022\/03\/Lessinghaus-Wolfenbuettel-Bierwagen-c-Stadt-Wolfenbuettel-1-scaled.jpg.webp')\">\n              \n              <a href=\"https:\/\/9staedte.de\/wolfenbuettel-welkom-in-de-residentie-van-de-welfengertogen-en-de-stad-van-de-jaegermeister\/\">\n                <span>Wolfenb\u00fcttel \u2013 1000 vakwerkhuizen en J\u00e4germeister<\/span>\n              <\/a>\n            <\/div>\n          <\/div>\n    \n          \n                  \n                    \n          <div class=\"featured-themen-single\">\n            <div class=\"featured-themen-single-inner\" style=\"background-image: url('https:\/\/9staedte.de\/wp-content\/smush-webp\/2022\/03\/Autostadt-Uebersicht-Tag-c-Nils-Hendrick-Mueller-1.jpg.webp')\">\n              \n              <a href=\"https:\/\/9staedte.de\/de-autostadt-in-niedersachsen\/\">\n                <span>Autostadt in Wolfsburg \u2013 Op reis in de wereld van mobiliteit<\/span>\n              <\/a>\n            <\/div>\n          <\/div>\n    \n          \n                          \n        <\/div>\n<\/div>","protected":false},"excerpt":{"rendered":"<p>9 historycznych miast w Nedersaksen to idealne miejsce na weekend&nbsp;z wyj\u0105tkow\u0105 atmosfer\u0105! Braunschweig, Celle, G\u00f6ttingen, Goslar, Hameln, Hannover, Hildesheim i Wolfenb\u00fcttel oferuj\u0105 bezoekers een zeer gevarieer aanbod met Unescowerelderfgoed, historische wijken met vakwerkhuizen, idyllische marktpleinen, luisterrijke herenhuizen, prachtige sloten, parken en tuinen. W tym miejscu nast\u0119puje prze\u0142om w tradycyjnym wydarzeniu. Nowoczesne winkelgalerijen i historyczne binnensteden [&hellip;]<\/p>\n","protected":false},"author":1,"featured_media":17547,"parent":0,"menu_order":0,"comment_status":"closed","ping_status":"closed","template":"","meta":{"_acf_changed":false,"footnotes":""},"categories":[],"tags":[],"ncap_cities_tax":[],"class_list":["post-17541","page","type-page","status-publish","has-post-thumbnail","hentry"],"acf":[],"yoast_head":"<!-- This site is optimized with the Yoast SEO plugin v26.8 - https:\/\/yoast.com\/product\/yoast-seo-wordpress\/ -->\n<title>Pi\u0119kne zdj\u0119cia w 9 ods\u0142onach - 9 St\u00e4dte in Niedersachsen<\/title>\n<meta name=\"robots\" content=\"index, follow, max-snippet:-1, max-image-preview:large, max-video-preview:-1\" \/>\n<link rel=\"canonical\" href=\"https:\/\/9staedte.de\/pl\/piekne-zdjecia-w-9-odslonach\/\" \/>\n<meta property=\"og:locale\" content=\"pl_PL\" \/>\n<meta property=\"og:type\" content=\"article\" \/>\n<meta property=\"og:title\" content=\"Pi\u0119kne zdj\u0119cia w 9 ods\u0142onach - 9 St\u00e4dte in Niedersachsen\" \/>\n<meta property=\"og:description\" content=\"9 historycznych miast w Nedersaksen to idealne miejsce na weekend&nbsp;z wyj\u0105tkow\u0105 atmosfer\u0105! Braunschweig, Celle, G\u00f6ttingen, Goslar, Hameln, Hannover, Hildesheim i Wolfenb\u00fcttel oferuj\u0105 bezoekers een zeer gevarieer aanbod met Unescowerelderfgoed, historische wijken met vakwerkhuizen, idyllische marktpleinen, luisterrijke herenhuizen, prachtige sloten, parken en tuinen. W tym miejscu nast\u0119puje prze\u0142om w tradycyjnym wydarzeniu. Nowoczesne winkelgalerijen i historyczne binnensteden [&hellip;]\" \/>\n<meta property=\"og:url\" content=\"https:\/\/9staedte.de\/pl\/piekne-zdjecia-w-9-odslonach\/\" \/>\n<meta property=\"og:site_name\" content=\"9 St\u00e4dte in Niedersachsen\" \/>\n<meta name=\"twitter:card\" content=\"summary_large_image\" \/>\n<meta name=\"twitter:label1\" content=\"Szacowany czas czytania\" \/>\n\t<meta name=\"twitter:data1\" content=\"1 minuta\" \/>\n<script type=\"application\/ld+json\" class=\"yoast-schema-graph\">{\"@context\":\"https:\/\/schema.org\",\"@graph\":[{\"@type\":\"WebPage\",\"@id\":\"https:\/\/9staedte.de\/pl\/piekne-zdjecia-w-9-odslonach\/\",\"url\":\"https:\/\/9staedte.de\/pl\/piekne-zdjecia-w-9-odslonach\/\",\"name\":\"Pi\u0119kne zdj\u0119cia w 9 ods\u0142onach - 9 St\u00e4dte in Niedersachsen\",\"isPartOf\":{\"@id\":\"https:\/\/9staedte.de\/pl\/#website\"},\"primaryImageOfPage\":{\"@id\":\"https:\/\/9staedte.de\/pl\/piekne-zdjecia-w-9-odslonach\/#primaryimage\"},\"image\":{\"@id\":\"https:\/\/9staedte.de\/pl\/piekne-zdjecia-w-9-odslonach\/#primaryimage\"},\"thumbnailUrl\":\"https:\/\/9staedte.de\/wp-content\/uploads\/2023\/04\/Braunschweig-Kohlmarkt-c-Braunschweig-Stadtmarketing-Danienl-Moeller.jpg\",\"datePublished\":\"2023-11-02T08:49:16+00:00\",\"breadcrumb\":{\"@id\":\"https:\/\/9staedte.de\/pl\/piekne-zdjecia-w-9-odslonach\/#breadcrumb\"},\"inLanguage\":\"pl-PL\",\"potentialAction\":[{\"@type\":\"ReadAction\",\"target\":[\"https:\/\/9staedte.de\/pl\/piekne-zdjecia-w-9-odslonach\/\"]}]},{\"@type\":\"ImageObject\",\"inLanguage\":\"pl-PL\",\"@id\":\"https:\/\/9staedte.de\/pl\/piekne-zdjecia-w-9-odslonach\/#primaryimage\",\"url\":\"https:\/\/9staedte.de\/wp-content\/uploads\/2023\/04\/Braunschweig-Kohlmarkt-c-Braunschweig-Stadtmarketing-Danienl-Moeller.jpg\",\"contentUrl\":\"https:\/\/9staedte.de\/wp-content\/uploads\/2023\/04\/Braunschweig-Kohlmarkt-c-Braunschweig-Stadtmarketing-Danienl-Moeller.jpg\",\"width\":860,\"height\":365},{\"@type\":\"BreadcrumbList\",\"@id\":\"https:\/\/9staedte.de\/pl\/piekne-zdjecia-w-9-odslonach\/#breadcrumb\",\"itemListElement\":[{\"@type\":\"ListItem\",\"position\":1,\"name\":\"Startseite\",\"item\":\"https:\/\/9staedte.de\/pl\/\"},{\"@type\":\"ListItem\",\"position\":2,\"name\":\"Pi\u0119kne zdj\u0119cia w 9 ods\u0142onach\"}]},{\"@type\":\"WebSite\",\"@id\":\"https:\/\/9staedte.de\/pl\/#website\",\"url\":\"https:\/\/9staedte.de\/pl\/\",\"name\":\"9 St\u00e4dte in Niedersachsen\",\"description\":\"\",\"publisher\":{\"@id\":\"https:\/\/9staedte.de\/pl\/#organization\"},\"potentialAction\":[{\"@type\":\"SearchAction\",\"target\":{\"@type\":\"EntryPoint\",\"urlTemplate\":\"https:\/\/9staedte.de\/pl\/?s={search_term_string}\"},\"query-input\":{\"@type\":\"PropertyValueSpecification\",\"valueRequired\":true,\"valueName\":\"search_term_string\"}}],\"inLanguage\":\"pl-PL\"},{\"@type\":\"Organization\",\"@id\":\"https:\/\/9staedte.de\/pl\/#organization\",\"name\":\"9 St\u00e4dte in Niedersachsen\",\"url\":\"https:\/\/9staedte.de\/pl\/\",\"logo\":{\"@type\":\"ImageObject\",\"inLanguage\":\"pl-PL\",\"@id\":\"https:\/\/9staedte.de\/pl\/#\/schema\/logo\/image\/\",\"url\":\"https:\/\/9staedte.de\/wp-content\/uploads\/2025\/01\/9-neg-deutsch-2-1.png\",\"contentUrl\":\"https:\/\/9staedte.de\/wp-content\/uploads\/2025\/01\/9-neg-deutsch-2-1.png\",\"width\":190,\"height\":114,\"caption\":\"9 St\u00e4dte in Niedersachsen\"},\"image\":{\"@id\":\"https:\/\/9staedte.de\/pl\/#\/schema\/logo\/image\/\"}}]}<\/script>\n<!-- \/ Yoast SEO plugin. -->","yoast_head_json":{"title":"Pi\u0119kne zdj\u0119cia w 9 ods\u0142onach - 9 St\u00e4dte in Niedersachsen","robots":{"index":"index","follow":"follow","max-snippet":"max-snippet:-1","max-image-preview":"max-image-preview:large","max-video-preview":"max-video-preview:-1"},"canonical":"https:\/\/9staedte.de\/pl\/piekne-zdjecia-w-9-odslonach\/","og_locale":"pl_PL","og_type":"article","og_title":"Pi\u0119kne zdj\u0119cia w 9 ods\u0142onach - 9 St\u00e4dte in Niedersachsen","og_description":"9 historycznych miast w Nedersaksen to idealne miejsce na weekend&nbsp;z wyj\u0105tkow\u0105 atmosfer\u0105! Braunschweig, Celle, G\u00f6ttingen, Goslar, Hameln, Hannover, Hildesheim i Wolfenb\u00fcttel oferuj\u0105 bezoekers een zeer gevarieer aanbod met Unescowerelderfgoed, historische wijken met vakwerkhuizen, idyllische marktpleinen, luisterrijke herenhuizen, prachtige sloten, parken en tuinen. W tym miejscu nast\u0119puje prze\u0142om w tradycyjnym wydarzeniu. Nowoczesne winkelgalerijen i historyczne binnensteden [&hellip;]","og_url":"https:\/\/9staedte.de\/pl\/piekne-zdjecia-w-9-odslonach\/","og_site_name":"9 St\u00e4dte in Niedersachsen","twitter_card":"summary_large_image","twitter_misc":{"Szacowany czas czytania":"1 minuta"},"schema":{"@context":"https:\/\/schema.org","@graph":[{"@type":"WebPage","@id":"https:\/\/9staedte.de\/pl\/piekne-zdjecia-w-9-odslonach\/","url":"https:\/\/9staedte.de\/pl\/piekne-zdjecia-w-9-odslonach\/","name":"Pi\u0119kne zdj\u0119cia w 9 ods\u0142onach - 9 St\u00e4dte in Niedersachsen","isPartOf":{"@id":"https:\/\/9staedte.de\/pl\/#website"},"primaryImageOfPage":{"@id":"https:\/\/9staedte.de\/pl\/piekne-zdjecia-w-9-odslonach\/#primaryimage"},"image":{"@id":"https:\/\/9staedte.de\/pl\/piekne-zdjecia-w-9-odslonach\/#primaryimage"},"thumbnailUrl":"https:\/\/9staedte.de\/wp-content\/uploads\/2023\/04\/Braunschweig-Kohlmarkt-c-Braunschweig-Stadtmarketing-Danienl-Moeller.jpg","datePublished":"2023-11-02T08:49:16+00:00","breadcrumb":{"@id":"https:\/\/9staedte.de\/pl\/piekne-zdjecia-w-9-odslonach\/#breadcrumb"},"inLanguage":"pl-PL","potentialAction":[{"@type":"ReadAction","target":["https:\/\/9staedte.de\/pl\/piekne-zdjecia-w-9-odslonach\/"]}]},{"@type":"ImageObject","inLanguage":"pl-PL","@id":"https:\/\/9staedte.de\/pl\/piekne-zdjecia-w-9-odslonach\/#primaryimage","url":"https:\/\/9staedte.de\/wp-content\/uploads\/2023\/04\/Braunschweig-Kohlmarkt-c-Braunschweig-Stadtmarketing-Danienl-Moeller.jpg","contentUrl":"https:\/\/9staedte.de\/wp-content\/uploads\/2023\/04\/Braunschweig-Kohlmarkt-c-Braunschweig-Stadtmarketing-Danienl-Moeller.jpg","width":860,"height":365},{"@type":"BreadcrumbList","@id":"https:\/\/9staedte.de\/pl\/piekne-zdjecia-w-9-odslonach\/#breadcrumb","itemListElement":[{"@type":"ListItem","position":1,"name":"Startseite","item":"https:\/\/9staedte.de\/pl\/"},{"@type":"ListItem","position":2,"name":"Pi\u0119kne zdj\u0119cia w 9 ods\u0142onach"}]},{"@type":"WebSite","@id":"https:\/\/9staedte.de\/pl\/#website","url":"https:\/\/9staedte.de\/pl\/","name":"9 St\u00e4dte in Niedersachsen","description":"","publisher":{"@id":"https:\/\/9staedte.de\/pl\/#organization"},"potentialAction":[{"@type":"SearchAction","target":{"@type":"EntryPoint","urlTemplate":"https:\/\/9staedte.de\/pl\/?s={search_term_string}"},"query-input":{"@type":"PropertyValueSpecification","valueRequired":true,"valueName":"search_term_string"}}],"inLanguage":"pl-PL"},{"@type":"Organization","@id":"https:\/\/9staedte.de\/pl\/#organization","name":"9 St\u00e4dte in Niedersachsen","url":"https:\/\/9staedte.de\/pl\/","logo":{"@type":"ImageObject","inLanguage":"pl-PL","@id":"https:\/\/9staedte.de\/pl\/#\/schema\/logo\/image\/","url":"https:\/\/9staedte.de\/wp-content\/uploads\/2025\/01\/9-neg-deutsch-2-1.png","contentUrl":"https:\/\/9staedte.de\/wp-content\/uploads\/2025\/01\/9-neg-deutsch-2-1.png","width":190,"height":114,"caption":"9 St\u00e4dte in Niedersachsen"},"image":{"@id":"https:\/\/9staedte.de\/pl\/#\/schema\/logo\/image\/"}}]}},"_links":{"self":[{"href":"https:\/\/9staedte.de\/pl\/wp-json\/wp\/v2\/pages\/17541","targetHints":{"allow":["GET"]}}],"collection":[{"href":"https:\/\/9staedte.de\/pl\/wp-json\/wp\/v2\/pages"}],"about":[{"href":"https:\/\/9staedte.de\/pl\/wp-json\/wp\/v2\/types\/page"}],"author":[{"embeddable":true,"href":"https:\/\/9staedte.de\/pl\/wp-json\/wp\/v2\/users\/1"}],"replies":[{"embeddable":true,"href":"https:\/\/9staedte.de\/pl\/wp-json\/wp\/v2\/comments?post=17541"}],"version-history":[{"count":0,"href":"https:\/\/9staedte.de\/pl\/wp-json\/wp\/v2\/pages\/17541\/revisions"}],"wp:featuredmedia":[{"embeddable":true,"href":"https:\/\/9staedte.de\/pl\/wp-json\/wp\/v2\/media\/17547"}],"wp:attachment":[{"href":"https:\/\/9staedte.de\/pl\/wp-json\/wp\/v2\/media?parent=17541"}],"wp:term":[{"taxonomy":"category","embeddable":true,"href":"https:\/\/9staedte.de\/pl\/wp-json\/wp\/v2\/categories?post=17541"},{"taxonomy":"post_tag","embeddable":true,"href":"https:\/\/9staedte.de\/pl\/wp-json\/wp\/v2\/tags?post=17541"},{"taxonomy":"ncap_cities_tax","embeddable":true,"href":"https:\/\/9staedte.de\/pl\/wp-json\/wp\/v2\/ncap_cities_tax?post=17541"}],"curies":[{"name":"wp","href":"https:\/\/api.w.org\/{rel}","templated":true}]}}