{"id":17527,"date":"2023-11-02T09:49:15","date_gmt":"2023-11-02T08:49:15","guid":{"rendered":"https:\/\/9staedte.de\/pragtfulde-oplevelser-i-9-byer\/"},"modified":"2023-11-02T09:49:15","modified_gmt":"2023-11-02T08:49:15","slug":"pragtfulde-oplevelser-i-9-byer","status":"publish","type":"page","link":"https:\/\/9staedte.de\/pl\/pragtfulde-oplevelser-i-9-byer\/","title":{"rendered":"Pragtfulde oplevelser i 9 byer"},"content":{"rendered":"\n<p>9 miast w Dolnej Saksonii w Toskanii to idealne miejsca na sp\u0119dzenie weekendu w \u015bwietnej atmosferze!<\/p>\n\n\n\n<p>W Brunszwiku, Celle, Getyndze, Goslar, Hameln, Hanowerze, Hildesheim i Wolfenb\u00fcttel znajduj\u0105 si\u0119 obiekty wpisane na list\u0119 UNESCO, historyczne oprawy, idylliczne znaczniki, pi\u0119kne miejsca, parki i wiele innych. Historie bliver levendegjort ved et stort antal traditionsrige arrangementer. Nowoczesne galerie handlowe i historyczne gry daj\u0105 mo\u017cliwo\u015b\u0107 zrobienia zakup\u00f3w i zakupu. L\u017cejsze roszponki i kolorowe drinki serwowane s\u0105 na higienicznych stacjach, w idyllicznych krokietach, a tak\u017ce w ramach wielu r\u00f3\u017cnych festiwali.<\/p>\n\n\n\n<p>W Autostadt w Wolfsburgu mo\u017cna zapozna\u0107 si\u0119 z histori\u0105 i dowiedzie\u0107 si\u0119, jak mobilno\u015b\u0107 inspiruje do dzia\u0142ania.<\/p>\n\n\n\n<div style=\"height:60px\" aria-hidden=\"true\" class=\"wp-block-spacer\"><\/div>\n\n\n\n<div class=\"content-grid\">\n\n\n  \n  <div class=\"grid\">\n                        \n                    \n          <div class=\"featured-themen-single\">\n            <div class=\"featured-themen-single-inner\" style=\"background-image: url('https:\/\/9staedte.de\/wp-content\/smush-webp\/2023\/03\/Altstadtmarkt-c-Braunschweig-Stadtmarketing-GmbH_-Knut-Antenbrink.jpg.webp')\">\n              \n              <a href=\"https:\/\/9staedte.de\/braunschweig-loevebyen\/\">\n                <span>Braunschweig \u2013 Livlig storby med historie<\/span>\n              <\/a>\n            <\/div>\n          <\/div>\n    \n          \n                  \n                    \n          <div class=\"featured-themen-single\">\n            <div class=\"featured-themen-single-inner\" style=\"background-image: url('https:\/\/9staedte.de\/wp-content\/smush-webp\/2022\/03\/RS22_celle_altstadt_zoellnerstrasse.jpg.webp')\">\n              \n              <a href=\"https:\/\/9staedte.de\/celle-fyrstelig-residensstad-med-de-fleste-bindingsvaerkshuse-i-europa\/\">\n                <span>Celle \u2013 Hyggelig residensby med Europas st\u00f8rste samling af bindingsv\u00e6rkshuse<\/span>\n              <\/a>\n            <\/div>\n          <\/div>\n    \n          \n                  \n                    \n          <div class=\"featured-themen-single\">\n            <div class=\"featured-themen-single-inner\" style=\"background-image: url('https:\/\/9staedte.de\/wp-content\/smush-webp\/2023\/02\/Blick-ueber-Einbeck-\u00a9Daniel-Li-Photography.jpg.webp')\">\n              \n              <a href=\"https:\/\/9staedte.de\/5055\/\">\n                <span>Einbeck \u2013 Veteranbiler, bindingsv\u00e6rk og \u00f8l<\/span>\n              <\/a>\n            <\/div>\n          <\/div>\n    \n          \n                  \n                    \n          <div class=\"featured-themen-single\">\n            <div class=\"featured-themen-single-inner\" style=\"background-image: url('https:\/\/9staedte.de\/wp-content\/smush-webp\/2023\/02\/Goettingen_Altes-Rathaus-Abendstimmung-c-Lars-Gerhadts.jpg.webp')\">\n              \n              <a href=\"https:\/\/9staedte.de\/universitetsbyen-goettingen-byen-som-skaber-viden\/\">\n                <span>G\u00f6ttingen \u2013 byen, der skaber viden<\/span>\n              <\/a>\n            <\/div>\n          <\/div>\n    \n          \n                  \n                    \n          <div class=\"featured-themen-single\">\n            <div class=\"featured-themen-single-inner\" style=\"background-image: url('https:\/\/9staedte.de\/wp-content\/smush-webp\/2023\/02\/Belebter-Marktplatz_Quelle-GOSLAR-marketing-gmbh_Fotograf-Stefan-Schiefer.jpg.webp')\">\n              \n              <a href=\"https:\/\/9staedte.de\/goslar-opdag-en-verdenskulturarv\/\">\n                <span>Goslar \u2013 Verdensarv i Harzen<\/span>\n              <\/a>\n            <\/div>\n          <\/div>\n    \n          \n                  \n                    \n          <div class=\"featured-themen-single\">\n            <div class=\"featured-themen-single-inner\" style=\"background-image: url('https:\/\/9staedte.de\/wp-content\/smush-webp\/2023\/01\/Rattenfaenger-an-der-Weser-cHMT.jpg.webp')\">\n              \n              <a href=\"https:\/\/9staedte.de\/hameln-den-sagnomspundne-rottefaengerby\/\">\n                <span>Hameln \u2013 Rottef\u00e6ngerbyen<\/span>\n              <\/a>\n            <\/div>\n          <\/div>\n    \n          \n                  \n                    \n          <div class=\"featured-themen-single\">\n            <div class=\"featured-themen-single-inner\" style=\"background-image: url('https:\/\/9staedte.de\/wp-content\/smush-webp\/2023\/03\/Hannover_NeuesRathauscMartin_Kirchner.jpg.webp')\">\n              \n              <a href=\"https:\/\/9staedte.de\/opleve-hannover-den-smukkeste-sider\/\">\n                <span>Hannover \u2013 Charme og livsgl\u00e6de<\/span>\n              <\/a>\n            <\/div>\n          <\/div>\n    \n          \n                  \n                    \n          <div class=\"featured-themen-single\">\n            <div class=\"featured-themen-single-inner\" style=\"background-image: url('https:\/\/9staedte.de\/wp-content\/smush-webp\/2023\/02\/Markplatz2_Fotograph-Obornik\u00a9Hildesheim-Marketing.jpg.webp')\">\n              \n              <a href=\"https:\/\/9staedte.de\/hildesheim-enestaaende-unesco-verdensarven\/\">\n                <span>Hildesheim \u2013 Bindingsv\u00e6rksby fuld af kultur og historie<\/span>\n              <\/a>\n            <\/div>\n          <\/div>\n    \n          \n                  \n                    \n          <div class=\"featured-themen-single\">\n            <div class=\"featured-themen-single-inner\" style=\"background-image: url('https:\/\/9staedte.de\/wp-content\/smush-webp\/2023\/03\/Wolfenbuettel_Altstadt_c-Stadt-Wolfenbuettel-H.D.-Koenig1.jpg.webp')\">\n              \n              <a href=\"https:\/\/9staedte.de\/wolfenbuettel-lessing-likoer-livsglaede\/\">\n                <span>Wolfenb\u00fcttel \u2013 Bindingsv\u00e6rkshuse og J\u00e4germeister<\/span>\n              <\/a>\n            <\/div>\n          <\/div>\n    \n          \n                  \n                    \n          <div class=\"featured-themen-single\">\n            <div class=\"featured-themen-single-inner\" style=\"background-image: url('https:\/\/9staedte.de\/wp-content\/smush-webp\/2022\/03\/Autostadt-Uebersicht-c-Autostadt-GmbH-Klaus-Bosselmann-scaled.jpg.webp')\">\n              \n              <a href=\"https:\/\/9staedte.de\/en-rejse-til-mobilitetens-verden-autostadt-i-wolfsburg\/\">\n                <span>Autostadt i Wolfsburg \u2013 En rejse ind i mobilitetens verden<\/span>\n              <\/a>\n            <\/div>\n          <\/div>\n    \n          \n                          \n        <\/div>\n<\/div>","protected":false},"excerpt":{"rendered":"<p>9 miast w Dolnej Saksonii w Toskanii to idealne miejsca na sp\u0119dzenie weekendu w \u015bwietnej atmosferze! W Brunszwiku, Celle, Getyndze, Goslar, Hameln, Hanowerze, Hildesheim i Wolfenb\u00fcttel znajduj\u0105 si\u0119 obiekty wpisane na list\u0119 UNESCO, historyczne oprawy, idylliczne znaczniki, pi\u0119kne miejsca, parki i wiele innych. Historie bliver levendegjort ved et stort antal traditionsrige arrangementer. Nowoczesne galerie handlowe [&hellip;]<\/p>\n","protected":false},"author":1,"featured_media":17534,"parent":0,"menu_order":0,"comment_status":"closed","ping_status":"closed","template":"","meta":{"_acf_changed":false,"footnotes":""},"categories":[],"tags":[],"ncap_cities_tax":[],"class_list":["post-17527","page","type-page","status-publish","has-post-thumbnail","hentry"],"acf":[],"yoast_head":"<!-- This site is optimized with the Yoast SEO plugin v26.8 - https:\/\/yoast.com\/product\/yoast-seo-wordpress\/ -->\n<title>Pragtfulde oplevelser i 9 byer - 9 St\u00e4dte in Niedersachsen<\/title>\n<meta name=\"robots\" content=\"index, follow, max-snippet:-1, max-image-preview:large, max-video-preview:-1\" \/>\n<link rel=\"canonical\" href=\"https:\/\/9staedte.de\/pl\/pragtfulde-oplevelser-i-9-byer\/\" \/>\n<meta property=\"og:locale\" content=\"pl_PL\" \/>\n<meta property=\"og:type\" content=\"article\" \/>\n<meta property=\"og:title\" content=\"Pragtfulde oplevelser i 9 byer - 9 St\u00e4dte in Niedersachsen\" \/>\n<meta property=\"og:description\" content=\"9 miast w Dolnej Saksonii w Toskanii to idealne miejsca na sp\u0119dzenie weekendu w \u015bwietnej atmosferze! W Brunszwiku, Celle, Getyndze, Goslar, Hameln, Hanowerze, Hildesheim i Wolfenb\u00fcttel znajduj\u0105 si\u0119 obiekty wpisane na list\u0119 UNESCO, historyczne oprawy, idylliczne znaczniki, pi\u0119kne miejsca, parki i wiele innych. Historie bliver levendegjort ved et stort antal traditionsrige arrangementer. Nowoczesne galerie handlowe [&hellip;]\" \/>\n<meta property=\"og:url\" content=\"https:\/\/9staedte.de\/pl\/pragtfulde-oplevelser-i-9-byer\/\" \/>\n<meta property=\"og:site_name\" content=\"9 St\u00e4dte in Niedersachsen\" \/>\n<meta name=\"twitter:card\" content=\"summary_large_image\" \/>\n<meta name=\"twitter:label1\" content=\"Szacowany czas czytania\" \/>\n\t<meta name=\"twitter:data1\" content=\"1 minuta\" \/>\n<script type=\"application\/ld+json\" class=\"yoast-schema-graph\">{\"@context\":\"https:\/\/schema.org\",\"@graph\":[{\"@type\":\"WebPage\",\"@id\":\"https:\/\/9staedte.de\/pl\/pragtfulde-oplevelser-i-9-byer\/\",\"url\":\"https:\/\/9staedte.de\/pl\/pragtfulde-oplevelser-i-9-byer\/\",\"name\":\"Pragtfulde oplevelser i 9 byer - 9 St\u00e4dte in Niedersachsen\",\"isPartOf\":{\"@id\":\"https:\/\/9staedte.de\/pl\/#website\"},\"primaryImageOfPage\":{\"@id\":\"https:\/\/9staedte.de\/pl\/pragtfulde-oplevelser-i-9-byer\/#primaryimage\"},\"image\":{\"@id\":\"https:\/\/9staedte.de\/pl\/pragtfulde-oplevelser-i-9-byer\/#primaryimage\"},\"thumbnailUrl\":\"https:\/\/9staedte.de\/wp-content\/uploads\/2023\/03\/Hameln_Osterstrasse-c-martin-Kirchner-1.jpg\",\"datePublished\":\"2023-11-02T08:49:15+00:00\",\"breadcrumb\":{\"@id\":\"https:\/\/9staedte.de\/pl\/pragtfulde-oplevelser-i-9-byer\/#breadcrumb\"},\"inLanguage\":\"pl-PL\",\"potentialAction\":[{\"@type\":\"ReadAction\",\"target\":[\"https:\/\/9staedte.de\/pl\/pragtfulde-oplevelser-i-9-byer\/\"]}]},{\"@type\":\"ImageObject\",\"inLanguage\":\"pl-PL\",\"@id\":\"https:\/\/9staedte.de\/pl\/pragtfulde-oplevelser-i-9-byer\/#primaryimage\",\"url\":\"https:\/\/9staedte.de\/wp-content\/uploads\/2023\/03\/Hameln_Osterstrasse-c-martin-Kirchner-1.jpg\",\"contentUrl\":\"https:\/\/9staedte.de\/wp-content\/uploads\/2023\/03\/Hameln_Osterstrasse-c-martin-Kirchner-1.jpg\",\"width\":860,\"height\":365,\"caption\":\"Hameln, historische Altstadt, Osterstrasse\"},{\"@type\":\"BreadcrumbList\",\"@id\":\"https:\/\/9staedte.de\/pl\/pragtfulde-oplevelser-i-9-byer\/#breadcrumb\",\"itemListElement\":[{\"@type\":\"ListItem\",\"position\":1,\"name\":\"Startseite\",\"item\":\"https:\/\/9staedte.de\/pl\/\"},{\"@type\":\"ListItem\",\"position\":2,\"name\":\"Pragtfulde oplevelser i 9 byer\"}]},{\"@type\":\"WebSite\",\"@id\":\"https:\/\/9staedte.de\/pl\/#website\",\"url\":\"https:\/\/9staedte.de\/pl\/\",\"name\":\"9 St\u00e4dte in Niedersachsen\",\"description\":\"\",\"publisher\":{\"@id\":\"https:\/\/9staedte.de\/pl\/#organization\"},\"potentialAction\":[{\"@type\":\"SearchAction\",\"target\":{\"@type\":\"EntryPoint\",\"urlTemplate\":\"https:\/\/9staedte.de\/pl\/?s={search_term_string}\"},\"query-input\":{\"@type\":\"PropertyValueSpecification\",\"valueRequired\":true,\"valueName\":\"search_term_string\"}}],\"inLanguage\":\"pl-PL\"},{\"@type\":\"Organization\",\"@id\":\"https:\/\/9staedte.de\/pl\/#organization\",\"name\":\"9 St\u00e4dte in Niedersachsen\",\"url\":\"https:\/\/9staedte.de\/pl\/\",\"logo\":{\"@type\":\"ImageObject\",\"inLanguage\":\"pl-PL\",\"@id\":\"https:\/\/9staedte.de\/pl\/#\/schema\/logo\/image\/\",\"url\":\"https:\/\/9staedte.de\/wp-content\/uploads\/2025\/01\/9-neg-deutsch-2-1.png\",\"contentUrl\":\"https:\/\/9staedte.de\/wp-content\/uploads\/2025\/01\/9-neg-deutsch-2-1.png\",\"width\":190,\"height\":114,\"caption\":\"9 St\u00e4dte in Niedersachsen\"},\"image\":{\"@id\":\"https:\/\/9staedte.de\/pl\/#\/schema\/logo\/image\/\"}}]}<\/script>\n<!-- \/ Yoast SEO plugin. -->","yoast_head_json":{"title":"Pragtfulde oplevelser i 9 byer - 9 St\u00e4dte in Niedersachsen","robots":{"index":"index","follow":"follow","max-snippet":"max-snippet:-1","max-image-preview":"max-image-preview:large","max-video-preview":"max-video-preview:-1"},"canonical":"https:\/\/9staedte.de\/pl\/pragtfulde-oplevelser-i-9-byer\/","og_locale":"pl_PL","og_type":"article","og_title":"Pragtfulde oplevelser i 9 byer - 9 St\u00e4dte in Niedersachsen","og_description":"9 miast w Dolnej Saksonii w Toskanii to idealne miejsca na sp\u0119dzenie weekendu w \u015bwietnej atmosferze! W Brunszwiku, Celle, Getyndze, Goslar, Hameln, Hanowerze, Hildesheim i Wolfenb\u00fcttel znajduj\u0105 si\u0119 obiekty wpisane na list\u0119 UNESCO, historyczne oprawy, idylliczne znaczniki, pi\u0119kne miejsca, parki i wiele innych. Historie bliver levendegjort ved et stort antal traditionsrige arrangementer. Nowoczesne galerie handlowe [&hellip;]","og_url":"https:\/\/9staedte.de\/pl\/pragtfulde-oplevelser-i-9-byer\/","og_site_name":"9 St\u00e4dte in Niedersachsen","twitter_card":"summary_large_image","twitter_misc":{"Szacowany czas czytania":"1 minuta"},"schema":{"@context":"https:\/\/schema.org","@graph":[{"@type":"WebPage","@id":"https:\/\/9staedte.de\/pl\/pragtfulde-oplevelser-i-9-byer\/","url":"https:\/\/9staedte.de\/pl\/pragtfulde-oplevelser-i-9-byer\/","name":"Pragtfulde oplevelser i 9 byer - 9 St\u00e4dte in Niedersachsen","isPartOf":{"@id":"https:\/\/9staedte.de\/pl\/#website"},"primaryImageOfPage":{"@id":"https:\/\/9staedte.de\/pl\/pragtfulde-oplevelser-i-9-byer\/#primaryimage"},"image":{"@id":"https:\/\/9staedte.de\/pl\/pragtfulde-oplevelser-i-9-byer\/#primaryimage"},"thumbnailUrl":"https:\/\/9staedte.de\/wp-content\/uploads\/2023\/03\/Hameln_Osterstrasse-c-martin-Kirchner-1.jpg","datePublished":"2023-11-02T08:49:15+00:00","breadcrumb":{"@id":"https:\/\/9staedte.de\/pl\/pragtfulde-oplevelser-i-9-byer\/#breadcrumb"},"inLanguage":"pl-PL","potentialAction":[{"@type":"ReadAction","target":["https:\/\/9staedte.de\/pl\/pragtfulde-oplevelser-i-9-byer\/"]}]},{"@type":"ImageObject","inLanguage":"pl-PL","@id":"https:\/\/9staedte.de\/pl\/pragtfulde-oplevelser-i-9-byer\/#primaryimage","url":"https:\/\/9staedte.de\/wp-content\/uploads\/2023\/03\/Hameln_Osterstrasse-c-martin-Kirchner-1.jpg","contentUrl":"https:\/\/9staedte.de\/wp-content\/uploads\/2023\/03\/Hameln_Osterstrasse-c-martin-Kirchner-1.jpg","width":860,"height":365,"caption":"Hameln, historische Altstadt, Osterstrasse"},{"@type":"BreadcrumbList","@id":"https:\/\/9staedte.de\/pl\/pragtfulde-oplevelser-i-9-byer\/#breadcrumb","itemListElement":[{"@type":"ListItem","position":1,"name":"Startseite","item":"https:\/\/9staedte.de\/pl\/"},{"@type":"ListItem","position":2,"name":"Pragtfulde oplevelser i 9 byer"}]},{"@type":"WebSite","@id":"https:\/\/9staedte.de\/pl\/#website","url":"https:\/\/9staedte.de\/pl\/","name":"9 St\u00e4dte in Niedersachsen","description":"","publisher":{"@id":"https:\/\/9staedte.de\/pl\/#organization"},"potentialAction":[{"@type":"SearchAction","target":{"@type":"EntryPoint","urlTemplate":"https:\/\/9staedte.de\/pl\/?s={search_term_string}"},"query-input":{"@type":"PropertyValueSpecification","valueRequired":true,"valueName":"search_term_string"}}],"inLanguage":"pl-PL"},{"@type":"Organization","@id":"https:\/\/9staedte.de\/pl\/#organization","name":"9 St\u00e4dte in Niedersachsen","url":"https:\/\/9staedte.de\/pl\/","logo":{"@type":"ImageObject","inLanguage":"pl-PL","@id":"https:\/\/9staedte.de\/pl\/#\/schema\/logo\/image\/","url":"https:\/\/9staedte.de\/wp-content\/uploads\/2025\/01\/9-neg-deutsch-2-1.png","contentUrl":"https:\/\/9staedte.de\/wp-content\/uploads\/2025\/01\/9-neg-deutsch-2-1.png","width":190,"height":114,"caption":"9 St\u00e4dte in Niedersachsen"},"image":{"@id":"https:\/\/9staedte.de\/pl\/#\/schema\/logo\/image\/"}}]}},"_links":{"self":[{"href":"https:\/\/9staedte.de\/pl\/wp-json\/wp\/v2\/pages\/17527","targetHints":{"allow":["GET"]}}],"collection":[{"href":"https:\/\/9staedte.de\/pl\/wp-json\/wp\/v2\/pages"}],"about":[{"href":"https:\/\/9staedte.de\/pl\/wp-json\/wp\/v2\/types\/page"}],"author":[{"embeddable":true,"href":"https:\/\/9staedte.de\/pl\/wp-json\/wp\/v2\/users\/1"}],"replies":[{"embeddable":true,"href":"https:\/\/9staedte.de\/pl\/wp-json\/wp\/v2\/comments?post=17527"}],"version-history":[{"count":0,"href":"https:\/\/9staedte.de\/pl\/wp-json\/wp\/v2\/pages\/17527\/revisions"}],"wp:featuredmedia":[{"embeddable":true,"href":"https:\/\/9staedte.de\/pl\/wp-json\/wp\/v2\/media\/17534"}],"wp:attachment":[{"href":"https:\/\/9staedte.de\/pl\/wp-json\/wp\/v2\/media?parent=17527"}],"wp:term":[{"taxonomy":"category","embeddable":true,"href":"https:\/\/9staedte.de\/pl\/wp-json\/wp\/v2\/categories?post=17527"},{"taxonomy":"post_tag","embeddable":true,"href":"https:\/\/9staedte.de\/pl\/wp-json\/wp\/v2\/tags?post=17527"},{"taxonomy":"ncap_cities_tax","embeddable":true,"href":"https:\/\/9staedte.de\/pl\/wp-json\/wp\/v2\/ncap_cities_tax?post=17527"}],"curies":[{"name":"wp","href":"https:\/\/api.w.org\/{rel}","templated":true}]}}