{"id":17509,"date":"2023-11-02T09:49:14","date_gmt":"2023-11-02T08:49:14","guid":{"rendered":"https:\/\/9staedte.de\/konferencje-i-kongresy-w-brunszwiku\/"},"modified":"2023-11-02T17:18:33","modified_gmt":"2023-11-02T16:18:33","slug":"konferencje-i-kongresy-w-brunszwiku","status":"publish","type":"page","link":"https:\/\/9staedte.de\/pl\/brunszwik-miasto-lwa\/konferencje-i-kongresy-w-brunszwiku\/","title":{"rendered":"Konferencje i kongresy w Brunszwiku"},"content":{"rendered":"\n<h2 class=\"wp-block-heading\">Spotkania w Mie\u015bcie Lwa<\/h2>\n\n\n\n<p>Organizuj konferencje i kongresy w Brunszwiku &#8211; mie\u015bcie nauki, bada\u0144 i technologii. Miasto kongresowe z optymalnymi warunkami do spotka\u0144.<\/p>\n\n\n\n<p>Braunschweig jest zaskakuj\u0105cy: du\u017ce miasto z 250 000 mieszka\u0144c\u00f3w jest jednym z najbardziej intensywnych badawczo region\u00f3w w Europie. Ponad 15 000 os\u00f3b pracuje tu i prowadzi badania w 250 firmach z sektora zaawansowanych technologii i 27 instytucjach badawczych o mi\u0119dzynarodowym znaczeniu. W og\u00f3lnokrajowym por\u00f3wnaniu region\u00f3w, Braunschweig zajmuje pierwsze miejsce pod wzgl\u0119dem odsetka os\u00f3b zatrudnionych w nauce. W tej t\u0119tni\u0105cej \u017cyciem lokalizacji badawczej Convention Bureau Braunschweig oferuje kompleksowe wsparcie w planowaniu i realizacji spotka\u0144 i kongres\u00f3w oraz obiecuje, dzi\u0119ki kreatywnym pomys\u0142om i intensywnym przygotowaniom, \u017ce ka\u017cde wydarzenie b\u0119dzie prze\u017cyciem.<\/p>\n\n\n\n<p>I jest tu mn\u00f3stwo do\u015bwiadcze\u0144! Braunschweig to du\u017ce miasto, kt\u00f3re rozwin\u0119\u0142o si\u0119 historycznie i ma do zaoferowania kompleksowy program wsparcia. Uczestnicy konferencji b\u0119d\u0105 zachwyceni licznymi zabytkami i atrakcyjnymi mo\u017cliwo\u015bciami sp\u0119dzania wolnego czasu. Zapewnia to r\u00f3wnie\u017c zr\u00f3\u017cnicowana oferta kulturalna z renomowanymi muzeami, wybitnymi wydarzeniami teatralnymi i koncertowymi, wystawami sztuki i wydarzeniami sportowymi. Ponadto istniej\u0105 restauracje z r\u00f3\u017cnorodn\u0105 ofert\u0105: od wega\u0144skich po steki Wagyu. Wieczorem r\u00f3\u017cne kluby i bary z r\u00f3\u017cnymi gatunkami muzycznymi oferuj\u0105 wystarczaj\u0105co du\u017co mo\u017cliwo\u015bci, aby zapa\u015b\u0107 w noc po ci\u0119\u017ckim dniu. Urokliwe miejsca wycieczek w okolicy uzupe\u0142niaj\u0105 opcje programu.<\/p>\n\n\n\n<div class=\"content-grid\">\n\n\n  \n  <div class=\"grid\">\n                        \n                    \n          <div class=\"featured-themen-single\">\n            <div class=\"featured-themen-single-inner\" style=\"background-image: url('https:\/\/9staedte.de\/wp-content\/smush-webp\/2022\/07\/Staatstheater-Braunschweig-c-Staatstheater-Braunshweig-Stefan-Koch.jpg.webp')\">\n              \n              <a href=\"https:\/\/9staedte.de\/pl\/oferty-i-uslugi-convention-bureau-braunschweig\/\">\n                <span>Oferty i us\u0142ugi Convention Bureau Braunschweig<\/span>\n              <\/a>\n            <\/div>\n          <\/div>\n    \n          \n                  \n                    \n          <div class=\"featured-themen-single\">\n            <div class=\"featured-themen-single-inner\" style=\"background-image: url('https:\/\/9staedte.de\/wp-content\/smush-webp\/2022\/06\/Flossfahrt-Oker-c-Braunschweig-Stadtmarketing-Gerald-Grote1.jpg.webp')\">\n              \n              <a href=\"https:\/\/9staedte.de\/pl\/zarezerwuj-nastepne-spotkania-i-konwencje-w-braunschweig\/\">\n                <span>Zarezerwuj nast\u0119pne spotkania i konwencje w Braunschweig<\/span>\n              <\/a>\n            <\/div>\n          <\/div>\n    \n          \n                  \n                    \n          <div class=\"featured-themen-single\">\n            <div class=\"featured-themen-single-inner\" style=\"background-image: url('https:\/\/9staedte.de\/wp-content\/smush-webp\/2022\/07\/Stadthalle-Braunschweig-c-Stadthalle-Braunschweig.jpg.webp')\">\n              \n              <a href=\"https:\/\/9staedte.de\/pl\/nasze-9-wskazowek-dotyczacych-konferencji-i-kongresow-w-brunszwiku\/\">\n                <span>Nasze 9 wskaz\u00f3wek dotycz\u0105cych konferencji i kongres\u00f3w w Brunszwiku<\/span>\n              <\/a>\n            <\/div>\n          <\/div>\n    \n          \n                          \n        <\/div>\n<\/div>","protected":false},"excerpt":{"rendered":"<p>Spotkania w Mie\u015bcie Lwa Organizuj konferencje i kongresy w Brunszwiku &#8211; mie\u015bcie nauki, bada\u0144 i technologii. Miasto kongresowe z optymalnymi warunkami do spotka\u0144. Braunschweig jest zaskakuj\u0105cy: du\u017ce miasto z 250 000 mieszka\u0144c\u00f3w jest jednym z najbardziej intensywnych badawczo region\u00f3w w Europie. Ponad 15 000 os\u00f3b pracuje tu i prowadzi badania w 250 firmach z sektora [&hellip;]<\/p>\n","protected":false},"author":1,"featured_media":17491,"parent":17616,"menu_order":0,"comment_status":"closed","ping_status":"closed","template":"pagetemplates\/template-stadtthema.php","meta":{"_acf_changed":false,"footnotes":""},"categories":[],"tags":[],"ncap_cities_tax":[424,1130],"class_list":["post-17509","page","type-page","status-publish","has-post-thumbnail","hentry","ncap_cities_tax-braunschweig-pl","ncap_cities_tax-tagungen-und-kongresse-braunschweig-pl"],"acf":[],"yoast_head":"<!-- This site is optimized with the Yoast SEO plugin v27.4 - https:\/\/yoast.com\/product\/yoast-seo-wordpress\/ -->\n<title>Konferencje i kongresy w Brunszwiku - 9 St\u00e4dte in Niedersachsen<\/title>\n<meta name=\"robots\" content=\"index, follow, max-snippet:-1, max-image-preview:large, max-video-preview:-1\" \/>\n<link rel=\"canonical\" href=\"https:\/\/9staedte.de\/pl\/brunszwik-miasto-lwa\/konferencje-i-kongresy-w-brunszwiku\/\" \/>\n<meta property=\"og:locale\" content=\"pl_PL\" \/>\n<meta property=\"og:type\" content=\"article\" \/>\n<meta property=\"og:title\" content=\"Konferencje i kongresy w Brunszwiku - 9 St\u00e4dte in Niedersachsen\" \/>\n<meta property=\"og:description\" content=\"Spotkania w Mie\u015bcie Lwa Organizuj konferencje i kongresy w Brunszwiku &#8211; mie\u015bcie nauki, bada\u0144 i technologii. Miasto kongresowe z optymalnymi warunkami do spotka\u0144. Braunschweig jest zaskakuj\u0105cy: du\u017ce miasto z 250 000 mieszka\u0144c\u00f3w jest jednym z najbardziej intensywnych badawczo region\u00f3w w Europie. Ponad 15 000 os\u00f3b pracuje tu i prowadzi badania w 250 firmach z sektora [&hellip;]\" \/>\n<meta property=\"og:url\" content=\"https:\/\/9staedte.de\/pl\/brunszwik-miasto-lwa\/konferencje-i-kongresy-w-brunszwiku\/\" \/>\n<meta property=\"og:site_name\" content=\"9 St\u00e4dte in Niedersachsen\" \/>\n<meta property=\"article:modified_time\" content=\"2023-11-02T16:18:33+00:00\" \/>\n<meta property=\"og:image\" content=\"https:\/\/9staedte.de\/wp-content\/uploads\/2023\/01\/Burgplatz-bei-Nacht-c-Braunschweig-Stadtmarketing-Steffen-und-Bach.jpg\" \/>\n\t<meta property=\"og:image:width\" content=\"1020\" \/>\n\t<meta property=\"og:image:height\" content=\"558\" \/>\n\t<meta property=\"og:image:type\" content=\"image\/jpeg\" \/>\n<meta name=\"twitter:card\" content=\"summary_large_image\" \/>\n<meta name=\"twitter:label1\" content=\"Szacowany czas czytania\" \/>\n\t<meta name=\"twitter:data1\" content=\"2 minuty\" \/>\n<script type=\"application\/ld+json\" class=\"yoast-schema-graph\">{\"@context\":\"https:\\\/\\\/schema.org\",\"@graph\":[{\"@type\":\"WebPage\",\"@id\":\"https:\\\/\\\/9staedte.de\\\/pl\\\/brunszwik-miasto-lwa\\\/konferencje-i-kongresy-w-brunszwiku\\\/\",\"url\":\"https:\\\/\\\/9staedte.de\\\/pl\\\/brunszwik-miasto-lwa\\\/konferencje-i-kongresy-w-brunszwiku\\\/\",\"name\":\"Konferencje i kongresy w Brunszwiku - 9 St\u00e4dte in Niedersachsen\",\"isPartOf\":{\"@id\":\"https:\\\/\\\/9staedte.de\\\/pl\\\/#website\"},\"primaryImageOfPage\":{\"@id\":\"https:\\\/\\\/9staedte.de\\\/pl\\\/brunszwik-miasto-lwa\\\/konferencje-i-kongresy-w-brunszwiku\\\/#primaryimage\"},\"image\":{\"@id\":\"https:\\\/\\\/9staedte.de\\\/pl\\\/brunszwik-miasto-lwa\\\/konferencje-i-kongresy-w-brunszwiku\\\/#primaryimage\"},\"thumbnailUrl\":\"https:\\\/\\\/9staedte.de\\\/wp-content\\\/uploads\\\/2023\\\/01\\\/Burgplatz-bei-Nacht-c-Braunschweig-Stadtmarketing-Steffen-und-Bach.jpg\",\"datePublished\":\"2023-11-02T08:49:14+00:00\",\"dateModified\":\"2023-11-02T16:18:33+00:00\",\"breadcrumb\":{\"@id\":\"https:\\\/\\\/9staedte.de\\\/pl\\\/brunszwik-miasto-lwa\\\/konferencje-i-kongresy-w-brunszwiku\\\/#breadcrumb\"},\"inLanguage\":\"pl-PL\",\"potentialAction\":[{\"@type\":\"ReadAction\",\"target\":[\"https:\\\/\\\/9staedte.de\\\/pl\\\/brunszwik-miasto-lwa\\\/konferencje-i-kongresy-w-brunszwiku\\\/\"]}]},{\"@type\":\"ImageObject\",\"inLanguage\":\"pl-PL\",\"@id\":\"https:\\\/\\\/9staedte.de\\\/pl\\\/brunszwik-miasto-lwa\\\/konferencje-i-kongresy-w-brunszwiku\\\/#primaryimage\",\"url\":\"https:\\\/\\\/9staedte.de\\\/wp-content\\\/uploads\\\/2023\\\/01\\\/Burgplatz-bei-Nacht-c-Braunschweig-Stadtmarketing-Steffen-und-Bach.jpg\",\"contentUrl\":\"https:\\\/\\\/9staedte.de\\\/wp-content\\\/uploads\\\/2023\\\/01\\\/Burgplatz-bei-Nacht-c-Braunschweig-Stadtmarketing-Steffen-und-Bach.jpg\",\"width\":1020,\"height\":558,\"caption\":\"Burgplatz bei Nacht c) Braunschweig Stadtmarketing Steffen und Bach\"},{\"@type\":\"BreadcrumbList\",\"@id\":\"https:\\\/\\\/9staedte.de\\\/pl\\\/brunszwik-miasto-lwa\\\/konferencje-i-kongresy-w-brunszwiku\\\/#breadcrumb\",\"itemListElement\":[{\"@type\":\"ListItem\",\"position\":1,\"name\":\"Startseite\",\"item\":\"https:\\\/\\\/9staedte.de\\\/pl\\\/\"},{\"@type\":\"ListItem\",\"position\":2,\"name\":\"Brunszwik &#8211; City of Lions\",\"item\":\"https:\\\/\\\/9staedte.de\\\/pl\\\/brunszwik-miasto-lwa\\\/\"},{\"@type\":\"ListItem\",\"position\":3,\"name\":\"Konferencje i kongresy w Brunszwiku\"}]},{\"@type\":\"WebSite\",\"@id\":\"https:\\\/\\\/9staedte.de\\\/pl\\\/#website\",\"url\":\"https:\\\/\\\/9staedte.de\\\/pl\\\/\",\"name\":\"9 St\u00e4dte in Niedersachsen\",\"description\":\"\",\"publisher\":{\"@id\":\"https:\\\/\\\/9staedte.de\\\/pl\\\/#organization\"},\"potentialAction\":[{\"@type\":\"SearchAction\",\"target\":{\"@type\":\"EntryPoint\",\"urlTemplate\":\"https:\\\/\\\/9staedte.de\\\/pl\\\/?s={search_term_string}\"},\"query-input\":{\"@type\":\"PropertyValueSpecification\",\"valueRequired\":true,\"valueName\":\"search_term_string\"}}],\"inLanguage\":\"pl-PL\"},{\"@type\":\"Organization\",\"@id\":\"https:\\\/\\\/9staedte.de\\\/pl\\\/#organization\",\"name\":\"9 St\u00e4dte in Niedersachsen\",\"url\":\"https:\\\/\\\/9staedte.de\\\/pl\\\/\",\"logo\":{\"@type\":\"ImageObject\",\"inLanguage\":\"pl-PL\",\"@id\":\"https:\\\/\\\/9staedte.de\\\/pl\\\/#\\\/schema\\\/logo\\\/image\\\/\",\"url\":\"https:\\\/\\\/9staedte.de\\\/wp-content\\\/uploads\\\/2025\\\/01\\\/9-neg-deutsch-2-1.png\",\"contentUrl\":\"https:\\\/\\\/9staedte.de\\\/wp-content\\\/uploads\\\/2025\\\/01\\\/9-neg-deutsch-2-1.png\",\"width\":190,\"height\":114,\"caption\":\"9 St\u00e4dte in Niedersachsen\"},\"image\":{\"@id\":\"https:\\\/\\\/9staedte.de\\\/pl\\\/#\\\/schema\\\/logo\\\/image\\\/\"}}]}<\/script>\n<!-- \/ Yoast SEO plugin. -->","yoast_head_json":{"title":"Konferencje i kongresy w Brunszwiku - 9 St\u00e4dte in Niedersachsen","robots":{"index":"index","follow":"follow","max-snippet":"max-snippet:-1","max-image-preview":"max-image-preview:large","max-video-preview":"max-video-preview:-1"},"canonical":"https:\/\/9staedte.de\/pl\/brunszwik-miasto-lwa\/konferencje-i-kongresy-w-brunszwiku\/","og_locale":"pl_PL","og_type":"article","og_title":"Konferencje i kongresy w Brunszwiku - 9 St\u00e4dte in Niedersachsen","og_description":"Spotkania w Mie\u015bcie Lwa Organizuj konferencje i kongresy w Brunszwiku &#8211; mie\u015bcie nauki, bada\u0144 i technologii. Miasto kongresowe z optymalnymi warunkami do spotka\u0144. Braunschweig jest zaskakuj\u0105cy: du\u017ce miasto z 250 000 mieszka\u0144c\u00f3w jest jednym z najbardziej intensywnych badawczo region\u00f3w w Europie. Ponad 15 000 os\u00f3b pracuje tu i prowadzi badania w 250 firmach z sektora [&hellip;]","og_url":"https:\/\/9staedte.de\/pl\/brunszwik-miasto-lwa\/konferencje-i-kongresy-w-brunszwiku\/","og_site_name":"9 St\u00e4dte in Niedersachsen","article_modified_time":"2023-11-02T16:18:33+00:00","og_image":[{"width":1020,"height":558,"url":"https:\/\/9staedte.de\/wp-content\/uploads\/2023\/01\/Burgplatz-bei-Nacht-c-Braunschweig-Stadtmarketing-Steffen-und-Bach.jpg","type":"image\/jpeg"}],"twitter_card":"summary_large_image","twitter_misc":{"Szacowany czas czytania":"2 minuty"},"schema":{"@context":"https:\/\/schema.org","@graph":[{"@type":"WebPage","@id":"https:\/\/9staedte.de\/pl\/brunszwik-miasto-lwa\/konferencje-i-kongresy-w-brunszwiku\/","url":"https:\/\/9staedte.de\/pl\/brunszwik-miasto-lwa\/konferencje-i-kongresy-w-brunszwiku\/","name":"Konferencje i kongresy w Brunszwiku - 9 St\u00e4dte in Niedersachsen","isPartOf":{"@id":"https:\/\/9staedte.de\/pl\/#website"},"primaryImageOfPage":{"@id":"https:\/\/9staedte.de\/pl\/brunszwik-miasto-lwa\/konferencje-i-kongresy-w-brunszwiku\/#primaryimage"},"image":{"@id":"https:\/\/9staedte.de\/pl\/brunszwik-miasto-lwa\/konferencje-i-kongresy-w-brunszwiku\/#primaryimage"},"thumbnailUrl":"https:\/\/9staedte.de\/wp-content\/uploads\/2023\/01\/Burgplatz-bei-Nacht-c-Braunschweig-Stadtmarketing-Steffen-und-Bach.jpg","datePublished":"2023-11-02T08:49:14+00:00","dateModified":"2023-11-02T16:18:33+00:00","breadcrumb":{"@id":"https:\/\/9staedte.de\/pl\/brunszwik-miasto-lwa\/konferencje-i-kongresy-w-brunszwiku\/#breadcrumb"},"inLanguage":"pl-PL","potentialAction":[{"@type":"ReadAction","target":["https:\/\/9staedte.de\/pl\/brunszwik-miasto-lwa\/konferencje-i-kongresy-w-brunszwiku\/"]}]},{"@type":"ImageObject","inLanguage":"pl-PL","@id":"https:\/\/9staedte.de\/pl\/brunszwik-miasto-lwa\/konferencje-i-kongresy-w-brunszwiku\/#primaryimage","url":"https:\/\/9staedte.de\/wp-content\/uploads\/2023\/01\/Burgplatz-bei-Nacht-c-Braunschweig-Stadtmarketing-Steffen-und-Bach.jpg","contentUrl":"https:\/\/9staedte.de\/wp-content\/uploads\/2023\/01\/Burgplatz-bei-Nacht-c-Braunschweig-Stadtmarketing-Steffen-und-Bach.jpg","width":1020,"height":558,"caption":"Burgplatz bei Nacht c) Braunschweig Stadtmarketing Steffen und Bach"},{"@type":"BreadcrumbList","@id":"https:\/\/9staedte.de\/pl\/brunszwik-miasto-lwa\/konferencje-i-kongresy-w-brunszwiku\/#breadcrumb","itemListElement":[{"@type":"ListItem","position":1,"name":"Startseite","item":"https:\/\/9staedte.de\/pl\/"},{"@type":"ListItem","position":2,"name":"Brunszwik &#8211; City of Lions","item":"https:\/\/9staedte.de\/pl\/brunszwik-miasto-lwa\/"},{"@type":"ListItem","position":3,"name":"Konferencje i kongresy w Brunszwiku"}]},{"@type":"WebSite","@id":"https:\/\/9staedte.de\/pl\/#website","url":"https:\/\/9staedte.de\/pl\/","name":"9 St\u00e4dte in Niedersachsen","description":"","publisher":{"@id":"https:\/\/9staedte.de\/pl\/#organization"},"potentialAction":[{"@type":"SearchAction","target":{"@type":"EntryPoint","urlTemplate":"https:\/\/9staedte.de\/pl\/?s={search_term_string}"},"query-input":{"@type":"PropertyValueSpecification","valueRequired":true,"valueName":"search_term_string"}}],"inLanguage":"pl-PL"},{"@type":"Organization","@id":"https:\/\/9staedte.de\/pl\/#organization","name":"9 St\u00e4dte in Niedersachsen","url":"https:\/\/9staedte.de\/pl\/","logo":{"@type":"ImageObject","inLanguage":"pl-PL","@id":"https:\/\/9staedte.de\/pl\/#\/schema\/logo\/image\/","url":"https:\/\/9staedte.de\/wp-content\/uploads\/2025\/01\/9-neg-deutsch-2-1.png","contentUrl":"https:\/\/9staedte.de\/wp-content\/uploads\/2025\/01\/9-neg-deutsch-2-1.png","width":190,"height":114,"caption":"9 St\u00e4dte in Niedersachsen"},"image":{"@id":"https:\/\/9staedte.de\/pl\/#\/schema\/logo\/image\/"}}]}},"_links":{"self":[{"href":"https:\/\/9staedte.de\/pl\/wp-json\/wp\/v2\/pages\/17509","targetHints":{"allow":["GET"]}}],"collection":[{"href":"https:\/\/9staedte.de\/pl\/wp-json\/wp\/v2\/pages"}],"about":[{"href":"https:\/\/9staedte.de\/pl\/wp-json\/wp\/v2\/types\/page"}],"author":[{"embeddable":true,"href":"https:\/\/9staedte.de\/pl\/wp-json\/wp\/v2\/users\/1"}],"replies":[{"embeddable":true,"href":"https:\/\/9staedte.de\/pl\/wp-json\/wp\/v2\/comments?post=17509"}],"version-history":[{"count":1,"href":"https:\/\/9staedte.de\/pl\/wp-json\/wp\/v2\/pages\/17509\/revisions"}],"predecessor-version":[{"id":19709,"href":"https:\/\/9staedte.de\/pl\/wp-json\/wp\/v2\/pages\/17509\/revisions\/19709"}],"up":[{"embeddable":true,"href":"https:\/\/9staedte.de\/pl\/wp-json\/wp\/v2\/pages\/17616"}],"wp:featuredmedia":[{"embeddable":true,"href":"https:\/\/9staedte.de\/pl\/wp-json\/wp\/v2\/media\/17491"}],"wp:attachment":[{"href":"https:\/\/9staedte.de\/pl\/wp-json\/wp\/v2\/media?parent=17509"}],"wp:term":[{"taxonomy":"category","embeddable":true,"href":"https:\/\/9staedte.de\/pl\/wp-json\/wp\/v2\/categories?post=17509"},{"taxonomy":"post_tag","embeddable":true,"href":"https:\/\/9staedte.de\/pl\/wp-json\/wp\/v2\/tags?post=17509"},{"taxonomy":"ncap_cities_tax","embeddable":true,"href":"https:\/\/9staedte.de\/pl\/wp-json\/wp\/v2\/ncap_cities_tax?post=17509"}],"curies":[{"name":"wp","href":"https:\/\/api.w.org\/{rel}","templated":true}]}}