{"id":17508,"date":"2023-11-02T09:49:14","date_gmt":"2023-11-02T08:49:14","guid":{"rendered":"https:\/\/9staedte.de\/9-miejscowosci-w-dolnej-saksonii-basse-saxe\/"},"modified":"2023-11-02T09:49:14","modified_gmt":"2023-11-02T08:49:14","slug":"9-miejscowosci-w-dolnej-saksonii-basse-saxe","status":"publish","type":"page","link":"https:\/\/9staedte.de\/pl\/9-miejscowosci-w-dolnej-saksonii-basse-saxe\/","title":{"rendered":"9 miejscowo\u015bci w Dolnej Saksonii (Basse-Saxe)"},"content":{"rendered":"\n<p><strong>9 miejscowo\u015bci w Dolnej Saksonii:<\/strong><\/p>\n\n\n\n<p>Istnieje niesko\u0144czona mo\u017cliwo\u015b\u0107 odwiedzenia 9 miast! Bogate w tradycj\u0119 wydarzenia kulturalne, zabytki wpisane na list\u0119 \u015bwiatowego dziedzictwa UNESCO, historyczne miasta \u015bredniowiecza, idylliczne zespo\u0142y dom\u00f3w kolonialnych, mi\u0142a go\u015bcinno\u015b\u0107, nowoczesne stragany, czaruj\u0105ca rozrywka&#8230;<\/p>\n\n\n\n<p>Zaplanuj wizyt\u0119 w 9 miastach. Ka\u017cda z tych miejscowo\u015bci ma sw\u00f3j niepowtarzalny urok, kt\u00f3ry sprawia, \u017ce ka\u017cda z nich jest fascynuj\u0105ca. Wizyta w jednej lub kilku z tych miejscowo\u015bci mo\u017ce by\u0107 uzupe\u0142niona wycieczk\u0105 po krainie Lunebourg, w g\u00f3rach Harz lub w regionie g\u00f3rskim Wezery. Centralne lotnisko na p\u00f3\u0142nocy Niemiec, lotnisko Hanovre, a tak\u017ce optymalne po\u0142\u0105czenia autostradowe i kolejowe sprawiaj\u0105, \u017ce podr\u00f3\u017c jest przyjemna.<\/p>\n\n\n\n<p>Rozpocznij swoj\u0105 podr\u00f3\u017c przez histori\u0119 dzi\u0119ki wycieczce po \u015bwiecie inspirowanej Autostadt de Wolfsbourg. Prze\u017cyj do\u015bwiadczenia zwi\u0105zane z przysz\u0142o\u015bci\u0105 mobilno\u015bci, podr\u00f3\u017cuj w czasie historii motoryzacji i odkrywaj wszech\u015bwiat technologii i innowacji.<\/p>\n\n\n\n<div style=\"height:60px\" aria-hidden=\"true\" class=\"wp-block-spacer\"><\/div>\n\n\n\n<div class=\"content-grid\">\n\n\n  \n  <div class=\"grid\">\n                        \n                    \n          <div class=\"featured-themen-single\">\n            <div class=\"featured-themen-single-inner\" style=\"background-image: url('')\">\n              \n              <a href=\"https:\/\/9staedte.de\/braunschweig-brunswick-grande-ville-animee-et-historique\/\">\n                <span>Braunschweig (Brunswick) \u2013 Grande ville anim\u00e9e et historique<\/span>\n              <\/a>\n            <\/div>\n          <\/div>\n    \n          \n                  \n                    \n          <div class=\"featured-themen-single\">\n            <div class=\"featured-themen-single-inner\" style=\"background-image: url('')\">\n              \n              <a href=\"https:\/\/9staedte.de\/celle-charmante-ville-residentielle-comptant-le-plus-grand-nombre-de-maisons-a-colombages-deurope\/\">\n                <span>Celle \u2013 Charmante ville r\u00e9sidentielle comptant le plus grand nombre de maisons \u00e0 colombages d\u2019Europe<\/span>\n              <\/a>\n            <\/div>\n          <\/div>\n    \n          \n                  \n                    \n          <div class=\"featured-themen-single\">\n            <div class=\"featured-themen-single-inner\" style=\"background-image: url('')\">\n              \n              <a href=\"https:\/\/9staedte.de\/einbeck-vehicules-anciens-maisons-a-colombages-et-biere\/\">\n                <span>Einbeck \u2013 V\u00e9hicules anciens, maisons \u00e0 colombages et bi\u00e8re<\/span>\n              <\/a>\n            <\/div>\n          <\/div>\n    \n          \n                  \n                    \n          <div class=\"featured-themen-single\">\n            <div class=\"featured-themen-single-inner\" style=\"background-image: url('')\">\n              \n              <a href=\"https:\/\/9staedte.de\/goettingen-ville-creatrice-de-savoir\/\">\n                <span>G\u00f6ttingen \u2013 Ville cr\u00e9atrice de savoir<\/span>\n              <\/a>\n            <\/div>\n          <\/div>\n    \n          \n                  \n                    \n          <div class=\"featured-themen-single\">\n            <div class=\"featured-themen-single-inner\" style=\"background-image: url('')\">\n              \n              <a href=\"https:\/\/9staedte.de\/goslar-patrimoine-culturel-mondial-au-coeur-du-harz\/\">\n                <span>Goslar \u2013 Patrimoine culturel mondial au coeur du Harz<\/span>\n              <\/a>\n            <\/div>\n          <\/div>\n    \n          \n                  \n                    \n          <div class=\"featured-themen-single\">\n            <div class=\"featured-themen-single-inner\" style=\"background-image: url('')\">\n              \n              <a href=\"https:\/\/9staedte.de\/hameln-hamelin-la-ville-du-joueur-de-flute\/\">\n                <span>Hameln (Hamelin) \u2013 La ville du Joueur de fl\u00fbte<\/span>\n              <\/a>\n            <\/div>\n          <\/div>\n    \n          \n                  \n                    \n          <div class=\"featured-themen-single\">\n            <div class=\"featured-themen-single-inner\" style=\"background-image: url('')\">\n              \n              <a href=\"https:\/\/9staedte.de\/hannover-hanovre-une-ville-attachante-ou-il-fait-bon-vivre\/\">\n                <span>Hannover (Hanovre) \u2013 Une ville attachante o\u00f9 il fait bon vivre<\/span>\n              <\/a>\n            <\/div>\n          <\/div>\n    \n          \n                  \n                    \n          <div class=\"featured-themen-single\">\n            <div class=\"featured-themen-single-inner\" style=\"background-image: url('')\">\n              \n              <a href=\"https:\/\/9staedte.de\/hildesheim-une-ville-empreinte-de-culture-et-dhistoire-connue-pour-ses-maisons-a-colombages\/\">\n                <span>Hildesheim \u2013 Une ville empreinte de culture et d\u2019histoire connue pour ses maisons \u00e0 colombages<\/span>\n              <\/a>\n            <\/div>\n          <\/div>\n    \n          \n                  \n                    \n          <div class=\"featured-themen-single\">\n            <div class=\"featured-themen-single-inner\" style=\"background-image: url('')\">\n              \n              <a href=\"https:\/\/9staedte.de\/wolfenbuettel-maisons-a-colombages-et-jaegermeister\/\">\n                <span>Wolfenb\u00fcttel \u2013 Maisons \u00e0 colombages et J\u00e4germeister<\/span>\n              <\/a>\n            <\/div>\n          <\/div>\n    \n          \n                  \n                    \n          <div class=\"featured-themen-single\">\n            <div class=\"featured-themen-single-inner\" style=\"background-image: url('')\">\n              \n              <a href=\"https:\/\/9staedte.de\/autostadt-a-wolfsburg-une-immersion-dans-lunivers-de-la-mobilite\/\">\n                <span>Autostadt \u00e0 Wolfsburg \u2013 Une immersion dans l\u2019univers de la mobilit\u00e9<\/span>\n              <\/a>\n            <\/div>\n          <\/div>\n    \n          \n                          \n        <\/div>\n<\/div>","protected":false},"excerpt":{"rendered":"<p>9 miejscowo\u015bci w Dolnej Saksonii: Istnieje niesko\u0144czona mo\u017cliwo\u015b\u0107 odwiedzenia 9 miast! Bogate w tradycj\u0119 wydarzenia kulturalne, zabytki wpisane na list\u0119 \u015bwiatowego dziedzictwa UNESCO, historyczne miasta \u015bredniowiecza, idylliczne zespo\u0142y dom\u00f3w kolonialnych, mi\u0142a go\u015bcinno\u015b\u0107, nowoczesne stragany, czaruj\u0105ca rozrywka&#8230; Zaplanuj wizyt\u0119 w 9 miastach. Ka\u017cda z tych miejscowo\u015bci ma sw\u00f3j niepowtarzalny urok, kt\u00f3ry sprawia, \u017ce ka\u017cda z nich [&hellip;]<\/p>\n","protected":false},"author":1,"featured_media":0,"parent":0,"menu_order":0,"comment_status":"closed","ping_status":"closed","template":"","meta":{"_acf_changed":false,"footnotes":""},"categories":[],"tags":[],"ncap_cities_tax":[],"class_list":["post-17508","page","type-page","status-publish","hentry"],"acf":[],"yoast_head":"<!-- This site is optimized with the Yoast SEO plugin v27.4 - https:\/\/yoast.com\/product\/yoast-seo-wordpress\/ -->\n<title>9 miejscowo\u015bci w Dolnej Saksonii (Basse-Saxe) - 9 St\u00e4dte in Niedersachsen<\/title>\n<meta name=\"robots\" content=\"index, follow, max-snippet:-1, max-image-preview:large, max-video-preview:-1\" \/>\n<link rel=\"canonical\" href=\"https:\/\/9staedte.de\/pl\/9-miejscowosci-w-dolnej-saksonii-basse-saxe\/\" \/>\n<meta property=\"og:locale\" content=\"pl_PL\" \/>\n<meta property=\"og:type\" content=\"article\" \/>\n<meta property=\"og:title\" content=\"9 miejscowo\u015bci w Dolnej Saksonii (Basse-Saxe) - 9 St\u00e4dte in Niedersachsen\" \/>\n<meta property=\"og:description\" content=\"9 miejscowo\u015bci w Dolnej Saksonii: Istnieje niesko\u0144czona mo\u017cliwo\u015b\u0107 odwiedzenia 9 miast! Bogate w tradycj\u0119 wydarzenia kulturalne, zabytki wpisane na list\u0119 \u015bwiatowego dziedzictwa UNESCO, historyczne miasta \u015bredniowiecza, idylliczne zespo\u0142y dom\u00f3w kolonialnych, mi\u0142a go\u015bcinno\u015b\u0107, nowoczesne stragany, czaruj\u0105ca rozrywka&#8230; Zaplanuj wizyt\u0119 w 9 miastach. Ka\u017cda z tych miejscowo\u015bci ma sw\u00f3j niepowtarzalny urok, kt\u00f3ry sprawia, \u017ce ka\u017cda z nich [&hellip;]\" \/>\n<meta property=\"og:url\" content=\"https:\/\/9staedte.de\/pl\/9-miejscowosci-w-dolnej-saksonii-basse-saxe\/\" \/>\n<meta property=\"og:site_name\" content=\"9 St\u00e4dte in Niedersachsen\" \/>\n<meta name=\"twitter:card\" content=\"summary_large_image\" \/>\n<meta name=\"twitter:label1\" content=\"Szacowany czas czytania\" \/>\n\t<meta name=\"twitter:data1\" content=\"1 minuta\" \/>\n<script type=\"application\/ld+json\" class=\"yoast-schema-graph\">{\"@context\":\"https:\\\/\\\/schema.org\",\"@graph\":[{\"@type\":\"WebPage\",\"@id\":\"https:\\\/\\\/9staedte.de\\\/pl\\\/9-miejscowosci-w-dolnej-saksonii-basse-saxe\\\/\",\"url\":\"https:\\\/\\\/9staedte.de\\\/pl\\\/9-miejscowosci-w-dolnej-saksonii-basse-saxe\\\/\",\"name\":\"9 miejscowo\u015bci w Dolnej Saksonii (Basse-Saxe) - 9 St\u00e4dte in Niedersachsen\",\"isPartOf\":{\"@id\":\"https:\\\/\\\/9staedte.de\\\/pl\\\/#website\"},\"datePublished\":\"2023-11-02T08:49:14+00:00\",\"breadcrumb\":{\"@id\":\"https:\\\/\\\/9staedte.de\\\/pl\\\/9-miejscowosci-w-dolnej-saksonii-basse-saxe\\\/#breadcrumb\"},\"inLanguage\":\"pl-PL\",\"potentialAction\":[{\"@type\":\"ReadAction\",\"target\":[\"https:\\\/\\\/9staedte.de\\\/pl\\\/9-miejscowosci-w-dolnej-saksonii-basse-saxe\\\/\"]}]},{\"@type\":\"BreadcrumbList\",\"@id\":\"https:\\\/\\\/9staedte.de\\\/pl\\\/9-miejscowosci-w-dolnej-saksonii-basse-saxe\\\/#breadcrumb\",\"itemListElement\":[{\"@type\":\"ListItem\",\"position\":1,\"name\":\"Startseite\",\"item\":\"https:\\\/\\\/9staedte.de\\\/pl\\\/\"},{\"@type\":\"ListItem\",\"position\":2,\"name\":\"9 miejscowo\u015bci w Dolnej Saksonii (Basse-Saxe)\"}]},{\"@type\":\"WebSite\",\"@id\":\"https:\\\/\\\/9staedte.de\\\/pl\\\/#website\",\"url\":\"https:\\\/\\\/9staedte.de\\\/pl\\\/\",\"name\":\"9 St\u00e4dte in Niedersachsen\",\"description\":\"\",\"publisher\":{\"@id\":\"https:\\\/\\\/9staedte.de\\\/pl\\\/#organization\"},\"potentialAction\":[{\"@type\":\"SearchAction\",\"target\":{\"@type\":\"EntryPoint\",\"urlTemplate\":\"https:\\\/\\\/9staedte.de\\\/pl\\\/?s={search_term_string}\"},\"query-input\":{\"@type\":\"PropertyValueSpecification\",\"valueRequired\":true,\"valueName\":\"search_term_string\"}}],\"inLanguage\":\"pl-PL\"},{\"@type\":\"Organization\",\"@id\":\"https:\\\/\\\/9staedte.de\\\/pl\\\/#organization\",\"name\":\"9 St\u00e4dte in Niedersachsen\",\"url\":\"https:\\\/\\\/9staedte.de\\\/pl\\\/\",\"logo\":{\"@type\":\"ImageObject\",\"inLanguage\":\"pl-PL\",\"@id\":\"https:\\\/\\\/9staedte.de\\\/pl\\\/#\\\/schema\\\/logo\\\/image\\\/\",\"url\":\"https:\\\/\\\/9staedte.de\\\/wp-content\\\/uploads\\\/2025\\\/01\\\/9-neg-deutsch-2-1.png\",\"contentUrl\":\"https:\\\/\\\/9staedte.de\\\/wp-content\\\/uploads\\\/2025\\\/01\\\/9-neg-deutsch-2-1.png\",\"width\":190,\"height\":114,\"caption\":\"9 St\u00e4dte in Niedersachsen\"},\"image\":{\"@id\":\"https:\\\/\\\/9staedte.de\\\/pl\\\/#\\\/schema\\\/logo\\\/image\\\/\"}}]}<\/script>\n<!-- \/ Yoast SEO plugin. -->","yoast_head_json":{"title":"9 miejscowo\u015bci w Dolnej Saksonii (Basse-Saxe) - 9 St\u00e4dte in Niedersachsen","robots":{"index":"index","follow":"follow","max-snippet":"max-snippet:-1","max-image-preview":"max-image-preview:large","max-video-preview":"max-video-preview:-1"},"canonical":"https:\/\/9staedte.de\/pl\/9-miejscowosci-w-dolnej-saksonii-basse-saxe\/","og_locale":"pl_PL","og_type":"article","og_title":"9 miejscowo\u015bci w Dolnej Saksonii (Basse-Saxe) - 9 St\u00e4dte in Niedersachsen","og_description":"9 miejscowo\u015bci w Dolnej Saksonii: Istnieje niesko\u0144czona mo\u017cliwo\u015b\u0107 odwiedzenia 9 miast! Bogate w tradycj\u0119 wydarzenia kulturalne, zabytki wpisane na list\u0119 \u015bwiatowego dziedzictwa UNESCO, historyczne miasta \u015bredniowiecza, idylliczne zespo\u0142y dom\u00f3w kolonialnych, mi\u0142a go\u015bcinno\u015b\u0107, nowoczesne stragany, czaruj\u0105ca rozrywka&#8230; Zaplanuj wizyt\u0119 w 9 miastach. Ka\u017cda z tych miejscowo\u015bci ma sw\u00f3j niepowtarzalny urok, kt\u00f3ry sprawia, \u017ce ka\u017cda z nich [&hellip;]","og_url":"https:\/\/9staedte.de\/pl\/9-miejscowosci-w-dolnej-saksonii-basse-saxe\/","og_site_name":"9 St\u00e4dte in Niedersachsen","twitter_card":"summary_large_image","twitter_misc":{"Szacowany czas czytania":"1 minuta"},"schema":{"@context":"https:\/\/schema.org","@graph":[{"@type":"WebPage","@id":"https:\/\/9staedte.de\/pl\/9-miejscowosci-w-dolnej-saksonii-basse-saxe\/","url":"https:\/\/9staedte.de\/pl\/9-miejscowosci-w-dolnej-saksonii-basse-saxe\/","name":"9 miejscowo\u015bci w Dolnej Saksonii (Basse-Saxe) - 9 St\u00e4dte in Niedersachsen","isPartOf":{"@id":"https:\/\/9staedte.de\/pl\/#website"},"datePublished":"2023-11-02T08:49:14+00:00","breadcrumb":{"@id":"https:\/\/9staedte.de\/pl\/9-miejscowosci-w-dolnej-saksonii-basse-saxe\/#breadcrumb"},"inLanguage":"pl-PL","potentialAction":[{"@type":"ReadAction","target":["https:\/\/9staedte.de\/pl\/9-miejscowosci-w-dolnej-saksonii-basse-saxe\/"]}]},{"@type":"BreadcrumbList","@id":"https:\/\/9staedte.de\/pl\/9-miejscowosci-w-dolnej-saksonii-basse-saxe\/#breadcrumb","itemListElement":[{"@type":"ListItem","position":1,"name":"Startseite","item":"https:\/\/9staedte.de\/pl\/"},{"@type":"ListItem","position":2,"name":"9 miejscowo\u015bci w Dolnej Saksonii (Basse-Saxe)"}]},{"@type":"WebSite","@id":"https:\/\/9staedte.de\/pl\/#website","url":"https:\/\/9staedte.de\/pl\/","name":"9 St\u00e4dte in Niedersachsen","description":"","publisher":{"@id":"https:\/\/9staedte.de\/pl\/#organization"},"potentialAction":[{"@type":"SearchAction","target":{"@type":"EntryPoint","urlTemplate":"https:\/\/9staedte.de\/pl\/?s={search_term_string}"},"query-input":{"@type":"PropertyValueSpecification","valueRequired":true,"valueName":"search_term_string"}}],"inLanguage":"pl-PL"},{"@type":"Organization","@id":"https:\/\/9staedte.de\/pl\/#organization","name":"9 St\u00e4dte in Niedersachsen","url":"https:\/\/9staedte.de\/pl\/","logo":{"@type":"ImageObject","inLanguage":"pl-PL","@id":"https:\/\/9staedte.de\/pl\/#\/schema\/logo\/image\/","url":"https:\/\/9staedte.de\/wp-content\/uploads\/2025\/01\/9-neg-deutsch-2-1.png","contentUrl":"https:\/\/9staedte.de\/wp-content\/uploads\/2025\/01\/9-neg-deutsch-2-1.png","width":190,"height":114,"caption":"9 St\u00e4dte in Niedersachsen"},"image":{"@id":"https:\/\/9staedte.de\/pl\/#\/schema\/logo\/image\/"}}]}},"_links":{"self":[{"href":"https:\/\/9staedte.de\/pl\/wp-json\/wp\/v2\/pages\/17508","targetHints":{"allow":["GET"]}}],"collection":[{"href":"https:\/\/9staedte.de\/pl\/wp-json\/wp\/v2\/pages"}],"about":[{"href":"https:\/\/9staedte.de\/pl\/wp-json\/wp\/v2\/types\/page"}],"author":[{"embeddable":true,"href":"https:\/\/9staedte.de\/pl\/wp-json\/wp\/v2\/users\/1"}],"replies":[{"embeddable":true,"href":"https:\/\/9staedte.de\/pl\/wp-json\/wp\/v2\/comments?post=17508"}],"version-history":[{"count":0,"href":"https:\/\/9staedte.de\/pl\/wp-json\/wp\/v2\/pages\/17508\/revisions"}],"wp:attachment":[{"href":"https:\/\/9staedte.de\/pl\/wp-json\/wp\/v2\/media?parent=17508"}],"wp:term":[{"taxonomy":"category","embeddable":true,"href":"https:\/\/9staedte.de\/pl\/wp-json\/wp\/v2\/categories?post=17508"},{"taxonomy":"post_tag","embeddable":true,"href":"https:\/\/9staedte.de\/pl\/wp-json\/wp\/v2\/tags?post=17508"},{"taxonomy":"ncap_cities_tax","embeddable":true,"href":"https:\/\/9staedte.de\/pl\/wp-json\/wp\/v2\/ncap_cities_tax?post=17508"}],"curies":[{"name":"wp","href":"https:\/\/api.w.org\/{rel}","templated":true}]}}