{"id":17492,"date":"2023-11-02T09:49:12","date_gmt":"2023-11-02T08:49:12","guid":{"rendered":"https:\/\/9staedte.de\/9-miast-w-dolnej-saksonii-porady-i-informacje-2\/"},"modified":"2023-11-02T09:49:12","modified_gmt":"2023-11-02T08:49:12","slug":"9-miast-w-dolnej-saksonii-porady-i-informacje-2","status":"publish","type":"page","link":"https:\/\/9staedte.de\/pl\/9-miast-w-dolnej-saksonii-porady-i-informacje-2\/","title":{"rendered":"9 Miast w Dolnej Saksonii &#8211; Porady i informacje"},"content":{"rendered":"\n<p>Istnieje niesko\u0144czenie wiele powod\u00f3w, aby odwiedzi\u0107 9 miast Dolnej Saksonii! Tradycyjne imprezy, \u015bwiatowe dziedzictwo UNESCO, \u015bredniowieczne stare miasta, idylliczne zespo\u0142y z muru pruskiego, spokojna go\u015bcinno\u015b\u0107, nowoczesne pasa\u017ce handlowe, t\u0119tni\u0105cy \u017cyciem zgie\u0142k &#8230;<\/p>\n\n\n\n<p>Zaplanuj wycieczk\u0119 po 9 miastach. Ka\u017cde miasto fascynuje swoim wyj\u0105tkowym urokiem. Wizyt\u0119 w jednym lub kilku historycznych miastach mo\u017cna idealnie po\u0142\u0105czy\u0107 z wycieczk\u0105 po wrzosowiskach L\u00fcneburg, Harz lub Weserbergland. Centralne lotnisko w p\u00f3\u0142nocnych Niemczech, lotnisko w Hanowerze, a tak\u017ce dobre po\u0142\u0105czenia kolejowe i autostradowe zapewniaj\u0105 przyjemn\u0105 podr\u00f3\u017c.<\/p>\n\n\n\n<p>Wskaz\u00f3wka: Po\u0142\u0105cz podr\u00f3\u017c do historii z wycieczk\u0105 do inspiruj\u0105cego \u015bwiata Autostadt w Wolfsburgu.<\/p>\n\n\n\n<div style=\"height:60px\" aria-hidden=\"true\" class=\"wp-block-spacer\"><\/div>\n\n\n\n<div class=\"content-grid\">\n\n\n  \n  <div class=\"grid\">\n                        \n                    \n          <div class=\"featured-themen-single\">\n            <div class=\"featured-themen-single-inner\" style=\"background-image: url('')\">\n              \n              <a href=\"https:\/\/9staedte.de\/braunschweig-lebendige-grossstadt-mit-geschichte\/\">\n                <span>Braunschweig \u2013 Lebendige Gro\u00dfstadt mit Geschichte<\/span>\n              <\/a>\n            <\/div>\n          <\/div>\n    \n          \n                  \n                    \n          <div class=\"featured-themen-single\">\n            <div class=\"featured-themen-single-inner\" style=\"background-image: url('')\">\n              \n              <a href=\"https:\/\/9staedte.de\/celle-liebenswerte-residenzstadt-mit-europas-groesstem-fachwerkensemble\/\">\n                <span>Celle \u2013 Liebenswerte Residenzstadt mit Europas gr\u00f6\u00dftem Fachwerkensemble<\/span>\n              <\/a>\n            <\/div>\n          <\/div>\n    \n          \n                  \n                    \n          <div class=\"featured-themen-single\">\n            <div class=\"featured-themen-single-inner\" style=\"background-image: url('')\">\n              \n              <a href=\"https:\/\/9staedte.de\/einbeck-oldtimer-fachwerk-und-bier\/\">\n                <span>Einbeck \u2013 Oldtimer, Fachwerk und Bier<\/span>\n              <\/a>\n            <\/div>\n          <\/div>\n    \n          \n                  \n                    \n          <div class=\"featured-themen-single\">\n            <div class=\"featured-themen-single-inner\" style=\"background-image: url('')\">\n              \n              <a href=\"https:\/\/9staedte.de\/goettingen-stadt-die-wissen-schafft\/\">\n                <span>G\u00f6ttingen \u2013 Stadt, die Wissen schafft<\/span>\n              <\/a>\n            <\/div>\n          <\/div>\n    \n          \n                  \n                    \n          <div class=\"featured-themen-single\">\n            <div class=\"featured-themen-single-inner\" style=\"background-image: url('')\">\n              \n              <a href=\"https:\/\/9staedte.de\/goslar-weltkulturerbe-im-harz\/\">\n                <span>Goslar \u2013 Weltkulturerbe im Harz<\/span>\n              <\/a>\n            <\/div>\n          <\/div>\n    \n          \n                  \n                    \n          <div class=\"featured-themen-single\">\n            <div class=\"featured-themen-single-inner\" style=\"background-image: url('')\">\n              \n              <a href=\"https:\/\/9staedte.de\/hameln-die-rattenfaengerstadt\/\">\n                <span>Hameln \u2013 Die Rattenf\u00e4ngerstadt<\/span>\n              <\/a>\n            <\/div>\n          <\/div>\n    \n          \n                  \n                    \n          <div class=\"featured-themen-single\">\n            <div class=\"featured-themen-single-inner\" style=\"background-image: url('')\">\n              \n              <a href=\"https:\/\/9staedte.de\/hannover-liebenswert-und-lebenswert\/\">\n                <span>Hannover \u2013 Liebenswert und lebenswert<\/span>\n              <\/a>\n            <\/div>\n          <\/div>\n    \n          \n                  \n                    \n          <div class=\"featured-themen-single\">\n            <div class=\"featured-themen-single-inner\" style=\"background-image: url('')\">\n              \n              <a href=\"https:\/\/9staedte.de\/hildesheim-fachwerkstadt-voller-kultur-und-geschichte\/\">\n                <span>Hildesheim \u2013 Fachwerkstadt voller Kultur und Geschichte<\/span>\n              <\/a>\n            <\/div>\n          <\/div>\n    \n          \n                  \n                    \n          <div class=\"featured-themen-single\">\n            <div class=\"featured-themen-single-inner\" style=\"background-image: url('')\">\n              \n              <a href=\"https:\/\/9staedte.de\/wolfenbuettel-1-000-fachwerkhaeuser-und-jaegermeister\/\">\n                <span>Wolfenb\u00fcttel \u2013 1.000 Fachwerkh\u00e4user und J\u00e4germeister<\/span>\n              <\/a>\n            <\/div>\n          <\/div>\n    \n          \n                  \n                    \n          <div class=\"featured-themen-single\">\n            <div class=\"featured-themen-single-inner\" style=\"background-image: url('')\">\n              \n              <a href=\"https:\/\/9staedte.de\/autostadt-in-wolfsburg-eine-reise-in-die-welt-der-mobilitaet\/\">\n                <span>Autostadt in Wolfsburg \u2013 Eine Reise in die Welt der Mobilit\u00e4t<\/span>\n              <\/a>\n            <\/div>\n          <\/div>\n    \n          \n                          \n        <\/div>\n<\/div>","protected":false},"excerpt":{"rendered":"<p>Istnieje niesko\u0144czenie wiele powod\u00f3w, aby odwiedzi\u0107 9 miast Dolnej Saksonii! Tradycyjne imprezy, \u015bwiatowe dziedzictwo UNESCO, \u015bredniowieczne stare miasta, idylliczne zespo\u0142y z muru pruskiego, spokojna go\u015bcinno\u015b\u0107, nowoczesne pasa\u017ce handlowe, t\u0119tni\u0105cy \u017cyciem zgie\u0142k &#8230; Zaplanuj wycieczk\u0119 po 9 miastach. Ka\u017cde miasto fascynuje swoim wyj\u0105tkowym urokiem. Wizyt\u0119 w jednym lub kilku historycznych miastach mo\u017cna idealnie po\u0142\u0105czy\u0107 z wycieczk\u0105 [&hellip;]<\/p>\n","protected":false},"author":1,"featured_media":0,"parent":0,"menu_order":0,"comment_status":"closed","ping_status":"closed","template":"","meta":{"_acf_changed":false,"footnotes":""},"categories":[],"tags":[],"ncap_cities_tax":[],"class_list":["post-17492","page","type-page","status-publish","hentry"],"acf":[],"yoast_head":"<!-- This site is optimized with the Yoast SEO plugin v26.8 - https:\/\/yoast.com\/product\/yoast-seo-wordpress\/ -->\n<title>9 Miast w Dolnej Saksonii - Porady i informacje - 9 St\u00e4dte in Niedersachsen<\/title>\n<meta name=\"robots\" content=\"index, follow, max-snippet:-1, max-image-preview:large, max-video-preview:-1\" \/>\n<link rel=\"canonical\" href=\"https:\/\/9staedte.de\/pl\/9-miast-w-dolnej-saksonii-porady-i-informacje-2\/\" \/>\n<meta property=\"og:locale\" content=\"pl_PL\" \/>\n<meta property=\"og:type\" content=\"article\" \/>\n<meta property=\"og:title\" content=\"9 Miast w Dolnej Saksonii - Porady i informacje - 9 St\u00e4dte in Niedersachsen\" \/>\n<meta property=\"og:description\" content=\"Istnieje niesko\u0144czenie wiele powod\u00f3w, aby odwiedzi\u0107 9 miast Dolnej Saksonii! Tradycyjne imprezy, \u015bwiatowe dziedzictwo UNESCO, \u015bredniowieczne stare miasta, idylliczne zespo\u0142y z muru pruskiego, spokojna go\u015bcinno\u015b\u0107, nowoczesne pasa\u017ce handlowe, t\u0119tni\u0105cy \u017cyciem zgie\u0142k &#8230; Zaplanuj wycieczk\u0119 po 9 miastach. Ka\u017cde miasto fascynuje swoim wyj\u0105tkowym urokiem. Wizyt\u0119 w jednym lub kilku historycznych miastach mo\u017cna idealnie po\u0142\u0105czy\u0107 z wycieczk\u0105 [&hellip;]\" \/>\n<meta property=\"og:url\" content=\"https:\/\/9staedte.de\/pl\/9-miast-w-dolnej-saksonii-porady-i-informacje-2\/\" \/>\n<meta property=\"og:site_name\" content=\"9 St\u00e4dte in Niedersachsen\" \/>\n<meta name=\"twitter:card\" content=\"summary_large_image\" \/>\n<meta name=\"twitter:label1\" content=\"Szacowany czas czytania\" \/>\n\t<meta name=\"twitter:data1\" content=\"1 minuta\" \/>\n<script type=\"application\/ld+json\" class=\"yoast-schema-graph\">{\"@context\":\"https:\/\/schema.org\",\"@graph\":[{\"@type\":\"WebPage\",\"@id\":\"https:\/\/9staedte.de\/pl\/9-miast-w-dolnej-saksonii-porady-i-informacje-2\/\",\"url\":\"https:\/\/9staedte.de\/pl\/9-miast-w-dolnej-saksonii-porady-i-informacje-2\/\",\"name\":\"9 Miast w Dolnej Saksonii - Porady i informacje - 9 St\u00e4dte in Niedersachsen\",\"isPartOf\":{\"@id\":\"https:\/\/9staedte.de\/pl\/#website\"},\"datePublished\":\"2023-11-02T08:49:12+00:00\",\"breadcrumb\":{\"@id\":\"https:\/\/9staedte.de\/pl\/9-miast-w-dolnej-saksonii-porady-i-informacje-2\/#breadcrumb\"},\"inLanguage\":\"pl-PL\",\"potentialAction\":[{\"@type\":\"ReadAction\",\"target\":[\"https:\/\/9staedte.de\/pl\/9-miast-w-dolnej-saksonii-porady-i-informacje-2\/\"]}]},{\"@type\":\"BreadcrumbList\",\"@id\":\"https:\/\/9staedte.de\/pl\/9-miast-w-dolnej-saksonii-porady-i-informacje-2\/#breadcrumb\",\"itemListElement\":[{\"@type\":\"ListItem\",\"position\":1,\"name\":\"Startseite\",\"item\":\"https:\/\/9staedte.de\/pl\/\"},{\"@type\":\"ListItem\",\"position\":2,\"name\":\"9 Miast w Dolnej Saksonii &#8211; Porady i informacje\"}]},{\"@type\":\"WebSite\",\"@id\":\"https:\/\/9staedte.de\/pl\/#website\",\"url\":\"https:\/\/9staedte.de\/pl\/\",\"name\":\"9 St\u00e4dte in Niedersachsen\",\"description\":\"\",\"publisher\":{\"@id\":\"https:\/\/9staedte.de\/pl\/#organization\"},\"potentialAction\":[{\"@type\":\"SearchAction\",\"target\":{\"@type\":\"EntryPoint\",\"urlTemplate\":\"https:\/\/9staedte.de\/pl\/?s={search_term_string}\"},\"query-input\":{\"@type\":\"PropertyValueSpecification\",\"valueRequired\":true,\"valueName\":\"search_term_string\"}}],\"inLanguage\":\"pl-PL\"},{\"@type\":\"Organization\",\"@id\":\"https:\/\/9staedte.de\/pl\/#organization\",\"name\":\"9 St\u00e4dte in Niedersachsen\",\"url\":\"https:\/\/9staedte.de\/pl\/\",\"logo\":{\"@type\":\"ImageObject\",\"inLanguage\":\"pl-PL\",\"@id\":\"https:\/\/9staedte.de\/pl\/#\/schema\/logo\/image\/\",\"url\":\"https:\/\/9staedte.de\/wp-content\/uploads\/2025\/01\/9-neg-deutsch-2-1.png\",\"contentUrl\":\"https:\/\/9staedte.de\/wp-content\/uploads\/2025\/01\/9-neg-deutsch-2-1.png\",\"width\":190,\"height\":114,\"caption\":\"9 St\u00e4dte in Niedersachsen\"},\"image\":{\"@id\":\"https:\/\/9staedte.de\/pl\/#\/schema\/logo\/image\/\"}}]}<\/script>\n<!-- \/ Yoast SEO plugin. -->","yoast_head_json":{"title":"9 Miast w Dolnej Saksonii - Porady i informacje - 9 St\u00e4dte in Niedersachsen","robots":{"index":"index","follow":"follow","max-snippet":"max-snippet:-1","max-image-preview":"max-image-preview:large","max-video-preview":"max-video-preview:-1"},"canonical":"https:\/\/9staedte.de\/pl\/9-miast-w-dolnej-saksonii-porady-i-informacje-2\/","og_locale":"pl_PL","og_type":"article","og_title":"9 Miast w Dolnej Saksonii - Porady i informacje - 9 St\u00e4dte in Niedersachsen","og_description":"Istnieje niesko\u0144czenie wiele powod\u00f3w, aby odwiedzi\u0107 9 miast Dolnej Saksonii! Tradycyjne imprezy, \u015bwiatowe dziedzictwo UNESCO, \u015bredniowieczne stare miasta, idylliczne zespo\u0142y z muru pruskiego, spokojna go\u015bcinno\u015b\u0107, nowoczesne pasa\u017ce handlowe, t\u0119tni\u0105cy \u017cyciem zgie\u0142k &#8230; Zaplanuj wycieczk\u0119 po 9 miastach. Ka\u017cde miasto fascynuje swoim wyj\u0105tkowym urokiem. Wizyt\u0119 w jednym lub kilku historycznych miastach mo\u017cna idealnie po\u0142\u0105czy\u0107 z wycieczk\u0105 [&hellip;]","og_url":"https:\/\/9staedte.de\/pl\/9-miast-w-dolnej-saksonii-porady-i-informacje-2\/","og_site_name":"9 St\u00e4dte in Niedersachsen","twitter_card":"summary_large_image","twitter_misc":{"Szacowany czas czytania":"1 minuta"},"schema":{"@context":"https:\/\/schema.org","@graph":[{"@type":"WebPage","@id":"https:\/\/9staedte.de\/pl\/9-miast-w-dolnej-saksonii-porady-i-informacje-2\/","url":"https:\/\/9staedte.de\/pl\/9-miast-w-dolnej-saksonii-porady-i-informacje-2\/","name":"9 Miast w Dolnej Saksonii - Porady i informacje - 9 St\u00e4dte in Niedersachsen","isPartOf":{"@id":"https:\/\/9staedte.de\/pl\/#website"},"datePublished":"2023-11-02T08:49:12+00:00","breadcrumb":{"@id":"https:\/\/9staedte.de\/pl\/9-miast-w-dolnej-saksonii-porady-i-informacje-2\/#breadcrumb"},"inLanguage":"pl-PL","potentialAction":[{"@type":"ReadAction","target":["https:\/\/9staedte.de\/pl\/9-miast-w-dolnej-saksonii-porady-i-informacje-2\/"]}]},{"@type":"BreadcrumbList","@id":"https:\/\/9staedte.de\/pl\/9-miast-w-dolnej-saksonii-porady-i-informacje-2\/#breadcrumb","itemListElement":[{"@type":"ListItem","position":1,"name":"Startseite","item":"https:\/\/9staedte.de\/pl\/"},{"@type":"ListItem","position":2,"name":"9 Miast w Dolnej Saksonii &#8211; Porady i informacje"}]},{"@type":"WebSite","@id":"https:\/\/9staedte.de\/pl\/#website","url":"https:\/\/9staedte.de\/pl\/","name":"9 St\u00e4dte in Niedersachsen","description":"","publisher":{"@id":"https:\/\/9staedte.de\/pl\/#organization"},"potentialAction":[{"@type":"SearchAction","target":{"@type":"EntryPoint","urlTemplate":"https:\/\/9staedte.de\/pl\/?s={search_term_string}"},"query-input":{"@type":"PropertyValueSpecification","valueRequired":true,"valueName":"search_term_string"}}],"inLanguage":"pl-PL"},{"@type":"Organization","@id":"https:\/\/9staedte.de\/pl\/#organization","name":"9 St\u00e4dte in Niedersachsen","url":"https:\/\/9staedte.de\/pl\/","logo":{"@type":"ImageObject","inLanguage":"pl-PL","@id":"https:\/\/9staedte.de\/pl\/#\/schema\/logo\/image\/","url":"https:\/\/9staedte.de\/wp-content\/uploads\/2025\/01\/9-neg-deutsch-2-1.png","contentUrl":"https:\/\/9staedte.de\/wp-content\/uploads\/2025\/01\/9-neg-deutsch-2-1.png","width":190,"height":114,"caption":"9 St\u00e4dte in Niedersachsen"},"image":{"@id":"https:\/\/9staedte.de\/pl\/#\/schema\/logo\/image\/"}}]}},"_links":{"self":[{"href":"https:\/\/9staedte.de\/pl\/wp-json\/wp\/v2\/pages\/17492","targetHints":{"allow":["GET"]}}],"collection":[{"href":"https:\/\/9staedte.de\/pl\/wp-json\/wp\/v2\/pages"}],"about":[{"href":"https:\/\/9staedte.de\/pl\/wp-json\/wp\/v2\/types\/page"}],"author":[{"embeddable":true,"href":"https:\/\/9staedte.de\/pl\/wp-json\/wp\/v2\/users\/1"}],"replies":[{"embeddable":true,"href":"https:\/\/9staedte.de\/pl\/wp-json\/wp\/v2\/comments?post=17492"}],"version-history":[{"count":0,"href":"https:\/\/9staedte.de\/pl\/wp-json\/wp\/v2\/pages\/17492\/revisions"}],"wp:attachment":[{"href":"https:\/\/9staedte.de\/pl\/wp-json\/wp\/v2\/media?parent=17492"}],"wp:term":[{"taxonomy":"category","embeddable":true,"href":"https:\/\/9staedte.de\/pl\/wp-json\/wp\/v2\/categories?post=17492"},{"taxonomy":"post_tag","embeddable":true,"href":"https:\/\/9staedte.de\/pl\/wp-json\/wp\/v2\/tags?post=17492"},{"taxonomy":"ncap_cities_tax","embeddable":true,"href":"https:\/\/9staedte.de\/pl\/wp-json\/wp\/v2\/ncap_cities_tax?post=17492"}],"curies":[{"name":"wp","href":"https:\/\/api.w.org\/{rel}","templated":true}]}}