{"id":17487,"date":"2023-11-02T09:49:12","date_gmt":"2023-11-02T08:49:12","guid":{"rendered":"https:\/\/9staedte.de\/braunschweig-odkrywaj-w-sposob-zrownowazony\/"},"modified":"2025-07-24T09:29:05","modified_gmt":"2025-07-24T07:29:05","slug":"braunschweig-odkrywaj-w-sposob-zrownowazony","status":"publish","type":"page","link":"https:\/\/9staedte.de\/pl\/brunszwik-miasto-lwa\/braunschweig-odkrywaj-w-sposob-zrownowazony\/","title":{"rendered":"Braunschweig &#8211; odkrywaj w spos\u00f3b zr\u00f3wnowa\u017cony"},"content":{"rendered":"\n<h2 class=\"wp-block-heading\">T\u0119tni\u0105ce \u017cyciem miasto handlowe i kulturalne<\/h2>\n\n<p>Od czasu za\u0142o\u017cenia przez Henryka Lwa, Braunschweig by\u0142 kszta\u0142towany przez wieki przez Guelph\u00f3w i Hanz\u0119, a dzi\u015b zachwyca jako atrakcyjne miasto handlowe i t\u0119tni\u0105ce \u017cyciem centrum kulturalne. Odkryj Braunschweig w zr\u00f3wnowa\u017cony spos\u00f3b: Wszystko, co wyr\u00f3\u017cnia du\u017ce miasto, znajduje si\u0119 w niewielkiej odleg\u0142o\u015bci: urocze centrum miasta z historycznymi placami, r\u00f3\u017cnorodnymi sklepami, restauracjami, zabytkami i atrakcjami imprezowymi, a tak\u017ce pi\u0119knym parkiem wzd\u0142u\u017c rzeki Oker, kt\u00f3ra op\u0142ywa centrum miasta. Dzi\u0119ki dobremu po\u0142\u0105czeniu z niemieck\u0105 sieci\u0105 kolejow\u0105, do Miasta Lwa mo\u017cna wygodnie dotrze\u0107 poci\u0105giem. Z g\u0142\u00f3wnego dworca kolejowego mo\u017cna w kr\u00f3tkim czasie dotrze\u0107 do pobliskiego centrum Braunschweigu \u015brodkami transportu publicznego, rowerem lub pieszo.   <\/p>\n\n<p><\/p>\n\n<figure class=\"wp-block-image size-full is-resized\"><img loading=\"lazy\" decoding=\"async\" width=\"1019\" height=\"563\" src=\"https:\/\/9staedte.de\/wp-content\/smush-webp\/2023\/02\/Wochenmarkt-in-Braunschweig-c-Braunschweig-Stadtmarketing-Phillip-Ziebart.jpg.webp\" alt=\"Zdj&#x119;cie przedstawia targ. Wiele os&#xF3;b robi zakupy na straganach. S&#x105; tam owoce, warzywa i inne rzeczy. Stragany maj&#x105; kolorowe dachy. W tle wida&#x107; ko&#x15B;ci&#xF3;&#x142; z dwiema wie&#x17C;ami. Niebo jest niebieskie z bia&#x142;ymi chmurami.     \" class=\"wp-image-3784\" style=\"width:497px;height:auto\" srcset=\"https:\/\/9staedte.de\/wp-content\/smush-webp\/2023\/02\/Wochenmarkt-in-Braunschweig-c-Braunschweig-Stadtmarketing-Phillip-Ziebart.jpg.webp 1019w, https:\/\/9staedte.de\/wp-content\/smush-webp\/2023\/02\/Wochenmarkt-in-Braunschweig-c-Braunschweig-Stadtmarketing-Phillip-Ziebart-300x166.jpg.webp 300w, https:\/\/9staedte.de\/wp-content\/smush-webp\/2023\/02\/Wochenmarkt-in-Braunschweig-c-Braunschweig-Stadtmarketing-Phillip-Ziebart-768x424.jpg.webp 768w\" sizes=\"auto, (max-width: 1019px) 100vw, 1019px\" \/><figcaption class=\"wp-element-caption\">Cotygodniowy targ na Altstadtmarkt c) Braunschweig Stadtmarketing Phillip Ziebart<\/figcaption><\/figure>\n\n<h4 class=\"wp-block-heading\">Odkryj Braunschweig w zr\u00f3wnowa\u017cony spos\u00f3b:<br\/><br\/>9 wskaz\u00f3wek:<\/h4>\n\n<p>&#8211; W celu stworzenia zach\u0119t do korzystania z pojazd\u00f3w z nap\u0119dem elektrycznym, miasto Braunschweig zainstalowa\u0142o wystarczaj\u0105c\u0105 liczb\u0119 punkt\u00f3w \u0142adowania w obszarze miejskim. Ponadto samoch\u00f3d elektryczny mo\u017cna parkowa\u0107 bezp\u0142atnie przez maksymalnie trzy godziny na p\u0142atnych publicznych miejscach parkingowych na terenie miasta. <\/p>\n\n<p>&#8211; Na \u015bcie\u017ckach rowerowych i pieszych Braunschweig Ringgleis mo\u017cna pozna\u0107 Miasto Lwa w relaksuj\u0105cy spos\u00f3b. Trasa prowadzi obok kilku obiekt\u00f3w rekreacyjnych i oferuje wysok\u0105 warto\u015b\u0107 rekreacyjn\u0105 dzi\u0119ki r\u00f3\u017cnie ukszta\u0142towanym odcinkom. <\/p>\n\n<p>&#8211; Czy to w przytulnej Caf\u00e9 L\u00fcttes w Alte Waage, w Makery, kawiarni po\u015brodku urokliwego Magniviertel, czy w jednej z wielu innych uroczych kawiarni w centrum miasta, mo\u017cna delektowa\u0107 si\u0119 specja\u0142ami kawowymi, domowymi ciastami lub obfitymi przek\u0105skami. Co najlepsze, wszystkie u\u017cyte sk\u0142adniki pochodz\u0105 z uczciwego handlu lub z okolicy. <\/p>\n\n<p>&#8211; Cieszenie si\u0119 kaw\u0105 &#8222;na wynos&#8221; w podr\u00f3\u017cy, bez wyrzut\u00f3w sumienia &#8211; to w\u0142a\u015bnie umo\u017cliwia system wielokrotnego u\u017cytku RECUP. Nape\u0142nij sw\u00f3j kubek RECUP w jednym z uczestnicz\u0105cych punkt\u00f3w gastronomicznych, a po u\u017cyciu po prostu zwr\u00f3\u0107 go do dowolnego partnera kampanii. <\/p>\n\n<p>&#8211; Przegl\u0105daj Naturalou, Jojeco lub Naturladen w poszukiwaniu ekologicznych i sprawiedliwych produkt\u00f3w, takich jak artyku\u0142y gospodarstwa domowego, artyku\u0142y dekoracyjne, bi\u017cuteria, odzie\u017c i wszelkiego rodzaju inne zr\u00f3wnowa\u017cone oferty.<\/p>\n\n<p>&#8211; W ka\u017cd\u0105 sobot\u0119 cotygodniowy targ na historycznym Rynku Starego Miasta przyci\u0105ga odwiedzaj\u0105cych \u015bwie\u017c\u0105 \u017cywno\u015bci\u0105 z regionu. Oferowane towary obejmuj\u0105 zar\u00f3wno regionalne produkty spo\u017cywcze, takie jak owoce, warzywa, sery i kie\u0142basy, jak i mi\u00f3d od lokalnych pszcz\u00f3\u0142. <\/p>\n\n<p>&#8211; Je\u015bli szukasz luksusowych produkt\u00f3w spo\u017cywczych pochodz\u0105cych ze sprawiedliwego handlu lub regionalnych, takich jak pyszna czekolada i aromatyczna kawa, powiniene\u015b zatrzyma\u0107 si\u0119 w Tourist Info, Kleine Burg 14, lub w Contigo, uroczym sklepie w centrum miasta.<\/p>\n\n<p>&#8211; Relaksuj\u0105cy spacer po rezerwacie przyrody Riddagshausen to nie tylko \u015bwietny spos\u00f3b na obserwacj\u0119 ro\u015blin i ptak\u00f3w. W zagrodzie le\u015bnej na go\u015bci czeka r\u00f3wnie\u017c stado danieli. Je\u015bli chcesz, mo\u017cesz r\u00f3wnie\u017c wzi\u0105\u0107 udzia\u0142 w wycieczce z przewodnikiem po centrum przyrodniczym Haus Entenfang i dowiedzie\u0107 si\u0119 ekscytuj\u0105cych szczeg\u00f3\u0142\u00f3w na temat lokalnej flory i fauny.  <\/p>\n\n<p>&#8211; Od ko\u0144ca listopada do ko\u0144ca grudnia tradycyjny jarmark bo\u017conarodzeniowy w Brunszwiku zaprasza do odwiedzin. Mo\u017cna tam delektowa\u0107 si\u0119 szerokim wyborem pysznych potraw i napoj\u00f3w, serwowanych na ekologicznej zastawie sto\u0142owej jednorazowego lub wielokrotnego u\u017cytku. Energooszcz\u0119dne o\u015bwietlenie LED i wykorzystanie w 100% naturalnej energii elektrycznej ze \u017ar\u00f3de\u0142 odnawialnych zapewniaj\u0105 \u015bwi\u0105teczn\u0105 atmosfer\u0119 na rynku.  <\/p>\n","protected":false},"excerpt":{"rendered":"<p>T\u0119tni\u0105ce \u017cyciem miasto handlowe i kulturalne Od czasu za\u0142o\u017cenia przez Henryka Lwa, Braunschweig by\u0142 kszta\u0142towany przez wieki przez Guelph\u00f3w i Hanz\u0119, a dzi\u015b zachwyca jako atrakcyjne miasto handlowe i t\u0119tni\u0105ce \u017cyciem centrum kulturalne. Odkryj Braunschweig w zr\u00f3wnowa\u017cony spos\u00f3b: Wszystko, co wyr\u00f3\u017cnia du\u017ce miasto, znajduje si\u0119 w niewielkiej odleg\u0142o\u015bci: urocze centrum miasta z historycznymi placami, r\u00f3\u017cnorodnymi [&hellip;]<\/p>\n","protected":false},"author":1,"featured_media":16503,"parent":17616,"menu_order":0,"comment_status":"closed","ping_status":"closed","template":"pagetemplates\/template-stadtthema.php","meta":{"_acf_changed":false,"footnotes":""},"categories":[],"tags":[],"ncap_cities_tax":[424,900],"class_list":["post-17487","page","type-page","status-publish","has-post-thumbnail","hentry","ncap_cities_tax-braunschweig-pl","ncap_cities_tax-naturerlebnisse-und-nachhaltigkeit-braunschweig-pl"],"acf":[],"yoast_head":"<!-- This site is optimized with the Yoast SEO plugin v27.4 - https:\/\/yoast.com\/product\/yoast-seo-wordpress\/ -->\n<title>Braunschweig - odkrywaj w spos\u00f3b zr\u00f3wnowa\u017cony - 9 St\u00e4dte in Niedersachsen<\/title>\n<meta name=\"robots\" content=\"index, follow, max-snippet:-1, max-image-preview:large, max-video-preview:-1\" \/>\n<link rel=\"canonical\" href=\"https:\/\/9staedte.de\/pl\/brunszwik-miasto-lwa\/braunschweig-odkrywaj-w-sposob-zrownowazony\/\" \/>\n<meta property=\"og:locale\" content=\"pl_PL\" \/>\n<meta property=\"og:type\" content=\"article\" \/>\n<meta property=\"og:title\" content=\"Braunschweig - odkrywaj w spos\u00f3b zr\u00f3wnowa\u017cony - 9 St\u00e4dte in Niedersachsen\" \/>\n<meta property=\"og:description\" content=\"T\u0119tni\u0105ce \u017cyciem miasto handlowe i kulturalne Od czasu za\u0142o\u017cenia przez Henryka Lwa, Braunschweig by\u0142 kszta\u0142towany przez wieki przez Guelph\u00f3w i Hanz\u0119, a dzi\u015b zachwyca jako atrakcyjne miasto handlowe i t\u0119tni\u0105ce \u017cyciem centrum kulturalne. Odkryj Braunschweig w zr\u00f3wnowa\u017cony spos\u00f3b: Wszystko, co wyr\u00f3\u017cnia du\u017ce miasto, znajduje si\u0119 w niewielkiej odleg\u0142o\u015bci: urocze centrum miasta z historycznymi placami, r\u00f3\u017cnorodnymi [&hellip;]\" \/>\n<meta property=\"og:url\" content=\"https:\/\/9staedte.de\/pl\/brunszwik-miasto-lwa\/braunschweig-odkrywaj-w-sposob-zrownowazony\/\" \/>\n<meta property=\"og:site_name\" content=\"9 St\u00e4dte in Niedersachsen\" \/>\n<meta property=\"article:modified_time\" content=\"2025-07-24T07:29:05+00:00\" \/>\n<meta property=\"og:image\" content=\"https:\/\/9staedte.de\/wp-content\/uploads\/2023\/02\/Braunschweig_Buergerpark_Oker_Paddeln_Braunschweig-Stadtmarketing-GmbH_Daniel-Moeller-2.jpg\" \/>\n\t<meta property=\"og:image:width\" content=\"1020\" \/>\n\t<meta property=\"og:image:height\" content=\"553\" \/>\n\t<meta property=\"og:image:type\" content=\"image\/jpeg\" \/>\n<meta name=\"twitter:card\" content=\"summary_large_image\" \/>\n<meta name=\"twitter:label1\" content=\"Szacowany czas czytania\" \/>\n\t<meta name=\"twitter:data1\" content=\"1 minuta\" \/>\n<script type=\"application\/ld+json\" class=\"yoast-schema-graph\">{\"@context\":\"https:\\\/\\\/schema.org\",\"@graph\":[{\"@type\":\"WebPage\",\"@id\":\"https:\\\/\\\/9staedte.de\\\/pl\\\/brunszwik-miasto-lwa\\\/braunschweig-odkrywaj-w-sposob-zrownowazony\\\/\",\"url\":\"https:\\\/\\\/9staedte.de\\\/pl\\\/brunszwik-miasto-lwa\\\/braunschweig-odkrywaj-w-sposob-zrownowazony\\\/\",\"name\":\"Braunschweig - odkrywaj w spos\u00f3b zr\u00f3wnowa\u017cony - 9 St\u00e4dte in Niedersachsen\",\"isPartOf\":{\"@id\":\"https:\\\/\\\/9staedte.de\\\/pl\\\/#website\"},\"primaryImageOfPage\":{\"@id\":\"https:\\\/\\\/9staedte.de\\\/pl\\\/brunszwik-miasto-lwa\\\/braunschweig-odkrywaj-w-sposob-zrownowazony\\\/#primaryimage\"},\"image\":{\"@id\":\"https:\\\/\\\/9staedte.de\\\/pl\\\/brunszwik-miasto-lwa\\\/braunschweig-odkrywaj-w-sposob-zrownowazony\\\/#primaryimage\"},\"thumbnailUrl\":\"https:\\\/\\\/9staedte.de\\\/wp-content\\\/uploads\\\/2023\\\/02\\\/Braunschweig_Buergerpark_Oker_Paddeln_Braunschweig-Stadtmarketing-GmbH_Daniel-Moeller-2.jpg\",\"datePublished\":\"2023-11-02T08:49:12+00:00\",\"dateModified\":\"2025-07-24T07:29:05+00:00\",\"breadcrumb\":{\"@id\":\"https:\\\/\\\/9staedte.de\\\/pl\\\/brunszwik-miasto-lwa\\\/braunschweig-odkrywaj-w-sposob-zrownowazony\\\/#breadcrumb\"},\"inLanguage\":\"pl-PL\",\"potentialAction\":[{\"@type\":\"ReadAction\",\"target\":[\"https:\\\/\\\/9staedte.de\\\/pl\\\/brunszwik-miasto-lwa\\\/braunschweig-odkrywaj-w-sposob-zrownowazony\\\/\"]}]},{\"@type\":\"ImageObject\",\"inLanguage\":\"pl-PL\",\"@id\":\"https:\\\/\\\/9staedte.de\\\/pl\\\/brunszwik-miasto-lwa\\\/braunschweig-odkrywaj-w-sposob-zrownowazony\\\/#primaryimage\",\"url\":\"https:\\\/\\\/9staedte.de\\\/wp-content\\\/uploads\\\/2023\\\/02\\\/Braunschweig_Buergerpark_Oker_Paddeln_Braunschweig-Stadtmarketing-GmbH_Daniel-Moeller-2.jpg\",\"contentUrl\":\"https:\\\/\\\/9staedte.de\\\/wp-content\\\/uploads\\\/2023\\\/02\\\/Braunschweig_Buergerpark_Oker_Paddeln_Braunschweig-Stadtmarketing-GmbH_Daniel-Moeller-2.jpg\",\"width\":1020,\"height\":553,\"caption\":\"Braunschweig_B\u00fcrgerpark_Oker_Paddeln_Braunschweig Stadtmarketing GmbH_Daniel M\u00f6ller (2)\"},{\"@type\":\"BreadcrumbList\",\"@id\":\"https:\\\/\\\/9staedte.de\\\/pl\\\/brunszwik-miasto-lwa\\\/braunschweig-odkrywaj-w-sposob-zrownowazony\\\/#breadcrumb\",\"itemListElement\":[{\"@type\":\"ListItem\",\"position\":1,\"name\":\"Startseite\",\"item\":\"https:\\\/\\\/9staedte.de\\\/pl\\\/\"},{\"@type\":\"ListItem\",\"position\":2,\"name\":\"Brunszwik &#8211; City of Lions\",\"item\":\"https:\\\/\\\/9staedte.de\\\/pl\\\/brunszwik-miasto-lwa\\\/\"},{\"@type\":\"ListItem\",\"position\":3,\"name\":\"Braunschweig &#8211; odkrywaj w spos\u00f3b zr\u00f3wnowa\u017cony\"}]},{\"@type\":\"WebSite\",\"@id\":\"https:\\\/\\\/9staedte.de\\\/pl\\\/#website\",\"url\":\"https:\\\/\\\/9staedte.de\\\/pl\\\/\",\"name\":\"9 St\u00e4dte in Niedersachsen\",\"description\":\"\",\"publisher\":{\"@id\":\"https:\\\/\\\/9staedte.de\\\/pl\\\/#organization\"},\"potentialAction\":[{\"@type\":\"SearchAction\",\"target\":{\"@type\":\"EntryPoint\",\"urlTemplate\":\"https:\\\/\\\/9staedte.de\\\/pl\\\/?s={search_term_string}\"},\"query-input\":{\"@type\":\"PropertyValueSpecification\",\"valueRequired\":true,\"valueName\":\"search_term_string\"}}],\"inLanguage\":\"pl-PL\"},{\"@type\":\"Organization\",\"@id\":\"https:\\\/\\\/9staedte.de\\\/pl\\\/#organization\",\"name\":\"9 St\u00e4dte in Niedersachsen\",\"url\":\"https:\\\/\\\/9staedte.de\\\/pl\\\/\",\"logo\":{\"@type\":\"ImageObject\",\"inLanguage\":\"pl-PL\",\"@id\":\"https:\\\/\\\/9staedte.de\\\/pl\\\/#\\\/schema\\\/logo\\\/image\\\/\",\"url\":\"https:\\\/\\\/9staedte.de\\\/wp-content\\\/uploads\\\/2025\\\/01\\\/9-neg-deutsch-2-1.png\",\"contentUrl\":\"https:\\\/\\\/9staedte.de\\\/wp-content\\\/uploads\\\/2025\\\/01\\\/9-neg-deutsch-2-1.png\",\"width\":190,\"height\":114,\"caption\":\"9 St\u00e4dte in Niedersachsen\"},\"image\":{\"@id\":\"https:\\\/\\\/9staedte.de\\\/pl\\\/#\\\/schema\\\/logo\\\/image\\\/\"}}]}<\/script>\n<!-- \/ Yoast SEO plugin. -->","yoast_head_json":{"title":"Braunschweig - odkrywaj w spos\u00f3b zr\u00f3wnowa\u017cony - 9 St\u00e4dte in Niedersachsen","robots":{"index":"index","follow":"follow","max-snippet":"max-snippet:-1","max-image-preview":"max-image-preview:large","max-video-preview":"max-video-preview:-1"},"canonical":"https:\/\/9staedte.de\/pl\/brunszwik-miasto-lwa\/braunschweig-odkrywaj-w-sposob-zrownowazony\/","og_locale":"pl_PL","og_type":"article","og_title":"Braunschweig - odkrywaj w spos\u00f3b zr\u00f3wnowa\u017cony - 9 St\u00e4dte in Niedersachsen","og_description":"T\u0119tni\u0105ce \u017cyciem miasto handlowe i kulturalne Od czasu za\u0142o\u017cenia przez Henryka Lwa, Braunschweig by\u0142 kszta\u0142towany przez wieki przez Guelph\u00f3w i Hanz\u0119, a dzi\u015b zachwyca jako atrakcyjne miasto handlowe i t\u0119tni\u0105ce \u017cyciem centrum kulturalne. Odkryj Braunschweig w zr\u00f3wnowa\u017cony spos\u00f3b: Wszystko, co wyr\u00f3\u017cnia du\u017ce miasto, znajduje si\u0119 w niewielkiej odleg\u0142o\u015bci: urocze centrum miasta z historycznymi placami, r\u00f3\u017cnorodnymi [&hellip;]","og_url":"https:\/\/9staedte.de\/pl\/brunszwik-miasto-lwa\/braunschweig-odkrywaj-w-sposob-zrownowazony\/","og_site_name":"9 St\u00e4dte in Niedersachsen","article_modified_time":"2025-07-24T07:29:05+00:00","og_image":[{"width":1020,"height":553,"url":"https:\/\/9staedte.de\/wp-content\/uploads\/2023\/02\/Braunschweig_Buergerpark_Oker_Paddeln_Braunschweig-Stadtmarketing-GmbH_Daniel-Moeller-2.jpg","type":"image\/jpeg"}],"twitter_card":"summary_large_image","twitter_misc":{"Szacowany czas czytania":"1 minuta"},"schema":{"@context":"https:\/\/schema.org","@graph":[{"@type":"WebPage","@id":"https:\/\/9staedte.de\/pl\/brunszwik-miasto-lwa\/braunschweig-odkrywaj-w-sposob-zrownowazony\/","url":"https:\/\/9staedte.de\/pl\/brunszwik-miasto-lwa\/braunschweig-odkrywaj-w-sposob-zrownowazony\/","name":"Braunschweig - odkrywaj w spos\u00f3b zr\u00f3wnowa\u017cony - 9 St\u00e4dte in Niedersachsen","isPartOf":{"@id":"https:\/\/9staedte.de\/pl\/#website"},"primaryImageOfPage":{"@id":"https:\/\/9staedte.de\/pl\/brunszwik-miasto-lwa\/braunschweig-odkrywaj-w-sposob-zrownowazony\/#primaryimage"},"image":{"@id":"https:\/\/9staedte.de\/pl\/brunszwik-miasto-lwa\/braunschweig-odkrywaj-w-sposob-zrownowazony\/#primaryimage"},"thumbnailUrl":"https:\/\/9staedte.de\/wp-content\/uploads\/2023\/02\/Braunschweig_Buergerpark_Oker_Paddeln_Braunschweig-Stadtmarketing-GmbH_Daniel-Moeller-2.jpg","datePublished":"2023-11-02T08:49:12+00:00","dateModified":"2025-07-24T07:29:05+00:00","breadcrumb":{"@id":"https:\/\/9staedte.de\/pl\/brunszwik-miasto-lwa\/braunschweig-odkrywaj-w-sposob-zrownowazony\/#breadcrumb"},"inLanguage":"pl-PL","potentialAction":[{"@type":"ReadAction","target":["https:\/\/9staedte.de\/pl\/brunszwik-miasto-lwa\/braunschweig-odkrywaj-w-sposob-zrownowazony\/"]}]},{"@type":"ImageObject","inLanguage":"pl-PL","@id":"https:\/\/9staedte.de\/pl\/brunszwik-miasto-lwa\/braunschweig-odkrywaj-w-sposob-zrownowazony\/#primaryimage","url":"https:\/\/9staedte.de\/wp-content\/uploads\/2023\/02\/Braunschweig_Buergerpark_Oker_Paddeln_Braunschweig-Stadtmarketing-GmbH_Daniel-Moeller-2.jpg","contentUrl":"https:\/\/9staedte.de\/wp-content\/uploads\/2023\/02\/Braunschweig_Buergerpark_Oker_Paddeln_Braunschweig-Stadtmarketing-GmbH_Daniel-Moeller-2.jpg","width":1020,"height":553,"caption":"Braunschweig_B\u00fcrgerpark_Oker_Paddeln_Braunschweig Stadtmarketing GmbH_Daniel M\u00f6ller (2)"},{"@type":"BreadcrumbList","@id":"https:\/\/9staedte.de\/pl\/brunszwik-miasto-lwa\/braunschweig-odkrywaj-w-sposob-zrownowazony\/#breadcrumb","itemListElement":[{"@type":"ListItem","position":1,"name":"Startseite","item":"https:\/\/9staedte.de\/pl\/"},{"@type":"ListItem","position":2,"name":"Brunszwik &#8211; City of Lions","item":"https:\/\/9staedte.de\/pl\/brunszwik-miasto-lwa\/"},{"@type":"ListItem","position":3,"name":"Braunschweig &#8211; odkrywaj w spos\u00f3b zr\u00f3wnowa\u017cony"}]},{"@type":"WebSite","@id":"https:\/\/9staedte.de\/pl\/#website","url":"https:\/\/9staedte.de\/pl\/","name":"9 St\u00e4dte in Niedersachsen","description":"","publisher":{"@id":"https:\/\/9staedte.de\/pl\/#organization"},"potentialAction":[{"@type":"SearchAction","target":{"@type":"EntryPoint","urlTemplate":"https:\/\/9staedte.de\/pl\/?s={search_term_string}"},"query-input":{"@type":"PropertyValueSpecification","valueRequired":true,"valueName":"search_term_string"}}],"inLanguage":"pl-PL"},{"@type":"Organization","@id":"https:\/\/9staedte.de\/pl\/#organization","name":"9 St\u00e4dte in Niedersachsen","url":"https:\/\/9staedte.de\/pl\/","logo":{"@type":"ImageObject","inLanguage":"pl-PL","@id":"https:\/\/9staedte.de\/pl\/#\/schema\/logo\/image\/","url":"https:\/\/9staedte.de\/wp-content\/uploads\/2025\/01\/9-neg-deutsch-2-1.png","contentUrl":"https:\/\/9staedte.de\/wp-content\/uploads\/2025\/01\/9-neg-deutsch-2-1.png","width":190,"height":114,"caption":"9 St\u00e4dte in Niedersachsen"},"image":{"@id":"https:\/\/9staedte.de\/pl\/#\/schema\/logo\/image\/"}}]}},"_links":{"self":[{"href":"https:\/\/9staedte.de\/pl\/wp-json\/wp\/v2\/pages\/17487","targetHints":{"allow":["GET"]}}],"collection":[{"href":"https:\/\/9staedte.de\/pl\/wp-json\/wp\/v2\/pages"}],"about":[{"href":"https:\/\/9staedte.de\/pl\/wp-json\/wp\/v2\/types\/page"}],"author":[{"embeddable":true,"href":"https:\/\/9staedte.de\/pl\/wp-json\/wp\/v2\/users\/1"}],"replies":[{"embeddable":true,"href":"https:\/\/9staedte.de\/pl\/wp-json\/wp\/v2\/comments?post=17487"}],"version-history":[{"count":2,"href":"https:\/\/9staedte.de\/pl\/wp-json\/wp\/v2\/pages\/17487\/revisions"}],"predecessor-version":[{"id":26754,"href":"https:\/\/9staedte.de\/pl\/wp-json\/wp\/v2\/pages\/17487\/revisions\/26754"}],"up":[{"embeddable":true,"href":"https:\/\/9staedte.de\/pl\/wp-json\/wp\/v2\/pages\/17616"}],"wp:featuredmedia":[{"embeddable":true,"href":"https:\/\/9staedte.de\/pl\/wp-json\/wp\/v2\/media\/16503"}],"wp:attachment":[{"href":"https:\/\/9staedte.de\/pl\/wp-json\/wp\/v2\/media?parent=17487"}],"wp:term":[{"taxonomy":"category","embeddable":true,"href":"https:\/\/9staedte.de\/pl\/wp-json\/wp\/v2\/categories?post=17487"},{"taxonomy":"post_tag","embeddable":true,"href":"https:\/\/9staedte.de\/pl\/wp-json\/wp\/v2\/tags?post=17487"},{"taxonomy":"ncap_cities_tax","embeddable":true,"href":"https:\/\/9staedte.de\/pl\/wp-json\/wp\/v2\/ncap_cities_tax?post=17487"}],"curies":[{"name":"wp","href":"https:\/\/api.w.org\/{rel}","templated":true}]}}