{"id":17476,"date":"2023-11-02T09:49:11","date_gmt":"2023-11-02T08:49:11","guid":{"rendered":"https:\/\/9staedte.de\/9-miast-baja-sajonia\/"},"modified":"2023-11-02T09:49:11","modified_gmt":"2023-11-02T08:49:11","slug":"9-miast-baja-sajonia","status":"publish","type":"page","link":"https:\/\/9staedte.de\/pl\/9-miast-baja-sajonia\/","title":{"rendered":"9 miast Baja Sajonia"},"content":{"rendered":"\n<p>Istnieje niesko\u0144czenie wiele powod\u00f3w, dla kt\u00f3rych warto odwiedzi\u0107 9 miast Baja Sajonia: tradycyjne festiwale, dziedzictwo ludzko\u015bci UNESCO, \u015bredniowieczne miasta, zabytkowe domy, przytulne szpitale, nowoczesne galerie handlowe, du\u017ca aktywno\u015b\u0107&#8230;<\/p>\n\n\n\n<p>Zaplanuj swoj\u0105 podr\u00f3\u017c do 9 miast. Ka\u017cde miasto fascynuje si\u0119 swoim w\u0142asnym, szczeg\u00f3lnym charakterem. Wizyta w jednym lub kilku historycznych miastach mo\u017ce by\u0107 po\u0142\u0105czona z wycieczk\u0105 po krainie L\u00fcneburger Heide, g\u00f3rach Harz lub strefie Weserbergland. Centralne lotnisko w p\u00f3\u0142nocnej Alemanii, lotnisko w Hanowerze, a tak\u017ce dobre po\u0142\u0105czenia kolejowe i autostradowe gwarantuj\u0105 przyjemn\u0105 podr\u00f3\u017c.<\/p>\n\n\n\n<p>Po\u0142\u0105cz swoj\u0105 podr\u00f3\u017c przez histori\u0119 z ucieczk\u0105 przez inspiruj\u0105cy \u015bwiat Autostadt w Wolfsburgu. \u017bywa ekspedycja w przysz\u0142o\u015b\u0107 mobilno\u015bci, podr\u00f3\u017c w czasie przez histori\u0119 motoryzacji i odkrywanie kosmosu technologii i innowacji.<\/p>\n\n\n\n<div style=\"height:60px\" aria-hidden=\"true\" class=\"wp-block-spacer\"><\/div>\n\n\n\n<div class=\"content-grid\">\n\n\n  \n  <div class=\"grid\">\n                        \n                    \n          <div class=\"featured-themen-single\">\n            <div class=\"featured-themen-single-inner\" style=\"background-image: url('')\">\n              \n              <a href=\"https:\/\/9staedte.de\/braunschweig-brunswick-una-gran-ciudad-vibrante-y-con-historia\/\">\n                <span>Braunschweig (Brunswick) \u2013 Una gran ciudad vibrante y con historia<\/span>\n              <\/a>\n            <\/div>\n          <\/div>\n    \n          \n                  \n                    \n          <div class=\"featured-themen-single\">\n            <div class=\"featured-themen-single-inner\" style=\"background-image: url('')\">\n              \n              <a href=\"https:\/\/9staedte.de\/celle-una-preciosa-ciudad-palaciega-con-el-mayor-conjunto-de-casas-de-entramado-de-europa\/\">\n                <span>Celle \u2013 Una preciosa ciudad palaciega con el mayor conjunto de casas de entramado de Europa<\/span>\n              <\/a>\n            <\/div>\n          <\/div>\n    \n          \n                  \n                    \n          <div class=\"featured-themen-single\">\n            <div class=\"featured-themen-single-inner\" style=\"background-image: url('')\">\n              \n              <a href=\"https:\/\/9staedte.de\/einbeck-vehiculos-historicos-casas-de-entramadoy-cerveza\/\">\n                <span>Einbeck \u2013 Veh\u00edculos hist\u00f3ricos, casas de entramado y cerveza<\/span>\n              <\/a>\n            <\/div>\n          <\/div>\n    \n          \n                  \n                    \n          <div class=\"featured-themen-single\">\n            <div class=\"featured-themen-single-inner\" style=\"background-image: url('')\">\n              \n              <a href=\"https:\/\/9staedte.de\/goettingen-gotinga-la-ciudad-del-conocimiento\/\">\n                <span>G\u00f6ttingen (Gotinga) \u2013 La ciudad del conocimiento<\/span>\n              <\/a>\n            <\/div>\n          <\/div>\n    \n          \n                  \n                    \n          <div class=\"featured-themen-single\">\n            <div class=\"featured-themen-single-inner\" style=\"background-image: url('')\">\n              \n              <a href=\"https:\/\/9staedte.de\/goslar-patrimonio-cultural-de-la-humanidad-a-los-pies-del-harz\/\">\n                <span>Goslar \u2013 Patrimonio cultural de la humanidad a los pies del Harz<\/span>\n              <\/a>\n            <\/div>\n          <\/div>\n    \n          \n                  \n                    \n          <div class=\"featured-themen-single\">\n            <div class=\"featured-themen-single-inner\" style=\"background-image: url('')\">\n              \n              <a href=\"https:\/\/9staedte.de\/hameln-hamelin-la-ciudad-del-famoso-flautista\/\">\n                <span>Hameln (Hamel\u00edn) \u2013 La ciudad del famoso flautista<\/span>\n              <\/a>\n            <\/div>\n          <\/div>\n    \n          \n                  \n                    \n          <div class=\"featured-themen-single\">\n            <div class=\"featured-themen-single-inner\" style=\"background-image: url('')\">\n              \n              <a href=\"https:\/\/9staedte.de\/hannover-una-ciudad-fascinante-con-calidad-de-vida\/\">\n                <span>Hannover \u2013 Una ciudad fascinante con calidad de vida<\/span>\n              <\/a>\n            <\/div>\n          <\/div>\n    \n          \n                  \n                    \n          <div class=\"featured-themen-single\">\n            <div class=\"featured-themen-single-inner\" style=\"background-image: url('')\">\n              \n              <a href=\"https:\/\/9staedte.de\/hildesheim-una-ciudad-repleta-de-casas-de-entramado-cultura-e-historia\/\">\n                <span>Hildesheim \u2013 Una ciudad repleta de casas de entramado, cultura e historia<\/span>\n              <\/a>\n            <\/div>\n          <\/div>\n    \n          \n                  \n                    \n          <div class=\"featured-themen-single\">\n            <div class=\"featured-themen-single-inner\" style=\"background-image: url('')\">\n              \n              <a href=\"https:\/\/9staedte.de\/wolfenbuettel-casas-de-entramado-y-jaegermeister\/\">\n                <span>Wolfenb\u00fcttel \u2013 Casas de entramado y J\u00e4germeister<\/span>\n              <\/a>\n            <\/div>\n          <\/div>\n    \n          \n                  \n                    \n          <div class=\"featured-themen-single\">\n            <div class=\"featured-themen-single-inner\" style=\"background-image: url('')\">\n              \n              <a href=\"https:\/\/9staedte.de\/autostadt-de-wolfsburg-un-viaje-al-mundo-de-la-movilidad\/\">\n                <span>Autostadt de Wolfsburg \u2013 Un viaje al mundo de la movilidad<\/span>\n              <\/a>\n            <\/div>\n          <\/div>\n    \n          \n                          \n        <\/div>\n<\/div>","protected":false},"excerpt":{"rendered":"<p>Istnieje niesko\u0144czenie wiele powod\u00f3w, dla kt\u00f3rych warto odwiedzi\u0107 9 miast Baja Sajonia: tradycyjne festiwale, dziedzictwo ludzko\u015bci UNESCO, \u015bredniowieczne miasta, zabytkowe domy, przytulne szpitale, nowoczesne galerie handlowe, du\u017ca aktywno\u015b\u0107&#8230; Zaplanuj swoj\u0105 podr\u00f3\u017c do 9 miast. Ka\u017cde miasto fascynuje si\u0119 swoim w\u0142asnym, szczeg\u00f3lnym charakterem. Wizyta w jednym lub kilku historycznych miastach mo\u017ce by\u0107 po\u0142\u0105czona z wycieczk\u0105 po [&hellip;]<\/p>\n","protected":false},"author":1,"featured_media":0,"parent":0,"menu_order":0,"comment_status":"closed","ping_status":"closed","template":"","meta":{"_acf_changed":false,"footnotes":""},"categories":[],"tags":[],"ncap_cities_tax":[],"class_list":["post-17476","page","type-page","status-publish","hentry"],"acf":[],"yoast_head":"<!-- This site is optimized with the Yoast SEO plugin v26.8 - https:\/\/yoast.com\/product\/yoast-seo-wordpress\/ -->\n<title>9 miast Baja Sajonia - 9 St\u00e4dte in Niedersachsen<\/title>\n<meta name=\"robots\" content=\"index, follow, max-snippet:-1, max-image-preview:large, max-video-preview:-1\" \/>\n<link rel=\"canonical\" href=\"https:\/\/9staedte.de\/pl\/9-miast-baja-sajonia\/\" \/>\n<meta property=\"og:locale\" content=\"pl_PL\" \/>\n<meta property=\"og:type\" content=\"article\" \/>\n<meta property=\"og:title\" content=\"9 miast Baja Sajonia - 9 St\u00e4dte in Niedersachsen\" \/>\n<meta property=\"og:description\" content=\"Istnieje niesko\u0144czenie wiele powod\u00f3w, dla kt\u00f3rych warto odwiedzi\u0107 9 miast Baja Sajonia: tradycyjne festiwale, dziedzictwo ludzko\u015bci UNESCO, \u015bredniowieczne miasta, zabytkowe domy, przytulne szpitale, nowoczesne galerie handlowe, du\u017ca aktywno\u015b\u0107&#8230; Zaplanuj swoj\u0105 podr\u00f3\u017c do 9 miast. Ka\u017cde miasto fascynuje si\u0119 swoim w\u0142asnym, szczeg\u00f3lnym charakterem. Wizyta w jednym lub kilku historycznych miastach mo\u017ce by\u0107 po\u0142\u0105czona z wycieczk\u0105 po [&hellip;]\" \/>\n<meta property=\"og:url\" content=\"https:\/\/9staedte.de\/pl\/9-miast-baja-sajonia\/\" \/>\n<meta property=\"og:site_name\" content=\"9 St\u00e4dte in Niedersachsen\" \/>\n<meta name=\"twitter:card\" content=\"summary_large_image\" \/>\n<meta name=\"twitter:label1\" content=\"Szacowany czas czytania\" \/>\n\t<meta name=\"twitter:data1\" content=\"1 minuta\" \/>\n<script type=\"application\/ld+json\" class=\"yoast-schema-graph\">{\"@context\":\"https:\/\/schema.org\",\"@graph\":[{\"@type\":\"WebPage\",\"@id\":\"https:\/\/9staedte.de\/pl\/9-miast-baja-sajonia\/\",\"url\":\"https:\/\/9staedte.de\/pl\/9-miast-baja-sajonia\/\",\"name\":\"9 miast Baja Sajonia - 9 St\u00e4dte in Niedersachsen\",\"isPartOf\":{\"@id\":\"https:\/\/9staedte.de\/pl\/#website\"},\"datePublished\":\"2023-11-02T08:49:11+00:00\",\"breadcrumb\":{\"@id\":\"https:\/\/9staedte.de\/pl\/9-miast-baja-sajonia\/#breadcrumb\"},\"inLanguage\":\"pl-PL\",\"potentialAction\":[{\"@type\":\"ReadAction\",\"target\":[\"https:\/\/9staedte.de\/pl\/9-miast-baja-sajonia\/\"]}]},{\"@type\":\"BreadcrumbList\",\"@id\":\"https:\/\/9staedte.de\/pl\/9-miast-baja-sajonia\/#breadcrumb\",\"itemListElement\":[{\"@type\":\"ListItem\",\"position\":1,\"name\":\"Startseite\",\"item\":\"https:\/\/9staedte.de\/pl\/\"},{\"@type\":\"ListItem\",\"position\":2,\"name\":\"9 miast Baja Sajonia\"}]},{\"@type\":\"WebSite\",\"@id\":\"https:\/\/9staedte.de\/pl\/#website\",\"url\":\"https:\/\/9staedte.de\/pl\/\",\"name\":\"9 St\u00e4dte in Niedersachsen\",\"description\":\"\",\"publisher\":{\"@id\":\"https:\/\/9staedte.de\/pl\/#organization\"},\"potentialAction\":[{\"@type\":\"SearchAction\",\"target\":{\"@type\":\"EntryPoint\",\"urlTemplate\":\"https:\/\/9staedte.de\/pl\/?s={search_term_string}\"},\"query-input\":{\"@type\":\"PropertyValueSpecification\",\"valueRequired\":true,\"valueName\":\"search_term_string\"}}],\"inLanguage\":\"pl-PL\"},{\"@type\":\"Organization\",\"@id\":\"https:\/\/9staedte.de\/pl\/#organization\",\"name\":\"9 St\u00e4dte in Niedersachsen\",\"url\":\"https:\/\/9staedte.de\/pl\/\",\"logo\":{\"@type\":\"ImageObject\",\"inLanguage\":\"pl-PL\",\"@id\":\"https:\/\/9staedte.de\/pl\/#\/schema\/logo\/image\/\",\"url\":\"https:\/\/9staedte.de\/wp-content\/uploads\/2025\/01\/9-neg-deutsch-2-1.png\",\"contentUrl\":\"https:\/\/9staedte.de\/wp-content\/uploads\/2025\/01\/9-neg-deutsch-2-1.png\",\"width\":190,\"height\":114,\"caption\":\"9 St\u00e4dte in Niedersachsen\"},\"image\":{\"@id\":\"https:\/\/9staedte.de\/pl\/#\/schema\/logo\/image\/\"}}]}<\/script>\n<!-- \/ Yoast SEO plugin. -->","yoast_head_json":{"title":"9 miast Baja Sajonia - 9 St\u00e4dte in Niedersachsen","robots":{"index":"index","follow":"follow","max-snippet":"max-snippet:-1","max-image-preview":"max-image-preview:large","max-video-preview":"max-video-preview:-1"},"canonical":"https:\/\/9staedte.de\/pl\/9-miast-baja-sajonia\/","og_locale":"pl_PL","og_type":"article","og_title":"9 miast Baja Sajonia - 9 St\u00e4dte in Niedersachsen","og_description":"Istnieje niesko\u0144czenie wiele powod\u00f3w, dla kt\u00f3rych warto odwiedzi\u0107 9 miast Baja Sajonia: tradycyjne festiwale, dziedzictwo ludzko\u015bci UNESCO, \u015bredniowieczne miasta, zabytkowe domy, przytulne szpitale, nowoczesne galerie handlowe, du\u017ca aktywno\u015b\u0107&#8230; Zaplanuj swoj\u0105 podr\u00f3\u017c do 9 miast. Ka\u017cde miasto fascynuje si\u0119 swoim w\u0142asnym, szczeg\u00f3lnym charakterem. Wizyta w jednym lub kilku historycznych miastach mo\u017ce by\u0107 po\u0142\u0105czona z wycieczk\u0105 po [&hellip;]","og_url":"https:\/\/9staedte.de\/pl\/9-miast-baja-sajonia\/","og_site_name":"9 St\u00e4dte in Niedersachsen","twitter_card":"summary_large_image","twitter_misc":{"Szacowany czas czytania":"1 minuta"},"schema":{"@context":"https:\/\/schema.org","@graph":[{"@type":"WebPage","@id":"https:\/\/9staedte.de\/pl\/9-miast-baja-sajonia\/","url":"https:\/\/9staedte.de\/pl\/9-miast-baja-sajonia\/","name":"9 miast Baja Sajonia - 9 St\u00e4dte in Niedersachsen","isPartOf":{"@id":"https:\/\/9staedte.de\/pl\/#website"},"datePublished":"2023-11-02T08:49:11+00:00","breadcrumb":{"@id":"https:\/\/9staedte.de\/pl\/9-miast-baja-sajonia\/#breadcrumb"},"inLanguage":"pl-PL","potentialAction":[{"@type":"ReadAction","target":["https:\/\/9staedte.de\/pl\/9-miast-baja-sajonia\/"]}]},{"@type":"BreadcrumbList","@id":"https:\/\/9staedte.de\/pl\/9-miast-baja-sajonia\/#breadcrumb","itemListElement":[{"@type":"ListItem","position":1,"name":"Startseite","item":"https:\/\/9staedte.de\/pl\/"},{"@type":"ListItem","position":2,"name":"9 miast Baja Sajonia"}]},{"@type":"WebSite","@id":"https:\/\/9staedte.de\/pl\/#website","url":"https:\/\/9staedte.de\/pl\/","name":"9 St\u00e4dte in Niedersachsen","description":"","publisher":{"@id":"https:\/\/9staedte.de\/pl\/#organization"},"potentialAction":[{"@type":"SearchAction","target":{"@type":"EntryPoint","urlTemplate":"https:\/\/9staedte.de\/pl\/?s={search_term_string}"},"query-input":{"@type":"PropertyValueSpecification","valueRequired":true,"valueName":"search_term_string"}}],"inLanguage":"pl-PL"},{"@type":"Organization","@id":"https:\/\/9staedte.de\/pl\/#organization","name":"9 St\u00e4dte in Niedersachsen","url":"https:\/\/9staedte.de\/pl\/","logo":{"@type":"ImageObject","inLanguage":"pl-PL","@id":"https:\/\/9staedte.de\/pl\/#\/schema\/logo\/image\/","url":"https:\/\/9staedte.de\/wp-content\/uploads\/2025\/01\/9-neg-deutsch-2-1.png","contentUrl":"https:\/\/9staedte.de\/wp-content\/uploads\/2025\/01\/9-neg-deutsch-2-1.png","width":190,"height":114,"caption":"9 St\u00e4dte in Niedersachsen"},"image":{"@id":"https:\/\/9staedte.de\/pl\/#\/schema\/logo\/image\/"}}]}},"_links":{"self":[{"href":"https:\/\/9staedte.de\/pl\/wp-json\/wp\/v2\/pages\/17476","targetHints":{"allow":["GET"]}}],"collection":[{"href":"https:\/\/9staedte.de\/pl\/wp-json\/wp\/v2\/pages"}],"about":[{"href":"https:\/\/9staedte.de\/pl\/wp-json\/wp\/v2\/types\/page"}],"author":[{"embeddable":true,"href":"https:\/\/9staedte.de\/pl\/wp-json\/wp\/v2\/users\/1"}],"replies":[{"embeddable":true,"href":"https:\/\/9staedte.de\/pl\/wp-json\/wp\/v2\/comments?post=17476"}],"version-history":[{"count":0,"href":"https:\/\/9staedte.de\/pl\/wp-json\/wp\/v2\/pages\/17476\/revisions"}],"wp:attachment":[{"href":"https:\/\/9staedte.de\/pl\/wp-json\/wp\/v2\/media?parent=17476"}],"wp:term":[{"taxonomy":"category","embeddable":true,"href":"https:\/\/9staedte.de\/pl\/wp-json\/wp\/v2\/categories?post=17476"},{"taxonomy":"post_tag","embeddable":true,"href":"https:\/\/9staedte.de\/pl\/wp-json\/wp\/v2\/tags?post=17476"},{"taxonomy":"ncap_cities_tax","embeddable":true,"href":"https:\/\/9staedte.de\/pl\/wp-json\/wp\/v2\/ncap_cities_tax?post=17476"}],"curies":[{"name":"wp","href":"https:\/\/api.w.org\/{rel}","templated":true}]}}