{"id":17470,"date":"2023-11-02T09:49:11","date_gmt":"2023-11-02T08:49:11","guid":{"rendered":"https:\/\/9staedte.de\/9-miast-w-dolnej-saksonii-porady-i-informacje\/"},"modified":"2023-11-02T09:49:11","modified_gmt":"2023-11-02T08:49:11","slug":"9-miast-w-dolnej-saksonii-porady-i-informacje","status":"publish","type":"page","link":"https:\/\/9staedte.de\/pl\/9-miast-w-dolnej-saksonii-porady-i-informacje\/","title":{"rendered":"9 Miast w Dolnej Saksonii &#8211; Porady i informacje"},"content":{"rendered":"\n<p>Powody, dla kt\u00f3rych warto odwiedzi\u0107 stron\u0119&nbsp;9 miast Dolnej Saksonii? Lista jest niesko\u0144czona! Niezwyk\u0142e wydarzenia, \u015bwiatowe dziedzictwo UNESCO, \u015bredniowieczne centra miast, idylliczne zespo\u0142y dom\u00f3w z muru pruskiego, go\u015bcinno\u015b\u0107, nowoczesne centra handlowe, t\u0119tni\u0105ce \u017cyciem &#8230;<\/p>\n\n\n\n<h4 class=\"wp-block-heading\">WSKAZ\u00d3WKA<\/h4>\n\n\n\n<p>Po\u0142\u0105cz swoj\u0105 podr\u00f3\u017c do historii z wycieczk\u0105 do inspiruj\u0105cego \u015bwiata Autostadt w Wolfsburgu. Prze\u017cyj wyprawy w przysz\u0142o\u015b\u0107 mobilno\u015bci, podr\u00f3\u017ce w czasie przez histori\u0119 motoryzacji i odkrywcze wycieczki w kosmos technologii i innowacji.<\/p>\n\n\n\n<p>Wskaz\u00f3wki i informacje o 9 miastach + 2 w Dolnej Saksonii:<\/p>\n\n\n\n<div style=\"height:60px\" aria-hidden=\"true\" class=\"wp-block-spacer\"><\/div>\n\n\n\n<div class=\"content-grid\">\n\n\n  \n  <div class=\"grid\">\n                        \n                    \n          <div class=\"featured-themen-single\">\n            <div class=\"featured-themen-single-inner\" style=\"background-image: url('')\">\n              \n              <a href=\"https:\/\/9staedte.de\/braunschweig-a-lively-city-with-lots-of-history\/\">\n                <span>Braunschweig \u2013  A lively city with lots of history<\/span>\n              <\/a>\n            <\/div>\n          <\/div>\n    \n          \n                  \n                    \n          <div class=\"featured-themen-single\">\n            <div class=\"featured-themen-single-inner\" style=\"background-image: url('')\">\n              \n              <a href=\"https:\/\/9staedte.de\/celle-lovable-ducal-residence-with-europes-largest-ensemble-of-half-timbered-houses\/\">\n                <span>Celle \u2013 Lovable ducal residence with Europe\u2019s largest ensemble of half-timbered houses<\/span>\n              <\/a>\n            <\/div>\n          <\/div>\n    \n          \n                  \n                    \n          <div class=\"featured-themen-single\">\n            <div class=\"featured-themen-single-inner\" style=\"background-image: url('')\">\n              \n              <a href=\"https:\/\/9staedte.de\/einbeck-vintage-cars-half-timbered-houses-and-beer\/\">\n                <span>Einbeck \u2013 Vintage cars, half-timbered houses and beer<\/span>\n              <\/a>\n            <\/div>\n          <\/div>\n    \n          \n                  \n                    \n          <div class=\"featured-themen-single\">\n            <div class=\"featured-themen-single-inner\" style=\"background-image: url('')\">\n              \n              <a href=\"https:\/\/9staedte.de\/goettingen-the-city-that-creates-knowledge\/\">\n                <span>G\u00f6ttingen \u2013 The city that creates knowledge<\/span>\n              <\/a>\n            <\/div>\n          <\/div>\n    \n          \n                  \n                    \n          <div class=\"featured-themen-single\">\n            <div class=\"featured-themen-single-inner\" style=\"background-image: url('')\">\n              \n              <a href=\"https:\/\/9staedte.de\/goslar-world-heritage-sites-in-the-harz-mountains\/\">\n                <span>Goslar \u2013 World Heritage Sites in the Harz mountains<\/span>\n              <\/a>\n            <\/div>\n          <\/div>\n    \n          \n                  \n                    \n          <div class=\"featured-themen-single\">\n            <div class=\"featured-themen-single-inner\" style=\"background-image: url('')\">\n              \n              <a href=\"https:\/\/9staedte.de\/hameln-the-pied-piper-town\/\">\n                <span>Hameln \u2013 The Pied Piper town<\/span>\n              <\/a>\n            <\/div>\n          <\/div>\n    \n          \n                  \n                    \n          <div class=\"featured-themen-single\">\n            <div class=\"featured-themen-single-inner\" style=\"background-image: url('')\">\n              \n              <a href=\"https:\/\/9staedte.de\/hannover-lovable-and-liveable\/\">\n                <span>Hannover \u2013 Lovable and liveable<\/span>\n              <\/a>\n            <\/div>\n          <\/div>\n    \n          \n                  \n                    \n          <div class=\"featured-themen-single\">\n            <div class=\"featured-themen-single-inner\" style=\"background-image: url('')\">\n              \n              <a href=\"https:\/\/9staedte.de\/hildesheim-half-timbered-city-packed-with-culture-and-history\/\">\n                <span>Hildesheim \u2013 Half-timbered city packed with culture and history<\/span>\n              <\/a>\n            <\/div>\n          <\/div>\n    \n          \n                  \n                    \n          <div class=\"featured-themen-single\">\n            <div class=\"featured-themen-single-inner\" style=\"background-image: url('')\">\n              \n              <a href=\"https:\/\/9staedte.de\/wolfenbuettel-1000-half-timbered-houses-and-jaegermeister\/\">\n                <span>Wolfenb\u00fcttel \u2013 1000 half-timbered houses and J\u00e4germeister<\/span>\n              <\/a>\n            <\/div>\n          <\/div>\n    \n          \n                  \n                    \n          <div class=\"featured-themen-single\">\n            <div class=\"featured-themen-single-inner\" style=\"background-image: url('')\">\n              \n              <a href=\"https:\/\/9staedte.de\/autostadt-in-wolfsburg-discover-the-world-of-mobility\/\">\n                <span>Autostadt in Wolfsburg \u2013 Discover the world of mobility<\/span>\n              <\/a>\n            <\/div>\n          <\/div>\n    \n          \n                          \n        <\/div>\n<\/div>","protected":false},"excerpt":{"rendered":"<p>Powody, dla kt\u00f3rych warto odwiedzi\u0107 stron\u0119&nbsp;9 miast Dolnej Saksonii? Lista jest niesko\u0144czona! Niezwyk\u0142e wydarzenia, \u015bwiatowe dziedzictwo UNESCO, \u015bredniowieczne centra miast, idylliczne zespo\u0142y dom\u00f3w z muru pruskiego, go\u015bcinno\u015b\u0107, nowoczesne centra handlowe, t\u0119tni\u0105ce \u017cyciem &#8230; WSKAZ\u00d3WKA Po\u0142\u0105cz swoj\u0105 podr\u00f3\u017c do historii z wycieczk\u0105 do inspiruj\u0105cego \u015bwiata Autostadt w Wolfsburgu. Prze\u017cyj wyprawy w przysz\u0142o\u015b\u0107 mobilno\u015bci, podr\u00f3\u017ce w czasie [&hellip;]<\/p>\n","protected":false},"author":1,"featured_media":0,"parent":0,"menu_order":0,"comment_status":"closed","ping_status":"closed","template":"","meta":{"_acf_changed":false,"footnotes":""},"categories":[],"tags":[],"ncap_cities_tax":[],"class_list":["post-17470","page","type-page","status-publish","hentry"],"acf":[],"yoast_head":"<!-- This site is optimized with the Yoast SEO plugin v26.8 - https:\/\/yoast.com\/product\/yoast-seo-wordpress\/ -->\n<title>9 Miast w Dolnej Saksonii - Porady i informacje - 9 St\u00e4dte in Niedersachsen<\/title>\n<meta name=\"robots\" content=\"index, follow, max-snippet:-1, max-image-preview:large, max-video-preview:-1\" \/>\n<link rel=\"canonical\" href=\"https:\/\/9staedte.de\/pl\/9-miast-w-dolnej-saksonii-porady-i-informacje\/\" \/>\n<meta property=\"og:locale\" content=\"pl_PL\" \/>\n<meta property=\"og:type\" content=\"article\" \/>\n<meta property=\"og:title\" content=\"9 Miast w Dolnej Saksonii - Porady i informacje - 9 St\u00e4dte in Niedersachsen\" \/>\n<meta property=\"og:description\" content=\"Powody, dla kt\u00f3rych warto odwiedzi\u0107 stron\u0119&nbsp;9 miast Dolnej Saksonii? Lista jest niesko\u0144czona! Niezwyk\u0142e wydarzenia, \u015bwiatowe dziedzictwo UNESCO, \u015bredniowieczne centra miast, idylliczne zespo\u0142y dom\u00f3w z muru pruskiego, go\u015bcinno\u015b\u0107, nowoczesne centra handlowe, t\u0119tni\u0105ce \u017cyciem &#8230; WSKAZ\u00d3WKA Po\u0142\u0105cz swoj\u0105 podr\u00f3\u017c do historii z wycieczk\u0105 do inspiruj\u0105cego \u015bwiata Autostadt w Wolfsburgu. Prze\u017cyj wyprawy w przysz\u0142o\u015b\u0107 mobilno\u015bci, podr\u00f3\u017ce w czasie [&hellip;]\" \/>\n<meta property=\"og:url\" content=\"https:\/\/9staedte.de\/pl\/9-miast-w-dolnej-saksonii-porady-i-informacje\/\" \/>\n<meta property=\"og:site_name\" content=\"9 St\u00e4dte in Niedersachsen\" \/>\n<meta name=\"twitter:card\" content=\"summary_large_image\" \/>\n<script type=\"application\/ld+json\" class=\"yoast-schema-graph\">{\"@context\":\"https:\/\/schema.org\",\"@graph\":[{\"@type\":\"WebPage\",\"@id\":\"https:\/\/9staedte.de\/pl\/9-miast-w-dolnej-saksonii-porady-i-informacje\/\",\"url\":\"https:\/\/9staedte.de\/pl\/9-miast-w-dolnej-saksonii-porady-i-informacje\/\",\"name\":\"9 Miast w Dolnej Saksonii - Porady i informacje - 9 St\u00e4dte in Niedersachsen\",\"isPartOf\":{\"@id\":\"https:\/\/9staedte.de\/pl\/#website\"},\"datePublished\":\"2023-11-02T08:49:11+00:00\",\"breadcrumb\":{\"@id\":\"https:\/\/9staedte.de\/pl\/9-miast-w-dolnej-saksonii-porady-i-informacje\/#breadcrumb\"},\"inLanguage\":\"pl-PL\",\"potentialAction\":[{\"@type\":\"ReadAction\",\"target\":[\"https:\/\/9staedte.de\/pl\/9-miast-w-dolnej-saksonii-porady-i-informacje\/\"]}]},{\"@type\":\"BreadcrumbList\",\"@id\":\"https:\/\/9staedte.de\/pl\/9-miast-w-dolnej-saksonii-porady-i-informacje\/#breadcrumb\",\"itemListElement\":[{\"@type\":\"ListItem\",\"position\":1,\"name\":\"Startseite\",\"item\":\"https:\/\/9staedte.de\/pl\/\"},{\"@type\":\"ListItem\",\"position\":2,\"name\":\"9 Miast w Dolnej Saksonii &#8211; Porady i informacje\"}]},{\"@type\":\"WebSite\",\"@id\":\"https:\/\/9staedte.de\/pl\/#website\",\"url\":\"https:\/\/9staedte.de\/pl\/\",\"name\":\"9 St\u00e4dte in Niedersachsen\",\"description\":\"\",\"publisher\":{\"@id\":\"https:\/\/9staedte.de\/pl\/#organization\"},\"potentialAction\":[{\"@type\":\"SearchAction\",\"target\":{\"@type\":\"EntryPoint\",\"urlTemplate\":\"https:\/\/9staedte.de\/pl\/?s={search_term_string}\"},\"query-input\":{\"@type\":\"PropertyValueSpecification\",\"valueRequired\":true,\"valueName\":\"search_term_string\"}}],\"inLanguage\":\"pl-PL\"},{\"@type\":\"Organization\",\"@id\":\"https:\/\/9staedte.de\/pl\/#organization\",\"name\":\"9 St\u00e4dte in Niedersachsen\",\"url\":\"https:\/\/9staedte.de\/pl\/\",\"logo\":{\"@type\":\"ImageObject\",\"inLanguage\":\"pl-PL\",\"@id\":\"https:\/\/9staedte.de\/pl\/#\/schema\/logo\/image\/\",\"url\":\"https:\/\/9staedte.de\/wp-content\/uploads\/2025\/01\/9-neg-deutsch-2-1.png\",\"contentUrl\":\"https:\/\/9staedte.de\/wp-content\/uploads\/2025\/01\/9-neg-deutsch-2-1.png\",\"width\":190,\"height\":114,\"caption\":\"9 St\u00e4dte in Niedersachsen\"},\"image\":{\"@id\":\"https:\/\/9staedte.de\/pl\/#\/schema\/logo\/image\/\"}}]}<\/script>\n<!-- \/ Yoast SEO plugin. -->","yoast_head_json":{"title":"9 Miast w Dolnej Saksonii - Porady i informacje - 9 St\u00e4dte in Niedersachsen","robots":{"index":"index","follow":"follow","max-snippet":"max-snippet:-1","max-image-preview":"max-image-preview:large","max-video-preview":"max-video-preview:-1"},"canonical":"https:\/\/9staedte.de\/pl\/9-miast-w-dolnej-saksonii-porady-i-informacje\/","og_locale":"pl_PL","og_type":"article","og_title":"9 Miast w Dolnej Saksonii - Porady i informacje - 9 St\u00e4dte in Niedersachsen","og_description":"Powody, dla kt\u00f3rych warto odwiedzi\u0107 stron\u0119&nbsp;9 miast Dolnej Saksonii? Lista jest niesko\u0144czona! Niezwyk\u0142e wydarzenia, \u015bwiatowe dziedzictwo UNESCO, \u015bredniowieczne centra miast, idylliczne zespo\u0142y dom\u00f3w z muru pruskiego, go\u015bcinno\u015b\u0107, nowoczesne centra handlowe, t\u0119tni\u0105ce \u017cyciem &#8230; WSKAZ\u00d3WKA Po\u0142\u0105cz swoj\u0105 podr\u00f3\u017c do historii z wycieczk\u0105 do inspiruj\u0105cego \u015bwiata Autostadt w Wolfsburgu. Prze\u017cyj wyprawy w przysz\u0142o\u015b\u0107 mobilno\u015bci, podr\u00f3\u017ce w czasie [&hellip;]","og_url":"https:\/\/9staedte.de\/pl\/9-miast-w-dolnej-saksonii-porady-i-informacje\/","og_site_name":"9 St\u00e4dte in Niedersachsen","twitter_card":"summary_large_image","schema":{"@context":"https:\/\/schema.org","@graph":[{"@type":"WebPage","@id":"https:\/\/9staedte.de\/pl\/9-miast-w-dolnej-saksonii-porady-i-informacje\/","url":"https:\/\/9staedte.de\/pl\/9-miast-w-dolnej-saksonii-porady-i-informacje\/","name":"9 Miast w Dolnej Saksonii - Porady i informacje - 9 St\u00e4dte in Niedersachsen","isPartOf":{"@id":"https:\/\/9staedte.de\/pl\/#website"},"datePublished":"2023-11-02T08:49:11+00:00","breadcrumb":{"@id":"https:\/\/9staedte.de\/pl\/9-miast-w-dolnej-saksonii-porady-i-informacje\/#breadcrumb"},"inLanguage":"pl-PL","potentialAction":[{"@type":"ReadAction","target":["https:\/\/9staedte.de\/pl\/9-miast-w-dolnej-saksonii-porady-i-informacje\/"]}]},{"@type":"BreadcrumbList","@id":"https:\/\/9staedte.de\/pl\/9-miast-w-dolnej-saksonii-porady-i-informacje\/#breadcrumb","itemListElement":[{"@type":"ListItem","position":1,"name":"Startseite","item":"https:\/\/9staedte.de\/pl\/"},{"@type":"ListItem","position":2,"name":"9 Miast w Dolnej Saksonii &#8211; Porady i informacje"}]},{"@type":"WebSite","@id":"https:\/\/9staedte.de\/pl\/#website","url":"https:\/\/9staedte.de\/pl\/","name":"9 St\u00e4dte in Niedersachsen","description":"","publisher":{"@id":"https:\/\/9staedte.de\/pl\/#organization"},"potentialAction":[{"@type":"SearchAction","target":{"@type":"EntryPoint","urlTemplate":"https:\/\/9staedte.de\/pl\/?s={search_term_string}"},"query-input":{"@type":"PropertyValueSpecification","valueRequired":true,"valueName":"search_term_string"}}],"inLanguage":"pl-PL"},{"@type":"Organization","@id":"https:\/\/9staedte.de\/pl\/#organization","name":"9 St\u00e4dte in Niedersachsen","url":"https:\/\/9staedte.de\/pl\/","logo":{"@type":"ImageObject","inLanguage":"pl-PL","@id":"https:\/\/9staedte.de\/pl\/#\/schema\/logo\/image\/","url":"https:\/\/9staedte.de\/wp-content\/uploads\/2025\/01\/9-neg-deutsch-2-1.png","contentUrl":"https:\/\/9staedte.de\/wp-content\/uploads\/2025\/01\/9-neg-deutsch-2-1.png","width":190,"height":114,"caption":"9 St\u00e4dte in Niedersachsen"},"image":{"@id":"https:\/\/9staedte.de\/pl\/#\/schema\/logo\/image\/"}}]}},"_links":{"self":[{"href":"https:\/\/9staedte.de\/pl\/wp-json\/wp\/v2\/pages\/17470","targetHints":{"allow":["GET"]}}],"collection":[{"href":"https:\/\/9staedte.de\/pl\/wp-json\/wp\/v2\/pages"}],"about":[{"href":"https:\/\/9staedte.de\/pl\/wp-json\/wp\/v2\/types\/page"}],"author":[{"embeddable":true,"href":"https:\/\/9staedte.de\/pl\/wp-json\/wp\/v2\/users\/1"}],"replies":[{"embeddable":true,"href":"https:\/\/9staedte.de\/pl\/wp-json\/wp\/v2\/comments?post=17470"}],"version-history":[{"count":0,"href":"https:\/\/9staedte.de\/pl\/wp-json\/wp\/v2\/pages\/17470\/revisions"}],"wp:attachment":[{"href":"https:\/\/9staedte.de\/pl\/wp-json\/wp\/v2\/media?parent=17470"}],"wp:term":[{"taxonomy":"category","embeddable":true,"href":"https:\/\/9staedte.de\/pl\/wp-json\/wp\/v2\/categories?post=17470"},{"taxonomy":"post_tag","embeddable":true,"href":"https:\/\/9staedte.de\/pl\/wp-json\/wp\/v2\/tags?post=17470"},{"taxonomy":"ncap_cities_tax","embeddable":true,"href":"https:\/\/9staedte.de\/pl\/wp-json\/wp\/v2\/ncap_cities_tax?post=17470"}],"curies":[{"name":"wp","href":"https:\/\/api.w.org\/{rel}","templated":true}]}}