{"id":17445,"date":"2023-11-02T09:48:40","date_gmt":"2023-11-02T08:48:40","guid":{"rendered":"https:\/\/9staedte.de\/jarmark-bozonarodzeniowy-w-celle\/"},"modified":"2026-03-23T11:48:34","modified_gmt":"2026-03-23T10:48:34","slug":"jarmark-bozonarodzeniowy-w-celle","status":"publish","type":"page","link":"https:\/\/9staedte.de\/pl\/celle-urocze-miasteczko-mieszkalne\/jarmark-bozonarodzeniowy-w-celle\/","title":{"rendered":"Jarmark bo\u017conarodzeniowy w Celle"},"content":{"rendered":"\n<h2 class=\"wp-block-heading\">\u015awi\u0105teczna magia w stylu muru pruskiego<\/h2>\n\n<p><strong>Kiedy zapach pra\u017conych migda\u0142\u00f3w, nale\u015bnik\u00f3w i grzanego wina wype\u0142nia powietrze nad \u015bwi\u0105tecznie o\u015bwietlon\u0105 star\u00f3wk\u0105 Celle pod koniec listopada, w ko\u0144cu nadszed\u0142 czas: jarmark bo\u017conarodzeniowy w Celle otwiera swoje podwoje!<\/strong><\/p>\n\n<p>Spacerowanie po idyllicznym jarmarku bo\u017conarodzeniowym w ciszy i spokoju i szukanie drobnych prezent\u00f3w \u015bwi\u0105tecznych lub nowych bombek choinkowych nie tylko podsyca oczekiwanie na okres \u015bwi\u0105teczny, ale tak\u017ce pozwala odwiedzaj\u0105cym wrzuci\u0107 ni\u017cszy bieg. Z grzanym winem w d\u0142oni mo\u017cna zanurzy\u0107 si\u0119 w ciep\u0142ej grze \u015bwiate\u0142 na zabytkowych fasadach z muru pruskiego w alejkach i na placach starego miasta i cieszy\u0107 si\u0119 b\u0142yszcz\u0105cymi oczami dzieci &#8211; w ten spos\u00f3b mieszka\u0144cy Celle \u015bwi\u0119tuj\u0105 pi\u0119kny sezon zimowy. <\/p>\n\n<p>Jakby tego by\u0142o ma\u0142o, \u015bwi\u0105teczne wydarzenia i koncerty zapewniaj\u0105 jeszcze wi\u0119cej atmosferycznych atrakcji adwentowych. Z niecierpliwo\u015bci\u0105 oczekiwana zar\u00f3wno przez m\u0142odych, jak i starszych, wielka parada \u015bwiate\u0142 odb\u0119dzie si\u0119 ponownie w tym roku. Magiczne \u015bwi\u0105teczne figury \u015bwietlne oczaruj\u0105 ca\u0142e centrum miasta w pierwszy weekend Adwentu. Adwentowe wydarzenia muzyczne w ko\u015bciele Mariackim r\u00f3wnie\u017c ciesz\u0105 si\u0119 du\u017c\u0105 popularno\u015bci\u0105. Jedn\u0105 ze specjalnych zimowych atrakcji jest barokowe Bo\u017ce Narodzenie na zamku Celle na obrze\u017cach starego miasta. Ubrany w \u015bwi\u0105teczny barokowy str\u00f3j przewodnik oprowadza zwiedzaj\u0105cych po wspania\u0142ych murach podczas nastrojowego \u015bwi\u0105tecznego spaceru.     <\/p>\n\n<p>Oczekuj na kolorowy program z przeja\u017cd\u017ckami karuzel\u0105, muzyk\u0105 na \u017cywo i wizyt\u0105 samego Ojca Bo\u017cego Narodzenia.<\/p>\n\n<p>Przyjed\u017a i prze\u017cyj niezapomniane \u015awi\u0119ta Bo\u017cego Narodzenia w Celle!<\/p>\n\n<p><a href=\"https:\/\/www.celle.de\/Kultur\/Veranstaltungen\/Celler-Weihnachtsmarkt\/\" target=\"_blank\" rel=\"noreferrer noopener\">Wi\u0119cej informacji<\/a><\/p>\n\n<p><\/p>\n\n\n<div class=\"banner-wrapper\">\n  <div class=\"banner-inner \">\n      <div class=\"img-container\">\n      <div class=\"img-wrapper\">\n        <img decoding=\"async\" src=\"https:\/\/9staedte.de\/wp-content\/smush-webp\/2024\/03\/Weihnachtsmarkt-Celle-Stechbahn_CC0.jpg.webp\" alt=\"Na zdj\u0119ciu wida\u0107 jarmark bo\u017conarodzeniowy w Celle. Domy szachulcowe s\u0105 pi\u0119knie o\u015bwietlone. Wiele os\u00f3b spaceruje po rynku. S\u0105 stragany z jedzeniem, napojami i prezentami. W tle wida\u0107 du\u017c\u0105 choink\u0119.\" \/>\n                  <div class=\"thumbnail-label\">\n            <span>Weihnachtsmarkt Celle Stechbahn_CC0<\/span>\n          <\/div>\n              <\/div>\n    <\/div>\n        <div class=\"text-container\">\n      <div class=\"content\">\n        <p>&nbsp;<\/p>\n<p><strong>Wskaz\u00f3wki dotycz\u0105ce wizyty na jarmarku bo\u017conarodzeniowym w Celle<\/strong><\/p>\n<p>Przez cztery tygodnie r\u00f3\u017cne stragany w centrum starego miasta zamieniaj\u0105 mieszkalne miasto Celle w bo\u017conarodzeniowe miasteczko Celle.<\/p>\n<ul>\n<li>Parada \u015bwiate\u0142 w 1. i 3. sobot\u0119 Adwentu<\/li>\n<li>Rosyjska hu\u015btawka na Wielkim Planie<\/li>\n<li>14-metrowa piramida bo\u017conarodzeniowa na Robert-Meyer-Platz<\/li>\n<li>25-metrowa choinka na pasie ruchu<\/li>\n<li>Prawdziwy kowal<\/li>\n<li>Kolejka i karuzela dla dzieci<\/li>\n<\/ul>\n      <\/div>\n    <\/div>\n    <\/div>\n<\/div>\n\n\n<p class=\"h3\"><strong>Jarmark bo\u017conarodzeniowy w Celle<\/strong><\/p>\n\n <div class=\"brlbs-cmpnt-container brlbs-cmpnt-content-blocker brlbs-cmpnt-with-individual-styles\" data-borlabs-cookie-content-blocker-id=\"google-maps\" data-borlabs-cookie-content=\"PGlmcmFtZSBzcmM9Imh0dHBzOi8vd3d3Lmdvb2dsZS5jb20vbWFwcy9lbWJlZD9wYj0hMW0xOCExbTEyITFtMyExZDExNDMuMDU5NDY0NDI4MjYzMyEyZDEwLjA3OTk5MDEzNjc4MzAwMSEzZDUyLjYyNDM5NTQwMjkyOTA0ITJtMyExZjAhMmYwITNmMCEzbTIhMWkxMDI0ITJpNzY4ITRmMTMuMSEzbTMhMW0yITFzMHg0N2IwMjMyYzBhMmYyNWFmJTNBMHgzOGIxMTMxNjViMmNkOTQxITJzQ2VsbGUlMjBBbHRzdGFkdCE1ZTAhM20yITFzZGUhMnNkZSE0djE2OTIxODQyMzM4MTYhNW0yITFzZGUhMnNkZSIgd2lkdGg9IjYwMCIgaGVpZ2h0PSI0NTAiIHN0eWxlPSJib3JkZXI6MDsiIGFsbG93ZnVsbHNjcmVlbj0iIiBsb2FkaW5nPSJsYXp5IiByZWZlcnJlcnBvbGljeT0ibm8tcmVmZXJyZXItd2hlbi1kb3duZ3JhZGUiPjwvaWZyYW1lPg==\"><div class=\"brlbs-cmpnt-cb-preset-b brlbs-cmpnt-cb-google-maps\"> <div class=\"brlbs-cmpnt-cb-thumbnail\" style=\"background-image: url('https:\/\/9staedte.de\/wp-content\/uploads\/borlabs-cookie\/1\/brlbs-cb-google-maps-main.png')\"><\/div> <div class=\"brlbs-cmpnt-cb-main\"> <div class=\"brlbs-cmpnt-cb-content\"> <p class=\"brlbs-cmpnt-cb-description\">Aktualnie wy\u015bwietlana jest tre\u015b\u0107 zast\u0119pcza z <strong>Google Maps<\/strong>. Aby uzyska\u0107 dost\u0119p do rzeczywistej tre\u015bci, kliknij poni\u017cszy przycisk. Pami\u0119taj, \u017ce spowoduje to udost\u0119pnienie danych zewn\u0119trznym operatorom.<\/p> <a class=\"brlbs-cmpnt-cb-provider-toggle\" href=\"#\" data-borlabs-cookie-show-provider-information role=\"button\">Wi\u0119cej informacji<\/a> <\/div> <div class=\"brlbs-cmpnt-cb-buttons\"> <a class=\"brlbs-cmpnt-cb-btn\" href=\"#\" data-borlabs-cookie-unblock role=\"button\">Odblokuj tre\u015b\u0107<\/a> <a class=\"brlbs-cmpnt-cb-btn\" href=\"#\" data-borlabs-cookie-accept-service role=\"button\" style=\"display: inherit\">Zaakceptuj wymagan\u0105 us\u0142ug\u0119 i odblokuj tre\u015b\u0107<\/a> <\/div> <\/div> <\/div><\/div>\n\n<div style=\"height:36px\" aria-hidden=\"true\" class=\"wp-block-spacer\"><\/div>\n","protected":false},"excerpt":{"rendered":"<p>\u015awi\u0105teczna magia w stylu muru pruskiego Kiedy zapach pra\u017conych migda\u0142\u00f3w, nale\u015bnik\u00f3w i grzanego wina wype\u0142nia powietrze nad \u015bwi\u0105tecznie o\u015bwietlon\u0105 star\u00f3wk\u0105 Celle pod koniec listopada, w ko\u0144cu nadszed\u0142 czas: jarmark bo\u017conarodzeniowy w Celle otwiera swoje podwoje! Spacerowanie po idyllicznym jarmarku bo\u017conarodzeniowym w ciszy i spokoju i szukanie drobnych prezent\u00f3w \u015bwi\u0105tecznych lub nowych bombek choinkowych nie tylko [&hellip;]<\/p>\n","protected":false},"author":1,"featured_media":24547,"parent":18081,"menu_order":0,"comment_status":"closed","ping_status":"closed","template":"pagetemplates\/template-stadtthema.php","meta":{"_acf_changed":false,"footnotes":""},"categories":[],"tags":[],"ncap_cities_tax":[430,499],"class_list":["post-17445","page","type-page","status-publish","has-post-thumbnail","hentry","ncap_cities_tax-celle-pl","ncap_cities_tax-weihnachtsmarkte-celle-pl"],"acf":[],"yoast_head":"<!-- This site is optimized with the Yoast SEO plugin v26.8 - https:\/\/yoast.com\/product\/yoast-seo-wordpress\/ -->\n<title>Jarmark bo\u017conarodzeniowy w Celle - 9 St\u00e4dte in Niedersachsen<\/title>\n<meta name=\"description\" content=\"Jarmark bo\u017conarodzeniowy w Celle: \u015awi\u0105teczna atmosfera i magia dom\u00f3w z muru pruskiego. B\u0142yszcz\u0105ce \u015bwiate\u0142ka i nastrojowo udekorowane stragany w centrum starego miasta Celle.\" \/>\n<meta name=\"robots\" content=\"index, follow, max-snippet:-1, max-image-preview:large, max-video-preview:-1\" \/>\n<link rel=\"canonical\" href=\"https:\/\/9staedte.de\/pl\/celle-urocze-miasteczko-mieszkalne\/jarmark-bozonarodzeniowy-w-celle\/\" \/>\n<meta property=\"og:locale\" content=\"pl_PL\" \/>\n<meta property=\"og:type\" content=\"article\" \/>\n<meta property=\"og:title\" content=\"Jarmark bo\u017conarodzeniowy w Celle - 9 St\u00e4dte in Niedersachsen\" \/>\n<meta property=\"og:description\" content=\"Jarmark bo\u017conarodzeniowy w Celle: \u015awi\u0105teczna atmosfera i magia dom\u00f3w z muru pruskiego. B\u0142yszcz\u0105ce \u015bwiate\u0142ka i nastrojowo udekorowane stragany w centrum starego miasta Celle.\" \/>\n<meta property=\"og:url\" content=\"https:\/\/9staedte.de\/pl\/celle-urocze-miasteczko-mieszkalne\/jarmark-bozonarodzeniowy-w-celle\/\" \/>\n<meta property=\"og:site_name\" content=\"9 St\u00e4dte in Niedersachsen\" \/>\n<meta property=\"article:modified_time\" content=\"2026-03-23T10:48:34+00:00\" \/>\n<meta property=\"og:image\" content=\"https:\/\/9staedte.de\/wp-content\/uploads\/2025\/02\/Celle-Christmas-Market-Grosser-Plan-cc0.jpg\" \/>\n\t<meta property=\"og:image:width\" content=\"1020\" \/>\n\t<meta property=\"og:image:height\" content=\"559\" \/>\n\t<meta property=\"og:image:type\" content=\"image\/jpeg\" \/>\n<meta name=\"twitter:card\" content=\"summary_large_image\" \/>\n<meta name=\"twitter:label1\" content=\"Szacowany czas czytania\" \/>\n\t<meta name=\"twitter:data1\" content=\"2 minuty\" \/>\n<script type=\"application\/ld+json\" class=\"yoast-schema-graph\">{\"@context\":\"https:\/\/schema.org\",\"@graph\":[{\"@type\":\"WebPage\",\"@id\":\"https:\/\/9staedte.de\/pl\/celle-urocze-miasteczko-mieszkalne\/jarmark-bozonarodzeniowy-w-celle\/\",\"url\":\"https:\/\/9staedte.de\/pl\/celle-urocze-miasteczko-mieszkalne\/jarmark-bozonarodzeniowy-w-celle\/\",\"name\":\"Jarmark bo\u017conarodzeniowy w Celle - 9 St\u00e4dte in Niedersachsen\",\"isPartOf\":{\"@id\":\"https:\/\/9staedte.de\/pl\/#website\"},\"primaryImageOfPage\":{\"@id\":\"https:\/\/9staedte.de\/pl\/celle-urocze-miasteczko-mieszkalne\/jarmark-bozonarodzeniowy-w-celle\/#primaryimage\"},\"image\":{\"@id\":\"https:\/\/9staedte.de\/pl\/celle-urocze-miasteczko-mieszkalne\/jarmark-bozonarodzeniowy-w-celle\/#primaryimage\"},\"thumbnailUrl\":\"https:\/\/9staedte.de\/wp-content\/uploads\/2025\/02\/Celle-Christmas-Market-Grosser-Plan-cc0.jpg\",\"datePublished\":\"2023-11-02T08:48:40+00:00\",\"dateModified\":\"2026-03-23T10:48:34+00:00\",\"description\":\"Jarmark bo\u017conarodzeniowy w Celle: \u015awi\u0105teczna atmosfera i magia dom\u00f3w z muru pruskiego. B\u0142yszcz\u0105ce \u015bwiate\u0142ka i nastrojowo udekorowane stragany w centrum starego miasta Celle.\",\"breadcrumb\":{\"@id\":\"https:\/\/9staedte.de\/pl\/celle-urocze-miasteczko-mieszkalne\/jarmark-bozonarodzeniowy-w-celle\/#breadcrumb\"},\"inLanguage\":\"pl-PL\",\"potentialAction\":[{\"@type\":\"ReadAction\",\"target\":[\"https:\/\/9staedte.de\/pl\/celle-urocze-miasteczko-mieszkalne\/jarmark-bozonarodzeniowy-w-celle\/\"]}]},{\"@type\":\"ImageObject\",\"inLanguage\":\"pl-PL\",\"@id\":\"https:\/\/9staedte.de\/pl\/celle-urocze-miasteczko-mieszkalne\/jarmark-bozonarodzeniowy-w-celle\/#primaryimage\",\"url\":\"https:\/\/9staedte.de\/wp-content\/uploads\/2025\/02\/Celle-Christmas-Market-Grosser-Plan-cc0.jpg\",\"contentUrl\":\"https:\/\/9staedte.de\/wp-content\/uploads\/2025\/02\/Celle-Christmas-Market-Grosser-Plan-cc0.jpg\",\"width\":1020,\"height\":559,\"caption\":\"Celle Christmas Market, Gro\u00dfer Plan CC0\"},{\"@type\":\"BreadcrumbList\",\"@id\":\"https:\/\/9staedte.de\/pl\/celle-urocze-miasteczko-mieszkalne\/jarmark-bozonarodzeniowy-w-celle\/#breadcrumb\",\"itemListElement\":[{\"@type\":\"ListItem\",\"position\":1,\"name\":\"Startseite\",\"item\":\"https:\/\/9staedte.de\/pl\/\"},{\"@type\":\"ListItem\",\"position\":2,\"name\":\"Celle &#8211; Urocze miasteczko mieszkalne\",\"item\":\"https:\/\/9staedte.de\/pl\/celle-urocze-miasteczko-mieszkalne\/\"},{\"@type\":\"ListItem\",\"position\":3,\"name\":\"Jarmark bo\u017conarodzeniowy w Celle\"}]},{\"@type\":\"WebSite\",\"@id\":\"https:\/\/9staedte.de\/pl\/#website\",\"url\":\"https:\/\/9staedte.de\/pl\/\",\"name\":\"9 St\u00e4dte in Niedersachsen\",\"description\":\"\",\"publisher\":{\"@id\":\"https:\/\/9staedte.de\/pl\/#organization\"},\"potentialAction\":[{\"@type\":\"SearchAction\",\"target\":{\"@type\":\"EntryPoint\",\"urlTemplate\":\"https:\/\/9staedte.de\/pl\/?s={search_term_string}\"},\"query-input\":{\"@type\":\"PropertyValueSpecification\",\"valueRequired\":true,\"valueName\":\"search_term_string\"}}],\"inLanguage\":\"pl-PL\"},{\"@type\":\"Organization\",\"@id\":\"https:\/\/9staedte.de\/pl\/#organization\",\"name\":\"9 St\u00e4dte in Niedersachsen\",\"url\":\"https:\/\/9staedte.de\/pl\/\",\"logo\":{\"@type\":\"ImageObject\",\"inLanguage\":\"pl-PL\",\"@id\":\"https:\/\/9staedte.de\/pl\/#\/schema\/logo\/image\/\",\"url\":\"https:\/\/9staedte.de\/wp-content\/uploads\/2025\/01\/9-neg-deutsch-2-1.png\",\"contentUrl\":\"https:\/\/9staedte.de\/wp-content\/uploads\/2025\/01\/9-neg-deutsch-2-1.png\",\"width\":190,\"height\":114,\"caption\":\"9 St\u00e4dte in Niedersachsen\"},\"image\":{\"@id\":\"https:\/\/9staedte.de\/pl\/#\/schema\/logo\/image\/\"}}]}<\/script>\n<!-- \/ Yoast SEO plugin. -->","yoast_head_json":{"title":"Jarmark bo\u017conarodzeniowy w Celle - 9 St\u00e4dte in Niedersachsen","description":"Jarmark bo\u017conarodzeniowy w Celle: \u015awi\u0105teczna atmosfera i magia dom\u00f3w z muru pruskiego. B\u0142yszcz\u0105ce \u015bwiate\u0142ka i nastrojowo udekorowane stragany w centrum starego miasta Celle.","robots":{"index":"index","follow":"follow","max-snippet":"max-snippet:-1","max-image-preview":"max-image-preview:large","max-video-preview":"max-video-preview:-1"},"canonical":"https:\/\/9staedte.de\/pl\/celle-urocze-miasteczko-mieszkalne\/jarmark-bozonarodzeniowy-w-celle\/","og_locale":"pl_PL","og_type":"article","og_title":"Jarmark bo\u017conarodzeniowy w Celle - 9 St\u00e4dte in Niedersachsen","og_description":"Jarmark bo\u017conarodzeniowy w Celle: \u015awi\u0105teczna atmosfera i magia dom\u00f3w z muru pruskiego. B\u0142yszcz\u0105ce \u015bwiate\u0142ka i nastrojowo udekorowane stragany w centrum starego miasta Celle.","og_url":"https:\/\/9staedte.de\/pl\/celle-urocze-miasteczko-mieszkalne\/jarmark-bozonarodzeniowy-w-celle\/","og_site_name":"9 St\u00e4dte in Niedersachsen","article_modified_time":"2026-03-23T10:48:34+00:00","og_image":[{"width":1020,"height":559,"url":"https:\/\/9staedte.de\/wp-content\/uploads\/2025\/02\/Celle-Christmas-Market-Grosser-Plan-cc0.jpg","type":"image\/jpeg"}],"twitter_card":"summary_large_image","twitter_misc":{"Szacowany czas czytania":"2 minuty"},"schema":{"@context":"https:\/\/schema.org","@graph":[{"@type":"WebPage","@id":"https:\/\/9staedte.de\/pl\/celle-urocze-miasteczko-mieszkalne\/jarmark-bozonarodzeniowy-w-celle\/","url":"https:\/\/9staedte.de\/pl\/celle-urocze-miasteczko-mieszkalne\/jarmark-bozonarodzeniowy-w-celle\/","name":"Jarmark bo\u017conarodzeniowy w Celle - 9 St\u00e4dte in Niedersachsen","isPartOf":{"@id":"https:\/\/9staedte.de\/pl\/#website"},"primaryImageOfPage":{"@id":"https:\/\/9staedte.de\/pl\/celle-urocze-miasteczko-mieszkalne\/jarmark-bozonarodzeniowy-w-celle\/#primaryimage"},"image":{"@id":"https:\/\/9staedte.de\/pl\/celle-urocze-miasteczko-mieszkalne\/jarmark-bozonarodzeniowy-w-celle\/#primaryimage"},"thumbnailUrl":"https:\/\/9staedte.de\/wp-content\/uploads\/2025\/02\/Celle-Christmas-Market-Grosser-Plan-cc0.jpg","datePublished":"2023-11-02T08:48:40+00:00","dateModified":"2026-03-23T10:48:34+00:00","description":"Jarmark bo\u017conarodzeniowy w Celle: \u015awi\u0105teczna atmosfera i magia dom\u00f3w z muru pruskiego. B\u0142yszcz\u0105ce \u015bwiate\u0142ka i nastrojowo udekorowane stragany w centrum starego miasta Celle.","breadcrumb":{"@id":"https:\/\/9staedte.de\/pl\/celle-urocze-miasteczko-mieszkalne\/jarmark-bozonarodzeniowy-w-celle\/#breadcrumb"},"inLanguage":"pl-PL","potentialAction":[{"@type":"ReadAction","target":["https:\/\/9staedte.de\/pl\/celle-urocze-miasteczko-mieszkalne\/jarmark-bozonarodzeniowy-w-celle\/"]}]},{"@type":"ImageObject","inLanguage":"pl-PL","@id":"https:\/\/9staedte.de\/pl\/celle-urocze-miasteczko-mieszkalne\/jarmark-bozonarodzeniowy-w-celle\/#primaryimage","url":"https:\/\/9staedte.de\/wp-content\/uploads\/2025\/02\/Celle-Christmas-Market-Grosser-Plan-cc0.jpg","contentUrl":"https:\/\/9staedte.de\/wp-content\/uploads\/2025\/02\/Celle-Christmas-Market-Grosser-Plan-cc0.jpg","width":1020,"height":559,"caption":"Celle Christmas Market, Gro\u00dfer Plan CC0"},{"@type":"BreadcrumbList","@id":"https:\/\/9staedte.de\/pl\/celle-urocze-miasteczko-mieszkalne\/jarmark-bozonarodzeniowy-w-celle\/#breadcrumb","itemListElement":[{"@type":"ListItem","position":1,"name":"Startseite","item":"https:\/\/9staedte.de\/pl\/"},{"@type":"ListItem","position":2,"name":"Celle &#8211; Urocze miasteczko mieszkalne","item":"https:\/\/9staedte.de\/pl\/celle-urocze-miasteczko-mieszkalne\/"},{"@type":"ListItem","position":3,"name":"Jarmark bo\u017conarodzeniowy w Celle"}]},{"@type":"WebSite","@id":"https:\/\/9staedte.de\/pl\/#website","url":"https:\/\/9staedte.de\/pl\/","name":"9 St\u00e4dte in Niedersachsen","description":"","publisher":{"@id":"https:\/\/9staedte.de\/pl\/#organization"},"potentialAction":[{"@type":"SearchAction","target":{"@type":"EntryPoint","urlTemplate":"https:\/\/9staedte.de\/pl\/?s={search_term_string}"},"query-input":{"@type":"PropertyValueSpecification","valueRequired":true,"valueName":"search_term_string"}}],"inLanguage":"pl-PL"},{"@type":"Organization","@id":"https:\/\/9staedte.de\/pl\/#organization","name":"9 St\u00e4dte in Niedersachsen","url":"https:\/\/9staedte.de\/pl\/","logo":{"@type":"ImageObject","inLanguage":"pl-PL","@id":"https:\/\/9staedte.de\/pl\/#\/schema\/logo\/image\/","url":"https:\/\/9staedte.de\/wp-content\/uploads\/2025\/01\/9-neg-deutsch-2-1.png","contentUrl":"https:\/\/9staedte.de\/wp-content\/uploads\/2025\/01\/9-neg-deutsch-2-1.png","width":190,"height":114,"caption":"9 St\u00e4dte in Niedersachsen"},"image":{"@id":"https:\/\/9staedte.de\/pl\/#\/schema\/logo\/image\/"}}]}},"_links":{"self":[{"href":"https:\/\/9staedte.de\/pl\/wp-json\/wp\/v2\/pages\/17445","targetHints":{"allow":["GET"]}}],"collection":[{"href":"https:\/\/9staedte.de\/pl\/wp-json\/wp\/v2\/pages"}],"about":[{"href":"https:\/\/9staedte.de\/pl\/wp-json\/wp\/v2\/types\/page"}],"author":[{"embeddable":true,"href":"https:\/\/9staedte.de\/pl\/wp-json\/wp\/v2\/users\/1"}],"replies":[{"embeddable":true,"href":"https:\/\/9staedte.de\/pl\/wp-json\/wp\/v2\/comments?post=17445"}],"version-history":[{"count":9,"href":"https:\/\/9staedte.de\/pl\/wp-json\/wp\/v2\/pages\/17445\/revisions"}],"predecessor-version":[{"id":27614,"href":"https:\/\/9staedte.de\/pl\/wp-json\/wp\/v2\/pages\/17445\/revisions\/27614"}],"up":[{"embeddable":true,"href":"https:\/\/9staedte.de\/pl\/wp-json\/wp\/v2\/pages\/18081"}],"wp:featuredmedia":[{"embeddable":true,"href":"https:\/\/9staedte.de\/pl\/wp-json\/wp\/v2\/media\/24547"}],"wp:attachment":[{"href":"https:\/\/9staedte.de\/pl\/wp-json\/wp\/v2\/media?parent=17445"}],"wp:term":[{"taxonomy":"category","embeddable":true,"href":"https:\/\/9staedte.de\/pl\/wp-json\/wp\/v2\/categories?post=17445"},{"taxonomy":"post_tag","embeddable":true,"href":"https:\/\/9staedte.de\/pl\/wp-json\/wp\/v2\/tags?post=17445"},{"taxonomy":"ncap_cities_tax","embeddable":true,"href":"https:\/\/9staedte.de\/pl\/wp-json\/wp\/v2\/ncap_cities_tax?post=17445"}],"curies":[{"name":"wp","href":"https:\/\/api.w.org\/{rel}","templated":true}]}}