{"id":17439,"date":"2023-11-02T09:48:36","date_gmt":"2023-11-02T08:48:36","guid":{"rendered":"https:\/\/9staedte.de\/zakwaterowanie-w-getyndze\/"},"modified":"2025-05-08T15:50:00","modified_gmt":"2025-05-08T13:50:00","slug":"zakwaterowanie-w-getyndze","status":"publish","type":"page","link":"https:\/\/9staedte.de\/pl\/getynga-miasto-ktore-tworzy-wiedze\/zakwaterowanie-w-getyndze\/","title":{"rendered":"Zakwaterowanie w Getyndze"},"content":{"rendered":"\n<h2 class=\"wp-block-heading\">Rezerwacja pokoju<\/h2>\n\n\n\n<h3 class=\"wp-block-heading\">Wybieraj spo\u015br\u00f3d r\u00f3\u017cnych ofert:<\/h3>\n\n\n\n<figure class=\"wp-block-image size-large\"><a href=\"https:\/\/www.goettingen-tourismus.de\/uebernachten\/hotel-uebersicht\/\"><img loading=\"lazy\" decoding=\"async\" width=\"1024\" height=\"501\" src=\"https:\/\/9staedte.de\/wp-content\/smush-webp\/2023\/07\/Reservierung-Goettingen-1024x501.jpg.webp\" alt=\"\" class=\"wp-image-7423\" srcset=\"https:\/\/9staedte.de\/wp-content\/smush-webp\/2023\/07\/Reservierung-Goettingen-1024x501.jpg.webp 1024w, https:\/\/9staedte.de\/wp-content\/smush-webp\/2023\/07\/Reservierung-Goettingen-300x147.jpg.webp 300w, https:\/\/9staedte.de\/wp-content\/smush-webp\/2023\/07\/Reservierung-Goettingen-768x376.jpg.webp 768w, https:\/\/9staedte.de\/wp-content\/smush-webp\/2023\/07\/Reservierung-Goettingen.jpg.webp 1028w\" sizes=\"auto, (max-width: 1024px) 100vw, 1024px\" \/><\/a><\/figure>\n","protected":false},"excerpt":{"rendered":"<p>Rezerwacja pokoju Wybieraj spo\u015br\u00f3d r\u00f3\u017cnych ofert:<\/p>\n","protected":false},"author":1,"featured_media":17442,"parent":18011,"menu_order":0,"comment_status":"closed","ping_status":"closed","template":"pagetemplates\/template-stadtthema.php","meta":{"_acf_changed":false,"footnotes":""},"categories":[],"tags":[],"ncap_cities_tax":[436,970],"class_list":["post-17439","page","type-page","status-publish","has-post-thumbnail","hentry","ncap_cities_tax-goettingen-pl","ncap_cities_tax-reservierungen-goettingen-pl"],"acf":[],"yoast_head":"<!-- This site is optimized with the Yoast SEO plugin v26.8 - https:\/\/yoast.com\/product\/yoast-seo-wordpress\/ -->\n<title>Zakwaterowanie w Getyndze - 9 St\u00e4dte in Niedersachsen<\/title>\n<meta name=\"robots\" content=\"index, follow, max-snippet:-1, max-image-preview:large, max-video-preview:-1\" \/>\n<link rel=\"canonical\" href=\"https:\/\/9staedte.de\/pl\/getynga-miasto-ktore-tworzy-wiedze\/zakwaterowanie-w-getyndze\/\" \/>\n<meta property=\"og:locale\" content=\"pl_PL\" \/>\n<meta property=\"og:type\" content=\"article\" \/>\n<meta property=\"og:title\" content=\"Zakwaterowanie w Getyndze - 9 St\u00e4dte in Niedersachsen\" \/>\n<meta property=\"og:description\" content=\"Rezerwacja pokoju Wybieraj spo\u015br\u00f3d r\u00f3\u017cnych ofert:\" \/>\n<meta property=\"og:url\" content=\"https:\/\/9staedte.de\/pl\/getynga-miasto-ktore-tworzy-wiedze\/zakwaterowanie-w-getyndze\/\" \/>\n<meta property=\"og:site_name\" content=\"9 St\u00e4dte in Niedersachsen\" \/>\n<meta property=\"article:modified_time\" content=\"2025-05-08T13:50:00+00:00\" \/>\n<meta property=\"og:image\" content=\"https:\/\/9staedte.de\/wp-content\/uploads\/2023\/02\/Blick-auf-den-Marktplatz-vorm-Alten-Rathaus-c-Goettingen-Tourismus-Lars-Gerhardts.jpg\" \/>\n\t<meta property=\"og:image:width\" content=\"1020\" \/>\n\t<meta property=\"og:image:height\" content=\"561\" \/>\n\t<meta property=\"og:image:type\" content=\"image\/jpeg\" \/>\n<meta name=\"twitter:card\" content=\"summary_large_image\" \/>\n<meta name=\"twitter:label1\" content=\"Szacowany czas czytania\" \/>\n\t<meta name=\"twitter:data1\" content=\"1 minuta\" \/>\n<script type=\"application\/ld+json\" class=\"yoast-schema-graph\">{\"@context\":\"https:\/\/schema.org\",\"@graph\":[{\"@type\":\"WebPage\",\"@id\":\"https:\/\/9staedte.de\/pl\/getynga-miasto-ktore-tworzy-wiedze\/zakwaterowanie-w-getyndze\/\",\"url\":\"https:\/\/9staedte.de\/pl\/getynga-miasto-ktore-tworzy-wiedze\/zakwaterowanie-w-getyndze\/\",\"name\":\"Zakwaterowanie w Getyndze - 9 St\u00e4dte in Niedersachsen\",\"isPartOf\":{\"@id\":\"https:\/\/9staedte.de\/pl\/#website\"},\"primaryImageOfPage\":{\"@id\":\"https:\/\/9staedte.de\/pl\/getynga-miasto-ktore-tworzy-wiedze\/zakwaterowanie-w-getyndze\/#primaryimage\"},\"image\":{\"@id\":\"https:\/\/9staedte.de\/pl\/getynga-miasto-ktore-tworzy-wiedze\/zakwaterowanie-w-getyndze\/#primaryimage\"},\"thumbnailUrl\":\"https:\/\/9staedte.de\/wp-content\/uploads\/2023\/02\/Blick-auf-den-Marktplatz-vorm-Alten-Rathaus-c-Goettingen-Tourismus-Lars-Gerhardts.jpg\",\"datePublished\":\"2023-11-02T08:48:36+00:00\",\"dateModified\":\"2025-05-08T13:50:00+00:00\",\"breadcrumb\":{\"@id\":\"https:\/\/9staedte.de\/pl\/getynga-miasto-ktore-tworzy-wiedze\/zakwaterowanie-w-getyndze\/#breadcrumb\"},\"inLanguage\":\"pl-PL\",\"potentialAction\":[{\"@type\":\"ReadAction\",\"target\":[\"https:\/\/9staedte.de\/pl\/getynga-miasto-ktore-tworzy-wiedze\/zakwaterowanie-w-getyndze\/\"]}]},{\"@type\":\"ImageObject\",\"inLanguage\":\"pl-PL\",\"@id\":\"https:\/\/9staedte.de\/pl\/getynga-miasto-ktore-tworzy-wiedze\/zakwaterowanie-w-getyndze\/#primaryimage\",\"url\":\"https:\/\/9staedte.de\/wp-content\/uploads\/2023\/02\/Blick-auf-den-Marktplatz-vorm-Alten-Rathaus-c-Goettingen-Tourismus-Lars-Gerhardts.jpg\",\"contentUrl\":\"https:\/\/9staedte.de\/wp-content\/uploads\/2023\/02\/Blick-auf-den-Marktplatz-vorm-Alten-Rathaus-c-Goettingen-Tourismus-Lars-Gerhardts.jpg\",\"width\":1020,\"height\":561,\"caption\":\"Blick auf den Marktplatz vorm Alten Rathaus c) G\u00f6ttingen Tourismus Lars Gerhardts\"},{\"@type\":\"BreadcrumbList\",\"@id\":\"https:\/\/9staedte.de\/pl\/getynga-miasto-ktore-tworzy-wiedze\/zakwaterowanie-w-getyndze\/#breadcrumb\",\"itemListElement\":[{\"@type\":\"ListItem\",\"position\":1,\"name\":\"Startseite\",\"item\":\"https:\/\/9staedte.de\/pl\/\"},{\"@type\":\"ListItem\",\"position\":2,\"name\":\"Getynga &#8211; miasto, kt\u00f3re tworzy wiedz\u0119\",\"item\":\"https:\/\/9staedte.de\/pl\/getynga-miasto-ktore-tworzy-wiedze\/\"},{\"@type\":\"ListItem\",\"position\":3,\"name\":\"Zakwaterowanie w Getyndze\"}]},{\"@type\":\"WebSite\",\"@id\":\"https:\/\/9staedte.de\/pl\/#website\",\"url\":\"https:\/\/9staedte.de\/pl\/\",\"name\":\"9 St\u00e4dte in Niedersachsen\",\"description\":\"\",\"publisher\":{\"@id\":\"https:\/\/9staedte.de\/pl\/#organization\"},\"potentialAction\":[{\"@type\":\"SearchAction\",\"target\":{\"@type\":\"EntryPoint\",\"urlTemplate\":\"https:\/\/9staedte.de\/pl\/?s={search_term_string}\"},\"query-input\":{\"@type\":\"PropertyValueSpecification\",\"valueRequired\":true,\"valueName\":\"search_term_string\"}}],\"inLanguage\":\"pl-PL\"},{\"@type\":\"Organization\",\"@id\":\"https:\/\/9staedte.de\/pl\/#organization\",\"name\":\"9 St\u00e4dte in Niedersachsen\",\"url\":\"https:\/\/9staedte.de\/pl\/\",\"logo\":{\"@type\":\"ImageObject\",\"inLanguage\":\"pl-PL\",\"@id\":\"https:\/\/9staedte.de\/pl\/#\/schema\/logo\/image\/\",\"url\":\"https:\/\/9staedte.de\/wp-content\/uploads\/2025\/01\/9-neg-deutsch-2-1.png\",\"contentUrl\":\"https:\/\/9staedte.de\/wp-content\/uploads\/2025\/01\/9-neg-deutsch-2-1.png\",\"width\":190,\"height\":114,\"caption\":\"9 St\u00e4dte in Niedersachsen\"},\"image\":{\"@id\":\"https:\/\/9staedte.de\/pl\/#\/schema\/logo\/image\/\"}}]}<\/script>\n<!-- \/ Yoast SEO plugin. -->","yoast_head_json":{"title":"Zakwaterowanie w Getyndze - 9 St\u00e4dte in Niedersachsen","robots":{"index":"index","follow":"follow","max-snippet":"max-snippet:-1","max-image-preview":"max-image-preview:large","max-video-preview":"max-video-preview:-1"},"canonical":"https:\/\/9staedte.de\/pl\/getynga-miasto-ktore-tworzy-wiedze\/zakwaterowanie-w-getyndze\/","og_locale":"pl_PL","og_type":"article","og_title":"Zakwaterowanie w Getyndze - 9 St\u00e4dte in Niedersachsen","og_description":"Rezerwacja pokoju Wybieraj spo\u015br\u00f3d r\u00f3\u017cnych ofert:","og_url":"https:\/\/9staedte.de\/pl\/getynga-miasto-ktore-tworzy-wiedze\/zakwaterowanie-w-getyndze\/","og_site_name":"9 St\u00e4dte in Niedersachsen","article_modified_time":"2025-05-08T13:50:00+00:00","og_image":[{"width":1020,"height":561,"url":"https:\/\/9staedte.de\/wp-content\/uploads\/2023\/02\/Blick-auf-den-Marktplatz-vorm-Alten-Rathaus-c-Goettingen-Tourismus-Lars-Gerhardts.jpg","type":"image\/jpeg"}],"twitter_card":"summary_large_image","twitter_misc":{"Szacowany czas czytania":"1 minuta"},"schema":{"@context":"https:\/\/schema.org","@graph":[{"@type":"WebPage","@id":"https:\/\/9staedte.de\/pl\/getynga-miasto-ktore-tworzy-wiedze\/zakwaterowanie-w-getyndze\/","url":"https:\/\/9staedte.de\/pl\/getynga-miasto-ktore-tworzy-wiedze\/zakwaterowanie-w-getyndze\/","name":"Zakwaterowanie w Getyndze - 9 St\u00e4dte in Niedersachsen","isPartOf":{"@id":"https:\/\/9staedte.de\/pl\/#website"},"primaryImageOfPage":{"@id":"https:\/\/9staedte.de\/pl\/getynga-miasto-ktore-tworzy-wiedze\/zakwaterowanie-w-getyndze\/#primaryimage"},"image":{"@id":"https:\/\/9staedte.de\/pl\/getynga-miasto-ktore-tworzy-wiedze\/zakwaterowanie-w-getyndze\/#primaryimage"},"thumbnailUrl":"https:\/\/9staedte.de\/wp-content\/uploads\/2023\/02\/Blick-auf-den-Marktplatz-vorm-Alten-Rathaus-c-Goettingen-Tourismus-Lars-Gerhardts.jpg","datePublished":"2023-11-02T08:48:36+00:00","dateModified":"2025-05-08T13:50:00+00:00","breadcrumb":{"@id":"https:\/\/9staedte.de\/pl\/getynga-miasto-ktore-tworzy-wiedze\/zakwaterowanie-w-getyndze\/#breadcrumb"},"inLanguage":"pl-PL","potentialAction":[{"@type":"ReadAction","target":["https:\/\/9staedte.de\/pl\/getynga-miasto-ktore-tworzy-wiedze\/zakwaterowanie-w-getyndze\/"]}]},{"@type":"ImageObject","inLanguage":"pl-PL","@id":"https:\/\/9staedte.de\/pl\/getynga-miasto-ktore-tworzy-wiedze\/zakwaterowanie-w-getyndze\/#primaryimage","url":"https:\/\/9staedte.de\/wp-content\/uploads\/2023\/02\/Blick-auf-den-Marktplatz-vorm-Alten-Rathaus-c-Goettingen-Tourismus-Lars-Gerhardts.jpg","contentUrl":"https:\/\/9staedte.de\/wp-content\/uploads\/2023\/02\/Blick-auf-den-Marktplatz-vorm-Alten-Rathaus-c-Goettingen-Tourismus-Lars-Gerhardts.jpg","width":1020,"height":561,"caption":"Blick auf den Marktplatz vorm Alten Rathaus c) G\u00f6ttingen Tourismus Lars Gerhardts"},{"@type":"BreadcrumbList","@id":"https:\/\/9staedte.de\/pl\/getynga-miasto-ktore-tworzy-wiedze\/zakwaterowanie-w-getyndze\/#breadcrumb","itemListElement":[{"@type":"ListItem","position":1,"name":"Startseite","item":"https:\/\/9staedte.de\/pl\/"},{"@type":"ListItem","position":2,"name":"Getynga &#8211; miasto, kt\u00f3re tworzy wiedz\u0119","item":"https:\/\/9staedte.de\/pl\/getynga-miasto-ktore-tworzy-wiedze\/"},{"@type":"ListItem","position":3,"name":"Zakwaterowanie w Getyndze"}]},{"@type":"WebSite","@id":"https:\/\/9staedte.de\/pl\/#website","url":"https:\/\/9staedte.de\/pl\/","name":"9 St\u00e4dte in Niedersachsen","description":"","publisher":{"@id":"https:\/\/9staedte.de\/pl\/#organization"},"potentialAction":[{"@type":"SearchAction","target":{"@type":"EntryPoint","urlTemplate":"https:\/\/9staedte.de\/pl\/?s={search_term_string}"},"query-input":{"@type":"PropertyValueSpecification","valueRequired":true,"valueName":"search_term_string"}}],"inLanguage":"pl-PL"},{"@type":"Organization","@id":"https:\/\/9staedte.de\/pl\/#organization","name":"9 St\u00e4dte in Niedersachsen","url":"https:\/\/9staedte.de\/pl\/","logo":{"@type":"ImageObject","inLanguage":"pl-PL","@id":"https:\/\/9staedte.de\/pl\/#\/schema\/logo\/image\/","url":"https:\/\/9staedte.de\/wp-content\/uploads\/2025\/01\/9-neg-deutsch-2-1.png","contentUrl":"https:\/\/9staedte.de\/wp-content\/uploads\/2025\/01\/9-neg-deutsch-2-1.png","width":190,"height":114,"caption":"9 St\u00e4dte in Niedersachsen"},"image":{"@id":"https:\/\/9staedte.de\/pl\/#\/schema\/logo\/image\/"}}]}},"_links":{"self":[{"href":"https:\/\/9staedte.de\/pl\/wp-json\/wp\/v2\/pages\/17439","targetHints":{"allow":["GET"]}}],"collection":[{"href":"https:\/\/9staedte.de\/pl\/wp-json\/wp\/v2\/pages"}],"about":[{"href":"https:\/\/9staedte.de\/pl\/wp-json\/wp\/v2\/types\/page"}],"author":[{"embeddable":true,"href":"https:\/\/9staedte.de\/pl\/wp-json\/wp\/v2\/users\/1"}],"replies":[{"embeddable":true,"href":"https:\/\/9staedte.de\/pl\/wp-json\/wp\/v2\/comments?post=17439"}],"version-history":[{"count":2,"href":"https:\/\/9staedte.de\/pl\/wp-json\/wp\/v2\/pages\/17439\/revisions"}],"predecessor-version":[{"id":25480,"href":"https:\/\/9staedte.de\/pl\/wp-json\/wp\/v2\/pages\/17439\/revisions\/25480"}],"up":[{"embeddable":true,"href":"https:\/\/9staedte.de\/pl\/wp-json\/wp\/v2\/pages\/18011"}],"wp:featuredmedia":[{"embeddable":true,"href":"https:\/\/9staedte.de\/pl\/wp-json\/wp\/v2\/media\/17442"}],"wp:attachment":[{"href":"https:\/\/9staedte.de\/pl\/wp-json\/wp\/v2\/media?parent=17439"}],"wp:term":[{"taxonomy":"category","embeddable":true,"href":"https:\/\/9staedte.de\/pl\/wp-json\/wp\/v2\/categories?post=17439"},{"taxonomy":"post_tag","embeddable":true,"href":"https:\/\/9staedte.de\/pl\/wp-json\/wp\/v2\/tags?post=17439"},{"taxonomy":"ncap_cities_tax","embeddable":true,"href":"https:\/\/9staedte.de\/pl\/wp-json\/wp\/v2\/ncap_cities_tax?post=17439"}],"curies":[{"name":"wp","href":"https:\/\/api.w.org\/{rel}","templated":true}]}}