{"id":17426,"date":"2023-11-02T09:48:33","date_gmt":"2023-11-02T08:48:33","guid":{"rendered":"https:\/\/9staedte.de\/doswiadczenia-przyrodnicze-i-zrownowazony-rozwoj-w-celle\/"},"modified":"2025-05-08T15:08:16","modified_gmt":"2025-05-08T13:08:16","slug":"doswiadczenia-przyrodnicze-i-zrownowazony-rozwoj-w-celle","status":"publish","type":"page","link":"https:\/\/9staedte.de\/pl\/celle-urocze-miasteczko-mieszkalne\/doswiadczenia-przyrodnicze-i-zrownowazony-rozwoj-w-celle\/","title":{"rendered":"Do\u015bwiadczenia przyrodnicze i zr\u00f3wnowa\u017cony rozw\u00f3j w Celle"},"content":{"rendered":"\n<h2 class=\"wp-block-heading\">Celle &#8211; odkrywaj w spos\u00f3b zr\u00f3wnowa\u017cony<\/h2>\n\n\n\n<p>Celle posiada certyfikat TourCert &#8222;zr\u00f3wnowa\u017cony cel podr\u00f3\u017cy&#8221; od 2017 r., co czyni je pierwszym zr\u00f3wnowa\u017conym miastem w ca\u0142ych p\u00f3\u0142nocnych Niemczech. Jeste\u015bmy zaanga\u017cowani w zr\u00f3wnowa\u017cony rozw\u00f3j i wsp\u00f3\u0142pracujemy z naszymi zr\u00f3wnowa\u017conymi partnerami z obszar\u00f3w zakwaterowania, gastronomii, bran\u017cy konferencyjnej, atrakcji turystycznych, handlu detalicznego, dostawc\u00f3w i przewo\u017anik\u00f3w, aby zr\u00f3wnowa\u017cony rozw\u00f3j by\u0142 namacalnym do\u015bwiadczeniem dla naszych go\u015bci w ca\u0142ym \u0142a\u0144cuchu us\u0142ug. Jeste\u015bmy zaanga\u017cowani w ochron\u0119 unikalnych i typowych dla Celle dom\u00f3w i budynk\u00f3w z muru pruskiego, podtrzymywanie tradycji, promowanie regionalizmu i ochron\u0119 naturalnych krajobraz\u00f3w w celu zachowania to\u017csamo\u015bci i charakteru naszego regionu. Chcemy by\u0107 multiplikatorem idei zr\u00f3wnowa\u017conego rozwoju w naszym mie\u015bcie, a tym samym stopniowo inspirowa\u0107 coraz wi\u0119cej go\u015bci, mieszka\u0144c\u00f3w, a tak\u017ce lokalnych us\u0142ugodawc\u00f3w tym tematem i anga\u017cowa\u0107 ich w proces naszego rozwoju. Jednym ze sposob\u00f3w, w jaki ka\u017cdy mo\u017ce si\u0119 do tego przyczyni\u0107, jest podr\u00f3\u017cowanie autobusami i poci\u0105gami. W Celle nie stanowi to \u017cadnego problemu dzi\u0119ki dobrze rozwini\u0119tej sieci tras. Z niecierpliwo\u015bci\u0105 czekamy na Twoj\u0105 wizyt\u0119!<\/p>\n\n\n\n\n<div class=\"banner-wrapper\">\n  <div class=\"banner-inner \">\n      <div class=\"img-container\">\n      <div class=\"img-wrapper\">\n        <img decoding=\"async\" src=\"https:\/\/9staedte.de\/wp-content\/smush-webp\/2023\/02\/celle-radfahren-familie-c-Stadt-Celle.jpg.webp\" alt=\"Zdj\u0119cie przedstawia rodzin\u0119 je\u017cd\u017c\u0105c\u0105 na rowerach w Celle. Z przodu jedzie dziecko na ma\u0142ym rowerze. Za dzieckiem jad\u0105 dwie osoby doros\u0142e. Rodzina jedzie \u015bcie\u017ck\u0105 przez zielon\u0105 przyrod\u0119. \u015awieci s\u0142o\u0144ce. Wszyscy dobrze si\u0119 bawi\u0105.\" \/>\n                  <div class=\"thumbnail-label\">\n            <span>celle-radfahren-familie c) Stadt Celle<\/span>\n          <\/div>\n              <\/div>\n    <\/div>\n        <div class=\"text-container\">\n      <div class=\"content\">\n        <h2>Do\u015bwiadcz Celle w spos\u00f3b zr\u00f3wnowa\u017cony: 9 wskaz\u00f3wek<\/h2>\n<p>&#8211; <a href=\"https:\/\/www.allerradweg.de\/region-celle0.html\"><b>Wycieczka rowerowa po Allerradweg<\/b><\/a> &#8211; w sam raz na relaks na \u0142onie natury<\/p>\n<p>&#8211; <a href=\"https:\/\/www.heidschnuckenweg.de\/etappe\/8751\/heidschnuckeweg-etappe-13.html\"><b>Heidschnuckenweg<\/b><\/a> &#8211; Co powiesz na w\u0119dr\u00f3wk\u0119 przez wrzosowiska najpi\u0119kniejszym szlakiem turystycznym p\u00f3\u0142nocnych Niemiec?<\/p>\n<p>&#8211; Sp\u0142yw <a href=\"https:\/\/www.reiseland-niedersachsen.de\/erleben\/urlaub-am-wasser\/kanutouren\/kanutour-aller\"><b>kajakowy po rzece Aller<\/b><\/a> &#8211; poznaj nasz region i jego przyrod\u0119 z innej perspektywy<\/p>\n<p>&#8211; <a href=\"https:\/\/www.laves.niedersachsen.de\/tiere\/bienenkunde\/bienenkunde-73177.html\"><b>Instytut<\/b><\/a> pszcz\u00f3\u0142 &#8211; Odkryj \u015bwiat pszcz\u00f3\u0142 podczas wycieczki z przewodnikiem po naszym instytucie pszcz\u00f3\u0142.<\/p>\n<p>&#8211; <a href=\"https:\/\/cafe-kraeuthaer.de\/heilpflanzengarten.html\"><b>Ogr\u00f3d<\/b><\/a> ro\u015blin leczniczych &#8211; odwied\u017a jeden z najwi\u0119kszych ogrod\u00f3w ro\u015blin leczniczych w Europie<\/p>\n<p>&#8211; <a href=\"https:\/\/www.celle.de\/Leben\/Einkaufen\/Wochenm%C3%A4rkte\/\"><b>Cotygodniowy<\/b><\/a>targ &#8211; Tutaj mo\u017cesz do\u015bwiadczy\u0107 regionalnej \u015bwie\u017co\u015bci w ka\u017cd\u0105 \u015brod\u0119 i sobot\u0119<\/p>\n<p>&#8211; <a href=\"https:\/\/celler-badeland.de\/\"><b>Celle<\/b><\/a> Badeland &#8211; dowiedz si\u0119 tutaj przed wizyt\u0105, dlaczego Celle Badeland jest zr\u00f3wnowa\u017cone<\/p>\n<p>&#8211; <a href=\"https:\/\/www.alterprovisor-celle.de\/\"><b>Alter Provisor<\/b><\/a> &#8211; Tradycja i rzemios\u0142o z dawnych czas\u00f3w &#8211; to w\u0142a\u015bnie znajdziesz w naszym likierze zio\u0142owym z Celle.<\/p>\n<p>&#8211; Wycieczka po <a href=\"https:\/\/bauhaus.celle-tourismus.de\/\"><b>Bauhausie<\/b><\/a> &#8211; Odkryj architektur\u0119 w znanym na ca\u0142ym \u015bwiecie stylu Bauhaus autorstwa Otto Haeslera, prawdopodobnie najwa\u017cniejszego architekta swoich czas\u00f3w.<\/p>\n      <\/div>\n    <\/div>\n    <\/div>\n<\/div>\n\n\n\n\n<h2 class=\"wp-block-heading\">Hotel Blumenlage<\/h2>\n\n\n\n<p>Zr\u00f3wnowa\u017cony rozw\u00f3j w Celle ma wiele aspekt\u00f3w. Pani Hoeft nadaje twarz jednemu z nich dzi\u0119ki swojemu integracyjnemu hotelowi Blumlage. W tym wyj\u0105tkowym hotelu integracja os\u00f3b niepe\u0142nosprawnych jest prowadzona z sercem i dusz\u0105, a zr\u00f3wnowa\u017cony rozw\u00f3j spo\u0142eczny jest bardzo wa\u017cny. Hotel Blumlage jest jednym z naszych zr\u00f3wnowa\u017conych partner\u00f3w i oferuje zr\u00f3wnowa\u017cony pakiet.<\/p>\n\n\n\n<p><a href=\"https:\/\/www.blumlage.com\/\">Tutaj<\/a> mo\u017cna zobaczy\u0107, jak wygl\u0105da zr\u00f3wnowa\u017cony rozw\u00f3j w Hotelu Blumlage:<\/p>\n","protected":false},"excerpt":{"rendered":"<p>Celle &#8211; odkrywaj w spos\u00f3b zr\u00f3wnowa\u017cony Celle posiada certyfikat TourCert &#8222;zr\u00f3wnowa\u017cony cel podr\u00f3\u017cy&#8221; od 2017 r., co czyni je pierwszym zr\u00f3wnowa\u017conym miastem w ca\u0142ych p\u00f3\u0142nocnych Niemczech. Jeste\u015bmy zaanga\u017cowani w zr\u00f3wnowa\u017cony rozw\u00f3j i wsp\u00f3\u0142pracujemy z naszymi zr\u00f3wnowa\u017conymi partnerami z obszar\u00f3w zakwaterowania, gastronomii, bran\u017cy konferencyjnej, atrakcji turystycznych, handlu detalicznego, dostawc\u00f3w i przewo\u017anik\u00f3w, aby zr\u00f3wnowa\u017cony rozw\u00f3j by\u0142 namacalnym [&hellip;]<\/p>\n","protected":false},"author":1,"featured_media":16399,"parent":18081,"menu_order":0,"comment_status":"closed","ping_status":"closed","template":"pagetemplates\/template-stadtthema.php","meta":{"_acf_changed":false,"footnotes":""},"categories":[],"tags":[],"ncap_cities_tax":[430,927],"class_list":["post-17426","page","type-page","status-publish","has-post-thumbnail","hentry","ncap_cities_tax-celle-pl","ncap_cities_tax-naturerlebnisse-und-nachhaltigkeit-celle-pl"],"acf":[],"yoast_head":"<!-- This site is optimized with the Yoast SEO plugin v26.8 - https:\/\/yoast.com\/product\/yoast-seo-wordpress\/ -->\n<title>Do\u015bwiadczenia przyrodnicze i zr\u00f3wnowa\u017cony rozw\u00f3j w Celle - 9 St\u00e4dte in Niedersachsen<\/title>\n<meta name=\"robots\" content=\"index, follow, max-snippet:-1, max-image-preview:large, max-video-preview:-1\" \/>\n<link rel=\"canonical\" href=\"https:\/\/9staedte.de\/pl\/celle-urocze-miasteczko-mieszkalne\/doswiadczenia-przyrodnicze-i-zrownowazony-rozwoj-w-celle\/\" \/>\n<meta property=\"og:locale\" content=\"pl_PL\" \/>\n<meta property=\"og:type\" content=\"article\" \/>\n<meta property=\"og:title\" content=\"Do\u015bwiadczenia przyrodnicze i zr\u00f3wnowa\u017cony rozw\u00f3j w Celle - 9 St\u00e4dte in Niedersachsen\" \/>\n<meta property=\"og:description\" content=\"Celle &#8211; odkrywaj w spos\u00f3b zr\u00f3wnowa\u017cony Celle posiada certyfikat TourCert &#8222;zr\u00f3wnowa\u017cony cel podr\u00f3\u017cy&#8221; od 2017 r., co czyni je pierwszym zr\u00f3wnowa\u017conym miastem w ca\u0142ych p\u00f3\u0142nocnych Niemczech. Jeste\u015bmy zaanga\u017cowani w zr\u00f3wnowa\u017cony rozw\u00f3j i wsp\u00f3\u0142pracujemy z naszymi zr\u00f3wnowa\u017conymi partnerami z obszar\u00f3w zakwaterowania, gastronomii, bran\u017cy konferencyjnej, atrakcji turystycznych, handlu detalicznego, dostawc\u00f3w i przewo\u017anik\u00f3w, aby zr\u00f3wnowa\u017cony rozw\u00f3j by\u0142 namacalnym [&hellip;]\" \/>\n<meta property=\"og:url\" content=\"https:\/\/9staedte.de\/pl\/celle-urocze-miasteczko-mieszkalne\/doswiadczenia-przyrodnicze-i-zrownowazony-rozwoj-w-celle\/\" \/>\n<meta property=\"og:site_name\" content=\"9 St\u00e4dte in Niedersachsen\" \/>\n<meta property=\"article:modified_time\" content=\"2025-05-08T13:08:16+00:00\" \/>\n<meta property=\"og:image\" content=\"https:\/\/9staedte.de\/wp-content\/uploads\/2023\/02\/celle-franzoeischer-garten-fruehling-c-Stadt-Celle.jpg\" \/>\n\t<meta property=\"og:image:width\" content=\"1020\" \/>\n\t<meta property=\"og:image:height\" content=\"587\" \/>\n\t<meta property=\"og:image:type\" content=\"image\/jpeg\" \/>\n<meta name=\"twitter:card\" content=\"summary_large_image\" \/>\n<meta name=\"twitter:label1\" content=\"Szacowany czas czytania\" \/>\n\t<meta name=\"twitter:data1\" content=\"2 minuty\" \/>\n<script type=\"application\/ld+json\" class=\"yoast-schema-graph\">{\"@context\":\"https:\/\/schema.org\",\"@graph\":[{\"@type\":\"WebPage\",\"@id\":\"https:\/\/9staedte.de\/pl\/celle-urocze-miasteczko-mieszkalne\/doswiadczenia-przyrodnicze-i-zrownowazony-rozwoj-w-celle\/\",\"url\":\"https:\/\/9staedte.de\/pl\/celle-urocze-miasteczko-mieszkalne\/doswiadczenia-przyrodnicze-i-zrownowazony-rozwoj-w-celle\/\",\"name\":\"Do\u015bwiadczenia przyrodnicze i zr\u00f3wnowa\u017cony rozw\u00f3j w Celle - 9 St\u00e4dte in Niedersachsen\",\"isPartOf\":{\"@id\":\"https:\/\/9staedte.de\/pl\/#website\"},\"primaryImageOfPage\":{\"@id\":\"https:\/\/9staedte.de\/pl\/celle-urocze-miasteczko-mieszkalne\/doswiadczenia-przyrodnicze-i-zrownowazony-rozwoj-w-celle\/#primaryimage\"},\"image\":{\"@id\":\"https:\/\/9staedte.de\/pl\/celle-urocze-miasteczko-mieszkalne\/doswiadczenia-przyrodnicze-i-zrownowazony-rozwoj-w-celle\/#primaryimage\"},\"thumbnailUrl\":\"https:\/\/9staedte.de\/wp-content\/uploads\/2023\/02\/celle-franzoeischer-garten-fruehling-c-Stadt-Celle.jpg\",\"datePublished\":\"2023-11-02T08:48:33+00:00\",\"dateModified\":\"2025-05-08T13:08:16+00:00\",\"breadcrumb\":{\"@id\":\"https:\/\/9staedte.de\/pl\/celle-urocze-miasteczko-mieszkalne\/doswiadczenia-przyrodnicze-i-zrownowazony-rozwoj-w-celle\/#breadcrumb\"},\"inLanguage\":\"pl-PL\",\"potentialAction\":[{\"@type\":\"ReadAction\",\"target\":[\"https:\/\/9staedte.de\/pl\/celle-urocze-miasteczko-mieszkalne\/doswiadczenia-przyrodnicze-i-zrownowazony-rozwoj-w-celle\/\"]}]},{\"@type\":\"ImageObject\",\"inLanguage\":\"pl-PL\",\"@id\":\"https:\/\/9staedte.de\/pl\/celle-urocze-miasteczko-mieszkalne\/doswiadczenia-przyrodnicze-i-zrownowazony-rozwoj-w-celle\/#primaryimage\",\"url\":\"https:\/\/9staedte.de\/wp-content\/uploads\/2023\/02\/celle-franzoeischer-garten-fruehling-c-Stadt-Celle.jpg\",\"contentUrl\":\"https:\/\/9staedte.de\/wp-content\/uploads\/2023\/02\/celle-franzoeischer-garten-fruehling-c-Stadt-Celle.jpg\",\"width\":1020,\"height\":587,\"caption\":\"celle-franzoeischer-garten-fruehling c) Stadt Celle\"},{\"@type\":\"BreadcrumbList\",\"@id\":\"https:\/\/9staedte.de\/pl\/celle-urocze-miasteczko-mieszkalne\/doswiadczenia-przyrodnicze-i-zrownowazony-rozwoj-w-celle\/#breadcrumb\",\"itemListElement\":[{\"@type\":\"ListItem\",\"position\":1,\"name\":\"Startseite\",\"item\":\"https:\/\/9staedte.de\/pl\/\"},{\"@type\":\"ListItem\",\"position\":2,\"name\":\"Celle &#8211; Urocze miasteczko mieszkalne\",\"item\":\"https:\/\/9staedte.de\/pl\/celle-urocze-miasteczko-mieszkalne\/\"},{\"@type\":\"ListItem\",\"position\":3,\"name\":\"Do\u015bwiadczenia przyrodnicze i zr\u00f3wnowa\u017cony rozw\u00f3j w Celle\"}]},{\"@type\":\"WebSite\",\"@id\":\"https:\/\/9staedte.de\/pl\/#website\",\"url\":\"https:\/\/9staedte.de\/pl\/\",\"name\":\"9 St\u00e4dte in Niedersachsen\",\"description\":\"\",\"publisher\":{\"@id\":\"https:\/\/9staedte.de\/pl\/#organization\"},\"potentialAction\":[{\"@type\":\"SearchAction\",\"target\":{\"@type\":\"EntryPoint\",\"urlTemplate\":\"https:\/\/9staedte.de\/pl\/?s={search_term_string}\"},\"query-input\":{\"@type\":\"PropertyValueSpecification\",\"valueRequired\":true,\"valueName\":\"search_term_string\"}}],\"inLanguage\":\"pl-PL\"},{\"@type\":\"Organization\",\"@id\":\"https:\/\/9staedte.de\/pl\/#organization\",\"name\":\"9 St\u00e4dte in Niedersachsen\",\"url\":\"https:\/\/9staedte.de\/pl\/\",\"logo\":{\"@type\":\"ImageObject\",\"inLanguage\":\"pl-PL\",\"@id\":\"https:\/\/9staedte.de\/pl\/#\/schema\/logo\/image\/\",\"url\":\"https:\/\/9staedte.de\/wp-content\/uploads\/2025\/01\/9-neg-deutsch-2-1.png\",\"contentUrl\":\"https:\/\/9staedte.de\/wp-content\/uploads\/2025\/01\/9-neg-deutsch-2-1.png\",\"width\":190,\"height\":114,\"caption\":\"9 St\u00e4dte in Niedersachsen\"},\"image\":{\"@id\":\"https:\/\/9staedte.de\/pl\/#\/schema\/logo\/image\/\"}}]}<\/script>\n<!-- \/ Yoast SEO plugin. -->","yoast_head_json":{"title":"Do\u015bwiadczenia przyrodnicze i zr\u00f3wnowa\u017cony rozw\u00f3j w Celle - 9 St\u00e4dte in Niedersachsen","robots":{"index":"index","follow":"follow","max-snippet":"max-snippet:-1","max-image-preview":"max-image-preview:large","max-video-preview":"max-video-preview:-1"},"canonical":"https:\/\/9staedte.de\/pl\/celle-urocze-miasteczko-mieszkalne\/doswiadczenia-przyrodnicze-i-zrownowazony-rozwoj-w-celle\/","og_locale":"pl_PL","og_type":"article","og_title":"Do\u015bwiadczenia przyrodnicze i zr\u00f3wnowa\u017cony rozw\u00f3j w Celle - 9 St\u00e4dte in Niedersachsen","og_description":"Celle &#8211; odkrywaj w spos\u00f3b zr\u00f3wnowa\u017cony Celle posiada certyfikat TourCert &#8222;zr\u00f3wnowa\u017cony cel podr\u00f3\u017cy&#8221; od 2017 r., co czyni je pierwszym zr\u00f3wnowa\u017conym miastem w ca\u0142ych p\u00f3\u0142nocnych Niemczech. Jeste\u015bmy zaanga\u017cowani w zr\u00f3wnowa\u017cony rozw\u00f3j i wsp\u00f3\u0142pracujemy z naszymi zr\u00f3wnowa\u017conymi partnerami z obszar\u00f3w zakwaterowania, gastronomii, bran\u017cy konferencyjnej, atrakcji turystycznych, handlu detalicznego, dostawc\u00f3w i przewo\u017anik\u00f3w, aby zr\u00f3wnowa\u017cony rozw\u00f3j by\u0142 namacalnym [&hellip;]","og_url":"https:\/\/9staedte.de\/pl\/celle-urocze-miasteczko-mieszkalne\/doswiadczenia-przyrodnicze-i-zrownowazony-rozwoj-w-celle\/","og_site_name":"9 St\u00e4dte in Niedersachsen","article_modified_time":"2025-05-08T13:08:16+00:00","og_image":[{"width":1020,"height":587,"url":"https:\/\/9staedte.de\/wp-content\/uploads\/2023\/02\/celle-franzoeischer-garten-fruehling-c-Stadt-Celle.jpg","type":"image\/jpeg"}],"twitter_card":"summary_large_image","twitter_misc":{"Szacowany czas czytania":"2 minuty"},"schema":{"@context":"https:\/\/schema.org","@graph":[{"@type":"WebPage","@id":"https:\/\/9staedte.de\/pl\/celle-urocze-miasteczko-mieszkalne\/doswiadczenia-przyrodnicze-i-zrownowazony-rozwoj-w-celle\/","url":"https:\/\/9staedte.de\/pl\/celle-urocze-miasteczko-mieszkalne\/doswiadczenia-przyrodnicze-i-zrownowazony-rozwoj-w-celle\/","name":"Do\u015bwiadczenia przyrodnicze i zr\u00f3wnowa\u017cony rozw\u00f3j w Celle - 9 St\u00e4dte in Niedersachsen","isPartOf":{"@id":"https:\/\/9staedte.de\/pl\/#website"},"primaryImageOfPage":{"@id":"https:\/\/9staedte.de\/pl\/celle-urocze-miasteczko-mieszkalne\/doswiadczenia-przyrodnicze-i-zrownowazony-rozwoj-w-celle\/#primaryimage"},"image":{"@id":"https:\/\/9staedte.de\/pl\/celle-urocze-miasteczko-mieszkalne\/doswiadczenia-przyrodnicze-i-zrownowazony-rozwoj-w-celle\/#primaryimage"},"thumbnailUrl":"https:\/\/9staedte.de\/wp-content\/uploads\/2023\/02\/celle-franzoeischer-garten-fruehling-c-Stadt-Celle.jpg","datePublished":"2023-11-02T08:48:33+00:00","dateModified":"2025-05-08T13:08:16+00:00","breadcrumb":{"@id":"https:\/\/9staedte.de\/pl\/celle-urocze-miasteczko-mieszkalne\/doswiadczenia-przyrodnicze-i-zrownowazony-rozwoj-w-celle\/#breadcrumb"},"inLanguage":"pl-PL","potentialAction":[{"@type":"ReadAction","target":["https:\/\/9staedte.de\/pl\/celle-urocze-miasteczko-mieszkalne\/doswiadczenia-przyrodnicze-i-zrownowazony-rozwoj-w-celle\/"]}]},{"@type":"ImageObject","inLanguage":"pl-PL","@id":"https:\/\/9staedte.de\/pl\/celle-urocze-miasteczko-mieszkalne\/doswiadczenia-przyrodnicze-i-zrownowazony-rozwoj-w-celle\/#primaryimage","url":"https:\/\/9staedte.de\/wp-content\/uploads\/2023\/02\/celle-franzoeischer-garten-fruehling-c-Stadt-Celle.jpg","contentUrl":"https:\/\/9staedte.de\/wp-content\/uploads\/2023\/02\/celle-franzoeischer-garten-fruehling-c-Stadt-Celle.jpg","width":1020,"height":587,"caption":"celle-franzoeischer-garten-fruehling c) Stadt Celle"},{"@type":"BreadcrumbList","@id":"https:\/\/9staedte.de\/pl\/celle-urocze-miasteczko-mieszkalne\/doswiadczenia-przyrodnicze-i-zrownowazony-rozwoj-w-celle\/#breadcrumb","itemListElement":[{"@type":"ListItem","position":1,"name":"Startseite","item":"https:\/\/9staedte.de\/pl\/"},{"@type":"ListItem","position":2,"name":"Celle &#8211; Urocze miasteczko mieszkalne","item":"https:\/\/9staedte.de\/pl\/celle-urocze-miasteczko-mieszkalne\/"},{"@type":"ListItem","position":3,"name":"Do\u015bwiadczenia przyrodnicze i zr\u00f3wnowa\u017cony rozw\u00f3j w Celle"}]},{"@type":"WebSite","@id":"https:\/\/9staedte.de\/pl\/#website","url":"https:\/\/9staedte.de\/pl\/","name":"9 St\u00e4dte in Niedersachsen","description":"","publisher":{"@id":"https:\/\/9staedte.de\/pl\/#organization"},"potentialAction":[{"@type":"SearchAction","target":{"@type":"EntryPoint","urlTemplate":"https:\/\/9staedte.de\/pl\/?s={search_term_string}"},"query-input":{"@type":"PropertyValueSpecification","valueRequired":true,"valueName":"search_term_string"}}],"inLanguage":"pl-PL"},{"@type":"Organization","@id":"https:\/\/9staedte.de\/pl\/#organization","name":"9 St\u00e4dte in Niedersachsen","url":"https:\/\/9staedte.de\/pl\/","logo":{"@type":"ImageObject","inLanguage":"pl-PL","@id":"https:\/\/9staedte.de\/pl\/#\/schema\/logo\/image\/","url":"https:\/\/9staedte.de\/wp-content\/uploads\/2025\/01\/9-neg-deutsch-2-1.png","contentUrl":"https:\/\/9staedte.de\/wp-content\/uploads\/2025\/01\/9-neg-deutsch-2-1.png","width":190,"height":114,"caption":"9 St\u00e4dte in Niedersachsen"},"image":{"@id":"https:\/\/9staedte.de\/pl\/#\/schema\/logo\/image\/"}}]}},"_links":{"self":[{"href":"https:\/\/9staedte.de\/pl\/wp-json\/wp\/v2\/pages\/17426","targetHints":{"allow":["GET"]}}],"collection":[{"href":"https:\/\/9staedte.de\/pl\/wp-json\/wp\/v2\/pages"}],"about":[{"href":"https:\/\/9staedte.de\/pl\/wp-json\/wp\/v2\/types\/page"}],"author":[{"embeddable":true,"href":"https:\/\/9staedte.de\/pl\/wp-json\/wp\/v2\/users\/1"}],"replies":[{"embeddable":true,"href":"https:\/\/9staedte.de\/pl\/wp-json\/wp\/v2\/comments?post=17426"}],"version-history":[{"count":4,"href":"https:\/\/9staedte.de\/pl\/wp-json\/wp\/v2\/pages\/17426\/revisions"}],"predecessor-version":[{"id":25416,"href":"https:\/\/9staedte.de\/pl\/wp-json\/wp\/v2\/pages\/17426\/revisions\/25416"}],"up":[{"embeddable":true,"href":"https:\/\/9staedte.de\/pl\/wp-json\/wp\/v2\/pages\/18081"}],"wp:featuredmedia":[{"embeddable":true,"href":"https:\/\/9staedte.de\/pl\/wp-json\/wp\/v2\/media\/16399"}],"wp:attachment":[{"href":"https:\/\/9staedte.de\/pl\/wp-json\/wp\/v2\/media?parent=17426"}],"wp:term":[{"taxonomy":"category","embeddable":true,"href":"https:\/\/9staedte.de\/pl\/wp-json\/wp\/v2\/categories?post=17426"},{"taxonomy":"post_tag","embeddable":true,"href":"https:\/\/9staedte.de\/pl\/wp-json\/wp\/v2\/tags?post=17426"},{"taxonomy":"ncap_cities_tax","embeddable":true,"href":"https:\/\/9staedte.de\/pl\/wp-json\/wp\/v2\/ncap_cities_tax?post=17426"}],"curies":[{"name":"wp","href":"https:\/\/api.w.org\/{rel}","templated":true}]}}