{"id":17405,"date":"2023-11-02T09:48:30","date_gmt":"2023-11-02T08:48:30","guid":{"rendered":"https:\/\/9staedte.de\/jarmark-bozonarodzeniowy-w-goslar\/"},"modified":"2026-03-23T13:11:10","modified_gmt":"2026-03-23T12:11:10","slug":"jarmark-bozonarodzeniowy-w-goslar","status":"publish","type":"page","link":"https:\/\/9staedte.de\/pl\/goslar-miejsce-swiatowego-dziedzictwa-w-gorach-harz\/jarmark-bozonarodzeniowy-w-goslar\/","title":{"rendered":"Jarmark bo\u017conarodzeniowy w Goslar"},"content":{"rendered":"\n<h2 class=\"wp-block-heading\">Jarmark bo\u017conarodzeniowy i las bo\u017conarodzeniowy<\/h2>\n\n<p>Ka\u017cdego roku Goslar l\u015bni \u015bwi\u0105tecznym blaskiem: na jarmarku bo\u017conarodzeniowym unosi si\u0119 uwodzicielski zapach cynamonu, pieczonych jab\u0142ek, pra\u017conych migda\u0142\u00f3w &#8211; Bo\u017ce Narodzenie jest w powietrzu! Romantycznie otoczone t\u0142em rynku, 80 pi\u0119knie udekorowanych drewnianych chat zaprasza na spacery i uczt\u0119. Szczeg\u00f3ln\u0105 atrakcj\u0105 jest \u015bwi\u0105teczny las. W otoczeniu 60 pod\u015bwietlanych drzew iglastych mo\u017cna delektowa\u0107 si\u0119 gor\u0105cym napojem. Nastrojowe o\u015bwietlenie i \u017cywy zgie\u0142k tworz\u0105 niezr\u00f3wnane do\u015bwiadczenie adwentowe.<br\/>Od tego roku jarmark bo\u017conarodzeniowy w Goslar jest oficjalnie jednym z najpi\u0119kniejszych w Europie i posiada piecz\u0119\u0107 &#8222;Doskona\u0142y europejski jarmark bo\u017conarodzeniowy 2025&#8221;.    <\/p>\n\n<p><a href=\"https:\/\/www.weihnachtswald.de\/\" target=\"_blank\" rel=\"noreferrer noopener\">Wi\u0119cej informacji<\/a><\/p>\n\n\n<div class=\"banner-wrapper\">\n  <div class=\"banner-inner \">\n      <div class=\"img-container\">\n      <div class=\"img-wrapper\">\n        <img decoding=\"async\" src=\"https:\/\/9staedte.de\/wp-content\/smush-webp\/2025\/09\/Goslar_Weihnachtswald_GOSLAR_marketing_gmbh_Michael_Abid.jpg.webp\" alt=\"Obraz przedstawia jarmark bo\u017conarodzeniowy w Goslar. Na placu stoi wiele choinek. Drzewa \u015bwiec\u0105 wieloma ma\u0142ymi \u015bwiate\u0142kami. Domy wok\u00f3\u0142 placu s\u0105 zbudowane w stylu szachulcowym.\" \/>\n                  <div class=\"thumbnail-label\">\n            <span>Goslar Weihnachtswald c) GOSLAR marketing gmbh Michael_Abid<\/span>\n          <\/div>\n              <\/div>\n    <\/div>\n        <div class=\"text-container\">\n      <div class=\"content\">\n        <p class=\"h3\"><strong>9 wskaz\u00f3wek, jak odwiedzi\u0107 jarmark bo\u017conarodzeniowy w Goslar<\/strong><\/p>\n<ul>\n<li>Poczuj romantyczn\u0105 atmosfer\u0119 w bo\u017conarodzeniowym lesie w\u015br\u00f3d 160 000 \u015bwiate\u0142ek<\/li>\n<li>Podziwiaj fantastyczny widok z podniebnej drabiny ko\u015bcio\u0142a Marktkirche<\/li>\n<li>Warsztaty bo\u017conarodzeniowe dla dzieci<\/li>\n<li>Bo\u017ce Narodzenie w Rammelsberg nad i pod ziemi\u0105<\/li>\n<li>Adwent ze sztuk\u0105 i rzemios\u0142em w Wielkim \u015awi\u0119tym Krzy\u017cu<\/li>\n<li>Rodzinne popo\u0142udnie 10 grudnia<\/li>\n<li>Imprezy X-MAS w weekend<\/li>\n<li>Przed\u015bwi\u0105teczny program wsparcia<\/li>\n<li>\u015awi\u0105teczne zakupy wzd\u0142u\u017c \u015bwi\u0105tecznie o\u015bwietlonych ulic handlowych<\/li>\n<\/ul>\n      <\/div>\n    <\/div>\n    <\/div>\n<\/div>\n\n\n<div class=\"wp-block-columns is-layout-flex wp-container-core-columns-is-layout-9d6595d7 wp-block-columns-is-layout-flex\">\n<div class=\"wp-block-column is-layout-flow wp-block-column-is-layout-flow\" style=\"flex-basis:66.66%\">\n <div class=\"brlbs-cmpnt-container brlbs-cmpnt-content-blocker brlbs-cmpnt-with-individual-styles\" data-borlabs-cookie-content-blocker-id=\"google-maps\" data-borlabs-cookie-content=\"PGlmcmFtZSBzcmM9Imh0dHBzOi8vd3d3Lmdvb2dsZS5jb20vbWFwcy9kL3UvMC9lbWJlZD9taWQ9MVFvdXdCT2xzZGs4VlVBQ0JqYVBSNV9GVkdoT01SWkkmZWhiYz0yRTMxMkYiIHdpZHRoPSI2NDAiIGhlaWdodD0iNDgwIj48L2lmcmFtZT4=\"><div class=\"brlbs-cmpnt-cb-preset-b brlbs-cmpnt-cb-google-maps\"> <div class=\"brlbs-cmpnt-cb-thumbnail\" style=\"background-image: url('https:\/\/9staedte.de\/wp-content\/uploads\/borlabs-cookie\/1\/brlbs-cb-google-maps-main.png')\"><\/div> <div class=\"brlbs-cmpnt-cb-main\"> <div class=\"brlbs-cmpnt-cb-content\"> <p class=\"brlbs-cmpnt-cb-description\">Aktualnie wy\u015bwietlana jest tre\u015b\u0107 zast\u0119pcza z <strong>Google Maps<\/strong>. Aby uzyska\u0107 dost\u0119p do rzeczywistej tre\u015bci, kliknij poni\u017cszy przycisk. Pami\u0119taj, \u017ce spowoduje to udost\u0119pnienie danych zewn\u0119trznym operatorom.<\/p> <a class=\"brlbs-cmpnt-cb-provider-toggle\" href=\"#\" data-borlabs-cookie-show-provider-information role=\"button\">Wi\u0119cej informacji<\/a> <\/div> <div class=\"brlbs-cmpnt-cb-buttons\"> <a class=\"brlbs-cmpnt-cb-btn\" href=\"#\" data-borlabs-cookie-unblock role=\"button\">Odblokuj tre\u015b\u0107<\/a> <a class=\"brlbs-cmpnt-cb-btn\" href=\"#\" data-borlabs-cookie-accept-service role=\"button\" style=\"display: inherit\">Zaakceptuj wymagan\u0105 us\u0142ug\u0119 i odblokuj tre\u015b\u0107<\/a> <\/div> <\/div> <\/div><\/div>\n<\/div>\n\n\n\n<div class=\"wp-block-column is-layout-flow wp-block-column-is-layout-flow\" style=\"flex-basis:33.33%\">\n<h4 class=\"wp-block-heading\">Jarmarki bo\u017conarodzeniowe w Goslar<\/h4>\n\n\n\n<ul class=\"wp-block-list map-legend main-legend\">\n<li>Jarmark Bo\u017conarodzeniowy (Rynek)<\/li>\n\n\n\n<li>Christmas Forest (Shoe Yard)<\/li>\n\n\n\n<li>Bo\u017ce Narodzenie w Rammelsbergu<\/li>\n<\/ul>\n<\/div>\n<\/div>\n\n<p><\/p>\n","protected":false},"excerpt":{"rendered":"<p>Jarmark bo\u017conarodzeniowy i las bo\u017conarodzeniowy Ka\u017cdego roku Goslar l\u015bni \u015bwi\u0105tecznym blaskiem: na jarmarku bo\u017conarodzeniowym unosi si\u0119 uwodzicielski zapach cynamonu, pieczonych jab\u0142ek, pra\u017conych migda\u0142\u00f3w &#8211; Bo\u017ce Narodzenie jest w powietrzu! Romantycznie otoczone t\u0142em rynku, 80 pi\u0119knie udekorowanych drewnianych chat zaprasza na spacery i uczt\u0119. Szczeg\u00f3ln\u0105 atrakcj\u0105 jest \u015bwi\u0105teczny las. W otoczeniu 60 pod\u015bwietlanych drzew iglastych mo\u017cna [&hellip;]<\/p>\n","protected":false},"author":1,"featured_media":24572,"parent":17961,"menu_order":0,"comment_status":"closed","ping_status":"closed","template":"pagetemplates\/template-stadtthema.php","meta":{"_acf_changed":false,"footnotes":""},"categories":[],"tags":[],"ncap_cities_tax":[445,515],"class_list":["post-17405","page","type-page","status-publish","has-post-thumbnail","hentry","ncap_cities_tax-goslar-pl","ncap_cities_tax-weihnachtsmarkte-goslar-pl"],"acf":[],"yoast_head":"<!-- This site is optimized with the Yoast SEO plugin v27.4 - https:\/\/yoast.com\/product\/yoast-seo-wordpress\/ -->\n<title>Jarmark bo\u017conarodzeniowy w Goslar - 9 St\u00e4dte in Niedersachsen<\/title>\n<meta name=\"description\" content=\"Na tle rynku, pi\u0119knie zdobione drewniane chaty zapraszaj\u0105 na uczt\u0119. Szczeg\u00f3ln\u0105 atrakcj\u0105 jest \u015bwi\u0105teczny las.\" \/>\n<meta name=\"robots\" content=\"index, follow, max-snippet:-1, max-image-preview:large, max-video-preview:-1\" \/>\n<link rel=\"canonical\" href=\"https:\/\/9staedte.de\/pl\/goslar-miejsce-swiatowego-dziedzictwa-w-gorach-harz\/jarmark-bozonarodzeniowy-w-goslar\/\" \/>\n<meta property=\"og:locale\" content=\"pl_PL\" \/>\n<meta property=\"og:type\" content=\"article\" \/>\n<meta property=\"og:title\" content=\"Jarmark bo\u017conarodzeniowy w Goslar - 9 St\u00e4dte in Niedersachsen\" \/>\n<meta property=\"og:description\" content=\"Na tle rynku, pi\u0119knie zdobione drewniane chaty zapraszaj\u0105 na uczt\u0119. Szczeg\u00f3ln\u0105 atrakcj\u0105 jest \u015bwi\u0105teczny las.\" \/>\n<meta property=\"og:url\" content=\"https:\/\/9staedte.de\/pl\/goslar-miejsce-swiatowego-dziedzictwa-w-gorach-harz\/jarmark-bozonarodzeniowy-w-goslar\/\" \/>\n<meta property=\"og:site_name\" content=\"9 St\u00e4dte in Niedersachsen\" \/>\n<meta property=\"article:modified_time\" content=\"2026-03-23T12:11:10+00:00\" \/>\n<meta property=\"og:image\" content=\"https:\/\/9staedte.de\/wp-content\/uploads\/2025\/02\/Goslar-Christmas-Market-Blue-hour-c-GOSLAR-marketing-Michael-Abid.jpg\" \/>\n\t<meta property=\"og:image:width\" content=\"1020\" \/>\n\t<meta property=\"og:image:height\" content=\"560\" \/>\n\t<meta property=\"og:image:type\" content=\"image\/jpeg\" \/>\n<meta name=\"twitter:card\" content=\"summary_large_image\" \/>\n<meta name=\"twitter:label1\" content=\"Szacowany czas czytania\" \/>\n\t<meta name=\"twitter:data1\" content=\"1 minuta\" \/>\n<script type=\"application\/ld+json\" class=\"yoast-schema-graph\">{\"@context\":\"https:\\\/\\\/schema.org\",\"@graph\":[{\"@type\":\"WebPage\",\"@id\":\"https:\\\/\\\/9staedte.de\\\/pl\\\/goslar-miejsce-swiatowego-dziedzictwa-w-gorach-harz\\\/jarmark-bozonarodzeniowy-w-goslar\\\/\",\"url\":\"https:\\\/\\\/9staedte.de\\\/pl\\\/goslar-miejsce-swiatowego-dziedzictwa-w-gorach-harz\\\/jarmark-bozonarodzeniowy-w-goslar\\\/\",\"name\":\"Jarmark bo\u017conarodzeniowy w Goslar - 9 St\u00e4dte in Niedersachsen\",\"isPartOf\":{\"@id\":\"https:\\\/\\\/9staedte.de\\\/pl\\\/#website\"},\"primaryImageOfPage\":{\"@id\":\"https:\\\/\\\/9staedte.de\\\/pl\\\/goslar-miejsce-swiatowego-dziedzictwa-w-gorach-harz\\\/jarmark-bozonarodzeniowy-w-goslar\\\/#primaryimage\"},\"image\":{\"@id\":\"https:\\\/\\\/9staedte.de\\\/pl\\\/goslar-miejsce-swiatowego-dziedzictwa-w-gorach-harz\\\/jarmark-bozonarodzeniowy-w-goslar\\\/#primaryimage\"},\"thumbnailUrl\":\"https:\\\/\\\/9staedte.de\\\/wp-content\\\/uploads\\\/2025\\\/02\\\/Goslar-Christmas-Market-Blue-hour-c-GOSLAR-marketing-Michael-Abid.jpg\",\"datePublished\":\"2023-11-02T08:48:30+00:00\",\"dateModified\":\"2026-03-23T12:11:10+00:00\",\"description\":\"Na tle rynku, pi\u0119knie zdobione drewniane chaty zapraszaj\u0105 na uczt\u0119. Szczeg\u00f3ln\u0105 atrakcj\u0105 jest \u015bwi\u0105teczny las.\",\"breadcrumb\":{\"@id\":\"https:\\\/\\\/9staedte.de\\\/pl\\\/goslar-miejsce-swiatowego-dziedzictwa-w-gorach-harz\\\/jarmark-bozonarodzeniowy-w-goslar\\\/#breadcrumb\"},\"inLanguage\":\"pl-PL\",\"potentialAction\":[{\"@type\":\"ReadAction\",\"target\":[\"https:\\\/\\\/9staedte.de\\\/pl\\\/goslar-miejsce-swiatowego-dziedzictwa-w-gorach-harz\\\/jarmark-bozonarodzeniowy-w-goslar\\\/\"]}]},{\"@type\":\"ImageObject\",\"inLanguage\":\"pl-PL\",\"@id\":\"https:\\\/\\\/9staedte.de\\\/pl\\\/goslar-miejsce-swiatowego-dziedzictwa-w-gorach-harz\\\/jarmark-bozonarodzeniowy-w-goslar\\\/#primaryimage\",\"url\":\"https:\\\/\\\/9staedte.de\\\/wp-content\\\/uploads\\\/2025\\\/02\\\/Goslar-Christmas-Market-Blue-hour-c-GOSLAR-marketing-Michael-Abid.jpg\",\"contentUrl\":\"https:\\\/\\\/9staedte.de\\\/wp-content\\\/uploads\\\/2025\\\/02\\\/Goslar-Christmas-Market-Blue-hour-c-GOSLAR-marketing-Michael-Abid.jpg\",\"width\":1020,\"height\":560,\"caption\":\"Goslar Christmas Market Blue hour c) GOSLAR marketing Michael Abid\"},{\"@type\":\"BreadcrumbList\",\"@id\":\"https:\\\/\\\/9staedte.de\\\/pl\\\/goslar-miejsce-swiatowego-dziedzictwa-w-gorach-harz\\\/jarmark-bozonarodzeniowy-w-goslar\\\/#breadcrumb\",\"itemListElement\":[{\"@type\":\"ListItem\",\"position\":1,\"name\":\"Startseite\",\"item\":\"https:\\\/\\\/9staedte.de\\\/pl\\\/\"},{\"@type\":\"ListItem\",\"position\":2,\"name\":\"Goslar &#8211; miejsce \u015bwiatowego dziedzictwa w g\u00f3rach Harz\",\"item\":\"https:\\\/\\\/9staedte.de\\\/pl\\\/goslar-miejsce-swiatowego-dziedzictwa-w-gorach-harz\\\/\"},{\"@type\":\"ListItem\",\"position\":3,\"name\":\"Jarmark bo\u017conarodzeniowy w Goslar\"}]},{\"@type\":\"WebSite\",\"@id\":\"https:\\\/\\\/9staedte.de\\\/pl\\\/#website\",\"url\":\"https:\\\/\\\/9staedte.de\\\/pl\\\/\",\"name\":\"9 St\u00e4dte in Niedersachsen\",\"description\":\"\",\"publisher\":{\"@id\":\"https:\\\/\\\/9staedte.de\\\/pl\\\/#organization\"},\"potentialAction\":[{\"@type\":\"SearchAction\",\"target\":{\"@type\":\"EntryPoint\",\"urlTemplate\":\"https:\\\/\\\/9staedte.de\\\/pl\\\/?s={search_term_string}\"},\"query-input\":{\"@type\":\"PropertyValueSpecification\",\"valueRequired\":true,\"valueName\":\"search_term_string\"}}],\"inLanguage\":\"pl-PL\"},{\"@type\":\"Organization\",\"@id\":\"https:\\\/\\\/9staedte.de\\\/pl\\\/#organization\",\"name\":\"9 St\u00e4dte in Niedersachsen\",\"url\":\"https:\\\/\\\/9staedte.de\\\/pl\\\/\",\"logo\":{\"@type\":\"ImageObject\",\"inLanguage\":\"pl-PL\",\"@id\":\"https:\\\/\\\/9staedte.de\\\/pl\\\/#\\\/schema\\\/logo\\\/image\\\/\",\"url\":\"https:\\\/\\\/9staedte.de\\\/wp-content\\\/uploads\\\/2025\\\/01\\\/9-neg-deutsch-2-1.png\",\"contentUrl\":\"https:\\\/\\\/9staedte.de\\\/wp-content\\\/uploads\\\/2025\\\/01\\\/9-neg-deutsch-2-1.png\",\"width\":190,\"height\":114,\"caption\":\"9 St\u00e4dte in Niedersachsen\"},\"image\":{\"@id\":\"https:\\\/\\\/9staedte.de\\\/pl\\\/#\\\/schema\\\/logo\\\/image\\\/\"}}]}<\/script>\n<!-- \/ Yoast SEO plugin. -->","yoast_head_json":{"title":"Jarmark bo\u017conarodzeniowy w Goslar - 9 St\u00e4dte in Niedersachsen","description":"Na tle rynku, pi\u0119knie zdobione drewniane chaty zapraszaj\u0105 na uczt\u0119. Szczeg\u00f3ln\u0105 atrakcj\u0105 jest \u015bwi\u0105teczny las.","robots":{"index":"index","follow":"follow","max-snippet":"max-snippet:-1","max-image-preview":"max-image-preview:large","max-video-preview":"max-video-preview:-1"},"canonical":"https:\/\/9staedte.de\/pl\/goslar-miejsce-swiatowego-dziedzictwa-w-gorach-harz\/jarmark-bozonarodzeniowy-w-goslar\/","og_locale":"pl_PL","og_type":"article","og_title":"Jarmark bo\u017conarodzeniowy w Goslar - 9 St\u00e4dte in Niedersachsen","og_description":"Na tle rynku, pi\u0119knie zdobione drewniane chaty zapraszaj\u0105 na uczt\u0119. Szczeg\u00f3ln\u0105 atrakcj\u0105 jest \u015bwi\u0105teczny las.","og_url":"https:\/\/9staedte.de\/pl\/goslar-miejsce-swiatowego-dziedzictwa-w-gorach-harz\/jarmark-bozonarodzeniowy-w-goslar\/","og_site_name":"9 St\u00e4dte in Niedersachsen","article_modified_time":"2026-03-23T12:11:10+00:00","og_image":[{"width":1020,"height":560,"url":"https:\/\/9staedte.de\/wp-content\/uploads\/2025\/02\/Goslar-Christmas-Market-Blue-hour-c-GOSLAR-marketing-Michael-Abid.jpg","type":"image\/jpeg"}],"twitter_card":"summary_large_image","twitter_misc":{"Szacowany czas czytania":"1 minuta"},"schema":{"@context":"https:\/\/schema.org","@graph":[{"@type":"WebPage","@id":"https:\/\/9staedte.de\/pl\/goslar-miejsce-swiatowego-dziedzictwa-w-gorach-harz\/jarmark-bozonarodzeniowy-w-goslar\/","url":"https:\/\/9staedte.de\/pl\/goslar-miejsce-swiatowego-dziedzictwa-w-gorach-harz\/jarmark-bozonarodzeniowy-w-goslar\/","name":"Jarmark bo\u017conarodzeniowy w Goslar - 9 St\u00e4dte in Niedersachsen","isPartOf":{"@id":"https:\/\/9staedte.de\/pl\/#website"},"primaryImageOfPage":{"@id":"https:\/\/9staedte.de\/pl\/goslar-miejsce-swiatowego-dziedzictwa-w-gorach-harz\/jarmark-bozonarodzeniowy-w-goslar\/#primaryimage"},"image":{"@id":"https:\/\/9staedte.de\/pl\/goslar-miejsce-swiatowego-dziedzictwa-w-gorach-harz\/jarmark-bozonarodzeniowy-w-goslar\/#primaryimage"},"thumbnailUrl":"https:\/\/9staedte.de\/wp-content\/uploads\/2025\/02\/Goslar-Christmas-Market-Blue-hour-c-GOSLAR-marketing-Michael-Abid.jpg","datePublished":"2023-11-02T08:48:30+00:00","dateModified":"2026-03-23T12:11:10+00:00","description":"Na tle rynku, pi\u0119knie zdobione drewniane chaty zapraszaj\u0105 na uczt\u0119. Szczeg\u00f3ln\u0105 atrakcj\u0105 jest \u015bwi\u0105teczny las.","breadcrumb":{"@id":"https:\/\/9staedte.de\/pl\/goslar-miejsce-swiatowego-dziedzictwa-w-gorach-harz\/jarmark-bozonarodzeniowy-w-goslar\/#breadcrumb"},"inLanguage":"pl-PL","potentialAction":[{"@type":"ReadAction","target":["https:\/\/9staedte.de\/pl\/goslar-miejsce-swiatowego-dziedzictwa-w-gorach-harz\/jarmark-bozonarodzeniowy-w-goslar\/"]}]},{"@type":"ImageObject","inLanguage":"pl-PL","@id":"https:\/\/9staedte.de\/pl\/goslar-miejsce-swiatowego-dziedzictwa-w-gorach-harz\/jarmark-bozonarodzeniowy-w-goslar\/#primaryimage","url":"https:\/\/9staedte.de\/wp-content\/uploads\/2025\/02\/Goslar-Christmas-Market-Blue-hour-c-GOSLAR-marketing-Michael-Abid.jpg","contentUrl":"https:\/\/9staedte.de\/wp-content\/uploads\/2025\/02\/Goslar-Christmas-Market-Blue-hour-c-GOSLAR-marketing-Michael-Abid.jpg","width":1020,"height":560,"caption":"Goslar Christmas Market Blue hour c) GOSLAR marketing Michael Abid"},{"@type":"BreadcrumbList","@id":"https:\/\/9staedte.de\/pl\/goslar-miejsce-swiatowego-dziedzictwa-w-gorach-harz\/jarmark-bozonarodzeniowy-w-goslar\/#breadcrumb","itemListElement":[{"@type":"ListItem","position":1,"name":"Startseite","item":"https:\/\/9staedte.de\/pl\/"},{"@type":"ListItem","position":2,"name":"Goslar &#8211; miejsce \u015bwiatowego dziedzictwa w g\u00f3rach Harz","item":"https:\/\/9staedte.de\/pl\/goslar-miejsce-swiatowego-dziedzictwa-w-gorach-harz\/"},{"@type":"ListItem","position":3,"name":"Jarmark bo\u017conarodzeniowy w Goslar"}]},{"@type":"WebSite","@id":"https:\/\/9staedte.de\/pl\/#website","url":"https:\/\/9staedte.de\/pl\/","name":"9 St\u00e4dte in Niedersachsen","description":"","publisher":{"@id":"https:\/\/9staedte.de\/pl\/#organization"},"potentialAction":[{"@type":"SearchAction","target":{"@type":"EntryPoint","urlTemplate":"https:\/\/9staedte.de\/pl\/?s={search_term_string}"},"query-input":{"@type":"PropertyValueSpecification","valueRequired":true,"valueName":"search_term_string"}}],"inLanguage":"pl-PL"},{"@type":"Organization","@id":"https:\/\/9staedte.de\/pl\/#organization","name":"9 St\u00e4dte in Niedersachsen","url":"https:\/\/9staedte.de\/pl\/","logo":{"@type":"ImageObject","inLanguage":"pl-PL","@id":"https:\/\/9staedte.de\/pl\/#\/schema\/logo\/image\/","url":"https:\/\/9staedte.de\/wp-content\/uploads\/2025\/01\/9-neg-deutsch-2-1.png","contentUrl":"https:\/\/9staedte.de\/wp-content\/uploads\/2025\/01\/9-neg-deutsch-2-1.png","width":190,"height":114,"caption":"9 St\u00e4dte in Niedersachsen"},"image":{"@id":"https:\/\/9staedte.de\/pl\/#\/schema\/logo\/image\/"}}]}},"_links":{"self":[{"href":"https:\/\/9staedte.de\/pl\/wp-json\/wp\/v2\/pages\/17405","targetHints":{"allow":["GET"]}}],"collection":[{"href":"https:\/\/9staedte.de\/pl\/wp-json\/wp\/v2\/pages"}],"about":[{"href":"https:\/\/9staedte.de\/pl\/wp-json\/wp\/v2\/types\/page"}],"author":[{"embeddable":true,"href":"https:\/\/9staedte.de\/pl\/wp-json\/wp\/v2\/users\/1"}],"replies":[{"embeddable":true,"href":"https:\/\/9staedte.de\/pl\/wp-json\/wp\/v2\/comments?post=17405"}],"version-history":[{"count":14,"href":"https:\/\/9staedte.de\/pl\/wp-json\/wp\/v2\/pages\/17405\/revisions"}],"predecessor-version":[{"id":27666,"href":"https:\/\/9staedte.de\/pl\/wp-json\/wp\/v2\/pages\/17405\/revisions\/27666"}],"up":[{"embeddable":true,"href":"https:\/\/9staedte.de\/pl\/wp-json\/wp\/v2\/pages\/17961"}],"wp:featuredmedia":[{"embeddable":true,"href":"https:\/\/9staedte.de\/pl\/wp-json\/wp\/v2\/media\/24572"}],"wp:attachment":[{"href":"https:\/\/9staedte.de\/pl\/wp-json\/wp\/v2\/media?parent=17405"}],"wp:term":[{"taxonomy":"category","embeddable":true,"href":"https:\/\/9staedte.de\/pl\/wp-json\/wp\/v2\/categories?post=17405"},{"taxonomy":"post_tag","embeddable":true,"href":"https:\/\/9staedte.de\/pl\/wp-json\/wp\/v2\/tags?post=17405"},{"taxonomy":"ncap_cities_tax","embeddable":true,"href":"https:\/\/9staedte.de\/pl\/wp-json\/wp\/v2\/ncap_cities_tax?post=17405"}],"curies":[{"name":"wp","href":"https:\/\/api.w.org\/{rel}","templated":true}]}}