{"id":17404,"date":"2023-11-02T09:48:30","date_gmt":"2023-11-02T08:48:30","guid":{"rendered":"https:\/\/9staedte.de\/jarmark-bozonarodzeniowy-w-getyndze\/"},"modified":"2025-12-29T13:43:30","modified_gmt":"2025-12-29T12:43:30","slug":"jarmark-bozonarodzeniowy-w-getyndze","status":"publish","type":"page","link":"https:\/\/9staedte.de\/pl\/getynga-miasto-ktore-tworzy-wiedze\/jarmark-bozonarodzeniowy-w-getyndze\/","title":{"rendered":"Jarmark bo\u017conarodzeniowy w Getyndze"},"content":{"rendered":"\n<h2 class=\"wp-block-heading\"><strong>Jarmark bo\u017conarodzeniowy wok\u00f3\u0142 Starego Ratusza w Getyndze<\/strong><\/h2>\n\n<p>Jarmark bo\u017conarodzeniowy w uniwersyteckim mie\u015bcie Getynga odbywa si\u0119 wok\u00f3\u0142 \u015bredniowiecznego Starego Ratusza i ko\u015bcio\u0142a \u015bw. Jana. Ponad 60 \u015bwi\u0105tecznie udekorowanych stragan\u00f3w oferuje typowe artyku\u0142y \u015bwi\u0105teczne, takie jak \u015bwiece i ozdoby choinkowe. Spacerowicze mog\u0105 cieszy\u0107 si\u0119 okresem \u015bwi\u0105tecznym przy \u015bwi\u0105tecznych przysmakach i grzanym winie. Dzieci mog\u0105 cieszy\u0107 si\u0119 historycznym groszem i \u015bwi\u0105tecznie udekorowan\u0105 karuzel\u0105 dla dzieci.    <\/p>\n\n<p><a href=\"https:\/\/www.goettingen-tourismus.de\/weihnachtsmarkt\/\" target=\"_blank\" rel=\"noreferrer noopener\">Wi\u0119cej informacji<\/a><\/p>\n\n\n<div class=\"banner-wrapper\">\n  <div class=\"banner-inner \">\n      <div class=\"img-container\">\n      <div class=\"img-wrapper\">\n        <img decoding=\"async\" src=\"https:\/\/9staedte.de\/wp-content\/smush-webp\/2023\/02\/Goettingen-Gaenseliesel-Weihnachtszeit-c-Christoph-Mischke.jpg.webp\" alt=\"Na zdj\u0119ciu wida\u0107 br\u0105zowy pomnik dziewczynki z g\u0119siami. Za pomnikiem jest choinka z lampkami. T\u0142o jest ciep\u0142o o\u015bwietlone na pomara\u0144czowo. Jest wiecz\u00f3r albo noc.\" \/>\n                  <div class=\"thumbnail-label\">\n            <span>G\u00f6ttingen G\u00e4nseliesel Weihnachtszeit c) Christoph Mischke<\/span>\n          <\/div>\n              <\/div>\n    <\/div>\n        <div class=\"text-container\">\n      <div class=\"content\">\n        <p class=\"h3\"><strong>9 wskaz\u00f3wek, jak odwiedzi\u0107 jarmark bo\u017conarodzeniowy w Getyndze<\/strong><\/p>\n<ul>\n<li>Grzane wino z marynowanymi wi\u015bniami<\/li>\n<li>Odwied\u017a wystawy szopek w ko\u015bcio\u0142ach Getyngi<\/li>\n<li>Zakr\u0119\u0107 si\u0119 na historycznym penny-farthingu<\/li>\n<li>We\u017a udzia\u0142 w wycieczce &#8222;Getynga w okresie Bo\u017cego Narodzenia&#8221;<\/li>\n<li>Spr\u00f3buj grzanego piwa z Getyngi &#8211; lokalnej specjalno\u015bci<\/li>\n<li>Spr\u00f3buj jednej z kie\u0142basianych specjalno\u015bci Getyngi<\/li>\n<li>Odkryj historyczne piwnice na Starym Mie\u015bcie podczas wycieczki z przewodnikiem.<\/li>\n<li>Zakupy w \u015bwi\u0105tecznie udekorowanym centrum starego miasta<\/li>\n<li>Podziwiaj kalendarz adwentowy w oknach biblioteki miejskiej<\/li>\n<\/ul>\n      <\/div>\n    <\/div>\n    <\/div>\n<\/div>\n\n\n<p class=\"h3\"><strong>Jarmark bo\u017conarodzeniowy w Getyndze<\/strong><\/p>\n\n <div class=\"brlbs-cmpnt-container brlbs-cmpnt-content-blocker brlbs-cmpnt-with-individual-styles\" data-borlabs-cookie-content-blocker-id=\"google-maps\" data-borlabs-cookie-content=\"PGlmcmFtZSBzcmM9Imh0dHBzOi8vd3d3Lmdvb2dsZS5jb20vbWFwcy9kL3UvMC9lbWJlZD9taWQ9MVBlS2NRejdrRG5IU3d6bk5Pdzh0WVVMamZQV1BTLTQmZWhiYz0yRTMxMkYiIHdpZHRoPSI2NDAiIGhlaWdodD0iNDgwIj48L2lmcmFtZT4=\"><div class=\"brlbs-cmpnt-cb-preset-b brlbs-cmpnt-cb-google-maps\"> <div class=\"brlbs-cmpnt-cb-thumbnail\" style=\"background-image: url('https:\/\/9staedte.de\/wp-content\/uploads\/borlabs-cookie\/1\/brlbs-cb-google-maps-main.png')\"><\/div> <div class=\"brlbs-cmpnt-cb-main\"> <div class=\"brlbs-cmpnt-cb-content\"> <p class=\"brlbs-cmpnt-cb-description\">Aktualnie wy\u015bwietlana jest tre\u015b\u0107 zast\u0119pcza z <strong>Google Maps<\/strong>. Aby uzyska\u0107 dost\u0119p do rzeczywistej tre\u015bci, kliknij poni\u017cszy przycisk. Pami\u0119taj, \u017ce spowoduje to udost\u0119pnienie danych zewn\u0119trznym operatorom.<\/p> <a class=\"brlbs-cmpnt-cb-provider-toggle\" href=\"#\" data-borlabs-cookie-show-provider-information role=\"button\">Wi\u0119cej informacji<\/a> <\/div> <div class=\"brlbs-cmpnt-cb-buttons\"> <a class=\"brlbs-cmpnt-cb-btn\" href=\"#\" data-borlabs-cookie-unblock role=\"button\">Odblokuj tre\u015b\u0107<\/a> <a class=\"brlbs-cmpnt-cb-btn\" href=\"#\" data-borlabs-cookie-accept-service role=\"button\" style=\"display: inherit\">Zaakceptuj wymagan\u0105 us\u0142ug\u0119 i odblokuj tre\u015b\u0107<\/a> <\/div> <\/div> <\/div><\/div>\n\n<div style=\"height:42px\" aria-hidden=\"true\" class=\"wp-block-spacer\"><\/div>\n\n<p><\/p>\n","protected":false},"excerpt":{"rendered":"<p>Jarmark bo\u017conarodzeniowy wok\u00f3\u0142 Starego Ratusza w Getyndze Jarmark bo\u017conarodzeniowy w uniwersyteckim mie\u015bcie Getynga odbywa si\u0119 wok\u00f3\u0142 \u015bredniowiecznego Starego Ratusza i ko\u015bcio\u0142a \u015bw. Jana. Ponad 60 \u015bwi\u0105tecznie udekorowanych stragan\u00f3w oferuje typowe artyku\u0142y \u015bwi\u0105teczne, takie jak \u015bwiece i ozdoby choinkowe. Spacerowicze mog\u0105 cieszy\u0107 si\u0119 okresem \u015bwi\u0105tecznym przy \u015bwi\u0105tecznych przysmakach i grzanym winie. Dzieci mog\u0105 cieszy\u0107 si\u0119 historycznym [&hellip;]<\/p>\n","protected":false},"author":1,"featured_media":17419,"parent":18011,"menu_order":0,"comment_status":"closed","ping_status":"closed","template":"pagetemplates\/template-stadtthema.php","meta":{"_acf_changed":false,"footnotes":""},"categories":[],"tags":[],"ncap_cities_tax":[436,507],"class_list":["post-17404","page","type-page","status-publish","has-post-thumbnail","hentry","ncap_cities_tax-goettingen-pl","ncap_cities_tax-weihnachtsmarkte-goettingen-pl"],"acf":[],"yoast_head":"<!-- This site is optimized with the Yoast SEO plugin v27.4 - https:\/\/yoast.com\/product\/yoast-seo-wordpress\/ -->\n<title>Jarmark bo\u017conarodzeniowy w Getyndze - 9 St\u00e4dte in Niedersachsen<\/title>\n<meta name=\"description\" content=\"Jarmark bo\u017conarodzeniowy w uniwersyteckim mie\u015bcie Getynga odbywa si\u0119 wok\u00f3\u0142 \u015bredniowiecznego Starego Ratusza i ko\u015bcio\u0142a \u015bw. Jana.\" \/>\n<meta name=\"robots\" content=\"index, follow, max-snippet:-1, max-image-preview:large, max-video-preview:-1\" \/>\n<link rel=\"canonical\" href=\"https:\/\/9staedte.de\/pl\/getynga-miasto-ktore-tworzy-wiedze\/jarmark-bozonarodzeniowy-w-getyndze\/\" \/>\n<meta property=\"og:locale\" content=\"pl_PL\" \/>\n<meta property=\"og:type\" content=\"article\" \/>\n<meta property=\"og:title\" content=\"Jarmark bo\u017conarodzeniowy w Getyndze - 9 St\u00e4dte in Niedersachsen\" \/>\n<meta property=\"og:description\" content=\"Jarmark bo\u017conarodzeniowy w uniwersyteckim mie\u015bcie Getynga odbywa si\u0119 wok\u00f3\u0142 \u015bredniowiecznego Starego Ratusza i ko\u015bcio\u0142a \u015bw. Jana.\" \/>\n<meta property=\"og:url\" content=\"https:\/\/9staedte.de\/pl\/getynga-miasto-ktore-tworzy-wiedze\/jarmark-bozonarodzeniowy-w-getyndze\/\" \/>\n<meta property=\"og:site_name\" content=\"9 St\u00e4dte in Niedersachsen\" \/>\n<meta property=\"article:modified_time\" content=\"2025-12-29T12:43:30+00:00\" \/>\n<meta property=\"og:image\" content=\"https:\/\/9staedte.de\/wp-content\/uploads\/2023\/02\/Goettingen-Weihnachtsmarkt-c-Christoph-Mischke.jpg\" \/>\n\t<meta property=\"og:image:width\" content=\"1020\" \/>\n\t<meta property=\"og:image:height\" content=\"561\" \/>\n\t<meta property=\"og:image:type\" content=\"image\/jpeg\" \/>\n<meta name=\"twitter:card\" content=\"summary_large_image\" \/>\n<meta name=\"twitter:label1\" content=\"Szacowany czas czytania\" \/>\n\t<meta name=\"twitter:data1\" content=\"1 minuta\" \/>\n<script type=\"application\/ld+json\" class=\"yoast-schema-graph\">{\"@context\":\"https:\\\/\\\/schema.org\",\"@graph\":[{\"@type\":\"WebPage\",\"@id\":\"https:\\\/\\\/9staedte.de\\\/pl\\\/getynga-miasto-ktore-tworzy-wiedze\\\/jarmark-bozonarodzeniowy-w-getyndze\\\/\",\"url\":\"https:\\\/\\\/9staedte.de\\\/pl\\\/getynga-miasto-ktore-tworzy-wiedze\\\/jarmark-bozonarodzeniowy-w-getyndze\\\/\",\"name\":\"Jarmark bo\u017conarodzeniowy w Getyndze - 9 St\u00e4dte in Niedersachsen\",\"isPartOf\":{\"@id\":\"https:\\\/\\\/9staedte.de\\\/pl\\\/#website\"},\"primaryImageOfPage\":{\"@id\":\"https:\\\/\\\/9staedte.de\\\/pl\\\/getynga-miasto-ktore-tworzy-wiedze\\\/jarmark-bozonarodzeniowy-w-getyndze\\\/#primaryimage\"},\"image\":{\"@id\":\"https:\\\/\\\/9staedte.de\\\/pl\\\/getynga-miasto-ktore-tworzy-wiedze\\\/jarmark-bozonarodzeniowy-w-getyndze\\\/#primaryimage\"},\"thumbnailUrl\":\"https:\\\/\\\/9staedte.de\\\/wp-content\\\/uploads\\\/2023\\\/02\\\/Goettingen-Weihnachtsmarkt-c-Christoph-Mischke.jpg\",\"datePublished\":\"2023-11-02T08:48:30+00:00\",\"dateModified\":\"2025-12-29T12:43:30+00:00\",\"description\":\"Jarmark bo\u017conarodzeniowy w uniwersyteckim mie\u015bcie Getynga odbywa si\u0119 wok\u00f3\u0142 \u015bredniowiecznego Starego Ratusza i ko\u015bcio\u0142a \u015bw. Jana.\",\"breadcrumb\":{\"@id\":\"https:\\\/\\\/9staedte.de\\\/pl\\\/getynga-miasto-ktore-tworzy-wiedze\\\/jarmark-bozonarodzeniowy-w-getyndze\\\/#breadcrumb\"},\"inLanguage\":\"pl-PL\",\"potentialAction\":[{\"@type\":\"ReadAction\",\"target\":[\"https:\\\/\\\/9staedte.de\\\/pl\\\/getynga-miasto-ktore-tworzy-wiedze\\\/jarmark-bozonarodzeniowy-w-getyndze\\\/\"]}]},{\"@type\":\"ImageObject\",\"inLanguage\":\"pl-PL\",\"@id\":\"https:\\\/\\\/9staedte.de\\\/pl\\\/getynga-miasto-ktore-tworzy-wiedze\\\/jarmark-bozonarodzeniowy-w-getyndze\\\/#primaryimage\",\"url\":\"https:\\\/\\\/9staedte.de\\\/wp-content\\\/uploads\\\/2023\\\/02\\\/Goettingen-Weihnachtsmarkt-c-Christoph-Mischke.jpg\",\"contentUrl\":\"https:\\\/\\\/9staedte.de\\\/wp-content\\\/uploads\\\/2023\\\/02\\\/Goettingen-Weihnachtsmarkt-c-Christoph-Mischke.jpg\",\"width\":1020,\"height\":561,\"caption\":\"Der G\u00f6ttinger Weihnachtsmarkt. c) Christoph Mischke\"},{\"@type\":\"BreadcrumbList\",\"@id\":\"https:\\\/\\\/9staedte.de\\\/pl\\\/getynga-miasto-ktore-tworzy-wiedze\\\/jarmark-bozonarodzeniowy-w-getyndze\\\/#breadcrumb\",\"itemListElement\":[{\"@type\":\"ListItem\",\"position\":1,\"name\":\"Startseite\",\"item\":\"https:\\\/\\\/9staedte.de\\\/pl\\\/\"},{\"@type\":\"ListItem\",\"position\":2,\"name\":\"Getynga &#8211; miasto, kt\u00f3re tworzy wiedz\u0119\",\"item\":\"https:\\\/\\\/9staedte.de\\\/pl\\\/getynga-miasto-ktore-tworzy-wiedze\\\/\"},{\"@type\":\"ListItem\",\"position\":3,\"name\":\"Jarmark bo\u017conarodzeniowy w Getyndze\"}]},{\"@type\":\"WebSite\",\"@id\":\"https:\\\/\\\/9staedte.de\\\/pl\\\/#website\",\"url\":\"https:\\\/\\\/9staedte.de\\\/pl\\\/\",\"name\":\"9 St\u00e4dte in Niedersachsen\",\"description\":\"\",\"publisher\":{\"@id\":\"https:\\\/\\\/9staedte.de\\\/pl\\\/#organization\"},\"potentialAction\":[{\"@type\":\"SearchAction\",\"target\":{\"@type\":\"EntryPoint\",\"urlTemplate\":\"https:\\\/\\\/9staedte.de\\\/pl\\\/?s={search_term_string}\"},\"query-input\":{\"@type\":\"PropertyValueSpecification\",\"valueRequired\":true,\"valueName\":\"search_term_string\"}}],\"inLanguage\":\"pl-PL\"},{\"@type\":\"Organization\",\"@id\":\"https:\\\/\\\/9staedte.de\\\/pl\\\/#organization\",\"name\":\"9 St\u00e4dte in Niedersachsen\",\"url\":\"https:\\\/\\\/9staedte.de\\\/pl\\\/\",\"logo\":{\"@type\":\"ImageObject\",\"inLanguage\":\"pl-PL\",\"@id\":\"https:\\\/\\\/9staedte.de\\\/pl\\\/#\\\/schema\\\/logo\\\/image\\\/\",\"url\":\"https:\\\/\\\/9staedte.de\\\/wp-content\\\/uploads\\\/2025\\\/01\\\/9-neg-deutsch-2-1.png\",\"contentUrl\":\"https:\\\/\\\/9staedte.de\\\/wp-content\\\/uploads\\\/2025\\\/01\\\/9-neg-deutsch-2-1.png\",\"width\":190,\"height\":114,\"caption\":\"9 St\u00e4dte in Niedersachsen\"},\"image\":{\"@id\":\"https:\\\/\\\/9staedte.de\\\/pl\\\/#\\\/schema\\\/logo\\\/image\\\/\"}}]}<\/script>\n<!-- \/ Yoast SEO plugin. -->","yoast_head_json":{"title":"Jarmark bo\u017conarodzeniowy w Getyndze - 9 St\u00e4dte in Niedersachsen","description":"Jarmark bo\u017conarodzeniowy w uniwersyteckim mie\u015bcie Getynga odbywa si\u0119 wok\u00f3\u0142 \u015bredniowiecznego Starego Ratusza i ko\u015bcio\u0142a \u015bw. Jana.","robots":{"index":"index","follow":"follow","max-snippet":"max-snippet:-1","max-image-preview":"max-image-preview:large","max-video-preview":"max-video-preview:-1"},"canonical":"https:\/\/9staedte.de\/pl\/getynga-miasto-ktore-tworzy-wiedze\/jarmark-bozonarodzeniowy-w-getyndze\/","og_locale":"pl_PL","og_type":"article","og_title":"Jarmark bo\u017conarodzeniowy w Getyndze - 9 St\u00e4dte in Niedersachsen","og_description":"Jarmark bo\u017conarodzeniowy w uniwersyteckim mie\u015bcie Getynga odbywa si\u0119 wok\u00f3\u0142 \u015bredniowiecznego Starego Ratusza i ko\u015bcio\u0142a \u015bw. Jana.","og_url":"https:\/\/9staedte.de\/pl\/getynga-miasto-ktore-tworzy-wiedze\/jarmark-bozonarodzeniowy-w-getyndze\/","og_site_name":"9 St\u00e4dte in Niedersachsen","article_modified_time":"2025-12-29T12:43:30+00:00","og_image":[{"width":1020,"height":561,"url":"https:\/\/9staedte.de\/wp-content\/uploads\/2023\/02\/Goettingen-Weihnachtsmarkt-c-Christoph-Mischke.jpg","type":"image\/jpeg"}],"twitter_card":"summary_large_image","twitter_misc":{"Szacowany czas czytania":"1 minuta"},"schema":{"@context":"https:\/\/schema.org","@graph":[{"@type":"WebPage","@id":"https:\/\/9staedte.de\/pl\/getynga-miasto-ktore-tworzy-wiedze\/jarmark-bozonarodzeniowy-w-getyndze\/","url":"https:\/\/9staedte.de\/pl\/getynga-miasto-ktore-tworzy-wiedze\/jarmark-bozonarodzeniowy-w-getyndze\/","name":"Jarmark bo\u017conarodzeniowy w Getyndze - 9 St\u00e4dte in Niedersachsen","isPartOf":{"@id":"https:\/\/9staedte.de\/pl\/#website"},"primaryImageOfPage":{"@id":"https:\/\/9staedte.de\/pl\/getynga-miasto-ktore-tworzy-wiedze\/jarmark-bozonarodzeniowy-w-getyndze\/#primaryimage"},"image":{"@id":"https:\/\/9staedte.de\/pl\/getynga-miasto-ktore-tworzy-wiedze\/jarmark-bozonarodzeniowy-w-getyndze\/#primaryimage"},"thumbnailUrl":"https:\/\/9staedte.de\/wp-content\/uploads\/2023\/02\/Goettingen-Weihnachtsmarkt-c-Christoph-Mischke.jpg","datePublished":"2023-11-02T08:48:30+00:00","dateModified":"2025-12-29T12:43:30+00:00","description":"Jarmark bo\u017conarodzeniowy w uniwersyteckim mie\u015bcie Getynga odbywa si\u0119 wok\u00f3\u0142 \u015bredniowiecznego Starego Ratusza i ko\u015bcio\u0142a \u015bw. Jana.","breadcrumb":{"@id":"https:\/\/9staedte.de\/pl\/getynga-miasto-ktore-tworzy-wiedze\/jarmark-bozonarodzeniowy-w-getyndze\/#breadcrumb"},"inLanguage":"pl-PL","potentialAction":[{"@type":"ReadAction","target":["https:\/\/9staedte.de\/pl\/getynga-miasto-ktore-tworzy-wiedze\/jarmark-bozonarodzeniowy-w-getyndze\/"]}]},{"@type":"ImageObject","inLanguage":"pl-PL","@id":"https:\/\/9staedte.de\/pl\/getynga-miasto-ktore-tworzy-wiedze\/jarmark-bozonarodzeniowy-w-getyndze\/#primaryimage","url":"https:\/\/9staedte.de\/wp-content\/uploads\/2023\/02\/Goettingen-Weihnachtsmarkt-c-Christoph-Mischke.jpg","contentUrl":"https:\/\/9staedte.de\/wp-content\/uploads\/2023\/02\/Goettingen-Weihnachtsmarkt-c-Christoph-Mischke.jpg","width":1020,"height":561,"caption":"Der G\u00f6ttinger Weihnachtsmarkt. c) Christoph Mischke"},{"@type":"BreadcrumbList","@id":"https:\/\/9staedte.de\/pl\/getynga-miasto-ktore-tworzy-wiedze\/jarmark-bozonarodzeniowy-w-getyndze\/#breadcrumb","itemListElement":[{"@type":"ListItem","position":1,"name":"Startseite","item":"https:\/\/9staedte.de\/pl\/"},{"@type":"ListItem","position":2,"name":"Getynga &#8211; miasto, kt\u00f3re tworzy wiedz\u0119","item":"https:\/\/9staedte.de\/pl\/getynga-miasto-ktore-tworzy-wiedze\/"},{"@type":"ListItem","position":3,"name":"Jarmark bo\u017conarodzeniowy w Getyndze"}]},{"@type":"WebSite","@id":"https:\/\/9staedte.de\/pl\/#website","url":"https:\/\/9staedte.de\/pl\/","name":"9 St\u00e4dte in Niedersachsen","description":"","publisher":{"@id":"https:\/\/9staedte.de\/pl\/#organization"},"potentialAction":[{"@type":"SearchAction","target":{"@type":"EntryPoint","urlTemplate":"https:\/\/9staedte.de\/pl\/?s={search_term_string}"},"query-input":{"@type":"PropertyValueSpecification","valueRequired":true,"valueName":"search_term_string"}}],"inLanguage":"pl-PL"},{"@type":"Organization","@id":"https:\/\/9staedte.de\/pl\/#organization","name":"9 St\u00e4dte in Niedersachsen","url":"https:\/\/9staedte.de\/pl\/","logo":{"@type":"ImageObject","inLanguage":"pl-PL","@id":"https:\/\/9staedte.de\/pl\/#\/schema\/logo\/image\/","url":"https:\/\/9staedte.de\/wp-content\/uploads\/2025\/01\/9-neg-deutsch-2-1.png","contentUrl":"https:\/\/9staedte.de\/wp-content\/uploads\/2025\/01\/9-neg-deutsch-2-1.png","width":190,"height":114,"caption":"9 St\u00e4dte in Niedersachsen"},"image":{"@id":"https:\/\/9staedte.de\/pl\/#\/schema\/logo\/image\/"}}]}},"_links":{"self":[{"href":"https:\/\/9staedte.de\/pl\/wp-json\/wp\/v2\/pages\/17404","targetHints":{"allow":["GET"]}}],"collection":[{"href":"https:\/\/9staedte.de\/pl\/wp-json\/wp\/v2\/pages"}],"about":[{"href":"https:\/\/9staedte.de\/pl\/wp-json\/wp\/v2\/types\/page"}],"author":[{"embeddable":true,"href":"https:\/\/9staedte.de\/pl\/wp-json\/wp\/v2\/users\/1"}],"replies":[{"embeddable":true,"href":"https:\/\/9staedte.de\/pl\/wp-json\/wp\/v2\/comments?post=17404"}],"version-history":[{"count":11,"href":"https:\/\/9staedte.de\/pl\/wp-json\/wp\/v2\/pages\/17404\/revisions"}],"predecessor-version":[{"id":27623,"href":"https:\/\/9staedte.de\/pl\/wp-json\/wp\/v2\/pages\/17404\/revisions\/27623"}],"up":[{"embeddable":true,"href":"https:\/\/9staedte.de\/pl\/wp-json\/wp\/v2\/pages\/18011"}],"wp:featuredmedia":[{"embeddable":true,"href":"https:\/\/9staedte.de\/pl\/wp-json\/wp\/v2\/media\/17419"}],"wp:attachment":[{"href":"https:\/\/9staedte.de\/pl\/wp-json\/wp\/v2\/media?parent=17404"}],"wp:term":[{"taxonomy":"category","embeddable":true,"href":"https:\/\/9staedte.de\/pl\/wp-json\/wp\/v2\/categories?post=17404"},{"taxonomy":"post_tag","embeddable":true,"href":"https:\/\/9staedte.de\/pl\/wp-json\/wp\/v2\/tags?post=17404"},{"taxonomy":"ncap_cities_tax","embeddable":true,"href":"https:\/\/9staedte.de\/pl\/wp-json\/wp\/v2\/ncap_cities_tax?post=17404"}],"curies":[{"name":"wp","href":"https:\/\/api.w.org\/{rel}","templated":true}]}}