{"id":17380,"date":"2023-11-02T09:48:29","date_gmt":"2023-11-02T08:48:29","guid":{"rendered":"https:\/\/9staedte.de\/getynga-odkrywaj-w-sposob-zrownowazony\/"},"modified":"2025-05-15T16:58:57","modified_gmt":"2025-05-15T14:58:57","slug":"getynga-odkrywaj-w-sposob-zrownowazony","status":"publish","type":"page","link":"https:\/\/9staedte.de\/pl\/getynga-miasto-ktore-tworzy-wiedze\/getynga-odkrywaj-w-sposob-zrownowazony\/","title":{"rendered":"Getynga &#8211; odkrywaj w spos\u00f3b zr\u00f3wnowa\u017cony"},"content":{"rendered":"\n<h2 class=\"wp-block-heading\">Do\u015bwiadczenia przyrodnicze i zr\u00f3wnowa\u017cony rozw\u00f3j w Getyndze<\/h2>\n\n\n\n<p>Jako nowoczesny o\u015brodek naukowy, Getynga zawsze trzyma r\u0119k\u0119 na pulsie. Trzy uniwersytety, pi\u0119\u0107 instytut\u00f3w Maxa Plancka i wiele innych instytucji badawczych nieustannie pracuje nad tym, aby nasze \u017cycie by\u0142o bardziej komfortowe. I tutaj oczywi\u015bcie kwestia zr\u00f3wnowa\u017conego rozwoju odgrywa coraz bardziej decyduj\u0105c\u0105 rol\u0119. Jednak nawet poza tymi instytucjami region Getyngi poczyni\u0142 w ostatnich latach znaczne post\u0119py. Projekty takie jak Dni Ochrony Klimatu z licznymi dzia\u0142aniami na temat zr\u00f3wnowa\u017conego rozwoju od lat s\u0105 cz\u0119\u015bci\u0105 sta\u0142ego kalendarza mieszka\u0144c\u00f3w Getyngi i ich go\u015bci. Zakupy przyjazne dla klimatu s\u0105 oczywisto\u015bci\u0105 w wielu sklepach i s\u0105 promowane przez miasto poprzez G\u00f6ttingen Climate Card.<\/p>\n\n\n\n\n<div class=\"banner-wrapper\">\n  <div class=\"banner-inner \">\n      <div class=\"img-container\">\n      <div class=\"img-wrapper\">\n        <img decoding=\"async\" src=\"https:\/\/9staedte.de\/wp-content\/smush-webp\/2023\/02\/Fair-Trade-shopping-in-Goettingen-c-Goettingen-Tourismus-und-Marketing.jpg.webp\" alt=\"Na zdj\u0119ciu wida\u0107 stary dom z muru pruskiego i czerwon\u0105 fasad\u0105. Na parterze jest sklep Fair Trade. Przy wej\u015bciu wisi kolorowy kosz. W witrynie stoj\u0105 r\u00f3\u017cne produkty.\" \/>\n                  <div class=\"thumbnail-label\">\n            <span>Fair Trade shopping in G\u00f6ttingen c) G\u00f6ttingen Marketing GmbH<\/span>\n          <\/div>\n              <\/div>\n    <\/div>\n        <div class=\"text-container\">\n      <div class=\"content\">\n        <h2>Poznaj Getyng\u0119 w spos\u00f3b zr\u00f3wnowa\u017cony: 9 wskaz\u00f3wek<\/h2>\n<p>&#8211; Zacznij dzie\u0144 od wega\u0144skiego \u015bniadania w P-Caf\u00e9<\/p>\n<p>&#8211; Zakupy w Contigo &#8211; FairTrade i zr\u00f3wnowa\u017cony rozw\u00f3j &#8211; pomys\u0142 z Getyngi<\/p>\n<p>&#8211; Dobra kawa na wynos dzi\u0119ki systemowi Recup<\/p>\n<p>&#8211; Wypo\u017cycz e-rower w rowerowym mie\u015bcie Getyngi<\/p>\n<p>&#8211; Przetestuj szybk\u0105 tras\u0119 rowerow\u0105 z dworca kolejowego na p\u00f3\u0142nocne obrze\u017ca miasta<\/p>\n<p>&#8211; Zakupy przyjazne dla klimatu w wielu sklepach z kart\u0105 G\u00f6ttingen Climate Card<\/p>\n<p>&#8211; Pyszny obiad w wega\u0144skiej kuchni Chay<\/p>\n<p>&#8211; Cotygodniowy targ z po\u0142udniow\u0105 atmosfer\u0105 i regionalnymi produktami<\/p>\n<p>&#8211; Wizyta w naturalnym basenie w Grone<\/p>\n      <\/div>\n    <\/div>\n    <\/div>\n<\/div>\n\n\n\n\n<h2 class=\"wp-block-heading\">Getynga &#8211; wycieczka rowerowa po mie\u015bcie<\/h2>\n\n\n\n<p>Po okr\u0105\u017ceniu centrum miasta trasa prowadzi szlakiem rowerowym przez tereny zielone i dzielnice wilhelmi\u0144skie do wielu osobisto\u015bci Getyngi, z kr\u00f3tkim przystankiem przy ka\u017cdej z nich. Na oferowanej trasie nie ma prawie \u017cadnych podjazd\u00f3w, dlatego wycieczka jest odpowiednia dla wszystkich zainteresowanych.<\/p>\n\n\n\n<p>Czas trwania: 2 godziny, cena: 105,- \u20ac, maks. 10 uczestnik\u00f3w na grup\u0119<\/p>\n","protected":false},"excerpt":{"rendered":"<p>Do\u015bwiadczenia przyrodnicze i zr\u00f3wnowa\u017cony rozw\u00f3j w Getyndze Jako nowoczesny o\u015brodek naukowy, Getynga zawsze trzyma r\u0119k\u0119 na pulsie. Trzy uniwersytety, pi\u0119\u0107 instytut\u00f3w Maxa Plancka i wiele innych instytucji badawczych nieustannie pracuje nad tym, aby nasze \u017cycie by\u0142o bardziej komfortowe. I tutaj oczywi\u015bcie kwestia zr\u00f3wnowa\u017conego rozwoju odgrywa coraz bardziej decyduj\u0105c\u0105 rol\u0119. Jednak nawet poza tymi instytucjami region [&hellip;]<\/p>\n","protected":false},"author":1,"featured_media":17399,"parent":18011,"menu_order":0,"comment_status":"closed","ping_status":"closed","template":"pagetemplates\/template-stadtthema.php","meta":{"_acf_changed":false,"footnotes":""},"categories":[],"tags":[],"ncap_cities_tax":[436,955],"class_list":["post-17380","page","type-page","status-publish","has-post-thumbnail","hentry","ncap_cities_tax-goettingen-pl","ncap_cities_tax-naturerlebnisse-und-nachhaltigkeit-goettingen-pl"],"acf":[],"yoast_head":"<!-- This site is optimized with the Yoast SEO plugin v27.4 - https:\/\/yoast.com\/product\/yoast-seo-wordpress\/ -->\n<title>Getynga - odkrywaj w spos\u00f3b zr\u00f3wnowa\u017cony - 9 St\u00e4dte in Niedersachsen<\/title>\n<meta name=\"robots\" content=\"index, follow, max-snippet:-1, max-image-preview:large, max-video-preview:-1\" \/>\n<link rel=\"canonical\" href=\"https:\/\/9staedte.de\/pl\/getynga-miasto-ktore-tworzy-wiedze\/getynga-odkrywaj-w-sposob-zrownowazony\/\" \/>\n<meta property=\"og:locale\" content=\"pl_PL\" \/>\n<meta property=\"og:type\" content=\"article\" \/>\n<meta property=\"og:title\" content=\"Getynga - odkrywaj w spos\u00f3b zr\u00f3wnowa\u017cony - 9 St\u00e4dte in Niedersachsen\" \/>\n<meta property=\"og:description\" content=\"Do\u015bwiadczenia przyrodnicze i zr\u00f3wnowa\u017cony rozw\u00f3j w Getyndze Jako nowoczesny o\u015brodek naukowy, Getynga zawsze trzyma r\u0119k\u0119 na pulsie. Trzy uniwersytety, pi\u0119\u0107 instytut\u00f3w Maxa Plancka i wiele innych instytucji badawczych nieustannie pracuje nad tym, aby nasze \u017cycie by\u0142o bardziej komfortowe. I tutaj oczywi\u015bcie kwestia zr\u00f3wnowa\u017conego rozwoju odgrywa coraz bardziej decyduj\u0105c\u0105 rol\u0119. Jednak nawet poza tymi instytucjami region [&hellip;]\" \/>\n<meta property=\"og:url\" content=\"https:\/\/9staedte.de\/pl\/getynga-miasto-ktore-tworzy-wiedze\/getynga-odkrywaj-w-sposob-zrownowazony\/\" \/>\n<meta property=\"og:site_name\" content=\"9 St\u00e4dte in Niedersachsen\" \/>\n<meta property=\"article:modified_time\" content=\"2025-05-15T14:58:57+00:00\" \/>\n<meta property=\"og:image\" content=\"https:\/\/9staedte.de\/wp-content\/uploads\/2023\/02\/Goettingen_Alter_Bot._GartencChristoph_Mischke.jpg\" \/>\n\t<meta property=\"og:image:width\" content=\"1020\" \/>\n\t<meta property=\"og:image:height\" content=\"558\" \/>\n\t<meta property=\"og:image:type\" content=\"image\/jpeg\" \/>\n<meta name=\"twitter:card\" content=\"summary_large_image\" \/>\n<meta name=\"twitter:label1\" content=\"Szacowany czas czytania\" \/>\n\t<meta name=\"twitter:data1\" content=\"2 minuty\" \/>\n<script type=\"application\/ld+json\" class=\"yoast-schema-graph\">{\"@context\":\"https:\\\/\\\/schema.org\",\"@graph\":[{\"@type\":\"WebPage\",\"@id\":\"https:\\\/\\\/9staedte.de\\\/pl\\\/getynga-miasto-ktore-tworzy-wiedze\\\/getynga-odkrywaj-w-sposob-zrownowazony\\\/\",\"url\":\"https:\\\/\\\/9staedte.de\\\/pl\\\/getynga-miasto-ktore-tworzy-wiedze\\\/getynga-odkrywaj-w-sposob-zrownowazony\\\/\",\"name\":\"Getynga - odkrywaj w spos\u00f3b zr\u00f3wnowa\u017cony - 9 St\u00e4dte in Niedersachsen\",\"isPartOf\":{\"@id\":\"https:\\\/\\\/9staedte.de\\\/pl\\\/#website\"},\"primaryImageOfPage\":{\"@id\":\"https:\\\/\\\/9staedte.de\\\/pl\\\/getynga-miasto-ktore-tworzy-wiedze\\\/getynga-odkrywaj-w-sposob-zrownowazony\\\/#primaryimage\"},\"image\":{\"@id\":\"https:\\\/\\\/9staedte.de\\\/pl\\\/getynga-miasto-ktore-tworzy-wiedze\\\/getynga-odkrywaj-w-sposob-zrownowazony\\\/#primaryimage\"},\"thumbnailUrl\":\"https:\\\/\\\/9staedte.de\\\/wp-content\\\/uploads\\\/2023\\\/02\\\/Goettingen_Alter_Bot._GartencChristoph_Mischke.jpg\",\"datePublished\":\"2023-11-02T08:48:29+00:00\",\"dateModified\":\"2025-05-15T14:58:57+00:00\",\"breadcrumb\":{\"@id\":\"https:\\\/\\\/9staedte.de\\\/pl\\\/getynga-miasto-ktore-tworzy-wiedze\\\/getynga-odkrywaj-w-sposob-zrownowazony\\\/#breadcrumb\"},\"inLanguage\":\"pl-PL\",\"potentialAction\":[{\"@type\":\"ReadAction\",\"target\":[\"https:\\\/\\\/9staedte.de\\\/pl\\\/getynga-miasto-ktore-tworzy-wiedze\\\/getynga-odkrywaj-w-sposob-zrownowazony\\\/\"]}]},{\"@type\":\"ImageObject\",\"inLanguage\":\"pl-PL\",\"@id\":\"https:\\\/\\\/9staedte.de\\\/pl\\\/getynga-miasto-ktore-tworzy-wiedze\\\/getynga-odkrywaj-w-sposob-zrownowazony\\\/#primaryimage\",\"url\":\"https:\\\/\\\/9staedte.de\\\/wp-content\\\/uploads\\\/2023\\\/02\\\/Goettingen_Alter_Bot._GartencChristoph_Mischke.jpg\",\"contentUrl\":\"https:\\\/\\\/9staedte.de\\\/wp-content\\\/uploads\\\/2023\\\/02\\\/Goettingen_Alter_Bot._GartencChristoph_Mischke.jpg\",\"width\":1020,\"height\":558,\"caption\":\"G\u00f6ttingen_Alter_Bot._Garten(c)Christoph_Mischke\"},{\"@type\":\"BreadcrumbList\",\"@id\":\"https:\\\/\\\/9staedte.de\\\/pl\\\/getynga-miasto-ktore-tworzy-wiedze\\\/getynga-odkrywaj-w-sposob-zrownowazony\\\/#breadcrumb\",\"itemListElement\":[{\"@type\":\"ListItem\",\"position\":1,\"name\":\"Startseite\",\"item\":\"https:\\\/\\\/9staedte.de\\\/pl\\\/\"},{\"@type\":\"ListItem\",\"position\":2,\"name\":\"Getynga &#8211; miasto, kt\u00f3re tworzy wiedz\u0119\",\"item\":\"https:\\\/\\\/9staedte.de\\\/pl\\\/getynga-miasto-ktore-tworzy-wiedze\\\/\"},{\"@type\":\"ListItem\",\"position\":3,\"name\":\"Getynga &#8211; odkrywaj w spos\u00f3b zr\u00f3wnowa\u017cony\"}]},{\"@type\":\"WebSite\",\"@id\":\"https:\\\/\\\/9staedte.de\\\/pl\\\/#website\",\"url\":\"https:\\\/\\\/9staedte.de\\\/pl\\\/\",\"name\":\"9 St\u00e4dte in Niedersachsen\",\"description\":\"\",\"publisher\":{\"@id\":\"https:\\\/\\\/9staedte.de\\\/pl\\\/#organization\"},\"potentialAction\":[{\"@type\":\"SearchAction\",\"target\":{\"@type\":\"EntryPoint\",\"urlTemplate\":\"https:\\\/\\\/9staedte.de\\\/pl\\\/?s={search_term_string}\"},\"query-input\":{\"@type\":\"PropertyValueSpecification\",\"valueRequired\":true,\"valueName\":\"search_term_string\"}}],\"inLanguage\":\"pl-PL\"},{\"@type\":\"Organization\",\"@id\":\"https:\\\/\\\/9staedte.de\\\/pl\\\/#organization\",\"name\":\"9 St\u00e4dte in Niedersachsen\",\"url\":\"https:\\\/\\\/9staedte.de\\\/pl\\\/\",\"logo\":{\"@type\":\"ImageObject\",\"inLanguage\":\"pl-PL\",\"@id\":\"https:\\\/\\\/9staedte.de\\\/pl\\\/#\\\/schema\\\/logo\\\/image\\\/\",\"url\":\"https:\\\/\\\/9staedte.de\\\/wp-content\\\/uploads\\\/2025\\\/01\\\/9-neg-deutsch-2-1.png\",\"contentUrl\":\"https:\\\/\\\/9staedte.de\\\/wp-content\\\/uploads\\\/2025\\\/01\\\/9-neg-deutsch-2-1.png\",\"width\":190,\"height\":114,\"caption\":\"9 St\u00e4dte in Niedersachsen\"},\"image\":{\"@id\":\"https:\\\/\\\/9staedte.de\\\/pl\\\/#\\\/schema\\\/logo\\\/image\\\/\"}}]}<\/script>\n<!-- \/ Yoast SEO plugin. -->","yoast_head_json":{"title":"Getynga - odkrywaj w spos\u00f3b zr\u00f3wnowa\u017cony - 9 St\u00e4dte in Niedersachsen","robots":{"index":"index","follow":"follow","max-snippet":"max-snippet:-1","max-image-preview":"max-image-preview:large","max-video-preview":"max-video-preview:-1"},"canonical":"https:\/\/9staedte.de\/pl\/getynga-miasto-ktore-tworzy-wiedze\/getynga-odkrywaj-w-sposob-zrownowazony\/","og_locale":"pl_PL","og_type":"article","og_title":"Getynga - odkrywaj w spos\u00f3b zr\u00f3wnowa\u017cony - 9 St\u00e4dte in Niedersachsen","og_description":"Do\u015bwiadczenia przyrodnicze i zr\u00f3wnowa\u017cony rozw\u00f3j w Getyndze Jako nowoczesny o\u015brodek naukowy, Getynga zawsze trzyma r\u0119k\u0119 na pulsie. Trzy uniwersytety, pi\u0119\u0107 instytut\u00f3w Maxa Plancka i wiele innych instytucji badawczych nieustannie pracuje nad tym, aby nasze \u017cycie by\u0142o bardziej komfortowe. I tutaj oczywi\u015bcie kwestia zr\u00f3wnowa\u017conego rozwoju odgrywa coraz bardziej decyduj\u0105c\u0105 rol\u0119. Jednak nawet poza tymi instytucjami region [&hellip;]","og_url":"https:\/\/9staedte.de\/pl\/getynga-miasto-ktore-tworzy-wiedze\/getynga-odkrywaj-w-sposob-zrownowazony\/","og_site_name":"9 St\u00e4dte in Niedersachsen","article_modified_time":"2025-05-15T14:58:57+00:00","og_image":[{"width":1020,"height":558,"url":"https:\/\/9staedte.de\/wp-content\/uploads\/2023\/02\/Goettingen_Alter_Bot._GartencChristoph_Mischke.jpg","type":"image\/jpeg"}],"twitter_card":"summary_large_image","twitter_misc":{"Szacowany czas czytania":"2 minuty"},"schema":{"@context":"https:\/\/schema.org","@graph":[{"@type":"WebPage","@id":"https:\/\/9staedte.de\/pl\/getynga-miasto-ktore-tworzy-wiedze\/getynga-odkrywaj-w-sposob-zrownowazony\/","url":"https:\/\/9staedte.de\/pl\/getynga-miasto-ktore-tworzy-wiedze\/getynga-odkrywaj-w-sposob-zrownowazony\/","name":"Getynga - odkrywaj w spos\u00f3b zr\u00f3wnowa\u017cony - 9 St\u00e4dte in Niedersachsen","isPartOf":{"@id":"https:\/\/9staedte.de\/pl\/#website"},"primaryImageOfPage":{"@id":"https:\/\/9staedte.de\/pl\/getynga-miasto-ktore-tworzy-wiedze\/getynga-odkrywaj-w-sposob-zrownowazony\/#primaryimage"},"image":{"@id":"https:\/\/9staedte.de\/pl\/getynga-miasto-ktore-tworzy-wiedze\/getynga-odkrywaj-w-sposob-zrownowazony\/#primaryimage"},"thumbnailUrl":"https:\/\/9staedte.de\/wp-content\/uploads\/2023\/02\/Goettingen_Alter_Bot._GartencChristoph_Mischke.jpg","datePublished":"2023-11-02T08:48:29+00:00","dateModified":"2025-05-15T14:58:57+00:00","breadcrumb":{"@id":"https:\/\/9staedte.de\/pl\/getynga-miasto-ktore-tworzy-wiedze\/getynga-odkrywaj-w-sposob-zrownowazony\/#breadcrumb"},"inLanguage":"pl-PL","potentialAction":[{"@type":"ReadAction","target":["https:\/\/9staedte.de\/pl\/getynga-miasto-ktore-tworzy-wiedze\/getynga-odkrywaj-w-sposob-zrownowazony\/"]}]},{"@type":"ImageObject","inLanguage":"pl-PL","@id":"https:\/\/9staedte.de\/pl\/getynga-miasto-ktore-tworzy-wiedze\/getynga-odkrywaj-w-sposob-zrownowazony\/#primaryimage","url":"https:\/\/9staedte.de\/wp-content\/uploads\/2023\/02\/Goettingen_Alter_Bot._GartencChristoph_Mischke.jpg","contentUrl":"https:\/\/9staedte.de\/wp-content\/uploads\/2023\/02\/Goettingen_Alter_Bot._GartencChristoph_Mischke.jpg","width":1020,"height":558,"caption":"G\u00f6ttingen_Alter_Bot._Garten(c)Christoph_Mischke"},{"@type":"BreadcrumbList","@id":"https:\/\/9staedte.de\/pl\/getynga-miasto-ktore-tworzy-wiedze\/getynga-odkrywaj-w-sposob-zrownowazony\/#breadcrumb","itemListElement":[{"@type":"ListItem","position":1,"name":"Startseite","item":"https:\/\/9staedte.de\/pl\/"},{"@type":"ListItem","position":2,"name":"Getynga &#8211; miasto, kt\u00f3re tworzy wiedz\u0119","item":"https:\/\/9staedte.de\/pl\/getynga-miasto-ktore-tworzy-wiedze\/"},{"@type":"ListItem","position":3,"name":"Getynga &#8211; odkrywaj w spos\u00f3b zr\u00f3wnowa\u017cony"}]},{"@type":"WebSite","@id":"https:\/\/9staedte.de\/pl\/#website","url":"https:\/\/9staedte.de\/pl\/","name":"9 St\u00e4dte in Niedersachsen","description":"","publisher":{"@id":"https:\/\/9staedte.de\/pl\/#organization"},"potentialAction":[{"@type":"SearchAction","target":{"@type":"EntryPoint","urlTemplate":"https:\/\/9staedte.de\/pl\/?s={search_term_string}"},"query-input":{"@type":"PropertyValueSpecification","valueRequired":true,"valueName":"search_term_string"}}],"inLanguage":"pl-PL"},{"@type":"Organization","@id":"https:\/\/9staedte.de\/pl\/#organization","name":"9 St\u00e4dte in Niedersachsen","url":"https:\/\/9staedte.de\/pl\/","logo":{"@type":"ImageObject","inLanguage":"pl-PL","@id":"https:\/\/9staedte.de\/pl\/#\/schema\/logo\/image\/","url":"https:\/\/9staedte.de\/wp-content\/uploads\/2025\/01\/9-neg-deutsch-2-1.png","contentUrl":"https:\/\/9staedte.de\/wp-content\/uploads\/2025\/01\/9-neg-deutsch-2-1.png","width":190,"height":114,"caption":"9 St\u00e4dte in Niedersachsen"},"image":{"@id":"https:\/\/9staedte.de\/pl\/#\/schema\/logo\/image\/"}}]}},"_links":{"self":[{"href":"https:\/\/9staedte.de\/pl\/wp-json\/wp\/v2\/pages\/17380","targetHints":{"allow":["GET"]}}],"collection":[{"href":"https:\/\/9staedte.de\/pl\/wp-json\/wp\/v2\/pages"}],"about":[{"href":"https:\/\/9staedte.de\/pl\/wp-json\/wp\/v2\/types\/page"}],"author":[{"embeddable":true,"href":"https:\/\/9staedte.de\/pl\/wp-json\/wp\/v2\/users\/1"}],"replies":[{"embeddable":true,"href":"https:\/\/9staedte.de\/pl\/wp-json\/wp\/v2\/comments?post=17380"}],"version-history":[{"count":5,"href":"https:\/\/9staedte.de\/pl\/wp-json\/wp\/v2\/pages\/17380\/revisions"}],"predecessor-version":[{"id":25875,"href":"https:\/\/9staedte.de\/pl\/wp-json\/wp\/v2\/pages\/17380\/revisions\/25875"}],"up":[{"embeddable":true,"href":"https:\/\/9staedte.de\/pl\/wp-json\/wp\/v2\/pages\/18011"}],"wp:featuredmedia":[{"embeddable":true,"href":"https:\/\/9staedte.de\/pl\/wp-json\/wp\/v2\/media\/17399"}],"wp:attachment":[{"href":"https:\/\/9staedte.de\/pl\/wp-json\/wp\/v2\/media?parent=17380"}],"wp:term":[{"taxonomy":"category","embeddable":true,"href":"https:\/\/9staedte.de\/pl\/wp-json\/wp\/v2\/categories?post=17380"},{"taxonomy":"post_tag","embeddable":true,"href":"https:\/\/9staedte.de\/pl\/wp-json\/wp\/v2\/tags?post=17380"},{"taxonomy":"ncap_cities_tax","embeddable":true,"href":"https:\/\/9staedte.de\/pl\/wp-json\/wp\/v2\/ncap_cities_tax?post=17380"}],"curies":[{"name":"wp","href":"https:\/\/api.w.org\/{rel}","templated":true}]}}