{"id":17379,"date":"2023-11-02T09:48:29","date_gmt":"2023-11-02T08:48:29","guid":{"rendered":"https:\/\/9staedte.de\/wycieczki-po-miescie-getynga\/"},"modified":"2025-07-22T11:52:33","modified_gmt":"2025-07-22T09:52:33","slug":"wycieczki-po-miescie-getynga","status":"publish","type":"page","link":"https:\/\/9staedte.de\/pl\/getynga-miasto-ktore-tworzy-wiedze\/wycieczki-po-miescie-getynga\/","title":{"rendered":"Wycieczki po mie\u015bcie Getynga"},"content":{"rendered":"\r\n\r\n    <div class=\"filter-posts\">\r\n            <div  id=\"filterContent\">\r\n                                                        \n<div class=\"contentKachel filtr-item\" data-category=\"goettingen-pl\">\n    <a href=\"https:\/\/9staedte.de\/pl\/sladami-braci-grimm-w-getyndze\/\">\n        <div class=\"contentKachel-inner\">\n                            <div class=\"contentKachel-thumbnail\">\n                    <img loading=\"lazy\" decoding=\"async\" width=\"300\" height=\"169\" src=\"https:\/\/9staedte.de\/wp-content\/smush-webp\/2022\/03\/Goettingen-Impressionen-Altes_Rathaus_Abendstimmung-300x169.jpg.webp\" class=\"objectfitcover withfilters wp-post-image\" alt=\"Zdj\u0119cie przedstawia rynek w Getyndze o zmierzchu. Po lewej stronie znajduje si\u0119 stary ratusz. Na \u015brodku jest fontanna z pos\u0105giem. Domy z muru pruskiego s\u0105 pi\u0119knie o\u015bwietlone. Niebo ma kolor niebiesko-fioletowy. Jest spokojnie i cicho.\" srcset=\"https:\/\/9staedte.de\/wp-content\/smush-webp\/2022\/03\/Goettingen-Impressionen-Altes_Rathaus_Abendstimmung-300x169.jpg.webp 300w, https:\/\/9staedte.de\/wp-content\/smush-webp\/2022\/03\/Goettingen-Impressionen-Altes_Rathaus_Abendstimmung-1024x575.jpg.webp 1024w, https:\/\/9staedte.de\/wp-content\/smush-webp\/2022\/03\/Goettingen-Impressionen-Altes_Rathaus_Abendstimmung-768x431.jpg.webp 768w, https:\/\/9staedte.de\/wp-content\/smush-webp\/2022\/03\/Goettingen-Impressionen-Altes_Rathaus_Abendstimmung.jpg.webp 1200w\" sizes=\"auto, (max-width: 300px) 100vw, 300px\" \/>                    <img loading=\"lazy\" decoding=\"async\" width=\"300\" height=\"169\" src=\"https:\/\/9staedte.de\/wp-content\/smush-webp\/2022\/03\/Goettingen-Impressionen-Altes_Rathaus_Abendstimmung-300x169.jpg.webp\" class=\"objectfitcontain wp-post-image\" alt=\"Zdj\u0119cie przedstawia rynek w Getyndze o zmierzchu. Po lewej stronie znajduje si\u0119 stary ratusz. Na \u015brodku jest fontanna z pos\u0105giem. Domy z muru pruskiego s\u0105 pi\u0119knie o\u015bwietlone. Niebo ma kolor niebiesko-fioletowy. Jest spokojnie i cicho.\" srcset=\"https:\/\/9staedte.de\/wp-content\/smush-webp\/2022\/03\/Goettingen-Impressionen-Altes_Rathaus_Abendstimmung-300x169.jpg.webp 300w, https:\/\/9staedte.de\/wp-content\/smush-webp\/2022\/03\/Goettingen-Impressionen-Altes_Rathaus_Abendstimmung-1024x575.jpg.webp 1024w, https:\/\/9staedte.de\/wp-content\/smush-webp\/2022\/03\/Goettingen-Impressionen-Altes_Rathaus_Abendstimmung-768x431.jpg.webp 768w, https:\/\/9staedte.de\/wp-content\/smush-webp\/2022\/03\/Goettingen-Impressionen-Altes_Rathaus_Abendstimmung.jpg.webp 1200w\" sizes=\"auto, (max-width: 300px) 100vw, 300px\" \/>                        <div class=\"thumbnail-label\">\n    <span>Goettingen-Impressionen-Altes_Rathaus_Abendstimmung<\/span>\n    <\/div>\n                <\/div>\n                        <div class=\"contentKachel-content\">\n                                    <div class=\"city-tag bg-goettingen\">\n                        G\u00f6ttingen                    <\/div>\n                \n                <div class=\"title\">\n\n                    \u015aladami braci Grimm w Getyndze                    \n                <\/div>\n\n                            <\/div>\n\n        <\/div>\n    <\/a>\n<\/div>                                                        \n<div class=\"contentKachel filtr-item\" data-category=\"goettingen-pl\">\n    <a href=\"https:\/\/9staedte.de\/pl\/wokol-ganseliesel\/\">\n        <div class=\"contentKachel-inner\">\n                            <div class=\"contentKachel-thumbnail\">\n                    <img loading=\"lazy\" decoding=\"async\" width=\"300\" height=\"164\" src=\"https:\/\/9staedte.de\/wp-content\/smush-webp\/2022\/06\/Goettingen-Doktor-Kuss-300x164.jpg.webp\" class=\"objectfitcover withfilters wp-post-image\" alt=\"M\u0142ody m\u0119\u017cczyzna ma na sobie czarn\u0105 czapk\u0119 doktorsk\u0105. Ca\u0142uje pomnik z br\u0105zu. Pomnik trzyma kolorowy bukiet kwiat\u00f3w. M\u0119\u017cczyzna wygl\u0105da na szcz\u0119\u015bliwego.\" srcset=\"https:\/\/9staedte.de\/wp-content\/smush-webp\/2022\/06\/Goettingen-Doktor-Kuss-300x164.jpg.webp 300w, https:\/\/9staedte.de\/wp-content\/smush-webp\/2022\/06\/Goettingen-Doktor-Kuss-768x420.jpg.webp 768w, https:\/\/9staedte.de\/wp-content\/smush-webp\/2022\/06\/Goettingen-Doktor-Kuss.jpg.webp 1020w\" sizes=\"auto, (max-width: 300px) 100vw, 300px\" \/>                    <img loading=\"lazy\" decoding=\"async\" width=\"300\" height=\"164\" src=\"https:\/\/9staedte.de\/wp-content\/smush-webp\/2022\/06\/Goettingen-Doktor-Kuss-300x164.jpg.webp\" class=\"objectfitcontain wp-post-image\" alt=\"M\u0142ody m\u0119\u017cczyzna ma na sobie czarn\u0105 czapk\u0119 doktorsk\u0105. Ca\u0142uje pomnik z br\u0105zu. Pomnik trzyma kolorowy bukiet kwiat\u00f3w. M\u0119\u017cczyzna wygl\u0105da na szcz\u0119\u015bliwego.\" srcset=\"https:\/\/9staedte.de\/wp-content\/smush-webp\/2022\/06\/Goettingen-Doktor-Kuss-300x164.jpg.webp 300w, https:\/\/9staedte.de\/wp-content\/smush-webp\/2022\/06\/Goettingen-Doktor-Kuss-768x420.jpg.webp 768w, https:\/\/9staedte.de\/wp-content\/smush-webp\/2022\/06\/Goettingen-Doktor-Kuss.jpg.webp 1020w\" sizes=\"auto, (max-width: 300px) 100vw, 300px\" \/>                        <div class=\"thumbnail-label\">\n    <span>G\u00f6ttingen Doktor Kuss c) G\u00f6ttingen Marketing GmbH<\/span>\n    <\/div>\n                <\/div>\n                        <div class=\"contentKachel-content\">\n                                    <div class=\"city-tag bg-goettingen\">\n                        G\u00f6ttingen                    <\/div>\n                \n                <div class=\"title\">\n\n                    Wok\u00f3\u0142 G\u00e4nseliesel                    \n                <\/div>\n\n                            <\/div>\n\n        <\/div>\n    <\/a>\n<\/div>                                                        \n<div class=\"contentKachel filtr-item\" data-category=\"goettingen-pl\">\n    <a href=\"https:\/\/9staedte.de\/pl\/domy-z-muru-pruskiego-w-getyndze\/\">\n        <div class=\"contentKachel-inner\">\n                            <div class=\"contentKachel-thumbnail\">\n                    <img loading=\"lazy\" decoding=\"async\" width=\"300\" height=\"165\" src=\"https:\/\/9staedte.de\/wp-content\/smush-webp\/2022\/06\/Goettingen-Fachwerk-c-Goettingen-Tourismus-und-Marketing-GmbH-Christoph-Mischke-300x165.jpg.webp\" class=\"objectfitcover withfilters wp-post-image\" alt=\"Na zdj\u0119ciu wida\u0107 pi\u0119kne domy szachulcowe w Getyndze. Domy s\u0105 stare i maj\u0105 kolorowe drewniane belki. Niekt\u00f3re okna s\u0105 otwarte. W tle wida\u0107 wie\u017c\u0119 ko\u015bcieln\u0105 z zegarem. Niebo jest niebieskie. To spokojny i s\u0142oneczny dzie\u0144 w starym mie\u015bcie.\" srcset=\"https:\/\/9staedte.de\/wp-content\/smush-webp\/2022\/06\/Goettingen-Fachwerk-c-Goettingen-Tourismus-und-Marketing-GmbH-Christoph-Mischke-300x165.jpg.webp 300w, https:\/\/9staedte.de\/wp-content\/smush-webp\/2022\/06\/Goettingen-Fachwerk-c-Goettingen-Tourismus-und-Marketing-GmbH-Christoph-Mischke-768x422.jpg.webp 768w, https:\/\/9staedte.de\/wp-content\/smush-webp\/2022\/06\/Goettingen-Fachwerk-c-Goettingen-Tourismus-und-Marketing-GmbH-Christoph-Mischke.jpg.webp 1020w\" sizes=\"auto, (max-width: 300px) 100vw, 300px\" \/>                    <img loading=\"lazy\" decoding=\"async\" width=\"300\" height=\"165\" src=\"https:\/\/9staedte.de\/wp-content\/smush-webp\/2022\/06\/Goettingen-Fachwerk-c-Goettingen-Tourismus-und-Marketing-GmbH-Christoph-Mischke-300x165.jpg.webp\" class=\"objectfitcontain wp-post-image\" alt=\"Na zdj\u0119ciu wida\u0107 pi\u0119kne domy szachulcowe w Getyndze. Domy s\u0105 stare i maj\u0105 kolorowe drewniane belki. Niekt\u00f3re okna s\u0105 otwarte. W tle wida\u0107 wie\u017c\u0119 ko\u015bcieln\u0105 z zegarem. Niebo jest niebieskie. To spokojny i s\u0142oneczny dzie\u0144 w starym mie\u015bcie.\" srcset=\"https:\/\/9staedte.de\/wp-content\/smush-webp\/2022\/06\/Goettingen-Fachwerk-c-Goettingen-Tourismus-und-Marketing-GmbH-Christoph-Mischke-300x165.jpg.webp 300w, https:\/\/9staedte.de\/wp-content\/smush-webp\/2022\/06\/Goettingen-Fachwerk-c-Goettingen-Tourismus-und-Marketing-GmbH-Christoph-Mischke-768x422.jpg.webp 768w, https:\/\/9staedte.de\/wp-content\/smush-webp\/2022\/06\/Goettingen-Fachwerk-c-Goettingen-Tourismus-und-Marketing-GmbH-Christoph-Mischke.jpg.webp 1020w\" sizes=\"auto, (max-width: 300px) 100vw, 300px\" \/>                        <div class=\"thumbnail-label\">\n    <span>G\u00f6ttingen Fachwerk c) G\u00f6ttingen Tourismus und Marketing GmbH Christoph Mischke<\/span>\n    <\/div>\n                <\/div>\n                        <div class=\"contentKachel-content\">\n                                    <div class=\"city-tag bg-goettingen\">\n                        G\u00f6ttingen                    <\/div>\n                \n                <div class=\"title\">\n\n                    Domy z muru pruskiego w Getyndze                    \n                <\/div>\n\n                            <\/div>\n\n        <\/div>\n    <\/a>\n<\/div>                                                        \n<div class=\"contentKachel filtr-item\" data-category=\"goettingen-pl\">\n    <a href=\"https:\/\/9staedte.de\/pl\/stadtfuehrungen-zum-graffiti-walk\/\">\n        <div class=\"contentKachel-inner\">\n                            <div class=\"contentKachel-thumbnail\">\n                    <img loading=\"lazy\" decoding=\"async\" width=\"300\" height=\"165\" src=\"https:\/\/9staedte.de\/wp-content\/smush-webp\/2025\/07\/Graffiti-Walk-2025-Foto-622-c-Goettingen-Marketing-GmbH-300x165.jpg.webp\" class=\"objectfitcover withfilters wp-post-image\" alt=\"Na zdj\u0119ciu wida\u0107 graffiti na du\u017cym kontenerze. Starsza kobieta w okularach wskazuje palcem. Obok niej napisano: \u201eKein Plastik in die Biotonne.\u201d Poni\u017cej jest czerwone k\u00f3\u0142ko z #ARFUIBIO. W tle wida\u0107 ciemne budynki. Przekaz jest jasny: Plastik nie nale\u017cy do odpad\u00f3w bio.\" srcset=\"https:\/\/9staedte.de\/wp-content\/smush-webp\/2025\/07\/Graffiti-Walk-2025-Foto-622-c-Goettingen-Marketing-GmbH-300x165.jpg.webp 300w, https:\/\/9staedte.de\/wp-content\/smush-webp\/2025\/07\/Graffiti-Walk-2025-Foto-622-c-Goettingen-Marketing-GmbH-768x422.jpg.webp 768w, https:\/\/9staedte.de\/wp-content\/smush-webp\/2025\/07\/Graffiti-Walk-2025-Foto-622-c-Goettingen-Marketing-GmbH.jpg.webp 1020w\" sizes=\"auto, (max-width: 300px) 100vw, 300px\" \/>                    <img loading=\"lazy\" decoding=\"async\" width=\"300\" height=\"165\" src=\"https:\/\/9staedte.de\/wp-content\/smush-webp\/2025\/07\/Graffiti-Walk-2025-Foto-622-c-Goettingen-Marketing-GmbH-300x165.jpg.webp\" class=\"objectfitcontain wp-post-image\" alt=\"Na zdj\u0119ciu wida\u0107 graffiti na du\u017cym kontenerze. Starsza kobieta w okularach wskazuje palcem. Obok niej napisano: \u201eKein Plastik in die Biotonne.\u201d Poni\u017cej jest czerwone k\u00f3\u0142ko z #ARFUIBIO. W tle wida\u0107 ciemne budynki. Przekaz jest jasny: Plastik nie nale\u017cy do odpad\u00f3w bio.\" srcset=\"https:\/\/9staedte.de\/wp-content\/smush-webp\/2025\/07\/Graffiti-Walk-2025-Foto-622-c-Goettingen-Marketing-GmbH-300x165.jpg.webp 300w, https:\/\/9staedte.de\/wp-content\/smush-webp\/2025\/07\/Graffiti-Walk-2025-Foto-622-c-Goettingen-Marketing-GmbH-768x422.jpg.webp 768w, https:\/\/9staedte.de\/wp-content\/smush-webp\/2025\/07\/Graffiti-Walk-2025-Foto-622-c-Goettingen-Marketing-GmbH.jpg.webp 1020w\" sizes=\"auto, (max-width: 300px) 100vw, 300px\" \/>                        <div class=\"thumbnail-label\">\n    <span>G\u00f6ttingen Graffiti-Walk 2025 &#8211; Foto 622 &#8211; (c) G\u00f6ttingen Marketing GmbH<\/span>\n    <\/div>\n                <\/div>\n                        <div class=\"contentKachel-content\">\n                                    <div class=\"city-tag bg-goettingen\">\n                        G\u00f6ttingen                    <\/div>\n                \n                <div class=\"title\">\n\n                    Wycieczki po mie\u015bcie w ramach Graffiti Walk                    \n                <\/div>\n\n                            <\/div>\n\n        <\/div>\n    <\/a>\n<\/div>                                            <\/div>\r\n    <\/div>\r\n","protected":false},"excerpt":{"rendered":"","protected":false},"author":1,"featured_media":17393,"parent":18011,"menu_order":0,"comment_status":"closed","ping_status":"closed","template":"pagetemplates\/template-stadtthema.php","meta":{"_acf_changed":false,"footnotes":""},"categories":[],"tags":[],"ncap_cities_tax":[436,1214],"class_list":["post-17379","page","type-page","status-publish","has-post-thumbnail","hentry","ncap_cities_tax-goettingen-pl","ncap_cities_tax-stadtfuhrungen-goettingen-pl"],"acf":[],"yoast_head":"<!-- This site is optimized with the Yoast SEO plugin v27.4 - https:\/\/yoast.com\/product\/yoast-seo-wordpress\/ -->\n<title>Wycieczki po mie\u015bcie Getynga - 9 St\u00e4dte in Niedersachsen<\/title>\n<meta name=\"robots\" content=\"index, follow, max-snippet:-1, max-image-preview:large, max-video-preview:-1\" \/>\n<link rel=\"canonical\" href=\"https:\/\/9staedte.de\/pl\/getynga-miasto-ktore-tworzy-wiedze\/wycieczki-po-miescie-getynga\/\" \/>\n<meta property=\"og:locale\" content=\"pl_PL\" \/>\n<meta property=\"og:type\" content=\"article\" \/>\n<meta property=\"og:title\" content=\"Wycieczki po mie\u015bcie Getynga - 9 St\u00e4dte in Niedersachsen\" \/>\n<meta property=\"og:url\" content=\"https:\/\/9staedte.de\/pl\/getynga-miasto-ktore-tworzy-wiedze\/wycieczki-po-miescie-getynga\/\" \/>\n<meta property=\"og:site_name\" content=\"9 St\u00e4dte in Niedersachsen\" \/>\n<meta property=\"article:modified_time\" content=\"2025-07-22T09:52:33+00:00\" \/>\n<meta property=\"og:image\" content=\"https:\/\/9staedte.de\/wp-content\/uploads\/2023\/02\/Goettingen-Paulinerstrasse-c-Lars-Gerhardts.jpg\" \/>\n\t<meta property=\"og:image:width\" content=\"1020\" \/>\n\t<meta property=\"og:image:height\" content=\"560\" \/>\n\t<meta property=\"og:image:type\" content=\"image\/jpeg\" \/>\n<meta name=\"twitter:card\" content=\"summary_large_image\" \/>\n<meta name=\"twitter:label1\" content=\"Szacowany czas czytania\" \/>\n\t<meta name=\"twitter:data1\" content=\"1 minuta\" \/>\n<script type=\"application\/ld+json\" class=\"yoast-schema-graph\">{\"@context\":\"https:\\\/\\\/schema.org\",\"@graph\":[{\"@type\":\"WebPage\",\"@id\":\"https:\\\/\\\/9staedte.de\\\/pl\\\/getynga-miasto-ktore-tworzy-wiedze\\\/wycieczki-po-miescie-getynga\\\/\",\"url\":\"https:\\\/\\\/9staedte.de\\\/pl\\\/getynga-miasto-ktore-tworzy-wiedze\\\/wycieczki-po-miescie-getynga\\\/\",\"name\":\"Wycieczki po mie\u015bcie Getynga - 9 St\u00e4dte in Niedersachsen\",\"isPartOf\":{\"@id\":\"https:\\\/\\\/9staedte.de\\\/pl\\\/#website\"},\"primaryImageOfPage\":{\"@id\":\"https:\\\/\\\/9staedte.de\\\/pl\\\/getynga-miasto-ktore-tworzy-wiedze\\\/wycieczki-po-miescie-getynga\\\/#primaryimage\"},\"image\":{\"@id\":\"https:\\\/\\\/9staedte.de\\\/pl\\\/getynga-miasto-ktore-tworzy-wiedze\\\/wycieczki-po-miescie-getynga\\\/#primaryimage\"},\"thumbnailUrl\":\"https:\\\/\\\/9staedte.de\\\/wp-content\\\/uploads\\\/2023\\\/02\\\/Goettingen-Paulinerstrasse-c-Lars-Gerhardts.jpg\",\"datePublished\":\"2023-11-02T08:48:29+00:00\",\"dateModified\":\"2025-07-22T09:52:33+00:00\",\"breadcrumb\":{\"@id\":\"https:\\\/\\\/9staedte.de\\\/pl\\\/getynga-miasto-ktore-tworzy-wiedze\\\/wycieczki-po-miescie-getynga\\\/#breadcrumb\"},\"inLanguage\":\"pl-PL\",\"potentialAction\":[{\"@type\":\"ReadAction\",\"target\":[\"https:\\\/\\\/9staedte.de\\\/pl\\\/getynga-miasto-ktore-tworzy-wiedze\\\/wycieczki-po-miescie-getynga\\\/\"]}]},{\"@type\":\"ImageObject\",\"inLanguage\":\"pl-PL\",\"@id\":\"https:\\\/\\\/9staedte.de\\\/pl\\\/getynga-miasto-ktore-tworzy-wiedze\\\/wycieczki-po-miescie-getynga\\\/#primaryimage\",\"url\":\"https:\\\/\\\/9staedte.de\\\/wp-content\\\/uploads\\\/2023\\\/02\\\/Goettingen-Paulinerstrasse-c-Lars-Gerhardts.jpg\",\"contentUrl\":\"https:\\\/\\\/9staedte.de\\\/wp-content\\\/uploads\\\/2023\\\/02\\\/Goettingen-Paulinerstrasse-c-Lars-Gerhardts.jpg\",\"width\":1020,\"height\":560,\"caption\":\"G\u00f6ttingen Paulinerstra\u00dfe c) Lars Gerhardts\"},{\"@type\":\"BreadcrumbList\",\"@id\":\"https:\\\/\\\/9staedte.de\\\/pl\\\/getynga-miasto-ktore-tworzy-wiedze\\\/wycieczki-po-miescie-getynga\\\/#breadcrumb\",\"itemListElement\":[{\"@type\":\"ListItem\",\"position\":1,\"name\":\"Startseite\",\"item\":\"https:\\\/\\\/9staedte.de\\\/pl\\\/\"},{\"@type\":\"ListItem\",\"position\":2,\"name\":\"Getynga &#8211; miasto, kt\u00f3re tworzy wiedz\u0119\",\"item\":\"https:\\\/\\\/9staedte.de\\\/pl\\\/getynga-miasto-ktore-tworzy-wiedze\\\/\"},{\"@type\":\"ListItem\",\"position\":3,\"name\":\"Wycieczki po mie\u015bcie Getynga\"}]},{\"@type\":\"WebSite\",\"@id\":\"https:\\\/\\\/9staedte.de\\\/pl\\\/#website\",\"url\":\"https:\\\/\\\/9staedte.de\\\/pl\\\/\",\"name\":\"9 St\u00e4dte in Niedersachsen\",\"description\":\"\",\"publisher\":{\"@id\":\"https:\\\/\\\/9staedte.de\\\/pl\\\/#organization\"},\"potentialAction\":[{\"@type\":\"SearchAction\",\"target\":{\"@type\":\"EntryPoint\",\"urlTemplate\":\"https:\\\/\\\/9staedte.de\\\/pl\\\/?s={search_term_string}\"},\"query-input\":{\"@type\":\"PropertyValueSpecification\",\"valueRequired\":true,\"valueName\":\"search_term_string\"}}],\"inLanguage\":\"pl-PL\"},{\"@type\":\"Organization\",\"@id\":\"https:\\\/\\\/9staedte.de\\\/pl\\\/#organization\",\"name\":\"9 St\u00e4dte in Niedersachsen\",\"url\":\"https:\\\/\\\/9staedte.de\\\/pl\\\/\",\"logo\":{\"@type\":\"ImageObject\",\"inLanguage\":\"pl-PL\",\"@id\":\"https:\\\/\\\/9staedte.de\\\/pl\\\/#\\\/schema\\\/logo\\\/image\\\/\",\"url\":\"https:\\\/\\\/9staedte.de\\\/wp-content\\\/uploads\\\/2025\\\/01\\\/9-neg-deutsch-2-1.png\",\"contentUrl\":\"https:\\\/\\\/9staedte.de\\\/wp-content\\\/uploads\\\/2025\\\/01\\\/9-neg-deutsch-2-1.png\",\"width\":190,\"height\":114,\"caption\":\"9 St\u00e4dte in Niedersachsen\"},\"image\":{\"@id\":\"https:\\\/\\\/9staedte.de\\\/pl\\\/#\\\/schema\\\/logo\\\/image\\\/\"}}]}<\/script>\n<!-- \/ Yoast SEO plugin. -->","yoast_head_json":{"title":"Wycieczki po mie\u015bcie Getynga - 9 St\u00e4dte in Niedersachsen","robots":{"index":"index","follow":"follow","max-snippet":"max-snippet:-1","max-image-preview":"max-image-preview:large","max-video-preview":"max-video-preview:-1"},"canonical":"https:\/\/9staedte.de\/pl\/getynga-miasto-ktore-tworzy-wiedze\/wycieczki-po-miescie-getynga\/","og_locale":"pl_PL","og_type":"article","og_title":"Wycieczki po mie\u015bcie Getynga - 9 St\u00e4dte in Niedersachsen","og_url":"https:\/\/9staedte.de\/pl\/getynga-miasto-ktore-tworzy-wiedze\/wycieczki-po-miescie-getynga\/","og_site_name":"9 St\u00e4dte in Niedersachsen","article_modified_time":"2025-07-22T09:52:33+00:00","og_image":[{"width":1020,"height":560,"url":"https:\/\/9staedte.de\/wp-content\/uploads\/2023\/02\/Goettingen-Paulinerstrasse-c-Lars-Gerhardts.jpg","type":"image\/jpeg"}],"twitter_card":"summary_large_image","twitter_misc":{"Szacowany czas czytania":"1 minuta"},"schema":{"@context":"https:\/\/schema.org","@graph":[{"@type":"WebPage","@id":"https:\/\/9staedte.de\/pl\/getynga-miasto-ktore-tworzy-wiedze\/wycieczki-po-miescie-getynga\/","url":"https:\/\/9staedte.de\/pl\/getynga-miasto-ktore-tworzy-wiedze\/wycieczki-po-miescie-getynga\/","name":"Wycieczki po mie\u015bcie Getynga - 9 St\u00e4dte in Niedersachsen","isPartOf":{"@id":"https:\/\/9staedte.de\/pl\/#website"},"primaryImageOfPage":{"@id":"https:\/\/9staedte.de\/pl\/getynga-miasto-ktore-tworzy-wiedze\/wycieczki-po-miescie-getynga\/#primaryimage"},"image":{"@id":"https:\/\/9staedte.de\/pl\/getynga-miasto-ktore-tworzy-wiedze\/wycieczki-po-miescie-getynga\/#primaryimage"},"thumbnailUrl":"https:\/\/9staedte.de\/wp-content\/uploads\/2023\/02\/Goettingen-Paulinerstrasse-c-Lars-Gerhardts.jpg","datePublished":"2023-11-02T08:48:29+00:00","dateModified":"2025-07-22T09:52:33+00:00","breadcrumb":{"@id":"https:\/\/9staedte.de\/pl\/getynga-miasto-ktore-tworzy-wiedze\/wycieczki-po-miescie-getynga\/#breadcrumb"},"inLanguage":"pl-PL","potentialAction":[{"@type":"ReadAction","target":["https:\/\/9staedte.de\/pl\/getynga-miasto-ktore-tworzy-wiedze\/wycieczki-po-miescie-getynga\/"]}]},{"@type":"ImageObject","inLanguage":"pl-PL","@id":"https:\/\/9staedte.de\/pl\/getynga-miasto-ktore-tworzy-wiedze\/wycieczki-po-miescie-getynga\/#primaryimage","url":"https:\/\/9staedte.de\/wp-content\/uploads\/2023\/02\/Goettingen-Paulinerstrasse-c-Lars-Gerhardts.jpg","contentUrl":"https:\/\/9staedte.de\/wp-content\/uploads\/2023\/02\/Goettingen-Paulinerstrasse-c-Lars-Gerhardts.jpg","width":1020,"height":560,"caption":"G\u00f6ttingen Paulinerstra\u00dfe c) Lars Gerhardts"},{"@type":"BreadcrumbList","@id":"https:\/\/9staedte.de\/pl\/getynga-miasto-ktore-tworzy-wiedze\/wycieczki-po-miescie-getynga\/#breadcrumb","itemListElement":[{"@type":"ListItem","position":1,"name":"Startseite","item":"https:\/\/9staedte.de\/pl\/"},{"@type":"ListItem","position":2,"name":"Getynga &#8211; miasto, kt\u00f3re tworzy wiedz\u0119","item":"https:\/\/9staedte.de\/pl\/getynga-miasto-ktore-tworzy-wiedze\/"},{"@type":"ListItem","position":3,"name":"Wycieczki po mie\u015bcie Getynga"}]},{"@type":"WebSite","@id":"https:\/\/9staedte.de\/pl\/#website","url":"https:\/\/9staedte.de\/pl\/","name":"9 St\u00e4dte in Niedersachsen","description":"","publisher":{"@id":"https:\/\/9staedte.de\/pl\/#organization"},"potentialAction":[{"@type":"SearchAction","target":{"@type":"EntryPoint","urlTemplate":"https:\/\/9staedte.de\/pl\/?s={search_term_string}"},"query-input":{"@type":"PropertyValueSpecification","valueRequired":true,"valueName":"search_term_string"}}],"inLanguage":"pl-PL"},{"@type":"Organization","@id":"https:\/\/9staedte.de\/pl\/#organization","name":"9 St\u00e4dte in Niedersachsen","url":"https:\/\/9staedte.de\/pl\/","logo":{"@type":"ImageObject","inLanguage":"pl-PL","@id":"https:\/\/9staedte.de\/pl\/#\/schema\/logo\/image\/","url":"https:\/\/9staedte.de\/wp-content\/uploads\/2025\/01\/9-neg-deutsch-2-1.png","contentUrl":"https:\/\/9staedte.de\/wp-content\/uploads\/2025\/01\/9-neg-deutsch-2-1.png","width":190,"height":114,"caption":"9 St\u00e4dte in Niedersachsen"},"image":{"@id":"https:\/\/9staedte.de\/pl\/#\/schema\/logo\/image\/"}}]}},"_links":{"self":[{"href":"https:\/\/9staedte.de\/pl\/wp-json\/wp\/v2\/pages\/17379","targetHints":{"allow":["GET"]}}],"collection":[{"href":"https:\/\/9staedte.de\/pl\/wp-json\/wp\/v2\/pages"}],"about":[{"href":"https:\/\/9staedte.de\/pl\/wp-json\/wp\/v2\/types\/page"}],"author":[{"embeddable":true,"href":"https:\/\/9staedte.de\/pl\/wp-json\/wp\/v2\/users\/1"}],"replies":[{"embeddable":true,"href":"https:\/\/9staedte.de\/pl\/wp-json\/wp\/v2\/comments?post=17379"}],"version-history":[{"count":4,"href":"https:\/\/9staedte.de\/pl\/wp-json\/wp\/v2\/pages\/17379\/revisions"}],"predecessor-version":[{"id":26704,"href":"https:\/\/9staedte.de\/pl\/wp-json\/wp\/v2\/pages\/17379\/revisions\/26704"}],"up":[{"embeddable":true,"href":"https:\/\/9staedte.de\/pl\/wp-json\/wp\/v2\/pages\/18011"}],"wp:featuredmedia":[{"embeddable":true,"href":"https:\/\/9staedte.de\/pl\/wp-json\/wp\/v2\/media\/17393"}],"wp:attachment":[{"href":"https:\/\/9staedte.de\/pl\/wp-json\/wp\/v2\/media?parent=17379"}],"wp:term":[{"taxonomy":"category","embeddable":true,"href":"https:\/\/9staedte.de\/pl\/wp-json\/wp\/v2\/categories?post=17379"},{"taxonomy":"post_tag","embeddable":true,"href":"https:\/\/9staedte.de\/pl\/wp-json\/wp\/v2\/tags?post=17379"},{"taxonomy":"ncap_cities_tax","embeddable":true,"href":"https:\/\/9staedte.de\/pl\/wp-json\/wp\/v2\/ncap_cities_tax?post=17379"}],"curies":[{"name":"wp","href":"https:\/\/api.w.org\/{rel}","templated":true}]}}