{"id":17361,"date":"2023-11-02T09:48:27","date_gmt":"2023-11-02T08:48:27","guid":{"rendered":"https:\/\/9staedte.de\/wycieczki-po-miescie-w-celle\/"},"modified":"2023-11-02T17:28:51","modified_gmt":"2023-11-02T16:28:51","slug":"wycieczki-po-miescie-w-celle","status":"publish","type":"page","link":"https:\/\/9staedte.de\/pl\/celle-urocze-miasteczko-mieszkalne\/wycieczki-po-miescie-w-celle\/","title":{"rendered":"Wycieczki po mie\u015bcie w Celle"},"content":{"rendered":"\n<p>Podczas wycieczki po mie\u015bcie i zamku Celle poznasz lokalne historie i pi\u0119kne miejsca w mie\u015bcie. Nasi do\u015bwiadczeni i wykwalifikowani przewodnicy przeka\u017c\u0105 urok m\u0142odego miasta z historycznym krajobrazem, opowiedz\u0105 o kraju i jego mieszka\u0144cach oraz poka\u017c\u0105 zaciszne zau\u0142ki i dziedzi\u0144ce miasta.<\/p>\n\n\n\n<p><\/p>\n\n\n\n<p><\/p>\n\n\n\n<p><\/p>\n\n\n\r\n\r\n    <div class=\"filter-posts\">\r\n            <div  id=\"filterContent\">\r\n                                                        \n<div class=\"contentKachel filtr-item\" data-category=\"celle-pl\">\n    <a href=\"https:\/\/9staedte.de\/pl\/wycieczki-po-zamkach-w-celle\/\">\n        <div class=\"contentKachel-inner\">\n                            <div class=\"contentKachel-thumbnail\">\n                    <img loading=\"lazy\" decoding=\"async\" width=\"300\" height=\"164\" src=\"https:\/\/9staedte.de\/wp-content\/smush-webp\/2022\/07\/Stadtfuehrung-in-Celle-vor-dem-Schloss-c-Celle-Tourismus-300x164.jpg.webp\" class=\"objectfitcover withfilters wp-post-image\" alt=\"Zdj\u0119cie przedstawia zwiedzanie miasta w Celle. Kobieta w bia\u0142ych spodniach co\u015b t\u0142umaczy. Przed ni\u0105 stoi dziewi\u0119ciu doros\u0142ych. Grupa stoi obok zamku. Zamek jest bia\u0142y i ma wiele okien. W tle wida\u0107 drzewa i \u015bcie\u017ck\u0119.\" srcset=\"https:\/\/9staedte.de\/wp-content\/smush-webp\/2022\/07\/Stadtfuehrung-in-Celle-vor-dem-Schloss-c-Celle-Tourismus-300x164.jpg.webp 300w, https:\/\/9staedte.de\/wp-content\/smush-webp\/2022\/07\/Stadtfuehrung-in-Celle-vor-dem-Schloss-c-Celle-Tourismus-768x421.jpg.webp 768w, https:\/\/9staedte.de\/wp-content\/smush-webp\/2022\/07\/Stadtfuehrung-in-Celle-vor-dem-Schloss-c-Celle-Tourismus.jpg.webp 1020w\" sizes=\"auto, (max-width: 300px) 100vw, 300px\" \/>                    <img loading=\"lazy\" decoding=\"async\" width=\"300\" height=\"164\" src=\"https:\/\/9staedte.de\/wp-content\/smush-webp\/2022\/07\/Stadtfuehrung-in-Celle-vor-dem-Schloss-c-Celle-Tourismus-300x164.jpg.webp\" class=\"objectfitcontain wp-post-image\" alt=\"Zdj\u0119cie przedstawia zwiedzanie miasta w Celle. Kobieta w bia\u0142ych spodniach co\u015b t\u0142umaczy. Przed ni\u0105 stoi dziewi\u0119ciu doros\u0142ych. Grupa stoi obok zamku. Zamek jest bia\u0142y i ma wiele okien. W tle wida\u0107 drzewa i \u015bcie\u017ck\u0119.\" srcset=\"https:\/\/9staedte.de\/wp-content\/smush-webp\/2022\/07\/Stadtfuehrung-in-Celle-vor-dem-Schloss-c-Celle-Tourismus-300x164.jpg.webp 300w, https:\/\/9staedte.de\/wp-content\/smush-webp\/2022\/07\/Stadtfuehrung-in-Celle-vor-dem-Schloss-c-Celle-Tourismus-768x421.jpg.webp 768w, https:\/\/9staedte.de\/wp-content\/smush-webp\/2022\/07\/Stadtfuehrung-in-Celle-vor-dem-Schloss-c-Celle-Tourismus.jpg.webp 1020w\" sizes=\"auto, (max-width: 300px) 100vw, 300px\" \/>                        <div class=\"thumbnail-label\">\n    <span>Stadtf\u00fchrung in Celle vor dem Schloss c) Celle Tourismus<\/span>\n    <\/div>\n                <\/div>\n                        <div class=\"contentKachel-content\">\n                                    <div class=\"city-tag bg-celle\">\n                        Celle                    <\/div>\n                \n                <div class=\"title\">\n\n                    Wycieczki po zamkach w Celle                    \n                <\/div>\n\n                            <\/div>\n\n        <\/div>\n    <\/a>\n<\/div>                                                        \n<div class=\"contentKachel filtr-item\" data-category=\"celle-pl\">\n    <a href=\"https:\/\/9staedte.de\/pl\/wycieczki-po-miescie-w-celle\/\">\n        <div class=\"contentKachel-inner\">\n                            <div class=\"contentKachel-thumbnail\">\n                    <img loading=\"lazy\" decoding=\"async\" width=\"300\" height=\"165\" src=\"https:\/\/9staedte.de\/wp-content\/smush-webp\/2023\/01\/Museum-Gruppe_058-300x165.jpg.webp\" class=\"objectfitcover withfilters wp-post-image\" alt=\"Na zdj\u0119ciu wida\u0107 zwiedzanie miasta w Celle. Kobieta z czerwon\u0105 chustk\u0105 co\u015b t\u0142umaczy. Przed ni\u0105 stoi o\u015bmioro doros\u0142ych. Wszyscy si\u0119 \u015bmiej\u0105 lub u\u015bmiechaj\u0105. W tle wida\u0107 nowoczesne i stare budynki. Zwiedzanie odbywa si\u0119 na zewn\u0105trz.\" srcset=\"https:\/\/9staedte.de\/wp-content\/smush-webp\/2023\/01\/Museum-Gruppe_058-300x165.jpg.webp 300w, https:\/\/9staedte.de\/wp-content\/smush-webp\/2023\/01\/Museum-Gruppe_058-768x422.jpg.webp 768w, https:\/\/9staedte.de\/wp-content\/smush-webp\/2023\/01\/Museum-Gruppe_058.jpg.webp 1019w\" sizes=\"auto, (max-width: 300px) 100vw, 300px\" \/>                    <img loading=\"lazy\" decoding=\"async\" width=\"300\" height=\"165\" src=\"https:\/\/9staedte.de\/wp-content\/smush-webp\/2023\/01\/Museum-Gruppe_058-300x165.jpg.webp\" class=\"objectfitcontain wp-post-image\" alt=\"Na zdj\u0119ciu wida\u0107 zwiedzanie miasta w Celle. Kobieta z czerwon\u0105 chustk\u0105 co\u015b t\u0142umaczy. Przed ni\u0105 stoi o\u015bmioro doros\u0142ych. Wszyscy si\u0119 \u015bmiej\u0105 lub u\u015bmiechaj\u0105. W tle wida\u0107 nowoczesne i stare budynki. Zwiedzanie odbywa si\u0119 na zewn\u0105trz.\" srcset=\"https:\/\/9staedte.de\/wp-content\/smush-webp\/2023\/01\/Museum-Gruppe_058-300x165.jpg.webp 300w, https:\/\/9staedte.de\/wp-content\/smush-webp\/2023\/01\/Museum-Gruppe_058-768x422.jpg.webp 768w, https:\/\/9staedte.de\/wp-content\/smush-webp\/2023\/01\/Museum-Gruppe_058.jpg.webp 1019w\" sizes=\"auto, (max-width: 300px) 100vw, 300px\" \/>                        <div class=\"thumbnail-label\">\n    <span>Stadtf\u00fchrung in Celle c) Celle Tourismus<\/span>\n    <\/div>\n                <\/div>\n                        <div class=\"contentKachel-content\">\n                                    <div class=\"city-tag bg-celle\">\n                        Celle                    <\/div>\n                \n                <div class=\"title\">\n\n                    Wycieczki po mie\u015bcie w Celle                    \n                <\/div>\n\n                            <\/div>\n\n        <\/div>\n    <\/a>\n<\/div>                                                        \n<div class=\"contentKachel filtr-item\" data-category=\"celle-pl\">\n    <a href=\"https:\/\/9staedte.de\/pl\/architektura-bauhausu-slady-otto-haeslera-w-celle\/\">\n        <div class=\"contentKachel-inner\">\n                            <div class=\"contentKachel-thumbnail\">\n                    <img loading=\"lazy\" decoding=\"async\" width=\"300\" height=\"165\" src=\"https:\/\/9staedte.de\/wp-content\/smush-webp\/2022\/06\/Celle-Bauhaus-c-Stadt-Celle-300x165.jpg.webp\" class=\"objectfitcover withfilters wp-post-image\" alt=\"Na zdj\u0119ciu wida\u0107 kolorowe domy. Domy s\u0105 czerwone, niebieskie i bia\u0142e. Maj\u0105 prosty kszta\u0142t. Okna s\u0105 proste. To przyk\u0142ad Bauhausu. Domy s\u0105 w Celle.\" srcset=\"https:\/\/9staedte.de\/wp-content\/smush-webp\/2022\/06\/Celle-Bauhaus-c-Stadt-Celle-300x165.jpg.webp 300w, https:\/\/9staedte.de\/wp-content\/smush-webp\/2022\/06\/Celle-Bauhaus-c-Stadt-Celle-768x422.jpg.webp 768w, https:\/\/9staedte.de\/wp-content\/smush-webp\/2022\/06\/Celle-Bauhaus-c-Stadt-Celle.jpg.webp 1020w\" sizes=\"auto, (max-width: 300px) 100vw, 300px\" \/>                    <img loading=\"lazy\" decoding=\"async\" width=\"300\" height=\"165\" src=\"https:\/\/9staedte.de\/wp-content\/smush-webp\/2022\/06\/Celle-Bauhaus-c-Stadt-Celle-300x165.jpg.webp\" class=\"objectfitcontain wp-post-image\" alt=\"Na zdj\u0119ciu wida\u0107 kolorowe domy. Domy s\u0105 czerwone, niebieskie i bia\u0142e. Maj\u0105 prosty kszta\u0142t. Okna s\u0105 proste. To przyk\u0142ad Bauhausu. Domy s\u0105 w Celle.\" srcset=\"https:\/\/9staedte.de\/wp-content\/smush-webp\/2022\/06\/Celle-Bauhaus-c-Stadt-Celle-300x165.jpg.webp 300w, https:\/\/9staedte.de\/wp-content\/smush-webp\/2022\/06\/Celle-Bauhaus-c-Stadt-Celle-768x422.jpg.webp 768w, https:\/\/9staedte.de\/wp-content\/smush-webp\/2022\/06\/Celle-Bauhaus-c-Stadt-Celle.jpg.webp 1020w\" sizes=\"auto, (max-width: 300px) 100vw, 300px\" \/>                        <div class=\"thumbnail-label\">\n    <span>Bauhaus in Celle c) Stadt Celle<\/span>\n    <\/div>\n                <\/div>\n                        <div class=\"contentKachel-content\">\n                                    <div class=\"city-tag bg-celle\">\n                        Celle                    <\/div>\n                \n                <div class=\"title\">\n\n                    Architektura Bauhausu &#8211; \u015blady Otto Haeslera w Celle                    \n                <\/div>\n\n                            <\/div>\n\n        <\/div>\n    <\/a>\n<\/div>                                                        \n<div class=\"contentKachel filtr-item\" data-category=\"celle-pl\">\n    <a href=\"https:\/\/9staedte.de\/pl\/sladami-czarownic-wycieczka-z-przewodnikiem-po-miescie-celle\/\">\n        <div class=\"contentKachel-inner\">\n                            <div class=\"contentKachel-thumbnail\">\n                    <img loading=\"lazy\" decoding=\"async\" width=\"300\" height=\"133\" src=\"https:\/\/9staedte.de\/wp-content\/smush-webp\/2022\/06\/Petronella-und-Begina-Hexenfuehrung-c-Celle-Tourismus-300x133.jpg.webp\" class=\"objectfitcover withfilters wp-post-image\" alt=\"Zdj\u0119cie przedstawia dwie kobiety przed zamkiem w Celle. Kobiety ubrane s\u0105 w \u015bredniowieczne stroje. Jedna kobieta ma na sobie bia\u0142\u0105 sukni\u0119 z niebieskim pasem. Druga nosi czerwony gorset i bia\u0142\u0105 bluzk\u0119. Obie trzymaj\u0105 koszyk. W tle wida\u0107 zamek i drzewo.\" srcset=\"https:\/\/9staedte.de\/wp-content\/smush-webp\/2022\/06\/Petronella-und-Begina-Hexenfuehrung-c-Celle-Tourismus-300x133.jpg.webp 300w, https:\/\/9staedte.de\/wp-content\/smush-webp\/2022\/06\/Petronella-und-Begina-Hexenfuehrung-c-Celle-Tourismus.jpg.webp 719w\" sizes=\"auto, (max-width: 300px) 100vw, 300px\" \/>                    <img loading=\"lazy\" decoding=\"async\" width=\"300\" height=\"133\" src=\"https:\/\/9staedte.de\/wp-content\/smush-webp\/2022\/06\/Petronella-und-Begina-Hexenfuehrung-c-Celle-Tourismus-300x133.jpg.webp\" class=\"objectfitcontain wp-post-image\" alt=\"Zdj\u0119cie przedstawia dwie kobiety przed zamkiem w Celle. Kobiety ubrane s\u0105 w \u015bredniowieczne stroje. Jedna kobieta ma na sobie bia\u0142\u0105 sukni\u0119 z niebieskim pasem. Druga nosi czerwony gorset i bia\u0142\u0105 bluzk\u0119. Obie trzymaj\u0105 koszyk. W tle wida\u0107 zamek i drzewo.\" srcset=\"https:\/\/9staedte.de\/wp-content\/smush-webp\/2022\/06\/Petronella-und-Begina-Hexenfuehrung-c-Celle-Tourismus-300x133.jpg.webp 300w, https:\/\/9staedte.de\/wp-content\/smush-webp\/2022\/06\/Petronella-und-Begina-Hexenfuehrung-c-Celle-Tourismus.jpg.webp 719w\" sizes=\"auto, (max-width: 300px) 100vw, 300px\" \/>                        <div class=\"thumbnail-label\">\n    <span>Petronella und Begina &#8211; Hexenf\u00fchrung<\/span>\n    <\/div>\n                <\/div>\n                        <div class=\"contentKachel-content\">\n                                    <div class=\"city-tag bg-celle\">\n                        Celle                    <\/div>\n                \n                <div class=\"title\">\n\n                    \u015aladami czarownic &#8211; wycieczka z przewodnikiem po mie\u015bcie Celle                    \n                <\/div>\n\n                            <\/div>\n\n        <\/div>\n    <\/a>\n<\/div>                                            <\/div>\r\n    <\/div>\r\n","protected":false},"excerpt":{"rendered":"<p>Podczas wycieczki po mie\u015bcie i zamku Celle poznasz lokalne historie i pi\u0119kne miejsca w mie\u015bcie. Nasi do\u015bwiadczeni i wykwalifikowani przewodnicy przeka\u017c\u0105 urok m\u0142odego miasta z historycznym krajobrazem, opowiedz\u0105 o kraju i jego mieszka\u0144cach oraz poka\u017c\u0105 zaciszne zau\u0142ki i dziedzi\u0144ce miasta.<\/p>\n","protected":false},"author":1,"featured_media":17376,"parent":18081,"menu_order":0,"comment_status":"closed","ping_status":"closed","template":"pagetemplates\/template-stadtthema.php","meta":{"_acf_changed":false,"footnotes":""},"categories":[],"tags":[],"ncap_cities_tax":[430,1207],"class_list":["post-17361","page","type-page","status-publish","has-post-thumbnail","hentry","ncap_cities_tax-celle-pl","ncap_cities_tax-stadtfuhrungen-celle-pl"],"acf":[],"yoast_head":"<!-- This site is optimized with the Yoast SEO plugin v26.8 - https:\/\/yoast.com\/product\/yoast-seo-wordpress\/ -->\n<title>Wycieczki po mie\u015bcie w Celle - 9 St\u00e4dte in Niedersachsen<\/title>\n<meta name=\"robots\" content=\"index, follow, max-snippet:-1, max-image-preview:large, max-video-preview:-1\" \/>\n<link rel=\"canonical\" href=\"https:\/\/9staedte.de\/pl\/celle-urocze-miasteczko-mieszkalne\/wycieczki-po-miescie-w-celle\/\" \/>\n<meta property=\"og:locale\" content=\"pl_PL\" \/>\n<meta property=\"og:type\" content=\"article\" \/>\n<meta property=\"og:title\" content=\"Wycieczki po mie\u015bcie w Celle - 9 St\u00e4dte in Niedersachsen\" \/>\n<meta property=\"og:description\" content=\"Podczas wycieczki po mie\u015bcie i zamku Celle poznasz lokalne historie i pi\u0119kne miejsca w mie\u015bcie. Nasi do\u015bwiadczeni i wykwalifikowani przewodnicy przeka\u017c\u0105 urok m\u0142odego miasta z historycznym krajobrazem, opowiedz\u0105 o kraju i jego mieszka\u0144cach oraz poka\u017c\u0105 zaciszne zau\u0142ki i dziedzi\u0144ce miasta.\" \/>\n<meta property=\"og:url\" content=\"https:\/\/9staedte.de\/pl\/celle-urocze-miasteczko-mieszkalne\/wycieczki-po-miescie-w-celle\/\" \/>\n<meta property=\"og:site_name\" content=\"9 St\u00e4dte in Niedersachsen\" \/>\n<meta property=\"article:modified_time\" content=\"2023-11-02T16:28:51+00:00\" \/>\n<meta property=\"og:image\" content=\"https:\/\/9staedte.de\/wp-content\/uploads\/2023\/01\/Rundgang-durch-Celle-c-Stadt-Celle.jpg\" \/>\n\t<meta property=\"og:image:width\" content=\"1020\" \/>\n\t<meta property=\"og:image:height\" content=\"560\" \/>\n\t<meta property=\"og:image:type\" content=\"image\/jpeg\" \/>\n<meta name=\"twitter:card\" content=\"summary_large_image\" \/>\n<meta name=\"twitter:label1\" content=\"Szacowany czas czytania\" \/>\n\t<meta name=\"twitter:data1\" content=\"1 minuta\" \/>\n<script type=\"application\/ld+json\" class=\"yoast-schema-graph\">{\"@context\":\"https:\/\/schema.org\",\"@graph\":[{\"@type\":\"WebPage\",\"@id\":\"https:\/\/9staedte.de\/pl\/celle-urocze-miasteczko-mieszkalne\/wycieczki-po-miescie-w-celle\/\",\"url\":\"https:\/\/9staedte.de\/pl\/celle-urocze-miasteczko-mieszkalne\/wycieczki-po-miescie-w-celle\/\",\"name\":\"Wycieczki po mie\u015bcie w Celle - 9 St\u00e4dte in Niedersachsen\",\"isPartOf\":{\"@id\":\"https:\/\/9staedte.de\/pl\/#website\"},\"primaryImageOfPage\":{\"@id\":\"https:\/\/9staedte.de\/pl\/celle-urocze-miasteczko-mieszkalne\/wycieczki-po-miescie-w-celle\/#primaryimage\"},\"image\":{\"@id\":\"https:\/\/9staedte.de\/pl\/celle-urocze-miasteczko-mieszkalne\/wycieczki-po-miescie-w-celle\/#primaryimage\"},\"thumbnailUrl\":\"https:\/\/9staedte.de\/wp-content\/uploads\/2023\/01\/Rundgang-durch-Celle-c-Stadt-Celle.jpg\",\"datePublished\":\"2023-11-02T08:48:27+00:00\",\"dateModified\":\"2023-11-02T16:28:51+00:00\",\"breadcrumb\":{\"@id\":\"https:\/\/9staedte.de\/pl\/celle-urocze-miasteczko-mieszkalne\/wycieczki-po-miescie-w-celle\/#breadcrumb\"},\"inLanguage\":\"pl-PL\",\"potentialAction\":[{\"@type\":\"ReadAction\",\"target\":[\"https:\/\/9staedte.de\/pl\/celle-urocze-miasteczko-mieszkalne\/wycieczki-po-miescie-w-celle\/\"]}]},{\"@type\":\"ImageObject\",\"inLanguage\":\"pl-PL\",\"@id\":\"https:\/\/9staedte.de\/pl\/celle-urocze-miasteczko-mieszkalne\/wycieczki-po-miescie-w-celle\/#primaryimage\",\"url\":\"https:\/\/9staedte.de\/wp-content\/uploads\/2023\/01\/Rundgang-durch-Celle-c-Stadt-Celle.jpg\",\"contentUrl\":\"https:\/\/9staedte.de\/wp-content\/uploads\/2023\/01\/Rundgang-durch-Celle-c-Stadt-Celle.jpg\",\"width\":1020,\"height\":560,\"caption\":\"Rundgang durch Celle c) Stadt Celle\"},{\"@type\":\"BreadcrumbList\",\"@id\":\"https:\/\/9staedte.de\/pl\/celle-urocze-miasteczko-mieszkalne\/wycieczki-po-miescie-w-celle\/#breadcrumb\",\"itemListElement\":[{\"@type\":\"ListItem\",\"position\":1,\"name\":\"Startseite\",\"item\":\"https:\/\/9staedte.de\/pl\/\"},{\"@type\":\"ListItem\",\"position\":2,\"name\":\"Celle &#8211; Urocze miasteczko mieszkalne\",\"item\":\"https:\/\/9staedte.de\/pl\/celle-urocze-miasteczko-mieszkalne\/\"},{\"@type\":\"ListItem\",\"position\":3,\"name\":\"Wycieczki po mie\u015bcie w Celle\"}]},{\"@type\":\"WebSite\",\"@id\":\"https:\/\/9staedte.de\/pl\/#website\",\"url\":\"https:\/\/9staedte.de\/pl\/\",\"name\":\"9 St\u00e4dte in Niedersachsen\",\"description\":\"\",\"publisher\":{\"@id\":\"https:\/\/9staedte.de\/pl\/#organization\"},\"potentialAction\":[{\"@type\":\"SearchAction\",\"target\":{\"@type\":\"EntryPoint\",\"urlTemplate\":\"https:\/\/9staedte.de\/pl\/?s={search_term_string}\"},\"query-input\":{\"@type\":\"PropertyValueSpecification\",\"valueRequired\":true,\"valueName\":\"search_term_string\"}}],\"inLanguage\":\"pl-PL\"},{\"@type\":\"Organization\",\"@id\":\"https:\/\/9staedte.de\/pl\/#organization\",\"name\":\"9 St\u00e4dte in Niedersachsen\",\"url\":\"https:\/\/9staedte.de\/pl\/\",\"logo\":{\"@type\":\"ImageObject\",\"inLanguage\":\"pl-PL\",\"@id\":\"https:\/\/9staedte.de\/pl\/#\/schema\/logo\/image\/\",\"url\":\"https:\/\/9staedte.de\/wp-content\/uploads\/2025\/01\/9-neg-deutsch-2-1.png\",\"contentUrl\":\"https:\/\/9staedte.de\/wp-content\/uploads\/2025\/01\/9-neg-deutsch-2-1.png\",\"width\":190,\"height\":114,\"caption\":\"9 St\u00e4dte in Niedersachsen\"},\"image\":{\"@id\":\"https:\/\/9staedte.de\/pl\/#\/schema\/logo\/image\/\"}}]}<\/script>\n<!-- \/ Yoast SEO plugin. -->","yoast_head_json":{"title":"Wycieczki po mie\u015bcie w Celle - 9 St\u00e4dte in Niedersachsen","robots":{"index":"index","follow":"follow","max-snippet":"max-snippet:-1","max-image-preview":"max-image-preview:large","max-video-preview":"max-video-preview:-1"},"canonical":"https:\/\/9staedte.de\/pl\/celle-urocze-miasteczko-mieszkalne\/wycieczki-po-miescie-w-celle\/","og_locale":"pl_PL","og_type":"article","og_title":"Wycieczki po mie\u015bcie w Celle - 9 St\u00e4dte in Niedersachsen","og_description":"Podczas wycieczki po mie\u015bcie i zamku Celle poznasz lokalne historie i pi\u0119kne miejsca w mie\u015bcie. Nasi do\u015bwiadczeni i wykwalifikowani przewodnicy przeka\u017c\u0105 urok m\u0142odego miasta z historycznym krajobrazem, opowiedz\u0105 o kraju i jego mieszka\u0144cach oraz poka\u017c\u0105 zaciszne zau\u0142ki i dziedzi\u0144ce miasta.","og_url":"https:\/\/9staedte.de\/pl\/celle-urocze-miasteczko-mieszkalne\/wycieczki-po-miescie-w-celle\/","og_site_name":"9 St\u00e4dte in Niedersachsen","article_modified_time":"2023-11-02T16:28:51+00:00","og_image":[{"width":1020,"height":560,"url":"https:\/\/9staedte.de\/wp-content\/uploads\/2023\/01\/Rundgang-durch-Celle-c-Stadt-Celle.jpg","type":"image\/jpeg"}],"twitter_card":"summary_large_image","twitter_misc":{"Szacowany czas czytania":"1 minuta"},"schema":{"@context":"https:\/\/schema.org","@graph":[{"@type":"WebPage","@id":"https:\/\/9staedte.de\/pl\/celle-urocze-miasteczko-mieszkalne\/wycieczki-po-miescie-w-celle\/","url":"https:\/\/9staedte.de\/pl\/celle-urocze-miasteczko-mieszkalne\/wycieczki-po-miescie-w-celle\/","name":"Wycieczki po mie\u015bcie w Celle - 9 St\u00e4dte in Niedersachsen","isPartOf":{"@id":"https:\/\/9staedte.de\/pl\/#website"},"primaryImageOfPage":{"@id":"https:\/\/9staedte.de\/pl\/celle-urocze-miasteczko-mieszkalne\/wycieczki-po-miescie-w-celle\/#primaryimage"},"image":{"@id":"https:\/\/9staedte.de\/pl\/celle-urocze-miasteczko-mieszkalne\/wycieczki-po-miescie-w-celle\/#primaryimage"},"thumbnailUrl":"https:\/\/9staedte.de\/wp-content\/uploads\/2023\/01\/Rundgang-durch-Celle-c-Stadt-Celle.jpg","datePublished":"2023-11-02T08:48:27+00:00","dateModified":"2023-11-02T16:28:51+00:00","breadcrumb":{"@id":"https:\/\/9staedte.de\/pl\/celle-urocze-miasteczko-mieszkalne\/wycieczki-po-miescie-w-celle\/#breadcrumb"},"inLanguage":"pl-PL","potentialAction":[{"@type":"ReadAction","target":["https:\/\/9staedte.de\/pl\/celle-urocze-miasteczko-mieszkalne\/wycieczki-po-miescie-w-celle\/"]}]},{"@type":"ImageObject","inLanguage":"pl-PL","@id":"https:\/\/9staedte.de\/pl\/celle-urocze-miasteczko-mieszkalne\/wycieczki-po-miescie-w-celle\/#primaryimage","url":"https:\/\/9staedte.de\/wp-content\/uploads\/2023\/01\/Rundgang-durch-Celle-c-Stadt-Celle.jpg","contentUrl":"https:\/\/9staedte.de\/wp-content\/uploads\/2023\/01\/Rundgang-durch-Celle-c-Stadt-Celle.jpg","width":1020,"height":560,"caption":"Rundgang durch Celle c) Stadt Celle"},{"@type":"BreadcrumbList","@id":"https:\/\/9staedte.de\/pl\/celle-urocze-miasteczko-mieszkalne\/wycieczki-po-miescie-w-celle\/#breadcrumb","itemListElement":[{"@type":"ListItem","position":1,"name":"Startseite","item":"https:\/\/9staedte.de\/pl\/"},{"@type":"ListItem","position":2,"name":"Celle &#8211; Urocze miasteczko mieszkalne","item":"https:\/\/9staedte.de\/pl\/celle-urocze-miasteczko-mieszkalne\/"},{"@type":"ListItem","position":3,"name":"Wycieczki po mie\u015bcie w Celle"}]},{"@type":"WebSite","@id":"https:\/\/9staedte.de\/pl\/#website","url":"https:\/\/9staedte.de\/pl\/","name":"9 St\u00e4dte in Niedersachsen","description":"","publisher":{"@id":"https:\/\/9staedte.de\/pl\/#organization"},"potentialAction":[{"@type":"SearchAction","target":{"@type":"EntryPoint","urlTemplate":"https:\/\/9staedte.de\/pl\/?s={search_term_string}"},"query-input":{"@type":"PropertyValueSpecification","valueRequired":true,"valueName":"search_term_string"}}],"inLanguage":"pl-PL"},{"@type":"Organization","@id":"https:\/\/9staedte.de\/pl\/#organization","name":"9 St\u00e4dte in Niedersachsen","url":"https:\/\/9staedte.de\/pl\/","logo":{"@type":"ImageObject","inLanguage":"pl-PL","@id":"https:\/\/9staedte.de\/pl\/#\/schema\/logo\/image\/","url":"https:\/\/9staedte.de\/wp-content\/uploads\/2025\/01\/9-neg-deutsch-2-1.png","contentUrl":"https:\/\/9staedte.de\/wp-content\/uploads\/2025\/01\/9-neg-deutsch-2-1.png","width":190,"height":114,"caption":"9 St\u00e4dte in Niedersachsen"},"image":{"@id":"https:\/\/9staedte.de\/pl\/#\/schema\/logo\/image\/"}}]}},"_links":{"self":[{"href":"https:\/\/9staedte.de\/pl\/wp-json\/wp\/v2\/pages\/17361","targetHints":{"allow":["GET"]}}],"collection":[{"href":"https:\/\/9staedte.de\/pl\/wp-json\/wp\/v2\/pages"}],"about":[{"href":"https:\/\/9staedte.de\/pl\/wp-json\/wp\/v2\/types\/page"}],"author":[{"embeddable":true,"href":"https:\/\/9staedte.de\/pl\/wp-json\/wp\/v2\/users\/1"}],"replies":[{"embeddable":true,"href":"https:\/\/9staedte.de\/pl\/wp-json\/wp\/v2\/comments?post=17361"}],"version-history":[{"count":1,"href":"https:\/\/9staedte.de\/pl\/wp-json\/wp\/v2\/pages\/17361\/revisions"}],"predecessor-version":[{"id":19727,"href":"https:\/\/9staedte.de\/pl\/wp-json\/wp\/v2\/pages\/17361\/revisions\/19727"}],"up":[{"embeddable":true,"href":"https:\/\/9staedte.de\/pl\/wp-json\/wp\/v2\/pages\/18081"}],"wp:featuredmedia":[{"embeddable":true,"href":"https:\/\/9staedte.de\/pl\/wp-json\/wp\/v2\/media\/17376"}],"wp:attachment":[{"href":"https:\/\/9staedte.de\/pl\/wp-json\/wp\/v2\/media?parent=17361"}],"wp:term":[{"taxonomy":"category","embeddable":true,"href":"https:\/\/9staedte.de\/pl\/wp-json\/wp\/v2\/categories?post=17361"},{"taxonomy":"post_tag","embeddable":true,"href":"https:\/\/9staedte.de\/pl\/wp-json\/wp\/v2\/tags?post=17361"},{"taxonomy":"ncap_cities_tax","embeddable":true,"href":"https:\/\/9staedte.de\/pl\/wp-json\/wp\/v2\/ncap_cities_tax?post=17361"}],"curies":[{"name":"wp","href":"https:\/\/api.w.org\/{rel}","templated":true}]}}