{"id":17348,"date":"2023-11-02T09:48:26","date_gmt":"2023-11-02T08:48:26","guid":{"rendered":"https:\/\/9staedte.de\/konferencje-i-kongresy-w-getyndze\/"},"modified":"2025-05-05T16:24:21","modified_gmt":"2025-05-05T14:24:21","slug":"konferencje-i-kongresy-w-getyndze","status":"publish","type":"page","link":"https:\/\/9staedte.de\/pl\/getynga-miasto-ktore-tworzy-wiedze\/konferencje-i-kongresy-w-getyndze\/","title":{"rendered":"Konferencje i kongresy w Getyndze"},"content":{"rendered":"\n<h2 class=\"wp-block-heading\">Konferencje i kongresy w Getyndze &#8211; dobry pomys\u0142!<\/h2>\n\n\n\n<p>Region konferencyjny i kongresowy Getyngi jest centralnie po\u0142o\u017cony w \u015brodku Niemiec i jest \u0142atwo dost\u0119pny poci\u0105giem i samochodem ze wszystkich kierunk\u00f3w. Bez wzgl\u0119du na to, czy podr\u00f3\u017cujesz z Hamburga, Kolonii, Monachium, Stuttgartu, Drezna czy Berlina: Do Getyngi mo\u017cna dojecha\u0107 samochodem w maksymalnie cztery godziny. Na miejscu mo\u017cna spodziewa\u0107 si\u0119 imponuj\u0105cych lokalizacji eventowych, doskona\u0142ych hoteli konferencyjnych, w sumie 1600 pokoi z oko\u0142o 2800 miejscami noclegowymi, miasta o niewielkich odleg\u0142o\u015bciach, zr\u00f3\u017cnicowanego otoczenia z szerok\u0105 gam\u0105 mo\u017cliwo\u015bci dla program\u00f3w motywacyjnych i spo\u0142ecznych, a tak\u017ce solidnej obs\u0142ugi ze strony \u015bci\u015ble powi\u0105zanych partner\u00f3w. Samochodem mo\u017cna z \u0142atwo\u015bci\u0105 dotrze\u0107 do Getyngi najwa\u017cniejsz\u0105 niemieck\u0105 magistral\u0105 p\u00f3\u0142noc-po\u0142udnie, A 7, oraz nowym po\u0142\u0105czeniem wsch\u00f3d-zach\u00f3d, A 38. Codziennie ponad 100 po\u0142\u0105cze\u0144 ICE umo\u017cliwia wygodn\u0105 podr\u00f3\u017c poci\u0105giem, tak\u017ce z wielu lotnisk. Spotkania w Getyndze &#8211; zawsze dobry pomys\u0142!<\/p>\n\n\n\n<figure class=\"wp-block-image size-full\"><img loading=\"lazy\" decoding=\"async\" width=\"580\" height=\"535\" src=\"https:\/\/9staedte.de\/wp-content\/smush-webp\/2023\/02\/Goettingen-Entfernungsgrafik-D.jpg.webp\" alt=\"\" class=\"wp-image-3979\" srcset=\"https:\/\/9staedte.de\/wp-content\/smush-webp\/2023\/02\/Goettingen-Entfernungsgrafik-D.jpg.webp 580w, https:\/\/9staedte.de\/wp-content\/smush-webp\/2023\/02\/Goettingen-Entfernungsgrafik-D-300x277.jpg.webp 300w\" sizes=\"auto, (max-width: 580px) 100vw, 580px\" \/><\/figure>\n\n\n\n\n<div class=\"banner-wrapper\">\n  <div class=\"banner-inner \">\n      <div class=\"img-container\">\n      <div class=\"img-wrapper\">\n        <img decoding=\"async\" src=\"https:\/\/9staedte.de\/wp-content\/smush-webp\/2023\/02\/Lokhalle-Abenveranstaltung-c-Goettingen-Tourismus.jpg.webp\" alt=\"Na zdj\u0119ciu wida\u0107 du\u017ce wieczorne wydarzenie. Wiele os\u00f3b siedzi na le\u017cakach na piasku. Nad miejscem jest du\u017cy, okr\u0105g\u0142y dach. Z g\u00f3ry \u015bwieci niebieskie \u015bwiat\u0142o. W tle wida\u0107 du\u017cy budynek z wieloma oknami.\" \/>\n                  <div class=\"thumbnail-label\">\n            <span>G\u00f6ttingen Lokhalle &#8211; Abendveranstaltung c) G\u00f6ttingen Marketing GmbH<\/span>\n          <\/div>\n              <\/div>\n    <\/div>\n        <div class=\"text-container\">\n      <div class=\"content\">\n        <h3>Unsere 9 Tipps f\u00fcr Tagungen und Kongresse in G\u00f6ttingen<\/h3>\n<p>1) Tagen im Industriedenkmal Lokhalle  \u2013 mit \u00fcber 8.400 m\u00b2 Ausstellungsfl\u00e4che<br \/>\n2) G\u00f6ttingen ist die Stadt der kurzen Wege \u2013 alles da, alles nah<br \/>\n3) XL Oriental Lounge \u2013 feuriges Rahmenprogramm im Hotel Freizeit In<br \/>\n4) Eine ganz besondere Location \u2013 der historische Saal in der Paulinerkirche<br \/>\n5) Veranstaltungen in gr\u00e4flichem Ambiente \u2013 auf dem Landsitz derer zu Hardenberg<br \/>\n6) Stadt, die Wissen schafft \u2013 Symposien und Kongresse im Umfeld von drei Universit\u00e4ten und 5 Max-Planck-Instituten<br \/>\n7) Ein Gang durch G\u00f6ttingens Unterwelt \u2013 Rahmenprogramme, die Spa\u00df machen<br \/>\n8) Bistro \u2013 dinieren bei einer der besten K\u00f6chinnen Deutschlands<br \/>\n9) Tagungs- und Kongress-Service beim G\u00f6ttingen Tourismus e.V. \u2013 kompetent und bestens vernetzt in der Region<\/p>\n      <\/div>\n    <\/div>\n    <\/div>\n<\/div>\n\n\n\n\n<h2 class=\"wp-block-heading\">Nasze us\u0142ugi dla konferencji i kongres\u00f3w w Getyndze<\/h2>\n\n\n\n<p>&#8211; Szybki start<br>Znalezienie odpowiedniej daty i lokalizacji ma kluczowe znaczenie dla pomy\u015blnej realizacji wydarzenia. Poinformujemy Ci\u0119, w jakich godzinach dost\u0119pna jest wystarczaj\u0105ca liczba miejsc i zasugerujemy, kt\u00f3re lokalizacje s\u0105 najbardziej prawdopodobne, aby wzi\u0105\u0107 pod uwag\u0119 Twoje wydarzenia.<br>&#8211; Zwiedzanie<br>Najlepsze wra\u017cenie zawsze robi si\u0119 bezpo\u015brednio na miejscu. Z przyjemno\u015bci\u0105 przygotujemy dla Ciebie program inspekcji i zorganizujemy spotkania z najwa\u017cniejszymi partnerami i osobami kontaktowymi.<br>&#8211; Rezerwacje hotelowe<br>Po indywidualnej konsultacji stworzymy przydzia\u0142y pokoi w wybranych hotelach. Za po\u015brednictwem ekskluzywnego linku do rezerwacji uczestnicy wydarzenia mog\u0105 uzyska\u0107 wszystkie informacje na temat zakwaterowania i samodzielnie zarezerwowa\u0107 pokoje. Kompetentny zesp\u00f3\u0142 obs\u0142ugi zakwaterowania udziela odpowiedzi na zapytania przes\u0142ane faksem, e-mailem lub telefonicznie.<br>&#8211; us\u0142ugi online<br>Opr\u00f3cz tworzenia przydzia\u0142\u00f3w pokoi, oferujemy r\u00f3wnie\u017c rejestracj\u0119 uczestnik\u00f3w online, rejestracj\u0119 warsztat\u00f3w i rozliczanie op\u0142at konferencyjnych jako rozszerzenie.<br>&#8211; Programy ramowe<br>Wycieczki z przewodnikiem po G\u00e4nseliesel, w strojach historycznych lub do podziemi Getyngi &#8211; poznaj swoje miasto gospodarza podczas jednej z ponad 30 zabawnych i pouczaj\u0105cych wycieczek. Odkryj Getyng\u0119 podczas wycieczki w obie strony autobusem London Bus lub podbij Eichsfeld, Harz lub Weserbergland podczas jednodniowej wycieczki. Je\u015bli szukasz sportowych wyzwa\u0144 lub zaj\u0119\u0107 integracyjnych, mo\u017cemy skontaktowa\u0107 Ci\u0119 z parkami linowymi, organizatorami sp\u0142yw\u00f3w kajakowych, wycieczek na rowerach g\u00f3rskich z GPS, polami golfowymi&#8230;<br>&#8211; Biurko powitalne<br>Obs\u0142uga konferencji i kongres\u00f3w w Getyndze zorganizuje punkt powitalny podczas wydarzenia. Jeden z naszych pracownik\u00f3w rozdaje materia\u0142y informacyjne, takie jak mapy miasta i broszury wizerunkowe, pomaga w poszukiwaniu zakwaterowania i udziela wskaz\u00f3wek dotycz\u0105cych restauracji i rozrywkowych wieczor\u00f3w.<\/p>\n","protected":false},"excerpt":{"rendered":"<p>Konferencje i kongresy w Getyndze &#8211; dobry pomys\u0142! Region konferencyjny i kongresowy Getyngi jest centralnie po\u0142o\u017cony w \u015brodku Niemiec i jest \u0142atwo dost\u0119pny poci\u0105giem i samochodem ze wszystkich kierunk\u00f3w. Bez wzgl\u0119du na to, czy podr\u00f3\u017cujesz z Hamburga, Kolonii, Monachium, Stuttgartu, Drezna czy Berlina: Do Getyngi mo\u017cna dojecha\u0107 samochodem w maksymalnie cztery godziny. Na miejscu mo\u017cna [&hellip;]<\/p>\n","protected":false},"author":1,"featured_media":17357,"parent":18011,"menu_order":0,"comment_status":"closed","ping_status":"closed","template":"pagetemplates\/template-stadtthema.php","meta":{"_acf_changed":false,"footnotes":""},"categories":[],"tags":[],"ncap_cities_tax":[436,1144],"class_list":["post-17348","page","type-page","status-publish","has-post-thumbnail","hentry","ncap_cities_tax-goettingen-pl","ncap_cities_tax-tagungen-und-kongresse-goettingen-pl"],"acf":[],"yoast_head":"<!-- This site is optimized with the Yoast SEO plugin v27.4 - https:\/\/yoast.com\/product\/yoast-seo-wordpress\/ -->\n<title>Konferencje i kongresy w Getyndze - 9 St\u00e4dte in Niedersachsen<\/title>\n<meta name=\"robots\" content=\"index, follow, max-snippet:-1, max-image-preview:large, max-video-preview:-1\" \/>\n<link rel=\"canonical\" href=\"https:\/\/9staedte.de\/pl\/getynga-miasto-ktore-tworzy-wiedze\/konferencje-i-kongresy-w-getyndze\/\" \/>\n<meta property=\"og:locale\" content=\"pl_PL\" \/>\n<meta property=\"og:type\" content=\"article\" \/>\n<meta property=\"og:title\" content=\"Konferencje i kongresy w Getyndze - 9 St\u00e4dte in Niedersachsen\" \/>\n<meta property=\"og:description\" content=\"Konferencje i kongresy w Getyndze &#8211; dobry pomys\u0142! Region konferencyjny i kongresowy Getyngi jest centralnie po\u0142o\u017cony w \u015brodku Niemiec i jest \u0142atwo dost\u0119pny poci\u0105giem i samochodem ze wszystkich kierunk\u00f3w. Bez wzgl\u0119du na to, czy podr\u00f3\u017cujesz z Hamburga, Kolonii, Monachium, Stuttgartu, Drezna czy Berlina: Do Getyngi mo\u017cna dojecha\u0107 samochodem w maksymalnie cztery godziny. Na miejscu mo\u017cna [&hellip;]\" \/>\n<meta property=\"og:url\" content=\"https:\/\/9staedte.de\/pl\/getynga-miasto-ktore-tworzy-wiedze\/konferencje-i-kongresy-w-getyndze\/\" \/>\n<meta property=\"og:site_name\" content=\"9 St\u00e4dte in Niedersachsen\" \/>\n<meta property=\"article:modified_time\" content=\"2025-05-05T14:24:21+00:00\" \/>\n<meta property=\"og:image\" content=\"https:\/\/9staedte.de\/wp-content\/uploads\/2023\/02\/Goettingen_Altes-Rathaus-Abendstimmung-c-Lars-Gerhadts.jpg\" \/>\n\t<meta property=\"og:image:width\" content=\"1020\" \/>\n\t<meta property=\"og:image:height\" content=\"560\" \/>\n\t<meta property=\"og:image:type\" content=\"image\/jpeg\" \/>\n<meta name=\"twitter:card\" content=\"summary_large_image\" \/>\n<meta name=\"twitter:label1\" content=\"Szacowany czas czytania\" \/>\n\t<meta name=\"twitter:data1\" content=\"3 minuty\" \/>\n<script type=\"application\/ld+json\" class=\"yoast-schema-graph\">{\"@context\":\"https:\\\/\\\/schema.org\",\"@graph\":[{\"@type\":\"WebPage\",\"@id\":\"https:\\\/\\\/9staedte.de\\\/pl\\\/getynga-miasto-ktore-tworzy-wiedze\\\/konferencje-i-kongresy-w-getyndze\\\/\",\"url\":\"https:\\\/\\\/9staedte.de\\\/pl\\\/getynga-miasto-ktore-tworzy-wiedze\\\/konferencje-i-kongresy-w-getyndze\\\/\",\"name\":\"Konferencje i kongresy w Getyndze - 9 St\u00e4dte in Niedersachsen\",\"isPartOf\":{\"@id\":\"https:\\\/\\\/9staedte.de\\\/pl\\\/#website\"},\"primaryImageOfPage\":{\"@id\":\"https:\\\/\\\/9staedte.de\\\/pl\\\/getynga-miasto-ktore-tworzy-wiedze\\\/konferencje-i-kongresy-w-getyndze\\\/#primaryimage\"},\"image\":{\"@id\":\"https:\\\/\\\/9staedte.de\\\/pl\\\/getynga-miasto-ktore-tworzy-wiedze\\\/konferencje-i-kongresy-w-getyndze\\\/#primaryimage\"},\"thumbnailUrl\":\"https:\\\/\\\/9staedte.de\\\/wp-content\\\/uploads\\\/2023\\\/02\\\/Goettingen_Altes-Rathaus-Abendstimmung-c-Lars-Gerhadts.jpg\",\"datePublished\":\"2023-11-02T08:48:26+00:00\",\"dateModified\":\"2025-05-05T14:24:21+00:00\",\"breadcrumb\":{\"@id\":\"https:\\\/\\\/9staedte.de\\\/pl\\\/getynga-miasto-ktore-tworzy-wiedze\\\/konferencje-i-kongresy-w-getyndze\\\/#breadcrumb\"},\"inLanguage\":\"pl-PL\",\"potentialAction\":[{\"@type\":\"ReadAction\",\"target\":[\"https:\\\/\\\/9staedte.de\\\/pl\\\/getynga-miasto-ktore-tworzy-wiedze\\\/konferencje-i-kongresy-w-getyndze\\\/\"]}]},{\"@type\":\"ImageObject\",\"inLanguage\":\"pl-PL\",\"@id\":\"https:\\\/\\\/9staedte.de\\\/pl\\\/getynga-miasto-ktore-tworzy-wiedze\\\/konferencje-i-kongresy-w-getyndze\\\/#primaryimage\",\"url\":\"https:\\\/\\\/9staedte.de\\\/wp-content\\\/uploads\\\/2023\\\/02\\\/Goettingen_Altes-Rathaus-Abendstimmung-c-Lars-Gerhadts.jpg\",\"contentUrl\":\"https:\\\/\\\/9staedte.de\\\/wp-content\\\/uploads\\\/2023\\\/02\\\/Goettingen_Altes-Rathaus-Abendstimmung-c-Lars-Gerhadts.jpg\",\"width\":1020,\"height\":560,\"caption\":\"G\u00f6ttingen_Altes Rathaus - Abendstimmung c) Lars Gerhadts\"},{\"@type\":\"BreadcrumbList\",\"@id\":\"https:\\\/\\\/9staedte.de\\\/pl\\\/getynga-miasto-ktore-tworzy-wiedze\\\/konferencje-i-kongresy-w-getyndze\\\/#breadcrumb\",\"itemListElement\":[{\"@type\":\"ListItem\",\"position\":1,\"name\":\"Startseite\",\"item\":\"https:\\\/\\\/9staedte.de\\\/pl\\\/\"},{\"@type\":\"ListItem\",\"position\":2,\"name\":\"Getynga &#8211; miasto, kt\u00f3re tworzy wiedz\u0119\",\"item\":\"https:\\\/\\\/9staedte.de\\\/pl\\\/getynga-miasto-ktore-tworzy-wiedze\\\/\"},{\"@type\":\"ListItem\",\"position\":3,\"name\":\"Konferencje i kongresy w Getyndze\"}]},{\"@type\":\"WebSite\",\"@id\":\"https:\\\/\\\/9staedte.de\\\/pl\\\/#website\",\"url\":\"https:\\\/\\\/9staedte.de\\\/pl\\\/\",\"name\":\"9 St\u00e4dte in Niedersachsen\",\"description\":\"\",\"publisher\":{\"@id\":\"https:\\\/\\\/9staedte.de\\\/pl\\\/#organization\"},\"potentialAction\":[{\"@type\":\"SearchAction\",\"target\":{\"@type\":\"EntryPoint\",\"urlTemplate\":\"https:\\\/\\\/9staedte.de\\\/pl\\\/?s={search_term_string}\"},\"query-input\":{\"@type\":\"PropertyValueSpecification\",\"valueRequired\":true,\"valueName\":\"search_term_string\"}}],\"inLanguage\":\"pl-PL\"},{\"@type\":\"Organization\",\"@id\":\"https:\\\/\\\/9staedte.de\\\/pl\\\/#organization\",\"name\":\"9 St\u00e4dte in Niedersachsen\",\"url\":\"https:\\\/\\\/9staedte.de\\\/pl\\\/\",\"logo\":{\"@type\":\"ImageObject\",\"inLanguage\":\"pl-PL\",\"@id\":\"https:\\\/\\\/9staedte.de\\\/pl\\\/#\\\/schema\\\/logo\\\/image\\\/\",\"url\":\"https:\\\/\\\/9staedte.de\\\/wp-content\\\/uploads\\\/2025\\\/01\\\/9-neg-deutsch-2-1.png\",\"contentUrl\":\"https:\\\/\\\/9staedte.de\\\/wp-content\\\/uploads\\\/2025\\\/01\\\/9-neg-deutsch-2-1.png\",\"width\":190,\"height\":114,\"caption\":\"9 St\u00e4dte in Niedersachsen\"},\"image\":{\"@id\":\"https:\\\/\\\/9staedte.de\\\/pl\\\/#\\\/schema\\\/logo\\\/image\\\/\"}}]}<\/script>\n<!-- \/ Yoast SEO plugin. -->","yoast_head_json":{"title":"Konferencje i kongresy w Getyndze - 9 St\u00e4dte in Niedersachsen","robots":{"index":"index","follow":"follow","max-snippet":"max-snippet:-1","max-image-preview":"max-image-preview:large","max-video-preview":"max-video-preview:-1"},"canonical":"https:\/\/9staedte.de\/pl\/getynga-miasto-ktore-tworzy-wiedze\/konferencje-i-kongresy-w-getyndze\/","og_locale":"pl_PL","og_type":"article","og_title":"Konferencje i kongresy w Getyndze - 9 St\u00e4dte in Niedersachsen","og_description":"Konferencje i kongresy w Getyndze &#8211; dobry pomys\u0142! Region konferencyjny i kongresowy Getyngi jest centralnie po\u0142o\u017cony w \u015brodku Niemiec i jest \u0142atwo dost\u0119pny poci\u0105giem i samochodem ze wszystkich kierunk\u00f3w. Bez wzgl\u0119du na to, czy podr\u00f3\u017cujesz z Hamburga, Kolonii, Monachium, Stuttgartu, Drezna czy Berlina: Do Getyngi mo\u017cna dojecha\u0107 samochodem w maksymalnie cztery godziny. Na miejscu mo\u017cna [&hellip;]","og_url":"https:\/\/9staedte.de\/pl\/getynga-miasto-ktore-tworzy-wiedze\/konferencje-i-kongresy-w-getyndze\/","og_site_name":"9 St\u00e4dte in Niedersachsen","article_modified_time":"2025-05-05T14:24:21+00:00","og_image":[{"width":1020,"height":560,"url":"https:\/\/9staedte.de\/wp-content\/uploads\/2023\/02\/Goettingen_Altes-Rathaus-Abendstimmung-c-Lars-Gerhadts.jpg","type":"image\/jpeg"}],"twitter_card":"summary_large_image","twitter_misc":{"Szacowany czas czytania":"3 minuty"},"schema":{"@context":"https:\/\/schema.org","@graph":[{"@type":"WebPage","@id":"https:\/\/9staedte.de\/pl\/getynga-miasto-ktore-tworzy-wiedze\/konferencje-i-kongresy-w-getyndze\/","url":"https:\/\/9staedte.de\/pl\/getynga-miasto-ktore-tworzy-wiedze\/konferencje-i-kongresy-w-getyndze\/","name":"Konferencje i kongresy w Getyndze - 9 St\u00e4dte in Niedersachsen","isPartOf":{"@id":"https:\/\/9staedte.de\/pl\/#website"},"primaryImageOfPage":{"@id":"https:\/\/9staedte.de\/pl\/getynga-miasto-ktore-tworzy-wiedze\/konferencje-i-kongresy-w-getyndze\/#primaryimage"},"image":{"@id":"https:\/\/9staedte.de\/pl\/getynga-miasto-ktore-tworzy-wiedze\/konferencje-i-kongresy-w-getyndze\/#primaryimage"},"thumbnailUrl":"https:\/\/9staedte.de\/wp-content\/uploads\/2023\/02\/Goettingen_Altes-Rathaus-Abendstimmung-c-Lars-Gerhadts.jpg","datePublished":"2023-11-02T08:48:26+00:00","dateModified":"2025-05-05T14:24:21+00:00","breadcrumb":{"@id":"https:\/\/9staedte.de\/pl\/getynga-miasto-ktore-tworzy-wiedze\/konferencje-i-kongresy-w-getyndze\/#breadcrumb"},"inLanguage":"pl-PL","potentialAction":[{"@type":"ReadAction","target":["https:\/\/9staedte.de\/pl\/getynga-miasto-ktore-tworzy-wiedze\/konferencje-i-kongresy-w-getyndze\/"]}]},{"@type":"ImageObject","inLanguage":"pl-PL","@id":"https:\/\/9staedte.de\/pl\/getynga-miasto-ktore-tworzy-wiedze\/konferencje-i-kongresy-w-getyndze\/#primaryimage","url":"https:\/\/9staedte.de\/wp-content\/uploads\/2023\/02\/Goettingen_Altes-Rathaus-Abendstimmung-c-Lars-Gerhadts.jpg","contentUrl":"https:\/\/9staedte.de\/wp-content\/uploads\/2023\/02\/Goettingen_Altes-Rathaus-Abendstimmung-c-Lars-Gerhadts.jpg","width":1020,"height":560,"caption":"G\u00f6ttingen_Altes Rathaus - Abendstimmung c) Lars Gerhadts"},{"@type":"BreadcrumbList","@id":"https:\/\/9staedte.de\/pl\/getynga-miasto-ktore-tworzy-wiedze\/konferencje-i-kongresy-w-getyndze\/#breadcrumb","itemListElement":[{"@type":"ListItem","position":1,"name":"Startseite","item":"https:\/\/9staedte.de\/pl\/"},{"@type":"ListItem","position":2,"name":"Getynga &#8211; miasto, kt\u00f3re tworzy wiedz\u0119","item":"https:\/\/9staedte.de\/pl\/getynga-miasto-ktore-tworzy-wiedze\/"},{"@type":"ListItem","position":3,"name":"Konferencje i kongresy w Getyndze"}]},{"@type":"WebSite","@id":"https:\/\/9staedte.de\/pl\/#website","url":"https:\/\/9staedte.de\/pl\/","name":"9 St\u00e4dte in Niedersachsen","description":"","publisher":{"@id":"https:\/\/9staedte.de\/pl\/#organization"},"potentialAction":[{"@type":"SearchAction","target":{"@type":"EntryPoint","urlTemplate":"https:\/\/9staedte.de\/pl\/?s={search_term_string}"},"query-input":{"@type":"PropertyValueSpecification","valueRequired":true,"valueName":"search_term_string"}}],"inLanguage":"pl-PL"},{"@type":"Organization","@id":"https:\/\/9staedte.de\/pl\/#organization","name":"9 St\u00e4dte in Niedersachsen","url":"https:\/\/9staedte.de\/pl\/","logo":{"@type":"ImageObject","inLanguage":"pl-PL","@id":"https:\/\/9staedte.de\/pl\/#\/schema\/logo\/image\/","url":"https:\/\/9staedte.de\/wp-content\/uploads\/2025\/01\/9-neg-deutsch-2-1.png","contentUrl":"https:\/\/9staedte.de\/wp-content\/uploads\/2025\/01\/9-neg-deutsch-2-1.png","width":190,"height":114,"caption":"9 St\u00e4dte in Niedersachsen"},"image":{"@id":"https:\/\/9staedte.de\/pl\/#\/schema\/logo\/image\/"}}]}},"_links":{"self":[{"href":"https:\/\/9staedte.de\/pl\/wp-json\/wp\/v2\/pages\/17348","targetHints":{"allow":["GET"]}}],"collection":[{"href":"https:\/\/9staedte.de\/pl\/wp-json\/wp\/v2\/pages"}],"about":[{"href":"https:\/\/9staedte.de\/pl\/wp-json\/wp\/v2\/types\/page"}],"author":[{"embeddable":true,"href":"https:\/\/9staedte.de\/pl\/wp-json\/wp\/v2\/users\/1"}],"replies":[{"embeddable":true,"href":"https:\/\/9staedte.de\/pl\/wp-json\/wp\/v2\/comments?post=17348"}],"version-history":[{"count":2,"href":"https:\/\/9staedte.de\/pl\/wp-json\/wp\/v2\/pages\/17348\/revisions"}],"predecessor-version":[{"id":25360,"href":"https:\/\/9staedte.de\/pl\/wp-json\/wp\/v2\/pages\/17348\/revisions\/25360"}],"up":[{"embeddable":true,"href":"https:\/\/9staedte.de\/pl\/wp-json\/wp\/v2\/pages\/18011"}],"wp:featuredmedia":[{"embeddable":true,"href":"https:\/\/9staedte.de\/pl\/wp-json\/wp\/v2\/media\/17357"}],"wp:attachment":[{"href":"https:\/\/9staedte.de\/pl\/wp-json\/wp\/v2\/media?parent=17348"}],"wp:term":[{"taxonomy":"category","embeddable":true,"href":"https:\/\/9staedte.de\/pl\/wp-json\/wp\/v2\/categories?post=17348"},{"taxonomy":"post_tag","embeddable":true,"href":"https:\/\/9staedte.de\/pl\/wp-json\/wp\/v2\/tags?post=17348"},{"taxonomy":"ncap_cities_tax","embeddable":true,"href":"https:\/\/9staedte.de\/pl\/wp-json\/wp\/v2\/ncap_cities_tax?post=17348"}],"curies":[{"name":"wp","href":"https:\/\/api.w.org\/{rel}","templated":true}]}}