{"id":17314,"date":"2023-11-02T09:48:24","date_gmt":"2023-11-02T08:48:24","guid":{"rendered":"https:\/\/9staedte.de\/konferencje-i-kongresy-w-celle\/"},"modified":"2025-05-08T15:34:44","modified_gmt":"2025-05-08T13:34:44","slug":"konferencje-i-kongresy-w-celle","status":"publish","type":"page","link":"https:\/\/9staedte.de\/pl\/celle-urocze-miasteczko-mieszkalne\/konferencje-i-kongresy-w-celle\/","title":{"rendered":"Konferencje i kongresy w Celle"},"content":{"rendered":"\n<h2 class=\"wp-block-heading\">Nast\u0119pne spotkania i kongresy w Celle<\/h2>\n\n\n\n<p>Serdecznie zapraszamy do udzia\u0142u w kolejnych konferencjach i kongresach w Celle, centrum wydarze\u0144. Celle z wyj\u0105tkow\u0105 star\u00f3wk\u0105 z muru pruskiego i zamkiem, region z imponuj\u0105cym krajobrazem wrzosowisk, \u0142\u0105k, las\u00f3w i rzek.<\/p>\n\n\n\n<p>Congress Union to nowoczesne i wszechstronne centrum konferencyjne, kt\u00f3re mo\u017ce pomie\u015bci\u0107 do 3000 os\u00f3b. Idealne miejsce na mi\u0119dzynarodowe kongresy, spotkania firmowe, okaza\u0142e bankiety lub imponuj\u0105ce bale. Jednak wiele hoteli posiada r\u00f3wnie\u017c sale konferencyjne i sale spotka\u0144 o r\u00f3\u017cnych rozmiarach, dzi\u0119ki czemu dla ka\u017cdego spotkania biznesowego dost\u0119pna jest odpowiednia pojemno\u015b\u0107.<\/p>\n\n\n\n<p>Ch\u0119tnie pomo\u017cemy r\u00f3wnie\u017c w zaplanowaniu indywidualnego programu wydarzenia, zakwaterowania i wy\u017cywienia go\u015bci, a tak\u017ce zaj\u0119\u0107 rekreacyjnych. Niezale\u017cnie od tego, czy jeste\u015b w pracy, czy w wolnym czasie, chcemy&nbsp;, aby Twoje wydarzenie zako\u0144czy\u0142o si\u0119 sukcesem, a Twoi go\u015bcie poczuli si\u0119 w Celle jak w domu.<\/p>\n\n\n\n\n<div class=\"banner-wrapper\">\n  <div class=\"banner-inner \">\n      <div class=\"img-container\">\n      <div class=\"img-wrapper\">\n        <img decoding=\"async\" src=\"https:\/\/9staedte.de\/wp-content\/smush-webp\/2023\/02\/Ralves-Hof-Celle-c-Ralves-Hof.jpg.webp\" alt=\"Wiele os\u00f3b siedzi na zewn\u0105trz na bia\u0142ych krzes\u0142ach. Patrz\u0105 na star\u0105 zagrod\u0119 z czerwonym dachem. Jest lato i \u015bwieci s\u0142o\u0144ce. Jest uroczysto\u015b\u0107, mo\u017ce to wesele.\" \/>\n                  <div class=\"thumbnail-label\">\n            <span>Ralves Hof Celle c) Ralves Hof<\/span>\n          <\/div>\n              <\/div>\n    <\/div>\n        <div class=\"text-container\">\n      <div class=\"content\">\n        <h3>Unsere 9 Tipps f\u00fcr Tagungen und Kongresse in Celle<\/h3>\n<p>Congress Union Celle I Thaerplatz 1 I 29221 Celle<br \/>\nDas gr\u00f6\u00dfte Tagungs- und Congresshaus in Celle mit 11 Tagungsr\u00e4umen von 18 \u2013 3000 Personen. Unmittelbar  am Rande der Altstadt gelegen  mit guten Parkm\u00f6glichkeiten und zentral zu allen Hotels.<\/p>\n<p>Ralves Hof<br \/>\nTagen und feiern im historischen Bauernhaus aus dem Jahre 1589. Den besonderen Charme des romantischen Hofes macht seine idyllische l\u00e4ndliche Lage nur 2 km entfernt von der Celler Altstadt aus.<\/p>\n<p>Der Rittersaal im Celler Schloss<br \/>\nEdler und hochherrschaftlicher geht es kaum. Der Rittersaal im Celler Schloss in sowohl f\u00fcr eine Tagung wie auch f\u00fcr eine begleitende Veranstaltung wie einen Ball bis 300 Personen ein stilvolle R\u00e4umlichkeit.<\/p>\n<p>Stadtpalais Celle<br \/>\n1 Tagungsraum f\u00fcr 2-120 Personen. Stilvoll tagen und feiern im Ambiente eines ehemaligen Offizierskasinos mit angeschlossenem Biergarten.<\/p>\n<p>Hotel F\u00fcrstenhof*****<br \/>\n72 Zimmer und Suiten, 7 Tagungsr\u00e4umen f\u00fcr 2-200 Personen. Das  Hotel der Luxus Klasse im Ambiente eines ehemaligen Barockpalais liegt zentrumsnah am Altstadtrand.<\/p>\n<p>Ringhotel Celler Tor****s<br \/>\n73 Zimmer unterschiedlicher Kategorie, 14 behinderten freundliche Zimmer, 1 behinderten gerechtes Zimmer, 15 Tagungsr\u00e4umen f\u00fcr 4-350 Personen. Das familiengef\u00fchrte First Class superior Hotel liegt im n\u00f6rdlichen Stadtteil Gro\u00df Hehlen und verf\u00fcgt auch \u00fcber behinderten- und rollstuhlgerechte Zimmer.<\/p>\n<p>Hotel Caroline Mathilde****<br \/>\n53 Zimmer, 3 Tagungsr\u00e4ume f\u00fcr 2-30 Personen. Idyllisch am Celler Weinberg gelegen, befindet sich das Hotel nur wenige Gehminuten entfernt zur Altstadt.<\/p>\n<p>InterCity Hotel***<br \/>\n121 Zimmer, 4 Tagungsr\u00e4ume f\u00fcr 2 bis 55 Personen. Mit Blick auf die Fachwerkkulisse der Celler Altstadt liegt das Komforthotel nur ein paar Minuten Fu\u00dfweg entfernt von allen Sehensw\u00fcrdigkeiten.<\/p>\n<p>Tryp Hotel Celle***<br \/>\n126 Zimmer, 3 Tagungsr\u00e4ume von 2-100 Personen. Ruhig gelegen nur ca. 2 km entfernt von der Celler Altstadt.<\/p>\n      <\/div>\n    <\/div>\n    <\/div>\n<\/div>\n\n\n\n\n<p><\/p>\n","protected":false},"excerpt":{"rendered":"<p>Nast\u0119pne spotkania i kongresy w Celle Serdecznie zapraszamy do udzia\u0142u w kolejnych konferencjach i kongresach w Celle, centrum wydarze\u0144. Celle z wyj\u0105tkow\u0105 star\u00f3wk\u0105 z muru pruskiego i zamkiem, region z imponuj\u0105cym krajobrazem wrzosowisk, \u0142\u0105k, las\u00f3w i rzek. Congress Union to nowoczesne i wszechstronne centrum konferencyjne, kt\u00f3re mo\u017ce pomie\u015bci\u0107 do 3000 os\u00f3b. Idealne miejsce na mi\u0119dzynarodowe [&hellip;]<\/p>\n","protected":false},"author":1,"featured_media":17320,"parent":18081,"menu_order":0,"comment_status":"closed","ping_status":"closed","template":"pagetemplates\/template-stadtthema.php","meta":{"_acf_changed":false,"footnotes":""},"categories":[],"tags":[],"ncap_cities_tax":[430,1136],"class_list":["post-17314","page","type-page","status-publish","has-post-thumbnail","hentry","ncap_cities_tax-celle-pl","ncap_cities_tax-tagungen-und-kongresse-celle-pl"],"acf":[],"yoast_head":"<!-- This site is optimized with the Yoast SEO plugin v26.8 - https:\/\/yoast.com\/product\/yoast-seo-wordpress\/ -->\n<title>Konferencje i kongresy w Celle - 9 St\u00e4dte in Niedersachsen<\/title>\n<meta name=\"robots\" content=\"index, follow, max-snippet:-1, max-image-preview:large, max-video-preview:-1\" \/>\n<link rel=\"canonical\" href=\"https:\/\/9staedte.de\/pl\/celle-urocze-miasteczko-mieszkalne\/konferencje-i-kongresy-w-celle\/\" \/>\n<meta property=\"og:locale\" content=\"pl_PL\" \/>\n<meta property=\"og:type\" content=\"article\" \/>\n<meta property=\"og:title\" content=\"Konferencje i kongresy w Celle - 9 St\u00e4dte in Niedersachsen\" \/>\n<meta property=\"og:description\" content=\"Nast\u0119pne spotkania i kongresy w Celle Serdecznie zapraszamy do udzia\u0142u w kolejnych konferencjach i kongresach w Celle, centrum wydarze\u0144. Celle z wyj\u0105tkow\u0105 star\u00f3wk\u0105 z muru pruskiego i zamkiem, region z imponuj\u0105cym krajobrazem wrzosowisk, \u0142\u0105k, las\u00f3w i rzek. Congress Union to nowoczesne i wszechstronne centrum konferencyjne, kt\u00f3re mo\u017ce pomie\u015bci\u0107 do 3000 os\u00f3b. Idealne miejsce na mi\u0119dzynarodowe [&hellip;]\" \/>\n<meta property=\"og:url\" content=\"https:\/\/9staedte.de\/pl\/celle-urocze-miasteczko-mieszkalne\/konferencje-i-kongresy-w-celle\/\" \/>\n<meta property=\"og:site_name\" content=\"9 St\u00e4dte in Niedersachsen\" \/>\n<meta property=\"article:modified_time\" content=\"2025-05-08T13:34:44+00:00\" \/>\n<meta property=\"og:image\" content=\"https:\/\/9staedte.de\/wp-content\/uploads\/2023\/02\/Congress-Union-Celle-c-Congress-Union.jpg\" \/>\n\t<meta property=\"og:image:width\" content=\"1020\" \/>\n\t<meta property=\"og:image:height\" content=\"561\" \/>\n\t<meta property=\"og:image:type\" content=\"image\/jpeg\" \/>\n<meta name=\"twitter:card\" content=\"summary_large_image\" \/>\n<meta name=\"twitter:label1\" content=\"Szacowany czas czytania\" \/>\n\t<meta name=\"twitter:data1\" content=\"1 minuta\" \/>\n<script type=\"application\/ld+json\" class=\"yoast-schema-graph\">{\"@context\":\"https:\/\/schema.org\",\"@graph\":[{\"@type\":\"WebPage\",\"@id\":\"https:\/\/9staedte.de\/pl\/celle-urocze-miasteczko-mieszkalne\/konferencje-i-kongresy-w-celle\/\",\"url\":\"https:\/\/9staedte.de\/pl\/celle-urocze-miasteczko-mieszkalne\/konferencje-i-kongresy-w-celle\/\",\"name\":\"Konferencje i kongresy w Celle - 9 St\u00e4dte in Niedersachsen\",\"isPartOf\":{\"@id\":\"https:\/\/9staedte.de\/pl\/#website\"},\"primaryImageOfPage\":{\"@id\":\"https:\/\/9staedte.de\/pl\/celle-urocze-miasteczko-mieszkalne\/konferencje-i-kongresy-w-celle\/#primaryimage\"},\"image\":{\"@id\":\"https:\/\/9staedte.de\/pl\/celle-urocze-miasteczko-mieszkalne\/konferencje-i-kongresy-w-celle\/#primaryimage\"},\"thumbnailUrl\":\"https:\/\/9staedte.de\/wp-content\/uploads\/2023\/02\/Congress-Union-Celle-c-Congress-Union.jpg\",\"datePublished\":\"2023-11-02T08:48:24+00:00\",\"dateModified\":\"2025-05-08T13:34:44+00:00\",\"breadcrumb\":{\"@id\":\"https:\/\/9staedte.de\/pl\/celle-urocze-miasteczko-mieszkalne\/konferencje-i-kongresy-w-celle\/#breadcrumb\"},\"inLanguage\":\"pl-PL\",\"potentialAction\":[{\"@type\":\"ReadAction\",\"target\":[\"https:\/\/9staedte.de\/pl\/celle-urocze-miasteczko-mieszkalne\/konferencje-i-kongresy-w-celle\/\"]}]},{\"@type\":\"ImageObject\",\"inLanguage\":\"pl-PL\",\"@id\":\"https:\/\/9staedte.de\/pl\/celle-urocze-miasteczko-mieszkalne\/konferencje-i-kongresy-w-celle\/#primaryimage\",\"url\":\"https:\/\/9staedte.de\/wp-content\/uploads\/2023\/02\/Congress-Union-Celle-c-Congress-Union.jpg\",\"contentUrl\":\"https:\/\/9staedte.de\/wp-content\/uploads\/2023\/02\/Congress-Union-Celle-c-Congress-Union.jpg\",\"width\":1020,\"height\":561,\"caption\":\"Congress Union Celle c) Congress Union\"},{\"@type\":\"BreadcrumbList\",\"@id\":\"https:\/\/9staedte.de\/pl\/celle-urocze-miasteczko-mieszkalne\/konferencje-i-kongresy-w-celle\/#breadcrumb\",\"itemListElement\":[{\"@type\":\"ListItem\",\"position\":1,\"name\":\"Startseite\",\"item\":\"https:\/\/9staedte.de\/pl\/\"},{\"@type\":\"ListItem\",\"position\":2,\"name\":\"Celle &#8211; Urocze miasteczko mieszkalne\",\"item\":\"https:\/\/9staedte.de\/pl\/celle-urocze-miasteczko-mieszkalne\/\"},{\"@type\":\"ListItem\",\"position\":3,\"name\":\"Konferencje i kongresy w Celle\"}]},{\"@type\":\"WebSite\",\"@id\":\"https:\/\/9staedte.de\/pl\/#website\",\"url\":\"https:\/\/9staedte.de\/pl\/\",\"name\":\"9 St\u00e4dte in Niedersachsen\",\"description\":\"\",\"publisher\":{\"@id\":\"https:\/\/9staedte.de\/pl\/#organization\"},\"potentialAction\":[{\"@type\":\"SearchAction\",\"target\":{\"@type\":\"EntryPoint\",\"urlTemplate\":\"https:\/\/9staedte.de\/pl\/?s={search_term_string}\"},\"query-input\":{\"@type\":\"PropertyValueSpecification\",\"valueRequired\":true,\"valueName\":\"search_term_string\"}}],\"inLanguage\":\"pl-PL\"},{\"@type\":\"Organization\",\"@id\":\"https:\/\/9staedte.de\/pl\/#organization\",\"name\":\"9 St\u00e4dte in Niedersachsen\",\"url\":\"https:\/\/9staedte.de\/pl\/\",\"logo\":{\"@type\":\"ImageObject\",\"inLanguage\":\"pl-PL\",\"@id\":\"https:\/\/9staedte.de\/pl\/#\/schema\/logo\/image\/\",\"url\":\"https:\/\/9staedte.de\/wp-content\/uploads\/2025\/01\/9-neg-deutsch-2-1.png\",\"contentUrl\":\"https:\/\/9staedte.de\/wp-content\/uploads\/2025\/01\/9-neg-deutsch-2-1.png\",\"width\":190,\"height\":114,\"caption\":\"9 St\u00e4dte in Niedersachsen\"},\"image\":{\"@id\":\"https:\/\/9staedte.de\/pl\/#\/schema\/logo\/image\/\"}}]}<\/script>\n<!-- \/ Yoast SEO plugin. -->","yoast_head_json":{"title":"Konferencje i kongresy w Celle - 9 St\u00e4dte in Niedersachsen","robots":{"index":"index","follow":"follow","max-snippet":"max-snippet:-1","max-image-preview":"max-image-preview:large","max-video-preview":"max-video-preview:-1"},"canonical":"https:\/\/9staedte.de\/pl\/celle-urocze-miasteczko-mieszkalne\/konferencje-i-kongresy-w-celle\/","og_locale":"pl_PL","og_type":"article","og_title":"Konferencje i kongresy w Celle - 9 St\u00e4dte in Niedersachsen","og_description":"Nast\u0119pne spotkania i kongresy w Celle Serdecznie zapraszamy do udzia\u0142u w kolejnych konferencjach i kongresach w Celle, centrum wydarze\u0144. Celle z wyj\u0105tkow\u0105 star\u00f3wk\u0105 z muru pruskiego i zamkiem, region z imponuj\u0105cym krajobrazem wrzosowisk, \u0142\u0105k, las\u00f3w i rzek. Congress Union to nowoczesne i wszechstronne centrum konferencyjne, kt\u00f3re mo\u017ce pomie\u015bci\u0107 do 3000 os\u00f3b. Idealne miejsce na mi\u0119dzynarodowe [&hellip;]","og_url":"https:\/\/9staedte.de\/pl\/celle-urocze-miasteczko-mieszkalne\/konferencje-i-kongresy-w-celle\/","og_site_name":"9 St\u00e4dte in Niedersachsen","article_modified_time":"2025-05-08T13:34:44+00:00","og_image":[{"width":1020,"height":561,"url":"https:\/\/9staedte.de\/wp-content\/uploads\/2023\/02\/Congress-Union-Celle-c-Congress-Union.jpg","type":"image\/jpeg"}],"twitter_card":"summary_large_image","twitter_misc":{"Szacowany czas czytania":"1 minuta"},"schema":{"@context":"https:\/\/schema.org","@graph":[{"@type":"WebPage","@id":"https:\/\/9staedte.de\/pl\/celle-urocze-miasteczko-mieszkalne\/konferencje-i-kongresy-w-celle\/","url":"https:\/\/9staedte.de\/pl\/celle-urocze-miasteczko-mieszkalne\/konferencje-i-kongresy-w-celle\/","name":"Konferencje i kongresy w Celle - 9 St\u00e4dte in Niedersachsen","isPartOf":{"@id":"https:\/\/9staedte.de\/pl\/#website"},"primaryImageOfPage":{"@id":"https:\/\/9staedte.de\/pl\/celle-urocze-miasteczko-mieszkalne\/konferencje-i-kongresy-w-celle\/#primaryimage"},"image":{"@id":"https:\/\/9staedte.de\/pl\/celle-urocze-miasteczko-mieszkalne\/konferencje-i-kongresy-w-celle\/#primaryimage"},"thumbnailUrl":"https:\/\/9staedte.de\/wp-content\/uploads\/2023\/02\/Congress-Union-Celle-c-Congress-Union.jpg","datePublished":"2023-11-02T08:48:24+00:00","dateModified":"2025-05-08T13:34:44+00:00","breadcrumb":{"@id":"https:\/\/9staedte.de\/pl\/celle-urocze-miasteczko-mieszkalne\/konferencje-i-kongresy-w-celle\/#breadcrumb"},"inLanguage":"pl-PL","potentialAction":[{"@type":"ReadAction","target":["https:\/\/9staedte.de\/pl\/celle-urocze-miasteczko-mieszkalne\/konferencje-i-kongresy-w-celle\/"]}]},{"@type":"ImageObject","inLanguage":"pl-PL","@id":"https:\/\/9staedte.de\/pl\/celle-urocze-miasteczko-mieszkalne\/konferencje-i-kongresy-w-celle\/#primaryimage","url":"https:\/\/9staedte.de\/wp-content\/uploads\/2023\/02\/Congress-Union-Celle-c-Congress-Union.jpg","contentUrl":"https:\/\/9staedte.de\/wp-content\/uploads\/2023\/02\/Congress-Union-Celle-c-Congress-Union.jpg","width":1020,"height":561,"caption":"Congress Union Celle c) Congress Union"},{"@type":"BreadcrumbList","@id":"https:\/\/9staedte.de\/pl\/celle-urocze-miasteczko-mieszkalne\/konferencje-i-kongresy-w-celle\/#breadcrumb","itemListElement":[{"@type":"ListItem","position":1,"name":"Startseite","item":"https:\/\/9staedte.de\/pl\/"},{"@type":"ListItem","position":2,"name":"Celle &#8211; Urocze miasteczko mieszkalne","item":"https:\/\/9staedte.de\/pl\/celle-urocze-miasteczko-mieszkalne\/"},{"@type":"ListItem","position":3,"name":"Konferencje i kongresy w Celle"}]},{"@type":"WebSite","@id":"https:\/\/9staedte.de\/pl\/#website","url":"https:\/\/9staedte.de\/pl\/","name":"9 St\u00e4dte in Niedersachsen","description":"","publisher":{"@id":"https:\/\/9staedte.de\/pl\/#organization"},"potentialAction":[{"@type":"SearchAction","target":{"@type":"EntryPoint","urlTemplate":"https:\/\/9staedte.de\/pl\/?s={search_term_string}"},"query-input":{"@type":"PropertyValueSpecification","valueRequired":true,"valueName":"search_term_string"}}],"inLanguage":"pl-PL"},{"@type":"Organization","@id":"https:\/\/9staedte.de\/pl\/#organization","name":"9 St\u00e4dte in Niedersachsen","url":"https:\/\/9staedte.de\/pl\/","logo":{"@type":"ImageObject","inLanguage":"pl-PL","@id":"https:\/\/9staedte.de\/pl\/#\/schema\/logo\/image\/","url":"https:\/\/9staedte.de\/wp-content\/uploads\/2025\/01\/9-neg-deutsch-2-1.png","contentUrl":"https:\/\/9staedte.de\/wp-content\/uploads\/2025\/01\/9-neg-deutsch-2-1.png","width":190,"height":114,"caption":"9 St\u00e4dte in Niedersachsen"},"image":{"@id":"https:\/\/9staedte.de\/pl\/#\/schema\/logo\/image\/"}}]}},"_links":{"self":[{"href":"https:\/\/9staedte.de\/pl\/wp-json\/wp\/v2\/pages\/17314","targetHints":{"allow":["GET"]}}],"collection":[{"href":"https:\/\/9staedte.de\/pl\/wp-json\/wp\/v2\/pages"}],"about":[{"href":"https:\/\/9staedte.de\/pl\/wp-json\/wp\/v2\/types\/page"}],"author":[{"embeddable":true,"href":"https:\/\/9staedte.de\/pl\/wp-json\/wp\/v2\/users\/1"}],"replies":[{"embeddable":true,"href":"https:\/\/9staedte.de\/pl\/wp-json\/wp\/v2\/comments?post=17314"}],"version-history":[{"count":2,"href":"https:\/\/9staedte.de\/pl\/wp-json\/wp\/v2\/pages\/17314\/revisions"}],"predecessor-version":[{"id":25448,"href":"https:\/\/9staedte.de\/pl\/wp-json\/wp\/v2\/pages\/17314\/revisions\/25448"}],"up":[{"embeddable":true,"href":"https:\/\/9staedte.de\/pl\/wp-json\/wp\/v2\/pages\/18081"}],"wp:featuredmedia":[{"embeddable":true,"href":"https:\/\/9staedte.de\/pl\/wp-json\/wp\/v2\/media\/17320"}],"wp:attachment":[{"href":"https:\/\/9staedte.de\/pl\/wp-json\/wp\/v2\/media?parent=17314"}],"wp:term":[{"taxonomy":"category","embeddable":true,"href":"https:\/\/9staedte.de\/pl\/wp-json\/wp\/v2\/categories?post=17314"},{"taxonomy":"post_tag","embeddable":true,"href":"https:\/\/9staedte.de\/pl\/wp-json\/wp\/v2\/tags?post=17314"},{"taxonomy":"ncap_cities_tax","embeddable":true,"href":"https:\/\/9staedte.de\/pl\/wp-json\/wp\/v2\/ncap_cities_tax?post=17314"}],"curies":[{"name":"wp","href":"https:\/\/api.w.org\/{rel}","templated":true}]}}