{"id":17308,"date":"2023-11-02T09:48:23","date_gmt":"2023-11-02T08:48:23","guid":{"rendered":"https:\/\/9staedte.de\/informacje-o-przewodnikach-i-wycieczkach-w-getyndze\/"},"modified":"2025-05-15T17:30:05","modified_gmt":"2025-05-15T15:30:05","slug":"informacje-o-przewodnikach-i-wycieczkach-w-getyndze","status":"publish","type":"page","link":"https:\/\/9staedte.de\/pl\/getynga-miasto-ktore-tworzy-wiedze\/informacje-o-przewodnikach-i-wycieczkach-w-getyndze\/","title":{"rendered":"Informacje o przewodnikach i wycieczkach w Getyndze"},"content":{"rendered":"\n<h2 class=\"wp-block-heading\">Kontakt z przewodnikiem i wycieczki Getynga:<\/h2>\n\n\n\n<h3 class=\"wp-block-heading\">Wycieczki jednodniowe<\/h3>\n\n\n\n<h4 class=\"wp-block-heading\">Weserbergland Tour<\/h4>\n\n\n\n<p>Na zach\u00f3d od Getyngi rozci\u0105ga si\u0119 region Weserbergland z licznymi zabytkami. Odwied\u017a miasto Hann z trzema rzekami. M\u00fcnden, klasztor Bursfelde i manufaktura porcelany F\u00fcrstenberg lub zrelaksuj si\u0119 podczas rejsu po Wezerze!<\/p>\n\n\n\n<h4 class=\"wp-block-heading\">Na drodze w Eichsfeld<\/h4>\n\n\n\n<p>Przeja\u017cd\u017cka przez historyczny krajobraz Eichsfeld doskonale \u0142\u0105czy w sobie do\u015bwiadczenia przyrodnicze i kulturowe. Odkryj Europejskie Muzeum Chleba i M\u0142yn Wilhelma Buscha w Eberg\u00f6tzen, jezioro Seeburg, domy z muru pruskiego w Duderstadt lub Muzeum Pogranicza w Teistungen.<\/p>\n\n\n\n<h4 class=\"wp-block-heading\">Wycieczka Harz<\/h4>\n\n\n\n<p>Panoramiczna przeja\u017cd\u017cka zabierze Ci\u0119 w legendarne g\u00f3ry i lasy Parku Narodowego Harz. Inne przystanki obejmuj\u0105 zapor\u0119 Ockertal i g\u00f3rnicze miasta St. Andreasberg i Clausthal-Zellerfeld.<\/p>\n\n\n\n<h4 class=\"wp-block-heading\">Ceny wszystkich wycieczek:<\/h4>\n\n\n\n<p>Przewodnik eksperta, p\u00f3\u0142 dnia\/4 godziny:<br>140,00 \u20ac (j\u0119zyk niemiecki) i 180,00 \u20ac (j\u0119zyk obcy)<br>Wycieczka jednodniowa\/8 godzin:<br>na \u017c\u0105danie<br>Autokary na \u017cyczenie.<\/p>\n\n\n\n<h4 class=\"wp-block-heading\">Rezerwacje z:<\/h4>\n\n\n\n<p>Tourist-Information<br>Markt 8<br>37073 G\u00f6ttingen<br>Tel.: +49 (0)551 49980-0<br><a href=\"mailto:info@goettingen-tourismus.de\">info@goettingen-tourismus.de<\/a><br><a href=\"http:\/\/www.goettingen-tourismus.de\">www.goettingen-tourismus.de<\/a><\/p>\n\n\n\n<p><\/p>\n","protected":false},"excerpt":{"rendered":"<p>Kontakt z przewodnikiem i wycieczki Getynga: Wycieczki jednodniowe Weserbergland Tour Na zach\u00f3d od Getyngi rozci\u0105ga si\u0119 region Weserbergland z licznymi zabytkami. Odwied\u017a miasto Hann z trzema rzekami. M\u00fcnden, klasztor Bursfelde i manufaktura porcelany F\u00fcrstenberg lub zrelaksuj si\u0119 podczas rejsu po Wezerze! Na drodze w Eichsfeld Przeja\u017cd\u017cka przez historyczny krajobraz Eichsfeld doskonale \u0142\u0105czy w sobie do\u015bwiadczenia [&hellip;]<\/p>\n","protected":false},"author":1,"featured_media":17317,"parent":18011,"menu_order":0,"comment_status":"closed","ping_status":"closed","template":"pagetemplates\/template-stadtthema.php","meta":{"_acf_changed":false,"footnotes":""},"categories":[],"tags":[],"ncap_cities_tax":[436,1276],"class_list":["post-17308","page","type-page","status-publish","has-post-thumbnail","hentry","ncap_cities_tax-goettingen-pl","ncap_cities_tax-reiseleitung-und-ausflugen-goettingen-pl"],"acf":[],"yoast_head":"<!-- This site is optimized with the Yoast SEO plugin v27.4 - https:\/\/yoast.com\/product\/yoast-seo-wordpress\/ -->\n<title>Informacje o przewodnikach i wycieczkach w Getyndze - 9 St\u00e4dte in Niedersachsen<\/title>\n<meta name=\"robots\" content=\"index, follow, max-snippet:-1, max-image-preview:large, max-video-preview:-1\" \/>\n<link rel=\"canonical\" href=\"https:\/\/9staedte.de\/pl\/getynga-miasto-ktore-tworzy-wiedze\/informacje-o-przewodnikach-i-wycieczkach-w-getyndze\/\" \/>\n<meta property=\"og:locale\" content=\"pl_PL\" \/>\n<meta property=\"og:type\" content=\"article\" \/>\n<meta property=\"og:title\" content=\"Informacje o przewodnikach i wycieczkach w Getyndze - 9 St\u00e4dte in Niedersachsen\" \/>\n<meta property=\"og:description\" content=\"Kontakt z przewodnikiem i wycieczki Getynga: Wycieczki jednodniowe Weserbergland Tour Na zach\u00f3d od Getyngi rozci\u0105ga si\u0119 region Weserbergland z licznymi zabytkami. Odwied\u017a miasto Hann z trzema rzekami. M\u00fcnden, klasztor Bursfelde i manufaktura porcelany F\u00fcrstenberg lub zrelaksuj si\u0119 podczas rejsu po Wezerze! Na drodze w Eichsfeld Przeja\u017cd\u017cka przez historyczny krajobraz Eichsfeld doskonale \u0142\u0105czy w sobie do\u015bwiadczenia [&hellip;]\" \/>\n<meta property=\"og:url\" content=\"https:\/\/9staedte.de\/pl\/getynga-miasto-ktore-tworzy-wiedze\/informacje-o-przewodnikach-i-wycieczkach-w-getyndze\/\" \/>\n<meta property=\"og:site_name\" content=\"9 St\u00e4dte in Niedersachsen\" \/>\n<meta property=\"article:modified_time\" content=\"2025-05-15T15:30:05+00:00\" \/>\n<meta property=\"og:image\" content=\"https:\/\/9staedte.de\/wp-content\/uploads\/2023\/02\/Werrabruecke-CC0-Lizenz_c_Max-Wiesenbach_Hann.-Muenden-Marketing-GmbH.jpg\" \/>\n\t<meta property=\"og:image:width\" content=\"1020\" \/>\n\t<meta property=\"og:image:height\" content=\"560\" \/>\n\t<meta property=\"og:image:type\" content=\"image\/jpeg\" \/>\n<meta name=\"twitter:card\" content=\"summary_large_image\" \/>\n<meta name=\"twitter:label1\" content=\"Szacowany czas czytania\" \/>\n\t<meta name=\"twitter:data1\" content=\"2 minuty\" \/>\n<script type=\"application\/ld+json\" class=\"yoast-schema-graph\">{\"@context\":\"https:\\\/\\\/schema.org\",\"@graph\":[{\"@type\":\"WebPage\",\"@id\":\"https:\\\/\\\/9staedte.de\\\/pl\\\/getynga-miasto-ktore-tworzy-wiedze\\\/informacje-o-przewodnikach-i-wycieczkach-w-getyndze\\\/\",\"url\":\"https:\\\/\\\/9staedte.de\\\/pl\\\/getynga-miasto-ktore-tworzy-wiedze\\\/informacje-o-przewodnikach-i-wycieczkach-w-getyndze\\\/\",\"name\":\"Informacje o przewodnikach i wycieczkach w Getyndze - 9 St\u00e4dte in Niedersachsen\",\"isPartOf\":{\"@id\":\"https:\\\/\\\/9staedte.de\\\/pl\\\/#website\"},\"primaryImageOfPage\":{\"@id\":\"https:\\\/\\\/9staedte.de\\\/pl\\\/getynga-miasto-ktore-tworzy-wiedze\\\/informacje-o-przewodnikach-i-wycieczkach-w-getyndze\\\/#primaryimage\"},\"image\":{\"@id\":\"https:\\\/\\\/9staedte.de\\\/pl\\\/getynga-miasto-ktore-tworzy-wiedze\\\/informacje-o-przewodnikach-i-wycieczkach-w-getyndze\\\/#primaryimage\"},\"thumbnailUrl\":\"https:\\\/\\\/9staedte.de\\\/wp-content\\\/uploads\\\/2023\\\/02\\\/Werrabruecke-CC0-Lizenz_c_Max-Wiesenbach_Hann.-Muenden-Marketing-GmbH.jpg\",\"datePublished\":\"2023-11-02T08:48:23+00:00\",\"dateModified\":\"2025-05-15T15:30:05+00:00\",\"breadcrumb\":{\"@id\":\"https:\\\/\\\/9staedte.de\\\/pl\\\/getynga-miasto-ktore-tworzy-wiedze\\\/informacje-o-przewodnikach-i-wycieczkach-w-getyndze\\\/#breadcrumb\"},\"inLanguage\":\"pl-PL\",\"potentialAction\":[{\"@type\":\"ReadAction\",\"target\":[\"https:\\\/\\\/9staedte.de\\\/pl\\\/getynga-miasto-ktore-tworzy-wiedze\\\/informacje-o-przewodnikach-i-wycieczkach-w-getyndze\\\/\"]}]},{\"@type\":\"ImageObject\",\"inLanguage\":\"pl-PL\",\"@id\":\"https:\\\/\\\/9staedte.de\\\/pl\\\/getynga-miasto-ktore-tworzy-wiedze\\\/informacje-o-przewodnikach-i-wycieczkach-w-getyndze\\\/#primaryimage\",\"url\":\"https:\\\/\\\/9staedte.de\\\/wp-content\\\/uploads\\\/2023\\\/02\\\/Werrabruecke-CC0-Lizenz_c_Max-Wiesenbach_Hann.-Muenden-Marketing-GmbH.jpg\",\"contentUrl\":\"https:\\\/\\\/9staedte.de\\\/wp-content\\\/uploads\\\/2023\\\/02\\\/Werrabruecke-CC0-Lizenz_c_Max-Wiesenbach_Hann.-Muenden-Marketing-GmbH.jpg\",\"width\":1020,\"height\":560,\"caption\":\"Hann. M\u00fcnden Werrabr\u00fccke CC0-Lizenz_(c)_Max Wiesenbach_Hann. M\u00fcnden Marketing GmbH\"},{\"@type\":\"BreadcrumbList\",\"@id\":\"https:\\\/\\\/9staedte.de\\\/pl\\\/getynga-miasto-ktore-tworzy-wiedze\\\/informacje-o-przewodnikach-i-wycieczkach-w-getyndze\\\/#breadcrumb\",\"itemListElement\":[{\"@type\":\"ListItem\",\"position\":1,\"name\":\"Startseite\",\"item\":\"https:\\\/\\\/9staedte.de\\\/pl\\\/\"},{\"@type\":\"ListItem\",\"position\":2,\"name\":\"Getynga &#8211; miasto, kt\u00f3re tworzy wiedz\u0119\",\"item\":\"https:\\\/\\\/9staedte.de\\\/pl\\\/getynga-miasto-ktore-tworzy-wiedze\\\/\"},{\"@type\":\"ListItem\",\"position\":3,\"name\":\"Informacje o przewodnikach i wycieczkach w Getyndze\"}]},{\"@type\":\"WebSite\",\"@id\":\"https:\\\/\\\/9staedte.de\\\/pl\\\/#website\",\"url\":\"https:\\\/\\\/9staedte.de\\\/pl\\\/\",\"name\":\"9 St\u00e4dte in Niedersachsen\",\"description\":\"\",\"publisher\":{\"@id\":\"https:\\\/\\\/9staedte.de\\\/pl\\\/#organization\"},\"potentialAction\":[{\"@type\":\"SearchAction\",\"target\":{\"@type\":\"EntryPoint\",\"urlTemplate\":\"https:\\\/\\\/9staedte.de\\\/pl\\\/?s={search_term_string}\"},\"query-input\":{\"@type\":\"PropertyValueSpecification\",\"valueRequired\":true,\"valueName\":\"search_term_string\"}}],\"inLanguage\":\"pl-PL\"},{\"@type\":\"Organization\",\"@id\":\"https:\\\/\\\/9staedte.de\\\/pl\\\/#organization\",\"name\":\"9 St\u00e4dte in Niedersachsen\",\"url\":\"https:\\\/\\\/9staedte.de\\\/pl\\\/\",\"logo\":{\"@type\":\"ImageObject\",\"inLanguage\":\"pl-PL\",\"@id\":\"https:\\\/\\\/9staedte.de\\\/pl\\\/#\\\/schema\\\/logo\\\/image\\\/\",\"url\":\"https:\\\/\\\/9staedte.de\\\/wp-content\\\/uploads\\\/2025\\\/01\\\/9-neg-deutsch-2-1.png\",\"contentUrl\":\"https:\\\/\\\/9staedte.de\\\/wp-content\\\/uploads\\\/2025\\\/01\\\/9-neg-deutsch-2-1.png\",\"width\":190,\"height\":114,\"caption\":\"9 St\u00e4dte in Niedersachsen\"},\"image\":{\"@id\":\"https:\\\/\\\/9staedte.de\\\/pl\\\/#\\\/schema\\\/logo\\\/image\\\/\"}}]}<\/script>\n<!-- \/ Yoast SEO plugin. -->","yoast_head_json":{"title":"Informacje o przewodnikach i wycieczkach w Getyndze - 9 St\u00e4dte in Niedersachsen","robots":{"index":"index","follow":"follow","max-snippet":"max-snippet:-1","max-image-preview":"max-image-preview:large","max-video-preview":"max-video-preview:-1"},"canonical":"https:\/\/9staedte.de\/pl\/getynga-miasto-ktore-tworzy-wiedze\/informacje-o-przewodnikach-i-wycieczkach-w-getyndze\/","og_locale":"pl_PL","og_type":"article","og_title":"Informacje o przewodnikach i wycieczkach w Getyndze - 9 St\u00e4dte in Niedersachsen","og_description":"Kontakt z przewodnikiem i wycieczki Getynga: Wycieczki jednodniowe Weserbergland Tour Na zach\u00f3d od Getyngi rozci\u0105ga si\u0119 region Weserbergland z licznymi zabytkami. Odwied\u017a miasto Hann z trzema rzekami. M\u00fcnden, klasztor Bursfelde i manufaktura porcelany F\u00fcrstenberg lub zrelaksuj si\u0119 podczas rejsu po Wezerze! Na drodze w Eichsfeld Przeja\u017cd\u017cka przez historyczny krajobraz Eichsfeld doskonale \u0142\u0105czy w sobie do\u015bwiadczenia [&hellip;]","og_url":"https:\/\/9staedte.de\/pl\/getynga-miasto-ktore-tworzy-wiedze\/informacje-o-przewodnikach-i-wycieczkach-w-getyndze\/","og_site_name":"9 St\u00e4dte in Niedersachsen","article_modified_time":"2025-05-15T15:30:05+00:00","og_image":[{"width":1020,"height":560,"url":"https:\/\/9staedte.de\/wp-content\/uploads\/2023\/02\/Werrabruecke-CC0-Lizenz_c_Max-Wiesenbach_Hann.-Muenden-Marketing-GmbH.jpg","type":"image\/jpeg"}],"twitter_card":"summary_large_image","twitter_misc":{"Szacowany czas czytania":"2 minuty"},"schema":{"@context":"https:\/\/schema.org","@graph":[{"@type":"WebPage","@id":"https:\/\/9staedte.de\/pl\/getynga-miasto-ktore-tworzy-wiedze\/informacje-o-przewodnikach-i-wycieczkach-w-getyndze\/","url":"https:\/\/9staedte.de\/pl\/getynga-miasto-ktore-tworzy-wiedze\/informacje-o-przewodnikach-i-wycieczkach-w-getyndze\/","name":"Informacje o przewodnikach i wycieczkach w Getyndze - 9 St\u00e4dte in Niedersachsen","isPartOf":{"@id":"https:\/\/9staedte.de\/pl\/#website"},"primaryImageOfPage":{"@id":"https:\/\/9staedte.de\/pl\/getynga-miasto-ktore-tworzy-wiedze\/informacje-o-przewodnikach-i-wycieczkach-w-getyndze\/#primaryimage"},"image":{"@id":"https:\/\/9staedte.de\/pl\/getynga-miasto-ktore-tworzy-wiedze\/informacje-o-przewodnikach-i-wycieczkach-w-getyndze\/#primaryimage"},"thumbnailUrl":"https:\/\/9staedte.de\/wp-content\/uploads\/2023\/02\/Werrabruecke-CC0-Lizenz_c_Max-Wiesenbach_Hann.-Muenden-Marketing-GmbH.jpg","datePublished":"2023-11-02T08:48:23+00:00","dateModified":"2025-05-15T15:30:05+00:00","breadcrumb":{"@id":"https:\/\/9staedte.de\/pl\/getynga-miasto-ktore-tworzy-wiedze\/informacje-o-przewodnikach-i-wycieczkach-w-getyndze\/#breadcrumb"},"inLanguage":"pl-PL","potentialAction":[{"@type":"ReadAction","target":["https:\/\/9staedte.de\/pl\/getynga-miasto-ktore-tworzy-wiedze\/informacje-o-przewodnikach-i-wycieczkach-w-getyndze\/"]}]},{"@type":"ImageObject","inLanguage":"pl-PL","@id":"https:\/\/9staedte.de\/pl\/getynga-miasto-ktore-tworzy-wiedze\/informacje-o-przewodnikach-i-wycieczkach-w-getyndze\/#primaryimage","url":"https:\/\/9staedte.de\/wp-content\/uploads\/2023\/02\/Werrabruecke-CC0-Lizenz_c_Max-Wiesenbach_Hann.-Muenden-Marketing-GmbH.jpg","contentUrl":"https:\/\/9staedte.de\/wp-content\/uploads\/2023\/02\/Werrabruecke-CC0-Lizenz_c_Max-Wiesenbach_Hann.-Muenden-Marketing-GmbH.jpg","width":1020,"height":560,"caption":"Hann. M\u00fcnden Werrabr\u00fccke CC0-Lizenz_(c)_Max Wiesenbach_Hann. M\u00fcnden Marketing GmbH"},{"@type":"BreadcrumbList","@id":"https:\/\/9staedte.de\/pl\/getynga-miasto-ktore-tworzy-wiedze\/informacje-o-przewodnikach-i-wycieczkach-w-getyndze\/#breadcrumb","itemListElement":[{"@type":"ListItem","position":1,"name":"Startseite","item":"https:\/\/9staedte.de\/pl\/"},{"@type":"ListItem","position":2,"name":"Getynga &#8211; miasto, kt\u00f3re tworzy wiedz\u0119","item":"https:\/\/9staedte.de\/pl\/getynga-miasto-ktore-tworzy-wiedze\/"},{"@type":"ListItem","position":3,"name":"Informacje o przewodnikach i wycieczkach w Getyndze"}]},{"@type":"WebSite","@id":"https:\/\/9staedte.de\/pl\/#website","url":"https:\/\/9staedte.de\/pl\/","name":"9 St\u00e4dte in Niedersachsen","description":"","publisher":{"@id":"https:\/\/9staedte.de\/pl\/#organization"},"potentialAction":[{"@type":"SearchAction","target":{"@type":"EntryPoint","urlTemplate":"https:\/\/9staedte.de\/pl\/?s={search_term_string}"},"query-input":{"@type":"PropertyValueSpecification","valueRequired":true,"valueName":"search_term_string"}}],"inLanguage":"pl-PL"},{"@type":"Organization","@id":"https:\/\/9staedte.de\/pl\/#organization","name":"9 St\u00e4dte in Niedersachsen","url":"https:\/\/9staedte.de\/pl\/","logo":{"@type":"ImageObject","inLanguage":"pl-PL","@id":"https:\/\/9staedte.de\/pl\/#\/schema\/logo\/image\/","url":"https:\/\/9staedte.de\/wp-content\/uploads\/2025\/01\/9-neg-deutsch-2-1.png","contentUrl":"https:\/\/9staedte.de\/wp-content\/uploads\/2025\/01\/9-neg-deutsch-2-1.png","width":190,"height":114,"caption":"9 St\u00e4dte in Niedersachsen"},"image":{"@id":"https:\/\/9staedte.de\/pl\/#\/schema\/logo\/image\/"}}]}},"_links":{"self":[{"href":"https:\/\/9staedte.de\/pl\/wp-json\/wp\/v2\/pages\/17308","targetHints":{"allow":["GET"]}}],"collection":[{"href":"https:\/\/9staedte.de\/pl\/wp-json\/wp\/v2\/pages"}],"about":[{"href":"https:\/\/9staedte.de\/pl\/wp-json\/wp\/v2\/types\/page"}],"author":[{"embeddable":true,"href":"https:\/\/9staedte.de\/pl\/wp-json\/wp\/v2\/users\/1"}],"replies":[{"embeddable":true,"href":"https:\/\/9staedte.de\/pl\/wp-json\/wp\/v2\/comments?post=17308"}],"version-history":[{"count":2,"href":"https:\/\/9staedte.de\/pl\/wp-json\/wp\/v2\/pages\/17308\/revisions"}],"predecessor-version":[{"id":25924,"href":"https:\/\/9staedte.de\/pl\/wp-json\/wp\/v2\/pages\/17308\/revisions\/25924"}],"up":[{"embeddable":true,"href":"https:\/\/9staedte.de\/pl\/wp-json\/wp\/v2\/pages\/18011"}],"wp:featuredmedia":[{"embeddable":true,"href":"https:\/\/9staedte.de\/pl\/wp-json\/wp\/v2\/media\/17317"}],"wp:attachment":[{"href":"https:\/\/9staedte.de\/pl\/wp-json\/wp\/v2\/media?parent=17308"}],"wp:term":[{"taxonomy":"category","embeddable":true,"href":"https:\/\/9staedte.de\/pl\/wp-json\/wp\/v2\/categories?post=17308"},{"taxonomy":"post_tag","embeddable":true,"href":"https:\/\/9staedte.de\/pl\/wp-json\/wp\/v2\/tags?post=17308"},{"taxonomy":"ncap_cities_tax","embeddable":true,"href":"https:\/\/9staedte.de\/pl\/wp-json\/wp\/v2\/ncap_cities_tax?post=17308"}],"curies":[{"name":"wp","href":"https:\/\/api.w.org\/{rel}","templated":true}]}}