{"id":17287,"date":"2023-11-02T09:47:54","date_gmt":"2023-11-02T08:47:54","guid":{"rendered":"https:\/\/9staedte.de\/programy-jednodniowe-w-goslar\/"},"modified":"2023-11-02T17:53:16","modified_gmt":"2023-11-02T16:53:16","slug":"programy-jednodniowe-w-goslar","status":"publish","type":"page","link":"https:\/\/9staedte.de\/pl\/goslar-miejsce-swiatowego-dziedzictwa-w-gorach-harz\/programy-jednodniowe-w-goslar\/","title":{"rendered":"Programy jednodniowe w Goslar"},"content":{"rendered":"\r\n\r\n    <div class=\"filter-posts\">\r\n            <div  id=\"filterContent\">\r\n                                                        \n<div class=\"contentKachel filtr-item\" data-category=\"goslar-pl\">\n    <a href=\"https:\/\/9staedte.de\/pl\/enjoyment-tour-tradycyjna-i-stara-sztuka-piwowarska\/\">\n        <div class=\"contentKachel-inner\">\n                            <div class=\"contentKachel-thumbnail\">\n                    <img loading=\"lazy\" decoding=\"async\" width=\"300\" height=\"167\" src=\"https:\/\/9staedte.de\/wp-content\/smush-webp\/2022\/07\/Quelle-GOSLAR-marketing-gmbh-Fotograf-Stefan-Schiefer-300x167.jpg.webp\" class=\"objectfitcover withfilters wp-post-image\" alt=\"Na zdj\u0119ciu s\u0105 dwa kufle piwa. Dwie osoby stukaj\u0105 si\u0119 kuflami. Na szkle jest napis: Gose. To specjalne piwo z Goslar. W tle wida\u0107 urz\u0105dzenia do warzenia piwa. Piwo ma du\u017co piany. Atmosfera jest przyjazna.\" srcset=\"https:\/\/9staedte.de\/wp-content\/smush-webp\/2022\/07\/Quelle-GOSLAR-marketing-gmbh-Fotograf-Stefan-Schiefer-300x167.jpg.webp 300w, https:\/\/9staedte.de\/wp-content\/smush-webp\/2022\/07\/Quelle-GOSLAR-marketing-gmbh-Fotograf-Stefan-Schiefer-768x428.jpg.webp 768w, https:\/\/9staedte.de\/wp-content\/smush-webp\/2022\/07\/Quelle-GOSLAR-marketing-gmbh-Fotograf-Stefan-Schiefer.jpg.webp 1020w\" sizes=\"auto, (max-width: 300px) 100vw, 300px\" \/>                    <img loading=\"lazy\" decoding=\"async\" width=\"300\" height=\"167\" src=\"https:\/\/9staedte.de\/wp-content\/smush-webp\/2022\/07\/Quelle-GOSLAR-marketing-gmbh-Fotograf-Stefan-Schiefer-300x167.jpg.webp\" class=\"objectfitcontain wp-post-image\" alt=\"Na zdj\u0119ciu s\u0105 dwa kufle piwa. Dwie osoby stukaj\u0105 si\u0119 kuflami. Na szkle jest napis: Gose. To specjalne piwo z Goslar. W tle wida\u0107 urz\u0105dzenia do warzenia piwa. Piwo ma du\u017co piany. Atmosfera jest przyjazna.\" srcset=\"https:\/\/9staedte.de\/wp-content\/smush-webp\/2022\/07\/Quelle-GOSLAR-marketing-gmbh-Fotograf-Stefan-Schiefer-300x167.jpg.webp 300w, https:\/\/9staedte.de\/wp-content\/smush-webp\/2022\/07\/Quelle-GOSLAR-marketing-gmbh-Fotograf-Stefan-Schiefer-768x428.jpg.webp 768w, https:\/\/9staedte.de\/wp-content\/smush-webp\/2022\/07\/Quelle-GOSLAR-marketing-gmbh-Fotograf-Stefan-Schiefer.jpg.webp 1020w\" sizes=\"auto, (max-width: 300px) 100vw, 300px\" \/>                        <div class=\"thumbnail-label\">\n    <span>Braukunst in Goslar Quelle GOSLAR marketing gmbh Fotograf Stefan Schiefer<\/span>\n    <\/div>\n                <\/div>\n                        <div class=\"contentKachel-content\">\n                                    <div class=\"city-tag bg-goslar\">\n                        Goslar                    <\/div>\n                \n                <div class=\"title\">\n\n                    Enjoyment Tour: &#8222;Tradycyjna i stara sztuka piwowarska&#8221;                    \n                <\/div>\n\n                            <\/div>\n\n        <\/div>\n    <\/a>\n<\/div>                                            <\/div>\r\n    <\/div>\r\n","protected":false},"excerpt":{"rendered":"","protected":false},"author":1,"featured_media":15970,"parent":17961,"menu_order":0,"comment_status":"closed","ping_status":"closed","template":"pagetemplates\/template-stadtthema.php","meta":{"_acf_changed":false,"footnotes":""},"categories":[],"tags":[],"ncap_cities_tax":[445,976],"class_list":["post-17287","page","type-page","status-publish","has-post-thumbnail","hentry","ncap_cities_tax-goslar-pl","ncap_cities_tax-tagesprogramme-goslar-pl"],"acf":[],"yoast_head":"<!-- This site is optimized with the Yoast SEO plugin v26.8 - https:\/\/yoast.com\/product\/yoast-seo-wordpress\/ -->\n<title>Programy jednodniowe w Goslar - 9 St\u00e4dte in Niedersachsen<\/title>\n<meta name=\"robots\" content=\"index, follow, max-snippet:-1, max-image-preview:large, max-video-preview:-1\" \/>\n<link rel=\"canonical\" href=\"https:\/\/9staedte.de\/pl\/goslar-miejsce-swiatowego-dziedzictwa-w-gorach-harz\/programy-jednodniowe-w-goslar\/\" \/>\n<meta property=\"og:locale\" content=\"pl_PL\" \/>\n<meta property=\"og:type\" content=\"article\" \/>\n<meta property=\"og:title\" content=\"Programy jednodniowe w Goslar - 9 St\u00e4dte in Niedersachsen\" \/>\n<meta property=\"og:url\" content=\"https:\/\/9staedte.de\/pl\/goslar-miejsce-swiatowego-dziedzictwa-w-gorach-harz\/programy-jednodniowe-w-goslar\/\" \/>\n<meta property=\"og:site_name\" content=\"9 St\u00e4dte in Niedersachsen\" \/>\n<meta property=\"article:modified_time\" content=\"2023-11-02T16:53:16+00:00\" \/>\n<meta property=\"og:image\" content=\"https:\/\/9staedte.de\/wp-content\/uploads\/2022\/06\/Kaiserringhaus-Adler-Fotograf-Stefan-Schiefer-Quelle-GOSLAR-marketing-gmbh.jpg\" \/>\n\t<meta property=\"og:image:width\" content=\"1020\" \/>\n\t<meta property=\"og:image:height\" content=\"558\" \/>\n\t<meta property=\"og:image:type\" content=\"image\/jpeg\" \/>\n<meta name=\"twitter:card\" content=\"summary_large_image\" \/>\n<script type=\"application\/ld+json\" class=\"yoast-schema-graph\">{\"@context\":\"https:\/\/schema.org\",\"@graph\":[{\"@type\":\"WebPage\",\"@id\":\"https:\/\/9staedte.de\/pl\/goslar-miejsce-swiatowego-dziedzictwa-w-gorach-harz\/programy-jednodniowe-w-goslar\/\",\"url\":\"https:\/\/9staedte.de\/pl\/goslar-miejsce-swiatowego-dziedzictwa-w-gorach-harz\/programy-jednodniowe-w-goslar\/\",\"name\":\"Programy jednodniowe w Goslar - 9 St\u00e4dte in Niedersachsen\",\"isPartOf\":{\"@id\":\"https:\/\/9staedte.de\/pl\/#website\"},\"primaryImageOfPage\":{\"@id\":\"https:\/\/9staedte.de\/pl\/goslar-miejsce-swiatowego-dziedzictwa-w-gorach-harz\/programy-jednodniowe-w-goslar\/#primaryimage\"},\"image\":{\"@id\":\"https:\/\/9staedte.de\/pl\/goslar-miejsce-swiatowego-dziedzictwa-w-gorach-harz\/programy-jednodniowe-w-goslar\/#primaryimage\"},\"thumbnailUrl\":\"https:\/\/9staedte.de\/wp-content\/uploads\/2022\/06\/Kaiserringhaus-Adler-Fotograf-Stefan-Schiefer-Quelle-GOSLAR-marketing-gmbh.jpg\",\"datePublished\":\"2023-11-02T08:47:54+00:00\",\"dateModified\":\"2023-11-02T16:53:16+00:00\",\"breadcrumb\":{\"@id\":\"https:\/\/9staedte.de\/pl\/goslar-miejsce-swiatowego-dziedzictwa-w-gorach-harz\/programy-jednodniowe-w-goslar\/#breadcrumb\"},\"inLanguage\":\"pl-PL\",\"potentialAction\":[{\"@type\":\"ReadAction\",\"target\":[\"https:\/\/9staedte.de\/pl\/goslar-miejsce-swiatowego-dziedzictwa-w-gorach-harz\/programy-jednodniowe-w-goslar\/\"]}]},{\"@type\":\"ImageObject\",\"inLanguage\":\"pl-PL\",\"@id\":\"https:\/\/9staedte.de\/pl\/goslar-miejsce-swiatowego-dziedzictwa-w-gorach-harz\/programy-jednodniowe-w-goslar\/#primaryimage\",\"url\":\"https:\/\/9staedte.de\/wp-content\/uploads\/2022\/06\/Kaiserringhaus-Adler-Fotograf-Stefan-Schiefer-Quelle-GOSLAR-marketing-gmbh.jpg\",\"contentUrl\":\"https:\/\/9staedte.de\/wp-content\/uploads\/2022\/06\/Kaiserringhaus-Adler-Fotograf-Stefan-Schiefer-Quelle-GOSLAR-marketing-gmbh.jpg\",\"width\":1020,\"height\":558,\"caption\":\"Kaiserringhaus & Adler Fotograf Stefan Schiefer Quelle GOSLAR marketing gmbh\"},{\"@type\":\"BreadcrumbList\",\"@id\":\"https:\/\/9staedte.de\/pl\/goslar-miejsce-swiatowego-dziedzictwa-w-gorach-harz\/programy-jednodniowe-w-goslar\/#breadcrumb\",\"itemListElement\":[{\"@type\":\"ListItem\",\"position\":1,\"name\":\"Startseite\",\"item\":\"https:\/\/9staedte.de\/pl\/\"},{\"@type\":\"ListItem\",\"position\":2,\"name\":\"Goslar &#8211; miejsce \u015bwiatowego dziedzictwa w g\u00f3rach Harz\",\"item\":\"https:\/\/9staedte.de\/pl\/goslar-miejsce-swiatowego-dziedzictwa-w-gorach-harz\/\"},{\"@type\":\"ListItem\",\"position\":3,\"name\":\"Programy jednodniowe w Goslar\"}]},{\"@type\":\"WebSite\",\"@id\":\"https:\/\/9staedte.de\/pl\/#website\",\"url\":\"https:\/\/9staedte.de\/pl\/\",\"name\":\"9 St\u00e4dte in Niedersachsen\",\"description\":\"\",\"publisher\":{\"@id\":\"https:\/\/9staedte.de\/pl\/#organization\"},\"potentialAction\":[{\"@type\":\"SearchAction\",\"target\":{\"@type\":\"EntryPoint\",\"urlTemplate\":\"https:\/\/9staedte.de\/pl\/?s={search_term_string}\"},\"query-input\":{\"@type\":\"PropertyValueSpecification\",\"valueRequired\":true,\"valueName\":\"search_term_string\"}}],\"inLanguage\":\"pl-PL\"},{\"@type\":\"Organization\",\"@id\":\"https:\/\/9staedte.de\/pl\/#organization\",\"name\":\"9 St\u00e4dte in Niedersachsen\",\"url\":\"https:\/\/9staedte.de\/pl\/\",\"logo\":{\"@type\":\"ImageObject\",\"inLanguage\":\"pl-PL\",\"@id\":\"https:\/\/9staedte.de\/pl\/#\/schema\/logo\/image\/\",\"url\":\"https:\/\/9staedte.de\/wp-content\/uploads\/2025\/01\/9-neg-deutsch-2-1.png\",\"contentUrl\":\"https:\/\/9staedte.de\/wp-content\/uploads\/2025\/01\/9-neg-deutsch-2-1.png\",\"width\":190,\"height\":114,\"caption\":\"9 St\u00e4dte in Niedersachsen\"},\"image\":{\"@id\":\"https:\/\/9staedte.de\/pl\/#\/schema\/logo\/image\/\"}}]}<\/script>\n<!-- \/ Yoast SEO plugin. -->","yoast_head_json":{"title":"Programy jednodniowe w Goslar - 9 St\u00e4dte in Niedersachsen","robots":{"index":"index","follow":"follow","max-snippet":"max-snippet:-1","max-image-preview":"max-image-preview:large","max-video-preview":"max-video-preview:-1"},"canonical":"https:\/\/9staedte.de\/pl\/goslar-miejsce-swiatowego-dziedzictwa-w-gorach-harz\/programy-jednodniowe-w-goslar\/","og_locale":"pl_PL","og_type":"article","og_title":"Programy jednodniowe w Goslar - 9 St\u00e4dte in Niedersachsen","og_url":"https:\/\/9staedte.de\/pl\/goslar-miejsce-swiatowego-dziedzictwa-w-gorach-harz\/programy-jednodniowe-w-goslar\/","og_site_name":"9 St\u00e4dte in Niedersachsen","article_modified_time":"2023-11-02T16:53:16+00:00","og_image":[{"width":1020,"height":558,"url":"https:\/\/9staedte.de\/wp-content\/uploads\/2022\/06\/Kaiserringhaus-Adler-Fotograf-Stefan-Schiefer-Quelle-GOSLAR-marketing-gmbh.jpg","type":"image\/jpeg"}],"twitter_card":"summary_large_image","schema":{"@context":"https:\/\/schema.org","@graph":[{"@type":"WebPage","@id":"https:\/\/9staedte.de\/pl\/goslar-miejsce-swiatowego-dziedzictwa-w-gorach-harz\/programy-jednodniowe-w-goslar\/","url":"https:\/\/9staedte.de\/pl\/goslar-miejsce-swiatowego-dziedzictwa-w-gorach-harz\/programy-jednodniowe-w-goslar\/","name":"Programy jednodniowe w Goslar - 9 St\u00e4dte in Niedersachsen","isPartOf":{"@id":"https:\/\/9staedte.de\/pl\/#website"},"primaryImageOfPage":{"@id":"https:\/\/9staedte.de\/pl\/goslar-miejsce-swiatowego-dziedzictwa-w-gorach-harz\/programy-jednodniowe-w-goslar\/#primaryimage"},"image":{"@id":"https:\/\/9staedte.de\/pl\/goslar-miejsce-swiatowego-dziedzictwa-w-gorach-harz\/programy-jednodniowe-w-goslar\/#primaryimage"},"thumbnailUrl":"https:\/\/9staedte.de\/wp-content\/uploads\/2022\/06\/Kaiserringhaus-Adler-Fotograf-Stefan-Schiefer-Quelle-GOSLAR-marketing-gmbh.jpg","datePublished":"2023-11-02T08:47:54+00:00","dateModified":"2023-11-02T16:53:16+00:00","breadcrumb":{"@id":"https:\/\/9staedte.de\/pl\/goslar-miejsce-swiatowego-dziedzictwa-w-gorach-harz\/programy-jednodniowe-w-goslar\/#breadcrumb"},"inLanguage":"pl-PL","potentialAction":[{"@type":"ReadAction","target":["https:\/\/9staedte.de\/pl\/goslar-miejsce-swiatowego-dziedzictwa-w-gorach-harz\/programy-jednodniowe-w-goslar\/"]}]},{"@type":"ImageObject","inLanguage":"pl-PL","@id":"https:\/\/9staedte.de\/pl\/goslar-miejsce-swiatowego-dziedzictwa-w-gorach-harz\/programy-jednodniowe-w-goslar\/#primaryimage","url":"https:\/\/9staedte.de\/wp-content\/uploads\/2022\/06\/Kaiserringhaus-Adler-Fotograf-Stefan-Schiefer-Quelle-GOSLAR-marketing-gmbh.jpg","contentUrl":"https:\/\/9staedte.de\/wp-content\/uploads\/2022\/06\/Kaiserringhaus-Adler-Fotograf-Stefan-Schiefer-Quelle-GOSLAR-marketing-gmbh.jpg","width":1020,"height":558,"caption":"Kaiserringhaus & Adler Fotograf Stefan Schiefer Quelle GOSLAR marketing gmbh"},{"@type":"BreadcrumbList","@id":"https:\/\/9staedte.de\/pl\/goslar-miejsce-swiatowego-dziedzictwa-w-gorach-harz\/programy-jednodniowe-w-goslar\/#breadcrumb","itemListElement":[{"@type":"ListItem","position":1,"name":"Startseite","item":"https:\/\/9staedte.de\/pl\/"},{"@type":"ListItem","position":2,"name":"Goslar &#8211; miejsce \u015bwiatowego dziedzictwa w g\u00f3rach Harz","item":"https:\/\/9staedte.de\/pl\/goslar-miejsce-swiatowego-dziedzictwa-w-gorach-harz\/"},{"@type":"ListItem","position":3,"name":"Programy jednodniowe w Goslar"}]},{"@type":"WebSite","@id":"https:\/\/9staedte.de\/pl\/#website","url":"https:\/\/9staedte.de\/pl\/","name":"9 St\u00e4dte in Niedersachsen","description":"","publisher":{"@id":"https:\/\/9staedte.de\/pl\/#organization"},"potentialAction":[{"@type":"SearchAction","target":{"@type":"EntryPoint","urlTemplate":"https:\/\/9staedte.de\/pl\/?s={search_term_string}"},"query-input":{"@type":"PropertyValueSpecification","valueRequired":true,"valueName":"search_term_string"}}],"inLanguage":"pl-PL"},{"@type":"Organization","@id":"https:\/\/9staedte.de\/pl\/#organization","name":"9 St\u00e4dte in Niedersachsen","url":"https:\/\/9staedte.de\/pl\/","logo":{"@type":"ImageObject","inLanguage":"pl-PL","@id":"https:\/\/9staedte.de\/pl\/#\/schema\/logo\/image\/","url":"https:\/\/9staedte.de\/wp-content\/uploads\/2025\/01\/9-neg-deutsch-2-1.png","contentUrl":"https:\/\/9staedte.de\/wp-content\/uploads\/2025\/01\/9-neg-deutsch-2-1.png","width":190,"height":114,"caption":"9 St\u00e4dte in Niedersachsen"},"image":{"@id":"https:\/\/9staedte.de\/pl\/#\/schema\/logo\/image\/"}}]}},"_links":{"self":[{"href":"https:\/\/9staedte.de\/pl\/wp-json\/wp\/v2\/pages\/17287","targetHints":{"allow":["GET"]}}],"collection":[{"href":"https:\/\/9staedte.de\/pl\/wp-json\/wp\/v2\/pages"}],"about":[{"href":"https:\/\/9staedte.de\/pl\/wp-json\/wp\/v2\/types\/page"}],"author":[{"embeddable":true,"href":"https:\/\/9staedte.de\/pl\/wp-json\/wp\/v2\/users\/1"}],"replies":[{"embeddable":true,"href":"https:\/\/9staedte.de\/pl\/wp-json\/wp\/v2\/comments?post=17287"}],"version-history":[{"count":1,"href":"https:\/\/9staedte.de\/pl\/wp-json\/wp\/v2\/pages\/17287\/revisions"}],"predecessor-version":[{"id":19850,"href":"https:\/\/9staedte.de\/pl\/wp-json\/wp\/v2\/pages\/17287\/revisions\/19850"}],"up":[{"embeddable":true,"href":"https:\/\/9staedte.de\/pl\/wp-json\/wp\/v2\/pages\/17961"}],"wp:featuredmedia":[{"embeddable":true,"href":"https:\/\/9staedte.de\/pl\/wp-json\/wp\/v2\/media\/15970"}],"wp:attachment":[{"href":"https:\/\/9staedte.de\/pl\/wp-json\/wp\/v2\/media?parent=17287"}],"wp:term":[{"taxonomy":"category","embeddable":true,"href":"https:\/\/9staedte.de\/pl\/wp-json\/wp\/v2\/categories?post=17287"},{"taxonomy":"post_tag","embeddable":true,"href":"https:\/\/9staedte.de\/pl\/wp-json\/wp\/v2\/tags?post=17287"},{"taxonomy":"ncap_cities_tax","embeddable":true,"href":"https:\/\/9staedte.de\/pl\/wp-json\/wp\/v2\/ncap_cities_tax?post=17287"}],"curies":[{"name":"wp","href":"https:\/\/api.w.org\/{rel}","templated":true}]}}