{"id":17269,"date":"2023-11-02T09:47:50","date_gmt":"2023-11-02T08:47:50","guid":{"rendered":"https:\/\/9staedte.de\/goslar-odkrywaj-w-sposob-zrownowazony\/"},"modified":"2024-05-08T15:15:42","modified_gmt":"2024-05-08T13:15:42","slug":"goslar-odkrywaj-w-sposob-zrownowazony","status":"publish","type":"page","link":"https:\/\/9staedte.de\/pl\/goslar-miejsce-swiatowego-dziedzictwa-w-gorach-harz\/goslar-odkrywaj-w-sposob-zrownowazony\/","title":{"rendered":"Goslar &#8211; odkrywaj w spos\u00f3b zr\u00f3wnowa\u017cony"},"content":{"rendered":"\n<h2 class=\"wp-block-heading\">Niezapomniane chwile w cesarskim mie\u015bcie<\/h2>\n\n\n\n<p>Prze\u017cyj niezapomniane chwile w tysi\u0105cletnim cesarskim mie\u015bcie. Odkryj \u015bredniowieczn\u0105 magi\u0119, w\u0105skie uliczki, pokryte \u0142upkiem domy z muru pruskiego i nostalgiczny klimat. Zanurz si\u0119 w historii, podziwiaj imponuj\u0105c\u0105 architektur\u0119 historyczn\u0105 i odkryj swoje osobiste atrakcje. Podczas w\u0119dr\u00f3wki lub wycieczki rowerowej z przewodnikiem mo\u017cna oderwa\u0107 si\u0119 od codzienno\u015bci i cieszy\u0107 si\u0119 \u015bwie\u017cym powietrzem w g\u00f3rach Harz.<\/p>\n\n\n\n\n<div class=\"banner-wrapper\">\n  <div class=\"banner-inner \">\n      <div class=\"img-container\">\n      <div class=\"img-wrapper\">\n        <img decoding=\"async\" src=\"https:\/\/9staedte.de\/wp-content\/smush-webp\/2023\/02\/Goslar-c-Martin-Kirchner.jpg.webp\" alt=\"Na zdj\u0119ciu wida\u0107 star\u0105 ulic\u0119 w Goslar. Po obu stronach s\u0105 domy z drewnem. Ulica jest z ma\u0142ych kamieni. Dwie osoby jad\u0105 na rowerach. S\u0142o\u0144ce \u015bwieci na domy. Jest spokojnie i przytulnie.\" \/>\n                  <div class=\"thumbnail-label\">\n            <span>Goslar, Peterstrasse c) Martin Kirchner<\/span>\n          <\/div>\n              <\/div>\n    <\/div>\n        <div class=\"text-container\">\n      <div class=\"content\">\n        <h2>Poznaj Goslar w spos\u00f3b zr\u00f3wnowa\u017cony: 9 wskaz\u00f3wek<\/h2>\n<p>&#8211; Zrelaksuj si\u0119 podczas podr\u00f3\u017cy poci\u0105giem &#8211; Goslar ma po\u0142\u0105czenie kolejowe (transport regionalny), np. ze stacjami kolejowymi ICE w Hanowerze, Hildesheim i Brunszwiku.<\/p>\n<p>&#8211; Zwiedzaj g\u00f3ry Harz autobusem i poci\u0105giem. Go\u015bcie nocuj\u0105cy podr\u00f3\u017cuj\u0105 bezp\u0142atnie z HATIX.<\/p>\n<p>&#8211; Delektuj si\u0119 wegetaria\u0144skimi i wega\u0144skimi przysmakami w kawiarni-bistro Schneeweiss &amp; Rosenrot lub w restauracji Soup &amp; Soul Kitchen.<\/p>\n<p>&#8211; Zaoszcz\u0119d\u017a na plastiku podczas zakup\u00f3w i odwied\u017a Unverpackt Laden Goslar.<\/p>\n<p>&#8211; Delektuj si\u0119 \u015bwiadomie i regionalnie z mark\u0105 &#8222;Typisch Harz&#8221;, np. w B\u00e4cker Braun, Brauhaus Goslar, Klosterbrennerei W\u00f6ltingerode, Fleischerei Henning Klu\u00df lub Klosterimkerei Grauhof.<\/p>\n<p>&#8211; Spaceruj po jednym z cotygodniowych targ\u00f3w w Goslar i kupuj \u015bwie\u017ce produkty regionalne i sezonowe od lokalnych sprzedawc\u00f3w.<\/p>\n<p>&#8211; Spaceruj po przytulnych uliczkach starego miasta Goslar z jego sklepami prowadzonymi przez w\u0142a\u015bcicieli i uderzaj\u0105cymi domami z \u0142upk\u00f3w i muru pruskiego i zwiedzaj miasto z naszym audioprzewodnikiem.<\/p>\n<p>&#8211; Odkryj g\u00f3ry Harz i ich pi\u0119kn\u0105 przyrod\u0119 na dw\u00f3ch k\u00f3\u0142kach podczas wycieczki rowerowej z przewodnikiem na rowerze elektrycznym, trekkingowym lub g\u00f3rskim.<\/p>\n<p>&#8211; Wybierz si\u0119 na w\u0119dr\u00f3wk\u0119 Liebesbankweg w Hahnenklee i ciesz si\u0119 przyrod\u0105.<\/p>\n      <\/div>\n    <\/div>\n    <\/div>\n<\/div>\n\n","protected":false},"excerpt":{"rendered":"<p>Niezapomniane chwile w cesarskim mie\u015bcie Prze\u017cyj niezapomniane chwile w tysi\u0105cletnim cesarskim mie\u015bcie. Odkryj \u015bredniowieczn\u0105 magi\u0119, w\u0105skie uliczki, pokryte \u0142upkiem domy z muru pruskiego i nostalgiczny klimat. Zanurz si\u0119 w historii, podziwiaj imponuj\u0105c\u0105 architektur\u0119 historyczn\u0105 i odkryj swoje osobiste atrakcje. Podczas w\u0119dr\u00f3wki lub wycieczki rowerowej z przewodnikiem mo\u017cna oderwa\u0107 si\u0119 od codzienno\u015bci i cieszy\u0107 si\u0119 \u015bwie\u017cym [&hellip;]<\/p>\n","protected":false},"author":1,"featured_media":17271,"parent":17961,"menu_order":0,"comment_status":"closed","ping_status":"closed","template":"pagetemplates\/template-stadtthema.php","meta":{"_acf_changed":false,"footnotes":""},"categories":[],"tags":[],"ncap_cities_tax":[445,982],"class_list":["post-17269","page","type-page","status-publish","has-post-thumbnail","hentry","ncap_cities_tax-goslar-pl","ncap_cities_tax-naturerlebnisse-und-nachhaltigkeit-goslar-pl"],"acf":[],"yoast_head":"<!-- This site is optimized with the Yoast SEO plugin v27.4 - https:\/\/yoast.com\/product\/yoast-seo-wordpress\/ -->\n<title>Goslar - odkrywaj w spos\u00f3b zr\u00f3wnowa\u017cony - 9 St\u00e4dte in Niedersachsen<\/title>\n<meta name=\"robots\" content=\"index, follow, max-snippet:-1, max-image-preview:large, max-video-preview:-1\" \/>\n<link rel=\"canonical\" href=\"https:\/\/9staedte.de\/pl\/goslar-miejsce-swiatowego-dziedzictwa-w-gorach-harz\/goslar-odkrywaj-w-sposob-zrownowazony\/\" \/>\n<meta property=\"og:locale\" content=\"pl_PL\" \/>\n<meta property=\"og:type\" content=\"article\" \/>\n<meta property=\"og:title\" content=\"Goslar - odkrywaj w spos\u00f3b zr\u00f3wnowa\u017cony - 9 St\u00e4dte in Niedersachsen\" \/>\n<meta property=\"og:description\" content=\"Niezapomniane chwile w cesarskim mie\u015bcie Prze\u017cyj niezapomniane chwile w tysi\u0105cletnim cesarskim mie\u015bcie. Odkryj \u015bredniowieczn\u0105 magi\u0119, w\u0105skie uliczki, pokryte \u0142upkiem domy z muru pruskiego i nostalgiczny klimat. Zanurz si\u0119 w historii, podziwiaj imponuj\u0105c\u0105 architektur\u0119 historyczn\u0105 i odkryj swoje osobiste atrakcje. Podczas w\u0119dr\u00f3wki lub wycieczki rowerowej z przewodnikiem mo\u017cna oderwa\u0107 si\u0119 od codzienno\u015bci i cieszy\u0107 si\u0119 \u015bwie\u017cym [&hellip;]\" \/>\n<meta property=\"og:url\" content=\"https:\/\/9staedte.de\/pl\/goslar-miejsce-swiatowego-dziedzictwa-w-gorach-harz\/goslar-odkrywaj-w-sposob-zrownowazony\/\" \/>\n<meta property=\"og:site_name\" content=\"9 St\u00e4dte in Niedersachsen\" \/>\n<meta property=\"article:modified_time\" content=\"2024-05-08T13:15:42+00:00\" \/>\n<meta property=\"og:image\" content=\"https:\/\/9staedte.de\/wp-content\/uploads\/2023\/02\/Mountainbiking_GOSLAR_marketing_gmbh.jpg\" \/>\n\t<meta property=\"og:image:width\" content=\"1020\" \/>\n\t<meta property=\"og:image:height\" content=\"569\" \/>\n\t<meta property=\"og:image:type\" content=\"image\/jpeg\" \/>\n<meta name=\"twitter:card\" content=\"summary_large_image\" \/>\n<meta name=\"twitter:label1\" content=\"Szacowany czas czytania\" \/>\n\t<meta name=\"twitter:data1\" content=\"1 minuta\" \/>\n<script type=\"application\/ld+json\" class=\"yoast-schema-graph\">{\"@context\":\"https:\\\/\\\/schema.org\",\"@graph\":[{\"@type\":\"WebPage\",\"@id\":\"https:\\\/\\\/9staedte.de\\\/pl\\\/goslar-miejsce-swiatowego-dziedzictwa-w-gorach-harz\\\/goslar-odkrywaj-w-sposob-zrownowazony\\\/\",\"url\":\"https:\\\/\\\/9staedte.de\\\/pl\\\/goslar-miejsce-swiatowego-dziedzictwa-w-gorach-harz\\\/goslar-odkrywaj-w-sposob-zrownowazony\\\/\",\"name\":\"Goslar - odkrywaj w spos\u00f3b zr\u00f3wnowa\u017cony - 9 St\u00e4dte in Niedersachsen\",\"isPartOf\":{\"@id\":\"https:\\\/\\\/9staedte.de\\\/pl\\\/#website\"},\"primaryImageOfPage\":{\"@id\":\"https:\\\/\\\/9staedte.de\\\/pl\\\/goslar-miejsce-swiatowego-dziedzictwa-w-gorach-harz\\\/goslar-odkrywaj-w-sposob-zrownowazony\\\/#primaryimage\"},\"image\":{\"@id\":\"https:\\\/\\\/9staedte.de\\\/pl\\\/goslar-miejsce-swiatowego-dziedzictwa-w-gorach-harz\\\/goslar-odkrywaj-w-sposob-zrownowazony\\\/#primaryimage\"},\"thumbnailUrl\":\"https:\\\/\\\/9staedte.de\\\/wp-content\\\/uploads\\\/2023\\\/02\\\/Mountainbiking_GOSLAR_marketing_gmbh.jpg\",\"datePublished\":\"2023-11-02T08:47:50+00:00\",\"dateModified\":\"2024-05-08T13:15:42+00:00\",\"breadcrumb\":{\"@id\":\"https:\\\/\\\/9staedte.de\\\/pl\\\/goslar-miejsce-swiatowego-dziedzictwa-w-gorach-harz\\\/goslar-odkrywaj-w-sposob-zrownowazony\\\/#breadcrumb\"},\"inLanguage\":\"pl-PL\",\"potentialAction\":[{\"@type\":\"ReadAction\",\"target\":[\"https:\\\/\\\/9staedte.de\\\/pl\\\/goslar-miejsce-swiatowego-dziedzictwa-w-gorach-harz\\\/goslar-odkrywaj-w-sposob-zrownowazony\\\/\"]}]},{\"@type\":\"ImageObject\",\"inLanguage\":\"pl-PL\",\"@id\":\"https:\\\/\\\/9staedte.de\\\/pl\\\/goslar-miejsce-swiatowego-dziedzictwa-w-gorach-harz\\\/goslar-odkrywaj-w-sposob-zrownowazony\\\/#primaryimage\",\"url\":\"https:\\\/\\\/9staedte.de\\\/wp-content\\\/uploads\\\/2023\\\/02\\\/Mountainbiking_GOSLAR_marketing_gmbh.jpg\",\"contentUrl\":\"https:\\\/\\\/9staedte.de\\\/wp-content\\\/uploads\\\/2023\\\/02\\\/Mountainbiking_GOSLAR_marketing_gmbh.jpg\",\"width\":1020,\"height\":569,\"caption\":\"Mountainbiking_GOSLAR_marketing_gmbh\"},{\"@type\":\"BreadcrumbList\",\"@id\":\"https:\\\/\\\/9staedte.de\\\/pl\\\/goslar-miejsce-swiatowego-dziedzictwa-w-gorach-harz\\\/goslar-odkrywaj-w-sposob-zrownowazony\\\/#breadcrumb\",\"itemListElement\":[{\"@type\":\"ListItem\",\"position\":1,\"name\":\"Startseite\",\"item\":\"https:\\\/\\\/9staedte.de\\\/pl\\\/\"},{\"@type\":\"ListItem\",\"position\":2,\"name\":\"Goslar &#8211; miejsce \u015bwiatowego dziedzictwa w g\u00f3rach Harz\",\"item\":\"https:\\\/\\\/9staedte.de\\\/pl\\\/goslar-miejsce-swiatowego-dziedzictwa-w-gorach-harz\\\/\"},{\"@type\":\"ListItem\",\"position\":3,\"name\":\"Goslar &#8211; odkrywaj w spos\u00f3b zr\u00f3wnowa\u017cony\"}]},{\"@type\":\"WebSite\",\"@id\":\"https:\\\/\\\/9staedte.de\\\/pl\\\/#website\",\"url\":\"https:\\\/\\\/9staedte.de\\\/pl\\\/\",\"name\":\"9 St\u00e4dte in Niedersachsen\",\"description\":\"\",\"publisher\":{\"@id\":\"https:\\\/\\\/9staedte.de\\\/pl\\\/#organization\"},\"potentialAction\":[{\"@type\":\"SearchAction\",\"target\":{\"@type\":\"EntryPoint\",\"urlTemplate\":\"https:\\\/\\\/9staedte.de\\\/pl\\\/?s={search_term_string}\"},\"query-input\":{\"@type\":\"PropertyValueSpecification\",\"valueRequired\":true,\"valueName\":\"search_term_string\"}}],\"inLanguage\":\"pl-PL\"},{\"@type\":\"Organization\",\"@id\":\"https:\\\/\\\/9staedte.de\\\/pl\\\/#organization\",\"name\":\"9 St\u00e4dte in Niedersachsen\",\"url\":\"https:\\\/\\\/9staedte.de\\\/pl\\\/\",\"logo\":{\"@type\":\"ImageObject\",\"inLanguage\":\"pl-PL\",\"@id\":\"https:\\\/\\\/9staedte.de\\\/pl\\\/#\\\/schema\\\/logo\\\/image\\\/\",\"url\":\"https:\\\/\\\/9staedte.de\\\/wp-content\\\/uploads\\\/2025\\\/01\\\/9-neg-deutsch-2-1.png\",\"contentUrl\":\"https:\\\/\\\/9staedte.de\\\/wp-content\\\/uploads\\\/2025\\\/01\\\/9-neg-deutsch-2-1.png\",\"width\":190,\"height\":114,\"caption\":\"9 St\u00e4dte in Niedersachsen\"},\"image\":{\"@id\":\"https:\\\/\\\/9staedte.de\\\/pl\\\/#\\\/schema\\\/logo\\\/image\\\/\"}}]}<\/script>\n<!-- \/ Yoast SEO plugin. -->","yoast_head_json":{"title":"Goslar - odkrywaj w spos\u00f3b zr\u00f3wnowa\u017cony - 9 St\u00e4dte in Niedersachsen","robots":{"index":"index","follow":"follow","max-snippet":"max-snippet:-1","max-image-preview":"max-image-preview:large","max-video-preview":"max-video-preview:-1"},"canonical":"https:\/\/9staedte.de\/pl\/goslar-miejsce-swiatowego-dziedzictwa-w-gorach-harz\/goslar-odkrywaj-w-sposob-zrownowazony\/","og_locale":"pl_PL","og_type":"article","og_title":"Goslar - odkrywaj w spos\u00f3b zr\u00f3wnowa\u017cony - 9 St\u00e4dte in Niedersachsen","og_description":"Niezapomniane chwile w cesarskim mie\u015bcie Prze\u017cyj niezapomniane chwile w tysi\u0105cletnim cesarskim mie\u015bcie. Odkryj \u015bredniowieczn\u0105 magi\u0119, w\u0105skie uliczki, pokryte \u0142upkiem domy z muru pruskiego i nostalgiczny klimat. Zanurz si\u0119 w historii, podziwiaj imponuj\u0105c\u0105 architektur\u0119 historyczn\u0105 i odkryj swoje osobiste atrakcje. Podczas w\u0119dr\u00f3wki lub wycieczki rowerowej z przewodnikiem mo\u017cna oderwa\u0107 si\u0119 od codzienno\u015bci i cieszy\u0107 si\u0119 \u015bwie\u017cym [&hellip;]","og_url":"https:\/\/9staedte.de\/pl\/goslar-miejsce-swiatowego-dziedzictwa-w-gorach-harz\/goslar-odkrywaj-w-sposob-zrownowazony\/","og_site_name":"9 St\u00e4dte in Niedersachsen","article_modified_time":"2024-05-08T13:15:42+00:00","og_image":[{"width":1020,"height":569,"url":"https:\/\/9staedte.de\/wp-content\/uploads\/2023\/02\/Mountainbiking_GOSLAR_marketing_gmbh.jpg","type":"image\/jpeg"}],"twitter_card":"summary_large_image","twitter_misc":{"Szacowany czas czytania":"1 minuta"},"schema":{"@context":"https:\/\/schema.org","@graph":[{"@type":"WebPage","@id":"https:\/\/9staedte.de\/pl\/goslar-miejsce-swiatowego-dziedzictwa-w-gorach-harz\/goslar-odkrywaj-w-sposob-zrownowazony\/","url":"https:\/\/9staedte.de\/pl\/goslar-miejsce-swiatowego-dziedzictwa-w-gorach-harz\/goslar-odkrywaj-w-sposob-zrownowazony\/","name":"Goslar - odkrywaj w spos\u00f3b zr\u00f3wnowa\u017cony - 9 St\u00e4dte in Niedersachsen","isPartOf":{"@id":"https:\/\/9staedte.de\/pl\/#website"},"primaryImageOfPage":{"@id":"https:\/\/9staedte.de\/pl\/goslar-miejsce-swiatowego-dziedzictwa-w-gorach-harz\/goslar-odkrywaj-w-sposob-zrownowazony\/#primaryimage"},"image":{"@id":"https:\/\/9staedte.de\/pl\/goslar-miejsce-swiatowego-dziedzictwa-w-gorach-harz\/goslar-odkrywaj-w-sposob-zrownowazony\/#primaryimage"},"thumbnailUrl":"https:\/\/9staedte.de\/wp-content\/uploads\/2023\/02\/Mountainbiking_GOSLAR_marketing_gmbh.jpg","datePublished":"2023-11-02T08:47:50+00:00","dateModified":"2024-05-08T13:15:42+00:00","breadcrumb":{"@id":"https:\/\/9staedte.de\/pl\/goslar-miejsce-swiatowego-dziedzictwa-w-gorach-harz\/goslar-odkrywaj-w-sposob-zrownowazony\/#breadcrumb"},"inLanguage":"pl-PL","potentialAction":[{"@type":"ReadAction","target":["https:\/\/9staedte.de\/pl\/goslar-miejsce-swiatowego-dziedzictwa-w-gorach-harz\/goslar-odkrywaj-w-sposob-zrownowazony\/"]}]},{"@type":"ImageObject","inLanguage":"pl-PL","@id":"https:\/\/9staedte.de\/pl\/goslar-miejsce-swiatowego-dziedzictwa-w-gorach-harz\/goslar-odkrywaj-w-sposob-zrownowazony\/#primaryimage","url":"https:\/\/9staedte.de\/wp-content\/uploads\/2023\/02\/Mountainbiking_GOSLAR_marketing_gmbh.jpg","contentUrl":"https:\/\/9staedte.de\/wp-content\/uploads\/2023\/02\/Mountainbiking_GOSLAR_marketing_gmbh.jpg","width":1020,"height":569,"caption":"Mountainbiking_GOSLAR_marketing_gmbh"},{"@type":"BreadcrumbList","@id":"https:\/\/9staedte.de\/pl\/goslar-miejsce-swiatowego-dziedzictwa-w-gorach-harz\/goslar-odkrywaj-w-sposob-zrownowazony\/#breadcrumb","itemListElement":[{"@type":"ListItem","position":1,"name":"Startseite","item":"https:\/\/9staedte.de\/pl\/"},{"@type":"ListItem","position":2,"name":"Goslar &#8211; miejsce \u015bwiatowego dziedzictwa w g\u00f3rach Harz","item":"https:\/\/9staedte.de\/pl\/goslar-miejsce-swiatowego-dziedzictwa-w-gorach-harz\/"},{"@type":"ListItem","position":3,"name":"Goslar &#8211; odkrywaj w spos\u00f3b zr\u00f3wnowa\u017cony"}]},{"@type":"WebSite","@id":"https:\/\/9staedte.de\/pl\/#website","url":"https:\/\/9staedte.de\/pl\/","name":"9 St\u00e4dte in Niedersachsen","description":"","publisher":{"@id":"https:\/\/9staedte.de\/pl\/#organization"},"potentialAction":[{"@type":"SearchAction","target":{"@type":"EntryPoint","urlTemplate":"https:\/\/9staedte.de\/pl\/?s={search_term_string}"},"query-input":{"@type":"PropertyValueSpecification","valueRequired":true,"valueName":"search_term_string"}}],"inLanguage":"pl-PL"},{"@type":"Organization","@id":"https:\/\/9staedte.de\/pl\/#organization","name":"9 St\u00e4dte in Niedersachsen","url":"https:\/\/9staedte.de\/pl\/","logo":{"@type":"ImageObject","inLanguage":"pl-PL","@id":"https:\/\/9staedte.de\/pl\/#\/schema\/logo\/image\/","url":"https:\/\/9staedte.de\/wp-content\/uploads\/2025\/01\/9-neg-deutsch-2-1.png","contentUrl":"https:\/\/9staedte.de\/wp-content\/uploads\/2025\/01\/9-neg-deutsch-2-1.png","width":190,"height":114,"caption":"9 St\u00e4dte in Niedersachsen"},"image":{"@id":"https:\/\/9staedte.de\/pl\/#\/schema\/logo\/image\/"}}]}},"_links":{"self":[{"href":"https:\/\/9staedte.de\/pl\/wp-json\/wp\/v2\/pages\/17269","targetHints":{"allow":["GET"]}}],"collection":[{"href":"https:\/\/9staedte.de\/pl\/wp-json\/wp\/v2\/pages"}],"about":[{"href":"https:\/\/9staedte.de\/pl\/wp-json\/wp\/v2\/types\/page"}],"author":[{"embeddable":true,"href":"https:\/\/9staedte.de\/pl\/wp-json\/wp\/v2\/users\/1"}],"replies":[{"embeddable":true,"href":"https:\/\/9staedte.de\/pl\/wp-json\/wp\/v2\/comments?post=17269"}],"version-history":[{"count":4,"href":"https:\/\/9staedte.de\/pl\/wp-json\/wp\/v2\/pages\/17269\/revisions"}],"predecessor-version":[{"id":22271,"href":"https:\/\/9staedte.de\/pl\/wp-json\/wp\/v2\/pages\/17269\/revisions\/22271"}],"up":[{"embeddable":true,"href":"https:\/\/9staedte.de\/pl\/wp-json\/wp\/v2\/pages\/17961"}],"wp:featuredmedia":[{"embeddable":true,"href":"https:\/\/9staedte.de\/pl\/wp-json\/wp\/v2\/media\/17271"}],"wp:attachment":[{"href":"https:\/\/9staedte.de\/pl\/wp-json\/wp\/v2\/media?parent=17269"}],"wp:term":[{"taxonomy":"category","embeddable":true,"href":"https:\/\/9staedte.de\/pl\/wp-json\/wp\/v2\/categories?post=17269"},{"taxonomy":"post_tag","embeddable":true,"href":"https:\/\/9staedte.de\/pl\/wp-json\/wp\/v2\/tags?post=17269"},{"taxonomy":"ncap_cities_tax","embeddable":true,"href":"https:\/\/9staedte.de\/pl\/wp-json\/wp\/v2\/ncap_cities_tax?post=17269"}],"curies":[{"name":"wp","href":"https:\/\/api.w.org\/{rel}","templated":true}]}}