{"id":17256,"date":"2023-11-02T09:47:48","date_gmt":"2023-11-02T08:47:48","guid":{"rendered":"https:\/\/9staedte.de\/konferencje-i-kongresy-w-goslar\/"},"modified":"2024-05-08T15:26:54","modified_gmt":"2024-05-08T13:26:54","slug":"konferencje-i-kongresy-w-goslar","status":"publish","type":"page","link":"https:\/\/9staedte.de\/pl\/goslar-miejsce-swiatowego-dziedzictwa-w-gorach-harz\/konferencje-i-kongresy-w-goslar\/","title":{"rendered":"Konferencje i kongresy w Goslar"},"content":{"rendered":"\n<h2 class=\"wp-block-heading\">Konferencje i kongresy we wpisanym na List\u0119 \u015awiatowego Dziedzictwa UNESCO mie\u015bcie Goslar<\/h2>\n\n\n\n<p><strong>Konferencje i kongresy we wpisanym na List\u0119 \u015awiatowego Dziedzictwa UNESCO mie\u015bcie Goslar:<\/strong><\/p>\n\n\n\n<p>Konferencja i pobyt w mie\u015bcie Goslar, wpisanym na List\u0119 \u015awiatowego Dziedzictwa UNESCO, zainspiruj\u0105 Ci\u0119 doskona\u0142ymi mo\u017cliwo\u015bciami organizacji udanych wydarze\u0144 w niezwyk\u0142ym otoczeniu. Wszystkie zabytki, miejsca wydarze\u0144 i obiekty konferencyjne znajduj\u0105 si\u0119 w odleg\u0142o\u015bci kr\u00f3tkiego spaceru.<br>Poszerzanie perspektyw, budowanie zespo\u0142\u00f3w, szkolenie indywidualnych umiej\u0119tno\u015bci, chwytanie problem\u00f3w i znajdowanie rozwi\u0105za\u0144 &#8211; z dala od wielkich aglomeracji znajdziesz wymarzone po\u0142\u0105czenie historii w starych murach miejskich i czystej natury g\u00f3r Harz. Scena, na kt\u00f3rej kiedy\u015b pisano histori\u0119 \u015bwiata, stoi przed tob\u0105 otworem.<\/p>\n\n\n\n\n<div class=\"banner-wrapper\">\n  <div class=\"banner-inner \">\n      <div class=\"img-container\">\n      <div class=\"img-wrapper\">\n        <img decoding=\"async\" src=\"https:\/\/9staedte.de\/wp-content\/smush-webp\/2023\/02\/Tagung-in-Goslar-Grosses-Heiliges-Kreuz.jpg.webp\" alt=\"Na zdj\u0119ciu wida\u0107 du\u017c\u0105 sal\u0119 z drewnianymi belkami. Wiele os\u00f3b siedzi przy d\u0142ugich sto\u0142ach. Na sto\u0142ach jest jedzenie i picie. Jeden m\u0119\u017cczyzna m\u00f3wi przy m\u00f3wnicy. \u015aciany s\u0105 stare i kamienne. Sala nazywa si\u0119: Gro\u00dfes Heiliges Kreuz w Goslar. To jest spotkanie lub konferencja.\" \/>\n                  <div class=\"thumbnail-label\">\n            <span>Tagung in Goslar Gro\u00dfes Heiliges Kreuz<\/span>\n          <\/div>\n              <\/div>\n    <\/div>\n        <div class=\"text-container\">\n      <div class=\"content\">\n        <h3>9 Tipps f\u00fcr Ihre Veranstaltung in Goslar<\/h3>\n<p>&#8211; Hotel Der ACHTERMANN \u2013 Das historische Haus mit besonderem Ambiente, welches Tradition und Moderne geschmackvoll vereint, liegt zentral an der Fu\u00dfg\u00e4ngerzone und in Bahnhofsn\u00e4he.<br \/>\n\u2013 Hotel Nieders\u00e4chsischer Hof \u2013 Das stilvolle, traditionsreiche Haus wurde in Zusammenarbeit mit dem bekannten M\u00f6nchehaus Museum f\u00fcr Moderne Kunst mit vielen Kunstwerken ausgestattet und liegt zentral, dem Bahnhofsplatz gegen\u00fcber.<br \/>\n\u2013 Hotel &amp; Restaurant Schiefer \u2013 Das Hotel &amp; Restaurant Schiefer bietet Ihnen ein atemberaubendes Wohnerlebnis am historischen Marktplatz und die besten Voraussetzungen f\u00fcr Tagungen und Seminare.<br \/>\n\u2013 Klosterhotel W\u00f6ltingerode \u2013 Schon aus Tradition ist das Kloster ein Ort der Begegnung und bietet viel Platz zum Tagen und Arbeiten. Das stimmungsvolle Ambiente der Tagungsr\u00e4ume l\u00e4dt Sie ein.<\/p>\n<p>Au\u00dfergew\u00f6hnliche Tagungslocations:<br \/>\n\u2013 UNESCO Weltkulturerbe Rammelsberg \u2013 Erleben Sie das besondere Highlight: Tagen untertage! (max.  650 Personen)<br \/>\n&#8211; Kaiserpfalz \u2013 Tagen, wo einst die Kaiser Weltgeschichte schrieben. (Max. 515 Personen)<br \/>\nTipp: Als Alternative f\u00fcr kleinere Veranstaltungen steht der 120 qm gro\u00dfe \u201eWintersaal\u201c zur Verf\u00fcgung. (max. 515 Personen)<br \/>\n&#8211;  Gro\u00dfes Heiliges Kreuz \u2013 Die \u201eD\u00e4le\u201c des Gro\u00dfen Heiligen Kreuzes bietet eine unvergleichliche Atmosph\u00e4re f\u00fcr Ihre Veranstaltung. (max. 99 Personen)<br \/>\n&#8211; Siemenshaus \u2013  Tagen Sie im 1693 erbauten Stammsitz der Industriellenfamilie und eines der gr\u00f6\u00dften B\u00fcrgerh\u00e4user der Stadt. (max. 50 Personen)<\/p>\n      <\/div>\n    <\/div>\n    <\/div>\n<\/div>\n\n","protected":false},"excerpt":{"rendered":"<p>Konferencje i kongresy we wpisanym na List\u0119 \u015awiatowego Dziedzictwa UNESCO mie\u015bcie Goslar Konferencje i kongresy we wpisanym na List\u0119 \u015awiatowego Dziedzictwa UNESCO mie\u015bcie Goslar: Konferencja i pobyt w mie\u015bcie Goslar, wpisanym na List\u0119 \u015awiatowego Dziedzictwa UNESCO, zainspiruj\u0105 Ci\u0119 doskona\u0142ymi mo\u017cliwo\u015bciami organizacji udanych wydarze\u0144 w niezwyk\u0142ym otoczeniu. Wszystkie zabytki, miejsca wydarze\u0144 i obiekty konferencyjne znajduj\u0105 si\u0119 [&hellip;]<\/p>\n","protected":false},"author":1,"featured_media":17264,"parent":17961,"menu_order":0,"comment_status":"closed","ping_status":"closed","template":"pagetemplates\/template-stadtthema.php","meta":{"_acf_changed":false,"footnotes":""},"categories":[],"tags":[],"ncap_cities_tax":[445,1151],"class_list":["post-17256","page","type-page","status-publish","has-post-thumbnail","hentry","ncap_cities_tax-goslar-pl","ncap_cities_tax-tagungen-und-kongresse-goslar-pl"],"acf":[],"yoast_head":"<!-- This site is optimized with the Yoast SEO plugin v26.8 - https:\/\/yoast.com\/product\/yoast-seo-wordpress\/ -->\n<title>Konferencje i kongresy w Goslar - 9 St\u00e4dte in Niedersachsen<\/title>\n<meta name=\"robots\" content=\"index, follow, max-snippet:-1, max-image-preview:large, max-video-preview:-1\" \/>\n<link rel=\"canonical\" href=\"https:\/\/9staedte.de\/pl\/goslar-miejsce-swiatowego-dziedzictwa-w-gorach-harz\/konferencje-i-kongresy-w-goslar\/\" \/>\n<meta property=\"og:locale\" content=\"pl_PL\" \/>\n<meta property=\"og:type\" content=\"article\" \/>\n<meta property=\"og:title\" content=\"Konferencje i kongresy w Goslar - 9 St\u00e4dte in Niedersachsen\" \/>\n<meta property=\"og:description\" content=\"Konferencje i kongresy we wpisanym na List\u0119 \u015awiatowego Dziedzictwa UNESCO mie\u015bcie Goslar Konferencje i kongresy we wpisanym na List\u0119 \u015awiatowego Dziedzictwa UNESCO mie\u015bcie Goslar: Konferencja i pobyt w mie\u015bcie Goslar, wpisanym na List\u0119 \u015awiatowego Dziedzictwa UNESCO, zainspiruj\u0105 Ci\u0119 doskona\u0142ymi mo\u017cliwo\u015bciami organizacji udanych wydarze\u0144 w niezwyk\u0142ym otoczeniu. Wszystkie zabytki, miejsca wydarze\u0144 i obiekty konferencyjne znajduj\u0105 si\u0119 [&hellip;]\" \/>\n<meta property=\"og:url\" content=\"https:\/\/9staedte.de\/pl\/goslar-miejsce-swiatowego-dziedzictwa-w-gorach-harz\/konferencje-i-kongresy-w-goslar\/\" \/>\n<meta property=\"og:site_name\" content=\"9 St\u00e4dte in Niedersachsen\" \/>\n<meta property=\"article:modified_time\" content=\"2024-05-08T13:26:54+00:00\" \/>\n<meta property=\"og:image\" content=\"https:\/\/9staedte.de\/wp-content\/uploads\/2023\/02\/Goslar-Kaiserpfalz-c-GOSLAR-marketing-gmbh-Fotograf-Stefan-Schiefer.jpg\" \/>\n\t<meta property=\"og:image:width\" content=\"1020\" \/>\n\t<meta property=\"og:image:height\" content=\"559\" \/>\n\t<meta property=\"og:image:type\" content=\"image\/jpeg\" \/>\n<meta name=\"twitter:card\" content=\"summary_large_image\" \/>\n<meta name=\"twitter:label1\" content=\"Szacowany czas czytania\" \/>\n\t<meta name=\"twitter:data1\" content=\"1 minuta\" \/>\n<script type=\"application\/ld+json\" class=\"yoast-schema-graph\">{\"@context\":\"https:\/\/schema.org\",\"@graph\":[{\"@type\":\"WebPage\",\"@id\":\"https:\/\/9staedte.de\/pl\/goslar-miejsce-swiatowego-dziedzictwa-w-gorach-harz\/konferencje-i-kongresy-w-goslar\/\",\"url\":\"https:\/\/9staedte.de\/pl\/goslar-miejsce-swiatowego-dziedzictwa-w-gorach-harz\/konferencje-i-kongresy-w-goslar\/\",\"name\":\"Konferencje i kongresy w Goslar - 9 St\u00e4dte in Niedersachsen\",\"isPartOf\":{\"@id\":\"https:\/\/9staedte.de\/pl\/#website\"},\"primaryImageOfPage\":{\"@id\":\"https:\/\/9staedte.de\/pl\/goslar-miejsce-swiatowego-dziedzictwa-w-gorach-harz\/konferencje-i-kongresy-w-goslar\/#primaryimage\"},\"image\":{\"@id\":\"https:\/\/9staedte.de\/pl\/goslar-miejsce-swiatowego-dziedzictwa-w-gorach-harz\/konferencje-i-kongresy-w-goslar\/#primaryimage\"},\"thumbnailUrl\":\"https:\/\/9staedte.de\/wp-content\/uploads\/2023\/02\/Goslar-Kaiserpfalz-c-GOSLAR-marketing-gmbh-Fotograf-Stefan-Schiefer.jpg\",\"datePublished\":\"2023-11-02T08:47:48+00:00\",\"dateModified\":\"2024-05-08T13:26:54+00:00\",\"breadcrumb\":{\"@id\":\"https:\/\/9staedte.de\/pl\/goslar-miejsce-swiatowego-dziedzictwa-w-gorach-harz\/konferencje-i-kongresy-w-goslar\/#breadcrumb\"},\"inLanguage\":\"pl-PL\",\"potentialAction\":[{\"@type\":\"ReadAction\",\"target\":[\"https:\/\/9staedte.de\/pl\/goslar-miejsce-swiatowego-dziedzictwa-w-gorach-harz\/konferencje-i-kongresy-w-goslar\/\"]}]},{\"@type\":\"ImageObject\",\"inLanguage\":\"pl-PL\",\"@id\":\"https:\/\/9staedte.de\/pl\/goslar-miejsce-swiatowego-dziedzictwa-w-gorach-harz\/konferencje-i-kongresy-w-goslar\/#primaryimage\",\"url\":\"https:\/\/9staedte.de\/wp-content\/uploads\/2023\/02\/Goslar-Kaiserpfalz-c-GOSLAR-marketing-gmbh-Fotograf-Stefan-Schiefer.jpg\",\"contentUrl\":\"https:\/\/9staedte.de\/wp-content\/uploads\/2023\/02\/Goslar-Kaiserpfalz-c-GOSLAR-marketing-gmbh-Fotograf-Stefan-Schiefer.jpg\",\"width\":1020,\"height\":559,\"caption\":\"Goslar Kaiserpfalz c) GOSLAR marketing gmbh Fotograf Stefan Schiefer\"},{\"@type\":\"BreadcrumbList\",\"@id\":\"https:\/\/9staedte.de\/pl\/goslar-miejsce-swiatowego-dziedzictwa-w-gorach-harz\/konferencje-i-kongresy-w-goslar\/#breadcrumb\",\"itemListElement\":[{\"@type\":\"ListItem\",\"position\":1,\"name\":\"Startseite\",\"item\":\"https:\/\/9staedte.de\/pl\/\"},{\"@type\":\"ListItem\",\"position\":2,\"name\":\"Goslar &#8211; miejsce \u015bwiatowego dziedzictwa w g\u00f3rach Harz\",\"item\":\"https:\/\/9staedte.de\/pl\/goslar-miejsce-swiatowego-dziedzictwa-w-gorach-harz\/\"},{\"@type\":\"ListItem\",\"position\":3,\"name\":\"Konferencje i kongresy w Goslar\"}]},{\"@type\":\"WebSite\",\"@id\":\"https:\/\/9staedte.de\/pl\/#website\",\"url\":\"https:\/\/9staedte.de\/pl\/\",\"name\":\"9 St\u00e4dte in Niedersachsen\",\"description\":\"\",\"publisher\":{\"@id\":\"https:\/\/9staedte.de\/pl\/#organization\"},\"potentialAction\":[{\"@type\":\"SearchAction\",\"target\":{\"@type\":\"EntryPoint\",\"urlTemplate\":\"https:\/\/9staedte.de\/pl\/?s={search_term_string}\"},\"query-input\":{\"@type\":\"PropertyValueSpecification\",\"valueRequired\":true,\"valueName\":\"search_term_string\"}}],\"inLanguage\":\"pl-PL\"},{\"@type\":\"Organization\",\"@id\":\"https:\/\/9staedte.de\/pl\/#organization\",\"name\":\"9 St\u00e4dte in Niedersachsen\",\"url\":\"https:\/\/9staedte.de\/pl\/\",\"logo\":{\"@type\":\"ImageObject\",\"inLanguage\":\"pl-PL\",\"@id\":\"https:\/\/9staedte.de\/pl\/#\/schema\/logo\/image\/\",\"url\":\"https:\/\/9staedte.de\/wp-content\/uploads\/2025\/01\/9-neg-deutsch-2-1.png\",\"contentUrl\":\"https:\/\/9staedte.de\/wp-content\/uploads\/2025\/01\/9-neg-deutsch-2-1.png\",\"width\":190,\"height\":114,\"caption\":\"9 St\u00e4dte in Niedersachsen\"},\"image\":{\"@id\":\"https:\/\/9staedte.de\/pl\/#\/schema\/logo\/image\/\"}}]}<\/script>\n<!-- \/ Yoast SEO plugin. -->","yoast_head_json":{"title":"Konferencje i kongresy w Goslar - 9 St\u00e4dte in Niedersachsen","robots":{"index":"index","follow":"follow","max-snippet":"max-snippet:-1","max-image-preview":"max-image-preview:large","max-video-preview":"max-video-preview:-1"},"canonical":"https:\/\/9staedte.de\/pl\/goslar-miejsce-swiatowego-dziedzictwa-w-gorach-harz\/konferencje-i-kongresy-w-goslar\/","og_locale":"pl_PL","og_type":"article","og_title":"Konferencje i kongresy w Goslar - 9 St\u00e4dte in Niedersachsen","og_description":"Konferencje i kongresy we wpisanym na List\u0119 \u015awiatowego Dziedzictwa UNESCO mie\u015bcie Goslar Konferencje i kongresy we wpisanym na List\u0119 \u015awiatowego Dziedzictwa UNESCO mie\u015bcie Goslar: Konferencja i pobyt w mie\u015bcie Goslar, wpisanym na List\u0119 \u015awiatowego Dziedzictwa UNESCO, zainspiruj\u0105 Ci\u0119 doskona\u0142ymi mo\u017cliwo\u015bciami organizacji udanych wydarze\u0144 w niezwyk\u0142ym otoczeniu. Wszystkie zabytki, miejsca wydarze\u0144 i obiekty konferencyjne znajduj\u0105 si\u0119 [&hellip;]","og_url":"https:\/\/9staedte.de\/pl\/goslar-miejsce-swiatowego-dziedzictwa-w-gorach-harz\/konferencje-i-kongresy-w-goslar\/","og_site_name":"9 St\u00e4dte in Niedersachsen","article_modified_time":"2024-05-08T13:26:54+00:00","og_image":[{"width":1020,"height":559,"url":"https:\/\/9staedte.de\/wp-content\/uploads\/2023\/02\/Goslar-Kaiserpfalz-c-GOSLAR-marketing-gmbh-Fotograf-Stefan-Schiefer.jpg","type":"image\/jpeg"}],"twitter_card":"summary_large_image","twitter_misc":{"Szacowany czas czytania":"1 minuta"},"schema":{"@context":"https:\/\/schema.org","@graph":[{"@type":"WebPage","@id":"https:\/\/9staedte.de\/pl\/goslar-miejsce-swiatowego-dziedzictwa-w-gorach-harz\/konferencje-i-kongresy-w-goslar\/","url":"https:\/\/9staedte.de\/pl\/goslar-miejsce-swiatowego-dziedzictwa-w-gorach-harz\/konferencje-i-kongresy-w-goslar\/","name":"Konferencje i kongresy w Goslar - 9 St\u00e4dte in Niedersachsen","isPartOf":{"@id":"https:\/\/9staedte.de\/pl\/#website"},"primaryImageOfPage":{"@id":"https:\/\/9staedte.de\/pl\/goslar-miejsce-swiatowego-dziedzictwa-w-gorach-harz\/konferencje-i-kongresy-w-goslar\/#primaryimage"},"image":{"@id":"https:\/\/9staedte.de\/pl\/goslar-miejsce-swiatowego-dziedzictwa-w-gorach-harz\/konferencje-i-kongresy-w-goslar\/#primaryimage"},"thumbnailUrl":"https:\/\/9staedte.de\/wp-content\/uploads\/2023\/02\/Goslar-Kaiserpfalz-c-GOSLAR-marketing-gmbh-Fotograf-Stefan-Schiefer.jpg","datePublished":"2023-11-02T08:47:48+00:00","dateModified":"2024-05-08T13:26:54+00:00","breadcrumb":{"@id":"https:\/\/9staedte.de\/pl\/goslar-miejsce-swiatowego-dziedzictwa-w-gorach-harz\/konferencje-i-kongresy-w-goslar\/#breadcrumb"},"inLanguage":"pl-PL","potentialAction":[{"@type":"ReadAction","target":["https:\/\/9staedte.de\/pl\/goslar-miejsce-swiatowego-dziedzictwa-w-gorach-harz\/konferencje-i-kongresy-w-goslar\/"]}]},{"@type":"ImageObject","inLanguage":"pl-PL","@id":"https:\/\/9staedte.de\/pl\/goslar-miejsce-swiatowego-dziedzictwa-w-gorach-harz\/konferencje-i-kongresy-w-goslar\/#primaryimage","url":"https:\/\/9staedte.de\/wp-content\/uploads\/2023\/02\/Goslar-Kaiserpfalz-c-GOSLAR-marketing-gmbh-Fotograf-Stefan-Schiefer.jpg","contentUrl":"https:\/\/9staedte.de\/wp-content\/uploads\/2023\/02\/Goslar-Kaiserpfalz-c-GOSLAR-marketing-gmbh-Fotograf-Stefan-Schiefer.jpg","width":1020,"height":559,"caption":"Goslar Kaiserpfalz c) GOSLAR marketing gmbh Fotograf Stefan Schiefer"},{"@type":"BreadcrumbList","@id":"https:\/\/9staedte.de\/pl\/goslar-miejsce-swiatowego-dziedzictwa-w-gorach-harz\/konferencje-i-kongresy-w-goslar\/#breadcrumb","itemListElement":[{"@type":"ListItem","position":1,"name":"Startseite","item":"https:\/\/9staedte.de\/pl\/"},{"@type":"ListItem","position":2,"name":"Goslar &#8211; miejsce \u015bwiatowego dziedzictwa w g\u00f3rach Harz","item":"https:\/\/9staedte.de\/pl\/goslar-miejsce-swiatowego-dziedzictwa-w-gorach-harz\/"},{"@type":"ListItem","position":3,"name":"Konferencje i kongresy w Goslar"}]},{"@type":"WebSite","@id":"https:\/\/9staedte.de\/pl\/#website","url":"https:\/\/9staedte.de\/pl\/","name":"9 St\u00e4dte in Niedersachsen","description":"","publisher":{"@id":"https:\/\/9staedte.de\/pl\/#organization"},"potentialAction":[{"@type":"SearchAction","target":{"@type":"EntryPoint","urlTemplate":"https:\/\/9staedte.de\/pl\/?s={search_term_string}"},"query-input":{"@type":"PropertyValueSpecification","valueRequired":true,"valueName":"search_term_string"}}],"inLanguage":"pl-PL"},{"@type":"Organization","@id":"https:\/\/9staedte.de\/pl\/#organization","name":"9 St\u00e4dte in Niedersachsen","url":"https:\/\/9staedte.de\/pl\/","logo":{"@type":"ImageObject","inLanguage":"pl-PL","@id":"https:\/\/9staedte.de\/pl\/#\/schema\/logo\/image\/","url":"https:\/\/9staedte.de\/wp-content\/uploads\/2025\/01\/9-neg-deutsch-2-1.png","contentUrl":"https:\/\/9staedte.de\/wp-content\/uploads\/2025\/01\/9-neg-deutsch-2-1.png","width":190,"height":114,"caption":"9 St\u00e4dte in Niedersachsen"},"image":{"@id":"https:\/\/9staedte.de\/pl\/#\/schema\/logo\/image\/"}}]}},"_links":{"self":[{"href":"https:\/\/9staedte.de\/pl\/wp-json\/wp\/v2\/pages\/17256","targetHints":{"allow":["GET"]}}],"collection":[{"href":"https:\/\/9staedte.de\/pl\/wp-json\/wp\/v2\/pages"}],"about":[{"href":"https:\/\/9staedte.de\/pl\/wp-json\/wp\/v2\/types\/page"}],"author":[{"embeddable":true,"href":"https:\/\/9staedte.de\/pl\/wp-json\/wp\/v2\/users\/1"}],"replies":[{"embeddable":true,"href":"https:\/\/9staedte.de\/pl\/wp-json\/wp\/v2\/comments?post=17256"}],"version-history":[{"count":2,"href":"https:\/\/9staedte.de\/pl\/wp-json\/wp\/v2\/pages\/17256\/revisions"}],"predecessor-version":[{"id":22287,"href":"https:\/\/9staedte.de\/pl\/wp-json\/wp\/v2\/pages\/17256\/revisions\/22287"}],"up":[{"embeddable":true,"href":"https:\/\/9staedte.de\/pl\/wp-json\/wp\/v2\/pages\/17961"}],"wp:featuredmedia":[{"embeddable":true,"href":"https:\/\/9staedte.de\/pl\/wp-json\/wp\/v2\/media\/17264"}],"wp:attachment":[{"href":"https:\/\/9staedte.de\/pl\/wp-json\/wp\/v2\/media?parent=17256"}],"wp:term":[{"taxonomy":"category","embeddable":true,"href":"https:\/\/9staedte.de\/pl\/wp-json\/wp\/v2\/categories?post=17256"},{"taxonomy":"post_tag","embeddable":true,"href":"https:\/\/9staedte.de\/pl\/wp-json\/wp\/v2\/tags?post=17256"},{"taxonomy":"ncap_cities_tax","embeddable":true,"href":"https:\/\/9staedte.de\/pl\/wp-json\/wp\/v2\/ncap_cities_tax?post=17256"}],"curies":[{"name":"wp","href":"https:\/\/api.w.org\/{rel}","templated":true}]}}