{"id":17238,"date":"2023-11-02T09:47:47","date_gmt":"2023-11-02T08:47:47","guid":{"rendered":"https:\/\/9staedte.de\/jarmarki-bozonarodzeniowe-w-hanowerze\/"},"modified":"2026-03-23T17:16:14","modified_gmt":"2026-03-23T16:16:14","slug":"jarmarki-bozonarodzeniowe-w-hanowerze","status":"publish","type":"page","link":"https:\/\/9staedte.de\/pl\/hanower-stolica-dolnej-saksonii\/jarmarki-bozonarodzeniowe-w-hanowerze\/","title":{"rendered":"Jarmarki bo\u017conarodzeniowe w Hanowerze"},"content":{"rendered":"\n<h2 class=\"wp-block-heading\">Jarmark bo\u017conarodzeniowy na starym mie\u015bcie<\/h2>\n\n<p>Daj si\u0119 oczarowa\u0107 romantycznej scenerii jarmarku bo\u017conarodzeniowego na starym mie\u015bcie. Ozdoby choinkowe, r\u0119kodzie\u0142o i \u015bwi\u0105teczne specja\u0142y s\u0105 oferowane na<br\/>ponad 190 straganach przed pi\u0119knie o\u015bwietlonymi zabytkowymi budynkami.  W historycznej wiosce bo\u017conarodzeniowej rzemie\u015blnicy oferuj\u0105 wgl\u0105d w swoje umiej\u0119tno\u015bci. \u017bonglerzy i arty\u015bci oferuj\u0105 ekscytuj\u0105ce pokazy. Fi\u0144ska wioska bo\u017conarodzeniowa kusi odwiedzaj\u0105cych podpalanym \u0142ososiem i gl\u00f6gi na Ballhofplatz. W \u015brodku &#8222;lasu studni \u017cycze\u0144&#8221; mo\u017cna znale\u017a\u0107 z\u0142oty pier\u015bcie\u0144 przy fontannie Oskara Wintera.   \u017byczenia si\u0119 spe\u0142niaj\u0105, gdy ten pier\u015bcionek jest obr\u00f3cony&#8230;.<\/p>\n\n<h2 class=\"wp-block-heading\">\u015awi\u0105teczna wioska Roncalli na g\u0142\u00f3wnym dworcu kolejowym<\/h2>\n\n<p>Na tle Dworca G\u0142\u00f3wnego w Hanowerze, \u015awi\u0105teczna Wioska Roncalli zaprasza na \u015bwi\u0105teczne prze\u017cycia do 30 grudnia. Inspirowane architektur\u0105 szachulcow\u0105 Dolnej Saksonii, pi\u0119knie udekorowane chaty tworz\u0105 bajkow\u0105 atmosfer\u0119. Najwa\u017cniejsze atrakcje obejmuj\u0105 zabytkowy diabelski m\u0142yn i projekcje \u015bwietlne trzy razy dziennie, kt\u00f3re o\u015bwietlaj\u0105 dworzec w \u015bwi\u0105tecznym blasku.    <\/p>\n\n<h2 class=\"wp-block-heading\">Ogr\u00f3d bo\u017conarodzeniowy w Hanover Adventure Zoo  <\/h2>\n\n<p>Ogr\u00f3d bo\u017conarodzeniowy w Hanowerze wprowadza magiczn\u0105 atmosfer\u0119 do przygodowego zoo dzi\u0119ki promiennym instalacjom \u015bwietlnym. Nowo o\u015bwietlony, oko\u0142o dwukilometrowy szlak okr\u0119\u017cny obiecuje magiczne godziny w \u015bwi\u0105tecznie udekorowanym zoo.  <br\/><a href=\"https:\/\/www.hannover.de\/Veranstaltungskalender\/Weihnachten\/Weihnachtsmarkt-Hannover\">Wi\u0119cej informacji<\/a><\/p>\n\n<h2 class=\"wp-block-heading\"><\/h2>\n\n\n<div class=\"banner-wrapper\">\n  <div class=\"banner-inner \">\n      <div class=\"img-container\">\n      <div class=\"img-wrapper\">\n        <img decoding=\"async\" src=\"https:\/\/9staedte.de\/wp-content\/smush-webp\/2025\/02\/Hannover-Christmas-Market-Old-Town-c-HMTG-Christian-Wyrwa.jpg.webp\" alt=\"Wiele os\u00f3b odwiedza historyczn\u0105 wiosk\u0119 bo\u017conarodzeniow\u0105 w Hanowerze nad rzek\u0105 Leine. Jest wiecz\u00f3r, \u015bwiec\u0105 lampki, a du\u017ce drzewo jest pod\u015bwietlone na fioletowo.\" \/>\n                  <div class=\"thumbnail-label\">\n            <span>Hannover Christmas Market Old Town medieval village c) HMTG Christian Wyrwa<\/span>\n          <\/div>\n              <\/div>\n    <\/div>\n        <div class=\"text-container\">\n      <div class=\"content\">\n        <h2>9 wskaz\u00f3wek, jak odwiedzi\u0107 jarmark bo\u017conarodzeniowy w Hanowerze<\/h2>\n<p>Ciesz si\u0119 okresem przed\u015bwi\u0105tecznym w bo\u017conarodzeniowym mie\u015bcie Hanower.<\/p>\n<ul>\n<li>Jarmark bo\u017conarodzeniowy na Lister Meile<\/li>\n<li>Zimowa r\u00f3\u017cnorodno\u015b\u0107 w Oran\u017cerii w Ogrodach Herrenhausen<\/li>\n<li>Musical dla dzieci w GOP Variet\u00e9<\/li>\n<li>Wycieczka po mie\u015bcie &#8222;Enlightening Hanover<\/li>\n<li>\u015awi\u0105teczne zakupy w jednej z najwi\u0119kszych stref dla pieszych w Niemczech<\/li>\n<li>Wioska bo\u017conarodzeniowa na Lindener Berg we wszystkie weekendy adwentowe<\/li>\n<li>Program ponad 50 scen w Hanowerze: <a href=\"http:\/\/www.hannover.de\/buehnen\" target=\"_blank\" rel=\"noopener noreferrer\">www.hannover.de\/buehnen<\/a><\/li>\n<li>Krajobraz muzeum w Hanowerze<\/li>\n<li>\u015awi\u0105teczny cyrk na Sch\u00fctzenplatz<\/li>\n<\/ul>\n      <\/div>\n    <\/div>\n    <\/div>\n<\/div>\n\n\n<div class=\"wp-block-columns is-layout-flex wp-container-core-columns-is-layout-9d6595d7 wp-block-columns-is-layout-flex\">\n<div class=\"wp-block-column is-layout-flow wp-block-column-is-layout-flow\" style=\"flex-basis:66.66%\">\n <div class=\"brlbs-cmpnt-container brlbs-cmpnt-content-blocker brlbs-cmpnt-with-individual-styles\" data-borlabs-cookie-content-blocker-id=\"google-maps\" data-borlabs-cookie-content=\"PGlmcmFtZSBzcmM9Imh0dHBzOi8vd3d3Lmdvb2dsZS5jb20vbWFwcy9kL2VtYmVkP21pZD0xVDQtMGI5RHFNcTlDdGE2bC04anVGUm9EZnNMaXRIWSZlaGJjPTJFMzEyRiIgd2lkdGg9IjY0MCIgaGVpZ2h0PSI0ODAiPjwvaWZyYW1lPg==\"><div class=\"brlbs-cmpnt-cb-preset-b brlbs-cmpnt-cb-google-maps\"> <div class=\"brlbs-cmpnt-cb-thumbnail\" style=\"background-image: url('https:\/\/9staedte.de\/wp-content\/uploads\/borlabs-cookie\/1\/brlbs-cb-google-maps-main.png')\"><\/div> <div class=\"brlbs-cmpnt-cb-main\"> <div class=\"brlbs-cmpnt-cb-content\"> <p class=\"brlbs-cmpnt-cb-description\">Aktualnie wy\u015bwietlana jest tre\u015b\u0107 zast\u0119pcza z <strong>Google Maps<\/strong>. Aby uzyska\u0107 dost\u0119p do rzeczywistej tre\u015bci, kliknij poni\u017cszy przycisk. Pami\u0119taj, \u017ce spowoduje to udost\u0119pnienie danych zewn\u0119trznym operatorom.<\/p> <a class=\"brlbs-cmpnt-cb-provider-toggle\" href=\"#\" data-borlabs-cookie-show-provider-information role=\"button\">Wi\u0119cej informacji<\/a> <\/div> <div class=\"brlbs-cmpnt-cb-buttons\"> <a class=\"brlbs-cmpnt-cb-btn\" href=\"#\" data-borlabs-cookie-unblock role=\"button\">Odblokuj tre\u015b\u0107<\/a> <a class=\"brlbs-cmpnt-cb-btn\" href=\"#\" data-borlabs-cookie-accept-service role=\"button\" style=\"display: inherit\">Zaakceptuj wymagan\u0105 us\u0142ug\u0119 i odblokuj tre\u015b\u0107<\/a> <\/div> <\/div> <\/div><\/div>\n<\/div>\n\n\n\n<div class=\"wp-block-column is-layout-flow wp-block-column-is-layout-flow\" style=\"flex-basis:33.33%\">\n<h4 class=\"wp-block-heading\"><strong>Jarmarki bo\u017conarodzeniowe w Hanowerze<\/strong><\/h4>\n\n\n\n<ul class=\"wp-block-list map-legend main-legend\">\n<li>Jarmark bo\u017conarodzeniowy przed dworcem g\u0142\u00f3wnym<\/li>\n\n\n\n<li>\u015awi\u0105teczna piramida w Kr\u00f6pcke<\/li>\n\n\n\n<li>Jarmark bo\u017conarodzeniowy na starym mie\u015bcie<\/li>\n\n\n\n<li>&#8222;Las studni \u017cycze\u0144&#8221;<\/li>\n\n\n\n<li>Historyczna wioska nad brzegiem rzeki Leine<\/li>\n\n\n\n<li>Fi\u0144ska wioska bo\u017conarodzeniowa<\/li>\n\n\n\n<li>Jarmark bo\u017conarodzeniowy na Lister Meile<\/li>\n\n\n\n<li>Ogr\u00f3d bo\u017conarodzeniowy w Hannover Adventure Zoo<\/li>\n\n\n\n<li>Zimowa r\u00f3\u017cnorodno\u015b\u0107 w Oran\u017cerii Herrenhausen<\/li>\n<\/ul>\n<\/div>\n<\/div>\n\n<p><\/p>\n","protected":false},"excerpt":{"rendered":"<p>Jarmark bo\u017conarodzeniowy na starym mie\u015bcie Daj si\u0119 oczarowa\u0107 romantycznej scenerii jarmarku bo\u017conarodzeniowego na starym mie\u015bcie. Ozdoby choinkowe, r\u0119kodzie\u0142o i \u015bwi\u0105teczne specja\u0142y s\u0105 oferowane naponad 190 straganach przed pi\u0119knie o\u015bwietlonymi zabytkowymi budynkami. W historycznej wiosce bo\u017conarodzeniowej rzemie\u015blnicy oferuj\u0105 wgl\u0105d w swoje umiej\u0119tno\u015bci. \u017bonglerzy i arty\u015bci oferuj\u0105 ekscytuj\u0105ce pokazy. Fi\u0144ska wioska bo\u017conarodzeniowa kusi odwiedzaj\u0105cych podpalanym \u0142ososiem i [&hellip;]<\/p>\n","protected":false},"author":1,"featured_media":27237,"parent":18029,"menu_order":0,"comment_status":"closed","ping_status":"closed","template":"pagetemplates\/template-stadtthema.php","meta":{"_acf_changed":false,"footnotes":""},"categories":[],"tags":[],"ncap_cities_tax":[458,528],"class_list":["post-17238","page","type-page","status-publish","has-post-thumbnail","hentry","ncap_cities_tax-hannover-pl","ncap_cities_tax-weihnachtsmarkte-hannover-pl"],"acf":[],"yoast_head":"<!-- This site is optimized with the Yoast SEO plugin v26.8 - https:\/\/yoast.com\/product\/yoast-seo-wordpress\/ -->\n<title>Jarmarki bo\u017conarodzeniowe w Hanowerze - 9 St\u00e4dte in Niedersachsen<\/title>\n<meta name=\"description\" content=\"Trzy jarmarki bo\u017conarodzeniowe wprowadzaj\u0105 ca\u0142e miasto w \u015bwi\u0105teczny nastr\u00f3j. Jarmark bo\u017conarodzeniowy na historycznym starym mie\u015bcie ma bogat\u0105 tradycj\u0119.\" \/>\n<meta name=\"robots\" content=\"index, follow, max-snippet:-1, max-image-preview:large, max-video-preview:-1\" \/>\n<link rel=\"canonical\" href=\"https:\/\/9staedte.de\/pl\/hanower-stolica-dolnej-saksonii\/jarmarki-bozonarodzeniowe-w-hanowerze\/\" \/>\n<meta property=\"og:locale\" content=\"pl_PL\" \/>\n<meta property=\"og:type\" content=\"article\" \/>\n<meta property=\"og:title\" content=\"Jarmarki bo\u017conarodzeniowe w Hanowerze - 9 St\u00e4dte in Niedersachsen\" \/>\n<meta property=\"og:description\" content=\"Trzy jarmarki bo\u017conarodzeniowe wprowadzaj\u0105 ca\u0142e miasto w \u015bwi\u0105teczny nastr\u00f3j. Jarmark bo\u017conarodzeniowy na historycznym starym mie\u015bcie ma bogat\u0105 tradycj\u0119.\" \/>\n<meta property=\"og:url\" content=\"https:\/\/9staedte.de\/pl\/hanower-stolica-dolnej-saksonii\/jarmarki-bozonarodzeniowe-w-hanowerze\/\" \/>\n<meta property=\"og:site_name\" content=\"9 St\u00e4dte in Niedersachsen\" \/>\n<meta property=\"article:modified_time\" content=\"2026-03-23T16:16:14+00:00\" \/>\n<meta property=\"og:image\" content=\"https:\/\/9staedte.de\/wp-content\/uploads\/2025\/10\/Hannover-Roncalli-Christmas-Market-Main-Station-c-HMTG-Christian-Wyrwa-.jpg\" \/>\n\t<meta property=\"og:image:width\" content=\"1020\" \/>\n\t<meta property=\"og:image:height\" content=\"560\" \/>\n\t<meta property=\"og:image:type\" content=\"image\/jpeg\" \/>\n<meta name=\"twitter:card\" content=\"summary_large_image\" \/>\n<meta name=\"twitter:label1\" content=\"Szacowany czas czytania\" \/>\n\t<meta name=\"twitter:data1\" content=\"2 minuty\" \/>\n<script type=\"application\/ld+json\" class=\"yoast-schema-graph\">{\"@context\":\"https:\/\/schema.org\",\"@graph\":[{\"@type\":\"WebPage\",\"@id\":\"https:\/\/9staedte.de\/pl\/hanower-stolica-dolnej-saksonii\/jarmarki-bozonarodzeniowe-w-hanowerze\/\",\"url\":\"https:\/\/9staedte.de\/pl\/hanower-stolica-dolnej-saksonii\/jarmarki-bozonarodzeniowe-w-hanowerze\/\",\"name\":\"Jarmarki bo\u017conarodzeniowe w Hanowerze - 9 St\u00e4dte in Niedersachsen\",\"isPartOf\":{\"@id\":\"https:\/\/9staedte.de\/pl\/#website\"},\"primaryImageOfPage\":{\"@id\":\"https:\/\/9staedte.de\/pl\/hanower-stolica-dolnej-saksonii\/jarmarki-bozonarodzeniowe-w-hanowerze\/#primaryimage\"},\"image\":{\"@id\":\"https:\/\/9staedte.de\/pl\/hanower-stolica-dolnej-saksonii\/jarmarki-bozonarodzeniowe-w-hanowerze\/#primaryimage\"},\"thumbnailUrl\":\"https:\/\/9staedte.de\/wp-content\/uploads\/2025\/10\/Hannover-Roncalli-Christmas-Market-Main-Station-c-HMTG-Christian-Wyrwa-.jpg\",\"datePublished\":\"2023-11-02T08:47:47+00:00\",\"dateModified\":\"2026-03-23T16:16:14+00:00\",\"description\":\"Trzy jarmarki bo\u017conarodzeniowe wprowadzaj\u0105 ca\u0142e miasto w \u015bwi\u0105teczny nastr\u00f3j. Jarmark bo\u017conarodzeniowy na historycznym starym mie\u015bcie ma bogat\u0105 tradycj\u0119.\",\"breadcrumb\":{\"@id\":\"https:\/\/9staedte.de\/pl\/hanower-stolica-dolnej-saksonii\/jarmarki-bozonarodzeniowe-w-hanowerze\/#breadcrumb\"},\"inLanguage\":\"pl-PL\",\"potentialAction\":[{\"@type\":\"ReadAction\",\"target\":[\"https:\/\/9staedte.de\/pl\/hanower-stolica-dolnej-saksonii\/jarmarki-bozonarodzeniowe-w-hanowerze\/\"]}]},{\"@type\":\"ImageObject\",\"inLanguage\":\"pl-PL\",\"@id\":\"https:\/\/9staedte.de\/pl\/hanower-stolica-dolnej-saksonii\/jarmarki-bozonarodzeniowe-w-hanowerze\/#primaryimage\",\"url\":\"https:\/\/9staedte.de\/wp-content\/uploads\/2025\/10\/Hannover-Roncalli-Christmas-Market-Main-Station-c-HMTG-Christian-Wyrwa-.jpg\",\"contentUrl\":\"https:\/\/9staedte.de\/wp-content\/uploads\/2025\/10\/Hannover-Roncalli-Christmas-Market-Main-Station-c-HMTG-Christian-Wyrwa-.jpg\",\"width\":1020,\"height\":560,\"caption\":\"Hannover Roncalli Weihnachtsdorf vor dem Hauptbahnhof c) HMTG Christian Wyrwa\"},{\"@type\":\"BreadcrumbList\",\"@id\":\"https:\/\/9staedte.de\/pl\/hanower-stolica-dolnej-saksonii\/jarmarki-bozonarodzeniowe-w-hanowerze\/#breadcrumb\",\"itemListElement\":[{\"@type\":\"ListItem\",\"position\":1,\"name\":\"Startseite\",\"item\":\"https:\/\/9staedte.de\/pl\/\"},{\"@type\":\"ListItem\",\"position\":2,\"name\":\"Hanower &#8211; stolica Dolnej Saksonii\",\"item\":\"https:\/\/9staedte.de\/pl\/hanower-stolica-dolnej-saksonii\/\"},{\"@type\":\"ListItem\",\"position\":3,\"name\":\"Jarmarki bo\u017conarodzeniowe w Hanowerze\"}]},{\"@type\":\"WebSite\",\"@id\":\"https:\/\/9staedte.de\/pl\/#website\",\"url\":\"https:\/\/9staedte.de\/pl\/\",\"name\":\"9 St\u00e4dte in Niedersachsen\",\"description\":\"\",\"publisher\":{\"@id\":\"https:\/\/9staedte.de\/pl\/#organization\"},\"potentialAction\":[{\"@type\":\"SearchAction\",\"target\":{\"@type\":\"EntryPoint\",\"urlTemplate\":\"https:\/\/9staedte.de\/pl\/?s={search_term_string}\"},\"query-input\":{\"@type\":\"PropertyValueSpecification\",\"valueRequired\":true,\"valueName\":\"search_term_string\"}}],\"inLanguage\":\"pl-PL\"},{\"@type\":\"Organization\",\"@id\":\"https:\/\/9staedte.de\/pl\/#organization\",\"name\":\"9 St\u00e4dte in Niedersachsen\",\"url\":\"https:\/\/9staedte.de\/pl\/\",\"logo\":{\"@type\":\"ImageObject\",\"inLanguage\":\"pl-PL\",\"@id\":\"https:\/\/9staedte.de\/pl\/#\/schema\/logo\/image\/\",\"url\":\"https:\/\/9staedte.de\/wp-content\/uploads\/2025\/01\/9-neg-deutsch-2-1.png\",\"contentUrl\":\"https:\/\/9staedte.de\/wp-content\/uploads\/2025\/01\/9-neg-deutsch-2-1.png\",\"width\":190,\"height\":114,\"caption\":\"9 St\u00e4dte in Niedersachsen\"},\"image\":{\"@id\":\"https:\/\/9staedte.de\/pl\/#\/schema\/logo\/image\/\"}}]}<\/script>\n<!-- \/ Yoast SEO plugin. -->","yoast_head_json":{"title":"Jarmarki bo\u017conarodzeniowe w Hanowerze - 9 St\u00e4dte in Niedersachsen","description":"Trzy jarmarki bo\u017conarodzeniowe wprowadzaj\u0105 ca\u0142e miasto w \u015bwi\u0105teczny nastr\u00f3j. Jarmark bo\u017conarodzeniowy na historycznym starym mie\u015bcie ma bogat\u0105 tradycj\u0119.","robots":{"index":"index","follow":"follow","max-snippet":"max-snippet:-1","max-image-preview":"max-image-preview:large","max-video-preview":"max-video-preview:-1"},"canonical":"https:\/\/9staedte.de\/pl\/hanower-stolica-dolnej-saksonii\/jarmarki-bozonarodzeniowe-w-hanowerze\/","og_locale":"pl_PL","og_type":"article","og_title":"Jarmarki bo\u017conarodzeniowe w Hanowerze - 9 St\u00e4dte in Niedersachsen","og_description":"Trzy jarmarki bo\u017conarodzeniowe wprowadzaj\u0105 ca\u0142e miasto w \u015bwi\u0105teczny nastr\u00f3j. Jarmark bo\u017conarodzeniowy na historycznym starym mie\u015bcie ma bogat\u0105 tradycj\u0119.","og_url":"https:\/\/9staedte.de\/pl\/hanower-stolica-dolnej-saksonii\/jarmarki-bozonarodzeniowe-w-hanowerze\/","og_site_name":"9 St\u00e4dte in Niedersachsen","article_modified_time":"2026-03-23T16:16:14+00:00","og_image":[{"width":1020,"height":560,"url":"https:\/\/9staedte.de\/wp-content\/uploads\/2025\/10\/Hannover-Roncalli-Christmas-Market-Main-Station-c-HMTG-Christian-Wyrwa-.jpg","type":"image\/jpeg"}],"twitter_card":"summary_large_image","twitter_misc":{"Szacowany czas czytania":"2 minuty"},"schema":{"@context":"https:\/\/schema.org","@graph":[{"@type":"WebPage","@id":"https:\/\/9staedte.de\/pl\/hanower-stolica-dolnej-saksonii\/jarmarki-bozonarodzeniowe-w-hanowerze\/","url":"https:\/\/9staedte.de\/pl\/hanower-stolica-dolnej-saksonii\/jarmarki-bozonarodzeniowe-w-hanowerze\/","name":"Jarmarki bo\u017conarodzeniowe w Hanowerze - 9 St\u00e4dte in Niedersachsen","isPartOf":{"@id":"https:\/\/9staedte.de\/pl\/#website"},"primaryImageOfPage":{"@id":"https:\/\/9staedte.de\/pl\/hanower-stolica-dolnej-saksonii\/jarmarki-bozonarodzeniowe-w-hanowerze\/#primaryimage"},"image":{"@id":"https:\/\/9staedte.de\/pl\/hanower-stolica-dolnej-saksonii\/jarmarki-bozonarodzeniowe-w-hanowerze\/#primaryimage"},"thumbnailUrl":"https:\/\/9staedte.de\/wp-content\/uploads\/2025\/10\/Hannover-Roncalli-Christmas-Market-Main-Station-c-HMTG-Christian-Wyrwa-.jpg","datePublished":"2023-11-02T08:47:47+00:00","dateModified":"2026-03-23T16:16:14+00:00","description":"Trzy jarmarki bo\u017conarodzeniowe wprowadzaj\u0105 ca\u0142e miasto w \u015bwi\u0105teczny nastr\u00f3j. Jarmark bo\u017conarodzeniowy na historycznym starym mie\u015bcie ma bogat\u0105 tradycj\u0119.","breadcrumb":{"@id":"https:\/\/9staedte.de\/pl\/hanower-stolica-dolnej-saksonii\/jarmarki-bozonarodzeniowe-w-hanowerze\/#breadcrumb"},"inLanguage":"pl-PL","potentialAction":[{"@type":"ReadAction","target":["https:\/\/9staedte.de\/pl\/hanower-stolica-dolnej-saksonii\/jarmarki-bozonarodzeniowe-w-hanowerze\/"]}]},{"@type":"ImageObject","inLanguage":"pl-PL","@id":"https:\/\/9staedte.de\/pl\/hanower-stolica-dolnej-saksonii\/jarmarki-bozonarodzeniowe-w-hanowerze\/#primaryimage","url":"https:\/\/9staedte.de\/wp-content\/uploads\/2025\/10\/Hannover-Roncalli-Christmas-Market-Main-Station-c-HMTG-Christian-Wyrwa-.jpg","contentUrl":"https:\/\/9staedte.de\/wp-content\/uploads\/2025\/10\/Hannover-Roncalli-Christmas-Market-Main-Station-c-HMTG-Christian-Wyrwa-.jpg","width":1020,"height":560,"caption":"Hannover Roncalli Weihnachtsdorf vor dem Hauptbahnhof c) HMTG Christian Wyrwa"},{"@type":"BreadcrumbList","@id":"https:\/\/9staedte.de\/pl\/hanower-stolica-dolnej-saksonii\/jarmarki-bozonarodzeniowe-w-hanowerze\/#breadcrumb","itemListElement":[{"@type":"ListItem","position":1,"name":"Startseite","item":"https:\/\/9staedte.de\/pl\/"},{"@type":"ListItem","position":2,"name":"Hanower &#8211; stolica Dolnej Saksonii","item":"https:\/\/9staedte.de\/pl\/hanower-stolica-dolnej-saksonii\/"},{"@type":"ListItem","position":3,"name":"Jarmarki bo\u017conarodzeniowe w Hanowerze"}]},{"@type":"WebSite","@id":"https:\/\/9staedte.de\/pl\/#website","url":"https:\/\/9staedte.de\/pl\/","name":"9 St\u00e4dte in Niedersachsen","description":"","publisher":{"@id":"https:\/\/9staedte.de\/pl\/#organization"},"potentialAction":[{"@type":"SearchAction","target":{"@type":"EntryPoint","urlTemplate":"https:\/\/9staedte.de\/pl\/?s={search_term_string}"},"query-input":{"@type":"PropertyValueSpecification","valueRequired":true,"valueName":"search_term_string"}}],"inLanguage":"pl-PL"},{"@type":"Organization","@id":"https:\/\/9staedte.de\/pl\/#organization","name":"9 St\u00e4dte in Niedersachsen","url":"https:\/\/9staedte.de\/pl\/","logo":{"@type":"ImageObject","inLanguage":"pl-PL","@id":"https:\/\/9staedte.de\/pl\/#\/schema\/logo\/image\/","url":"https:\/\/9staedte.de\/wp-content\/uploads\/2025\/01\/9-neg-deutsch-2-1.png","contentUrl":"https:\/\/9staedte.de\/wp-content\/uploads\/2025\/01\/9-neg-deutsch-2-1.png","width":190,"height":114,"caption":"9 St\u00e4dte in Niedersachsen"},"image":{"@id":"https:\/\/9staedte.de\/pl\/#\/schema\/logo\/image\/"}}]}},"_links":{"self":[{"href":"https:\/\/9staedte.de\/pl\/wp-json\/wp\/v2\/pages\/17238","targetHints":{"allow":["GET"]}}],"collection":[{"href":"https:\/\/9staedte.de\/pl\/wp-json\/wp\/v2\/pages"}],"about":[{"href":"https:\/\/9staedte.de\/pl\/wp-json\/wp\/v2\/types\/page"}],"author":[{"embeddable":true,"href":"https:\/\/9staedte.de\/pl\/wp-json\/wp\/v2\/users\/1"}],"replies":[{"embeddable":true,"href":"https:\/\/9staedte.de\/pl\/wp-json\/wp\/v2\/comments?post=17238"}],"version-history":[{"count":17,"href":"https:\/\/9staedte.de\/pl\/wp-json\/wp\/v2\/pages\/17238\/revisions"}],"predecessor-version":[{"id":27941,"href":"https:\/\/9staedte.de\/pl\/wp-json\/wp\/v2\/pages\/17238\/revisions\/27941"}],"up":[{"embeddable":true,"href":"https:\/\/9staedte.de\/pl\/wp-json\/wp\/v2\/pages\/18029"}],"wp:featuredmedia":[{"embeddable":true,"href":"https:\/\/9staedte.de\/pl\/wp-json\/wp\/v2\/media\/27237"}],"wp:attachment":[{"href":"https:\/\/9staedte.de\/pl\/wp-json\/wp\/v2\/media?parent=17238"}],"wp:term":[{"taxonomy":"category","embeddable":true,"href":"https:\/\/9staedte.de\/pl\/wp-json\/wp\/v2\/categories?post=17238"},{"taxonomy":"post_tag","embeddable":true,"href":"https:\/\/9staedte.de\/pl\/wp-json\/wp\/v2\/tags?post=17238"},{"taxonomy":"ncap_cities_tax","embeddable":true,"href":"https:\/\/9staedte.de\/pl\/wp-json\/wp\/v2\/ncap_cities_tax?post=17238"}],"curies":[{"name":"wp","href":"https:\/\/api.w.org\/{rel}","templated":true}]}}