{"id":17236,"date":"2023-11-02T09:47:46","date_gmt":"2023-11-02T08:47:46","guid":{"rendered":"https:\/\/9staedte.de\/zakwaterowanie-w-hamelin\/"},"modified":"2025-02-18T16:34:33","modified_gmt":"2025-02-18T15:34:33","slug":"zakwaterowanie-w-hamelin","status":"publish","type":"page","link":"https:\/\/9staedte.de\/pl\/hamelin-legendarne-miasto-pied-piper\/zakwaterowanie-w-hamelin\/","title":{"rendered":"Zakwaterowanie w Hameln"},"content":{"rendered":"\n<h2 class=\"wp-block-heading\">Rezerwacja pokoju w Hameln:<\/h2>\n\n\n\n<p><a href=\"https:\/\/www.hameln.de\/de\/tourismus\/hotels-fewos\/unterkuenfte-online-buchen\/unterkuenfte\" target=\"_blank\" rel=\"noreferrer noopener\">Wybieraj spo\u015br\u00f3d r\u00f3\u017cnych ofert:<\/a><\/p>\n\n\n\n<figure class=\"wp-block-image size-large\"><a href=\"https:\/\/www.hameln.de\/de\/tourismus\/hotels-fewos\/unterkuenfte-online-buchen\/unterkuenfte\"><img loading=\"lazy\" decoding=\"async\" width=\"1024\" height=\"503\" src=\"https:\/\/9staedte.de\/wp-content\/smush-webp\/2023\/07\/Reservierung-Hameln-1024x503.jpg.webp\" alt=\"\" class=\"wp-image-7439\" srcset=\"https:\/\/9staedte.de\/wp-content\/smush-webp\/2023\/07\/Reservierung-Hameln-1024x503.jpg.webp 1024w, https:\/\/9staedte.de\/wp-content\/smush-webp\/2023\/07\/Reservierung-Hameln-300x147.jpg.webp 300w, https:\/\/9staedte.de\/wp-content\/smush-webp\/2023\/07\/Reservierung-Hameln-768x377.jpg.webp 768w, https:\/\/9staedte.de\/wp-content\/smush-webp\/2023\/07\/Reservierung-Hameln.jpg.webp 1028w\" sizes=\"auto, (max-width: 1024px) 100vw, 1024px\" \/><\/a><\/figure>\n","protected":false},"excerpt":{"rendered":"<p>Rezerwacja pokoju w Hameln: Wybieraj spo\u015br\u00f3d r\u00f3\u017cnych ofert:<\/p>\n","protected":false},"author":1,"featured_media":17252,"parent":17928,"menu_order":0,"comment_status":"closed","ping_status":"closed","template":"pagetemplates\/template-stadtthema.php","meta":{"_acf_changed":false,"footnotes":""},"categories":[],"tags":[],"ncap_cities_tax":[450,1025],"class_list":["post-17236","page","type-page","status-publish","has-post-thumbnail","hentry","ncap_cities_tax-hameln-pl","ncap_cities_tax-reservierungen-hameln-pl"],"acf":[],"yoast_head":"<!-- This site is optimized with the Yoast SEO plugin v26.8 - https:\/\/yoast.com\/product\/yoast-seo-wordpress\/ -->\n<title>Zakwaterowanie w Hameln - 9 St\u00e4dte in Niedersachsen<\/title>\n<meta name=\"robots\" content=\"index, follow, max-snippet:-1, max-image-preview:large, max-video-preview:-1\" \/>\n<link rel=\"canonical\" href=\"https:\/\/9staedte.de\/pl\/hamelin-legendarne-miasto-pied-piper\/zakwaterowanie-w-hamelin\/\" \/>\n<meta property=\"og:locale\" content=\"pl_PL\" \/>\n<meta property=\"og:type\" content=\"article\" \/>\n<meta property=\"og:title\" content=\"Zakwaterowanie w Hameln - 9 St\u00e4dte in Niedersachsen\" \/>\n<meta property=\"og:description\" content=\"Rezerwacja pokoju w Hameln: Wybieraj spo\u015br\u00f3d r\u00f3\u017cnych ofert:\" \/>\n<meta property=\"og:url\" content=\"https:\/\/9staedte.de\/pl\/hamelin-legendarne-miasto-pied-piper\/zakwaterowanie-w-hamelin\/\" \/>\n<meta property=\"og:site_name\" content=\"9 St\u00e4dte in Niedersachsen\" \/>\n<meta property=\"article:modified_time\" content=\"2025-02-18T15:34:33+00:00\" \/>\n<meta property=\"og:image\" content=\"https:\/\/9staedte.de\/wp-content\/uploads\/2023\/01\/Hameln-Osterstrasse-c-HMT-1.jpg\" \/>\n\t<meta property=\"og:image:width\" content=\"1020\" \/>\n\t<meta property=\"og:image:height\" content=\"560\" \/>\n\t<meta property=\"og:image:type\" content=\"image\/jpeg\" \/>\n<meta name=\"twitter:card\" content=\"summary_large_image\" \/>\n<meta name=\"twitter:label1\" content=\"Szacowany czas czytania\" \/>\n\t<meta name=\"twitter:data1\" content=\"1 minuta\" \/>\n<script type=\"application\/ld+json\" class=\"yoast-schema-graph\">{\"@context\":\"https:\/\/schema.org\",\"@graph\":[{\"@type\":\"WebPage\",\"@id\":\"https:\/\/9staedte.de\/pl\/hamelin-legendarne-miasto-pied-piper\/zakwaterowanie-w-hamelin\/\",\"url\":\"https:\/\/9staedte.de\/pl\/hamelin-legendarne-miasto-pied-piper\/zakwaterowanie-w-hamelin\/\",\"name\":\"Zakwaterowanie w Hameln - 9 St\u00e4dte in Niedersachsen\",\"isPartOf\":{\"@id\":\"https:\/\/9staedte.de\/pl\/#website\"},\"primaryImageOfPage\":{\"@id\":\"https:\/\/9staedte.de\/pl\/hamelin-legendarne-miasto-pied-piper\/zakwaterowanie-w-hamelin\/#primaryimage\"},\"image\":{\"@id\":\"https:\/\/9staedte.de\/pl\/hamelin-legendarne-miasto-pied-piper\/zakwaterowanie-w-hamelin\/#primaryimage\"},\"thumbnailUrl\":\"https:\/\/9staedte.de\/wp-content\/uploads\/2023\/01\/Hameln-Osterstrasse-c-HMT-1.jpg\",\"datePublished\":\"2023-11-02T08:47:46+00:00\",\"dateModified\":\"2025-02-18T15:34:33+00:00\",\"breadcrumb\":{\"@id\":\"https:\/\/9staedte.de\/pl\/hamelin-legendarne-miasto-pied-piper\/zakwaterowanie-w-hamelin\/#breadcrumb\"},\"inLanguage\":\"pl-PL\",\"potentialAction\":[{\"@type\":\"ReadAction\",\"target\":[\"https:\/\/9staedte.de\/pl\/hamelin-legendarne-miasto-pied-piper\/zakwaterowanie-w-hamelin\/\"]}]},{\"@type\":\"ImageObject\",\"inLanguage\":\"pl-PL\",\"@id\":\"https:\/\/9staedte.de\/pl\/hamelin-legendarne-miasto-pied-piper\/zakwaterowanie-w-hamelin\/#primaryimage\",\"url\":\"https:\/\/9staedte.de\/wp-content\/uploads\/2023\/01\/Hameln-Osterstrasse-c-HMT-1.jpg\",\"contentUrl\":\"https:\/\/9staedte.de\/wp-content\/uploads\/2023\/01\/Hameln-Osterstrasse-c-HMT-1.jpg\",\"width\":1020,\"height\":560,\"caption\":\"Hameln Osterstra\u00dfe c) HMT\"},{\"@type\":\"BreadcrumbList\",\"@id\":\"https:\/\/9staedte.de\/pl\/hamelin-legendarne-miasto-pied-piper\/zakwaterowanie-w-hamelin\/#breadcrumb\",\"itemListElement\":[{\"@type\":\"ListItem\",\"position\":1,\"name\":\"Startseite\",\"item\":\"https:\/\/9staedte.de\/pl\/\"},{\"@type\":\"ListItem\",\"position\":2,\"name\":\"Hameln &#8211; legendarne miasto Pied Piper\",\"item\":\"https:\/\/9staedte.de\/pl\/hamelin-legendarne-miasto-pied-piper\/\"},{\"@type\":\"ListItem\",\"position\":3,\"name\":\"Zakwaterowanie w Hameln\"}]},{\"@type\":\"WebSite\",\"@id\":\"https:\/\/9staedte.de\/pl\/#website\",\"url\":\"https:\/\/9staedte.de\/pl\/\",\"name\":\"9 St\u00e4dte in Niedersachsen\",\"description\":\"\",\"publisher\":{\"@id\":\"https:\/\/9staedte.de\/pl\/#organization\"},\"potentialAction\":[{\"@type\":\"SearchAction\",\"target\":{\"@type\":\"EntryPoint\",\"urlTemplate\":\"https:\/\/9staedte.de\/pl\/?s={search_term_string}\"},\"query-input\":{\"@type\":\"PropertyValueSpecification\",\"valueRequired\":true,\"valueName\":\"search_term_string\"}}],\"inLanguage\":\"pl-PL\"},{\"@type\":\"Organization\",\"@id\":\"https:\/\/9staedte.de\/pl\/#organization\",\"name\":\"9 St\u00e4dte in Niedersachsen\",\"url\":\"https:\/\/9staedte.de\/pl\/\",\"logo\":{\"@type\":\"ImageObject\",\"inLanguage\":\"pl-PL\",\"@id\":\"https:\/\/9staedte.de\/pl\/#\/schema\/logo\/image\/\",\"url\":\"https:\/\/9staedte.de\/wp-content\/uploads\/2025\/01\/9-neg-deutsch-2-1.png\",\"contentUrl\":\"https:\/\/9staedte.de\/wp-content\/uploads\/2025\/01\/9-neg-deutsch-2-1.png\",\"width\":190,\"height\":114,\"caption\":\"9 St\u00e4dte in Niedersachsen\"},\"image\":{\"@id\":\"https:\/\/9staedte.de\/pl\/#\/schema\/logo\/image\/\"}}]}<\/script>\n<!-- \/ Yoast SEO plugin. -->","yoast_head_json":{"title":"Zakwaterowanie w Hameln - 9 St\u00e4dte in Niedersachsen","robots":{"index":"index","follow":"follow","max-snippet":"max-snippet:-1","max-image-preview":"max-image-preview:large","max-video-preview":"max-video-preview:-1"},"canonical":"https:\/\/9staedte.de\/pl\/hamelin-legendarne-miasto-pied-piper\/zakwaterowanie-w-hamelin\/","og_locale":"pl_PL","og_type":"article","og_title":"Zakwaterowanie w Hameln - 9 St\u00e4dte in Niedersachsen","og_description":"Rezerwacja pokoju w Hameln: Wybieraj spo\u015br\u00f3d r\u00f3\u017cnych ofert:","og_url":"https:\/\/9staedte.de\/pl\/hamelin-legendarne-miasto-pied-piper\/zakwaterowanie-w-hamelin\/","og_site_name":"9 St\u00e4dte in Niedersachsen","article_modified_time":"2025-02-18T15:34:33+00:00","og_image":[{"width":1020,"height":560,"url":"https:\/\/9staedte.de\/wp-content\/uploads\/2023\/01\/Hameln-Osterstrasse-c-HMT-1.jpg","type":"image\/jpeg"}],"twitter_card":"summary_large_image","twitter_misc":{"Szacowany czas czytania":"1 minuta"},"schema":{"@context":"https:\/\/schema.org","@graph":[{"@type":"WebPage","@id":"https:\/\/9staedte.de\/pl\/hamelin-legendarne-miasto-pied-piper\/zakwaterowanie-w-hamelin\/","url":"https:\/\/9staedte.de\/pl\/hamelin-legendarne-miasto-pied-piper\/zakwaterowanie-w-hamelin\/","name":"Zakwaterowanie w Hameln - 9 St\u00e4dte in Niedersachsen","isPartOf":{"@id":"https:\/\/9staedte.de\/pl\/#website"},"primaryImageOfPage":{"@id":"https:\/\/9staedte.de\/pl\/hamelin-legendarne-miasto-pied-piper\/zakwaterowanie-w-hamelin\/#primaryimage"},"image":{"@id":"https:\/\/9staedte.de\/pl\/hamelin-legendarne-miasto-pied-piper\/zakwaterowanie-w-hamelin\/#primaryimage"},"thumbnailUrl":"https:\/\/9staedte.de\/wp-content\/uploads\/2023\/01\/Hameln-Osterstrasse-c-HMT-1.jpg","datePublished":"2023-11-02T08:47:46+00:00","dateModified":"2025-02-18T15:34:33+00:00","breadcrumb":{"@id":"https:\/\/9staedte.de\/pl\/hamelin-legendarne-miasto-pied-piper\/zakwaterowanie-w-hamelin\/#breadcrumb"},"inLanguage":"pl-PL","potentialAction":[{"@type":"ReadAction","target":["https:\/\/9staedte.de\/pl\/hamelin-legendarne-miasto-pied-piper\/zakwaterowanie-w-hamelin\/"]}]},{"@type":"ImageObject","inLanguage":"pl-PL","@id":"https:\/\/9staedte.de\/pl\/hamelin-legendarne-miasto-pied-piper\/zakwaterowanie-w-hamelin\/#primaryimage","url":"https:\/\/9staedte.de\/wp-content\/uploads\/2023\/01\/Hameln-Osterstrasse-c-HMT-1.jpg","contentUrl":"https:\/\/9staedte.de\/wp-content\/uploads\/2023\/01\/Hameln-Osterstrasse-c-HMT-1.jpg","width":1020,"height":560,"caption":"Hameln Osterstra\u00dfe c) HMT"},{"@type":"BreadcrumbList","@id":"https:\/\/9staedte.de\/pl\/hamelin-legendarne-miasto-pied-piper\/zakwaterowanie-w-hamelin\/#breadcrumb","itemListElement":[{"@type":"ListItem","position":1,"name":"Startseite","item":"https:\/\/9staedte.de\/pl\/"},{"@type":"ListItem","position":2,"name":"Hameln &#8211; legendarne miasto Pied Piper","item":"https:\/\/9staedte.de\/pl\/hamelin-legendarne-miasto-pied-piper\/"},{"@type":"ListItem","position":3,"name":"Zakwaterowanie w Hameln"}]},{"@type":"WebSite","@id":"https:\/\/9staedte.de\/pl\/#website","url":"https:\/\/9staedte.de\/pl\/","name":"9 St\u00e4dte in Niedersachsen","description":"","publisher":{"@id":"https:\/\/9staedte.de\/pl\/#organization"},"potentialAction":[{"@type":"SearchAction","target":{"@type":"EntryPoint","urlTemplate":"https:\/\/9staedte.de\/pl\/?s={search_term_string}"},"query-input":{"@type":"PropertyValueSpecification","valueRequired":true,"valueName":"search_term_string"}}],"inLanguage":"pl-PL"},{"@type":"Organization","@id":"https:\/\/9staedte.de\/pl\/#organization","name":"9 St\u00e4dte in Niedersachsen","url":"https:\/\/9staedte.de\/pl\/","logo":{"@type":"ImageObject","inLanguage":"pl-PL","@id":"https:\/\/9staedte.de\/pl\/#\/schema\/logo\/image\/","url":"https:\/\/9staedte.de\/wp-content\/uploads\/2025\/01\/9-neg-deutsch-2-1.png","contentUrl":"https:\/\/9staedte.de\/wp-content\/uploads\/2025\/01\/9-neg-deutsch-2-1.png","width":190,"height":114,"caption":"9 St\u00e4dte in Niedersachsen"},"image":{"@id":"https:\/\/9staedte.de\/pl\/#\/schema\/logo\/image\/"}}]}},"_links":{"self":[{"href":"https:\/\/9staedte.de\/pl\/wp-json\/wp\/v2\/pages\/17236","targetHints":{"allow":["GET"]}}],"collection":[{"href":"https:\/\/9staedte.de\/pl\/wp-json\/wp\/v2\/pages"}],"about":[{"href":"https:\/\/9staedte.de\/pl\/wp-json\/wp\/v2\/types\/page"}],"author":[{"embeddable":true,"href":"https:\/\/9staedte.de\/pl\/wp-json\/wp\/v2\/users\/1"}],"replies":[{"embeddable":true,"href":"https:\/\/9staedte.de\/pl\/wp-json\/wp\/v2\/comments?post=17236"}],"version-history":[{"count":2,"href":"https:\/\/9staedte.de\/pl\/wp-json\/wp\/v2\/pages\/17236\/revisions"}],"predecessor-version":[{"id":24835,"href":"https:\/\/9staedte.de\/pl\/wp-json\/wp\/v2\/pages\/17236\/revisions\/24835"}],"up":[{"embeddable":true,"href":"https:\/\/9staedte.de\/pl\/wp-json\/wp\/v2\/pages\/17928"}],"wp:featuredmedia":[{"embeddable":true,"href":"https:\/\/9staedte.de\/pl\/wp-json\/wp\/v2\/media\/17252"}],"wp:attachment":[{"href":"https:\/\/9staedte.de\/pl\/wp-json\/wp\/v2\/media?parent=17236"}],"wp:term":[{"taxonomy":"category","embeddable":true,"href":"https:\/\/9staedte.de\/pl\/wp-json\/wp\/v2\/categories?post=17236"},{"taxonomy":"post_tag","embeddable":true,"href":"https:\/\/9staedte.de\/pl\/wp-json\/wp\/v2\/tags?post=17236"},{"taxonomy":"ncap_cities_tax","embeddable":true,"href":"https:\/\/9staedte.de\/pl\/wp-json\/wp\/v2\/ncap_cities_tax?post=17236"}],"curies":[{"name":"wp","href":"https:\/\/api.w.org\/{rel}","templated":true}]}}