{"id":17235,"date":"2023-11-02T09:47:46","date_gmt":"2023-11-02T08:47:46","guid":{"rendered":"https:\/\/9staedte.de\/programy-dzienne-w-hanowerze\/"},"modified":"2023-11-02T18:08:43","modified_gmt":"2023-11-02T17:08:43","slug":"programy-dzienne-w-hanowerze","status":"publish","type":"page","link":"https:\/\/9staedte.de\/pl\/hanower-stolica-dolnej-saksonii\/programy-dzienne-w-hanowerze\/","title":{"rendered":"Programy dzienne w Hanowerze"},"content":{"rendered":"\r\n\r\n    <div class=\"filter-posts\">\r\n            <div  id=\"filterContent\">\r\n                                                        \n<div class=\"contentKachel filtr-item\" data-category=\"hannover-pl\">\n    <a href=\"https:\/\/9staedte.de\/pl\/barokowy-palac-i-swiat-ogrodow-herrenhausen-z-przyjemnoscia\/\">\n        <div class=\"contentKachel-inner\">\n                            <div class=\"contentKachel-thumbnail\">\n                    <img loading=\"lazy\" decoding=\"async\" width=\"300\" height=\"165\" src=\"https:\/\/9staedte.de\/wp-content\/smush-webp\/2022\/07\/Hannover-HerrenhaeuserGaerten-c-HMTG-LarsGerhardts-300x165.jpg.webp\" class=\"objectfitcover withfilters wp-post-image\" alt=\"Na zdj\u0119ciu wida\u0107 Wielki Ogr\u00f3d w Hanowerze. Z przodu jest fontanna. Woda tryska w g\u00f3r\u0119. \u015acie\u017cka prowadzi do pa\u0142acu Herrenhausen. Po obu stronach s\u0105 kwiatowe rabaty. Bia\u0142e pos\u0105gi stoj\u0105 przy \u015bcie\u017ckach. Przed pa\u0142acem rosn\u0105 palmy. Niebo jest niebieskie, a s\u0142o\u0144ce \u015bwieci. Atmosfera jest spokojna i elegancka.\" srcset=\"https:\/\/9staedte.de\/wp-content\/smush-webp\/2022\/07\/Hannover-HerrenhaeuserGaerten-c-HMTG-LarsGerhardts-300x165.jpg.webp 300w, https:\/\/9staedte.de\/wp-content\/smush-webp\/2022\/07\/Hannover-HerrenhaeuserGaerten-c-HMTG-LarsGerhardts-768x422.jpg.webp 768w, https:\/\/9staedte.de\/wp-content\/smush-webp\/2022\/07\/Hannover-HerrenhaeuserGaerten-c-HMTG-LarsGerhardts.jpg.webp 1020w\" sizes=\"auto, (max-width: 300px) 100vw, 300px\" \/>                    <img loading=\"lazy\" decoding=\"async\" width=\"300\" height=\"165\" src=\"https:\/\/9staedte.de\/wp-content\/smush-webp\/2022\/07\/Hannover-HerrenhaeuserGaerten-c-HMTG-LarsGerhardts-300x165.jpg.webp\" class=\"objectfitcontain wp-post-image\" alt=\"Na zdj\u0119ciu wida\u0107 Wielki Ogr\u00f3d w Hanowerze. Z przodu jest fontanna. Woda tryska w g\u00f3r\u0119. \u015acie\u017cka prowadzi do pa\u0142acu Herrenhausen. Po obu stronach s\u0105 kwiatowe rabaty. Bia\u0142e pos\u0105gi stoj\u0105 przy \u015bcie\u017ckach. Przed pa\u0142acem rosn\u0105 palmy. Niebo jest niebieskie, a s\u0142o\u0144ce \u015bwieci. Atmosfera jest spokojna i elegancka.\" srcset=\"https:\/\/9staedte.de\/wp-content\/smush-webp\/2022\/07\/Hannover-HerrenhaeuserGaerten-c-HMTG-LarsGerhardts-300x165.jpg.webp 300w, https:\/\/9staedte.de\/wp-content\/smush-webp\/2022\/07\/Hannover-HerrenhaeuserGaerten-c-HMTG-LarsGerhardts-768x422.jpg.webp 768w, https:\/\/9staedte.de\/wp-content\/smush-webp\/2022\/07\/Hannover-HerrenhaeuserGaerten-c-HMTG-LarsGerhardts.jpg.webp 1020w\" sizes=\"auto, (max-width: 300px) 100vw, 300px\" \/>                        <div class=\"thumbnail-label\">\n    <span>Hannover Herrenh\u00e4user G\u00e4rten c) HMTG Lars Gerhardts<\/span>\n    <\/div>\n                <\/div>\n                        <div class=\"contentKachel-content\">\n                                    <div class=\"city-tag bg-hannover\">\n                        Hannover                    <\/div>\n                \n                <div class=\"title\">\n\n                    Barokowy pa\u0142ac i \u015bwiat ogrod\u00f3w &#8211; Herrenhausen z przyjemno\u015bci\u0105                    \n                <\/div>\n\n                            <\/div>\n\n        <\/div>\n    <\/a>\n<\/div>                                                        \n<div class=\"contentKachel filtr-item\" data-category=\"hannover-pl\">\n    <a href=\"https:\/\/9staedte.de\/pl\/codzienny-program-nastrojowy-sezon-swiateczny-w-hanowerze\/\">\n        <div class=\"contentKachel-inner\">\n                            <div class=\"contentKachel-thumbnail\">\n                    <img loading=\"lazy\" decoding=\"async\" width=\"300\" height=\"165\" src=\"https:\/\/9staedte.de\/wp-content\/smush-webp\/2022\/07\/Hannover-Historic-Christams-village-c-Hannover-Marketing-und-Tourismus-GmbH-Lars-Gerhardts-300x165.jpg.webp\" class=\"objectfitcover withfilters wp-post-image\" alt=\"Na zdj\u0119ciu jest wiele os\u00f3b. S\u0105 na zewn\u0105trz w mie\u015bcie. Jest ciemno, ale wsz\u0119dzie s\u0105 \u015bwiate\u0142ka. Wida\u0107 ma\u0142e stoiska z lampkami. Ludzie jedz\u0105 i pij\u0105. W tle wida\u0107 star\u0105, okr\u0105g\u0142\u0105 wie\u017c\u0119. Zdj\u0119cie pokazuje historyczn\u0105 wiosk\u0119 bo\u017conarodzeniow\u0105 w Hanowerze.\" srcset=\"https:\/\/9staedte.de\/wp-content\/smush-webp\/2022\/07\/Hannover-Historic-Christams-village-c-Hannover-Marketing-und-Tourismus-GmbH-Lars-Gerhardts-300x165.jpg.webp 300w, https:\/\/9staedte.de\/wp-content\/smush-webp\/2022\/07\/Hannover-Historic-Christams-village-c-Hannover-Marketing-und-Tourismus-GmbH-Lars-Gerhardts-768x422.jpg.webp 768w, https:\/\/9staedte.de\/wp-content\/smush-webp\/2022\/07\/Hannover-Historic-Christams-village-c-Hannover-Marketing-und-Tourismus-GmbH-Lars-Gerhardts.jpg.webp 1019w\" sizes=\"auto, (max-width: 300px) 100vw, 300px\" \/>                    <img loading=\"lazy\" decoding=\"async\" width=\"300\" height=\"165\" src=\"https:\/\/9staedte.de\/wp-content\/smush-webp\/2022\/07\/Hannover-Historic-Christams-village-c-Hannover-Marketing-und-Tourismus-GmbH-Lars-Gerhardts-300x165.jpg.webp\" class=\"objectfitcontain wp-post-image\" alt=\"Na zdj\u0119ciu jest wiele os\u00f3b. S\u0105 na zewn\u0105trz w mie\u015bcie. Jest ciemno, ale wsz\u0119dzie s\u0105 \u015bwiate\u0142ka. Wida\u0107 ma\u0142e stoiska z lampkami. Ludzie jedz\u0105 i pij\u0105. W tle wida\u0107 star\u0105, okr\u0105g\u0142\u0105 wie\u017c\u0119. Zdj\u0119cie pokazuje historyczn\u0105 wiosk\u0119 bo\u017conarodzeniow\u0105 w Hanowerze.\" srcset=\"https:\/\/9staedte.de\/wp-content\/smush-webp\/2022\/07\/Hannover-Historic-Christams-village-c-Hannover-Marketing-und-Tourismus-GmbH-Lars-Gerhardts-300x165.jpg.webp 300w, https:\/\/9staedte.de\/wp-content\/smush-webp\/2022\/07\/Hannover-Historic-Christams-village-c-Hannover-Marketing-und-Tourismus-GmbH-Lars-Gerhardts-768x422.jpg.webp 768w, https:\/\/9staedte.de\/wp-content\/smush-webp\/2022\/07\/Hannover-Historic-Christams-village-c-Hannover-Marketing-und-Tourismus-GmbH-Lars-Gerhardts.jpg.webp 1019w\" sizes=\"auto, (max-width: 300px) 100vw, 300px\" \/>                        <div class=\"thumbnail-label\">\n    <span>Hannover Historic Christams village c) Hannover Marketing und Tourismus GmbH Lars Gerhardts<\/span>\n    <\/div>\n                <\/div>\n                        <div class=\"contentKachel-content\">\n                                    <div class=\"city-tag bg-hannover\">\n                        Hannover                    <\/div>\n                \n                <div class=\"title\">\n\n                    Codzienny program: nastrojowy sezon \u015bwi\u0105teczny w Hanowerze                    \n                <\/div>\n\n                            <\/div>\n\n        <\/div>\n    <\/a>\n<\/div>                                                        \n<div class=\"contentKachel filtr-item\" data-category=\"hannover-pl\">\n    <a href=\"https:\/\/9staedte.de\/pl\/program-dnia-zwiedzanie-zoo-w-hanowerze\/\">\n        <div class=\"contentKachel-inner\">\n                            <div class=\"contentKachel-thumbnail\">\n                    <img loading=\"lazy\" decoding=\"async\" width=\"300\" height=\"165\" src=\"https:\/\/9staedte.de\/wp-content\/smush-webp\/2022\/07\/Erlebnis-Zoo-Hannover-Flamingos_Bootsfahrt-c-Martin-Bargiel-300x165.jpg.webp\" class=\"objectfitcover withfilters wp-post-image\" alt=\"Na zdj\u0119ciu jest \u0142\u00f3d\u017a. W \u0142odzi siedz\u0105 ludzie. \u0141\u00f3d\u017a p\u0142ynie po ma\u0142ej rzece. Przed \u0142odzi\u0105 stoi wiele flaming\u00f3w w wodzie. Flamingi s\u0105 r\u00f3\u017cowe. Wida\u0107 du\u017co ro\u015blin i drzew. Zdj\u0119cie pokazuje zoo w Hanowerze.\" srcset=\"https:\/\/9staedte.de\/wp-content\/smush-webp\/2022\/07\/Erlebnis-Zoo-Hannover-Flamingos_Bootsfahrt-c-Martin-Bargiel-300x165.jpg.webp 300w, https:\/\/9staedte.de\/wp-content\/smush-webp\/2022\/07\/Erlebnis-Zoo-Hannover-Flamingos_Bootsfahrt-c-Martin-Bargiel-768x422.jpg.webp 768w, https:\/\/9staedte.de\/wp-content\/smush-webp\/2022\/07\/Erlebnis-Zoo-Hannover-Flamingos_Bootsfahrt-c-Martin-Bargiel.jpg.webp 1019w\" sizes=\"auto, (max-width: 300px) 100vw, 300px\" \/>                    <img loading=\"lazy\" decoding=\"async\" width=\"300\" height=\"165\" src=\"https:\/\/9staedte.de\/wp-content\/smush-webp\/2022\/07\/Erlebnis-Zoo-Hannover-Flamingos_Bootsfahrt-c-Martin-Bargiel-300x165.jpg.webp\" class=\"objectfitcontain wp-post-image\" alt=\"Na zdj\u0119ciu jest \u0142\u00f3d\u017a. W \u0142odzi siedz\u0105 ludzie. \u0141\u00f3d\u017a p\u0142ynie po ma\u0142ej rzece. Przed \u0142odzi\u0105 stoi wiele flaming\u00f3w w wodzie. Flamingi s\u0105 r\u00f3\u017cowe. Wida\u0107 du\u017co ro\u015blin i drzew. Zdj\u0119cie pokazuje zoo w Hanowerze.\" srcset=\"https:\/\/9staedte.de\/wp-content\/smush-webp\/2022\/07\/Erlebnis-Zoo-Hannover-Flamingos_Bootsfahrt-c-Martin-Bargiel-300x165.jpg.webp 300w, https:\/\/9staedte.de\/wp-content\/smush-webp\/2022\/07\/Erlebnis-Zoo-Hannover-Flamingos_Bootsfahrt-c-Martin-Bargiel-768x422.jpg.webp 768w, https:\/\/9staedte.de\/wp-content\/smush-webp\/2022\/07\/Erlebnis-Zoo-Hannover-Flamingos_Bootsfahrt-c-Martin-Bargiel.jpg.webp 1019w\" sizes=\"auto, (max-width: 300px) 100vw, 300px\" \/>                        <div class=\"thumbnail-label\">\n    <span>Flamingos vor Bootsfahrt, Familie im Boot, Martin Bargiel, 2022<\/span>\n    <\/div>\n                <\/div>\n                        <div class=\"contentKachel-content\">\n                                    <div class=\"city-tag bg-hannover\">\n                        Hannover                    <\/div>\n                \n                <div class=\"title\">\n\n                    Program dnia: Zwiedzanie zoo w Hanowerze                    \n                <\/div>\n\n                            <\/div>\n\n        <\/div>\n    <\/a>\n<\/div>                                            <\/div>\r\n    <\/div>\r\n","protected":false},"excerpt":{"rendered":"","protected":false},"author":1,"featured_media":17246,"parent":18029,"menu_order":0,"comment_status":"closed","ping_status":"closed","template":"pagetemplates\/template-stadtthema.php","meta":{"_acf_changed":false,"footnotes":""},"categories":[],"tags":[],"ncap_cities_tax":[458,1033],"class_list":["post-17235","page","type-page","status-publish","has-post-thumbnail","hentry","ncap_cities_tax-hannover-pl","ncap_cities_tax-tagesprogramme-hannover-pl"],"acf":[],"yoast_head":"<!-- This site is optimized with the Yoast SEO plugin v26.8 - https:\/\/yoast.com\/product\/yoast-seo-wordpress\/ -->\n<title>Programy dzienne w Hanowerze - 9 St\u00e4dte in Niedersachsen<\/title>\n<meta name=\"robots\" content=\"index, follow, max-snippet:-1, max-image-preview:large, max-video-preview:-1\" \/>\n<link rel=\"canonical\" href=\"https:\/\/9staedte.de\/pl\/hanower-stolica-dolnej-saksonii\/programy-dzienne-w-hanowerze\/\" \/>\n<meta property=\"og:locale\" content=\"pl_PL\" \/>\n<meta property=\"og:type\" content=\"article\" \/>\n<meta property=\"og:title\" content=\"Programy dzienne w Hanowerze - 9 St\u00e4dte in Niedersachsen\" \/>\n<meta property=\"og:url\" content=\"https:\/\/9staedte.de\/pl\/hanower-stolica-dolnej-saksonii\/programy-dzienne-w-hanowerze\/\" \/>\n<meta property=\"og:site_name\" content=\"9 St\u00e4dte in Niedersachsen\" \/>\n<meta property=\"article:modified_time\" content=\"2023-11-02T17:08:43+00:00\" \/>\n<meta property=\"og:image\" content=\"https:\/\/9staedte.de\/wp-content\/uploads\/2023\/06\/Neues-Rathaus-Luftbild-c-HMTG-Lars-Gerhardts.jpg\" \/>\n\t<meta property=\"og:image:width\" content=\"1020\" \/>\n\t<meta property=\"og:image:height\" content=\"560\" \/>\n\t<meta property=\"og:image:type\" content=\"image\/jpeg\" \/>\n<meta name=\"twitter:card\" content=\"summary_large_image\" \/>\n<script type=\"application\/ld+json\" class=\"yoast-schema-graph\">{\"@context\":\"https:\/\/schema.org\",\"@graph\":[{\"@type\":\"WebPage\",\"@id\":\"https:\/\/9staedte.de\/pl\/hanower-stolica-dolnej-saksonii\/programy-dzienne-w-hanowerze\/\",\"url\":\"https:\/\/9staedte.de\/pl\/hanower-stolica-dolnej-saksonii\/programy-dzienne-w-hanowerze\/\",\"name\":\"Programy dzienne w Hanowerze - 9 St\u00e4dte in Niedersachsen\",\"isPartOf\":{\"@id\":\"https:\/\/9staedte.de\/pl\/#website\"},\"primaryImageOfPage\":{\"@id\":\"https:\/\/9staedte.de\/pl\/hanower-stolica-dolnej-saksonii\/programy-dzienne-w-hanowerze\/#primaryimage\"},\"image\":{\"@id\":\"https:\/\/9staedte.de\/pl\/hanower-stolica-dolnej-saksonii\/programy-dzienne-w-hanowerze\/#primaryimage\"},\"thumbnailUrl\":\"https:\/\/9staedte.de\/wp-content\/uploads\/2023\/06\/Neues-Rathaus-Luftbild-c-HMTG-Lars-Gerhardts.jpg\",\"datePublished\":\"2023-11-02T08:47:46+00:00\",\"dateModified\":\"2023-11-02T17:08:43+00:00\",\"breadcrumb\":{\"@id\":\"https:\/\/9staedte.de\/pl\/hanower-stolica-dolnej-saksonii\/programy-dzienne-w-hanowerze\/#breadcrumb\"},\"inLanguage\":\"pl-PL\",\"potentialAction\":[{\"@type\":\"ReadAction\",\"target\":[\"https:\/\/9staedte.de\/pl\/hanower-stolica-dolnej-saksonii\/programy-dzienne-w-hanowerze\/\"]}]},{\"@type\":\"ImageObject\",\"inLanguage\":\"pl-PL\",\"@id\":\"https:\/\/9staedte.de\/pl\/hanower-stolica-dolnej-saksonii\/programy-dzienne-w-hanowerze\/#primaryimage\",\"url\":\"https:\/\/9staedte.de\/wp-content\/uploads\/2023\/06\/Neues-Rathaus-Luftbild-c-HMTG-Lars-Gerhardts.jpg\",\"contentUrl\":\"https:\/\/9staedte.de\/wp-content\/uploads\/2023\/06\/Neues-Rathaus-Luftbild-c-HMTG-Lars-Gerhardts.jpg\",\"width\":1020,\"height\":560,\"caption\":\"Neues Rathaus Luftbild - c) HMTG Lars Gerhardts\"},{\"@type\":\"BreadcrumbList\",\"@id\":\"https:\/\/9staedte.de\/pl\/hanower-stolica-dolnej-saksonii\/programy-dzienne-w-hanowerze\/#breadcrumb\",\"itemListElement\":[{\"@type\":\"ListItem\",\"position\":1,\"name\":\"Startseite\",\"item\":\"https:\/\/9staedte.de\/pl\/\"},{\"@type\":\"ListItem\",\"position\":2,\"name\":\"Hanower &#8211; stolica Dolnej Saksonii\",\"item\":\"https:\/\/9staedte.de\/pl\/hanower-stolica-dolnej-saksonii\/\"},{\"@type\":\"ListItem\",\"position\":3,\"name\":\"Programy dzienne w Hanowerze\"}]},{\"@type\":\"WebSite\",\"@id\":\"https:\/\/9staedte.de\/pl\/#website\",\"url\":\"https:\/\/9staedte.de\/pl\/\",\"name\":\"9 St\u00e4dte in Niedersachsen\",\"description\":\"\",\"publisher\":{\"@id\":\"https:\/\/9staedte.de\/pl\/#organization\"},\"potentialAction\":[{\"@type\":\"SearchAction\",\"target\":{\"@type\":\"EntryPoint\",\"urlTemplate\":\"https:\/\/9staedte.de\/pl\/?s={search_term_string}\"},\"query-input\":{\"@type\":\"PropertyValueSpecification\",\"valueRequired\":true,\"valueName\":\"search_term_string\"}}],\"inLanguage\":\"pl-PL\"},{\"@type\":\"Organization\",\"@id\":\"https:\/\/9staedte.de\/pl\/#organization\",\"name\":\"9 St\u00e4dte in Niedersachsen\",\"url\":\"https:\/\/9staedte.de\/pl\/\",\"logo\":{\"@type\":\"ImageObject\",\"inLanguage\":\"pl-PL\",\"@id\":\"https:\/\/9staedte.de\/pl\/#\/schema\/logo\/image\/\",\"url\":\"https:\/\/9staedte.de\/wp-content\/uploads\/2025\/01\/9-neg-deutsch-2-1.png\",\"contentUrl\":\"https:\/\/9staedte.de\/wp-content\/uploads\/2025\/01\/9-neg-deutsch-2-1.png\",\"width\":190,\"height\":114,\"caption\":\"9 St\u00e4dte in Niedersachsen\"},\"image\":{\"@id\":\"https:\/\/9staedte.de\/pl\/#\/schema\/logo\/image\/\"}}]}<\/script>\n<!-- \/ Yoast SEO plugin. -->","yoast_head_json":{"title":"Programy dzienne w Hanowerze - 9 St\u00e4dte in Niedersachsen","robots":{"index":"index","follow":"follow","max-snippet":"max-snippet:-1","max-image-preview":"max-image-preview:large","max-video-preview":"max-video-preview:-1"},"canonical":"https:\/\/9staedte.de\/pl\/hanower-stolica-dolnej-saksonii\/programy-dzienne-w-hanowerze\/","og_locale":"pl_PL","og_type":"article","og_title":"Programy dzienne w Hanowerze - 9 St\u00e4dte in Niedersachsen","og_url":"https:\/\/9staedte.de\/pl\/hanower-stolica-dolnej-saksonii\/programy-dzienne-w-hanowerze\/","og_site_name":"9 St\u00e4dte in Niedersachsen","article_modified_time":"2023-11-02T17:08:43+00:00","og_image":[{"width":1020,"height":560,"url":"https:\/\/9staedte.de\/wp-content\/uploads\/2023\/06\/Neues-Rathaus-Luftbild-c-HMTG-Lars-Gerhardts.jpg","type":"image\/jpeg"}],"twitter_card":"summary_large_image","schema":{"@context":"https:\/\/schema.org","@graph":[{"@type":"WebPage","@id":"https:\/\/9staedte.de\/pl\/hanower-stolica-dolnej-saksonii\/programy-dzienne-w-hanowerze\/","url":"https:\/\/9staedte.de\/pl\/hanower-stolica-dolnej-saksonii\/programy-dzienne-w-hanowerze\/","name":"Programy dzienne w Hanowerze - 9 St\u00e4dte in Niedersachsen","isPartOf":{"@id":"https:\/\/9staedte.de\/pl\/#website"},"primaryImageOfPage":{"@id":"https:\/\/9staedte.de\/pl\/hanower-stolica-dolnej-saksonii\/programy-dzienne-w-hanowerze\/#primaryimage"},"image":{"@id":"https:\/\/9staedte.de\/pl\/hanower-stolica-dolnej-saksonii\/programy-dzienne-w-hanowerze\/#primaryimage"},"thumbnailUrl":"https:\/\/9staedte.de\/wp-content\/uploads\/2023\/06\/Neues-Rathaus-Luftbild-c-HMTG-Lars-Gerhardts.jpg","datePublished":"2023-11-02T08:47:46+00:00","dateModified":"2023-11-02T17:08:43+00:00","breadcrumb":{"@id":"https:\/\/9staedte.de\/pl\/hanower-stolica-dolnej-saksonii\/programy-dzienne-w-hanowerze\/#breadcrumb"},"inLanguage":"pl-PL","potentialAction":[{"@type":"ReadAction","target":["https:\/\/9staedte.de\/pl\/hanower-stolica-dolnej-saksonii\/programy-dzienne-w-hanowerze\/"]}]},{"@type":"ImageObject","inLanguage":"pl-PL","@id":"https:\/\/9staedte.de\/pl\/hanower-stolica-dolnej-saksonii\/programy-dzienne-w-hanowerze\/#primaryimage","url":"https:\/\/9staedte.de\/wp-content\/uploads\/2023\/06\/Neues-Rathaus-Luftbild-c-HMTG-Lars-Gerhardts.jpg","contentUrl":"https:\/\/9staedte.de\/wp-content\/uploads\/2023\/06\/Neues-Rathaus-Luftbild-c-HMTG-Lars-Gerhardts.jpg","width":1020,"height":560,"caption":"Neues Rathaus Luftbild - c) HMTG Lars Gerhardts"},{"@type":"BreadcrumbList","@id":"https:\/\/9staedte.de\/pl\/hanower-stolica-dolnej-saksonii\/programy-dzienne-w-hanowerze\/#breadcrumb","itemListElement":[{"@type":"ListItem","position":1,"name":"Startseite","item":"https:\/\/9staedte.de\/pl\/"},{"@type":"ListItem","position":2,"name":"Hanower &#8211; stolica Dolnej Saksonii","item":"https:\/\/9staedte.de\/pl\/hanower-stolica-dolnej-saksonii\/"},{"@type":"ListItem","position":3,"name":"Programy dzienne w Hanowerze"}]},{"@type":"WebSite","@id":"https:\/\/9staedte.de\/pl\/#website","url":"https:\/\/9staedte.de\/pl\/","name":"9 St\u00e4dte in Niedersachsen","description":"","publisher":{"@id":"https:\/\/9staedte.de\/pl\/#organization"},"potentialAction":[{"@type":"SearchAction","target":{"@type":"EntryPoint","urlTemplate":"https:\/\/9staedte.de\/pl\/?s={search_term_string}"},"query-input":{"@type":"PropertyValueSpecification","valueRequired":true,"valueName":"search_term_string"}}],"inLanguage":"pl-PL"},{"@type":"Organization","@id":"https:\/\/9staedte.de\/pl\/#organization","name":"9 St\u00e4dte in Niedersachsen","url":"https:\/\/9staedte.de\/pl\/","logo":{"@type":"ImageObject","inLanguage":"pl-PL","@id":"https:\/\/9staedte.de\/pl\/#\/schema\/logo\/image\/","url":"https:\/\/9staedte.de\/wp-content\/uploads\/2025\/01\/9-neg-deutsch-2-1.png","contentUrl":"https:\/\/9staedte.de\/wp-content\/uploads\/2025\/01\/9-neg-deutsch-2-1.png","width":190,"height":114,"caption":"9 St\u00e4dte in Niedersachsen"},"image":{"@id":"https:\/\/9staedte.de\/pl\/#\/schema\/logo\/image\/"}}]}},"_links":{"self":[{"href":"https:\/\/9staedte.de\/pl\/wp-json\/wp\/v2\/pages\/17235","targetHints":{"allow":["GET"]}}],"collection":[{"href":"https:\/\/9staedte.de\/pl\/wp-json\/wp\/v2\/pages"}],"about":[{"href":"https:\/\/9staedte.de\/pl\/wp-json\/wp\/v2\/types\/page"}],"author":[{"embeddable":true,"href":"https:\/\/9staedte.de\/pl\/wp-json\/wp\/v2\/users\/1"}],"replies":[{"embeddable":true,"href":"https:\/\/9staedte.de\/pl\/wp-json\/wp\/v2\/comments?post=17235"}],"version-history":[{"count":1,"href":"https:\/\/9staedte.de\/pl\/wp-json\/wp\/v2\/pages\/17235\/revisions"}],"predecessor-version":[{"id":19922,"href":"https:\/\/9staedte.de\/pl\/wp-json\/wp\/v2\/pages\/17235\/revisions\/19922"}],"up":[{"embeddable":true,"href":"https:\/\/9staedte.de\/pl\/wp-json\/wp\/v2\/pages\/18029"}],"wp:featuredmedia":[{"embeddable":true,"href":"https:\/\/9staedte.de\/pl\/wp-json\/wp\/v2\/media\/17246"}],"wp:attachment":[{"href":"https:\/\/9staedte.de\/pl\/wp-json\/wp\/v2\/media?parent=17235"}],"wp:term":[{"taxonomy":"category","embeddable":true,"href":"https:\/\/9staedte.de\/pl\/wp-json\/wp\/v2\/categories?post=17235"},{"taxonomy":"post_tag","embeddable":true,"href":"https:\/\/9staedte.de\/pl\/wp-json\/wp\/v2\/tags?post=17235"},{"taxonomy":"ncap_cities_tax","embeddable":true,"href":"https:\/\/9staedte.de\/pl\/wp-json\/wp\/v2\/ncap_cities_tax?post=17235"}],"curies":[{"name":"wp","href":"https:\/\/api.w.org\/{rel}","templated":true}]}}